{"id":166326,"date":"2023-06-16T11:31:43","date_gmt":"2023-06-16T11:31:43","guid":{"rendered":"http:\/\/talkpal.ai\/armenu-gramatikos-pratimai\/"},"modified":"2025-05-22T19:40:19","modified_gmt":"2025-05-22T19:40:19","slug":"armenu-gramatikos-pratimai","status":"publish","type":"page","link":"https:\/\/talkpal.ai\/lt\/armenu-gramatikos-pratimai\/","title":{"rendered":"Arm\u0117n\u0173 gramatikos pratimai"},"content":{"rendered":"\r\n\r\n\r\n<section class=\"languageChallengeSection\">\r\n    <div class=\"languageInfoWrapper\">\r\n        \r\n        <h1>Arm\u0117n\u0173 gramatikos pratimai<\/h1>\r\n        <p>Susipa\u017einkime su <a href=\"https:\/\/talkpal.ai\/learn-armenian\/\">arm\u0117n\u0173<\/a> <a href=\"https:\/\/talkpal.ai\/what-language-is-spoken-on-the-international-space-station\/\">kalbos<\/a> gramatika, atlikdami lengvus ir smagius pratimus! \u0160ie u\u017esi\u0117mimai pad\u0117s \u012fsisavinti pagrindinius dalykus ir puikiai prad\u0117s j\u016bs\u0173 mokymosi kelion\u0119.<\/p>\r\n\r\n                            <a class=\"getStartedHidden\" href=\"https:\/\/app.talkpal.ai\/lt\/signup?lng=\">Prad\u0117k<\/a>\r\n        \r\n    <\/div>\r\n\r\n    <figure>\r\n    <img decoding=\"async\" width=\"768\" height=\"768\" src=\"https:\/\/talkpal.ai\/wp-content\/uploads\/2023\/06\/armenian-768x768.png\" class=\"languageImage no-lazy\" alt=\"Language learning for higher cognition\" fetchpriority=\"high\" sizes=\"(max-width: 768px) 150px, 768px\" srcset=\"https:\/\/talkpal.ai\/wp-content\/uploads\/2023\/06\/armenian-768x768.png 768w, https:\/\/talkpal.ai\/wp-content\/uploads\/2023\/06\/armenian-300x300.png 300w\" \/>\r\n    \r\n\r\n    <\/figure>\r\n\r\n            <a class=\"getStartedVisible\" href=\"https:\/\/app.talkpal.ai\/lt\/signup?lng=\">Prad\u0117k<\/a>\r\n    \r\n<\/section>\r\n\r\n\r\n<!-- <section class=\"grammarSection\">\r\n    <div class=\"grammarLinks\">\r\n            <\/div>\r\n<\/section> -->\r\n\r\n\r\n\r\n\r\n<section class=\"promotionalBanner\">\r\n    <p class=\"promotionalText\">Efektyviausias b\u016bdas mokytis kalbos<\/p>\r\n    <a class=\"promotionalLink\" href=\"https:\/\/app.talkpal.ai\/lt\/signup?lng=\">I\u0161bandykite Talkpal &#8221; nemokamai<\/a>\r\n<\/section>\n<div class=\"wp-block-group pageContainerStyle\"><div class=\"wp-block-group__inner-container is-layout-constrained wp-block-group-is-layout-constrained\">\n<h2 class=\"wp-block-heading\" id=\"h-armenian-grammar-topics\">Arm\u0117n\u0173 gramatikos temos<\/h2>\n\n\n\n<p>Arm\u0117n\u0173 kalba yra indoeuropie\u010di\u0173 kalba, kuria daugiausia kalbama Arm\u0117nijos Respublikoje ir arm\u0117n\u0173 diasporoje visame pasaulyje. Tur\u0117dama ilg\u0105 istorij\u0105 ir unikali\u0105 ra\u0161ymo sistem\u0105, arm\u0117n\u0173 kalba si\u016blo \u012fdomi\u0105 kalbin\u0119 patirt\u012f besimokantiems kalb\u0173. Kaip ir bet kuriai kalbai, gramatikos supratimas yra esmin\u0117 arm\u0117n\u0173 kalbos \u012fsisavinimo dalis. \u0160iame vadove pateikiama pagrindini\u0173 arm\u0117n\u0173 kalbos gramatikos tem\u0173 ap\u017evalga, pad\u0117sianti \u012fgyti tvirt\u0105 kalbos pagrind\u0105. Laikydamiesi si\u016blomos tem\u0173 sekos, gal\u0117site efektyviau ir efektyviau mokytis arm\u0117n\u0173 kalbos.<\/p>\n\n\n\n<h3 class=\"wp-block-heading\" id=\"h-1-nouns\">1. Daiktavard\u017eiai:<\/h3>\n\n\n\n<p>Prad\u0117kite savo arm\u0117n\u0173 gramatikos kelion\u0119 su daiktavard\u017eiais, bet kurios kalbos pagrindu. Su\u017einokite apie arm\u0117n\u0173 daiktavard\u017ei\u0173 klases (\u012fprastas ir tinkamas), declension ir atvejus (nominacinis, genitive, dative, akustinis, abliatyvus, instrumentinis ir lokacinis). Supratimas, kaip daiktavard\u017eiai veikia arm\u0117n\u0173 kalba, suteiks tvirt\u0105 pagrind\u0105 sakini\u0173 k\u016brimui.<\/p>\n\n\n\n<h3 class=\"wp-block-heading\" id=\"h-2-articles\">2. Straipsniai:<\/h3>\n\n\n\n<p>Arm\u0117n\u0173 kalba turi ai\u0161kius ir neribotus straipsnius, pana\u0161ius \u012f <a href=\"https:\/\/talkpal.ai\/learn-english-with-ai\/\">angl\u0173<\/a> kalb\u0105. Su\u017einokite, kaip juos teisingai naudoti su daiktavard\u017eiais, kad nurodytum\u0117te specifi\u0161kum\u0105 ir sukurtum\u0117te nuoseklius sakinius.<\/p>\n\n\n\n<h3 class=\"wp-block-heading\" id=\"h-3-adjectives\">3. B\u016bdvard\u017eiai:<\/h3>\n\n\n\n<p>B\u016bdvard\u017eiai yra b\u016btini daiktavard\u017eiams apib\u016bdinti. I\u0161nagrin\u0117kite b\u016bdvard\u017ei\u0173 naudojimo arm\u0117n\u0173 kalba taisykles, \u012fskaitant susitarim\u0105 su daiktavard\u017eiais lytimi, skai\u010diumi ir atveju.<\/p>\n\n\n\n<h3 class=\"wp-block-heading\" id=\"h-4-pronouns-determiners\">4. \u012evard\u017eiai\/determinantai:<\/h3>\n\n\n\n<p>\u012evard\u017eiai pakei\u010dia daiktavard\u017eius sakiniuose, o determinantai juos nurodo ir kiekybi\u0161kai \u012fvertina. Su\u017einokite apie \u012fvairi\u0173 tip\u0173 \u012fvard\u017eius (asmeninius, savininkinius, demonstratyvius, santykinius, klausiamuosius, refleksyvius) ir determinantus arm\u0117n\u0173 kalba ir j\u0173 vartojim\u0105.<\/p>\n\n\n\n<h3 class=\"wp-block-heading\" id=\"h-5-verbs\">5. Veiksma\u017eod\u017eiai:<\/h3>\n\n\n\n<p>Veiksma\u017eod\u017eiai yra kalbos veiksmo \u017eod\u017eiai. Susipa\u017einkite su arm\u0117n\u0173 veiksma\u017eod\u017ei\u0173 konjugacija, reguliariais ir netaisyklingais veiksma\u017eod\u017eiais bei skirtingomis veiksma\u017eod\u017ei\u0173 formomis (begalin\u0117mis, imperatyviomis, subjunkcin\u0117mis).<\/p>\n\n\n\n<h3 class=\"wp-block-heading\" id=\"h-6-tenses\">6. Laikai:<\/h3>\n\n\n\n<p>Arm\u0117n\u0173 kalba turi keturis veiksma\u017eod\u017ei\u0173 laikus: dabart\u012f, praeit\u012f, ateit\u012f ir aorist\u0105. I\u0161nagrin\u0117kite kiekvieno laiko formavim\u0105si ir vartojim\u0105, taip pat paprastosios ir t\u0119stin\u0117s form\u0173 skirtumus.<\/p>\n\n\n\n<h3 class=\"wp-block-heading\" id=\"h-7-tense-comparison\">7. \u012etemptas palyginimas:<\/h3>\n\n\n\n<p>Norint efektyviai bendrauti, b\u016btina suprasti skirting\u0173 laik\u0173 niuansus. Su\u017einokite, kaip palyginti ir sugretinti arm\u0117n\u0173 laikus, kad tiksliai perteiktum\u0117te numatyt\u0105 prasm\u0119.<\/p>\n\n\n\n<h3 class=\"wp-block-heading\" id=\"h-8-progressive\">8. Progresyvus:<\/h3>\n\n\n\n<p>Progresyvus aspektas arm\u0117n\u0173 kalba rodo vykstan\u010dius veiksmus. Su\u017einokite, kaip formuoti ir naudoti progresyv\u0173j\u012f aspekt\u0105 skirtingais laikais.<\/p>\n\n\n\n<h3 class=\"wp-block-heading\" id=\"h-9-perfect-progressive\">9. Tobulas progresyvus:<\/h3>\n\n\n\n<p>Tobulas progresyvus sujungia tobulus ir progresyvius aspektus, nurodydamas veiksm\u0105, kuris prasid\u0117jo praeityje ir t\u0119siasi dabartyje. Su\u017einokite apie jo formavim\u0105si ir naudojim\u0105 arm\u0117n\u0173 kalba.<\/p>\n\n\n\n<h3 class=\"wp-block-heading\" id=\"h-10-adverbs\">10. Prieveiksmiai:<\/h3>\n\n\n\n<p>Prieveiksmiai modifikuoja veiksma\u017eod\u017eius, b\u016bdvard\u017eius ir kitus prieveiksmius, suteikdami papildomos informacijos apie veiksmus ar savybes. I\u0161nagrin\u0117kite skirtingus adverb\u0173 tipus arm\u0117n\u0173 kalba ir j\u0173 i\u0161d\u0117stym\u0105 sakiniuose.<\/p>\n\n\n\n<h3 class=\"wp-block-heading\" id=\"h-11-prepositions\">11. Prielinksniai:<\/h3>\n\n\n\n<p>Prielinksniai arm\u0117n\u0173 kalba yra b\u016btini norint nurodyti ry\u0161ius tarp \u017eod\u017ei\u0173, toki\u0173 kaip vieta, kryptis, laikas ir prie\u017eastis. Su\u017einokite da\u017eniausiai pasitaikan\u010dius arm\u0117n\u0173 prielinksnius ir j\u0173 vartojim\u0105.<\/p>\n\n\n\n<h3 class=\"wp-block-heading\" id=\"h-12-conditionals\">12. S\u0105lygos:<\/h3>\n\n\n\n<p>S\u0105lygos i\u0161rei\u0161kia hipotetines situacijas ir galimas j\u0173 pasekmes. I\u0161nagrin\u0117kite \u012fvairi\u0173 tip\u0173 s\u0105lygas arm\u0117n\u0173 kalba (nulis, pirmas, antras ir tre\u010dias) ir j\u0173 atitinkamas veiksma\u017eod\u017ei\u0173 formas.<\/p>\n\n\n\n<h3 class=\"wp-block-heading\" id=\"h-13-sentences\">13. Sakiniai:<\/h3>\n\n\n\n<p>Galiausiai sujunkite visus gramatikos elementus, kad sudarytum\u0117te pilnus sakinius arm\u0117n\u0173 kalba. Su\u017einokite apie skirtingas sakini\u0173 strukt\u016bras, \u017eod\u017ei\u0173 tvark\u0105 ir skyrybos taisykles.<\/p>\n<\/div><\/div>\n\r\n<section class=\"learnNavigationSection\">\r\n            \r\n        <a href=\"https:\/\/talkpal.ai\/lt\/suzinokite-armenu-kalba\/\">\r\n            <div class=\"learnNavigationWrapper\">\r\n                <div class=\"learnNavigationContent\">\r\n                    <img decoding=\"async\" src=\"https:\/\/talkpal.ai\/wp-content\/uploads\/2024\/08\/Armenian.jpg\" alt=\"Armenian Flag\">\r\n                    <div>\r\n                        <h4>Apie arm\u0117n\u0173 kalbos mokym\u0105si<\/h4>\r\n                        <p>Su\u017einokite visk\u0105 apie arm\u0117n\u0173 kalbos gramatik\u0105.<\/p>\r\n                    <\/div>\r\n                <\/div>\r\n            <\/div>\r\n        <\/a>\r\n\r\n        \r\n        <a href=\"https:\/\/talkpal.ai\/lt\/armenu-gramatika\/\">\r\n            <div class=\"learnNavigationWrapper\">\r\n                <div class=\"learnNavigationContent\">\r\n                    <img decoding=\"async\" src=\"https:\/\/talkpal.ai\/wp-content\/uploads\/2024\/08\/Armenian.jpg\" alt=\"Armenian Flag\">\r\n                    <div>\r\n                        <h4>Arm\u0117n\u0173 gramatikos pamokos<\/h4>\r\n                        <p>Praktikuokite arm\u0117n\u0173 gramatik\u0105.<\/p>\r\n                    <\/div>\r\n                <\/div>\r\n            <\/div>\r\n        <\/a>\r\n\r\n        \r\n        <a href=\"https:\/\/talkpal.ai\/vocabulary_language\/armenian\/\">\r\n            <div class=\"learnNavigationWrapper\">\r\n                <div class=\"learnNavigationContent\">\r\n                    <img decoding=\"async\" src=\"https:\/\/talkpal.ai\/wp-content\/uploads\/2024\/08\/Armenian.jpg\" alt=\"Armenian Flag\">\r\n                    <div>\r\n                        <h4>Arm\u0117n\u0173 kalbos \u017eodynas<\/h4>\r\n                        <p>Prapl\u0117skite savo arm\u0117n\u0173 kalbos \u017eodyn\u0105.<\/p>\r\n                    <\/div>\r\n                <\/div>\r\n            <\/div>\r\n        <\/a>\r\n\r\n            <\/section>","protected":false},"excerpt":{"rendered":"<p>Arm\u0117n\u0173 gramatikos temos Arm\u0117n\u0173 kalba yra indoeuropie\u010di\u0173 kalba, kuria daugiausia kalbama Arm\u0117nijos Respublikoje ir arm\u0117n\u0173 diasporoje visame pasaulyje. Tur\u0117dama ilg\u0105 istorij\u0105 ir unikali\u0105 ra\u0161ymo sistem\u0105, arm\u0117n\u0173 kalba si\u016blo \u012fdomi\u0105 kalbin\u0119 patirt\u012f besimokantiems kalb\u0173. Kaip ir bet kuriai kalbai, gramatikos supratimas yra esmin\u0117 arm\u0117n\u0173 kalbos \u012fsisavinimo dalis. \u0160iame vadove pateikiama pagrindini\u0173 arm\u0117n\u0173 kalbos gramatikos tem\u0173 ap\u017evalga, [&hellip;]<\/p>\n","protected":false},"author":6,"featured_media":109089,"parent":0,"menu_order":0,"comment_status":"closed","ping_status":"closed","template":"LearningContentPage.php","meta":{"_acf_changed":false,"footnotes":""},"class_list":["post-166326","page","type-page","status-publish","has-post-thumbnail","hentry"],"acf":[],"yoast_head":"<!-- This site is optimized with the Yoast SEO Premium plugin v27.2 (Yoast SEO v27.2) - https:\/\/yoast.com\/product\/yoast-seo-premium-wordpress\/ -->\n<title>Arm\u0117n\u0173 gramatikos pratimai - Talkpal<\/title>\n<meta name=\"description\" content=\"\u012evaldykite arm\u0117n\u0173 kalbos gramatik\u0105 su \u012ftraukian\u010diais arm\u0117n\u0173 kalbos gramatikos pratimais, kuriuos pareng\u0117 Talkpal, j\u016bs\u0173 dirbtinio intelekto valdomas kalbos korepetitorius.\" \/>\n<meta name=\"robots\" content=\"index, follow, max-snippet:-1, max-image-preview:large, max-video-preview:-1\" \/>\n<link rel=\"canonical\" href=\"https:\/\/talkpal.ai\/lt\/armenu-gramatikos-pratimai\/\" \/>\n<meta property=\"og:locale\" content=\"lt_LT\" \/>\n<meta property=\"og:type\" content=\"article\" \/>\n<meta property=\"og:title\" content=\"Arm\u0117n\u0173 gramatikos pratimai\" \/>\n<meta property=\"og:description\" content=\"Arm\u0117n\u0173 gramatikos temos Arm\u0117n\u0173 kalba yra indoeuropie\u010di\u0173 kalba, kuria daugiausia kalbama Arm\u0117nijos Respublikoje ir arm\u0117n\u0173 diasporoje visame pasaulyje.\" \/>\n<meta property=\"og:url\" content=\"https:\/\/talkpal.ai\/lt\/armenu-gramatikos-pratimai\/\" \/>\n<meta property=\"og:site_name\" content=\"Talkpal\" \/>\n<meta property=\"article:publisher\" content=\"https:\/\/www.facebook.com\/profile.php?id=100090733639311\" \/>\n<meta property=\"article:modified_time\" content=\"2025-05-22T19:40:19+00:00\" \/>\n<meta property=\"og:image\" content=\"https:\/\/talkpal.ai\/wp-content\/uploads\/2023\/05\/armenia.png\" \/>\n\t<meta property=\"og:image:width\" content=\"512\" \/>\n\t<meta property=\"og:image:height\" content=\"512\" \/>\n\t<meta property=\"og:image:type\" content=\"image\/png\" \/>\n<meta name=\"twitter:card\" content=\"summary_large_image\" \/>\n<meta name=\"twitter:site\" content=\"@talkpalai\" \/>\n<meta name=\"twitter:label1\" content=\"Est. reading time\" \/>\n\t<meta name=\"twitter:data1\" content=\"3 minut\u0117s\" \/>\n<script type=\"application\/ld+json\" class=\"yoast-schema-graph\">{\"@context\":\"https:\/\/schema.org\",\"@graph\":[{\"@type\":\"WebPage\",\"@id\":\"https:\/\/talkpal.ai\/lt\/armenu-gramatikos-pratimai\/\",\"url\":\"https:\/\/talkpal.ai\/lt\/armenu-gramatikos-pratimai\/\",\"name\":\"Arm\u0117n\u0173 gramatikos pratimai - Talkpal\",\"isPartOf\":{\"@id\":\"https:\/\/talkpal.ai\/lt\/#website\"},\"primaryImageOfPage\":{\"@id\":\"https:\/\/talkpal.ai\/lt\/armenu-gramatikos-pratimai\/#primaryimage\"},\"image\":{\"@id\":\"https:\/\/talkpal.ai\/lt\/armenu-gramatikos-pratimai\/#primaryimage\"},\"thumbnailUrl\":\"https:\/\/talkpal.ai\/wp-content\/uploads\/2023\/05\/armenia.png\",\"datePublished\":\"2023-06-16T11:31:43+00:00\",\"dateModified\":\"2025-05-22T19:40:19+00:00\",\"description\":\"\u012evaldykite arm\u0117n\u0173 kalbos gramatik\u0105 su \u012ftraukian\u010diais arm\u0117n\u0173 kalbos gramatikos pratimais, kuriuos pareng\u0117 Talkpal, j\u016bs\u0173 dirbtinio intelekto valdomas kalbos korepetitorius.\",\"breadcrumb\":{\"@id\":\"https:\/\/talkpal.ai\/lt\/armenu-gramatikos-pratimai\/#breadcrumb\"},\"inLanguage\":\"lt-LT\",\"potentialAction\":[{\"@type\":\"ReadAction\",\"target\":[\"https:\/\/talkpal.ai\/lt\/armenu-gramatikos-pratimai\/\"]}]},{\"@type\":\"ImageObject\",\"inLanguage\":\"lt-LT\",\"@id\":\"https:\/\/talkpal.ai\/lt\/armenu-gramatikos-pratimai\/#primaryimage\",\"url\":\"https:\/\/talkpal.ai\/wp-content\/uploads\/2023\/05\/armenia.png\",\"contentUrl\":\"https:\/\/talkpal.ai\/wp-content\/uploads\/2023\/05\/armenia.png\",\"width\":512,\"height\":512},{\"@type\":\"BreadcrumbList\",\"@id\":\"https:\/\/talkpal.ai\/lt\/armenu-gramatikos-pratimai\/#breadcrumb\",\"itemListElement\":[{\"@type\":\"ListItem\",\"position\":1,\"name\":\"Homepage\",\"item\":\"https:\/\/talkpal.ai\/lt\/\"},{\"@type\":\"ListItem\",\"position\":2,\"name\":\"Arm\u0117n\u0173 gramatikos pratimai\"}]},{\"@type\":\"WebSite\",\"@id\":\"https:\/\/talkpal.ai\/lt\/#website\",\"url\":\"https:\/\/talkpal.ai\/lt\/\",\"name\":\"Talkpal\",\"description\":\"AI Language Learning\",\"publisher\":{\"@id\":\"https:\/\/talkpal.ai\/lt\/#organization\"},\"alternateName\":\"Talkpal AI\",\"potentialAction\":[{\"@type\":\"SearchAction\",\"target\":{\"@type\":\"EntryPoint\",\"urlTemplate\":\"https:\/\/talkpal.ai\/lt\/?s={search_term_string}\"},\"query-input\":{\"@type\":\"PropertyValueSpecification\",\"valueRequired\":true,\"valueName\":\"search_term_string\"}}],\"inLanguage\":\"lt-LT\"},{\"@type\":\"Organization\",\"@id\":\"https:\/\/talkpal.ai\/lt\/#organization\",\"name\":\"Talkpal, Inc.\",\"alternateName\":\"Talkpal AI\",\"url\":\"https:\/\/talkpal.ai\/lt\/\",\"logo\":{\"@type\":\"ImageObject\",\"inLanguage\":\"lt-LT\",\"@id\":\"https:\/\/talkpal.ai\/lt\/#\/schema\/logo\/image\/\",\"url\":\"https:\/\/talkpal.ai\/wp-content\/uploads\/2024\/03\/Talkpal-Logo-Icon.png\",\"contentUrl\":\"https:\/\/talkpal.ai\/wp-content\/uploads\/2024\/03\/Talkpal-Logo-Icon.png\",\"width\":2880,\"height\":2880,\"caption\":\"Talkpal, Inc.\"},\"image\":{\"@id\":\"https:\/\/talkpal.ai\/lt\/#\/schema\/logo\/image\/\"},\"sameAs\":[\"https:\/\/www.facebook.com\/profile.php?id=100090733639311\",\"https:\/\/x.com\/talkpalai\",\"https:\/\/www.linkedin.com\/company\/talkpal\/\",\"https:\/\/www.youtube.com\/@TalkPal\/\",\"https:\/\/www.tiktok.com\/@talkpal\",\"https:\/\/www.instagram.com\/talkpal_ai\/\",\"https:\/\/www.crunchbase.com\/organization\/talkpal-9cde\",\"https:\/\/www.g2.com\/products\/talkpal-for-business\/\",\"https:\/\/www.trustpilot.com\/review\/talkpal.ai\",\"https:\/\/www.capterra.com\/p\/10006800\/TalkPal\/\"],\"description\":\"Talkpal is a language learning web and mobile education app, powered by the latest AI technologies, that provides engaging experiences to its customers in many different languages to help them improve their language skills. Users can chat about unlimited amount of topics with the app and use other modes to practice their language learning.\",\"email\":\"support@talkpal.ai\",\"legalName\":\"Talkpal, Inc.\",\"foundingDate\":\"2023-04-03\",\"duns\":\"118989042\",\"numberOfEmployees\":{\"@type\":\"QuantitativeValue\",\"minValue\":\"11\",\"maxValue\":\"50\"},\"publishingPrinciples\":\"https:\/\/talkpal.ai\/publishing-principles\/\",\"actionableFeedbackPolicy\":\"https:\/\/talkpal.ai\/actionable-feedback-policy\/\",\"correctionsPolicy\":\"https:\/\/talkpal.ai\/corrections-policy\/\",\"ethicsPolicy\":\"https:\/\/talkpal.ai\/ethics-policy\/\",\"diversityPolicy\":\"https:\/\/talkpal.ai\/diversity-policy\/\",\"diversityStaffingReport\":\"https:\/\/talkpal.ai\/diversity-policy\/\"}]}<\/script>\n<!-- \/ Yoast SEO Premium plugin. -->","yoast_head_json":{"title":"Arm\u0117n\u0173 gramatikos pratimai - Talkpal","description":"\u012evaldykite arm\u0117n\u0173 kalbos gramatik\u0105 su \u012ftraukian\u010diais arm\u0117n\u0173 kalbos gramatikos pratimais, kuriuos pareng\u0117 Talkpal, j\u016bs\u0173 dirbtinio intelekto valdomas kalbos korepetitorius.","robots":{"index":"index","follow":"follow","max-snippet":"max-snippet:-1","max-image-preview":"max-image-preview:large","max-video-preview":"max-video-preview:-1"},"canonical":"https:\/\/talkpal.ai\/lt\/armenu-gramatikos-pratimai\/","og_locale":"lt_LT","og_type":"article","og_title":"Arm\u0117n\u0173 gramatikos pratimai","og_description":"Arm\u0117n\u0173 gramatikos temos Arm\u0117n\u0173 kalba yra indoeuropie\u010di\u0173 kalba, kuria daugiausia kalbama Arm\u0117nijos Respublikoje ir arm\u0117n\u0173 diasporoje visame pasaulyje.","og_url":"https:\/\/talkpal.ai\/lt\/armenu-gramatikos-pratimai\/","og_site_name":"Talkpal","article_publisher":"https:\/\/www.facebook.com\/profile.php?id=100090733639311","article_modified_time":"2025-05-22T19:40:19+00:00","og_image":[{"width":512,"height":512,"url":"https:\/\/talkpal.ai\/wp-content\/uploads\/2023\/05\/armenia.png","type":"image\/png"}],"twitter_card":"summary_large_image","twitter_site":"@talkpalai","twitter_misc":{"Est. reading time":"3 minut\u0117s"},"schema":{"@context":"https:\/\/schema.org","@graph":[{"@type":"WebPage","@id":"https:\/\/talkpal.ai\/lt\/armenu-gramatikos-pratimai\/","url":"https:\/\/talkpal.ai\/lt\/armenu-gramatikos-pratimai\/","name":"Arm\u0117n\u0173 gramatikos pratimai - Talkpal","isPartOf":{"@id":"https:\/\/talkpal.ai\/lt\/#website"},"primaryImageOfPage":{"@id":"https:\/\/talkpal.ai\/lt\/armenu-gramatikos-pratimai\/#primaryimage"},"image":{"@id":"https:\/\/talkpal.ai\/lt\/armenu-gramatikos-pratimai\/#primaryimage"},"thumbnailUrl":"https:\/\/talkpal.ai\/wp-content\/uploads\/2023\/05\/armenia.png","datePublished":"2023-06-16T11:31:43+00:00","dateModified":"2025-05-22T19:40:19+00:00","description":"\u012evaldykite arm\u0117n\u0173 kalbos gramatik\u0105 su \u012ftraukian\u010diais arm\u0117n\u0173 kalbos gramatikos pratimais, kuriuos pareng\u0117 Talkpal, j\u016bs\u0173 dirbtinio intelekto valdomas kalbos korepetitorius.","breadcrumb":{"@id":"https:\/\/talkpal.ai\/lt\/armenu-gramatikos-pratimai\/#breadcrumb"},"inLanguage":"lt-LT","potentialAction":[{"@type":"ReadAction","target":["https:\/\/talkpal.ai\/lt\/armenu-gramatikos-pratimai\/"]}]},{"@type":"ImageObject","inLanguage":"lt-LT","@id":"https:\/\/talkpal.ai\/lt\/armenu-gramatikos-pratimai\/#primaryimage","url":"https:\/\/talkpal.ai\/wp-content\/uploads\/2023\/05\/armenia.png","contentUrl":"https:\/\/talkpal.ai\/wp-content\/uploads\/2023\/05\/armenia.png","width":512,"height":512},{"@type":"BreadcrumbList","@id":"https:\/\/talkpal.ai\/lt\/armenu-gramatikos-pratimai\/#breadcrumb","itemListElement":[{"@type":"ListItem","position":1,"name":"Homepage","item":"https:\/\/talkpal.ai\/lt\/"},{"@type":"ListItem","position":2,"name":"Arm\u0117n\u0173 gramatikos pratimai"}]},{"@type":"WebSite","@id":"https:\/\/talkpal.ai\/lt\/#website","url":"https:\/\/talkpal.ai\/lt\/","name":"Talkpal","description":"AI Language Learning","publisher":{"@id":"https:\/\/talkpal.ai\/lt\/#organization"},"alternateName":"Talkpal AI","potentialAction":[{"@type":"SearchAction","target":{"@type":"EntryPoint","urlTemplate":"https:\/\/talkpal.ai\/lt\/?s={search_term_string}"},"query-input":{"@type":"PropertyValueSpecification","valueRequired":true,"valueName":"search_term_string"}}],"inLanguage":"lt-LT"},{"@type":"Organization","@id":"https:\/\/talkpal.ai\/lt\/#organization","name":"Talkpal, Inc.","alternateName":"Talkpal AI","url":"https:\/\/talkpal.ai\/lt\/","logo":{"@type":"ImageObject","inLanguage":"lt-LT","@id":"https:\/\/talkpal.ai\/lt\/#\/schema\/logo\/image\/","url":"https:\/\/talkpal.ai\/wp-content\/uploads\/2024\/03\/Talkpal-Logo-Icon.png","contentUrl":"https:\/\/talkpal.ai\/wp-content\/uploads\/2024\/03\/Talkpal-Logo-Icon.png","width":2880,"height":2880,"caption":"Talkpal, Inc."},"image":{"@id":"https:\/\/talkpal.ai\/lt\/#\/schema\/logo\/image\/"},"sameAs":["https:\/\/www.facebook.com\/profile.php?id=100090733639311","https:\/\/x.com\/talkpalai","https:\/\/www.linkedin.com\/company\/talkpal\/","https:\/\/www.youtube.com\/@TalkPal\/","https:\/\/www.tiktok.com\/@talkpal","https:\/\/www.instagram.com\/talkpal_ai\/","https:\/\/www.crunchbase.com\/organization\/talkpal-9cde","https:\/\/www.g2.com\/products\/talkpal-for-business\/","https:\/\/www.trustpilot.com\/review\/talkpal.ai","https:\/\/www.capterra.com\/p\/10006800\/TalkPal\/"],"description":"Talkpal is a language learning web and mobile education app, powered by the latest AI technologies, that provides engaging experiences to its customers in many different languages to help them improve their language skills. Users can chat about unlimited amount of topics with the app and use other modes to practice their language learning.","email":"support@talkpal.ai","legalName":"Talkpal, Inc.","foundingDate":"2023-04-03","duns":"118989042","numberOfEmployees":{"@type":"QuantitativeValue","minValue":"11","maxValue":"50"},"publishingPrinciples":"https:\/\/talkpal.ai\/publishing-principles\/","actionableFeedbackPolicy":"https:\/\/talkpal.ai\/actionable-feedback-policy\/","correctionsPolicy":"https:\/\/talkpal.ai\/corrections-policy\/","ethicsPolicy":"https:\/\/talkpal.ai\/ethics-policy\/","diversityPolicy":"https:\/\/talkpal.ai\/diversity-policy\/","diversityStaffingReport":"https:\/\/talkpal.ai\/diversity-policy\/"}]}},"_links":{"self":[{"href":"https:\/\/talkpal.ai\/lt\/wp-json\/wp\/v2\/pages\/166326","targetHints":{"allow":["GET"]}}],"collection":[{"href":"https:\/\/talkpal.ai\/lt\/wp-json\/wp\/v2\/pages"}],"about":[{"href":"https:\/\/talkpal.ai\/lt\/wp-json\/wp\/v2\/types\/page"}],"author":[{"embeddable":true,"href":"https:\/\/talkpal.ai\/lt\/wp-json\/wp\/v2\/users\/6"}],"replies":[{"embeddable":true,"href":"https:\/\/talkpal.ai\/lt\/wp-json\/wp\/v2\/comments?post=166326"}],"version-history":[{"count":0,"href":"https:\/\/talkpal.ai\/lt\/wp-json\/wp\/v2\/pages\/166326\/revisions"}],"wp:featuredmedia":[{"embeddable":true,"href":"https:\/\/talkpal.ai\/lt\/wp-json\/wp\/v2\/media\/109089"}],"wp:attachment":[{"href":"https:\/\/talkpal.ai\/lt\/wp-json\/wp\/v2\/media?parent=166326"}],"curies":[{"name":"wp","href":"https:\/\/api.w.org\/{rel}","templated":true}]}}