{"id":166083,"date":"2023-06-16T11:38:32","date_gmt":"2023-06-16T11:38:32","guid":{"rendered":"http:\/\/talkpal.ai\/azerbaidzano-gramatikos-pratimai\/"},"modified":"2025-05-22T21:35:20","modified_gmt":"2025-05-22T21:35:20","slug":"azerbaidzano-gramatikos-pratimai","status":"publish","type":"page","link":"https:\/\/talkpal.ai\/lt\/azerbaidzano-gramatikos-pratimai\/","title":{"rendered":"Azerbaid\u017eano gramatikos pratimai"},"content":{"rendered":"\r\n\r\n\r\n<section class=\"languageChallengeSection\">\r\n    <div class=\"languageInfoWrapper\">\r\n        \r\n        <h1>Azerbaid\u017eano gramatikos pratimai<\/h1>\r\n        <p>Norite patobulinti <a href=\"https:\/\/talkpal.ai\/learn-azerbaijani\/\">azerbaid\u017eanie\u010di\u0173<\/a> <a href=\"https:\/\/talkpal.ai\/what-language-is-spoken-on-the-international-space-station\/\">kalbos<\/a> \u012fg\u016bd\u017eius? Gramatikos pratimai &#8211; puikus b\u016bdas suprasti sakinio strukt\u016br\u0105, veiksma\u017eod\u017ei\u0173 gal\u016bnes ir kalbos unikalum\u0105 lemian\u010dius d\u0117sningumus. Prad\u0117kite mokytis <a href=\"https:\/\/talkpal.ai\/learn-azerbaijani\/\">azerbaid\u017eanie\u010di\u0173<\/a> kalbos gramatikos \u0161iandien ir steb\u0117kite, kaip su kiekvienu \u017eingsniu auga j\u016bs\u0173 pasitik\u0117jimas savimi ir sklandus kalb\u0117jimas!<\/p>\r\n\r\n                            <a class=\"getStartedHidden\" href=\"https:\/\/app.talkpal.ai\/lt\/signup?lng=\">Prad\u0117k<\/a>\r\n        \r\n    <\/div>\r\n\r\n    <figure>\r\n    <img decoding=\"async\" width=\"768\" height=\"768\" src=\"https:\/\/talkpal.ai\/wp-content\/uploads\/2023\/06\/azerbaijani-768x768.png\" class=\"languageImage no-lazy\" alt=\"Language learning for enhanced cognitive skills\" fetchpriority=\"high\" sizes=\"(max-width: 768px) 150px, 768px\" srcset=\"https:\/\/talkpal.ai\/wp-content\/uploads\/2023\/06\/azerbaijani-768x768.png 768w, https:\/\/talkpal.ai\/wp-content\/uploads\/2023\/06\/azerbaijani-300x300.png 300w\" \/>\r\n    \r\n\r\n    <\/figure>\r\n\r\n            <a class=\"getStartedVisible\" href=\"https:\/\/app.talkpal.ai\/lt\/signup?lng=\">Prad\u0117k<\/a>\r\n    \r\n<\/section>\r\n\r\n\r\n<!-- <section class=\"grammarSection\">\r\n    <div class=\"grammarLinks\">\r\n            <\/div>\r\n<\/section> -->\r\n\r\n\r\n\r\n\r\n<section class=\"promotionalBanner\">\r\n    <p class=\"promotionalText\">Efektyviausias b\u016bdas mokytis kalbos<\/p>\r\n    <a class=\"promotionalLink\" href=\"https:\/\/app.talkpal.ai\/lt\/signup?lng=\">I\u0161bandykite Talkpal &#8221; nemokamai<\/a>\r\n<\/section>\n<div class=\"wp-block-group pageContainerStyle\"><div class=\"wp-block-group__inner-container is-layout-constrained wp-block-group-is-layout-constrained\">\n<h2 class=\"wp-block-heading\" id=\"h-azerbaijani-grammar-topics\">Azerbaid\u017eano gramatikos temos<\/h2>\n\n\n\n<p>Azerbaid\u017eanie\u010di\u0173 kalba, taip pat \u017einoma kaip azerbaid\u017eanie\u010di\u0173, yra tiurk\u0173 kalba, kuria daugiausia kalbama Azerbaid\u017eane ir aplinkiniuose regionuose. <a href=\"https:\/\/talkpal.ai\/learn-thai\/\">Tai<\/a> oficiali Azerbaid\u017eano Respublikos kalba, kuria daug kalbama Irane, Turkijoje, Gruzijoje ir Rusijoje. Kaip azerbaid\u017eanie\u010di\u0173 kalbos mokinys, labai svarbu suprasti pagrindinius kalbos aspektus, tokius kaip <a href=\"https:\/\/talkpal.ai\/sq\/gramatika\/\">gramatika<\/a>, sintaks\u0117 ir \u017eodynas. \u0160iame vadove bus pateikta esmini\u0173 Azerbaid\u017eano gramatikos tem\u0173 ap\u017evalga, sugrupuota \u012f login\u0119 sek\u0105, kad gal\u0117tum\u0117te efektyviai ir lengvai i\u0161mokti kalb\u0105.<\/p>\n\n\n\n<h3 class=\"wp-block-heading\" id=\"h-1-nouns-and-articles\">1. Daiktavard\u017eiai ir straipsniai:<\/h3>\n\n\n\n<p>Azerbaid\u017eanie\u010di\u0173 kalboje daiktavard\u017eiai yra sakini\u0173 statybiniai blokai, tod\u0117l labai svarbu suprasti j\u0173 vartojim\u0105. Daiktavard\u017eiai neturi lyties ir n\u0117ra neriboto straipsnio. Ta\u010diau konkretus straipsnis pridedamas kaip daiktavard\u017eio priesaga.<\/p>\n\n\n\n<h3 class=\"wp-block-heading\" id=\"h-2-adjectives\">2. B\u016bdvard\u017eiai:<\/h3>\n\n\n\n<p>B\u016bdvard\u017eiai azerbaid\u017eanie\u010di\u0173 kalba naudojami daiktavard\u017eiams apib\u016bdinti. Jie visada eina prie\u0161 modifikuojam\u0105 daiktavard\u012f ir nekei\u010dia savo formos priklausomai nuo daiktavard\u017eio gimin\u0117s ar skai\u010diaus.<\/p>\n\n\n\n<h3 class=\"wp-block-heading\" id=\"h-3-pronouns-determiners\">3. \u012evard\u017eiai\/determinantai:<\/h3>\n\n\n\n<p>\u012evard\u017eiai vartojami daiktavard\u017eiams pakeisti, o kilmininkai &#8211; daiktavard\u017eio kiekybei ar apibr\u0117\u017etumui nurodyti. Abu yra esminiai Azerbaid\u017eano sakini\u0173 komponentai.<\/p>\n\n\n\n<h3 class=\"wp-block-heading\" id=\"h-4-verbs\">4. Veiksma\u017eod\u017eiai:<\/h3>\n\n\n\n<p>Azerbaid\u017eano veiksma\u017eod\u017eiai yra kalbos veiksmo \u017eod\u017eiai. Jie kei\u010dia savo form\u0105 priklausomai nuo \u012ftampos, nuotaikos ir balso. Veiksma\u017eod\u017ei\u0173 konjugacijos supratimas yra labai svarbus azerbaid\u017eanie\u010di\u0173 gramatikos \u012fsisavinimui.<\/p>\n\n\n\n<h3 class=\"wp-block-heading\" id=\"h-5-tenses\">5. Laikai:<\/h3>\n\n\n\n<p>Azerbaid\u017eanie\u010di\u0173 kalba turi \u0161e\u0161is laikus: esam\u0105j\u012f, b\u016bt\u0105j\u012f, b\u016bsim\u0105j\u012f, b\u016btojo kartinio, b\u016btojo kartinio ir b\u016bsimojo kartinio. Kiekviena \u012ftampa turi savo konjugacijos taisykles ir yra naudojama veiksmams ar b\u016bsenoms i\u0161reik\u0161ti skirtingu laiku.<\/p>\n\n\n\n<h3 class=\"wp-block-heading\" id=\"h-6-tense-comparison\">6. \u012etemptas palyginimas:<\/h3>\n\n\n\n<p>Azerbaid\u017eanie\u010di\u0173 laik\u0173 palyginimas padeda suprasti laiko ir veiksm\u0173 i\u0161rai\u0161kos skirtumus. Tai labai svarbus \u012fg\u016bdis efektyviam bendravimui.<\/p>\n\n\n\n<h3 class=\"wp-block-heading\" id=\"h-7-progressive\">7. Progresyvus:<\/h3>\n\n\n\n<p>Progresyvus azerbaid\u017eanie\u010di\u0173 aspektas naudojamas vykdomiems veiksmams apib\u016bdinti. Jis formuojamas naudojant pagalbinius veiksma\u017eod\u017eius ir yra b\u016btinas norint suprasti \u012fvyki\u0173 sraut\u0105 sakinyje.<\/p>\n\n\n\n<h3 class=\"wp-block-heading\" id=\"h-8-perfect-progressive\">8. Tobulas progresyvus:<\/h3>\n\n\n\n<p>Tobuli progresyv\u016bs laikai naudojami apib\u016bdinti veiksmus, kurie prasid\u0117jo praeityje ir t\u0119siasi iki dabarties ar ateities. Jie sujungia tobulus ir progresyvius aspektus ir yra b\u016btini sud\u0117tingiems veiksmams i\u0161reik\u0161ti.<\/p>\n\n\n\n<h3 class=\"wp-block-heading\" id=\"h-9-adverbs\">9. Prieveiksmiai:<\/h3>\n\n\n\n<p>Azerbaid\u017eanie\u010di\u0173 kalbos prieveiksmiai naudojami veiksma\u017eod\u017ei\u0173, b\u016bdvard\u017ei\u0173 ar kit\u0173 prieveiksmi\u0173 modifikavimui. Jie suteikia papildomos informacijos apie veiksmus ar b\u016bsenas ir yra b\u016btini kuriant tikslesnius ir apra\u0161omuosius sakinius.<\/p>\n\n\n\n<h3 class=\"wp-block-heading\" id=\"h-10-conditionals\">10. S\u0105lygos:<\/h3>\n\n\n\n<p>S\u0105lygos naudojamos hipotetin\u0117ms situacijoms ir j\u0173 galimoms pasekm\u0117ms i\u0161reik\u0161ti. Jie yra b\u016btini norint i\u0161reik\u0161ti abejones ir prognozuoti Azerbaid\u017eane.<\/p>\n\n\n\n<h3 class=\"wp-block-heading\" id=\"h-11-prepositions\">11. Prielinksniai:<\/h3>\n\n\n\n<p>Prielinksniai naudojami santykiams tarp daiktavard\u017ei\u0173 ar \u012fvard\u017ei\u0173 ir kit\u0173 \u017eod\u017ei\u0173 sakinyje parodyti. Jie yra b\u016btini norint i\u0161reik\u0161ti erdvinius, laiko ir loginius santykius azerbaid\u017eanie\u010di\u0173 kalba.<\/p>\n\n\n\n<h3 class=\"wp-block-heading\" id=\"h-12-sentences\">12. Sakiniai:<\/h3>\n\n\n\n<p>Azerbaid\u017eano sakiniai atitinka dalyko-objekto-veiksma\u017eod\u017eio (SOV) \u017eod\u017ei\u0173 tvark\u0105. Sakini\u0173 strukt\u016bros supratimas yra labai svarbus efektyviam bendravimui ir azerbaid\u017eanie\u010di\u0173 kalbos \u012fsisavinimui.<\/p>\n<\/div><\/div>\n\r\n<section class=\"learnNavigationSection\">\r\n            \r\n        <a href=\"https:\/\/talkpal.ai\/lt\/suzinokite-azerbaidzanieciu-kalba\/\">\r\n            <div class=\"learnNavigationWrapper\">\r\n                <div class=\"learnNavigationContent\">\r\n                    <img decoding=\"async\" src=\"https:\/\/talkpal.ai\/wp-content\/uploads\/2024\/08\/Azerbaijani.jpg\" alt=\"Azerbaijani Flag\">\r\n                    <div>\r\n                        <h4>Apie azerbaid\u017eanie\u010di\u0173 mokym\u0105si<\/h4>\r\n                        <p>Su\u017einokite visk\u0105 apie Azerbaid\u017eano gramatik\u0105.<\/p>\r\n                    <\/div>\r\n                <\/div>\r\n            <\/div>\r\n        <\/a>\r\n\r\n        \r\n        <a href=\"https:\/\/talkpal.ai\/lt\/azerbaidzano-gramatika\/\">\r\n            <div class=\"learnNavigationWrapper\">\r\n                <div class=\"learnNavigationContent\">\r\n                    <img decoding=\"async\" src=\"https:\/\/talkpal.ai\/wp-content\/uploads\/2024\/08\/Azerbaijani.jpg\" alt=\"Azerbaijani Flag\">\r\n                    <div>\r\n                        <h4>Azerbaid\u017eano gramatikos pamokos<\/h4>\r\n                        <p>Praktikuokite Azerbaid\u017eano gramatik\u0105.<\/p>\r\n                    <\/div>\r\n                <\/div>\r\n            <\/div>\r\n        <\/a>\r\n\r\n        \r\n        <a href=\"https:\/\/talkpal.ai\/vocabulary_language\/azerbaijani\/\">\r\n            <div class=\"learnNavigationWrapper\">\r\n                <div class=\"learnNavigationContent\">\r\n                    <img decoding=\"async\" src=\"https:\/\/talkpal.ai\/wp-content\/uploads\/2024\/08\/Azerbaijani.jpg\" alt=\"Azerbaijani Flag\">\r\n                    <div>\r\n                        <h4>Azerbaid\u017eanie\u010di\u0173 kalbos \u017eodynas<\/h4>\r\n                        <p>Prapl\u0117skite savo azerbaid\u017eanieti\u0161k\u0105 \u017eodyn\u0105.<\/p>\r\n                    <\/div>\r\n                <\/div>\r\n            <\/div>\r\n        <\/a>\r\n\r\n            <\/section>","protected":false},"excerpt":{"rendered":"<p>Azerbaid\u017eano gramatikos temos Azerbaid\u017eanie\u010di\u0173 kalba, taip pat \u017einoma kaip azerbaid\u017eanie\u010di\u0173, yra tiurk\u0173 kalba, kuria daugiausia kalbama Azerbaid\u017eane ir aplinkiniuose regionuose. Tai oficiali Azerbaid\u017eano Respublikos kalba, kuria daug kalbama Irane, Turkijoje, Gruzijoje ir Rusijoje. Kaip azerbaid\u017eanie\u010di\u0173 kalbos mokinys, labai svarbu suprasti pagrindinius kalbos aspektus, tokius kaip gramatika, sintaks\u0117 ir \u017eodynas. \u0160iame vadove bus pateikta esmini\u0173 Azerbaid\u017eano [&hellip;]<\/p>\n","protected":false},"author":6,"featured_media":109364,"parent":0,"menu_order":0,"comment_status":"closed","ping_status":"closed","template":"LearningContentPage.php","meta":{"_acf_changed":false,"footnotes":""},"class_list":["post-166083","page","type-page","status-publish","has-post-thumbnail","hentry"],"acf":[],"yoast_head":"<!-- This site is optimized with the Yoast SEO Premium plugin v27.2 (Yoast SEO v27.2) - https:\/\/yoast.com\/product\/yoast-seo-premium-wordpress\/ -->\n<title>Azerbaid\u017eano gramatikos pratimai - Talkpal<\/title>\n<meta name=\"description\" content=\"Pagerinkite savo azerbaid\u017eanie\u010di\u0173 kalbos \u012fg\u016bd\u017eius naudodami interaktyvius azerbaid\u017eanie\u010di\u0173 kalbos gramatikos pratimus i\u0161 Talkpal, j\u016bs\u0173 dirbtinio intelekto valdom\u0105 kalbos korepetitori\u0173.\" \/>\n<meta name=\"robots\" content=\"index, follow, max-snippet:-1, max-image-preview:large, max-video-preview:-1\" \/>\n<link rel=\"canonical\" href=\"https:\/\/talkpal.ai\/lt\/azerbaidzano-gramatikos-pratimai\/\" \/>\n<meta property=\"og:locale\" content=\"lt_LT\" \/>\n<meta property=\"og:type\" content=\"article\" \/>\n<meta property=\"og:title\" content=\"Azerbaid\u017eano gramatikos pratimai\" \/>\n<meta property=\"og:description\" content=\"Azerbaid\u017eano gramatikos temos Azerbaid\u017eanie\u010di\u0173 kalba, taip pat \u017einoma kaip azerbaid\u017eanie\u010di\u0173, yra tiurk\u0173 kalba, kuria daugiausia kalbama Azerbaid\u017eane ir\" \/>\n<meta property=\"og:url\" content=\"https:\/\/talkpal.ai\/lt\/azerbaidzano-gramatikos-pratimai\/\" \/>\n<meta property=\"og:site_name\" content=\"Talkpal\" \/>\n<meta property=\"article:publisher\" content=\"https:\/\/www.facebook.com\/profile.php?id=100090733639311\" \/>\n<meta property=\"article:modified_time\" content=\"2025-05-22T21:35:20+00:00\" \/>\n<meta property=\"og:image\" content=\"https:\/\/talkpal.ai\/wp-content\/uploads\/2023\/05\/azerbaijan.png\" \/>\n\t<meta property=\"og:image:width\" content=\"512\" \/>\n\t<meta property=\"og:image:height\" content=\"512\" \/>\n\t<meta property=\"og:image:type\" content=\"image\/png\" \/>\n<meta name=\"twitter:card\" content=\"summary_large_image\" \/>\n<meta name=\"twitter:site\" content=\"@talkpalai\" \/>\n<meta name=\"twitter:label1\" content=\"Est. reading time\" \/>\n\t<meta name=\"twitter:data1\" content=\"2 minut\u0117s\" \/>\n<script type=\"application\/ld+json\" class=\"yoast-schema-graph\">{\"@context\":\"https:\/\/schema.org\",\"@graph\":[{\"@type\":\"WebPage\",\"@id\":\"https:\/\/talkpal.ai\/lt\/azerbaidzano-gramatikos-pratimai\/\",\"url\":\"https:\/\/talkpal.ai\/lt\/azerbaidzano-gramatikos-pratimai\/\",\"name\":\"Azerbaid\u017eano gramatikos pratimai - Talkpal\",\"isPartOf\":{\"@id\":\"https:\/\/talkpal.ai\/lt\/#website\"},\"primaryImageOfPage\":{\"@id\":\"https:\/\/talkpal.ai\/lt\/azerbaidzano-gramatikos-pratimai\/#primaryimage\"},\"image\":{\"@id\":\"https:\/\/talkpal.ai\/lt\/azerbaidzano-gramatikos-pratimai\/#primaryimage\"},\"thumbnailUrl\":\"https:\/\/talkpal.ai\/wp-content\/uploads\/2023\/05\/azerbaijan.png\",\"datePublished\":\"2023-06-16T11:38:32+00:00\",\"dateModified\":\"2025-05-22T21:35:20+00:00\",\"description\":\"Pagerinkite savo azerbaid\u017eanie\u010di\u0173 kalbos \u012fg\u016bd\u017eius naudodami interaktyvius azerbaid\u017eanie\u010di\u0173 kalbos gramatikos pratimus i\u0161 Talkpal, j\u016bs\u0173 dirbtinio intelekto valdom\u0105 kalbos korepetitori\u0173.\",\"breadcrumb\":{\"@id\":\"https:\/\/talkpal.ai\/lt\/azerbaidzano-gramatikos-pratimai\/#breadcrumb\"},\"inLanguage\":\"lt-LT\",\"potentialAction\":[{\"@type\":\"ReadAction\",\"target\":[\"https:\/\/talkpal.ai\/lt\/azerbaidzano-gramatikos-pratimai\/\"]}]},{\"@type\":\"ImageObject\",\"inLanguage\":\"lt-LT\",\"@id\":\"https:\/\/talkpal.ai\/lt\/azerbaidzano-gramatikos-pratimai\/#primaryimage\",\"url\":\"https:\/\/talkpal.ai\/wp-content\/uploads\/2023\/05\/azerbaijan.png\",\"contentUrl\":\"https:\/\/talkpal.ai\/wp-content\/uploads\/2023\/05\/azerbaijan.png\",\"width\":512,\"height\":512},{\"@type\":\"BreadcrumbList\",\"@id\":\"https:\/\/talkpal.ai\/lt\/azerbaidzano-gramatikos-pratimai\/#breadcrumb\",\"itemListElement\":[{\"@type\":\"ListItem\",\"position\":1,\"name\":\"Homepage\",\"item\":\"https:\/\/talkpal.ai\/lt\/\"},{\"@type\":\"ListItem\",\"position\":2,\"name\":\"Azerbaid\u017eano gramatikos pratimai\"}]},{\"@type\":\"WebSite\",\"@id\":\"https:\/\/talkpal.ai\/lt\/#website\",\"url\":\"https:\/\/talkpal.ai\/lt\/\",\"name\":\"Talkpal\",\"description\":\"AI Language Learning\",\"publisher\":{\"@id\":\"https:\/\/talkpal.ai\/lt\/#organization\"},\"alternateName\":\"Talkpal AI\",\"potentialAction\":[{\"@type\":\"SearchAction\",\"target\":{\"@type\":\"EntryPoint\",\"urlTemplate\":\"https:\/\/talkpal.ai\/lt\/?s={search_term_string}\"},\"query-input\":{\"@type\":\"PropertyValueSpecification\",\"valueRequired\":true,\"valueName\":\"search_term_string\"}}],\"inLanguage\":\"lt-LT\"},{\"@type\":\"Organization\",\"@id\":\"https:\/\/talkpal.ai\/lt\/#organization\",\"name\":\"Talkpal, Inc.\",\"alternateName\":\"Talkpal AI\",\"url\":\"https:\/\/talkpal.ai\/lt\/\",\"logo\":{\"@type\":\"ImageObject\",\"inLanguage\":\"lt-LT\",\"@id\":\"https:\/\/talkpal.ai\/lt\/#\/schema\/logo\/image\/\",\"url\":\"https:\/\/talkpal.ai\/wp-content\/uploads\/2024\/03\/Talkpal-Logo-Icon.png\",\"contentUrl\":\"https:\/\/talkpal.ai\/wp-content\/uploads\/2024\/03\/Talkpal-Logo-Icon.png\",\"width\":2880,\"height\":2880,\"caption\":\"Talkpal, Inc.\"},\"image\":{\"@id\":\"https:\/\/talkpal.ai\/lt\/#\/schema\/logo\/image\/\"},\"sameAs\":[\"https:\/\/www.facebook.com\/profile.php?id=100090733639311\",\"https:\/\/x.com\/talkpalai\",\"https:\/\/www.linkedin.com\/company\/talkpal\/\",\"https:\/\/www.youtube.com\/@TalkPal\/\",\"https:\/\/www.tiktok.com\/@talkpal\",\"https:\/\/www.instagram.com\/talkpal_ai\/\",\"https:\/\/www.crunchbase.com\/organization\/talkpal-9cde\",\"https:\/\/www.g2.com\/products\/talkpal-for-business\/\",\"https:\/\/www.trustpilot.com\/review\/talkpal.ai\",\"https:\/\/www.capterra.com\/p\/10006800\/TalkPal\/\"],\"description\":\"Talkpal is a language learning web and mobile education app, powered by the latest AI technologies, that provides engaging experiences to its customers in many different languages to help them improve their language skills. Users can chat about unlimited amount of topics with the app and use other modes to practice their language learning.\",\"email\":\"support@talkpal.ai\",\"legalName\":\"Talkpal, Inc.\",\"foundingDate\":\"2023-04-03\",\"duns\":\"118989042\",\"numberOfEmployees\":{\"@type\":\"QuantitativeValue\",\"minValue\":\"11\",\"maxValue\":\"50\"},\"publishingPrinciples\":\"https:\/\/talkpal.ai\/publishing-principles\/\",\"actionableFeedbackPolicy\":\"https:\/\/talkpal.ai\/actionable-feedback-policy\/\",\"correctionsPolicy\":\"https:\/\/talkpal.ai\/corrections-policy\/\",\"ethicsPolicy\":\"https:\/\/talkpal.ai\/ethics-policy\/\",\"diversityPolicy\":\"https:\/\/talkpal.ai\/diversity-policy\/\",\"diversityStaffingReport\":\"https:\/\/talkpal.ai\/diversity-policy\/\"}]}<\/script>\n<!-- \/ Yoast SEO Premium plugin. -->","yoast_head_json":{"title":"Azerbaid\u017eano gramatikos pratimai - Talkpal","description":"Pagerinkite savo azerbaid\u017eanie\u010di\u0173 kalbos \u012fg\u016bd\u017eius naudodami interaktyvius azerbaid\u017eanie\u010di\u0173 kalbos gramatikos pratimus i\u0161 Talkpal, j\u016bs\u0173 dirbtinio intelekto valdom\u0105 kalbos korepetitori\u0173.","robots":{"index":"index","follow":"follow","max-snippet":"max-snippet:-1","max-image-preview":"max-image-preview:large","max-video-preview":"max-video-preview:-1"},"canonical":"https:\/\/talkpal.ai\/lt\/azerbaidzano-gramatikos-pratimai\/","og_locale":"lt_LT","og_type":"article","og_title":"Azerbaid\u017eano gramatikos pratimai","og_description":"Azerbaid\u017eano gramatikos temos Azerbaid\u017eanie\u010di\u0173 kalba, taip pat \u017einoma kaip azerbaid\u017eanie\u010di\u0173, yra tiurk\u0173 kalba, kuria daugiausia kalbama Azerbaid\u017eane ir","og_url":"https:\/\/talkpal.ai\/lt\/azerbaidzano-gramatikos-pratimai\/","og_site_name":"Talkpal","article_publisher":"https:\/\/www.facebook.com\/profile.php?id=100090733639311","article_modified_time":"2025-05-22T21:35:20+00:00","og_image":[{"width":512,"height":512,"url":"https:\/\/talkpal.ai\/wp-content\/uploads\/2023\/05\/azerbaijan.png","type":"image\/png"}],"twitter_card":"summary_large_image","twitter_site":"@talkpalai","twitter_misc":{"Est. reading time":"2 minut\u0117s"},"schema":{"@context":"https:\/\/schema.org","@graph":[{"@type":"WebPage","@id":"https:\/\/talkpal.ai\/lt\/azerbaidzano-gramatikos-pratimai\/","url":"https:\/\/talkpal.ai\/lt\/azerbaidzano-gramatikos-pratimai\/","name":"Azerbaid\u017eano gramatikos pratimai - Talkpal","isPartOf":{"@id":"https:\/\/talkpal.ai\/lt\/#website"},"primaryImageOfPage":{"@id":"https:\/\/talkpal.ai\/lt\/azerbaidzano-gramatikos-pratimai\/#primaryimage"},"image":{"@id":"https:\/\/talkpal.ai\/lt\/azerbaidzano-gramatikos-pratimai\/#primaryimage"},"thumbnailUrl":"https:\/\/talkpal.ai\/wp-content\/uploads\/2023\/05\/azerbaijan.png","datePublished":"2023-06-16T11:38:32+00:00","dateModified":"2025-05-22T21:35:20+00:00","description":"Pagerinkite savo azerbaid\u017eanie\u010di\u0173 kalbos \u012fg\u016bd\u017eius naudodami interaktyvius azerbaid\u017eanie\u010di\u0173 kalbos gramatikos pratimus i\u0161 Talkpal, j\u016bs\u0173 dirbtinio intelekto valdom\u0105 kalbos korepetitori\u0173.","breadcrumb":{"@id":"https:\/\/talkpal.ai\/lt\/azerbaidzano-gramatikos-pratimai\/#breadcrumb"},"inLanguage":"lt-LT","potentialAction":[{"@type":"ReadAction","target":["https:\/\/talkpal.ai\/lt\/azerbaidzano-gramatikos-pratimai\/"]}]},{"@type":"ImageObject","inLanguage":"lt-LT","@id":"https:\/\/talkpal.ai\/lt\/azerbaidzano-gramatikos-pratimai\/#primaryimage","url":"https:\/\/talkpal.ai\/wp-content\/uploads\/2023\/05\/azerbaijan.png","contentUrl":"https:\/\/talkpal.ai\/wp-content\/uploads\/2023\/05\/azerbaijan.png","width":512,"height":512},{"@type":"BreadcrumbList","@id":"https:\/\/talkpal.ai\/lt\/azerbaidzano-gramatikos-pratimai\/#breadcrumb","itemListElement":[{"@type":"ListItem","position":1,"name":"Homepage","item":"https:\/\/talkpal.ai\/lt\/"},{"@type":"ListItem","position":2,"name":"Azerbaid\u017eano gramatikos pratimai"}]},{"@type":"WebSite","@id":"https:\/\/talkpal.ai\/lt\/#website","url":"https:\/\/talkpal.ai\/lt\/","name":"Talkpal","description":"AI Language Learning","publisher":{"@id":"https:\/\/talkpal.ai\/lt\/#organization"},"alternateName":"Talkpal AI","potentialAction":[{"@type":"SearchAction","target":{"@type":"EntryPoint","urlTemplate":"https:\/\/talkpal.ai\/lt\/?s={search_term_string}"},"query-input":{"@type":"PropertyValueSpecification","valueRequired":true,"valueName":"search_term_string"}}],"inLanguage":"lt-LT"},{"@type":"Organization","@id":"https:\/\/talkpal.ai\/lt\/#organization","name":"Talkpal, Inc.","alternateName":"Talkpal AI","url":"https:\/\/talkpal.ai\/lt\/","logo":{"@type":"ImageObject","inLanguage":"lt-LT","@id":"https:\/\/talkpal.ai\/lt\/#\/schema\/logo\/image\/","url":"https:\/\/talkpal.ai\/wp-content\/uploads\/2024\/03\/Talkpal-Logo-Icon.png","contentUrl":"https:\/\/talkpal.ai\/wp-content\/uploads\/2024\/03\/Talkpal-Logo-Icon.png","width":2880,"height":2880,"caption":"Talkpal, Inc."},"image":{"@id":"https:\/\/talkpal.ai\/lt\/#\/schema\/logo\/image\/"},"sameAs":["https:\/\/www.facebook.com\/profile.php?id=100090733639311","https:\/\/x.com\/talkpalai","https:\/\/www.linkedin.com\/company\/talkpal\/","https:\/\/www.youtube.com\/@TalkPal\/","https:\/\/www.tiktok.com\/@talkpal","https:\/\/www.instagram.com\/talkpal_ai\/","https:\/\/www.crunchbase.com\/organization\/talkpal-9cde","https:\/\/www.g2.com\/products\/talkpal-for-business\/","https:\/\/www.trustpilot.com\/review\/talkpal.ai","https:\/\/www.capterra.com\/p\/10006800\/TalkPal\/"],"description":"Talkpal is a language learning web and mobile education app, powered by the latest AI technologies, that provides engaging experiences to its customers in many different languages to help them improve their language skills. Users can chat about unlimited amount of topics with the app and use other modes to practice their language learning.","email":"support@talkpal.ai","legalName":"Talkpal, Inc.","foundingDate":"2023-04-03","duns":"118989042","numberOfEmployees":{"@type":"QuantitativeValue","minValue":"11","maxValue":"50"},"publishingPrinciples":"https:\/\/talkpal.ai\/publishing-principles\/","actionableFeedbackPolicy":"https:\/\/talkpal.ai\/actionable-feedback-policy\/","correctionsPolicy":"https:\/\/talkpal.ai\/corrections-policy\/","ethicsPolicy":"https:\/\/talkpal.ai\/ethics-policy\/","diversityPolicy":"https:\/\/talkpal.ai\/diversity-policy\/","diversityStaffingReport":"https:\/\/talkpal.ai\/diversity-policy\/"}]}},"_links":{"self":[{"href":"https:\/\/talkpal.ai\/lt\/wp-json\/wp\/v2\/pages\/166083","targetHints":{"allow":["GET"]}}],"collection":[{"href":"https:\/\/talkpal.ai\/lt\/wp-json\/wp\/v2\/pages"}],"about":[{"href":"https:\/\/talkpal.ai\/lt\/wp-json\/wp\/v2\/types\/page"}],"author":[{"embeddable":true,"href":"https:\/\/talkpal.ai\/lt\/wp-json\/wp\/v2\/users\/6"}],"replies":[{"embeddable":true,"href":"https:\/\/talkpal.ai\/lt\/wp-json\/wp\/v2\/comments?post=166083"}],"version-history":[{"count":0,"href":"https:\/\/talkpal.ai\/lt\/wp-json\/wp\/v2\/pages\/166083\/revisions"}],"wp:featuredmedia":[{"embeddable":true,"href":"https:\/\/talkpal.ai\/lt\/wp-json\/wp\/v2\/media\/109364"}],"wp:attachment":[{"href":"https:\/\/talkpal.ai\/lt\/wp-json\/wp\/v2\/media?parent=166083"}],"curies":[{"name":"wp","href":"https:\/\/api.w.org\/{rel}","templated":true}]}}