{"id":165791,"date":"2023-06-16T11:55:18","date_gmt":"2023-06-16T11:55:18","guid":{"rendered":"http:\/\/talkpal.ai\/baltarusiu-kalbos-gramatikos-pratimai\/"},"modified":"2025-05-23T11:20:05","modified_gmt":"2025-05-23T11:20:05","slug":"baltarusiu-kalbos-gramatikos-pratimai","status":"publish","type":"page","link":"https:\/\/talkpal.ai\/lt\/baltarusiu-kalbos-gramatikos-pratimai\/","title":{"rendered":"Baltarusi\u0173 kalbos gramatikos pratimai"},"content":{"rendered":"\r\n\r\n\r\n<section class=\"languageChallengeSection\">\r\n    <div class=\"languageInfoWrapper\">\r\n        \r\n        <h1>Baltarusi\u0173 kalbos gramatikos pratimai<\/h1>\r\n        <p>Norite patobulinti savo baltarusi\u0173 <a href=\"https:\/\/talkpal.ai\/what-language-is-spoken-on-the-international-space-station\/\">kalbos<\/a> \u012fg\u016bd\u017eius? Gramatikos pratimai &#8211; puikus b\u016bdas \u012fsisavinti sakinio strukt\u016br\u0105, veiksma\u017eod\u017ei\u0173 formas ir i\u0161skirtines baltarusi\u0173 kalbos ypatybes. Prad\u0117kite tyrin\u0117ti baltarusi\u0173 kalbos gramatik\u0105 \u0161iandien ir steb\u0117kite, kaip su kiekvienu pratimu did\u0117ja j\u016bs\u0173 supratimas ir sklandumas!<\/p>\r\n\r\n                            <a class=\"getStartedHidden\" href=\"https:\/\/app.talkpal.ai\/lt\/signup?lng=\">Prad\u0117k<\/a>\r\n        \r\n    <\/div>\r\n\r\n    <figure>\r\n    <img decoding=\"async\" width=\"768\" height=\"768\" src=\"https:\/\/talkpal.ai\/wp-content\/uploads\/2023\/06\/belarusian-768x768.png\" class=\"languageImage no-lazy\" alt=\"Language learning for academic excellence\" fetchpriority=\"high\" sizes=\"(max-width: 768px) 150px, 768px\" srcset=\"https:\/\/talkpal.ai\/wp-content\/uploads\/2023\/06\/belarusian-768x768.png 768w, https:\/\/talkpal.ai\/wp-content\/uploads\/2023\/06\/belarusian-300x300.png 300w\" \/>\r\n    \r\n\r\n    <\/figure>\r\n\r\n            <a class=\"getStartedVisible\" href=\"https:\/\/app.talkpal.ai\/lt\/signup?lng=\">Prad\u0117k<\/a>\r\n    \r\n<\/section>\r\n\r\n\r\n<!-- <section class=\"grammarSection\">\r\n    <div class=\"grammarLinks\">\r\n            <\/div>\r\n<\/section> -->\r\n\r\n\r\n\r\n\r\n<section class=\"promotionalBanner\">\r\n    <p class=\"promotionalText\">Efektyviausias b\u016bdas mokytis kalbos<\/p>\r\n    <a class=\"promotionalLink\" href=\"https:\/\/app.talkpal.ai\/lt\/signup?lng=\">I\u0161bandykite Talkpal &#8221; nemokamai<\/a>\r\n<\/section>\n<div class=\"wp-block-group pageContainerStyle\"><div class=\"wp-block-group__inner-container is-layout-constrained wp-block-group-is-layout-constrained\">\n<h2 class=\"wp-block-heading\" id=\"h-belarusian-grammar-topics\">Baltarusi\u0173 kalbos gramatikos temos<\/h2>\n\n\n\n<p>Baltarusi\u0173 kalba yra ryt\u0173 slav\u0173 kalba, kuria Baltarusijoje daugiausia kalba apie 70% gyventoj\u0173. Kaip slav\u0173 kalba, ji turi pana\u0161um\u0173 su <a href=\"https:\/\/talkpal.ai\/learn-russian\/\">rus\u0173<\/a> ir <a href=\"https:\/\/talkpal.ai\/learn-ukrainian\/\">ukrainie\u010di\u0173<\/a> kalbomis, tod\u0117l \u0161i\u0173 kalb\u0173 kalb\u0117tojams lengviau <a href=\"https:\/\/talkpal.ai\/learn-belarusian\/\">mokytis baltarusi\u0173 kalbos<\/a>. Ta\u010diau jis turi savo unikali\u0173 savybi\u0173, o jo gramatikos <a href=\"https:\/\/talkpal.ai\/lt\/mokymasis\/\">mokymasis<\/a> gali b\u016bti naudinga patirtis kalbos entuziastams. \u0160iame straipsnyje mes i\u0161nagrin\u0117sime pagrindines baltarusi\u0173 kalbos gramatikos temas tokia seka, kuri pad\u0117s efektyviau i\u0161mokti kalb\u0105.<\/p>\n\n\n\n<h3 class=\"wp-block-heading\" id=\"h-1-nouns\">1. Daiktavard\u017eiai:<\/h3>\n\n\n\n<p>Prad\u0117kite mokytis baltarusi\u0173 daiktavard\u017ei\u0173, kurie gali b\u016bti vyri\u0161ki, moteri\u0161ki ar neuter. Daiktavard\u017eiai turi \u0161e\u0161is atvejus: vardinink\u0105, akuzatyv\u0105, gimin\u0119, datyv\u0105, instrumental\u0105 ir prieveiksm\u012f, kurie lemia daiktavard\u017eio funkcij\u0105 sakinyje. Atkreipkite d\u0117mes\u012f \u012f daiktavard\u017ei\u0173 gal\u016bnes ir declension modelius, nes jie pad\u0117s jums suprasti, kaip daiktavard\u017eiai kei\u010diasi skirtingais atvejais.<\/p>\n\n\n\n<h3 class=\"wp-block-heading\" id=\"h-2-articles\">2. Straipsniai:<\/h3>\n\n\n\n<p>Skirtingai nei <a href=\"https:\/\/talkpal.ai\/learn-english-with-ai\/\">angl\u0173<\/a> kalba, baltarusi\u0173 kalba neturi straipsni\u0173. Tod\u0117l galite sutelkti d\u0117mes\u012f \u012f kit\u0173 kalbos aspekt\u0173 mokym\u0105si, nesijaudindami d\u0117l \u0161ios temos.<\/p>\n\n\n\n<h3 class=\"wp-block-heading\" id=\"h-3-pronouns-determiners\">3. \u012evard\u017eiai\/determinantai:<\/h3>\n\n\n\n<p>Toliau i\u0161mokite \u012fvard\u017eius ir determinantus, kurie veikia pana\u0161iai kaip j\u0173 angli\u0161ki atitikmenys. Jie pakei\u010dia daiktavard\u017eius ir perduoda informacij\u0105 apie tur\u0117jim\u0105, kiek\u012f ar tapatyb\u0119. Baltarusi\u0173 kalba yra asmeniniai, turiningi, demonstratyv\u016bs, klausiamieji ir santykiniai \u012fvard\u017eiai, tod\u0117l reikia \u012fsiminti j\u0173 formas ir vartojim\u0105.<\/p>\n\n\n\n<h3 class=\"wp-block-heading\" id=\"h-4-adjectives\">4. B\u016bdvard\u017eiai:<\/h3>\n\n\n\n<p>B\u016bdvard\u017eiai baltarusi\u0173 kalba sutinka su daiktavard\u017eiu, kur\u012f jie kei\u010dia lytimi, skai\u010diumi ir atveju. Su\u017einokite b\u016bdvard\u017ei\u0173 gal\u016bnes ir kaip suformuoti lyginamuosius ir vir\u0161utinius laipsnius, kad i\u0161reik\u0161tum\u0117te skirtingus palyginimo lygius.<\/p>\n\n\n\n<h3 class=\"wp-block-heading\" id=\"h-5-verbs\">5. Veiksma\u017eod\u017eiai:<\/h3>\n\n\n\n<p>Veiksma\u017eod\u017eiai yra labai svarb\u016bs baltarusi\u0173 kalba, nes jie perteikia veiksmus, b\u016bsenas ir \u012fvykius. Su\u017einokite apie veiksma\u017eod\u017ei\u0173 konjugacij\u0105, kuri\u0105 sudaro dvi grup\u0117s: pirmoji konjugacija (daugiausia vyri\u0161ki veiksma\u017eod\u017eiai) ir antroji konjugacija (daugiausia moteri\u0161ki veiksma\u017eod\u017eiai). Taip pat i\u0161studijuokite imperatyvias ir subjunkcines nuotaikas ir kaip jas formuoti.<\/p>\n\n\n\n<h3 class=\"wp-block-heading\" id=\"h-6-tenses\">6. Laikai:<\/h3>\n\n\n\n<p>Baltarusi\u0173 kalba turi tris pagrindinius laikus: praeit\u012f, dabart\u012f ir ateit\u012f. Su\u017einokite, kaip formuoti ir naudoti \u0161iuos laikus, kad gal\u0117tum\u0117te kalb\u0117ti apie \u012fvykius ir veiksmus skirtingu laiku.<\/p>\n\n\n\n<h3 class=\"wp-block-heading\" id=\"h-7-tense-comparison\">7. \u012etemptas palyginimas:<\/h3>\n\n\n\n<p>Norint suprasti santyk\u012f tarp praeities, dabarties ir ateities \u012fvyki\u0173, b\u016btina lyginti laikus baltarusi\u0173 kalba. I\u0161tirkite laik\u0173 sek\u0105 ir kaip juos naudoti sud\u0117tinguose sakiniuose.<\/p>\n\n\n\n<h3 class=\"wp-block-heading\" id=\"h-8-progressive\">8. Progresyvus:<\/h3>\n\n\n\n<p>Baltarusis naudoja progresyvi\u0105 form\u0105, kad i\u0161reik\u0161t\u0173 vykstan\u010dius veiksmus. Su\u017einokite, kaip formuoti \u0161\u012f aspekt\u0105 su atitinkamais veiksma\u017eod\u017ei\u0173 konjugacija ir pagalbiniais veiksma\u017eod\u017eiais.<\/p>\n\n\n\n<h3 class=\"wp-block-heading\" id=\"h-9-perfect-progressive\">9. Tobulas progresyvus:<\/h3>\n\n\n\n<p>Tobulas progresyvus aspektas baltarusi\u0173 kalboje apjungia u\u017ebaigimo ir trukm\u0117s s\u0105vokas. Su\u017einokite, kaip formuoti \u0161\u012f aspekt\u0105 naudojant pagalbinius veiksma\u017eod\u017eius ir teisingas veiksma\u017eod\u017ei\u0173 formas.<\/p>\n\n\n\n<h3 class=\"wp-block-heading\" id=\"h-10-adverbs\">10. Prieveiksmiai:<\/h3>\n\n\n\n<p>Prieveiksmiai modifikuoja veiksma\u017eod\u017eius, b\u016bdvard\u017eius ir kitus prieveiksmius, \u012f sakin\u012f \u012ftraukdami daugiau informacijos. Su\u017einokite apie \u012fvairi\u0173 tip\u0173 adverbus baltarusi\u0173 kalba, j\u0173 formavim\u0105si ir j\u0173 i\u0161d\u0117stym\u0105 sakinyje.<\/p>\n\n\n\n<h3 class=\"wp-block-heading\" id=\"h-11-prepositions\">11. Prielinksniai:<\/h3>\n\n\n\n<p>Prielinksniai yra b\u016btini norint i\u0161reik\u0161ti ry\u0161ius tarp \u017eod\u017ei\u0173 sakinyje. Su\u017einokite apie labiausiai paplitusius baltarusi\u0173 prielinksnius, j\u0173 atvejus ir kaip juos naudoti su daiktavard\u017eiais ir \u012fvard\u017eiais.<\/p>\n\n\n\n<h3 class=\"wp-block-heading\" id=\"h-12-conditionals\">12. S\u0105lygos:<\/h3>\n\n\n\n<p>S\u0105lygos i\u0161rei\u0161kia hipotetines situacijas ir j\u0173 pasekmes. I\u0161nagrin\u0117kite trij\u0173 tip\u0173 s\u0105lygotumus baltarusi\u0173 kalba: tikr\u0105, nereal\u0173 ir mi\u0161r\u0173, ir j\u0173 atitinkamas veiksma\u017eod\u017ei\u0173 formas.<\/p>\n\n\n\n<h3 class=\"wp-block-heading\" id=\"h-13-sentences\">13. Sakiniai:<\/h3>\n\n\n\n<p>Galiausiai su\u017einokite apie baltarusi\u0173 sakini\u0173 strukt\u016bras, \u012fskaitant paprastus, sud\u0117tinius ir sud\u0117tingus sakinius. Praktikuokite skirting\u0173 gramatikos element\u0173 derinim\u0105, kad sukurtum\u0117te sakinius ir pagerintum\u0117te bendrus kalbos \u012fg\u016bd\u017eius.<\/p>\n<\/div><\/div>\n\r\n<section class=\"learnNavigationSection\">\r\n            \r\n        <a href=\"https:\/\/talkpal.ai\/lt\/ismok-baltarusiu-kalba\/\">\r\n            <div class=\"learnNavigationWrapper\">\r\n                <div class=\"learnNavigationContent\">\r\n                    <img decoding=\"async\" src=\"https:\/\/talkpal.ai\/wp-content\/uploads\/2024\/08\/Belarusian.jpg\" alt=\"Belarusian Flag\">\r\n                    <div>\r\n                        <h4>Apie mokym\u0105si baltarusi\u0173 kalba<\/h4>\r\n                        <p>Su\u017einokite visk\u0105 apie baltarusi\u0173 kalbos gramatik\u0105.<\/p>\r\n                    <\/div>\r\n                <\/div>\r\n            <\/div>\r\n        <\/a>\r\n\r\n        \r\n        <a href=\"https:\/\/talkpal.ai\/lt\/baltarusiu-kalbos-gramatika\/\">\r\n            <div class=\"learnNavigationWrapper\">\r\n                <div class=\"learnNavigationContent\">\r\n                    <img decoding=\"async\" src=\"https:\/\/talkpal.ai\/wp-content\/uploads\/2024\/08\/Belarusian.jpg\" alt=\"Belarusian Flag\">\r\n                    <div>\r\n                        <h4>Baltarusi\u0173 kalbos gramatikos pamokos<\/h4>\r\n                        <p>Praktikuokite baltarusi\u0173 kalbos gramatik\u0105.<\/p>\r\n                    <\/div>\r\n                <\/div>\r\n            <\/div>\r\n        <\/a>\r\n\r\n        \r\n        <a href=\"https:\/\/talkpal.ai\/vocabulary_language\/belarusian\/\">\r\n            <div class=\"learnNavigationWrapper\">\r\n                <div class=\"learnNavigationContent\">\r\n                    <img decoding=\"async\" src=\"https:\/\/talkpal.ai\/wp-content\/uploads\/2024\/08\/Belarusian.jpg\" alt=\"Belarusian Flag\">\r\n                    <div>\r\n                        <h4>Baltarusi\u0173 kalbos \u017eodynas<\/h4>\r\n                        <p>Prapl\u0117skite savo baltarusi\u0173 kalbos \u017eodyn\u0105.<\/p>\r\n                    <\/div>\r\n                <\/div>\r\n            <\/div>\r\n        <\/a>\r\n\r\n            <\/section>","protected":false},"excerpt":{"rendered":"<p>Baltarusi\u0173 kalbos gramatikos temos Baltarusi\u0173 kalba yra ryt\u0173 slav\u0173 kalba, kuria Baltarusijoje daugiausia kalba apie 70% gyventoj\u0173. Kaip slav\u0173 kalba, ji turi pana\u0161um\u0173 su rus\u0173 ir ukrainie\u010di\u0173 kalbomis, tod\u0117l \u0161i\u0173 kalb\u0173 kalb\u0117tojams lengviau mokytis baltarusi\u0173 kalbos. Ta\u010diau jis turi savo unikali\u0173 savybi\u0173, o jo gramatikos mokymasis gali b\u016bti naudinga patirtis kalbos entuziastams. \u0160iame straipsnyje mes [&hellip;]<\/p>\n","protected":false},"author":6,"featured_media":110609,"parent":0,"menu_order":0,"comment_status":"closed","ping_status":"closed","template":"LearningContentPage.php","meta":{"_acf_changed":false,"footnotes":""},"class_list":["post-165791","page","type-page","status-publish","has-post-thumbnail","hentry"],"acf":[],"yoast_head":"<!-- This site is optimized with the Yoast SEO Premium plugin v27.2 (Yoast SEO v27.2) - https:\/\/yoast.com\/product\/yoast-seo-premium-wordpress\/ -->\n<title>Baltarusi\u0173 kalbos gramatikos pratimai - Talkpal<\/title>\n<meta name=\"description\" content=\"Patobulinkite savo baltarusi\u0173 kalbos \u012fg\u016bd\u017eius naudodami interaktyvius baltarusi\u0173 kalbos gramatikos pratimus i\u0161 Talkpal, j\u016bs\u0173 dirbtinio intelekto valdom\u0105 kalbos korepetitori\u0173.\" \/>\n<meta name=\"robots\" content=\"index, follow, max-snippet:-1, max-image-preview:large, max-video-preview:-1\" \/>\n<link rel=\"canonical\" href=\"https:\/\/talkpal.ai\/lt\/baltarusiu-kalbos-gramatikos-pratimai\/\" \/>\n<meta property=\"og:locale\" content=\"lt_LT\" \/>\n<meta property=\"og:type\" content=\"article\" \/>\n<meta property=\"og:title\" content=\"Baltarusi\u0173 kalbos gramatikos pratimai\" \/>\n<meta property=\"og:description\" content=\"Baltarusi\u0173 kalbos gramatikos temos Baltarusi\u0173 kalba yra ryt\u0173 slav\u0173 kalba, kuria Baltarusijoje daugiausia kalba apie 70% gyventoj\u0173. Kaip slav\u0173 kalba, ji\" \/>\n<meta property=\"og:url\" content=\"https:\/\/talkpal.ai\/lt\/baltarusiu-kalbos-gramatikos-pratimai\/\" \/>\n<meta property=\"og:site_name\" content=\"Talkpal\" \/>\n<meta property=\"article:publisher\" content=\"https:\/\/www.facebook.com\/profile.php?id=100090733639311\" \/>\n<meta property=\"article:modified_time\" content=\"2025-05-23T11:20:05+00:00\" \/>\n<meta property=\"og:image\" content=\"https:\/\/talkpal.ai\/wp-content\/uploads\/2023\/05\/belarus.png\" \/>\n\t<meta property=\"og:image:width\" content=\"512\" \/>\n\t<meta property=\"og:image:height\" content=\"512\" \/>\n\t<meta property=\"og:image:type\" content=\"image\/png\" \/>\n<meta name=\"twitter:card\" content=\"summary_large_image\" \/>\n<meta name=\"twitter:site\" content=\"@talkpalai\" \/>\n<meta name=\"twitter:label1\" content=\"Est. reading time\" \/>\n\t<meta name=\"twitter:data1\" content=\"3 minut\u0117s\" \/>\n<script type=\"application\/ld+json\" class=\"yoast-schema-graph\">{\"@context\":\"https:\/\/schema.org\",\"@graph\":[{\"@type\":\"WebPage\",\"@id\":\"https:\/\/talkpal.ai\/lt\/baltarusiu-kalbos-gramatikos-pratimai\/\",\"url\":\"https:\/\/talkpal.ai\/lt\/baltarusiu-kalbos-gramatikos-pratimai\/\",\"name\":\"Baltarusi\u0173 kalbos gramatikos pratimai - Talkpal\",\"isPartOf\":{\"@id\":\"https:\/\/talkpal.ai\/lt\/#website\"},\"primaryImageOfPage\":{\"@id\":\"https:\/\/talkpal.ai\/lt\/baltarusiu-kalbos-gramatikos-pratimai\/#primaryimage\"},\"image\":{\"@id\":\"https:\/\/talkpal.ai\/lt\/baltarusiu-kalbos-gramatikos-pratimai\/#primaryimage\"},\"thumbnailUrl\":\"https:\/\/talkpal.ai\/wp-content\/uploads\/2023\/05\/belarus.png\",\"datePublished\":\"2023-06-16T11:55:18+00:00\",\"dateModified\":\"2025-05-23T11:20:05+00:00\",\"description\":\"Patobulinkite savo baltarusi\u0173 kalbos \u012fg\u016bd\u017eius naudodami interaktyvius baltarusi\u0173 kalbos gramatikos pratimus i\u0161 Talkpal, j\u016bs\u0173 dirbtinio intelekto valdom\u0105 kalbos korepetitori\u0173.\",\"breadcrumb\":{\"@id\":\"https:\/\/talkpal.ai\/lt\/baltarusiu-kalbos-gramatikos-pratimai\/#breadcrumb\"},\"inLanguage\":\"lt-LT\",\"potentialAction\":[{\"@type\":\"ReadAction\",\"target\":[\"https:\/\/talkpal.ai\/lt\/baltarusiu-kalbos-gramatikos-pratimai\/\"]}]},{\"@type\":\"ImageObject\",\"inLanguage\":\"lt-LT\",\"@id\":\"https:\/\/talkpal.ai\/lt\/baltarusiu-kalbos-gramatikos-pratimai\/#primaryimage\",\"url\":\"https:\/\/talkpal.ai\/wp-content\/uploads\/2023\/05\/belarus.png\",\"contentUrl\":\"https:\/\/talkpal.ai\/wp-content\/uploads\/2023\/05\/belarus.png\",\"width\":512,\"height\":512},{\"@type\":\"BreadcrumbList\",\"@id\":\"https:\/\/talkpal.ai\/lt\/baltarusiu-kalbos-gramatikos-pratimai\/#breadcrumb\",\"itemListElement\":[{\"@type\":\"ListItem\",\"position\":1,\"name\":\"Homepage\",\"item\":\"https:\/\/talkpal.ai\/lt\/\"},{\"@type\":\"ListItem\",\"position\":2,\"name\":\"Baltarusi\u0173 kalbos gramatikos pratimai\"}]},{\"@type\":\"WebSite\",\"@id\":\"https:\/\/talkpal.ai\/lt\/#website\",\"url\":\"https:\/\/talkpal.ai\/lt\/\",\"name\":\"Talkpal\",\"description\":\"AI Language Learning\",\"publisher\":{\"@id\":\"https:\/\/talkpal.ai\/lt\/#organization\"},\"alternateName\":\"Talkpal AI\",\"potentialAction\":[{\"@type\":\"SearchAction\",\"target\":{\"@type\":\"EntryPoint\",\"urlTemplate\":\"https:\/\/talkpal.ai\/lt\/?s={search_term_string}\"},\"query-input\":{\"@type\":\"PropertyValueSpecification\",\"valueRequired\":true,\"valueName\":\"search_term_string\"}}],\"inLanguage\":\"lt-LT\"},{\"@type\":\"Organization\",\"@id\":\"https:\/\/talkpal.ai\/lt\/#organization\",\"name\":\"Talkpal, Inc.\",\"alternateName\":\"Talkpal AI\",\"url\":\"https:\/\/talkpal.ai\/lt\/\",\"logo\":{\"@type\":\"ImageObject\",\"inLanguage\":\"lt-LT\",\"@id\":\"https:\/\/talkpal.ai\/lt\/#\/schema\/logo\/image\/\",\"url\":\"https:\/\/talkpal.ai\/wp-content\/uploads\/2024\/03\/Talkpal-Logo-Icon.png\",\"contentUrl\":\"https:\/\/talkpal.ai\/wp-content\/uploads\/2024\/03\/Talkpal-Logo-Icon.png\",\"width\":2880,\"height\":2880,\"caption\":\"Talkpal, Inc.\"},\"image\":{\"@id\":\"https:\/\/talkpal.ai\/lt\/#\/schema\/logo\/image\/\"},\"sameAs\":[\"https:\/\/www.facebook.com\/profile.php?id=100090733639311\",\"https:\/\/x.com\/talkpalai\",\"https:\/\/www.linkedin.com\/company\/talkpal\/\",\"https:\/\/www.youtube.com\/@TalkPal\/\",\"https:\/\/www.tiktok.com\/@talkpal\",\"https:\/\/www.instagram.com\/talkpal_ai\/\",\"https:\/\/www.crunchbase.com\/organization\/talkpal-9cde\",\"https:\/\/www.g2.com\/products\/talkpal-for-business\/\",\"https:\/\/www.trustpilot.com\/review\/talkpal.ai\",\"https:\/\/www.capterra.com\/p\/10006800\/TalkPal\/\"],\"description\":\"Talkpal is a language learning web and mobile education app, powered by the latest AI technologies, that provides engaging experiences to its customers in many different languages to help them improve their language skills. Users can chat about unlimited amount of topics with the app and use other modes to practice their language learning.\",\"email\":\"support@talkpal.ai\",\"legalName\":\"Talkpal, Inc.\",\"foundingDate\":\"2023-04-03\",\"duns\":\"118989042\",\"numberOfEmployees\":{\"@type\":\"QuantitativeValue\",\"minValue\":\"11\",\"maxValue\":\"50\"},\"publishingPrinciples\":\"https:\/\/talkpal.ai\/publishing-principles\/\",\"actionableFeedbackPolicy\":\"https:\/\/talkpal.ai\/actionable-feedback-policy\/\",\"correctionsPolicy\":\"https:\/\/talkpal.ai\/corrections-policy\/\",\"ethicsPolicy\":\"https:\/\/talkpal.ai\/ethics-policy\/\",\"diversityPolicy\":\"https:\/\/talkpal.ai\/diversity-policy\/\",\"diversityStaffingReport\":\"https:\/\/talkpal.ai\/diversity-policy\/\"}]}<\/script>\n<!-- \/ Yoast SEO Premium plugin. -->","yoast_head_json":{"title":"Baltarusi\u0173 kalbos gramatikos pratimai - Talkpal","description":"Patobulinkite savo baltarusi\u0173 kalbos \u012fg\u016bd\u017eius naudodami interaktyvius baltarusi\u0173 kalbos gramatikos pratimus i\u0161 Talkpal, j\u016bs\u0173 dirbtinio intelekto valdom\u0105 kalbos korepetitori\u0173.","robots":{"index":"index","follow":"follow","max-snippet":"max-snippet:-1","max-image-preview":"max-image-preview:large","max-video-preview":"max-video-preview:-1"},"canonical":"https:\/\/talkpal.ai\/lt\/baltarusiu-kalbos-gramatikos-pratimai\/","og_locale":"lt_LT","og_type":"article","og_title":"Baltarusi\u0173 kalbos gramatikos pratimai","og_description":"Baltarusi\u0173 kalbos gramatikos temos Baltarusi\u0173 kalba yra ryt\u0173 slav\u0173 kalba, kuria Baltarusijoje daugiausia kalba apie 70% gyventoj\u0173. Kaip slav\u0173 kalba, ji","og_url":"https:\/\/talkpal.ai\/lt\/baltarusiu-kalbos-gramatikos-pratimai\/","og_site_name":"Talkpal","article_publisher":"https:\/\/www.facebook.com\/profile.php?id=100090733639311","article_modified_time":"2025-05-23T11:20:05+00:00","og_image":[{"width":512,"height":512,"url":"https:\/\/talkpal.ai\/wp-content\/uploads\/2023\/05\/belarus.png","type":"image\/png"}],"twitter_card":"summary_large_image","twitter_site":"@talkpalai","twitter_misc":{"Est. reading time":"3 minut\u0117s"},"schema":{"@context":"https:\/\/schema.org","@graph":[{"@type":"WebPage","@id":"https:\/\/talkpal.ai\/lt\/baltarusiu-kalbos-gramatikos-pratimai\/","url":"https:\/\/talkpal.ai\/lt\/baltarusiu-kalbos-gramatikos-pratimai\/","name":"Baltarusi\u0173 kalbos gramatikos pratimai - Talkpal","isPartOf":{"@id":"https:\/\/talkpal.ai\/lt\/#website"},"primaryImageOfPage":{"@id":"https:\/\/talkpal.ai\/lt\/baltarusiu-kalbos-gramatikos-pratimai\/#primaryimage"},"image":{"@id":"https:\/\/talkpal.ai\/lt\/baltarusiu-kalbos-gramatikos-pratimai\/#primaryimage"},"thumbnailUrl":"https:\/\/talkpal.ai\/wp-content\/uploads\/2023\/05\/belarus.png","datePublished":"2023-06-16T11:55:18+00:00","dateModified":"2025-05-23T11:20:05+00:00","description":"Patobulinkite savo baltarusi\u0173 kalbos \u012fg\u016bd\u017eius naudodami interaktyvius baltarusi\u0173 kalbos gramatikos pratimus i\u0161 Talkpal, j\u016bs\u0173 dirbtinio intelekto valdom\u0105 kalbos korepetitori\u0173.","breadcrumb":{"@id":"https:\/\/talkpal.ai\/lt\/baltarusiu-kalbos-gramatikos-pratimai\/#breadcrumb"},"inLanguage":"lt-LT","potentialAction":[{"@type":"ReadAction","target":["https:\/\/talkpal.ai\/lt\/baltarusiu-kalbos-gramatikos-pratimai\/"]}]},{"@type":"ImageObject","inLanguage":"lt-LT","@id":"https:\/\/talkpal.ai\/lt\/baltarusiu-kalbos-gramatikos-pratimai\/#primaryimage","url":"https:\/\/talkpal.ai\/wp-content\/uploads\/2023\/05\/belarus.png","contentUrl":"https:\/\/talkpal.ai\/wp-content\/uploads\/2023\/05\/belarus.png","width":512,"height":512},{"@type":"BreadcrumbList","@id":"https:\/\/talkpal.ai\/lt\/baltarusiu-kalbos-gramatikos-pratimai\/#breadcrumb","itemListElement":[{"@type":"ListItem","position":1,"name":"Homepage","item":"https:\/\/talkpal.ai\/lt\/"},{"@type":"ListItem","position":2,"name":"Baltarusi\u0173 kalbos gramatikos pratimai"}]},{"@type":"WebSite","@id":"https:\/\/talkpal.ai\/lt\/#website","url":"https:\/\/talkpal.ai\/lt\/","name":"Talkpal","description":"AI Language Learning","publisher":{"@id":"https:\/\/talkpal.ai\/lt\/#organization"},"alternateName":"Talkpal AI","potentialAction":[{"@type":"SearchAction","target":{"@type":"EntryPoint","urlTemplate":"https:\/\/talkpal.ai\/lt\/?s={search_term_string}"},"query-input":{"@type":"PropertyValueSpecification","valueRequired":true,"valueName":"search_term_string"}}],"inLanguage":"lt-LT"},{"@type":"Organization","@id":"https:\/\/talkpal.ai\/lt\/#organization","name":"Talkpal, Inc.","alternateName":"Talkpal AI","url":"https:\/\/talkpal.ai\/lt\/","logo":{"@type":"ImageObject","inLanguage":"lt-LT","@id":"https:\/\/talkpal.ai\/lt\/#\/schema\/logo\/image\/","url":"https:\/\/talkpal.ai\/wp-content\/uploads\/2024\/03\/Talkpal-Logo-Icon.png","contentUrl":"https:\/\/talkpal.ai\/wp-content\/uploads\/2024\/03\/Talkpal-Logo-Icon.png","width":2880,"height":2880,"caption":"Talkpal, Inc."},"image":{"@id":"https:\/\/talkpal.ai\/lt\/#\/schema\/logo\/image\/"},"sameAs":["https:\/\/www.facebook.com\/profile.php?id=100090733639311","https:\/\/x.com\/talkpalai","https:\/\/www.linkedin.com\/company\/talkpal\/","https:\/\/www.youtube.com\/@TalkPal\/","https:\/\/www.tiktok.com\/@talkpal","https:\/\/www.instagram.com\/talkpal_ai\/","https:\/\/www.crunchbase.com\/organization\/talkpal-9cde","https:\/\/www.g2.com\/products\/talkpal-for-business\/","https:\/\/www.trustpilot.com\/review\/talkpal.ai","https:\/\/www.capterra.com\/p\/10006800\/TalkPal\/"],"description":"Talkpal is a language learning web and mobile education app, powered by the latest AI technologies, that provides engaging experiences to its customers in many different languages to help them improve their language skills. Users can chat about unlimited amount of topics with the app and use other modes to practice their language learning.","email":"support@talkpal.ai","legalName":"Talkpal, Inc.","foundingDate":"2023-04-03","duns":"118989042","numberOfEmployees":{"@type":"QuantitativeValue","minValue":"11","maxValue":"50"},"publishingPrinciples":"https:\/\/talkpal.ai\/publishing-principles\/","actionableFeedbackPolicy":"https:\/\/talkpal.ai\/actionable-feedback-policy\/","correctionsPolicy":"https:\/\/talkpal.ai\/corrections-policy\/","ethicsPolicy":"https:\/\/talkpal.ai\/ethics-policy\/","diversityPolicy":"https:\/\/talkpal.ai\/diversity-policy\/","diversityStaffingReport":"https:\/\/talkpal.ai\/diversity-policy\/"}]}},"_links":{"self":[{"href":"https:\/\/talkpal.ai\/lt\/wp-json\/wp\/v2\/pages\/165791","targetHints":{"allow":["GET"]}}],"collection":[{"href":"https:\/\/talkpal.ai\/lt\/wp-json\/wp\/v2\/pages"}],"about":[{"href":"https:\/\/talkpal.ai\/lt\/wp-json\/wp\/v2\/types\/page"}],"author":[{"embeddable":true,"href":"https:\/\/talkpal.ai\/lt\/wp-json\/wp\/v2\/users\/6"}],"replies":[{"embeddable":true,"href":"https:\/\/talkpal.ai\/lt\/wp-json\/wp\/v2\/comments?post=165791"}],"version-history":[{"count":0,"href":"https:\/\/talkpal.ai\/lt\/wp-json\/wp\/v2\/pages\/165791\/revisions"}],"wp:featuredmedia":[{"embeddable":true,"href":"https:\/\/talkpal.ai\/lt\/wp-json\/wp\/v2\/media\/110609"}],"wp:attachment":[{"href":"https:\/\/talkpal.ai\/lt\/wp-json\/wp\/v2\/media?parent=165791"}],"curies":[{"name":"wp","href":"https:\/\/api.w.org\/{rel}","templated":true}]}}