{"id":165083,"date":"2023-06-16T12:01:29","date_gmt":"2023-06-16T12:01:29","guid":{"rendered":"http:\/\/talkpal.ai\/bosnijos-gramatikos-pratimai\/"},"modified":"2025-05-23T12:06:41","modified_gmt":"2025-05-23T12:06:41","slug":"bosnijos-gramatikos-pratimai","status":"publish","type":"page","link":"https:\/\/talkpal.ai\/lt\/bosnijos-gramatikos-pratimai\/","title":{"rendered":"Bosnijos gramatikos pratimai"},"content":{"rendered":"\r\n\r\n\r\n<section class=\"languageChallengeSection\">\r\n    <div class=\"languageInfoWrapper\">\r\n        \r\n        <h1>Bosnijos gramatikos pratimai<\/h1>\r\n        <p>Ar esate pasireng\u0119 geriau i\u0161mokti <a href=\"https:\/\/talkpal.ai\/lt\/ismok-bosniu-kalba\/\">bosni\u0173 kalb\u0105<\/a>? Gramatikos pratimai yra puikus b\u016bdas \u012fsisavinti sakinio strukt\u016br\u0105, veiksma\u017eod\u017ei\u0173 formas ir bosni\u0173 <a href=\"https:\/\/talkpal.ai\/what-language-is-spoken-on-the-international-space-station\/\">kalbos<\/a> ypatumus. Prad\u0117kite mokytis bosni\u0173 kalbos gramatikos \u0161iandien ir pamatysite, kaip su kiekvienu pratimu did\u0117ja j\u016bs\u0173 supratimas ir sklandumas!\n\n<\/p>\r\n\r\n                            <a class=\"getStartedHidden\" href=\"https:\/\/app.talkpal.ai\/lt\/signup?lng=\">Prad\u0117k<\/a>\r\n        \r\n    <\/div>\r\n\r\n    <figure>\r\n    <img decoding=\"async\" width=\"768\" height=\"768\" src=\"https:\/\/talkpal.ai\/wp-content\/uploads\/2023\/06\/bosinian-768x768.png\" class=\"languageImage no-lazy\" alt=\"Language learning for increasing employability\" fetchpriority=\"high\" sizes=\"(max-width: 768px) 150px, 768px\" srcset=\"https:\/\/talkpal.ai\/wp-content\/uploads\/2023\/06\/bosinian-768x768.png 768w, https:\/\/talkpal.ai\/wp-content\/uploads\/2023\/06\/bosinian-300x300.png 300w\" \/>\r\n    \r\n\r\n    <\/figure>\r\n\r\n            <a class=\"getStartedVisible\" href=\"https:\/\/app.talkpal.ai\/lt\/signup?lng=\">Prad\u0117k<\/a>\r\n    \r\n<\/section>\r\n\r\n\r\n<!-- <section class=\"grammarSection\">\r\n    <div class=\"grammarLinks\">\r\n            <\/div>\r\n<\/section> -->\r\n\r\n\r\n\r\n\r\n<section class=\"promotionalBanner\">\r\n    <p class=\"promotionalText\">Efektyviausias b\u016bdas mokytis kalbos<\/p>\r\n    <a class=\"promotionalLink\" href=\"https:\/\/app.talkpal.ai\/lt\/signup?lng=\">I\u0161bandykite Talkpal &#8221; nemokamai<\/a>\r\n<\/section>\n<div class=\"wp-block-group pageContainerStyle\"><div class=\"wp-block-group__inner-container is-layout-constrained wp-block-group-is-layout-constrained\">\n<h2 class=\"wp-block-heading\" id=\"h-bosnian-grammar-topics\">Bosnijos gramatikos temos<\/h2>\n\n\n\n<p>Bosni\u0173 kalba yra piet\u0173 slav\u0173 kalba, kuria daugiausia kalbama Bosnijoje ir Hercegovinoje, Serbijoje, Juodkalnijoje ir Kroatijoje. Jis yra abipusiai suprantamas su <a href=\"https:\/\/talkpal.ai\/learn-serbian\/\">serb\u0173<\/a> ir <a href=\"https:\/\/talkpal.ai\/learn-croatian\/\">kroat\u0173<\/a> kalbomis ir yra standartizuotos serb\u0173-kroat\u0173 kalbos dalis. Bosni\u0173 <a href=\"https:\/\/talkpal.ai\/lt\/kaip-ismokti-kalba-per-talkpal-chat\/\">kalbos mokymasis<\/a> gali b\u016bti \u012fdomi ir naudinga patirtis, nes ji suteikia \u012f\u017evalg\u0173 apie turting\u0105 Balkan\u0173 regiono istorij\u0105, kult\u016br\u0105 ir tradicijas. Norint efektyviai i\u0161mokti bosni\u0173 kalb\u0105, b\u016btina suprasti jos gramatikos sistem\u0105, kuri apima \u012fvairius laikus, daiktavard\u017ei\u0173 ir b\u016bdvard\u017ei\u0173 formas bei sakini\u0173 strukt\u016bras. \u0160iame vadove i\u0161nagrin\u0117sime bosni\u0173 kalbos gramatikos tem\u0173 sek\u0105, kuri pad\u0117s efektyviai \u012fvaldyti kalb\u0105.<\/p>\n\n\n\n<h3 class=\"wp-block-heading\" id=\"h-1-nouns-and-articles\">1. Daiktavard\u017eiai ir straipsniai:<\/h3>\n\n\n\n<p>Prad\u0117kite mokytis daiktavard\u017ei\u0173, kurie yra suskirstyti \u012f tris lytis (vyri\u0161k\u0105, moteri\u0161k\u0105, neuter) ir turi vienaskaitos ir daugiskaitos formas. Bosni\u0173 kalboje n\u0117ra artikeli\u0173, kaip <a href=\"https:\/\/talkpal.ai\/learn-english-with-ai\/\">angl\u0173<\/a> kalboje, ta\u010diau joje vartojami parodomieji \u012fvard\u017eiai, nurodantys konkretum\u0105.<\/p>\n\n\n\n<h3 class=\"wp-block-heading\" id=\"h-2-adjectives\">2. B\u016bdvard\u017eiai:<\/h3>\n\n\n\n<p>B\u016bdvard\u017eiai sutinka su daiktavard\u017eiais pagal lyt\u012f, skai\u010di\u0173 ir atvej\u012f. Su\u017einokite, kaip formuoti ir naudoti b\u016bdvard\u017eius, kad tiksliai apib\u016bdintum\u0117te daiktavard\u017eius.<\/p>\n\n\n\n<h3 class=\"wp-block-heading\" id=\"h-3-pronouns-determiners\">3. \u012evard\u017eiai\/determinantai:<\/h3>\n\n\n\n<p><a href=\"https:\/\/talkpal.ai\/learn-bosnian\/\">Bosnijos<\/a> \u012fvard\u017eiai ir determinantai taip pat sutinka su daiktavard\u017eiais lytimi, skai\u010diumi ir atveju. Studijuokite asmeninius, savininkinius, demonstracinius ir klausiamuosius \u012fvard\u017eius, kad pagerintum\u0117te savo bendravimo \u012fg\u016bd\u017eius.<\/p>\n\n\n\n<h3 class=\"wp-block-heading\" id=\"h-4-verbs\">4. Veiksma\u017eod\u017eiai:<\/h3>\n\n\n\n<p>Susipa\u017einkite su taisyklingais ir netaisyklingais veiksma\u017eod\u017eiais, j\u0173 konjugacijos modeliais ir skirtumu tarp tobul\u0173 ir netobul\u0173 aspekt\u0173.<\/p>\n\n\n\n<h3 class=\"wp-block-heading\" id=\"h-5-tenses\">5. Laikai:<\/h3>\n\n\n\n<p>Bosni\u0173 kalba turi tris laikus: praeit\u012f, dabart\u012f ir ateit\u012f. Su\u017einokite, kaip formuoti ir naudoti \u0161iuos laikus, kad i\u0161reik\u0161tum\u0117te veiksmus ir \u012fvykius skirtingais laikotarpiais.<\/p>\n\n\n\n<h3 class=\"wp-block-heading\" id=\"h-6-tense-comparison\">6. \u012etemptas palyginimas:<\/h3>\n\n\n\n<p>Suprasti laik\u0173 skirtumus ir pana\u0161umus, sutelkiant d\u0117mes\u012f \u012f j\u0173 naudojim\u0105 \u012fvairiuose kontekstuose.<\/p>\n\n\n\n<h3 class=\"wp-block-heading\" id=\"h-7-progressive-and-perfect-progressive\">7. Progresyvus ir tobulas progresyvus:<\/h3>\n\n\n\n<p>Bosni\u0173 kalba neturi tiesioginio atitikmens angl\u0173 progresyviems ir tobuliems progresyviems laikams. Ta\u010diau jis naudoja \u017eodin\u012f aspekt\u0105 (tobul\u0105 ir netobul\u0105), kad perteikt\u0173 pana\u0161ias reik\u0161mes.<\/p>\n\n\n\n<h3 class=\"wp-block-heading\" id=\"h-8-adverbs\">8. Prieveiksmiai:<\/h3>\n\n\n\n<p>Studijuokite prieveiksmius ir j\u0173 i\u0161d\u0117stym\u0105 sakiniuose, kad i\u0161reik\u0161tum\u0117te laik\u0105, b\u016bd\u0105 ir laipsn\u012f.<\/p>\n\n\n\n<h3 class=\"wp-block-heading\" id=\"h-9-conditionals\">9. S\u0105lygos:<\/h3>\n\n\n\n<p>Su\u017einokite, kaip formuoti ir naudoti s\u0105lyginius sakinius (realius ir nerealius), kad i\u0161reik\u0161tum\u0117te hipotetines situacijas ir j\u0173 pasekmes.<\/p>\n\n\n\n<h3 class=\"wp-block-heading\" id=\"h-10-prepositions\">10. Prielinksniai:<\/h3>\n\n\n\n<p>Prielinksniai yra b\u016btini norint nurodyti ry\u0161ius tarp \u017eod\u017ei\u0173 ir frazi\u0173. Su\u017einokite, kaip juos tiksliai naudoti \u012fvairiuose kontekstuose.<\/p>\n\n\n\n<h3 class=\"wp-block-heading\" id=\"h-11-sentences\">11. Sakiniai:<\/h3>\n\n\n\n<p>Galiausiai praktikuokite paprast\u0173 ir sud\u0117ting\u0173 sakini\u0173 k\u016brim\u0105 naudodami visus i\u0161moktus gramatikos elementus. Tai pad\u0117s jums sukurti tvirt\u0105 pagrind\u0105 bosni\u0173 kalba ir leis efektyviai bendrauti su gimt\u0105ja kalba.<\/p>\n<\/div><\/div>\n\r\n<section class=\"learnNavigationSection\">\r\n            \r\n        <a href=\"https:\/\/talkpal.ai\/lt\/ismok-bosniu-kalba\/\">\r\n            <div class=\"learnNavigationWrapper\">\r\n                <div class=\"learnNavigationContent\">\r\n                    <img decoding=\"async\" src=\"https:\/\/talkpal.ai\/wp-content\/uploads\/2024\/08\/Bosnian.jpg\" alt=\"Bosnian Flag\">\r\n                    <div>\r\n                        <h4>Apie bosni\u0173 mokym\u0105si<\/h4>\r\n                        <p>Su\u017einokite visk\u0105 apie bosni\u0173 kalbos gramatik\u0105.<\/p>\r\n                    <\/div>\r\n                <\/div>\r\n            <\/div>\r\n        <\/a>\r\n\r\n        \r\n        <a href=\"https:\/\/talkpal.ai\/lt\/bosnijos-gramatika\/\">\r\n            <div class=\"learnNavigationWrapper\">\r\n                <div class=\"learnNavigationContent\">\r\n                    <img decoding=\"async\" src=\"https:\/\/talkpal.ai\/wp-content\/uploads\/2024\/08\/Bosnian.jpg\" alt=\"Bosnian Flag\">\r\n                    <div>\r\n                        <h4>Bosnijos gramatikos pamokos<\/h4>\r\n                        <p>Praktikuokite bosni\u0173 kalbos gramatik\u0105.<\/p>\r\n                    <\/div>\r\n                <\/div>\r\n            <\/div>\r\n        <\/a>\r\n\r\n        \r\n        <a href=\"https:\/\/talkpal.ai\/vocabulary_language\/bosnian\/\">\r\n            <div class=\"learnNavigationWrapper\">\r\n                <div class=\"learnNavigationContent\">\r\n                    <img decoding=\"async\" src=\"https:\/\/talkpal.ai\/wp-content\/uploads\/2024\/08\/Bosnian.jpg\" alt=\"Bosnian Flag\">\r\n                    <div>\r\n                        <h4>Bosni\u0173 kalbos \u017eodynas<\/h4>\r\n                        <p>Prapl\u0117skite savo bosni\u0173 kalbos \u017eodyn\u0105.<\/p>\r\n                    <\/div>\r\n                <\/div>\r\n            <\/div>\r\n        <\/a>\r\n\r\n            <\/section>","protected":false},"excerpt":{"rendered":"<p>Bosnijos gramatikos temos Bosni\u0173 kalba yra piet\u0173 slav\u0173 kalba, kuria daugiausia kalbama Bosnijoje ir Hercegovinoje, Serbijoje, Juodkalnijoje ir Kroatijoje. Jis yra abipusiai suprantamas su serb\u0173 ir kroat\u0173 kalbomis ir yra standartizuotos serb\u0173-kroat\u0173 kalbos dalis. Bosni\u0173 kalbos mokymasis gali b\u016bti \u012fdomi ir naudinga patirtis, nes ji suteikia \u012f\u017evalg\u0173 apie turting\u0105 Balkan\u0173 regiono istorij\u0105, kult\u016br\u0105 ir tradicijas. [&hellip;]<\/p>\n","protected":false},"author":6,"featured_media":111356,"parent":0,"menu_order":0,"comment_status":"closed","ping_status":"closed","template":"LearningContentPage.php","meta":{"_acf_changed":false,"footnotes":""},"class_list":["post-165083","page","type-page","status-publish","has-post-thumbnail","hentry"],"acf":[],"yoast_head":"<!-- This site is optimized with the Yoast SEO Premium plugin v27.2 (Yoast SEO v27.2) - https:\/\/yoast.com\/product\/yoast-seo-premium-wordpress\/ -->\n<title>Bosnijos gramatikos pratimai - Talkpal<\/title>\n<meta name=\"description\" content=\"I\u0161mokite bosni\u0173 kalbos su \u012fdomiais bosni\u0173 kalbos gramatikos pratimais, kurie pad\u0117s geriau suprasti sakini\u0173 strukt\u016bras ir laikus.\" \/>\n<meta name=\"robots\" content=\"index, follow, max-snippet:-1, max-image-preview:large, max-video-preview:-1\" \/>\n<link rel=\"canonical\" href=\"https:\/\/talkpal.ai\/lt\/bosnijos-gramatikos-pratimai\/\" \/>\n<meta property=\"og:locale\" content=\"lt_LT\" \/>\n<meta property=\"og:type\" content=\"article\" \/>\n<meta property=\"og:title\" content=\"Bosnijos gramatikos pratimai\" \/>\n<meta property=\"og:description\" content=\"Bosnijos gramatikos temos Bosni\u0173 kalba yra piet\u0173 slav\u0173 kalba, kuria daugiausia kalbama Bosnijoje ir Hercegovinoje, Serbijoje, Juodkalnijoje ir Kroatijoje.\" \/>\n<meta property=\"og:url\" content=\"https:\/\/talkpal.ai\/lt\/bosnijos-gramatikos-pratimai\/\" \/>\n<meta property=\"og:site_name\" content=\"Talkpal\" \/>\n<meta property=\"article:publisher\" content=\"https:\/\/www.facebook.com\/profile.php?id=100090733639311\" \/>\n<meta property=\"article:modified_time\" content=\"2025-05-23T12:06:41+00:00\" \/>\n<meta property=\"og:image\" content=\"https:\/\/talkpal.ai\/wp-content\/uploads\/2023\/05\/bosnia-and-herzegovina.png\" \/>\n\t<meta property=\"og:image:width\" content=\"512\" \/>\n\t<meta property=\"og:image:height\" content=\"512\" \/>\n\t<meta property=\"og:image:type\" content=\"image\/png\" \/>\n<meta name=\"twitter:card\" content=\"summary_large_image\" \/>\n<meta name=\"twitter:site\" content=\"@talkpalai\" \/>\n<meta name=\"twitter:label1\" content=\"Est. reading time\" \/>\n\t<meta name=\"twitter:data1\" content=\"2 minut\u0117s\" \/>\n<script type=\"application\/ld+json\" class=\"yoast-schema-graph\">{\"@context\":\"https:\/\/schema.org\",\"@graph\":[{\"@type\":\"WebPage\",\"@id\":\"https:\/\/talkpal.ai\/lt\/bosnijos-gramatikos-pratimai\/\",\"url\":\"https:\/\/talkpal.ai\/lt\/bosnijos-gramatikos-pratimai\/\",\"name\":\"Bosnijos gramatikos pratimai - Talkpal\",\"isPartOf\":{\"@id\":\"https:\/\/talkpal.ai\/lt\/#website\"},\"primaryImageOfPage\":{\"@id\":\"https:\/\/talkpal.ai\/lt\/bosnijos-gramatikos-pratimai\/#primaryimage\"},\"image\":{\"@id\":\"https:\/\/talkpal.ai\/lt\/bosnijos-gramatikos-pratimai\/#primaryimage\"},\"thumbnailUrl\":\"https:\/\/talkpal.ai\/wp-content\/uploads\/2023\/05\/bosnia-and-herzegovina.png\",\"datePublished\":\"2023-06-16T12:01:29+00:00\",\"dateModified\":\"2025-05-23T12:06:41+00:00\",\"description\":\"I\u0161mokite bosni\u0173 kalbos su \u012fdomiais bosni\u0173 kalbos gramatikos pratimais, kurie pad\u0117s geriau suprasti sakini\u0173 strukt\u016bras ir laikus.\",\"breadcrumb\":{\"@id\":\"https:\/\/talkpal.ai\/lt\/bosnijos-gramatikos-pratimai\/#breadcrumb\"},\"inLanguage\":\"lt-LT\",\"potentialAction\":[{\"@type\":\"ReadAction\",\"target\":[\"https:\/\/talkpal.ai\/lt\/bosnijos-gramatikos-pratimai\/\"]}]},{\"@type\":\"ImageObject\",\"inLanguage\":\"lt-LT\",\"@id\":\"https:\/\/talkpal.ai\/lt\/bosnijos-gramatikos-pratimai\/#primaryimage\",\"url\":\"https:\/\/talkpal.ai\/wp-content\/uploads\/2023\/05\/bosnia-and-herzegovina.png\",\"contentUrl\":\"https:\/\/talkpal.ai\/wp-content\/uploads\/2023\/05\/bosnia-and-herzegovina.png\",\"width\":512,\"height\":512},{\"@type\":\"BreadcrumbList\",\"@id\":\"https:\/\/talkpal.ai\/lt\/bosnijos-gramatikos-pratimai\/#breadcrumb\",\"itemListElement\":[{\"@type\":\"ListItem\",\"position\":1,\"name\":\"Homepage\",\"item\":\"https:\/\/talkpal.ai\/lt\/\"},{\"@type\":\"ListItem\",\"position\":2,\"name\":\"Bosnijos gramatikos pratimai\"}]},{\"@type\":\"WebSite\",\"@id\":\"https:\/\/talkpal.ai\/lt\/#website\",\"url\":\"https:\/\/talkpal.ai\/lt\/\",\"name\":\"Talkpal\",\"description\":\"AI Language Learning\",\"publisher\":{\"@id\":\"https:\/\/talkpal.ai\/lt\/#organization\"},\"alternateName\":\"Talkpal AI\",\"potentialAction\":[{\"@type\":\"SearchAction\",\"target\":{\"@type\":\"EntryPoint\",\"urlTemplate\":\"https:\/\/talkpal.ai\/lt\/?s={search_term_string}\"},\"query-input\":{\"@type\":\"PropertyValueSpecification\",\"valueRequired\":true,\"valueName\":\"search_term_string\"}}],\"inLanguage\":\"lt-LT\"},{\"@type\":\"Organization\",\"@id\":\"https:\/\/talkpal.ai\/lt\/#organization\",\"name\":\"Talkpal, Inc.\",\"alternateName\":\"Talkpal AI\",\"url\":\"https:\/\/talkpal.ai\/lt\/\",\"logo\":{\"@type\":\"ImageObject\",\"inLanguage\":\"lt-LT\",\"@id\":\"https:\/\/talkpal.ai\/lt\/#\/schema\/logo\/image\/\",\"url\":\"https:\/\/talkpal.ai\/wp-content\/uploads\/2024\/03\/Talkpal-Logo-Icon.png\",\"contentUrl\":\"https:\/\/talkpal.ai\/wp-content\/uploads\/2024\/03\/Talkpal-Logo-Icon.png\",\"width\":2880,\"height\":2880,\"caption\":\"Talkpal, Inc.\"},\"image\":{\"@id\":\"https:\/\/talkpal.ai\/lt\/#\/schema\/logo\/image\/\"},\"sameAs\":[\"https:\/\/www.facebook.com\/profile.php?id=100090733639311\",\"https:\/\/x.com\/talkpalai\",\"https:\/\/www.linkedin.com\/company\/talkpal\/\",\"https:\/\/www.youtube.com\/@TalkPal\/\",\"https:\/\/www.tiktok.com\/@talkpal\",\"https:\/\/www.instagram.com\/talkpal_ai\/\",\"https:\/\/www.crunchbase.com\/organization\/talkpal-9cde\",\"https:\/\/www.g2.com\/products\/talkpal-for-business\/\",\"https:\/\/www.trustpilot.com\/review\/talkpal.ai\",\"https:\/\/www.capterra.com\/p\/10006800\/TalkPal\/\"],\"description\":\"Talkpal is a language learning web and mobile education app, powered by the latest AI technologies, that provides engaging experiences to its customers in many different languages to help them improve their language skills. Users can chat about unlimited amount of topics with the app and use other modes to practice their language learning.\",\"email\":\"support@talkpal.ai\",\"legalName\":\"Talkpal, Inc.\",\"foundingDate\":\"2023-04-03\",\"duns\":\"118989042\",\"numberOfEmployees\":{\"@type\":\"QuantitativeValue\",\"minValue\":\"11\",\"maxValue\":\"50\"},\"publishingPrinciples\":\"https:\/\/talkpal.ai\/publishing-principles\/\",\"actionableFeedbackPolicy\":\"https:\/\/talkpal.ai\/actionable-feedback-policy\/\",\"correctionsPolicy\":\"https:\/\/talkpal.ai\/corrections-policy\/\",\"ethicsPolicy\":\"https:\/\/talkpal.ai\/ethics-policy\/\",\"diversityPolicy\":\"https:\/\/talkpal.ai\/diversity-policy\/\",\"diversityStaffingReport\":\"https:\/\/talkpal.ai\/diversity-policy\/\"}]}<\/script>\n<!-- \/ Yoast SEO Premium plugin. -->","yoast_head_json":{"title":"Bosnijos gramatikos pratimai - Talkpal","description":"I\u0161mokite bosni\u0173 kalbos su \u012fdomiais bosni\u0173 kalbos gramatikos pratimais, kurie pad\u0117s geriau suprasti sakini\u0173 strukt\u016bras ir laikus.","robots":{"index":"index","follow":"follow","max-snippet":"max-snippet:-1","max-image-preview":"max-image-preview:large","max-video-preview":"max-video-preview:-1"},"canonical":"https:\/\/talkpal.ai\/lt\/bosnijos-gramatikos-pratimai\/","og_locale":"lt_LT","og_type":"article","og_title":"Bosnijos gramatikos pratimai","og_description":"Bosnijos gramatikos temos Bosni\u0173 kalba yra piet\u0173 slav\u0173 kalba, kuria daugiausia kalbama Bosnijoje ir Hercegovinoje, Serbijoje, Juodkalnijoje ir Kroatijoje.","og_url":"https:\/\/talkpal.ai\/lt\/bosnijos-gramatikos-pratimai\/","og_site_name":"Talkpal","article_publisher":"https:\/\/www.facebook.com\/profile.php?id=100090733639311","article_modified_time":"2025-05-23T12:06:41+00:00","og_image":[{"width":512,"height":512,"url":"https:\/\/talkpal.ai\/wp-content\/uploads\/2023\/05\/bosnia-and-herzegovina.png","type":"image\/png"}],"twitter_card":"summary_large_image","twitter_site":"@talkpalai","twitter_misc":{"Est. reading time":"2 minut\u0117s"},"schema":{"@context":"https:\/\/schema.org","@graph":[{"@type":"WebPage","@id":"https:\/\/talkpal.ai\/lt\/bosnijos-gramatikos-pratimai\/","url":"https:\/\/talkpal.ai\/lt\/bosnijos-gramatikos-pratimai\/","name":"Bosnijos gramatikos pratimai - Talkpal","isPartOf":{"@id":"https:\/\/talkpal.ai\/lt\/#website"},"primaryImageOfPage":{"@id":"https:\/\/talkpal.ai\/lt\/bosnijos-gramatikos-pratimai\/#primaryimage"},"image":{"@id":"https:\/\/talkpal.ai\/lt\/bosnijos-gramatikos-pratimai\/#primaryimage"},"thumbnailUrl":"https:\/\/talkpal.ai\/wp-content\/uploads\/2023\/05\/bosnia-and-herzegovina.png","datePublished":"2023-06-16T12:01:29+00:00","dateModified":"2025-05-23T12:06:41+00:00","description":"I\u0161mokite bosni\u0173 kalbos su \u012fdomiais bosni\u0173 kalbos gramatikos pratimais, kurie pad\u0117s geriau suprasti sakini\u0173 strukt\u016bras ir laikus.","breadcrumb":{"@id":"https:\/\/talkpal.ai\/lt\/bosnijos-gramatikos-pratimai\/#breadcrumb"},"inLanguage":"lt-LT","potentialAction":[{"@type":"ReadAction","target":["https:\/\/talkpal.ai\/lt\/bosnijos-gramatikos-pratimai\/"]}]},{"@type":"ImageObject","inLanguage":"lt-LT","@id":"https:\/\/talkpal.ai\/lt\/bosnijos-gramatikos-pratimai\/#primaryimage","url":"https:\/\/talkpal.ai\/wp-content\/uploads\/2023\/05\/bosnia-and-herzegovina.png","contentUrl":"https:\/\/talkpal.ai\/wp-content\/uploads\/2023\/05\/bosnia-and-herzegovina.png","width":512,"height":512},{"@type":"BreadcrumbList","@id":"https:\/\/talkpal.ai\/lt\/bosnijos-gramatikos-pratimai\/#breadcrumb","itemListElement":[{"@type":"ListItem","position":1,"name":"Homepage","item":"https:\/\/talkpal.ai\/lt\/"},{"@type":"ListItem","position":2,"name":"Bosnijos gramatikos pratimai"}]},{"@type":"WebSite","@id":"https:\/\/talkpal.ai\/lt\/#website","url":"https:\/\/talkpal.ai\/lt\/","name":"Talkpal","description":"AI Language Learning","publisher":{"@id":"https:\/\/talkpal.ai\/lt\/#organization"},"alternateName":"Talkpal AI","potentialAction":[{"@type":"SearchAction","target":{"@type":"EntryPoint","urlTemplate":"https:\/\/talkpal.ai\/lt\/?s={search_term_string}"},"query-input":{"@type":"PropertyValueSpecification","valueRequired":true,"valueName":"search_term_string"}}],"inLanguage":"lt-LT"},{"@type":"Organization","@id":"https:\/\/talkpal.ai\/lt\/#organization","name":"Talkpal, Inc.","alternateName":"Talkpal AI","url":"https:\/\/talkpal.ai\/lt\/","logo":{"@type":"ImageObject","inLanguage":"lt-LT","@id":"https:\/\/talkpal.ai\/lt\/#\/schema\/logo\/image\/","url":"https:\/\/talkpal.ai\/wp-content\/uploads\/2024\/03\/Talkpal-Logo-Icon.png","contentUrl":"https:\/\/talkpal.ai\/wp-content\/uploads\/2024\/03\/Talkpal-Logo-Icon.png","width":2880,"height":2880,"caption":"Talkpal, Inc."},"image":{"@id":"https:\/\/talkpal.ai\/lt\/#\/schema\/logo\/image\/"},"sameAs":["https:\/\/www.facebook.com\/profile.php?id=100090733639311","https:\/\/x.com\/talkpalai","https:\/\/www.linkedin.com\/company\/talkpal\/","https:\/\/www.youtube.com\/@TalkPal\/","https:\/\/www.tiktok.com\/@talkpal","https:\/\/www.instagram.com\/talkpal_ai\/","https:\/\/www.crunchbase.com\/organization\/talkpal-9cde","https:\/\/www.g2.com\/products\/talkpal-for-business\/","https:\/\/www.trustpilot.com\/review\/talkpal.ai","https:\/\/www.capterra.com\/p\/10006800\/TalkPal\/"],"description":"Talkpal is a language learning web and mobile education app, powered by the latest AI technologies, that provides engaging experiences to its customers in many different languages to help them improve their language skills. Users can chat about unlimited amount of topics with the app and use other modes to practice their language learning.","email":"support@talkpal.ai","legalName":"Talkpal, Inc.","foundingDate":"2023-04-03","duns":"118989042","numberOfEmployees":{"@type":"QuantitativeValue","minValue":"11","maxValue":"50"},"publishingPrinciples":"https:\/\/talkpal.ai\/publishing-principles\/","actionableFeedbackPolicy":"https:\/\/talkpal.ai\/actionable-feedback-policy\/","correctionsPolicy":"https:\/\/talkpal.ai\/corrections-policy\/","ethicsPolicy":"https:\/\/talkpal.ai\/ethics-policy\/","diversityPolicy":"https:\/\/talkpal.ai\/diversity-policy\/","diversityStaffingReport":"https:\/\/talkpal.ai\/diversity-policy\/"}]}},"_links":{"self":[{"href":"https:\/\/talkpal.ai\/lt\/wp-json\/wp\/v2\/pages\/165083","targetHints":{"allow":["GET"]}}],"collection":[{"href":"https:\/\/talkpal.ai\/lt\/wp-json\/wp\/v2\/pages"}],"about":[{"href":"https:\/\/talkpal.ai\/lt\/wp-json\/wp\/v2\/types\/page"}],"author":[{"embeddable":true,"href":"https:\/\/talkpal.ai\/lt\/wp-json\/wp\/v2\/users\/6"}],"replies":[{"embeddable":true,"href":"https:\/\/talkpal.ai\/lt\/wp-json\/wp\/v2\/comments?post=165083"}],"version-history":[{"count":0,"href":"https:\/\/talkpal.ai\/lt\/wp-json\/wp\/v2\/pages\/165083\/revisions"}],"wp:featuredmedia":[{"embeddable":true,"href":"https:\/\/talkpal.ai\/lt\/wp-json\/wp\/v2\/media\/111356"}],"wp:attachment":[{"href":"https:\/\/talkpal.ai\/lt\/wp-json\/wp\/v2\/media?parent=165083"}],"curies":[{"name":"wp","href":"https:\/\/api.w.org\/{rel}","templated":true}]}}