{"id":164771,"date":"2023-06-16T12:39:48","date_gmt":"2023-06-16T12:39:48","guid":{"rendered":"http:\/\/talkpal.ai\/bulgaru-kalbos-gramatikos-pratimai\/"},"modified":"2025-05-23T11:59:35","modified_gmt":"2025-05-23T11:59:35","slug":"bulgaru-kalbos-gramatikos-pratimai","status":"publish","type":"page","link":"https:\/\/talkpal.ai\/lt\/bulgaru-kalbos-gramatikos-pratimai\/","title":{"rendered":"Bulgar\u0173 kalbos gramatikos pratimai"},"content":{"rendered":"\r\n\r\n\r\n<section class=\"languageChallengeSection\">\r\n    <div class=\"languageInfoWrapper\">\r\n        \r\n        <h1>Bulgar\u0173 kalbos gramatikos pratimai<\/h1>\r\n        <p>Norite pagerinti savo <a href=\"https:\/\/talkpal.ai\/learn-bulgarian\/\">bulgar\u0173<\/a> <a href=\"https:\/\/talkpal.ai\/what-language-is-spoken-on-the-international-space-station\/\">kalbos<\/a> \u012fg\u016bd\u017eius? Gramatikos pratimai yra puikus b\u016bdas \u012fsisavinti sakinio strukt\u016br\u0105, veiksma\u017eod\u017ei\u0173 formas ir unikalius bulgar\u0173 kalbos modelius. Prad\u0117kite mokytis bulgar\u0173 kalbos gramatikos \u0161iandien ir steb\u0117kite, kaip su kiekvienu pratimu auga j\u016bs\u0173 pasitik\u0117jimas savimi ir skland\u017eiai kalbate!<\/p>\r\n\r\n                            <a class=\"getStartedHidden\" href=\"https:\/\/app.talkpal.ai\/lt\/signup?lng=\">Prad\u0117k<\/a>\r\n        \r\n    <\/div>\r\n\r\n    <figure>\r\n    <img decoding=\"async\" width=\"768\" height=\"768\" src=\"https:\/\/talkpal.ai\/wp-content\/uploads\/2023\/06\/bulgarian-768x768.png\" class=\"languageImage no-lazy\" alt=\"Language learning for deeper cultural understanding\" fetchpriority=\"high\" sizes=\"(max-width: 768px) 150px, 768px\" srcset=\"https:\/\/talkpal.ai\/wp-content\/uploads\/2023\/06\/bulgarian-768x768.png 768w, https:\/\/talkpal.ai\/wp-content\/uploads\/2023\/06\/bulgarian-300x300.png 300w\" \/>\r\n    \r\n\r\n    <\/figure>\r\n\r\n            <a class=\"getStartedVisible\" href=\"https:\/\/app.talkpal.ai\/lt\/signup?lng=\">Prad\u0117k<\/a>\r\n    \r\n<\/section>\r\n\r\n\r\n<!-- <section class=\"grammarSection\">\r\n    <div class=\"grammarLinks\">\r\n            <\/div>\r\n<\/section> -->\r\n\r\n\r\n\r\n\r\n<section class=\"promotionalBanner\">\r\n    <p class=\"promotionalText\">Efektyviausias b\u016bdas mokytis kalbos<\/p>\r\n    <a class=\"promotionalLink\" href=\"https:\/\/app.talkpal.ai\/lt\/signup?lng=\">I\u0161bandykite Talkpal &#8221; nemokamai<\/a>\r\n<\/section>\n<div class=\"wp-block-group pageContainerStyle\"><div class=\"wp-block-group__inner-container is-layout-constrained wp-block-group-is-layout-constrained\">\n<h2 class=\"wp-block-heading\" id=\"h-bulgarian-grammar-topics\">Bulgar\u0173 kalbos gramatikos temos<\/h2>\n\n\n\n<p>Bulgar\u0173 kalba yra piet\u0173 slav\u0173 kalba, kuria daugiausia kalbama Bulgarijoje ir bulgar\u0173 bendruomen\u0117se kaimynin\u0117se \u0161alyse. \u0160i kalba yra oficiali Bulgarijos kalba, tod\u0117l ji atlieka svarb\u0173 vaidmen\u012f \u0161alies kult\u016broje, istorijoje ir kasdieniame gyvenime. Bulgar\u0173 <a href=\"https:\/\/talkpal.ai\/lt\/kaip-ismokti-kalba-per-talkpal-chat\/\">kalbos mokymasis<\/a> gali b\u016bti naudinga patirtis, nes <a href=\"https:\/\/talkpal.ai\/learn-thai\/\">tai<\/a> leid\u017eia tyrin\u0117ti turting\u0105 literat\u016br\u0105, gra\u017eius kra\u0161tovaizd\u017eius ir skani\u0105 \u0161alies virtuv\u0119. Norint \u012fvaldyti bulgar\u0173 kalb\u0105, b\u016btina suprasti jo gramatik\u0105, kuri turi unikali\u0173 savybi\u0173 ir strukt\u016br\u0173. \u0160iame vadove i\u0161nagrin\u0117sime svarbiausias bulgar\u0173 kalbos gramatikos temas, kurias tur\u0117tum\u0117te i\u0161mokti i\u0161 eil\u0117s, kad pasiektum\u0117te tvirt\u0105 kalbos pagrind\u0105.<\/p>\n\n\n\n<h3 class=\"wp-block-heading\" id=\"h-1-nouns\">1. Daiktavard\u017eiai:<\/h3>\n\n\n\n<p>Bulgar\u0173 daiktavard\u017eiai turi lyt\u012f (vyri\u0161k\u0105, moteri\u0161k\u0105 ir neuter\u012f), kur\u012f svarbu \u017einoti, nes jis turi \u012ftakos kit\u0173 \u017eod\u017ei\u0173 formai sakinyje, pvz., B\u016bdvard\u017eiuose ir straipsniuose. Jie taip pat turi vienaskaitos ir daugiskaitos formas, ta\u010diau, skirtingai nei <a href=\"https:\/\/talkpal.ai\/learn-english-with-ai\/\">angl\u0173<\/a> kalba, n\u0117ra atvej\u0173.<\/p>\n\n\n\n<h3 class=\"wp-block-heading\" id=\"h-2-articles\">2. Straipsniai:<\/h3>\n\n\n\n<p>Bulgar\u0173 kalba straipsniai pridedami prie daiktavard\u017eio, kur\u012f jie modifikuoja, pabaigos. Yra ai\u0161ki\u0173 ir neapibr\u0117\u017et\u0173 straipsni\u0173, jie kei\u010diasi pagal daiktavard\u017eio lyt\u012f ir skai\u010di\u0173.<\/p>\n\n\n\n<h3 class=\"wp-block-heading\" id=\"h-3-pronouns-determiners\">3. \u012evard\u017eiai\/determinantai:<\/h3>\n\n\n\n<p>Bulgar\u0173 kalba turi asmeninius, savininkinius, parodomuosius, klausiamuosius ir santykinius \u012fvard\u017eius. Jie sutinka lytimi ir skai\u010diumi su daiktavard\u017eiu, kur\u012f jie pakei\u010dia arba modifikuoja. Determinantai naudojami daiktavard\u017eiams nurodyti arba kiekybi\u0161kai \u012fvertinti.<\/p>\n\n\n\n<h3 class=\"wp-block-heading\" id=\"h-4-adjectives\">4. B\u016bdvard\u017eiai:<\/h3>\n\n\n\n<p>B\u016bdvard\u017eiai bulgar\u0173 kalba sutampa su lytimi, skai\u010diumi ir apibr\u0117\u017etumu su daiktavard\u017eiu, kur\u012f jie kei\u010dia. Jie turi tris palyginimo laipsnius &#8211; teigiam\u0105j\u012f, lyginam\u0105j\u012f ir lyginam\u0105j\u012f.<\/p>\n\n\n\n<h3 class=\"wp-block-heading\" id=\"h-5-adverbs\">5. Prieveiksmiai:<\/h3>\n\n\n\n<p>Prieveiksmiai modifikuoja veiksma\u017eod\u017eius, b\u016bdvard\u017eius ar kitus prieveiksmius. Jie nekei\u010dia savo formos ir yra labai svarb\u016bs laikui, vietai, b\u016bdui ir laipsniui i\u0161reik\u0161ti.<\/p>\n\n\n\n<h3 class=\"wp-block-heading\" id=\"h-6-verbs\">6. Veiksma\u017eod\u017eiai:<\/h3>\n\n\n\n<p>Bulgar\u0173 veiksma\u017eod\u017eiai turi tris pagrindines konjugacijas ir yra pasirinkti asmeniui, skai\u010diui, \u012ftampai, nuotaikai ir balsui. Norint tinkamai bendrauti, labai svarbu i\u0161mokti teising\u0105 konjugacij\u0105 ir suprasti skirtingus veiksma\u017eod\u017ei\u0173 aspektus.<\/p>\n\n\n\n<h3 class=\"wp-block-heading\" id=\"h-7-tenses\">7. Laikai:<\/h3>\n\n\n\n<p>Bulgar\u0173 kalba turi tris pagrindinius laikus &#8211; pra\u0117jus\u012f, esam\u0105j\u012f ir b\u016bsim\u0105j\u012f. I\u0161mokti formuoti ir naudoti \u0161iuos laikus yra b\u016btina norint suprasti ir i\u0161reik\u0161ti laik\u0105 bulgar\u0173 kalba.<\/p>\n\n\n\n<h3 class=\"wp-block-heading\" id=\"h-8-tense-comparison\">8. \u012etemptas palyginimas:<\/h3>\n\n\n\n<p>Geb\u0117jimas palyginti skirtingus laikus yra svarbus norint suprasti sud\u0117tingus sakinius ir i\u0161reik\u0161ti \u012fvairius laiko santykius bulgar\u0173 kalba.<\/p>\n\n\n\n<h3 class=\"wp-block-heading\" id=\"h-9-progressive\">9. Progresyvus:<\/h3>\n\n\n\n<p>Progresyvusis aspektas bulgar\u0173 kalba vartojamas vykdomiems veiksmams apib\u016bdinti. Jis gali b\u016bti sudarytas su pagalbiniais veiksma\u017eod\u017eiais ir dabartiniu pagrindinio veiksma\u017eod\u017eio dalyviu.<\/p>\n\n\n\n<h3 class=\"wp-block-heading\" id=\"h-10-perfect-progressive\">10. Tobulas progresyvus:<\/h3>\n\n\n\n<p>Tobulas progresyvus aspektas sujungia tobulus ir progresyvius aspektus, kad i\u0161reik\u0161t\u0173 veiksmus, kurie prasid\u0117jo praeityje, t\u0119siasi dabartyje ir gali t\u0119stis ateityje.<\/p>\n\n\n\n<h3 class=\"wp-block-heading\" id=\"h-11-conditionals\">11. S\u0105lygos:<\/h3>\n\n\n\n<p>Bulgar\u0173 kalboje yra trij\u0173 tip\u0173 s\u0105lygos &#8211; realios, nerealios ir potencialios. Jie naudojami hipotetin\u0117ms ar prie\u0161ingoms faktin\u0117ms situacijoms i\u0161reik\u0161ti, taip pat prognoz\u0117ms ar patarimams teikti.<\/p>\n\n\n\n<h3 class=\"wp-block-heading\" id=\"h-12-prepositions\">12. Prielinksniai:<\/h3>\n\n\n\n<p>Prielinksniai yra b\u016btini norint i\u0161reik\u0161ti ry\u0161ius tarp \u017eod\u017ei\u0173 sakinyje. Jie naudojami vietai, laikui, kryp\u010diai, prie\u017eas\u010diai ir kitiems ry\u0161iams nurodyti.<\/p>\n\n\n\n<h3 class=\"wp-block-heading\" id=\"h-13-sentences\">13. Sakiniai:<\/h3>\n\n\n\n<p>Norint veiksmingai bendrauti, labai svarbu i\u0161mokti formuoti paprastus ir sud\u0117tingus sakinius bulgar\u0173 kalba. <a href=\"https:\/\/talkpal.ai\/learn-thai\/\">Tai<\/a> apima teisingos \u017eod\u017ei\u0173 tvarkos, dalyko ir veiksma\u017eod\u017eio susitarimo supratim\u0105 ir jungtuk\u0173 bei kit\u0173 sakini\u0173 strukt\u016br\u0173 naudojim\u0105.<\/p>\n<\/div><\/div>\n\r\n<section class=\"learnNavigationSection\">\r\n            \r\n        <a href=\"https:\/\/talkpal.ai\/lt\/ismok-bulgaru-kalba\/\">\r\n            <div class=\"learnNavigationWrapper\">\r\n                <div class=\"learnNavigationContent\">\r\n                    <img decoding=\"async\" src=\"https:\/\/talkpal.ai\/wp-content\/uploads\/2024\/08\/Bulgarian.jpg\" alt=\"Bulgarian Flag\">\r\n                    <div>\r\n                        <h4>Apie bulgar\u0173 kalbos mokym\u0105si<\/h4>\r\n                        <p>Su\u017einokite visk\u0105 apie bulgar\u0173 kalbos gramatik\u0105.<\/p>\r\n                    <\/div>\r\n                <\/div>\r\n            <\/div>\r\n        <\/a>\r\n\r\n        \r\n        <a href=\"https:\/\/talkpal.ai\/lt\/bulgaru-kalbos-gramatika\/\">\r\n            <div class=\"learnNavigationWrapper\">\r\n                <div class=\"learnNavigationContent\">\r\n                    <img decoding=\"async\" src=\"https:\/\/talkpal.ai\/wp-content\/uploads\/2024\/08\/Bulgarian.jpg\" alt=\"Bulgarian Flag\">\r\n                    <div>\r\n                        <h4>Bulgar\u0173 kalbos gramatikos pamokos<\/h4>\r\n                        <p>Praktikuokite bulgar\u0173 kalbos gramatik\u0105.<\/p>\r\n                    <\/div>\r\n                <\/div>\r\n            <\/div>\r\n        <\/a>\r\n\r\n        \r\n        <a href=\"https:\/\/talkpal.ai\/vocabulary_language\/bulgarian\/\">\r\n            <div class=\"learnNavigationWrapper\">\r\n                <div class=\"learnNavigationContent\">\r\n                    <img decoding=\"async\" src=\"https:\/\/talkpal.ai\/wp-content\/uploads\/2024\/08\/Bulgarian.jpg\" alt=\"Bulgarian Flag\">\r\n                    <div>\r\n                        <h4>Bulgar\u0173 kalbos \u017eodynas<\/h4>\r\n                        <p>Prapl\u0117skite savo bulgar\u0173 kalbos \u017eodyn\u0105.<\/p>\r\n                    <\/div>\r\n                <\/div>\r\n            <\/div>\r\n        <\/a>\r\n\r\n            <\/section>","protected":false},"excerpt":{"rendered":"<p>Bulgar\u0173 kalbos gramatikos temos Bulgar\u0173 kalba yra piet\u0173 slav\u0173 kalba, kuria daugiausia kalbama Bulgarijoje ir bulgar\u0173 bendruomen\u0117se kaimynin\u0117se \u0161alyse. \u0160i kalba yra oficiali Bulgarijos kalba, tod\u0117l ji atlieka svarb\u0173 vaidmen\u012f \u0161alies kult\u016broje, istorijoje ir kasdieniame gyvenime. Bulgar\u0173 kalbos mokymasis gali b\u016bti naudinga patirtis, nes tai leid\u017eia tyrin\u0117ti turting\u0105 literat\u016br\u0105, gra\u017eius kra\u0161tovaizd\u017eius ir skani\u0105 \u0161alies virtuv\u0119. [&hellip;]<\/p>\n","protected":false},"author":6,"featured_media":111152,"parent":0,"menu_order":0,"comment_status":"closed","ping_status":"closed","template":"LearningContentPage.php","meta":{"_acf_changed":false,"footnotes":""},"class_list":["post-164771","page","type-page","status-publish","has-post-thumbnail","hentry"],"acf":[],"yoast_head":"<!-- This site is optimized with the Yoast SEO Premium plugin v27.2 (Yoast SEO v27.2) - https:\/\/yoast.com\/product\/yoast-seo-premium-wordpress\/ -->\n<title>Bulgar\u0173 kalbos gramatikos pratimai - Talkpal<\/title>\n<meta name=\"description\" content=\"Pagerinkite savo kalbos \u012fg\u016bd\u017eius naudodami bulgar\u0173 kalbos gramatikos pratimus. \u012esisavinkite gramatik\u0105, kad \u012fgytum\u0117te tvirtus bulgar\u0173 kalbos pagrindus.\" \/>\n<meta name=\"robots\" content=\"index, follow, max-snippet:-1, max-image-preview:large, max-video-preview:-1\" \/>\n<link rel=\"canonical\" href=\"https:\/\/talkpal.ai\/lt\/bulgaru-kalbos-gramatikos-pratimai\/\" \/>\n<meta property=\"og:locale\" content=\"lt_LT\" \/>\n<meta property=\"og:type\" content=\"article\" \/>\n<meta property=\"og:title\" content=\"Bulgar\u0173 kalbos gramatikos pratimai\" \/>\n<meta property=\"og:description\" content=\"Bulgar\u0173 kalbos gramatikos temos Bulgar\u0173 kalba yra piet\u0173 slav\u0173 kalba, kuria daugiausia kalbama Bulgarijoje ir bulgar\u0173 bendruomen\u0117se kaimynin\u0117se \u0161alyse. \u0160i\" \/>\n<meta property=\"og:url\" content=\"https:\/\/talkpal.ai\/lt\/bulgaru-kalbos-gramatikos-pratimai\/\" \/>\n<meta property=\"og:site_name\" content=\"Talkpal\" \/>\n<meta property=\"article:publisher\" content=\"https:\/\/www.facebook.com\/profile.php?id=100090733639311\" \/>\n<meta property=\"article:modified_time\" content=\"2025-05-23T11:59:35+00:00\" \/>\n<meta property=\"og:image\" content=\"https:\/\/talkpal.ai\/wp-content\/uploads\/2023\/05\/bulgaria.png\" \/>\n\t<meta property=\"og:image:width\" content=\"512\" \/>\n\t<meta property=\"og:image:height\" content=\"512\" \/>\n\t<meta property=\"og:image:type\" content=\"image\/png\" \/>\n<meta name=\"twitter:card\" content=\"summary_large_image\" \/>\n<meta name=\"twitter:site\" content=\"@talkpalai\" \/>\n<meta name=\"twitter:label1\" content=\"Est. reading time\" \/>\n\t<meta name=\"twitter:data1\" content=\"3 minut\u0117s\" \/>\n<script type=\"application\/ld+json\" class=\"yoast-schema-graph\">{\"@context\":\"https:\/\/schema.org\",\"@graph\":[{\"@type\":\"WebPage\",\"@id\":\"https:\/\/talkpal.ai\/lt\/bulgaru-kalbos-gramatikos-pratimai\/\",\"url\":\"https:\/\/talkpal.ai\/lt\/bulgaru-kalbos-gramatikos-pratimai\/\",\"name\":\"Bulgar\u0173 kalbos gramatikos pratimai - Talkpal\",\"isPartOf\":{\"@id\":\"https:\/\/talkpal.ai\/lt\/#website\"},\"primaryImageOfPage\":{\"@id\":\"https:\/\/talkpal.ai\/lt\/bulgaru-kalbos-gramatikos-pratimai\/#primaryimage\"},\"image\":{\"@id\":\"https:\/\/talkpal.ai\/lt\/bulgaru-kalbos-gramatikos-pratimai\/#primaryimage\"},\"thumbnailUrl\":\"https:\/\/talkpal.ai\/wp-content\/uploads\/2023\/05\/bulgaria.png\",\"datePublished\":\"2023-06-16T12:39:48+00:00\",\"dateModified\":\"2025-05-23T11:59:35+00:00\",\"description\":\"Pagerinkite savo kalbos \u012fg\u016bd\u017eius naudodami bulgar\u0173 kalbos gramatikos pratimus. \u012esisavinkite gramatik\u0105, kad \u012fgytum\u0117te tvirtus bulgar\u0173 kalbos pagrindus.\",\"breadcrumb\":{\"@id\":\"https:\/\/talkpal.ai\/lt\/bulgaru-kalbos-gramatikos-pratimai\/#breadcrumb\"},\"inLanguage\":\"lt-LT\",\"potentialAction\":[{\"@type\":\"ReadAction\",\"target\":[\"https:\/\/talkpal.ai\/lt\/bulgaru-kalbos-gramatikos-pratimai\/\"]}]},{\"@type\":\"ImageObject\",\"inLanguage\":\"lt-LT\",\"@id\":\"https:\/\/talkpal.ai\/lt\/bulgaru-kalbos-gramatikos-pratimai\/#primaryimage\",\"url\":\"https:\/\/talkpal.ai\/wp-content\/uploads\/2023\/05\/bulgaria.png\",\"contentUrl\":\"https:\/\/talkpal.ai\/wp-content\/uploads\/2023\/05\/bulgaria.png\",\"width\":512,\"height\":512},{\"@type\":\"BreadcrumbList\",\"@id\":\"https:\/\/talkpal.ai\/lt\/bulgaru-kalbos-gramatikos-pratimai\/#breadcrumb\",\"itemListElement\":[{\"@type\":\"ListItem\",\"position\":1,\"name\":\"Homepage\",\"item\":\"https:\/\/talkpal.ai\/lt\/\"},{\"@type\":\"ListItem\",\"position\":2,\"name\":\"Bulgar\u0173 kalbos gramatikos pratimai\"}]},{\"@type\":\"WebSite\",\"@id\":\"https:\/\/talkpal.ai\/lt\/#website\",\"url\":\"https:\/\/talkpal.ai\/lt\/\",\"name\":\"Talkpal\",\"description\":\"AI Language Learning\",\"publisher\":{\"@id\":\"https:\/\/talkpal.ai\/lt\/#organization\"},\"alternateName\":\"Talkpal AI\",\"potentialAction\":[{\"@type\":\"SearchAction\",\"target\":{\"@type\":\"EntryPoint\",\"urlTemplate\":\"https:\/\/talkpal.ai\/lt\/?s={search_term_string}\"},\"query-input\":{\"@type\":\"PropertyValueSpecification\",\"valueRequired\":true,\"valueName\":\"search_term_string\"}}],\"inLanguage\":\"lt-LT\"},{\"@type\":\"Organization\",\"@id\":\"https:\/\/talkpal.ai\/lt\/#organization\",\"name\":\"Talkpal, Inc.\",\"alternateName\":\"Talkpal AI\",\"url\":\"https:\/\/talkpal.ai\/lt\/\",\"logo\":{\"@type\":\"ImageObject\",\"inLanguage\":\"lt-LT\",\"@id\":\"https:\/\/talkpal.ai\/lt\/#\/schema\/logo\/image\/\",\"url\":\"https:\/\/talkpal.ai\/wp-content\/uploads\/2024\/03\/Talkpal-Logo-Icon.png\",\"contentUrl\":\"https:\/\/talkpal.ai\/wp-content\/uploads\/2024\/03\/Talkpal-Logo-Icon.png\",\"width\":2880,\"height\":2880,\"caption\":\"Talkpal, Inc.\"},\"image\":{\"@id\":\"https:\/\/talkpal.ai\/lt\/#\/schema\/logo\/image\/\"},\"sameAs\":[\"https:\/\/www.facebook.com\/profile.php?id=100090733639311\",\"https:\/\/x.com\/talkpalai\",\"https:\/\/www.linkedin.com\/company\/talkpal\/\",\"https:\/\/www.youtube.com\/@TalkPal\/\",\"https:\/\/www.tiktok.com\/@talkpal\",\"https:\/\/www.instagram.com\/talkpal_ai\/\",\"https:\/\/www.crunchbase.com\/organization\/talkpal-9cde\",\"https:\/\/www.g2.com\/products\/talkpal-for-business\/\",\"https:\/\/www.trustpilot.com\/review\/talkpal.ai\",\"https:\/\/www.capterra.com\/p\/10006800\/TalkPal\/\"],\"description\":\"Talkpal is a language learning web and mobile education app, powered by the latest AI technologies, that provides engaging experiences to its customers in many different languages to help them improve their language skills. Users can chat about unlimited amount of topics with the app and use other modes to practice their language learning.\",\"email\":\"support@talkpal.ai\",\"legalName\":\"Talkpal, Inc.\",\"foundingDate\":\"2023-04-03\",\"duns\":\"118989042\",\"numberOfEmployees\":{\"@type\":\"QuantitativeValue\",\"minValue\":\"11\",\"maxValue\":\"50\"},\"publishingPrinciples\":\"https:\/\/talkpal.ai\/publishing-principles\/\",\"actionableFeedbackPolicy\":\"https:\/\/talkpal.ai\/actionable-feedback-policy\/\",\"correctionsPolicy\":\"https:\/\/talkpal.ai\/corrections-policy\/\",\"ethicsPolicy\":\"https:\/\/talkpal.ai\/ethics-policy\/\",\"diversityPolicy\":\"https:\/\/talkpal.ai\/diversity-policy\/\",\"diversityStaffingReport\":\"https:\/\/talkpal.ai\/diversity-policy\/\"}]}<\/script>\n<!-- \/ Yoast SEO Premium plugin. -->","yoast_head_json":{"title":"Bulgar\u0173 kalbos gramatikos pratimai - Talkpal","description":"Pagerinkite savo kalbos \u012fg\u016bd\u017eius naudodami bulgar\u0173 kalbos gramatikos pratimus. \u012esisavinkite gramatik\u0105, kad \u012fgytum\u0117te tvirtus bulgar\u0173 kalbos pagrindus.","robots":{"index":"index","follow":"follow","max-snippet":"max-snippet:-1","max-image-preview":"max-image-preview:large","max-video-preview":"max-video-preview:-1"},"canonical":"https:\/\/talkpal.ai\/lt\/bulgaru-kalbos-gramatikos-pratimai\/","og_locale":"lt_LT","og_type":"article","og_title":"Bulgar\u0173 kalbos gramatikos pratimai","og_description":"Bulgar\u0173 kalbos gramatikos temos Bulgar\u0173 kalba yra piet\u0173 slav\u0173 kalba, kuria daugiausia kalbama Bulgarijoje ir bulgar\u0173 bendruomen\u0117se kaimynin\u0117se \u0161alyse. \u0160i","og_url":"https:\/\/talkpal.ai\/lt\/bulgaru-kalbos-gramatikos-pratimai\/","og_site_name":"Talkpal","article_publisher":"https:\/\/www.facebook.com\/profile.php?id=100090733639311","article_modified_time":"2025-05-23T11:59:35+00:00","og_image":[{"width":512,"height":512,"url":"https:\/\/talkpal.ai\/wp-content\/uploads\/2023\/05\/bulgaria.png","type":"image\/png"}],"twitter_card":"summary_large_image","twitter_site":"@talkpalai","twitter_misc":{"Est. reading time":"3 minut\u0117s"},"schema":{"@context":"https:\/\/schema.org","@graph":[{"@type":"WebPage","@id":"https:\/\/talkpal.ai\/lt\/bulgaru-kalbos-gramatikos-pratimai\/","url":"https:\/\/talkpal.ai\/lt\/bulgaru-kalbos-gramatikos-pratimai\/","name":"Bulgar\u0173 kalbos gramatikos pratimai - Talkpal","isPartOf":{"@id":"https:\/\/talkpal.ai\/lt\/#website"},"primaryImageOfPage":{"@id":"https:\/\/talkpal.ai\/lt\/bulgaru-kalbos-gramatikos-pratimai\/#primaryimage"},"image":{"@id":"https:\/\/talkpal.ai\/lt\/bulgaru-kalbos-gramatikos-pratimai\/#primaryimage"},"thumbnailUrl":"https:\/\/talkpal.ai\/wp-content\/uploads\/2023\/05\/bulgaria.png","datePublished":"2023-06-16T12:39:48+00:00","dateModified":"2025-05-23T11:59:35+00:00","description":"Pagerinkite savo kalbos \u012fg\u016bd\u017eius naudodami bulgar\u0173 kalbos gramatikos pratimus. \u012esisavinkite gramatik\u0105, kad \u012fgytum\u0117te tvirtus bulgar\u0173 kalbos pagrindus.","breadcrumb":{"@id":"https:\/\/talkpal.ai\/lt\/bulgaru-kalbos-gramatikos-pratimai\/#breadcrumb"},"inLanguage":"lt-LT","potentialAction":[{"@type":"ReadAction","target":["https:\/\/talkpal.ai\/lt\/bulgaru-kalbos-gramatikos-pratimai\/"]}]},{"@type":"ImageObject","inLanguage":"lt-LT","@id":"https:\/\/talkpal.ai\/lt\/bulgaru-kalbos-gramatikos-pratimai\/#primaryimage","url":"https:\/\/talkpal.ai\/wp-content\/uploads\/2023\/05\/bulgaria.png","contentUrl":"https:\/\/talkpal.ai\/wp-content\/uploads\/2023\/05\/bulgaria.png","width":512,"height":512},{"@type":"BreadcrumbList","@id":"https:\/\/talkpal.ai\/lt\/bulgaru-kalbos-gramatikos-pratimai\/#breadcrumb","itemListElement":[{"@type":"ListItem","position":1,"name":"Homepage","item":"https:\/\/talkpal.ai\/lt\/"},{"@type":"ListItem","position":2,"name":"Bulgar\u0173 kalbos gramatikos pratimai"}]},{"@type":"WebSite","@id":"https:\/\/talkpal.ai\/lt\/#website","url":"https:\/\/talkpal.ai\/lt\/","name":"Talkpal","description":"AI Language Learning","publisher":{"@id":"https:\/\/talkpal.ai\/lt\/#organization"},"alternateName":"Talkpal AI","potentialAction":[{"@type":"SearchAction","target":{"@type":"EntryPoint","urlTemplate":"https:\/\/talkpal.ai\/lt\/?s={search_term_string}"},"query-input":{"@type":"PropertyValueSpecification","valueRequired":true,"valueName":"search_term_string"}}],"inLanguage":"lt-LT"},{"@type":"Organization","@id":"https:\/\/talkpal.ai\/lt\/#organization","name":"Talkpal, Inc.","alternateName":"Talkpal AI","url":"https:\/\/talkpal.ai\/lt\/","logo":{"@type":"ImageObject","inLanguage":"lt-LT","@id":"https:\/\/talkpal.ai\/lt\/#\/schema\/logo\/image\/","url":"https:\/\/talkpal.ai\/wp-content\/uploads\/2024\/03\/Talkpal-Logo-Icon.png","contentUrl":"https:\/\/talkpal.ai\/wp-content\/uploads\/2024\/03\/Talkpal-Logo-Icon.png","width":2880,"height":2880,"caption":"Talkpal, Inc."},"image":{"@id":"https:\/\/talkpal.ai\/lt\/#\/schema\/logo\/image\/"},"sameAs":["https:\/\/www.facebook.com\/profile.php?id=100090733639311","https:\/\/x.com\/talkpalai","https:\/\/www.linkedin.com\/company\/talkpal\/","https:\/\/www.youtube.com\/@TalkPal\/","https:\/\/www.tiktok.com\/@talkpal","https:\/\/www.instagram.com\/talkpal_ai\/","https:\/\/www.crunchbase.com\/organization\/talkpal-9cde","https:\/\/www.g2.com\/products\/talkpal-for-business\/","https:\/\/www.trustpilot.com\/review\/talkpal.ai","https:\/\/www.capterra.com\/p\/10006800\/TalkPal\/"],"description":"Talkpal is a language learning web and mobile education app, powered by the latest AI technologies, that provides engaging experiences to its customers in many different languages to help them improve their language skills. Users can chat about unlimited amount of topics with the app and use other modes to practice their language learning.","email":"support@talkpal.ai","legalName":"Talkpal, Inc.","foundingDate":"2023-04-03","duns":"118989042","numberOfEmployees":{"@type":"QuantitativeValue","minValue":"11","maxValue":"50"},"publishingPrinciples":"https:\/\/talkpal.ai\/publishing-principles\/","actionableFeedbackPolicy":"https:\/\/talkpal.ai\/actionable-feedback-policy\/","correctionsPolicy":"https:\/\/talkpal.ai\/corrections-policy\/","ethicsPolicy":"https:\/\/talkpal.ai\/ethics-policy\/","diversityPolicy":"https:\/\/talkpal.ai\/diversity-policy\/","diversityStaffingReport":"https:\/\/talkpal.ai\/diversity-policy\/"}]}},"_links":{"self":[{"href":"https:\/\/talkpal.ai\/lt\/wp-json\/wp\/v2\/pages\/164771","targetHints":{"allow":["GET"]}}],"collection":[{"href":"https:\/\/talkpal.ai\/lt\/wp-json\/wp\/v2\/pages"}],"about":[{"href":"https:\/\/talkpal.ai\/lt\/wp-json\/wp\/v2\/types\/page"}],"author":[{"embeddable":true,"href":"https:\/\/talkpal.ai\/lt\/wp-json\/wp\/v2\/users\/6"}],"replies":[{"embeddable":true,"href":"https:\/\/talkpal.ai\/lt\/wp-json\/wp\/v2\/comments?post=164771"}],"version-history":[{"count":0,"href":"https:\/\/talkpal.ai\/lt\/wp-json\/wp\/v2\/pages\/164771\/revisions"}],"wp:featuredmedia":[{"embeddable":true,"href":"https:\/\/talkpal.ai\/lt\/wp-json\/wp\/v2\/media\/111152"}],"wp:attachment":[{"href":"https:\/\/talkpal.ai\/lt\/wp-json\/wp\/v2\/media?parent=164771"}],"curies":[{"name":"wp","href":"https:\/\/api.w.org\/{rel}","templated":true}]}}