{"id":164092,"date":"2023-06-16T13:02:09","date_gmt":"2023-06-16T13:02:09","guid":{"rendered":"http:\/\/talkpal.ai\/kroatu-kalbos-gramatikos-pratimai\/"},"modified":"2025-12-17T16:26:21","modified_gmt":"2025-12-17T16:26:21","slug":"kroatu-kalbos-gramatikos-pratimai","status":"publish","type":"page","link":"https:\/\/talkpal.ai\/lt\/kroatu-kalbos-gramatikos-pratimai\/","title":{"rendered":"Kroat\u0173 kalbos gramatikos pratimai"},"content":{"rendered":"\r\n\r\n\r\n<section class=\"languageChallengeSection\">\r\n    <div class=\"languageInfoWrapper\">\r\n        \r\n        <h1>Kroat\u0173 kalbos gramatikos pratimai<\/h1>\r\n        <p>Norite geriau i\u0161mokti <a href=\"https:\/\/talkpal.ai\/learn-croatian\/\">kroat\u0173<\/a> kalb\u0105? Gramatikos pratimai pad\u0117s i\u0161mokti sakinio strukt\u016br\u0105, veiksma\u017eod\u017ei\u0173 formas ir unikalias kroat\u0173 <a href=\"https:\/\/talkpal.ai\/what-language-is-spoken-on-the-international-space-station\/\">kalbos<\/a> ypatybes. Prad\u0117kite tyrin\u0117ti kroat\u0173 kalbos gramatik\u0105 \u0161iandien ir steb\u0117kite, kaip su kiekvienu nauju pratimu ger\u0117ja j\u016bs\u0173 \u012fg\u016bd\u017eiai ir sklandumas!\n\n<\/p>\r\n\r\n                            <a class=\"getStartedHidden\" href=\"https:\/\/app.talkpal.ai\/lt\/signup?lng=\">Prad\u0117k<\/a>\r\n        \r\n    <\/div>\r\n\r\n    <figure>\r\n    <img decoding=\"async\" width=\"768\" height=\"768\" src=\"https:\/\/talkpal.ai\/wp-content\/uploads\/2023\/06\/croatian-768x768.png\" class=\"languageImage no-lazy\" alt=\"Language learning for successful interaction\" fetchpriority=\"high\" sizes=\"(max-width: 768px) 150px, 768px\" srcset=\"https:\/\/talkpal.ai\/wp-content\/uploads\/2023\/06\/croatian-768x768.png 768w, https:\/\/talkpal.ai\/wp-content\/uploads\/2023\/06\/croatian-300x300.png 300w\" \/>\r\n    \r\n\r\n    <\/figure>\r\n\r\n            <a class=\"getStartedVisible\" href=\"https:\/\/app.talkpal.ai\/lt\/signup?lng=\">Prad\u0117k<\/a>\r\n    \r\n<\/section>\r\n\r\n\r\n<!-- <section class=\"grammarSection\">\r\n    <div class=\"grammarLinks\">\r\n            <\/div>\r\n<\/section> -->\r\n\r\n\r\n\r\n\r\n<section class=\"promotionalBanner\">\r\n    <p class=\"promotionalText\">Efektyviausias b\u016bdas mokytis kalbos<\/p>\r\n    <a class=\"promotionalLink\" href=\"https:\/\/app.talkpal.ai\/lt\/signup?lng=\">I\u0161bandykite Talkpal &#8221; nemokamai<\/a>\r\n<\/section>\n<div class=\"wp-block-group pageContainerStyle\"><div class=\"wp-block-group__inner-container is-layout-constrained wp-block-group-is-layout-constrained\">\n<h2 class=\"wp-block-heading\" id=\"h-croatian-grammar-topics\">Kroat\u0173 kalbos gramatikos temos<\/h2>\n\n\n\n<p>Kroat\u0173 kalba, piet\u0173 slav\u0173 kalba, yra oficiali Kroatijos kalba ir viena i\u0161 oficiali\u0173 <a href=\"https:\/\/talkpal.ai\/learn-bosnian\/\">Bosnijos<\/a> ir Hercegovinos kalb\u0173. <a href=\"https:\/\/talkpal.ai\/learn-thai\/\">Tai<\/a> sud\u0117tinga ir turtinga kalba, turinti ilg\u0105 istorij\u0105 ir unikali\u0105 gramatikos sistem\u0105. Besimokantiesiems labai svarbu suprasti pagrindinius kroat\u0173 kalbos gramatikos aspektus, kad jie mok\u0117t\u0173 kalb\u0105. \u0160is vadovas pad\u0117s jums nar\u0161yti pagrindines gramatikos temas, tokias kaip laikai, veiksma\u017eod\u017eiai, daiktavard\u017eiai ir kt., tokia seka, kuri palengvins j\u016bs\u0173 mokymosi proces\u0105 ir suteiks tvirt\u0105 pagrind\u0105 \u012fsisavinti \u0161i\u0105 gra\u017ei\u0105 kalb\u0105.<\/p>\n\n\n\n<h3 class=\"wp-block-heading\" id=\"h-1-nouns\">1. Daiktavard\u017eiai:<\/h3>\n\n\n\n<p>Daiktavard\u017eiai yra pirmasis bet kurios kalbos elementas, o kroat\u0173 kalbos daiktavard\u017eiai yra trij\u0173 ly\u010di\u0173 &#8211; vyri\u0161kosios, moteri\u0161kosios ir gimin\u0117s &#8211; ir <a href=\"https:\/\/talkpal.ai\/learn-thai\/\">tai<\/a> turi \u012ftakos j\u0173 linksniavimui bei derinimui su b\u016bdvard\u017eiais ir \u012fvard\u017eiais. Susipa\u017einkite su skirtingomis lytimis ir j\u0173 atitinkamomis gal\u016bn\u0117mis.<\/p>\n\n\n\n<h3 class=\"wp-block-heading\" id=\"h-2-articles\">2. Straipsniai:<\/h3>\n\n\n\n<p>Kroat\u0173 kalboje n\u0117ra toki\u0173 artikeli\u0173 kaip <a href=\"https:\/\/talkpal.ai\/learn-english-with-ai\/\">angl\u0173<\/a> kalboje, tod\u0117l pradedantiesiems lengviau <a href=\"https:\/\/talkpal.ai\/ko\/ai-%ec%96%b8%ec%96%b4-%ea%b5%90%ec%82%ac\/\">prad\u0117ti<\/a> kurti paprastus sakinius nesir\u016bpinant d\u0117l artikeli\u0173 vartojimo.<\/p>\n\n\n\n<h3 class=\"wp-block-heading\" id=\"h-3-pronouns-determiners\">3. \u012evard\u017eiai\/determinantai:<\/h3>\n\n\n\n<p>\u012evard\u017eiai naudojami daiktavard\u017eiams pakeisti sakiniuose, o determinantai nurodo daiktavard\u017eio specifi\u0161kum\u0105. Su\u017einokite \u012fvairi\u0173 tip\u0173 \u012fvard\u017eius (asmeninius, turininius, demonstracinius ir kt.) ir j\u0173 atmetim\u0105 pagal lyt\u012f, skai\u010di\u0173 ir atvej\u012f.<\/p>\n\n\n\n<h3 class=\"wp-block-heading\" id=\"h-4-adjectives\">4. B\u016bdvard\u017eiai:<\/h3>\n\n\n\n<p>B\u016bdvard\u017eiai apib\u016bdina daiktavard\u017ei\u0173 savybes ir sutinka su modifikuojamo daiktavard\u017eio lytimi, skai\u010diumi ir atveju. Su\u017einokite pagrindines b\u016bdvard\u017ei\u0173 formas ir deklaravimo modelius.<\/p>\n\n\n\n<h3 class=\"wp-block-heading\" id=\"h-5-verbs\">5. Veiksma\u017eod\u017eiai:<\/h3>\n\n\n\n<p>Veiksma\u017eod\u017eiai yra bet kurio sakinio pagrindas, i\u0161rei\u0161kiantis veiksmus ar b\u016bsenas. Kroat\u0173 veiksma\u017eod\u017eiai konjuguojami pagal \u012ftamp\u0105, nuotaik\u0105, bals\u0105 ir asmen\u012f. Prad\u0117kite nuo labiausiai paplitusi\u0173 reguliari\u0173 veiksma\u017eod\u017ei\u0173 ir j\u0173 konjugacijos modeli\u0173 dabartin\u0117je \u012ftampoje.<\/p>\n\n\n\n<h3 class=\"wp-block-heading\" id=\"h-6-tenses\">6. Laikai:<\/h3>\n\n\n\n<p>Kroat\u0173 kalboje yra septyni laikai: esamasis, b\u016bsimasis I, b\u016bsimasis II, b\u016btasis, b\u016btasis kartinis, b\u016btasis kartinis ir nebaigtinis. Prad\u0117kite nuo dabartin\u0117s \u012ftampos, tada pereikite prie praeities ir ateities laik\u0173, mokydamiesi kiekvieno konjugacijos modeli\u0173.<\/p>\n\n\n\n<h3 class=\"wp-block-heading\" id=\"h-7-tense-comparison\">7. \u012etemptas palyginimas:<\/h3>\n\n\n\n<p>Suprasti skirtumus ir pana\u0161umus tarp laik\u0173 yra labai svarbu \u012fvaldant <a href=\"https:\/\/talkpal.ai\/lt\/ismok-kroatu-kalba\/\">kroat\u0173 kalb\u0105<\/a>. Palyginkite laikus ir praktikuokite juos naudoti kontekste.<\/p>\n\n\n\n<h3 class=\"wp-block-heading\" id=\"h-8-progressive\">8. Progresyvus:<\/h3>\n\n\n\n<p>Progresyvus aspektas i\u0161rei\u0161kia veiksmus, kurie yra nuolatiniai arba t\u0119stiniai. Kroat\u0173 kalba neturi atskiros progresyvios formos, kaip angl\u0173 kalba, ta\u010diau progresyvi\u0105 reik\u0161m\u0119 galite perteikti naudodami konkre\u010dias veiksma\u017eod\u017ei\u0173 formas, prieveiksmius ar konstrukcijas.<\/p>\n\n\n\n<h3 class=\"wp-block-heading\" id=\"h-9-perfect-progressive\">9. Tobulas progresyvus:<\/h3>\n\n\n\n<p>\u0160is aspektas apjungia tobulas ir progresyvias reik\u0161mes. Kroat\u0173 kalba jis i\u0161rei\u0161kiamas naudojant tobul\u0105 \u012ftamp\u0105 su konkre\u010dia veiksma\u017eod\u017eio forma arba konstrukcija, rodan\u010dia nuolatin\u012f veiksm\u0105.<\/p>\n\n\n\n<h3 class=\"wp-block-heading\" id=\"h-10-adverbs\">10. Prieveiksmiai:<\/h3>\n\n\n\n<p>Prieveiksmiai modifikuoja veiksma\u017eod\u017eius, b\u016bdvard\u017eius ar kitus prieveiksmius ir paprastai nurodo b\u016bd\u0105, viet\u0105, laik\u0105 ar laipsn\u012f. Su\u017einokite labiausiai paplitusius kroat\u0173 prieveiksmius ir j\u0173 i\u0161d\u0117stym\u0105 sakiniuose.<\/p>\n\n\n\n<h3 class=\"wp-block-heading\" id=\"h-11-prepositions\">11. Prielinksniai:<\/h3>\n\n\n\n<p>Prielinksniai naudojami ry\u0161iams tarp \u017eod\u017ei\u0173 nurodyti, pvz., vieta, kryptis, laikas ar tur\u0117jimas. Su\u017einokite da\u017eniausiai pasitaikan\u010dius kroat\u0173 prielinksnius ir j\u0173 atvejus.<\/p>\n\n\n\n<h3 class=\"wp-block-heading\" id=\"h-12-conditionals\">12. S\u0105lygos:<\/h3>\n\n\n\n<p>S\u0105lygos i\u0161rei\u0161kia hipotetines situacijas ar s\u0105lygas ir j\u0173 pasekmes. Kroat\u0173 kalboje yra trij\u0173 tip\u0173 s\u0105lygos &#8211; tikrosios, netikrosios ir mi\u0161riosios. Su\u017einokite apie kiekvieno tipo formavim\u0105 ir naudojim\u0105.<\/p>\n\n\n\n<h3 class=\"wp-block-heading\" id=\"h-13-sentences\">13. Sakiniai:<\/h3>\n\n\n\n<p>Galiausiai praktikuokit\u0117s derinti visus i\u0161moktus gramatikos elementus, kad sukurtum\u0117te paprastus ir sud\u0117tingus sakinius kroat\u0173 kalba. Tai pad\u0117s jums lavinti kalbos sklandum\u0105 ir supratim\u0105 apie kroat\u0173 kalbos gramatik\u0105 kaip visum\u0105.<\/p>\n<\/div><\/div>\n\r\n<section class=\"learnNavigationSection\">\r\n            \r\n        <a href=\"https:\/\/talkpal.ai\/lt\/ismok-kroatu-kalba\/\">\r\n            <div class=\"learnNavigationWrapper\">\r\n                <div class=\"learnNavigationContent\">\r\n                    <img decoding=\"async\" src=\"https:\/\/talkpal.ai\/wp-content\/uploads\/2024\/08\/Croatian.jpg\" alt=\"Croatian Flag\">\r\n                    <div>\r\n                        <h4>Apie kroat\u0173 kalbos mokym\u0105si<\/h4>\r\n                        <p>Su\u017einokite visk\u0105 apie kroat\u0173 kalbos gramatik\u0105.<\/p>\r\n                    <\/div>\r\n                <\/div>\r\n            <\/div>\r\n        <\/a>\r\n\r\n        \r\n        <a href=\"https:\/\/talkpal.ai\/lt\/kroatu-kalbos-gramatika\/\">\r\n            <div class=\"learnNavigationWrapper\">\r\n                <div class=\"learnNavigationContent\">\r\n                    <img decoding=\"async\" src=\"https:\/\/talkpal.ai\/wp-content\/uploads\/2024\/08\/Croatian.jpg\" alt=\"Croatian Flag\">\r\n                    <div>\r\n                        <h4>Kroat\u0173 kalbos gramatikos pamokos<\/h4>\r\n                        <p>Praktikuokite kroat\u0173 kalbos gramatik\u0105.<\/p>\r\n                    <\/div>\r\n                <\/div>\r\n            <\/div>\r\n        <\/a>\r\n\r\n        \r\n        <a href=\"https:\/\/talkpal.ai\/vocabulary_language\/croatian\/\">\r\n            <div class=\"learnNavigationWrapper\">\r\n                <div class=\"learnNavigationContent\">\r\n                    <img decoding=\"async\" src=\"https:\/\/talkpal.ai\/wp-content\/uploads\/2024\/08\/Croatian.jpg\" alt=\"Croatian Flag\">\r\n                    <div>\r\n                        <h4>Kroat\u0173 kalbos \u017eodynas<\/h4>\r\n                        <p>Prapl\u0117skite savo kroat\u0173 kalbos \u017eodyn\u0105.<\/p>\r\n                    <\/div>\r\n                <\/div>\r\n            <\/div>\r\n        <\/a>\r\n\r\n            <\/section>","protected":false},"excerpt":{"rendered":"<p>Kroat\u0173 kalbos gramatikos temos Kroat\u0173 kalba, piet\u0173 slav\u0173 kalba, yra oficiali Kroatijos kalba ir viena i\u0161 oficiali\u0173 Bosnijos ir Hercegovinos kalb\u0173. Tai sud\u0117tinga ir turtinga kalba, turinti ilg\u0105 istorij\u0105 ir unikali\u0105 gramatikos sistem\u0105. Besimokantiesiems labai svarbu suprasti pagrindinius kroat\u0173 kalbos gramatikos aspektus, kad jie mok\u0117t\u0173 kalb\u0105. \u0160is vadovas pad\u0117s jums nar\u0161yti pagrindines gramatikos temas, tokias [&hellip;]<\/p>\n","protected":false},"author":6,"featured_media":110082,"parent":0,"menu_order":0,"comment_status":"closed","ping_status":"closed","template":"LearningContentPage.php","meta":{"_acf_changed":false,"footnotes":""},"class_list":["post-164092","page","type-page","status-publish","has-post-thumbnail","hentry"],"acf":[],"yoast_head":"<!-- This site is optimized with the Yoast SEO Premium plugin v27.2 (Yoast SEO v27.2) - https:\/\/yoast.com\/product\/yoast-seo-premium-wordpress\/ -->\n<title>Kroat\u0173 kalbos gramatikos pratimai - Talkpal<\/title>\n<meta name=\"description\" content=\"\u012evaldykite kroat\u0173 kalb\u0105 naudodami veiksmingus kroat\u0173 kalbos gramatikos pratimus, kurie naudotojams supaprastina laik\u0173, veiksma\u017eod\u017ei\u0173 ir daiktavard\u017ei\u0173 mokym\u0105si.\" \/>\n<meta name=\"robots\" content=\"index, follow, max-snippet:-1, max-image-preview:large, max-video-preview:-1\" \/>\n<link rel=\"canonical\" href=\"https:\/\/talkpal.ai\/lt\/kroatu-kalbos-gramatikos-pratimai\/\" \/>\n<meta property=\"og:locale\" content=\"lt_LT\" \/>\n<meta property=\"og:type\" content=\"article\" \/>\n<meta property=\"og:title\" content=\"Kroat\u0173 kalbos gramatikos pratimai\" \/>\n<meta property=\"og:description\" content=\"Kroat\u0173 kalbos gramatikos temos Kroat\u0173 kalba, piet\u0173 slav\u0173 kalba, yra oficiali Kroatijos kalba ir viena i\u0161 oficiali\u0173 Bosnijos ir Hercegovinos kalb\u0173. Tai\" \/>\n<meta property=\"og:url\" content=\"https:\/\/talkpal.ai\/lt\/kroatu-kalbos-gramatikos-pratimai\/\" \/>\n<meta property=\"og:site_name\" content=\"Talkpal\" \/>\n<meta property=\"article:publisher\" content=\"https:\/\/www.facebook.com\/profile.php?id=100090733639311\" \/>\n<meta property=\"article:modified_time\" content=\"2025-12-17T16:26:21+00:00\" \/>\n<meta property=\"og:image\" content=\"https:\/\/talkpal.ai\/wp-content\/uploads\/2023\/05\/croatia.png\" \/>\n\t<meta property=\"og:image:width\" content=\"512\" \/>\n\t<meta property=\"og:image:height\" content=\"512\" \/>\n\t<meta property=\"og:image:type\" content=\"image\/png\" \/>\n<meta name=\"twitter:card\" content=\"summary_large_image\" \/>\n<meta name=\"twitter:site\" content=\"@talkpalai\" \/>\n<meta name=\"twitter:label1\" content=\"Est. reading time\" \/>\n\t<meta name=\"twitter:data1\" content=\"3 minut\u0117s\" \/>\n<script type=\"application\/ld+json\" class=\"yoast-schema-graph\">{\"@context\":\"https:\/\/schema.org\",\"@graph\":[{\"@type\":\"WebPage\",\"@id\":\"https:\/\/talkpal.ai\/lt\/kroatu-kalbos-gramatikos-pratimai\/\",\"url\":\"https:\/\/talkpal.ai\/lt\/kroatu-kalbos-gramatikos-pratimai\/\",\"name\":\"Kroat\u0173 kalbos gramatikos pratimai - Talkpal\",\"isPartOf\":{\"@id\":\"https:\/\/talkpal.ai\/lt\/#website\"},\"primaryImageOfPage\":{\"@id\":\"https:\/\/talkpal.ai\/lt\/kroatu-kalbos-gramatikos-pratimai\/#primaryimage\"},\"image\":{\"@id\":\"https:\/\/talkpal.ai\/lt\/kroatu-kalbos-gramatikos-pratimai\/#primaryimage\"},\"thumbnailUrl\":\"https:\/\/talkpal.ai\/wp-content\/uploads\/2023\/05\/croatia.png\",\"datePublished\":\"2023-06-16T13:02:09+00:00\",\"dateModified\":\"2025-12-17T16:26:21+00:00\",\"description\":\"\u012evaldykite kroat\u0173 kalb\u0105 naudodami veiksmingus kroat\u0173 kalbos gramatikos pratimus, kurie naudotojams supaprastina laik\u0173, veiksma\u017eod\u017ei\u0173 ir daiktavard\u017ei\u0173 mokym\u0105si.\",\"breadcrumb\":{\"@id\":\"https:\/\/talkpal.ai\/lt\/kroatu-kalbos-gramatikos-pratimai\/#breadcrumb\"},\"inLanguage\":\"lt-LT\",\"potentialAction\":[{\"@type\":\"ReadAction\",\"target\":[\"https:\/\/talkpal.ai\/lt\/kroatu-kalbos-gramatikos-pratimai\/\"]}]},{\"@type\":\"ImageObject\",\"inLanguage\":\"lt-LT\",\"@id\":\"https:\/\/talkpal.ai\/lt\/kroatu-kalbos-gramatikos-pratimai\/#primaryimage\",\"url\":\"https:\/\/talkpal.ai\/wp-content\/uploads\/2023\/05\/croatia.png\",\"contentUrl\":\"https:\/\/talkpal.ai\/wp-content\/uploads\/2023\/05\/croatia.png\",\"width\":512,\"height\":512},{\"@type\":\"BreadcrumbList\",\"@id\":\"https:\/\/talkpal.ai\/lt\/kroatu-kalbos-gramatikos-pratimai\/#breadcrumb\",\"itemListElement\":[{\"@type\":\"ListItem\",\"position\":1,\"name\":\"Homepage\",\"item\":\"https:\/\/talkpal.ai\/lt\/\"},{\"@type\":\"ListItem\",\"position\":2,\"name\":\"Kroat\u0173 kalbos gramatikos pratimai\"}]},{\"@type\":\"WebSite\",\"@id\":\"https:\/\/talkpal.ai\/lt\/#website\",\"url\":\"https:\/\/talkpal.ai\/lt\/\",\"name\":\"Talkpal\",\"description\":\"AI Language Learning\",\"publisher\":{\"@id\":\"https:\/\/talkpal.ai\/lt\/#organization\"},\"alternateName\":\"Talkpal AI\",\"potentialAction\":[{\"@type\":\"SearchAction\",\"target\":{\"@type\":\"EntryPoint\",\"urlTemplate\":\"https:\/\/talkpal.ai\/lt\/?s={search_term_string}\"},\"query-input\":{\"@type\":\"PropertyValueSpecification\",\"valueRequired\":true,\"valueName\":\"search_term_string\"}}],\"inLanguage\":\"lt-LT\"},{\"@type\":\"Organization\",\"@id\":\"https:\/\/talkpal.ai\/lt\/#organization\",\"name\":\"Talkpal, Inc.\",\"alternateName\":\"Talkpal AI\",\"url\":\"https:\/\/talkpal.ai\/lt\/\",\"logo\":{\"@type\":\"ImageObject\",\"inLanguage\":\"lt-LT\",\"@id\":\"https:\/\/talkpal.ai\/lt\/#\/schema\/logo\/image\/\",\"url\":\"https:\/\/talkpal.ai\/wp-content\/uploads\/2024\/03\/Talkpal-Logo-Icon.png\",\"contentUrl\":\"https:\/\/talkpal.ai\/wp-content\/uploads\/2024\/03\/Talkpal-Logo-Icon.png\",\"width\":2880,\"height\":2880,\"caption\":\"Talkpal, Inc.\"},\"image\":{\"@id\":\"https:\/\/talkpal.ai\/lt\/#\/schema\/logo\/image\/\"},\"sameAs\":[\"https:\/\/www.facebook.com\/profile.php?id=100090733639311\",\"https:\/\/x.com\/talkpalai\",\"https:\/\/www.linkedin.com\/company\/talkpal\/\",\"https:\/\/www.youtube.com\/@TalkPal\/\",\"https:\/\/www.tiktok.com\/@talkpal\",\"https:\/\/www.instagram.com\/talkpal_ai\/\",\"https:\/\/www.crunchbase.com\/organization\/talkpal-9cde\",\"https:\/\/www.g2.com\/products\/talkpal-for-business\/\",\"https:\/\/www.trustpilot.com\/review\/talkpal.ai\",\"https:\/\/www.capterra.com\/p\/10006800\/TalkPal\/\"],\"description\":\"Talkpal is a language learning web and mobile education app, powered by the latest AI technologies, that provides engaging experiences to its customers in many different languages to help them improve their language skills. Users can chat about unlimited amount of topics with the app and use other modes to practice their language learning.\",\"email\":\"support@talkpal.ai\",\"legalName\":\"Talkpal, Inc.\",\"foundingDate\":\"2023-04-03\",\"duns\":\"118989042\",\"numberOfEmployees\":{\"@type\":\"QuantitativeValue\",\"minValue\":\"11\",\"maxValue\":\"50\"},\"publishingPrinciples\":\"https:\/\/talkpal.ai\/publishing-principles\/\",\"actionableFeedbackPolicy\":\"https:\/\/talkpal.ai\/actionable-feedback-policy\/\",\"correctionsPolicy\":\"https:\/\/talkpal.ai\/corrections-policy\/\",\"ethicsPolicy\":\"https:\/\/talkpal.ai\/ethics-policy\/\",\"diversityPolicy\":\"https:\/\/talkpal.ai\/diversity-policy\/\",\"diversityStaffingReport\":\"https:\/\/talkpal.ai\/diversity-policy\/\"}]}<\/script>\n<!-- \/ Yoast SEO Premium plugin. -->","yoast_head_json":{"title":"Kroat\u0173 kalbos gramatikos pratimai - Talkpal","description":"\u012evaldykite kroat\u0173 kalb\u0105 naudodami veiksmingus kroat\u0173 kalbos gramatikos pratimus, kurie naudotojams supaprastina laik\u0173, veiksma\u017eod\u017ei\u0173 ir daiktavard\u017ei\u0173 mokym\u0105si.","robots":{"index":"index","follow":"follow","max-snippet":"max-snippet:-1","max-image-preview":"max-image-preview:large","max-video-preview":"max-video-preview:-1"},"canonical":"https:\/\/talkpal.ai\/lt\/kroatu-kalbos-gramatikos-pratimai\/","og_locale":"lt_LT","og_type":"article","og_title":"Kroat\u0173 kalbos gramatikos pratimai","og_description":"Kroat\u0173 kalbos gramatikos temos Kroat\u0173 kalba, piet\u0173 slav\u0173 kalba, yra oficiali Kroatijos kalba ir viena i\u0161 oficiali\u0173 Bosnijos ir Hercegovinos kalb\u0173. Tai","og_url":"https:\/\/talkpal.ai\/lt\/kroatu-kalbos-gramatikos-pratimai\/","og_site_name":"Talkpal","article_publisher":"https:\/\/www.facebook.com\/profile.php?id=100090733639311","article_modified_time":"2025-12-17T16:26:21+00:00","og_image":[{"width":512,"height":512,"url":"https:\/\/talkpal.ai\/wp-content\/uploads\/2023\/05\/croatia.png","type":"image\/png"}],"twitter_card":"summary_large_image","twitter_site":"@talkpalai","twitter_misc":{"Est. reading time":"3 minut\u0117s"},"schema":{"@context":"https:\/\/schema.org","@graph":[{"@type":"WebPage","@id":"https:\/\/talkpal.ai\/lt\/kroatu-kalbos-gramatikos-pratimai\/","url":"https:\/\/talkpal.ai\/lt\/kroatu-kalbos-gramatikos-pratimai\/","name":"Kroat\u0173 kalbos gramatikos pratimai - Talkpal","isPartOf":{"@id":"https:\/\/talkpal.ai\/lt\/#website"},"primaryImageOfPage":{"@id":"https:\/\/talkpal.ai\/lt\/kroatu-kalbos-gramatikos-pratimai\/#primaryimage"},"image":{"@id":"https:\/\/talkpal.ai\/lt\/kroatu-kalbos-gramatikos-pratimai\/#primaryimage"},"thumbnailUrl":"https:\/\/talkpal.ai\/wp-content\/uploads\/2023\/05\/croatia.png","datePublished":"2023-06-16T13:02:09+00:00","dateModified":"2025-12-17T16:26:21+00:00","description":"\u012evaldykite kroat\u0173 kalb\u0105 naudodami veiksmingus kroat\u0173 kalbos gramatikos pratimus, kurie naudotojams supaprastina laik\u0173, veiksma\u017eod\u017ei\u0173 ir daiktavard\u017ei\u0173 mokym\u0105si.","breadcrumb":{"@id":"https:\/\/talkpal.ai\/lt\/kroatu-kalbos-gramatikos-pratimai\/#breadcrumb"},"inLanguage":"lt-LT","potentialAction":[{"@type":"ReadAction","target":["https:\/\/talkpal.ai\/lt\/kroatu-kalbos-gramatikos-pratimai\/"]}]},{"@type":"ImageObject","inLanguage":"lt-LT","@id":"https:\/\/talkpal.ai\/lt\/kroatu-kalbos-gramatikos-pratimai\/#primaryimage","url":"https:\/\/talkpal.ai\/wp-content\/uploads\/2023\/05\/croatia.png","contentUrl":"https:\/\/talkpal.ai\/wp-content\/uploads\/2023\/05\/croatia.png","width":512,"height":512},{"@type":"BreadcrumbList","@id":"https:\/\/talkpal.ai\/lt\/kroatu-kalbos-gramatikos-pratimai\/#breadcrumb","itemListElement":[{"@type":"ListItem","position":1,"name":"Homepage","item":"https:\/\/talkpal.ai\/lt\/"},{"@type":"ListItem","position":2,"name":"Kroat\u0173 kalbos gramatikos pratimai"}]},{"@type":"WebSite","@id":"https:\/\/talkpal.ai\/lt\/#website","url":"https:\/\/talkpal.ai\/lt\/","name":"Talkpal","description":"AI Language Learning","publisher":{"@id":"https:\/\/talkpal.ai\/lt\/#organization"},"alternateName":"Talkpal AI","potentialAction":[{"@type":"SearchAction","target":{"@type":"EntryPoint","urlTemplate":"https:\/\/talkpal.ai\/lt\/?s={search_term_string}"},"query-input":{"@type":"PropertyValueSpecification","valueRequired":true,"valueName":"search_term_string"}}],"inLanguage":"lt-LT"},{"@type":"Organization","@id":"https:\/\/talkpal.ai\/lt\/#organization","name":"Talkpal, Inc.","alternateName":"Talkpal AI","url":"https:\/\/talkpal.ai\/lt\/","logo":{"@type":"ImageObject","inLanguage":"lt-LT","@id":"https:\/\/talkpal.ai\/lt\/#\/schema\/logo\/image\/","url":"https:\/\/talkpal.ai\/wp-content\/uploads\/2024\/03\/Talkpal-Logo-Icon.png","contentUrl":"https:\/\/talkpal.ai\/wp-content\/uploads\/2024\/03\/Talkpal-Logo-Icon.png","width":2880,"height":2880,"caption":"Talkpal, Inc."},"image":{"@id":"https:\/\/talkpal.ai\/lt\/#\/schema\/logo\/image\/"},"sameAs":["https:\/\/www.facebook.com\/profile.php?id=100090733639311","https:\/\/x.com\/talkpalai","https:\/\/www.linkedin.com\/company\/talkpal\/","https:\/\/www.youtube.com\/@TalkPal\/","https:\/\/www.tiktok.com\/@talkpal","https:\/\/www.instagram.com\/talkpal_ai\/","https:\/\/www.crunchbase.com\/organization\/talkpal-9cde","https:\/\/www.g2.com\/products\/talkpal-for-business\/","https:\/\/www.trustpilot.com\/review\/talkpal.ai","https:\/\/www.capterra.com\/p\/10006800\/TalkPal\/"],"description":"Talkpal is a language learning web and mobile education app, powered by the latest AI technologies, that provides engaging experiences to its customers in many different languages to help them improve their language skills. Users can chat about unlimited amount of topics with the app and use other modes to practice their language learning.","email":"support@talkpal.ai","legalName":"Talkpal, Inc.","foundingDate":"2023-04-03","duns":"118989042","numberOfEmployees":{"@type":"QuantitativeValue","minValue":"11","maxValue":"50"},"publishingPrinciples":"https:\/\/talkpal.ai\/publishing-principles\/","actionableFeedbackPolicy":"https:\/\/talkpal.ai\/actionable-feedback-policy\/","correctionsPolicy":"https:\/\/talkpal.ai\/corrections-policy\/","ethicsPolicy":"https:\/\/talkpal.ai\/ethics-policy\/","diversityPolicy":"https:\/\/talkpal.ai\/diversity-policy\/","diversityStaffingReport":"https:\/\/talkpal.ai\/diversity-policy\/"}]}},"_links":{"self":[{"href":"https:\/\/talkpal.ai\/lt\/wp-json\/wp\/v2\/pages\/164092","targetHints":{"allow":["GET"]}}],"collection":[{"href":"https:\/\/talkpal.ai\/lt\/wp-json\/wp\/v2\/pages"}],"about":[{"href":"https:\/\/talkpal.ai\/lt\/wp-json\/wp\/v2\/types\/page"}],"author":[{"embeddable":true,"href":"https:\/\/talkpal.ai\/lt\/wp-json\/wp\/v2\/users\/6"}],"replies":[{"embeddable":true,"href":"https:\/\/talkpal.ai\/lt\/wp-json\/wp\/v2\/comments?post=164092"}],"version-history":[{"count":0,"href":"https:\/\/talkpal.ai\/lt\/wp-json\/wp\/v2\/pages\/164092\/revisions"}],"wp:featuredmedia":[{"embeddable":true,"href":"https:\/\/talkpal.ai\/lt\/wp-json\/wp\/v2\/media\/110082"}],"wp:attachment":[{"href":"https:\/\/talkpal.ai\/lt\/wp-json\/wp\/v2\/media?parent=164092"}],"curies":[{"name":"wp","href":"https:\/\/api.w.org\/{rel}","templated":true}]}}