{"id":162568,"date":"2023-06-21T14:18:43","date_gmt":"2023-06-21T14:18:43","guid":{"rendered":"http:\/\/talkpal.ai\/graiku-kalbos-gramatikos-pratimai\/"},"modified":"2025-12-17T16:04:36","modified_gmt":"2025-12-17T16:04:36","slug":"graiku-kalbos-gramatikos-pratimai","status":"publish","type":"page","link":"https:\/\/talkpal.ai\/lt\/graiku-kalbos-gramatikos-pratimai\/","title":{"rendered":"Graik\u0173 kalbos gramatikos pratimai"},"content":{"rendered":"\r\n\r\n\r\n<section class=\"languageChallengeSection\">\r\n    <div class=\"languageInfoWrapper\">\r\n        \r\n        <h1>Graik\u0173 kalbos gramatikos pratimai<\/h1>\r\n        <p>Padarykime <a href=\"https:\/\/talkpal.ai\/lt\/mokykites-graiku-kalbos\/\">graik\u0173 kalbos<\/a> mokym\u0105si smag\u0173 ir lengv\u0105! I\u0161bandykite \u0161iuos paprastus pratimus, kad prakti\u0161kai i\u0161bandytum\u0117te <a href=\"https:\/\/talkpal.ai\/learn-greek\/\">graik\u0173<\/a> <a href=\"https:\/\/talkpal.ai\/what-language-is-spoken-on-the-international-space-station\/\">kalbos<\/a> gramatikos pagrindus ir prad\u0117tum\u0117te savo kalbos kelion\u0119.<\/p>\r\n\r\n                            <a class=\"getStartedHidden\" href=\"https:\/\/app.talkpal.ai\/lt\/signup?lng=\">Prad\u0117k<\/a>\r\n        \r\n    <\/div>\r\n\r\n    <figure>\r\n    <img decoding=\"async\" width=\"768\" height=\"768\" src=\"https:\/\/talkpal.ai\/wp-content\/uploads\/2023\/06\/greek-768x768.png\" class=\"languageImage no-lazy\" alt=\"Language learning to boost personal capability\" fetchpriority=\"high\" sizes=\"(max-width: 768px) 150px, 768px\" srcset=\"https:\/\/talkpal.ai\/wp-content\/uploads\/2023\/06\/greek-768x768.png 768w, https:\/\/talkpal.ai\/wp-content\/uploads\/2023\/06\/greek-300x300.png 300w\" \/>\r\n    \r\n\r\n    <\/figure>\r\n\r\n            <a class=\"getStartedVisible\" href=\"https:\/\/app.talkpal.ai\/lt\/signup?lng=\">Prad\u0117k<\/a>\r\n    \r\n<\/section>\r\n\r\n\r\n<!-- <section class=\"grammarSection\">\r\n    <div class=\"grammarLinks\">\r\n            <\/div>\r\n<\/section> -->\r\n\r\n\r\n\r\n\r\n<section class=\"promotionalBanner\">\r\n    <p class=\"promotionalText\">Efektyviausias b\u016bdas mokytis kalbos<\/p>\r\n    <a class=\"promotionalLink\" href=\"https:\/\/app.talkpal.ai\/lt\/signup?lng=\">I\u0161bandykite Talkpal &#8221; nemokamai<\/a>\r\n<\/section>\n<div class=\"wp-block-group pageContainerStyle\"><div class=\"wp-block-group__inner-container is-layout-constrained wp-block-group-is-layout-constrained\">\n<h2 class=\"wp-block-heading\" id=\"h-greek-grammar-topics\">Graik\u0173 kalbos gramatikos temos<\/h2>\n\n\n\n<p><a href=\"https:\/\/talkpal.ai\/learn-greek\/\">Graik\u0173<\/a> kalbos <a href=\"https:\/\/talkpal.ai\/lt\/mokymasis\/\">mokymasis<\/a> gali b\u016bti nepaprastai naudinga patirtis, nes <a href=\"https:\/\/talkpal.ai\/learn-thai\/\">tai<\/a> suteikia vartus \u012f turting\u0105 ir \u012fvairi\u0105 kult\u016br\u0105, literat\u016br\u0105 ir istorij\u0105. Graik\u0173 kalba turi unikali\u0105 gramatin\u0119 strukt\u016br\u0105, kuri\u0105 gali b\u016bti \u012fdomu i\u0161tirti. Norint \u012fsisavinti kalb\u0105, b\u016btina susipa\u017einti su <a href=\"https:\/\/talkpal.ai\/greek-grammar\/\">graik\u0173 kalbos gramatika<\/a>, nes tai leis efektyviai ir tiksliai bendrauti. \u0160iame vadove bus pateikta <a href=\"https:\/\/talkpal.ai\/locations\/language-courses-in-kai\/\">kai<\/a> kuri\u0173 pagrindini\u0173 graik\u0173 kalbos gramatikos tem\u0173 ap\u017evalga, sugrupuota \u012f sek\u0105, kuri yra palanki mokytis kalbos. Nuo laik\u0173 ir veiksma\u017eod\u017ei\u0173 iki prielinksni\u0173 ir sakini\u0173 \u0161is vadovas pad\u0117s jums i\u0161mokti graik\u0173 kalb\u0105.<\/p>\n\n\n\n<h3 class=\"wp-block-heading\" id=\"h-1-nouns\">1. Daiktavard\u017eiai:<\/h3>\n\n\n\n<p>Daiktavard\u017eiai yra bet kurios kalbos statybiniai blokai, o graik\u0173 kalba n\u0117ra i\u0161imtis. Jie naudojami \u017emon\u0117ms, vietoms, daiktams ar id\u0117joms reprezentuoti. Graik\u0173 kalboje daiktavard\u017eiai turi lyt\u012f (vyri\u0161kas, moteri\u0161kas arba neuterinis), skai\u010di\u0173 (vienaskaita arba daugiskaita) ir atvej\u012f (nominacinis, kilminis, akustinis ar \u0161auktinis). \u0160i\u0173 savybi\u0173 ir j\u0173 vingi\u0173 supratimas yra labai svarbus formuojant sakinius.<\/p>\n\n\n\n<h3 class=\"wp-block-heading\" id=\"h-2-articles\">2. Straipsniai:<\/h3>\n\n\n\n<p>Straipsniai graik\u0173 kalba yra b\u016btini norint nurodyti daiktavard\u017eio apibr\u0117\u017etum\u0105. Jie sutinka su daiktavard\u017eiu lytimi, skai\u010diumi ir atveju. Reikia i\u0161mokti ir taisyklingai vartoti apibr\u0117\u017etuosius (atitinkan\u010dius &#8222;the&#8221;) ir neapibr\u0117\u017etuosius (atitinkan\u010dius &#8222;a&#8221; arba &#8222;an&#8221;) artikelius.<\/p>\n\n\n\n<h3 class=\"wp-block-heading\" id=\"h-3-adjectives\">3. B\u016bdvard\u017eiai:<\/h3>\n\n\n\n<p>B\u016bdvard\u017eiai apib\u016bdina arba modifikuoja daiktavard\u017eius, suteikdami papildomos informacijos apie j\u0173 savybes ar savybes. Graik\u0173 kalba b\u016bdvard\u017eiai sutinka su daiktavard\u017eiais, kuriuos jie kei\u010dia lytimi, skai\u010diumi ir atveju, ir turi skirtingus declensions, priklausomai nuo \u0161i\u0173 savybi\u0173.<\/p>\n\n\n\n<h3 class=\"wp-block-heading\" id=\"h-4-pronouns-determiners\">4. \u012evard\u017eiai\/determinantai:<\/h3>\n\n\n\n<p>\u012evard\u017eiai naudojami daiktavard\u017eiams pakeisti, o determinantai juos nurodo arba kiekybi\u0161kai \u012fvertina. Graik\u0173 kalboje tiek \u012fvard\u017eiai, tiek determinantai nurodo lyt\u012f, skai\u010di\u0173 ir atvej\u012f, kaip ir daiktavard\u017eiai bei b\u016bdvard\u017eiai. Kai kurie pavyzd\u017eiai yra asmeniniai \u012fvard\u017eiai (a\u0161, tu, jis, ji ir tt), parodomieji \u012fvard\u017eiai (tai, tai) ir nuosavyb\u0117s \u012fvard\u017eiai (mano, j\u016bs\u0173, jo, jos ir tt).<\/p>\n\n\n\n<h3 class=\"wp-block-heading\" id=\"h-5-verbs\">5. Veiksma\u017eod\u017eiai:<\/h3>\n\n\n\n<p>Veiksma\u017eod\u017eiai i\u0161rei\u0161kia veiksmus, \u012fvykius ar b\u016bsenas. Graik\u0173 veiksma\u017eod\u017eiai turi \u012fvairias formas, priklausomai nuo \u012ftampos, nuotaikos, balso ir asmens. Norint konstruoti ir suprasti sakinius, labai svarbu suprasti skirtingas konjugacijas ir tai, kaip jos naudojamos.<\/p>\n\n\n\n<h3 class=\"wp-block-heading\" id=\"h-6-tenses\">6. Laikai:<\/h3>\n\n\n\n<p>Graik\u0173 kalba turi kelet\u0105 laik\u0173, toki\u0173 kaip dabartis, praeitis ir ateitis. Kiekviena \u012ftampa naudojama veiksmo, \u012fvykio ar b\u016bsenos laikui nurodyti. Skirting\u0173 laik\u0173 ir j\u0173 konjugacij\u0173 mokymasis pad\u0117s tiksliai i\u0161reik\u0161ti save ir suprasti kitus.<\/p>\n\n\n\n<h3 class=\"wp-block-heading\" id=\"h-7-tense-comparison\">7. \u012etemptas palyginimas:<\/h3>\n\n\n\n<p>Norint suprasti kalbos niuansus, svarbu palyginti laikus graik\u0173 kalba. Tai apima mokym\u0105si i\u0161reik\u0161ti veiksmus ar b\u016bsenas, kurios vyksta vienu metu, nuosekliai ar s\u0105lyginai.<\/p>\n\n\n\n<h3 class=\"wp-block-heading\" id=\"h-8-progressive\">8. Progresyvus:<\/h3>\n\n\n\n<p>Progresyvusis aspektas graik\u0173 kalba vartojamas vykdomiems ar t\u0119stiniams veiksmams nurodyti. Mokymasis formuoti ir naudoti progresyv\u0173j\u012f aspekt\u0105 pad\u0117s perteikti veiksmus, kurie vyksta \u0161iuo metu arba vyko praeityje.<\/p>\n\n\n\n<h3 class=\"wp-block-heading\" id=\"h-9-perfect-progressive\">9. Tobulas progresyvus:<\/h3>\n\n\n\n<p>Tobulas progresyvus aspektas graik\u0173 kalboje apjungia u\u017ebaigtumo ir t\u0119stinumo s\u0105vokas. Jis naudojamas i\u0161reik\u0161ti veiksmus ar b\u016bsenas, kurios prasid\u0117jo praeityje ir t\u0119s\u0117si iki tam tikro momento.<\/p>\n\n\n\n<h3 class=\"wp-block-heading\" id=\"h-10-adverbs\">10. Prieveiksmiai:<\/h3>\n\n\n\n<p>Prieveiksmiai suteikia papildomos informacijos apie veiksma\u017eod\u017eius, b\u016bdvard\u017eius ar kitus prieveiksmius. Jie gali i\u0161reik\u0161ti b\u016bd\u0105, da\u017en\u012f, laipsn\u012f, laik\u0105 ar viet\u0105. I\u0161mok\u0119 \u012fvairi\u0173 tip\u0173 prieveiksmius ir j\u0173 tinkam\u0105 i\u0161d\u0117stym\u0105 sakinyje, pagerinsite bendr\u0105 graik\u0173 kalbos sklandum\u0105.<\/p>\n\n\n\n<h3 class=\"wp-block-heading\" id=\"h-11-conditionals\">11. S\u0105lygos:<\/h3>\n\n\n\n<p>S\u0105lygos naudojamos hipotetin\u0117ms situacijoms ir j\u0173 pasekm\u0117ms i\u0161reik\u0161ti. Graik\u0173 kalba turi kelet\u0105 s\u0105lyg\u0173 tip\u0173, \u012fskaitant realius, nerealius ir mi\u0161rius. Norint i\u0161reik\u0161ti sud\u0117tingas mintis ir id\u0117jas, b\u016btina suprasti ir naudoti s\u0105lygas.<\/p>\n\n\n\n<h3 class=\"wp-block-heading\" id=\"h-12-prepositions\">12. Prielinksniai:<\/h3>\n\n\n\n<p>Prielinksniai yra ma\u017ei \u017eod\u017eiai, nurodantys ry\u0161ius tarp daiktavard\u017ei\u0173, \u012fvard\u017ei\u0173 ar kit\u0173 \u017eod\u017ei\u0173 sakinyje. Jie gali i\u0161reik\u0161ti viet\u0105, laik\u0105, krypt\u012f, prie\u017east\u012f ir kt. \u012evairi\u0173 prielinksni\u0173 mokymasis ir teisingas j\u0173 vartojimas pad\u0117s suformuoti tikslesnius ir nuoseklesnius sakinius.<\/p>\n\n\n\n<h3 class=\"wp-block-heading\" id=\"h-13-sentences\">13. Sakiniai:<\/h3>\n\n\n\n<p>Galiausiai, norint efektyviai bendrauti graik\u0173 kalba, b\u016btina \u012fvaldyti sakini\u0173 strukt\u016br\u0105. Tai apima teisingos \u017eod\u017ei\u0173 tvarkos supratim\u0105 ir \u012fvairi\u0173 gramatini\u0173 element\u0173, toki\u0173 kaip dalykas, veiksma\u017eodis ir objektas, naudojim\u0105. I\u0161mok\u0119 konstruoti \u012fvairi\u0173 tip\u0173 sakinius, jums puikiai seksis i\u0161mokti graik\u0173 kalb\u0105.<\/p>\n<\/div><\/div>\n\r\n<section class=\"learnNavigationSection\">\r\n            \r\n        <a href=\"https:\/\/talkpal.ai\/lt\/mokykites-graiku-kalbos\/\">\r\n            <div class=\"learnNavigationWrapper\">\r\n                <div class=\"learnNavigationContent\">\r\n                    <img decoding=\"async\" src=\"https:\/\/talkpal.ai\/wp-content\/uploads\/2024\/08\/Greek.jpg\" alt=\"Greek Flag\">\r\n                    <div>\r\n                        <h4>Apie graik\u0173 kalbos mokym\u0105si<\/h4>\r\n                        <p>Su\u017einokite visk\u0105 apie graik\u0173 kalbos gramatik\u0105.<\/p>\r\n                    <\/div>\r\n                <\/div>\r\n            <\/div>\r\n        <\/a>\r\n\r\n        \r\n        <a href=\"https:\/\/talkpal.ai\/lt\/graiku-kalbos-gramatika\/\">\r\n            <div class=\"learnNavigationWrapper\">\r\n                <div class=\"learnNavigationContent\">\r\n                    <img decoding=\"async\" src=\"https:\/\/talkpal.ai\/wp-content\/uploads\/2024\/08\/Greek.jpg\" alt=\"Greek Flag\">\r\n                    <div>\r\n                        <h4>Graik\u0173 kalbos gramatikos pamokos<\/h4>\r\n                        <p>Praktikuokite graik\u0173 kalbos gramatik\u0105.<\/p>\r\n                    <\/div>\r\n                <\/div>\r\n            <\/div>\r\n        <\/a>\r\n\r\n        \r\n        <a href=\"https:\/\/talkpal.ai\/vocabulary_language\/greek\/\">\r\n            <div class=\"learnNavigationWrapper\">\r\n                <div class=\"learnNavigationContent\">\r\n                    <img decoding=\"async\" src=\"https:\/\/talkpal.ai\/wp-content\/uploads\/2024\/08\/Greek.jpg\" alt=\"Greek Flag\">\r\n                    <div>\r\n                        <h4>Graik\u0173 kalbos \u017eodynas<\/h4>\r\n                        <p>Prapl\u0117skite savo graik\u0173 kalbos \u017eodyn\u0105.<\/p>\r\n                    <\/div>\r\n                <\/div>\r\n            <\/div>\r\n        <\/a>\r\n\r\n            <\/section>","protected":false},"excerpt":{"rendered":"<p>Graik\u0173 kalbos gramatikos temos Graik\u0173 kalbos mokymasis gali b\u016bti nepaprastai naudinga patirtis, nes tai suteikia vartus \u012f turting\u0105 ir \u012fvairi\u0105 kult\u016br\u0105, literat\u016br\u0105 ir istorij\u0105. Graik\u0173 kalba turi unikali\u0105 gramatin\u0119 strukt\u016br\u0105, kuri\u0105 gali b\u016bti \u012fdomu i\u0161tirti. Norint \u012fsisavinti kalb\u0105, b\u016btina susipa\u017einti su graik\u0173 kalbos gramatika, nes tai leis efektyviai ir tiksliai bendrauti. \u0160iame vadove bus pateikta [&hellip;]<\/p>\n","protected":false},"author":6,"featured_media":112649,"parent":0,"menu_order":0,"comment_status":"closed","ping_status":"closed","template":"LearningContentPage.php","meta":{"_acf_changed":false,"footnotes":""},"class_list":["post-162568","page","type-page","status-publish","has-post-thumbnail","hentry"],"acf":[],"yoast_head":"<!-- This site is optimized with the Yoast SEO Premium plugin v27.2 (Yoast SEO v27.2) - https:\/\/yoast.com\/product\/yoast-seo-premium-wordpress\/ -->\n<title>Graik\u0173 kalbos gramatikos pratimai - Talkpal<\/title>\n<meta name=\"description\" content=\"Lengvai patobulinkite graik\u0173 kalbos gramatikos \u012fg\u016bd\u017eius - atlikite interaktyvius pratimus, greitai tobul\u0117kite ir pasitik\u0117kite savimi. Talkpal AI.\" \/>\n<meta name=\"robots\" content=\"index, follow, max-snippet:-1, max-image-preview:large, max-video-preview:-1\" \/>\n<link rel=\"canonical\" href=\"https:\/\/talkpal.ai\/lt\/graiku-kalbos-gramatikos-pratimai\/\" \/>\n<meta property=\"og:locale\" content=\"lt_LT\" \/>\n<meta property=\"og:type\" content=\"article\" \/>\n<meta property=\"og:title\" content=\"Graik\u0173 kalbos gramatikos pratimai\" \/>\n<meta property=\"og:description\" content=\"Graik\u0173 kalbos gramatikos temos Graik\u0173 kalbos mokymasis gali b\u016bti nepaprastai naudinga patirtis, nes tai suteikia vartus \u012f turting\u0105 ir \u012fvairi\u0105 kult\u016br\u0105,\" \/>\n<meta property=\"og:url\" content=\"https:\/\/talkpal.ai\/lt\/graiku-kalbos-gramatikos-pratimai\/\" \/>\n<meta property=\"og:site_name\" content=\"Talkpal\" \/>\n<meta property=\"article:publisher\" content=\"https:\/\/www.facebook.com\/profile.php?id=100090733639311\" \/>\n<meta property=\"article:modified_time\" content=\"2025-12-17T16:04:36+00:00\" \/>\n<meta property=\"og:image\" content=\"https:\/\/talkpal.ai\/wp-content\/uploads\/2023\/05\/greece.png\" \/>\n\t<meta property=\"og:image:width\" content=\"512\" \/>\n\t<meta property=\"og:image:height\" content=\"512\" \/>\n\t<meta property=\"og:image:type\" content=\"image\/png\" \/>\n<meta name=\"twitter:card\" content=\"summary_large_image\" \/>\n<meta name=\"twitter:site\" content=\"@talkpalai\" \/>\n<meta name=\"twitter:label1\" content=\"Est. reading time\" \/>\n\t<meta name=\"twitter:data1\" content=\"3 minut\u0117s\" \/>\n<script type=\"application\/ld+json\" class=\"yoast-schema-graph\">{\"@context\":\"https:\/\/schema.org\",\"@graph\":[{\"@type\":\"WebPage\",\"@id\":\"https:\/\/talkpal.ai\/lt\/graiku-kalbos-gramatikos-pratimai\/\",\"url\":\"https:\/\/talkpal.ai\/lt\/graiku-kalbos-gramatikos-pratimai\/\",\"name\":\"Graik\u0173 kalbos gramatikos pratimai - Talkpal\",\"isPartOf\":{\"@id\":\"https:\/\/talkpal.ai\/lt\/#website\"},\"primaryImageOfPage\":{\"@id\":\"https:\/\/talkpal.ai\/lt\/graiku-kalbos-gramatikos-pratimai\/#primaryimage\"},\"image\":{\"@id\":\"https:\/\/talkpal.ai\/lt\/graiku-kalbos-gramatikos-pratimai\/#primaryimage\"},\"thumbnailUrl\":\"https:\/\/talkpal.ai\/wp-content\/uploads\/2023\/05\/greece.png\",\"datePublished\":\"2023-06-21T14:18:43+00:00\",\"dateModified\":\"2025-12-17T16:04:36+00:00\",\"description\":\"Lengvai patobulinkite graik\u0173 kalbos gramatikos \u012fg\u016bd\u017eius - atlikite interaktyvius pratimus, greitai tobul\u0117kite ir pasitik\u0117kite savimi. Talkpal AI.\",\"breadcrumb\":{\"@id\":\"https:\/\/talkpal.ai\/lt\/graiku-kalbos-gramatikos-pratimai\/#breadcrumb\"},\"inLanguage\":\"lt-LT\",\"potentialAction\":[{\"@type\":\"ReadAction\",\"target\":[\"https:\/\/talkpal.ai\/lt\/graiku-kalbos-gramatikos-pratimai\/\"]}]},{\"@type\":\"ImageObject\",\"inLanguage\":\"lt-LT\",\"@id\":\"https:\/\/talkpal.ai\/lt\/graiku-kalbos-gramatikos-pratimai\/#primaryimage\",\"url\":\"https:\/\/talkpal.ai\/wp-content\/uploads\/2023\/05\/greece.png\",\"contentUrl\":\"https:\/\/talkpal.ai\/wp-content\/uploads\/2023\/05\/greece.png\",\"width\":512,\"height\":512},{\"@type\":\"BreadcrumbList\",\"@id\":\"https:\/\/talkpal.ai\/lt\/graiku-kalbos-gramatikos-pratimai\/#breadcrumb\",\"itemListElement\":[{\"@type\":\"ListItem\",\"position\":1,\"name\":\"Homepage\",\"item\":\"https:\/\/talkpal.ai\/lt\/\"},{\"@type\":\"ListItem\",\"position\":2,\"name\":\"Graik\u0173 kalbos gramatikos pratimai\"}]},{\"@type\":\"WebSite\",\"@id\":\"https:\/\/talkpal.ai\/lt\/#website\",\"url\":\"https:\/\/talkpal.ai\/lt\/\",\"name\":\"Talkpal\",\"description\":\"AI Language Learning\",\"publisher\":{\"@id\":\"https:\/\/talkpal.ai\/lt\/#organization\"},\"alternateName\":\"Talkpal AI\",\"potentialAction\":[{\"@type\":\"SearchAction\",\"target\":{\"@type\":\"EntryPoint\",\"urlTemplate\":\"https:\/\/talkpal.ai\/lt\/?s={search_term_string}\"},\"query-input\":{\"@type\":\"PropertyValueSpecification\",\"valueRequired\":true,\"valueName\":\"search_term_string\"}}],\"inLanguage\":\"lt-LT\"},{\"@type\":\"Organization\",\"@id\":\"https:\/\/talkpal.ai\/lt\/#organization\",\"name\":\"Talkpal, Inc.\",\"alternateName\":\"Talkpal AI\",\"url\":\"https:\/\/talkpal.ai\/lt\/\",\"logo\":{\"@type\":\"ImageObject\",\"inLanguage\":\"lt-LT\",\"@id\":\"https:\/\/talkpal.ai\/lt\/#\/schema\/logo\/image\/\",\"url\":\"https:\/\/talkpal.ai\/wp-content\/uploads\/2024\/03\/Talkpal-Logo-Icon.png\",\"contentUrl\":\"https:\/\/talkpal.ai\/wp-content\/uploads\/2024\/03\/Talkpal-Logo-Icon.png\",\"width\":2880,\"height\":2880,\"caption\":\"Talkpal, Inc.\"},\"image\":{\"@id\":\"https:\/\/talkpal.ai\/lt\/#\/schema\/logo\/image\/\"},\"sameAs\":[\"https:\/\/www.facebook.com\/profile.php?id=100090733639311\",\"https:\/\/x.com\/talkpalai\",\"https:\/\/www.linkedin.com\/company\/talkpal\/\",\"https:\/\/www.youtube.com\/@TalkPal\/\",\"https:\/\/www.tiktok.com\/@talkpal\",\"https:\/\/www.instagram.com\/talkpal_ai\/\",\"https:\/\/www.crunchbase.com\/organization\/talkpal-9cde\",\"https:\/\/www.g2.com\/products\/talkpal-for-business\/\",\"https:\/\/www.trustpilot.com\/review\/talkpal.ai\",\"https:\/\/www.capterra.com\/p\/10006800\/TalkPal\/\"],\"description\":\"Talkpal is a language learning web and mobile education app, powered by the latest AI technologies, that provides engaging experiences to its customers in many different languages to help them improve their language skills. Users can chat about unlimited amount of topics with the app and use other modes to practice their language learning.\",\"email\":\"support@talkpal.ai\",\"legalName\":\"Talkpal, Inc.\",\"foundingDate\":\"2023-04-03\",\"duns\":\"118989042\",\"numberOfEmployees\":{\"@type\":\"QuantitativeValue\",\"minValue\":\"11\",\"maxValue\":\"50\"},\"publishingPrinciples\":\"https:\/\/talkpal.ai\/publishing-principles\/\",\"actionableFeedbackPolicy\":\"https:\/\/talkpal.ai\/actionable-feedback-policy\/\",\"correctionsPolicy\":\"https:\/\/talkpal.ai\/corrections-policy\/\",\"ethicsPolicy\":\"https:\/\/talkpal.ai\/ethics-policy\/\",\"diversityPolicy\":\"https:\/\/talkpal.ai\/diversity-policy\/\",\"diversityStaffingReport\":\"https:\/\/talkpal.ai\/diversity-policy\/\"}]}<\/script>\n<!-- \/ Yoast SEO Premium plugin. -->","yoast_head_json":{"title":"Graik\u0173 kalbos gramatikos pratimai - Talkpal","description":"Lengvai patobulinkite graik\u0173 kalbos gramatikos \u012fg\u016bd\u017eius - atlikite interaktyvius pratimus, greitai tobul\u0117kite ir pasitik\u0117kite savimi. Talkpal AI.","robots":{"index":"index","follow":"follow","max-snippet":"max-snippet:-1","max-image-preview":"max-image-preview:large","max-video-preview":"max-video-preview:-1"},"canonical":"https:\/\/talkpal.ai\/lt\/graiku-kalbos-gramatikos-pratimai\/","og_locale":"lt_LT","og_type":"article","og_title":"Graik\u0173 kalbos gramatikos pratimai","og_description":"Graik\u0173 kalbos gramatikos temos Graik\u0173 kalbos mokymasis gali b\u016bti nepaprastai naudinga patirtis, nes tai suteikia vartus \u012f turting\u0105 ir \u012fvairi\u0105 kult\u016br\u0105,","og_url":"https:\/\/talkpal.ai\/lt\/graiku-kalbos-gramatikos-pratimai\/","og_site_name":"Talkpal","article_publisher":"https:\/\/www.facebook.com\/profile.php?id=100090733639311","article_modified_time":"2025-12-17T16:04:36+00:00","og_image":[{"width":512,"height":512,"url":"https:\/\/talkpal.ai\/wp-content\/uploads\/2023\/05\/greece.png","type":"image\/png"}],"twitter_card":"summary_large_image","twitter_site":"@talkpalai","twitter_misc":{"Est. reading time":"3 minut\u0117s"},"schema":{"@context":"https:\/\/schema.org","@graph":[{"@type":"WebPage","@id":"https:\/\/talkpal.ai\/lt\/graiku-kalbos-gramatikos-pratimai\/","url":"https:\/\/talkpal.ai\/lt\/graiku-kalbos-gramatikos-pratimai\/","name":"Graik\u0173 kalbos gramatikos pratimai - Talkpal","isPartOf":{"@id":"https:\/\/talkpal.ai\/lt\/#website"},"primaryImageOfPage":{"@id":"https:\/\/talkpal.ai\/lt\/graiku-kalbos-gramatikos-pratimai\/#primaryimage"},"image":{"@id":"https:\/\/talkpal.ai\/lt\/graiku-kalbos-gramatikos-pratimai\/#primaryimage"},"thumbnailUrl":"https:\/\/talkpal.ai\/wp-content\/uploads\/2023\/05\/greece.png","datePublished":"2023-06-21T14:18:43+00:00","dateModified":"2025-12-17T16:04:36+00:00","description":"Lengvai patobulinkite graik\u0173 kalbos gramatikos \u012fg\u016bd\u017eius - atlikite interaktyvius pratimus, greitai tobul\u0117kite ir pasitik\u0117kite savimi. Talkpal AI.","breadcrumb":{"@id":"https:\/\/talkpal.ai\/lt\/graiku-kalbos-gramatikos-pratimai\/#breadcrumb"},"inLanguage":"lt-LT","potentialAction":[{"@type":"ReadAction","target":["https:\/\/talkpal.ai\/lt\/graiku-kalbos-gramatikos-pratimai\/"]}]},{"@type":"ImageObject","inLanguage":"lt-LT","@id":"https:\/\/talkpal.ai\/lt\/graiku-kalbos-gramatikos-pratimai\/#primaryimage","url":"https:\/\/talkpal.ai\/wp-content\/uploads\/2023\/05\/greece.png","contentUrl":"https:\/\/talkpal.ai\/wp-content\/uploads\/2023\/05\/greece.png","width":512,"height":512},{"@type":"BreadcrumbList","@id":"https:\/\/talkpal.ai\/lt\/graiku-kalbos-gramatikos-pratimai\/#breadcrumb","itemListElement":[{"@type":"ListItem","position":1,"name":"Homepage","item":"https:\/\/talkpal.ai\/lt\/"},{"@type":"ListItem","position":2,"name":"Graik\u0173 kalbos gramatikos pratimai"}]},{"@type":"WebSite","@id":"https:\/\/talkpal.ai\/lt\/#website","url":"https:\/\/talkpal.ai\/lt\/","name":"Talkpal","description":"AI Language Learning","publisher":{"@id":"https:\/\/talkpal.ai\/lt\/#organization"},"alternateName":"Talkpal AI","potentialAction":[{"@type":"SearchAction","target":{"@type":"EntryPoint","urlTemplate":"https:\/\/talkpal.ai\/lt\/?s={search_term_string}"},"query-input":{"@type":"PropertyValueSpecification","valueRequired":true,"valueName":"search_term_string"}}],"inLanguage":"lt-LT"},{"@type":"Organization","@id":"https:\/\/talkpal.ai\/lt\/#organization","name":"Talkpal, Inc.","alternateName":"Talkpal AI","url":"https:\/\/talkpal.ai\/lt\/","logo":{"@type":"ImageObject","inLanguage":"lt-LT","@id":"https:\/\/talkpal.ai\/lt\/#\/schema\/logo\/image\/","url":"https:\/\/talkpal.ai\/wp-content\/uploads\/2024\/03\/Talkpal-Logo-Icon.png","contentUrl":"https:\/\/talkpal.ai\/wp-content\/uploads\/2024\/03\/Talkpal-Logo-Icon.png","width":2880,"height":2880,"caption":"Talkpal, Inc."},"image":{"@id":"https:\/\/talkpal.ai\/lt\/#\/schema\/logo\/image\/"},"sameAs":["https:\/\/www.facebook.com\/profile.php?id=100090733639311","https:\/\/x.com\/talkpalai","https:\/\/www.linkedin.com\/company\/talkpal\/","https:\/\/www.youtube.com\/@TalkPal\/","https:\/\/www.tiktok.com\/@talkpal","https:\/\/www.instagram.com\/talkpal_ai\/","https:\/\/www.crunchbase.com\/organization\/talkpal-9cde","https:\/\/www.g2.com\/products\/talkpal-for-business\/","https:\/\/www.trustpilot.com\/review\/talkpal.ai","https:\/\/www.capterra.com\/p\/10006800\/TalkPal\/"],"description":"Talkpal is a language learning web and mobile education app, powered by the latest AI technologies, that provides engaging experiences to its customers in many different languages to help them improve their language skills. Users can chat about unlimited amount of topics with the app and use other modes to practice their language learning.","email":"support@talkpal.ai","legalName":"Talkpal, Inc.","foundingDate":"2023-04-03","duns":"118989042","numberOfEmployees":{"@type":"QuantitativeValue","minValue":"11","maxValue":"50"},"publishingPrinciples":"https:\/\/talkpal.ai\/publishing-principles\/","actionableFeedbackPolicy":"https:\/\/talkpal.ai\/actionable-feedback-policy\/","correctionsPolicy":"https:\/\/talkpal.ai\/corrections-policy\/","ethicsPolicy":"https:\/\/talkpal.ai\/ethics-policy\/","diversityPolicy":"https:\/\/talkpal.ai\/diversity-policy\/","diversityStaffingReport":"https:\/\/talkpal.ai\/diversity-policy\/"}]}},"_links":{"self":[{"href":"https:\/\/talkpal.ai\/lt\/wp-json\/wp\/v2\/pages\/162568","targetHints":{"allow":["GET"]}}],"collection":[{"href":"https:\/\/talkpal.ai\/lt\/wp-json\/wp\/v2\/pages"}],"about":[{"href":"https:\/\/talkpal.ai\/lt\/wp-json\/wp\/v2\/types\/page"}],"author":[{"embeddable":true,"href":"https:\/\/talkpal.ai\/lt\/wp-json\/wp\/v2\/users\/6"}],"replies":[{"embeddable":true,"href":"https:\/\/talkpal.ai\/lt\/wp-json\/wp\/v2\/comments?post=162568"}],"version-history":[{"count":0,"href":"https:\/\/talkpal.ai\/lt\/wp-json\/wp\/v2\/pages\/162568\/revisions"}],"wp:featuredmedia":[{"embeddable":true,"href":"https:\/\/talkpal.ai\/lt\/wp-json\/wp\/v2\/media\/112649"}],"wp:attachment":[{"href":"https:\/\/talkpal.ai\/lt\/wp-json\/wp\/v2\/media?parent=162568"}],"curies":[{"name":"wp","href":"https:\/\/api.w.org\/{rel}","templated":true}]}}