{"id":162422,"date":"2023-06-21T14:25:56","date_gmt":"2023-06-21T14:25:56","guid":{"rendered":"http:\/\/talkpal.ai\/hebraju-kalbos-gramatikos-pratimai\/"},"modified":"2025-12-17T15:48:42","modified_gmt":"2025-12-17T15:48:42","slug":"hebraju-kalbos-gramatikos-pratimai","status":"publish","type":"page","link":"https:\/\/talkpal.ai\/lt\/hebraju-kalbos-gramatikos-pratimai\/","title":{"rendered":"Hebraj\u0173 kalbos gramatikos pratimai"},"content":{"rendered":"\r\n\r\n\r\n<section class=\"languageChallengeSection\">\r\n    <div class=\"languageInfoWrapper\">\r\n        \r\n        <h1>Hebraj\u0173 kalbos gramatikos pratimai<\/h1>\r\n        <p>Ar esate pasireng\u0119 pasinerti \u012f hebraj\u0173 <a href=\"https:\/\/talkpal.ai\/what-language-is-spoken-on-the-international-space-station\/\">kalbos<\/a> gramatik\u0105? \u0160ie paprasti pratimai pad\u0117s jums patogiai i\u0161mokti pagrindus ir sustiprinti pasitik\u0117jim\u0105 savimi mokantis \u0161ios gra\u017eios kalbos.<\/p>\r\n\r\n                            <a class=\"getStartedHidden\" href=\"https:\/\/app.talkpal.ai\/lt\/signup?lng=\">Prad\u0117k<\/a>\r\n        \r\n    <\/div>\r\n\r\n    <figure>\r\n    <img decoding=\"async\" width=\"768\" height=\"768\" src=\"https:\/\/talkpal.ai\/wp-content\/uploads\/2023\/06\/hebrew-768x768.png\" class=\"languageImage no-lazy\" alt=\"Language learning for proficient communication\" fetchpriority=\"high\" sizes=\"(max-width: 768px) 150px, 768px\" srcset=\"https:\/\/talkpal.ai\/wp-content\/uploads\/2023\/06\/hebrew-768x768.png 768w, https:\/\/talkpal.ai\/wp-content\/uploads\/2023\/06\/hebrew-300x300.png 300w\" \/>\r\n    \r\n\r\n    <\/figure>\r\n\r\n            <a class=\"getStartedVisible\" href=\"https:\/\/app.talkpal.ai\/lt\/signup?lng=\">Prad\u0117k<\/a>\r\n    \r\n<\/section>\r\n\r\n\r\n<!-- <section class=\"grammarSection\">\r\n    <div class=\"grammarLinks\">\r\n            <\/div>\r\n<\/section> -->\r\n\r\n\r\n\r\n\r\n<section class=\"promotionalBanner\">\r\n    <p class=\"promotionalText\">Efektyviausias b\u016bdas mokytis kalbos<\/p>\r\n    <a class=\"promotionalLink\" href=\"https:\/\/app.talkpal.ai\/lt\/signup?lng=\">I\u0161bandykite Talkpal &#8221; nemokamai<\/a>\r\n<\/section>\n<div class=\"wp-block-group pageContainerStyle\"><div class=\"wp-block-group__inner-container is-layout-constrained wp-block-group-is-layout-constrained\">\n<h2 class=\"wp-block-heading\" id=\"h-hebrew-grammar-topics\">Hebraj\u0173 kalbos gramatikos temos<\/h2>\n\n\n\n<p><a href=\"https:\/\/talkpal.ai\/learn-hebrew\/\">Hebraj\u0173 kalba<\/a> yra \u012fdomi ir senovin\u0117 kalba, turinti didel\u0119 istorin\u0119 ir kult\u016brin\u0119 reik\u0161m\u0119. Kaip viena seniausi\u0173 kalb\u0173 pasaulyje, laikui b\u0117gant ji vyst\u0117si ir prisitaik\u0117, tod\u0117l <a href=\"https:\/\/talkpal.ai\/learn-thai\/\">tai<\/a> yra sud\u0117tinga ir naudinga mokytis kalba. Nesvarbu, ar mokot\u0117s hebraj\u0173 kalbos d\u0117l religini\u0173 prie\u017eas\u010di\u0173, nor\u0117dami u\u017emegzti ry\u0161\u012f su savo paveldu ar tiesiog siekdami asmeninio augimo, gramatikos supratimas yra b\u016btinas efektyviam bendravimui. \u0160iame vadove i\u0161nagrin\u0117sime pagrindines hebraj\u0173 kalbos gramatikos temas, kurias turite \u012fvaldyti logine seka, suteikdami tvirt\u0105 pagrind\u0105 j\u016bs\u0173 kalb\u0173 mokymosi kelionei.<\/p>\n\n\n\n<h3 class=\"wp-block-heading\" id=\"h-1-nouns\">1. Daiktavard\u017eiai:<\/h3>\n\n\n\n<p>Kaip bet kurios kalbos statybiniai blokai, hebraj\u0173 daiktavard\u017ei\u0173 supratimas yra labai svarbus. Daiktavard\u017eiai hebraj\u0173 kalboje turi lyt\u012f (vyri\u0161k\u0105 ar moteri\u0161k\u0105) ir skai\u010di\u0173 (vienaskaita, daugiskaita, o kartais ir dvilyp\u0117). I\u0161mok\u0119 lyties ir skai\u010diaus susitarimo modelius, gal\u0117site suformuoti pagrindinius sakinius ir suprasti kalbos strukt\u016br\u0105.<\/p>\n\n\n\n<h3 class=\"wp-block-heading\" id=\"h-2-articles\">2. Straipsniai:<\/h3>\n\n\n\n<p>Hebraj\u0173 kalboje yra baigtinis artikelio &#8222;\u05d4&#8221; (ha), kuris pridedamas prie daiktavard\u017eio prad\u017eios, siekiant parodyti, kad daiktavardis yra konkretus arba \u017einomas. Hebraj\u0173 kalba n\u0117ra neapibr\u0117\u017eto straipsnio, tod\u0117l norint tinkamai bendrauti, b\u016btina i\u0161mokti, kada ir kaip naudoti konkret\u0173 straipsn\u012f.<\/p>\n\n\n\n<h3 class=\"wp-block-heading\" id=\"h-3-adjectives\">3. B\u016bdvard\u017eiai:<\/h3>\n\n\n\n<p>Hebraj\u0173 b\u016bdvard\u017eiai, kaip ir daiktavard\u017eiai, turi lyties ir skai\u010diaus susitarim\u0105. Jie seka daiktavard\u017eiu, kur\u012f modifikuoja, ir turi susitarti d\u0117l lyties ir skai\u010diaus. B\u016bdvard\u017ei\u0173 susitarimo modeli\u0173 ir taisykli\u0173 supratimas pad\u0117s tiksliai apib\u016bdinti objektus ir id\u0117jas hebraj\u0173 kalba.<\/p>\n\n\n\n<h3 class=\"wp-block-heading\" id=\"h-4-pronouns-determiners\">4. \u012evard\u017eiai\/determinantai:<\/h3>\n\n\n\n<p>\u012evard\u017eiai pakei\u010dia daiktavard\u017eius sakiniuose, o determinantai juos nurodo arba kiekybi\u0161kai \u012fvertina. Abu vaidina lemiam\u0105 vaidmen\u012f, kad j\u016bs\u0173 hebraj\u0173 kalba b\u016bt\u0173 sklandesn\u0117 ir nat\u016bralesn\u0117. \u012evairi\u0173 \u012fvard\u017ei\u0173 (dalyko, objekto, nuosavyb\u0117s) ir determinant\u0173 (demonstracini\u0173, klausiam\u0173j\u0173, neapibr\u0117\u017et\u0173) \u012fsisavinimas pad\u0117s jums sukurti sud\u0117tingesnius sakinius ir efektyviau perteikti savo id\u0117jas.<\/p>\n\n\n\n<h3 class=\"wp-block-heading\" id=\"h-5-verbs\">5. Veiksma\u017eod\u017eiai:<\/h3>\n\n\n\n<p>Hebraj\u0173 kalbos gramatikos pagrind\u0105 sudaro veiksma\u017eod\u017eiai. Jie yra pagr\u012fsti \u0161akn\u0173 sistema, susidedan\u010dia i\u0161 trij\u0173 ar keturi\u0173 priebalsi\u0173 ir yra konjuguoti pagal \u012ftamp\u0105, asmen\u012f, lyt\u012f ir skai\u010di\u0173. Susipa\u017ein\u0119 su \u012fvairiomis veiksma\u017eod\u017ei\u0173 formomis ir laikais, gal\u0117site efektyviai i\u0161reik\u0161ti veiksmus ir b\u016bsenas.<\/p>\n\n\n\n<h3 class=\"wp-block-heading\" id=\"h-6-tenses\">6. Laikai:<\/h3>\n\n\n\n<p>Hebraj\u0173 kalba turi tris pagrindinius laikus: praeit\u012f, dabart\u012f ir ateit\u012f. Kiekvienam laikui b\u016bdingos tam tikros kir\u010diavimo taisykl\u0117s, kurios priklauso nuo veiksma\u017eod\u017eio \u0161aknies, dalyko gimin\u0117s ir skai\u010diaus. Suprasdami \u0161ias taisykles gal\u0117site tiksliai perteikti veiksm\u0173 laik\u0105.<\/p>\n\n\n\n<h3 class=\"wp-block-heading\" id=\"h-7-tense-comparison\">7. \u012etemptas palyginimas:<\/h3>\n\n\n\n<p>Labai svarbu \u017einoti, kada ir kaip naudoti kiekvien\u0105 hebraj\u0173 \u012ftamp\u0105, kad b\u016bt\u0173 galima efektyviai bendrauti. \u012evairi\u0173 laik\u0173 palyginimas ir kontrastavimas pad\u0117s suvokti kalbos niuansus ir leis tiksliau i\u0161reik\u0161ti save.<\/p>\n\n\n\n<h3 class=\"wp-block-heading\" id=\"h-8-progressive-and-perfect-progressive\">8. Progresyvus ir tobulas progresyvus:<\/h3>\n\n\n\n<p>\u0160ios veiksma\u017eod\u017ei\u0173 formos naudojamos vykdomiems ar u\u017ebaigtiems veiksmams nurodyti. Progresyvi forma naudojama veiksmams, kurie vis dar vyksta, o tobulas progresyvus pabr\u0117\u017eia veiksmo u\u017ebaigim\u0105. \u0160i\u0173 form\u0173 supratimas sustiprins j\u016bs\u0173 geb\u0117jim\u0105 i\u0161reik\u0161ti sud\u0117tingas id\u0117jas ir veiksmus.<\/p>\n\n\n\n<h3 class=\"wp-block-heading\" id=\"h-9-adverbs\">9. Prieveiksmiai:<\/h3>\n\n\n\n<p>Prieveiksmiai modifikuoja veiksma\u017eod\u017eius, b\u016bdvard\u017eius ar kitus prieveiksmius, suteikdami papildomos informacijos apie apra\u0161om\u0105 veiksm\u0105 ar kokyb\u0119. I\u0161mok\u0119 \u012fvairi\u0173 tip\u0173 hebraj\u0173 prieveiksmius ir kaip juos teisingai naudoti, j\u016bs\u0173 kalbos \u012fg\u016bd\u017eiai bus \u012fvairesni ir gilesni.<\/p>\n\n\n\n<h3 class=\"wp-block-heading\" id=\"h-10-prepositions\">10. Prielinksniai:<\/h3>\n\n\n\n<p>Prielinksniai jungia daiktavard\u017eius, \u012fvard\u017eius ar kitus \u017eod\u017eius, kad parodyt\u0173 ry\u0161ius laike, vietoje ar kituose kontekstuose. Hebraj\u0173 prielinksni\u0173 \u012fvaldymas pad\u0117s sukurti sud\u0117tingesnius sakinius ir ai\u0161kiau i\u0161reik\u0161ti ry\u0161ius tarp id\u0117j\u0173.<\/p>\n\n\n\n<h3 class=\"wp-block-heading\" id=\"h-11-conditionals\">11. S\u0105lygos:<\/h3>\n\n\n\n<p>Hebraj\u0173 s\u0105lygotumai naudojami hipotetin\u0117ms situacijoms ir j\u0173 pasekm\u0117ms i\u0161reik\u0161ti. I\u0161mok\u0119 \u012fvairi\u0173 s\u0105lygini\u0173 strukt\u016br\u0173 (jei \/ tada teiginiai), gal\u0117site efektyviai bendrauti hipotetin\u0117se ar neai\u0161kiose situacijose.<\/p>\n\n\n\n<h3 class=\"wp-block-heading\" id=\"h-12-sentences\">12. Sakiniai:<\/h3>\n\n\n\n<p>Galiausiai, vis\u0173 gramatikos komponent\u0173 sujungimas \u012f i\u0161baigtus, nuoseklius sakinius yra galutinis hebraj\u0173 kalbos mokymosi tikslas. Praktikuokite daiktavard\u017ei\u0173, veiksma\u017eod\u017ei\u0173, b\u016bdvard\u017ei\u0173 ir kit\u0173 element\u0173 derinim\u0105, kad sukurtum\u0117te sakinius, kurie tiksliai perteikt\u0173 j\u016bs\u0173 mintis ir id\u0117jas hebraj\u0173 kalba.<\/p>\n<\/div><\/div>\n\r\n<section class=\"learnNavigationSection\">\r\n            \r\n        <a href=\"https:\/\/talkpal.ai\/lt\/mokykites-hebraju-kalbos\/\">\r\n            <div class=\"learnNavigationWrapper\">\r\n                <div class=\"learnNavigationContent\">\r\n                    <img decoding=\"async\" src=\"https:\/\/talkpal.ai\/wp-content\/uploads\/2024\/08\/Hebrew.jpg\" alt=\"Israel Flag\">\r\n                    <div>\r\n                        <h4>Apie hebraj\u0173 kalbos mokym\u0105si<\/h4>\r\n                        <p>Su\u017einokite visk\u0105 apie hebraj\u0173 kalbos gramatik\u0105.<\/p>\r\n                    <\/div>\r\n                <\/div>\r\n            <\/div>\r\n        <\/a>\r\n\r\n        \r\n        <a href=\"https:\/\/talkpal.ai\/lt\/hebraju-kalbos-gramatika\/\">\r\n            <div class=\"learnNavigationWrapper\">\r\n                <div class=\"learnNavigationContent\">\r\n                    <img decoding=\"async\" src=\"https:\/\/talkpal.ai\/wp-content\/uploads\/2024\/08\/Hebrew.jpg\" alt=\"Israel Flag\">\r\n                    <div>\r\n                        <h4>Hebraj\u0173 kalbos gramatikos pamokos<\/h4>\r\n                        <p>Praktikuokite hebraj\u0173 kalbos gramatik\u0105.<\/p>\r\n                    <\/div>\r\n                <\/div>\r\n            <\/div>\r\n        <\/a>\r\n\r\n        \r\n        <a href=\"https:\/\/talkpal.ai\/vocabulary_language\/hebrew\/\">\r\n            <div class=\"learnNavigationWrapper\">\r\n                <div class=\"learnNavigationContent\">\r\n                    <img decoding=\"async\" src=\"https:\/\/talkpal.ai\/wp-content\/uploads\/2024\/08\/Hebrew.jpg\" alt=\"Israel Flag\">\r\n                    <div>\r\n                        <h4>Hebraj\u0173 kalbos \u017eodynas<\/h4>\r\n                        <p>Prapl\u0117skite savo hebraj\u0173 kalbos \u017eodyn\u0105.<\/p>\r\n                    <\/div>\r\n                <\/div>\r\n            <\/div>\r\n        <\/a>\r\n\r\n            <\/section>","protected":false},"excerpt":{"rendered":"<p>Hebraj\u0173 kalbos gramatikos temos Hebraj\u0173 kalba yra \u012fdomi ir senovin\u0117 kalba, turinti didel\u0119 istorin\u0119 ir kult\u016brin\u0119 reik\u0161m\u0119. Kaip viena seniausi\u0173 kalb\u0173 pasaulyje, laikui b\u0117gant ji vyst\u0117si ir prisitaik\u0117, tod\u0117l tai yra sud\u0117tinga ir naudinga mokytis kalba. Nesvarbu, ar mokot\u0117s hebraj\u0173 kalbos d\u0117l religini\u0173 prie\u017eas\u010di\u0173, nor\u0117dami u\u017emegzti ry\u0161\u012f su savo paveldu ar tiesiog siekdami asmeninio augimo, [&hellip;]<\/p>\n","protected":false},"author":6,"featured_media":112892,"parent":0,"menu_order":0,"comment_status":"closed","ping_status":"closed","template":"LearningContentPage.php","meta":{"_acf_changed":false,"footnotes":""},"class_list":["post-162422","page","type-page","status-publish","has-post-thumbnail","hentry"],"acf":[],"yoast_head":"<!-- This site is optimized with the Yoast SEO Premium plugin v27.2 (Yoast SEO v27.2) - https:\/\/yoast.com\/product\/yoast-seo-premium-wordpress\/ -->\n<title>Hebraj\u0173 kalbos gramatikos pratimai - Talkpal<\/title>\n<meta name=\"description\" content=\"Pagerinkite savo hebraj\u0173 kalbos gramatik\u0105 - atlikite ai\u0161kius praktinius pratimus, kad lengvai sustiprintum\u0117te savo kalbos \u012fg\u016bd\u017eius. Talkpal AI.\" \/>\n<meta name=\"robots\" content=\"index, follow, max-snippet:-1, max-image-preview:large, max-video-preview:-1\" \/>\n<link rel=\"canonical\" href=\"https:\/\/talkpal.ai\/lt\/hebraju-kalbos-gramatikos-pratimai\/\" \/>\n<meta property=\"og:locale\" content=\"lt_LT\" \/>\n<meta property=\"og:type\" content=\"article\" \/>\n<meta property=\"og:title\" content=\"Hebraj\u0173 kalbos gramatikos pratimai\" \/>\n<meta property=\"og:description\" content=\"Hebraj\u0173 kalbos gramatikos temos Hebraj\u0173 kalba yra \u012fdomi ir senovin\u0117 kalba, turinti didel\u0119 istorin\u0119 ir kult\u016brin\u0119 reik\u0161m\u0119. Kaip viena seniausi\u0173 kalb\u0173\" \/>\n<meta property=\"og:url\" content=\"https:\/\/talkpal.ai\/lt\/hebraju-kalbos-gramatikos-pratimai\/\" \/>\n<meta property=\"og:site_name\" content=\"Talkpal\" \/>\n<meta property=\"article:publisher\" content=\"https:\/\/www.facebook.com\/profile.php?id=100090733639311\" \/>\n<meta property=\"article:modified_time\" content=\"2025-12-17T15:48:42+00:00\" \/>\n<meta property=\"og:image\" content=\"https:\/\/talkpal.ai\/wp-content\/uploads\/2023\/05\/israel.png\" \/>\n\t<meta property=\"og:image:width\" content=\"512\" \/>\n\t<meta property=\"og:image:height\" content=\"512\" \/>\n\t<meta property=\"og:image:type\" content=\"image\/png\" \/>\n<meta name=\"twitter:card\" content=\"summary_large_image\" \/>\n<meta name=\"twitter:site\" content=\"@talkpalai\" \/>\n<meta name=\"twitter:label1\" content=\"Est. reading time\" \/>\n\t<meta name=\"twitter:data1\" content=\"3 minut\u0117s\" \/>\n<script type=\"application\/ld+json\" class=\"yoast-schema-graph\">{\"@context\":\"https:\/\/schema.org\",\"@graph\":[{\"@type\":\"WebPage\",\"@id\":\"https:\/\/talkpal.ai\/lt\/hebraju-kalbos-gramatikos-pratimai\/\",\"url\":\"https:\/\/talkpal.ai\/lt\/hebraju-kalbos-gramatikos-pratimai\/\",\"name\":\"Hebraj\u0173 kalbos gramatikos pratimai - Talkpal\",\"isPartOf\":{\"@id\":\"https:\/\/talkpal.ai\/lt\/#website\"},\"primaryImageOfPage\":{\"@id\":\"https:\/\/talkpal.ai\/lt\/hebraju-kalbos-gramatikos-pratimai\/#primaryimage\"},\"image\":{\"@id\":\"https:\/\/talkpal.ai\/lt\/hebraju-kalbos-gramatikos-pratimai\/#primaryimage\"},\"thumbnailUrl\":\"https:\/\/talkpal.ai\/wp-content\/uploads\/2023\/05\/israel.png\",\"datePublished\":\"2023-06-21T14:25:56+00:00\",\"dateModified\":\"2025-12-17T15:48:42+00:00\",\"description\":\"Pagerinkite savo hebraj\u0173 kalbos gramatik\u0105 - atlikite ai\u0161kius praktinius pratimus, kad lengvai sustiprintum\u0117te savo kalbos \u012fg\u016bd\u017eius. Talkpal AI.\",\"breadcrumb\":{\"@id\":\"https:\/\/talkpal.ai\/lt\/hebraju-kalbos-gramatikos-pratimai\/#breadcrumb\"},\"inLanguage\":\"lt-LT\",\"potentialAction\":[{\"@type\":\"ReadAction\",\"target\":[\"https:\/\/talkpal.ai\/lt\/hebraju-kalbos-gramatikos-pratimai\/\"]}]},{\"@type\":\"ImageObject\",\"inLanguage\":\"lt-LT\",\"@id\":\"https:\/\/talkpal.ai\/lt\/hebraju-kalbos-gramatikos-pratimai\/#primaryimage\",\"url\":\"https:\/\/talkpal.ai\/wp-content\/uploads\/2023\/05\/israel.png\",\"contentUrl\":\"https:\/\/talkpal.ai\/wp-content\/uploads\/2023\/05\/israel.png\",\"width\":512,\"height\":512},{\"@type\":\"BreadcrumbList\",\"@id\":\"https:\/\/talkpal.ai\/lt\/hebraju-kalbos-gramatikos-pratimai\/#breadcrumb\",\"itemListElement\":[{\"@type\":\"ListItem\",\"position\":1,\"name\":\"Homepage\",\"item\":\"https:\/\/talkpal.ai\/lt\/\"},{\"@type\":\"ListItem\",\"position\":2,\"name\":\"Hebraj\u0173 kalbos gramatikos pratimai\"}]},{\"@type\":\"WebSite\",\"@id\":\"https:\/\/talkpal.ai\/lt\/#website\",\"url\":\"https:\/\/talkpal.ai\/lt\/\",\"name\":\"Talkpal\",\"description\":\"AI Language Learning\",\"publisher\":{\"@id\":\"https:\/\/talkpal.ai\/lt\/#organization\"},\"alternateName\":\"Talkpal AI\",\"potentialAction\":[{\"@type\":\"SearchAction\",\"target\":{\"@type\":\"EntryPoint\",\"urlTemplate\":\"https:\/\/talkpal.ai\/lt\/?s={search_term_string}\"},\"query-input\":{\"@type\":\"PropertyValueSpecification\",\"valueRequired\":true,\"valueName\":\"search_term_string\"}}],\"inLanguage\":\"lt-LT\"},{\"@type\":\"Organization\",\"@id\":\"https:\/\/talkpal.ai\/lt\/#organization\",\"name\":\"Talkpal, Inc.\",\"alternateName\":\"Talkpal AI\",\"url\":\"https:\/\/talkpal.ai\/lt\/\",\"logo\":{\"@type\":\"ImageObject\",\"inLanguage\":\"lt-LT\",\"@id\":\"https:\/\/talkpal.ai\/lt\/#\/schema\/logo\/image\/\",\"url\":\"https:\/\/talkpal.ai\/wp-content\/uploads\/2024\/03\/Talkpal-Logo-Icon.png\",\"contentUrl\":\"https:\/\/talkpal.ai\/wp-content\/uploads\/2024\/03\/Talkpal-Logo-Icon.png\",\"width\":2880,\"height\":2880,\"caption\":\"Talkpal, Inc.\"},\"image\":{\"@id\":\"https:\/\/talkpal.ai\/lt\/#\/schema\/logo\/image\/\"},\"sameAs\":[\"https:\/\/www.facebook.com\/profile.php?id=100090733639311\",\"https:\/\/x.com\/talkpalai\",\"https:\/\/www.linkedin.com\/company\/talkpal\/\",\"https:\/\/www.youtube.com\/@TalkPal\/\",\"https:\/\/www.tiktok.com\/@talkpal\",\"https:\/\/www.instagram.com\/talkpal_ai\/\",\"https:\/\/www.crunchbase.com\/organization\/talkpal-9cde\",\"https:\/\/www.g2.com\/products\/talkpal-for-business\/\",\"https:\/\/www.trustpilot.com\/review\/talkpal.ai\",\"https:\/\/www.capterra.com\/p\/10006800\/TalkPal\/\"],\"description\":\"Talkpal is a language learning web and mobile education app, powered by the latest AI technologies, that provides engaging experiences to its customers in many different languages to help them improve their language skills. Users can chat about unlimited amount of topics with the app and use other modes to practice their language learning.\",\"email\":\"support@talkpal.ai\",\"legalName\":\"Talkpal, Inc.\",\"foundingDate\":\"2023-04-03\",\"duns\":\"118989042\",\"numberOfEmployees\":{\"@type\":\"QuantitativeValue\",\"minValue\":\"11\",\"maxValue\":\"50\"},\"publishingPrinciples\":\"https:\/\/talkpal.ai\/publishing-principles\/\",\"actionableFeedbackPolicy\":\"https:\/\/talkpal.ai\/actionable-feedback-policy\/\",\"correctionsPolicy\":\"https:\/\/talkpal.ai\/corrections-policy\/\",\"ethicsPolicy\":\"https:\/\/talkpal.ai\/ethics-policy\/\",\"diversityPolicy\":\"https:\/\/talkpal.ai\/diversity-policy\/\",\"diversityStaffingReport\":\"https:\/\/talkpal.ai\/diversity-policy\/\"}]}<\/script>\n<!-- \/ Yoast SEO Premium plugin. -->","yoast_head_json":{"title":"Hebraj\u0173 kalbos gramatikos pratimai - Talkpal","description":"Pagerinkite savo hebraj\u0173 kalbos gramatik\u0105 - atlikite ai\u0161kius praktinius pratimus, kad lengvai sustiprintum\u0117te savo kalbos \u012fg\u016bd\u017eius. Talkpal AI.","robots":{"index":"index","follow":"follow","max-snippet":"max-snippet:-1","max-image-preview":"max-image-preview:large","max-video-preview":"max-video-preview:-1"},"canonical":"https:\/\/talkpal.ai\/lt\/hebraju-kalbos-gramatikos-pratimai\/","og_locale":"lt_LT","og_type":"article","og_title":"Hebraj\u0173 kalbos gramatikos pratimai","og_description":"Hebraj\u0173 kalbos gramatikos temos Hebraj\u0173 kalba yra \u012fdomi ir senovin\u0117 kalba, turinti didel\u0119 istorin\u0119 ir kult\u016brin\u0119 reik\u0161m\u0119. Kaip viena seniausi\u0173 kalb\u0173","og_url":"https:\/\/talkpal.ai\/lt\/hebraju-kalbos-gramatikos-pratimai\/","og_site_name":"Talkpal","article_publisher":"https:\/\/www.facebook.com\/profile.php?id=100090733639311","article_modified_time":"2025-12-17T15:48:42+00:00","og_image":[{"width":512,"height":512,"url":"https:\/\/talkpal.ai\/wp-content\/uploads\/2023\/05\/israel.png","type":"image\/png"}],"twitter_card":"summary_large_image","twitter_site":"@talkpalai","twitter_misc":{"Est. reading time":"3 minut\u0117s"},"schema":{"@context":"https:\/\/schema.org","@graph":[{"@type":"WebPage","@id":"https:\/\/talkpal.ai\/lt\/hebraju-kalbos-gramatikos-pratimai\/","url":"https:\/\/talkpal.ai\/lt\/hebraju-kalbos-gramatikos-pratimai\/","name":"Hebraj\u0173 kalbos gramatikos pratimai - Talkpal","isPartOf":{"@id":"https:\/\/talkpal.ai\/lt\/#website"},"primaryImageOfPage":{"@id":"https:\/\/talkpal.ai\/lt\/hebraju-kalbos-gramatikos-pratimai\/#primaryimage"},"image":{"@id":"https:\/\/talkpal.ai\/lt\/hebraju-kalbos-gramatikos-pratimai\/#primaryimage"},"thumbnailUrl":"https:\/\/talkpal.ai\/wp-content\/uploads\/2023\/05\/israel.png","datePublished":"2023-06-21T14:25:56+00:00","dateModified":"2025-12-17T15:48:42+00:00","description":"Pagerinkite savo hebraj\u0173 kalbos gramatik\u0105 - atlikite ai\u0161kius praktinius pratimus, kad lengvai sustiprintum\u0117te savo kalbos \u012fg\u016bd\u017eius. Talkpal AI.","breadcrumb":{"@id":"https:\/\/talkpal.ai\/lt\/hebraju-kalbos-gramatikos-pratimai\/#breadcrumb"},"inLanguage":"lt-LT","potentialAction":[{"@type":"ReadAction","target":["https:\/\/talkpal.ai\/lt\/hebraju-kalbos-gramatikos-pratimai\/"]}]},{"@type":"ImageObject","inLanguage":"lt-LT","@id":"https:\/\/talkpal.ai\/lt\/hebraju-kalbos-gramatikos-pratimai\/#primaryimage","url":"https:\/\/talkpal.ai\/wp-content\/uploads\/2023\/05\/israel.png","contentUrl":"https:\/\/talkpal.ai\/wp-content\/uploads\/2023\/05\/israel.png","width":512,"height":512},{"@type":"BreadcrumbList","@id":"https:\/\/talkpal.ai\/lt\/hebraju-kalbos-gramatikos-pratimai\/#breadcrumb","itemListElement":[{"@type":"ListItem","position":1,"name":"Homepage","item":"https:\/\/talkpal.ai\/lt\/"},{"@type":"ListItem","position":2,"name":"Hebraj\u0173 kalbos gramatikos pratimai"}]},{"@type":"WebSite","@id":"https:\/\/talkpal.ai\/lt\/#website","url":"https:\/\/talkpal.ai\/lt\/","name":"Talkpal","description":"AI Language Learning","publisher":{"@id":"https:\/\/talkpal.ai\/lt\/#organization"},"alternateName":"Talkpal AI","potentialAction":[{"@type":"SearchAction","target":{"@type":"EntryPoint","urlTemplate":"https:\/\/talkpal.ai\/lt\/?s={search_term_string}"},"query-input":{"@type":"PropertyValueSpecification","valueRequired":true,"valueName":"search_term_string"}}],"inLanguage":"lt-LT"},{"@type":"Organization","@id":"https:\/\/talkpal.ai\/lt\/#organization","name":"Talkpal, Inc.","alternateName":"Talkpal AI","url":"https:\/\/talkpal.ai\/lt\/","logo":{"@type":"ImageObject","inLanguage":"lt-LT","@id":"https:\/\/talkpal.ai\/lt\/#\/schema\/logo\/image\/","url":"https:\/\/talkpal.ai\/wp-content\/uploads\/2024\/03\/Talkpal-Logo-Icon.png","contentUrl":"https:\/\/talkpal.ai\/wp-content\/uploads\/2024\/03\/Talkpal-Logo-Icon.png","width":2880,"height":2880,"caption":"Talkpal, Inc."},"image":{"@id":"https:\/\/talkpal.ai\/lt\/#\/schema\/logo\/image\/"},"sameAs":["https:\/\/www.facebook.com\/profile.php?id=100090733639311","https:\/\/x.com\/talkpalai","https:\/\/www.linkedin.com\/company\/talkpal\/","https:\/\/www.youtube.com\/@TalkPal\/","https:\/\/www.tiktok.com\/@talkpal","https:\/\/www.instagram.com\/talkpal_ai\/","https:\/\/www.crunchbase.com\/organization\/talkpal-9cde","https:\/\/www.g2.com\/products\/talkpal-for-business\/","https:\/\/www.trustpilot.com\/review\/talkpal.ai","https:\/\/www.capterra.com\/p\/10006800\/TalkPal\/"],"description":"Talkpal is a language learning web and mobile education app, powered by the latest AI technologies, that provides engaging experiences to its customers in many different languages to help them improve their language skills. Users can chat about unlimited amount of topics with the app and use other modes to practice their language learning.","email":"support@talkpal.ai","legalName":"Talkpal, Inc.","foundingDate":"2023-04-03","duns":"118989042","numberOfEmployees":{"@type":"QuantitativeValue","minValue":"11","maxValue":"50"},"publishingPrinciples":"https:\/\/talkpal.ai\/publishing-principles\/","actionableFeedbackPolicy":"https:\/\/talkpal.ai\/actionable-feedback-policy\/","correctionsPolicy":"https:\/\/talkpal.ai\/corrections-policy\/","ethicsPolicy":"https:\/\/talkpal.ai\/ethics-policy\/","diversityPolicy":"https:\/\/talkpal.ai\/diversity-policy\/","diversityStaffingReport":"https:\/\/talkpal.ai\/diversity-policy\/"}]}},"_links":{"self":[{"href":"https:\/\/talkpal.ai\/lt\/wp-json\/wp\/v2\/pages\/162422","targetHints":{"allow":["GET"]}}],"collection":[{"href":"https:\/\/talkpal.ai\/lt\/wp-json\/wp\/v2\/pages"}],"about":[{"href":"https:\/\/talkpal.ai\/lt\/wp-json\/wp\/v2\/types\/page"}],"author":[{"embeddable":true,"href":"https:\/\/talkpal.ai\/lt\/wp-json\/wp\/v2\/users\/6"}],"replies":[{"embeddable":true,"href":"https:\/\/talkpal.ai\/lt\/wp-json\/wp\/v2\/comments?post=162422"}],"version-history":[{"count":0,"href":"https:\/\/talkpal.ai\/lt\/wp-json\/wp\/v2\/pages\/162422\/revisions"}],"wp:featuredmedia":[{"embeddable":true,"href":"https:\/\/talkpal.ai\/lt\/wp-json\/wp\/v2\/media\/112892"}],"wp:attachment":[{"href":"https:\/\/talkpal.ai\/lt\/wp-json\/wp\/v2\/media?parent=162422"}],"curies":[{"name":"wp","href":"https:\/\/api.w.org\/{rel}","templated":true}]}}