{"id":161835,"date":"2023-06-21T14:50:44","date_gmt":"2023-06-21T14:50:44","guid":{"rendered":"http:\/\/talkpal.ai\/islandu-kalbos-gramatikos-pratimai\/"},"modified":"2025-12-17T16:09:21","modified_gmt":"2025-12-17T16:09:21","slug":"islandu-kalbos-gramatikos-pratimai","status":"publish","type":"page","link":"https:\/\/talkpal.ai\/lt\/islandu-kalbos-gramatikos-pratimai\/","title":{"rendered":"Island\u0173 kalbos gramatikos pratimai"},"content":{"rendered":"\r\n\r\n\r\n<section class=\"languageChallengeSection\">\r\n    <div class=\"languageInfoWrapper\">\r\n        \r\n        <h1>Island\u0173 kalbos gramatikos pratimai<\/h1>\r\n        <p>Ar esate pasireng\u0119 sustiprinti <a href=\"https:\/\/talkpal.ai\/learn-icelandic\/\">island\u0173<\/a> <a href=\"https:\/\/talkpal.ai\/what-language-is-spoken-on-the-international-space-station\/\">kalbos<\/a> \u012fg\u016bd\u017eius? Gramatikos pratimai &#8211; puikus b\u016bdas \u012fsisavinti sakinio strukt\u016br\u0105, veiksma\u017eod\u017ei\u0173 formas ir unikalias island\u0173 kalbos ypatybes. Prad\u0117kite tyrin\u0117ti island\u0173 kalbos gramatik\u0105 \u0161iandien ir steb\u0117kite, kaip su kiekvienu pratimu auga j\u016bs\u0173 pasitik\u0117jimas savimi ir sklandus kalb\u0117jimas!\n\n<\/p>\r\n\r\n                            <a class=\"getStartedHidden\" href=\"https:\/\/app.talkpal.ai\/lt\/signup?lng=\">Prad\u0117k<\/a>\r\n        \r\n    <\/div>\r\n\r\n    <figure>\r\n    <img decoding=\"async\" width=\"768\" height=\"768\" src=\"https:\/\/talkpal.ai\/wp-content\/uploads\/2023\/06\/Icelandic-768x768.png\" class=\"languageImage no-lazy\" alt=\"Language learning for better job opportunities\" fetchpriority=\"high\" sizes=\"(max-width: 768px) 150px, 768px\" srcset=\"https:\/\/talkpal.ai\/wp-content\/uploads\/2023\/06\/Icelandic-768x768.png 768w, https:\/\/talkpal.ai\/wp-content\/uploads\/2023\/06\/Icelandic-300x300.png 300w\" \/>\r\n    \r\n\r\n    <\/figure>\r\n\r\n            <a class=\"getStartedVisible\" href=\"https:\/\/app.talkpal.ai\/lt\/signup?lng=\">Prad\u0117k<\/a>\r\n    \r\n<\/section>\r\n\r\n\r\n<!-- <section class=\"grammarSection\">\r\n    <div class=\"grammarLinks\">\r\n            <\/div>\r\n<\/section> -->\r\n\r\n\r\n\r\n\r\n<section class=\"promotionalBanner\">\r\n    <p class=\"promotionalText\">Efektyviausias b\u016bdas mokytis kalbos<\/p>\r\n    <a class=\"promotionalLink\" href=\"https:\/\/app.talkpal.ai\/lt\/signup?lng=\">I\u0161bandykite Talkpal &#8221; nemokamai<\/a>\r\n<\/section>\n<div class=\"wp-block-group pageContainerStyle\"><div class=\"wp-block-group__inner-container is-layout-constrained wp-block-group-is-layout-constrained\">\n<h2 class=\"wp-block-heading\" id=\"h-icelandic-grammar-topics\">Island\u0173 kalbos gramatikos temos<\/h2>\n\n\n\n<p>Island\u0173 kalba, \u0161iaur\u0117s german\u0173 kalba, kuria kalba daugiau nei 300 000 \u017emoni\u0173, yra oficiali Islandijos kalba. Island\u0173 kalba, \u017einoma d\u0117l savo sud\u0117tingos gramatikos ir turtingo \u017eodyno, turi unikal\u0173 \u017eaves\u012f, kuris pritraukia besimokan\u010diuosius i\u0161 viso pasaulio. Island\u0173 kalba, kurios \u0161aknys yra senojoje <a href=\"https:\/\/talkpal.ai\/learn-norwegian\/\">norveg\u0173<\/a> kalboje, turi stipri\u0105 literat\u016brin\u0119 tradicij\u0105, kilusi\u0105 i\u0161 viking\u0173 am\u017eiaus. \u0160iame straipsnyje mes i\u0161nagrin\u0117sime pagrindines island\u0173 kalbos gramatikos temas, kurios pad\u0117s jums suprasti ir \u012fvaldyti \u0161i\u0105 patraukli\u0105 kalb\u0105, nuo pagrind\u0173, toki\u0173 kaip daiktavard\u017eiai ir veiksma\u017eod\u017eiai, iki sud\u0117tingesni\u0173 strukt\u016br\u0173, toki\u0173 kaip s\u0105lygos ir prielinksniai.<\/p>\n\n\n\n<h3 class=\"wp-block-heading\" id=\"h-1-nouns\">1. Daiktavard\u017eiai<\/h3>\n\n\n\n<p>Prad\u0117kite mokydamiesi island\u0173 daiktavard\u017ei\u0173 pagrind\u0173, kurie apima \u017emones, vietas ir daiktus. Island\u0173 kalba turi tris gramatines lytis (vyri\u0161ka, moteri\u0161ka ir neuter) ir keturis atvejus (nominacin\u0117, akustin\u0117, dative ir genitive). \u0160i\u0173 aspekt\u0173 supratimas yra b\u016btinas norint tinkamai atsisakyti ir susitarti su kitomis kalbos dalimis.<\/p>\n\n\n\n<h3 class=\"wp-block-heading\" id=\"h-2-articles\">2. Straipsniai<\/h3>\n\n\n\n<p>Island\u0173 kalba neturi neapibr\u0117\u017et\u0173 straipsni\u0173, ta\u010diau ji turi apibr\u0117\u017etus straipsnius, kurie pridedami prie daiktavard\u017eio pabaigos. Su\u017einokite, kaip suformuoti konkret\u0173 straipsn\u012f kiekvienai ly\u010diai ir atvejui, nes <a href=\"https:\/\/talkpal.ai\/learn-thai\/\">tai<\/a> pad\u0117s tinkamai vartoti daiktavard\u017eius.<\/p>\n\n\n\n<h3 class=\"wp-block-heading\" id=\"h-3-pronouns-determiners\">3. \u012evard\u017eiai\/determinantai<\/h3>\n\n\n\n<p>Island\u0173 kalba turi asmeninius, valdingus, refleksyvius ir demonstratyvius \u012fvard\u017eius, taip pat kiekybinius ir klausiamuosius determinantus. Susipa\u017einkite su \u0161iais \u012fvard\u017eiais ir determinantais bei atitinkamais j\u0173 teiginiais, kad u\u017etikrintum\u0117te tinkam\u0105 sutarim\u0105 ir vartojim\u0105 sakiniuose.<\/p>\n\n\n\n<h3 class=\"wp-block-heading\" id=\"h-4-adjectives\">4. B\u016bdvard\u017eiai<\/h3>\n\n\n\n<p>B\u016bdvard\u017eiai island\u0173 kalba turi sutapti su lytimi, skai\u010diumi ir atveju su daiktavard\u017eiu, kur\u012f jie kei\u010dia. Su\u017einokite apie skirtingus b\u016bdvard\u017ei\u0173 atmetimo modelius ir kaip jie kei\u010diasi atsi\u017evelgiant \u012f daiktavard\u017eio lyt\u012f ir atvej\u012f.<\/p>\n\n\n\n<h3 class=\"wp-block-heading\" id=\"h-5-verbs\">5. Veiksma\u017eod\u017eiai<\/h3>\n\n\n\n<p>Island\u0173 veiksma\u017eod\u017eiai konjuguojami pagal \u012ftamp\u0105, nuotaik\u0105 ir bals\u0105. Prad\u0117kite mokydamiesi dabarties, praeities ir ateities laik\u0173, taip pat orientacini\u0173, subjunkcini\u0173 ir imperatyvi\u0173 nuotaik\u0173. Taip pat susipa\u017einkite su reguliari\u0173 ir netaisykling\u0173 veiksma\u017eod\u017ei\u0173 konjugacijos modeliais.<\/p>\n\n\n\n<h3 class=\"wp-block-heading\" id=\"h-6-tense-comparison\">6. \u012etemptas palyginimas<\/h3>\n\n\n\n<p>Suprasti skirtum\u0105 tarp paprast\u0173 ir nuolatini\u0173 kiekvieno laiko form\u0173. Island\u0173 kalba neturi progresyvaus aspekto kaip <a href=\"https:\/\/talkpal.ai\/learn-english-with-ai\/\">angl\u0173<\/a> kalba, tod\u0117l i\u0161mokite i\u0161reik\u0161ti vykstan\u010dius veiksmus naudodami kitas strukt\u016bras.<\/p>\n\n\n\n<h3 class=\"wp-block-heading\" id=\"h-7-perfect-progressive\">7. Tobulas progresyvus<\/h3>\n\n\n\n<p>Island\u0173 kalba neturi tiesioginio atitikmens angl\u0173 tobulam progresyviam laikui. Ta\u010diau galite i\u0161mokti i\u0161reik\u0161ti pana\u0161ias id\u0117jas naudodami perifrastines konstrukcijas su pagalbiniais veiksma\u017eod\u017eiais ir dalyviais.<\/p>\n\n\n\n<h3 class=\"wp-block-heading\" id=\"h-8-adverbs\">8. Prieveiksmiai<\/h3>\n\n\n\n<p>Prieveiksmiai modifikuoja veiksma\u017eod\u017eius, b\u016bdvard\u017eius ir kitus prieveiksmius. Su\u017einokite apie \u012fvairi\u0173 tip\u0173 prieveiksmius island\u0173 kalba, taip pat j\u0173 i\u0161d\u0117stym\u0105 sakiniuose.<\/p>\n\n\n\n<h3 class=\"wp-block-heading\" id=\"h-9-prepositions\">9. Prielinksniai<\/h3>\n\n\n\n<p>Prielinksniai rodo ry\u0161\u012f tarp daiktavard\u017eio ar \u012fvard\u017eio ir kito sakinio elemento. I\u0161nagrin\u0117kite da\u017eniausiai pasitaikan\u010dius island\u0173 prielinksnius ir atitinkamus j\u0173 atvejus, kad juos teisingai naudotum\u0117te.<\/p>\n\n\n\n<h3 class=\"wp-block-heading\" id=\"h-10-conditionals\">10. S\u0105lygos<\/h3>\n\n\n\n<p>Island\u0173 kalba turi trij\u0173 tip\u0173 s\u0105lyginius sakinius: tikr\u0105j\u012f, nereal\u0173 ir praeities nereal\u0173. Suprasti \u0161i\u0173 s\u0105lyg\u0173 strukt\u016br\u0105 ir naudojim\u0105, kad i\u0161reik\u0161tum\u0117te hipotetines situacijas ir galimus j\u0173 rezultatus.<\/p>\n\n\n\n<h3 class=\"wp-block-heading\" id=\"h-11-sentences\">11. Sakiniai<\/h3>\n\n\n\n<p>Galiausiai praktikuokite \u012fvairi\u0173 tip\u0173 island\u0173 sakini\u0173, toki\u0173 kaip deklaratyvus, klausiamasis, imperatyvus ir \u0161aukiamasis, konstravim\u0105. <a href=\"https:\/\/talkpal.ai\/learn-thai\/\">Tai<\/a> pad\u0117s jums sukurti tvirt\u0105 island\u0173 sintaks\u0117s pagrind\u0105 ir bendr\u0105 kalbos mok\u0117jim\u0105.<\/p>\n<\/div><\/div>\n\r\n<section class=\"learnNavigationSection\">\r\n            \r\n        <a href=\"https:\/\/talkpal.ai\/lt\/ismok-islandu-kalba\/\">\r\n            <div class=\"learnNavigationWrapper\">\r\n                <div class=\"learnNavigationContent\">\r\n                    <img decoding=\"async\" src=\"https:\/\/talkpal.ai\/wp-content\/uploads\/2024\/08\/Icelandic.jpg\" alt=\"Iceland Flag\">\r\n                    <div>\r\n                        <h4>Apie island\u0173 kalbos mokym\u0105si<\/h4>\r\n                        <p>Su\u017einokite visk\u0105 apie island\u0173 kalbos gramatik\u0105.<\/p>\r\n                    <\/div>\r\n                <\/div>\r\n            <\/div>\r\n        <\/a>\r\n\r\n        \r\n        <a href=\"https:\/\/talkpal.ai\/lt\/islandu-kalbos-gramatika\/\">\r\n            <div class=\"learnNavigationWrapper\">\r\n                <div class=\"learnNavigationContent\">\r\n                    <img decoding=\"async\" src=\"https:\/\/talkpal.ai\/wp-content\/uploads\/2024\/08\/Icelandic.jpg\" alt=\"Iceland Flag\">\r\n                    <div>\r\n                        <h4>Island\u0173 kalbos gramatikos pamokos<\/h4>\r\n                        <p>Praktikuokite island\u0173 kalbos gramatik\u0105.<\/p>\r\n                    <\/div>\r\n                <\/div>\r\n            <\/div>\r\n        <\/a>\r\n\r\n        \r\n        <a href=\"https:\/\/talkpal.ai\/vocabulary_language\/icelandic\/\">\r\n            <div class=\"learnNavigationWrapper\">\r\n                <div class=\"learnNavigationContent\">\r\n                    <img decoding=\"async\" src=\"https:\/\/talkpal.ai\/wp-content\/uploads\/2024\/08\/Icelandic.jpg\" alt=\"Iceland Flag\">\r\n                    <div>\r\n                        <h4>Island\u0173 kalbos \u017eodynas<\/h4>\r\n                        <p>Prapl\u0117skite savo island\u0173 kalbos \u017eodyn\u0105.<\/p>\r\n                    <\/div>\r\n                <\/div>\r\n            <\/div>\r\n        <\/a>\r\n\r\n            <\/section>","protected":false},"excerpt":{"rendered":"<p>Island\u0173 kalbos gramatikos temos Island\u0173 kalba, \u0161iaur\u0117s german\u0173 kalba, kuria kalba daugiau nei 300 000 \u017emoni\u0173, yra oficiali Islandijos kalba. Island\u0173 kalba, \u017einoma d\u0117l savo sud\u0117tingos gramatikos ir turtingo \u017eodyno, turi unikal\u0173 \u017eaves\u012f, kuris pritraukia besimokan\u010diuosius i\u0161 viso pasaulio. Island\u0173 kalba, kurios \u0161aknys yra senojoje norveg\u0173 kalboje, turi stipri\u0105 literat\u016brin\u0119 tradicij\u0105, kilusi\u0105 i\u0161 viking\u0173 am\u017eiaus. [&hellip;]<\/p>\n","protected":false},"author":6,"featured_media":113362,"parent":0,"menu_order":0,"comment_status":"closed","ping_status":"closed","template":"LearningContentPage.php","meta":{"_acf_changed":false,"footnotes":""},"class_list":["post-161835","page","type-page","status-publish","has-post-thumbnail","hentry"],"acf":[],"yoast_head":"<!-- This site is optimized with the Yoast SEO Premium plugin v27.2 (Yoast SEO v27.2) - https:\/\/yoast.com\/product\/yoast-seo-premium-wordpress\/ -->\n<title>Island\u0173 kalbos gramatikos pratimai - Talkpal<\/title>\n<meta name=\"description\" content=\"Lengvai praktikuokite island\u0173 kalbos gramatik\u0105 - stiprinkite savo \u012fg\u016bd\u017eius naudodami pratimus, interaktyvi\u0105 praktik\u0105 ir greit\u0105 gr\u012f\u017etam\u0105j\u012f ry\u0161\u012f su Talkpal AI.\" \/>\n<meta name=\"robots\" content=\"index, follow, max-snippet:-1, max-image-preview:large, max-video-preview:-1\" \/>\n<link rel=\"canonical\" href=\"https:\/\/talkpal.ai\/lt\/islandu-kalbos-gramatikos-pratimai\/\" \/>\n<meta property=\"og:locale\" content=\"lt_LT\" \/>\n<meta property=\"og:type\" content=\"article\" \/>\n<meta property=\"og:title\" content=\"Island\u0173 kalbos gramatikos pratimai\" \/>\n<meta property=\"og:description\" content=\"Island\u0173 kalbos gramatikos temos Island\u0173 kalba, \u0161iaur\u0117s german\u0173 kalba, kuria kalba daugiau nei 300 000 \u017emoni\u0173, yra oficiali Islandijos kalba. Island\u0173\" \/>\n<meta property=\"og:url\" content=\"https:\/\/talkpal.ai\/lt\/islandu-kalbos-gramatikos-pratimai\/\" \/>\n<meta property=\"og:site_name\" content=\"Talkpal\" \/>\n<meta property=\"article:publisher\" content=\"https:\/\/www.facebook.com\/profile.php?id=100090733639311\" \/>\n<meta property=\"article:modified_time\" content=\"2025-12-17T16:09:21+00:00\" \/>\n<meta property=\"og:image\" content=\"https:\/\/talkpal.ai\/wp-content\/uploads\/2023\/05\/iceland.png\" \/>\n\t<meta property=\"og:image:width\" content=\"512\" \/>\n\t<meta property=\"og:image:height\" content=\"512\" \/>\n\t<meta property=\"og:image:type\" content=\"image\/png\" \/>\n<meta name=\"twitter:card\" content=\"summary_large_image\" \/>\n<meta name=\"twitter:site\" content=\"@talkpalai\" \/>\n<meta name=\"twitter:label1\" content=\"Est. reading time\" \/>\n\t<meta name=\"twitter:data1\" content=\"3 minut\u0117s\" \/>\n<script type=\"application\/ld+json\" class=\"yoast-schema-graph\">{\"@context\":\"https:\/\/schema.org\",\"@graph\":[{\"@type\":\"WebPage\",\"@id\":\"https:\/\/talkpal.ai\/lt\/islandu-kalbos-gramatikos-pratimai\/\",\"url\":\"https:\/\/talkpal.ai\/lt\/islandu-kalbos-gramatikos-pratimai\/\",\"name\":\"Island\u0173 kalbos gramatikos pratimai - Talkpal\",\"isPartOf\":{\"@id\":\"https:\/\/talkpal.ai\/lt\/#website\"},\"primaryImageOfPage\":{\"@id\":\"https:\/\/talkpal.ai\/lt\/islandu-kalbos-gramatikos-pratimai\/#primaryimage\"},\"image\":{\"@id\":\"https:\/\/talkpal.ai\/lt\/islandu-kalbos-gramatikos-pratimai\/#primaryimage\"},\"thumbnailUrl\":\"https:\/\/talkpal.ai\/wp-content\/uploads\/2023\/05\/iceland.png\",\"datePublished\":\"2023-06-21T14:50:44+00:00\",\"dateModified\":\"2025-12-17T16:09:21+00:00\",\"description\":\"Lengvai praktikuokite island\u0173 kalbos gramatik\u0105 - stiprinkite savo \u012fg\u016bd\u017eius naudodami pratimus, interaktyvi\u0105 praktik\u0105 ir greit\u0105 gr\u012f\u017etam\u0105j\u012f ry\u0161\u012f su Talkpal AI.\",\"breadcrumb\":{\"@id\":\"https:\/\/talkpal.ai\/lt\/islandu-kalbos-gramatikos-pratimai\/#breadcrumb\"},\"inLanguage\":\"lt-LT\",\"potentialAction\":[{\"@type\":\"ReadAction\",\"target\":[\"https:\/\/talkpal.ai\/lt\/islandu-kalbos-gramatikos-pratimai\/\"]}]},{\"@type\":\"ImageObject\",\"inLanguage\":\"lt-LT\",\"@id\":\"https:\/\/talkpal.ai\/lt\/islandu-kalbos-gramatikos-pratimai\/#primaryimage\",\"url\":\"https:\/\/talkpal.ai\/wp-content\/uploads\/2023\/05\/iceland.png\",\"contentUrl\":\"https:\/\/talkpal.ai\/wp-content\/uploads\/2023\/05\/iceland.png\",\"width\":512,\"height\":512},{\"@type\":\"BreadcrumbList\",\"@id\":\"https:\/\/talkpal.ai\/lt\/islandu-kalbos-gramatikos-pratimai\/#breadcrumb\",\"itemListElement\":[{\"@type\":\"ListItem\",\"position\":1,\"name\":\"Homepage\",\"item\":\"https:\/\/talkpal.ai\/lt\/\"},{\"@type\":\"ListItem\",\"position\":2,\"name\":\"Island\u0173 kalbos gramatikos pratimai\"}]},{\"@type\":\"WebSite\",\"@id\":\"https:\/\/talkpal.ai\/lt\/#website\",\"url\":\"https:\/\/talkpal.ai\/lt\/\",\"name\":\"Talkpal\",\"description\":\"AI Language Learning\",\"publisher\":{\"@id\":\"https:\/\/talkpal.ai\/lt\/#organization\"},\"alternateName\":\"Talkpal AI\",\"potentialAction\":[{\"@type\":\"SearchAction\",\"target\":{\"@type\":\"EntryPoint\",\"urlTemplate\":\"https:\/\/talkpal.ai\/lt\/?s={search_term_string}\"},\"query-input\":{\"@type\":\"PropertyValueSpecification\",\"valueRequired\":true,\"valueName\":\"search_term_string\"}}],\"inLanguage\":\"lt-LT\"},{\"@type\":\"Organization\",\"@id\":\"https:\/\/talkpal.ai\/lt\/#organization\",\"name\":\"Talkpal, Inc.\",\"alternateName\":\"Talkpal AI\",\"url\":\"https:\/\/talkpal.ai\/lt\/\",\"logo\":{\"@type\":\"ImageObject\",\"inLanguage\":\"lt-LT\",\"@id\":\"https:\/\/talkpal.ai\/lt\/#\/schema\/logo\/image\/\",\"url\":\"https:\/\/talkpal.ai\/wp-content\/uploads\/2024\/03\/Talkpal-Logo-Icon.png\",\"contentUrl\":\"https:\/\/talkpal.ai\/wp-content\/uploads\/2024\/03\/Talkpal-Logo-Icon.png\",\"width\":2880,\"height\":2880,\"caption\":\"Talkpal, Inc.\"},\"image\":{\"@id\":\"https:\/\/talkpal.ai\/lt\/#\/schema\/logo\/image\/\"},\"sameAs\":[\"https:\/\/www.facebook.com\/profile.php?id=100090733639311\",\"https:\/\/x.com\/talkpalai\",\"https:\/\/www.linkedin.com\/company\/talkpal\/\",\"https:\/\/www.youtube.com\/@TalkPal\/\",\"https:\/\/www.tiktok.com\/@talkpal\",\"https:\/\/www.instagram.com\/talkpal_ai\/\",\"https:\/\/www.crunchbase.com\/organization\/talkpal-9cde\",\"https:\/\/www.g2.com\/products\/talkpal-for-business\/\",\"https:\/\/www.trustpilot.com\/review\/talkpal.ai\",\"https:\/\/www.capterra.com\/p\/10006800\/TalkPal\/\"],\"description\":\"Talkpal is a language learning web and mobile education app, powered by the latest AI technologies, that provides engaging experiences to its customers in many different languages to help them improve their language skills. Users can chat about unlimited amount of topics with the app and use other modes to practice their language learning.\",\"email\":\"support@talkpal.ai\",\"legalName\":\"Talkpal, Inc.\",\"foundingDate\":\"2023-04-03\",\"duns\":\"118989042\",\"numberOfEmployees\":{\"@type\":\"QuantitativeValue\",\"minValue\":\"11\",\"maxValue\":\"50\"},\"publishingPrinciples\":\"https:\/\/talkpal.ai\/publishing-principles\/\",\"actionableFeedbackPolicy\":\"https:\/\/talkpal.ai\/actionable-feedback-policy\/\",\"correctionsPolicy\":\"https:\/\/talkpal.ai\/corrections-policy\/\",\"ethicsPolicy\":\"https:\/\/talkpal.ai\/ethics-policy\/\",\"diversityPolicy\":\"https:\/\/talkpal.ai\/diversity-policy\/\",\"diversityStaffingReport\":\"https:\/\/talkpal.ai\/diversity-policy\/\"}]}<\/script>\n<!-- \/ Yoast SEO Premium plugin. -->","yoast_head_json":{"title":"Island\u0173 kalbos gramatikos pratimai - Talkpal","description":"Lengvai praktikuokite island\u0173 kalbos gramatik\u0105 - stiprinkite savo \u012fg\u016bd\u017eius naudodami pratimus, interaktyvi\u0105 praktik\u0105 ir greit\u0105 gr\u012f\u017etam\u0105j\u012f ry\u0161\u012f su Talkpal AI.","robots":{"index":"index","follow":"follow","max-snippet":"max-snippet:-1","max-image-preview":"max-image-preview:large","max-video-preview":"max-video-preview:-1"},"canonical":"https:\/\/talkpal.ai\/lt\/islandu-kalbos-gramatikos-pratimai\/","og_locale":"lt_LT","og_type":"article","og_title":"Island\u0173 kalbos gramatikos pratimai","og_description":"Island\u0173 kalbos gramatikos temos Island\u0173 kalba, \u0161iaur\u0117s german\u0173 kalba, kuria kalba daugiau nei 300 000 \u017emoni\u0173, yra oficiali Islandijos kalba. Island\u0173","og_url":"https:\/\/talkpal.ai\/lt\/islandu-kalbos-gramatikos-pratimai\/","og_site_name":"Talkpal","article_publisher":"https:\/\/www.facebook.com\/profile.php?id=100090733639311","article_modified_time":"2025-12-17T16:09:21+00:00","og_image":[{"width":512,"height":512,"url":"https:\/\/talkpal.ai\/wp-content\/uploads\/2023\/05\/iceland.png","type":"image\/png"}],"twitter_card":"summary_large_image","twitter_site":"@talkpalai","twitter_misc":{"Est. reading time":"3 minut\u0117s"},"schema":{"@context":"https:\/\/schema.org","@graph":[{"@type":"WebPage","@id":"https:\/\/talkpal.ai\/lt\/islandu-kalbos-gramatikos-pratimai\/","url":"https:\/\/talkpal.ai\/lt\/islandu-kalbos-gramatikos-pratimai\/","name":"Island\u0173 kalbos gramatikos pratimai - Talkpal","isPartOf":{"@id":"https:\/\/talkpal.ai\/lt\/#website"},"primaryImageOfPage":{"@id":"https:\/\/talkpal.ai\/lt\/islandu-kalbos-gramatikos-pratimai\/#primaryimage"},"image":{"@id":"https:\/\/talkpal.ai\/lt\/islandu-kalbos-gramatikos-pratimai\/#primaryimage"},"thumbnailUrl":"https:\/\/talkpal.ai\/wp-content\/uploads\/2023\/05\/iceland.png","datePublished":"2023-06-21T14:50:44+00:00","dateModified":"2025-12-17T16:09:21+00:00","description":"Lengvai praktikuokite island\u0173 kalbos gramatik\u0105 - stiprinkite savo \u012fg\u016bd\u017eius naudodami pratimus, interaktyvi\u0105 praktik\u0105 ir greit\u0105 gr\u012f\u017etam\u0105j\u012f ry\u0161\u012f su Talkpal AI.","breadcrumb":{"@id":"https:\/\/talkpal.ai\/lt\/islandu-kalbos-gramatikos-pratimai\/#breadcrumb"},"inLanguage":"lt-LT","potentialAction":[{"@type":"ReadAction","target":["https:\/\/talkpal.ai\/lt\/islandu-kalbos-gramatikos-pratimai\/"]}]},{"@type":"ImageObject","inLanguage":"lt-LT","@id":"https:\/\/talkpal.ai\/lt\/islandu-kalbos-gramatikos-pratimai\/#primaryimage","url":"https:\/\/talkpal.ai\/wp-content\/uploads\/2023\/05\/iceland.png","contentUrl":"https:\/\/talkpal.ai\/wp-content\/uploads\/2023\/05\/iceland.png","width":512,"height":512},{"@type":"BreadcrumbList","@id":"https:\/\/talkpal.ai\/lt\/islandu-kalbos-gramatikos-pratimai\/#breadcrumb","itemListElement":[{"@type":"ListItem","position":1,"name":"Homepage","item":"https:\/\/talkpal.ai\/lt\/"},{"@type":"ListItem","position":2,"name":"Island\u0173 kalbos gramatikos pratimai"}]},{"@type":"WebSite","@id":"https:\/\/talkpal.ai\/lt\/#website","url":"https:\/\/talkpal.ai\/lt\/","name":"Talkpal","description":"AI Language Learning","publisher":{"@id":"https:\/\/talkpal.ai\/lt\/#organization"},"alternateName":"Talkpal AI","potentialAction":[{"@type":"SearchAction","target":{"@type":"EntryPoint","urlTemplate":"https:\/\/talkpal.ai\/lt\/?s={search_term_string}"},"query-input":{"@type":"PropertyValueSpecification","valueRequired":true,"valueName":"search_term_string"}}],"inLanguage":"lt-LT"},{"@type":"Organization","@id":"https:\/\/talkpal.ai\/lt\/#organization","name":"Talkpal, Inc.","alternateName":"Talkpal AI","url":"https:\/\/talkpal.ai\/lt\/","logo":{"@type":"ImageObject","inLanguage":"lt-LT","@id":"https:\/\/talkpal.ai\/lt\/#\/schema\/logo\/image\/","url":"https:\/\/talkpal.ai\/wp-content\/uploads\/2024\/03\/Talkpal-Logo-Icon.png","contentUrl":"https:\/\/talkpal.ai\/wp-content\/uploads\/2024\/03\/Talkpal-Logo-Icon.png","width":2880,"height":2880,"caption":"Talkpal, Inc."},"image":{"@id":"https:\/\/talkpal.ai\/lt\/#\/schema\/logo\/image\/"},"sameAs":["https:\/\/www.facebook.com\/profile.php?id=100090733639311","https:\/\/x.com\/talkpalai","https:\/\/www.linkedin.com\/company\/talkpal\/","https:\/\/www.youtube.com\/@TalkPal\/","https:\/\/www.tiktok.com\/@talkpal","https:\/\/www.instagram.com\/talkpal_ai\/","https:\/\/www.crunchbase.com\/organization\/talkpal-9cde","https:\/\/www.g2.com\/products\/talkpal-for-business\/","https:\/\/www.trustpilot.com\/review\/talkpal.ai","https:\/\/www.capterra.com\/p\/10006800\/TalkPal\/"],"description":"Talkpal is a language learning web and mobile education app, powered by the latest AI technologies, that provides engaging experiences to its customers in many different languages to help them improve their language skills. Users can chat about unlimited amount of topics with the app and use other modes to practice their language learning.","email":"support@talkpal.ai","legalName":"Talkpal, Inc.","foundingDate":"2023-04-03","duns":"118989042","numberOfEmployees":{"@type":"QuantitativeValue","minValue":"11","maxValue":"50"},"publishingPrinciples":"https:\/\/talkpal.ai\/publishing-principles\/","actionableFeedbackPolicy":"https:\/\/talkpal.ai\/actionable-feedback-policy\/","correctionsPolicy":"https:\/\/talkpal.ai\/corrections-policy\/","ethicsPolicy":"https:\/\/talkpal.ai\/ethics-policy\/","diversityPolicy":"https:\/\/talkpal.ai\/diversity-policy\/","diversityStaffingReport":"https:\/\/talkpal.ai\/diversity-policy\/"}]}},"_links":{"self":[{"href":"https:\/\/talkpal.ai\/lt\/wp-json\/wp\/v2\/pages\/161835","targetHints":{"allow":["GET"]}}],"collection":[{"href":"https:\/\/talkpal.ai\/lt\/wp-json\/wp\/v2\/pages"}],"about":[{"href":"https:\/\/talkpal.ai\/lt\/wp-json\/wp\/v2\/types\/page"}],"author":[{"embeddable":true,"href":"https:\/\/talkpal.ai\/lt\/wp-json\/wp\/v2\/users\/6"}],"replies":[{"embeddable":true,"href":"https:\/\/talkpal.ai\/lt\/wp-json\/wp\/v2\/comments?post=161835"}],"version-history":[{"count":0,"href":"https:\/\/talkpal.ai\/lt\/wp-json\/wp\/v2\/pages\/161835\/revisions"}],"wp:featuredmedia":[{"embeddable":true,"href":"https:\/\/talkpal.ai\/lt\/wp-json\/wp\/v2\/media\/113362"}],"wp:attachment":[{"href":"https:\/\/talkpal.ai\/lt\/wp-json\/wp\/v2\/media?parent=161835"}],"curies":[{"name":"wp","href":"https:\/\/api.w.org\/{rel}","templated":true}]}}