{"id":161415,"date":"2023-06-22T07:25:42","date_gmt":"2023-06-22T07:25:42","guid":{"rendered":"http:\/\/talkpal.ai\/indonezijos-gramatikos-pratimai\/"},"modified":"2025-12-17T15:12:35","modified_gmt":"2025-12-17T15:12:35","slug":"indonezijos-gramatikos-pratimai","status":"publish","type":"page","link":"https:\/\/talkpal.ai\/lt\/indonezijos-gramatikos-pratimai\/","title":{"rendered":"Indonezijos gramatikos pratimai"},"content":{"rendered":"\r\n\r\n\r\n<section class=\"languageChallengeSection\">\r\n    <div class=\"languageInfoWrapper\">\r\n        \r\n        <h1>Indonezijos gramatikos pratimai<\/h1>\r\n        <p>Norite sustiprinti pasitik\u0117jim\u0105 indonezie\u010di\u0173 kalba? Gramatikos pratimai yra puikus b\u016bdas \u012fsisavinti sakinio strukt\u016br\u0105, veiksma\u017eod\u017ei\u0173 formas ir pagrindinius modelius, kurie pad\u0117s jums nat\u016braliau bendrauti. Prad\u0117kite praktikuoti indonezie\u010di\u0173 <a href=\"https:\/\/talkpal.ai\/what-language-is-spoken-on-the-international-space-station\/\">kalbos<\/a> gramatik\u0105 jau \u0161iandien ir steb\u0117kite, kaip su kiekviena sesija auga j\u016bs\u0173 \u012fg\u016bd\u017eiai ir supratimas!<\/p>\r\n\r\n                            <a class=\"getStartedHidden\" href=\"https:\/\/app.talkpal.ai\/lt\/signup?lng=\">Prad\u0117k<\/a>\r\n        \r\n    <\/div>\r\n\r\n    <figure>\r\n    <img decoding=\"async\" width=\"768\" height=\"768\" src=\"https:\/\/talkpal.ai\/wp-content\/uploads\/2023\/06\/indonesia-768x768.png\" class=\"languageImage no-lazy\" alt=\"Language learning for personal achievement\" fetchpriority=\"high\" sizes=\"(max-width: 768px) 150px, 768px\" srcset=\"https:\/\/talkpal.ai\/wp-content\/uploads\/2023\/06\/indonesia-768x768.png 768w, https:\/\/talkpal.ai\/wp-content\/uploads\/2023\/06\/indonesia-300x300.png 300w\" \/>\r\n    \r\n\r\n    <\/figure>\r\n\r\n            <a class=\"getStartedVisible\" href=\"https:\/\/app.talkpal.ai\/lt\/signup?lng=\">Prad\u0117k<\/a>\r\n    \r\n<\/section>\r\n\r\n\r\n<!-- <section class=\"grammarSection\">\r\n    <div class=\"grammarLinks\">\r\n            <\/div>\r\n<\/section> -->\r\n\r\n\r\n\r\n\r\n<section class=\"promotionalBanner\">\r\n    <p class=\"promotionalText\">Efektyviausias b\u016bdas mokytis kalbos<\/p>\r\n    <a class=\"promotionalLink\" href=\"https:\/\/app.talkpal.ai\/lt\/signup?lng=\">I\u0161bandykite Talkpal &#8221; nemokamai<\/a>\r\n<\/section>\n<div class=\"wp-block-group pageContainerStyle\"><div class=\"wp-block-group__inner-container is-layout-constrained wp-block-group-is-layout-constrained\">\n<h2 class=\"wp-block-heading\" id=\"h-indonesian-grammar-topics\">Indonezie\u010di\u0173 kalbos gramatikos temos<\/h2>\n\n\n\n<p>Indonezie\u010di\u0173 arba Bahasa Indonezija yra oficiali Indonezijos kalba ir tarnauja kaip vienijanti kalba \u0161alyje, kurioje yra daugiau nei 700 \u0161nekam\u0173j\u0173 kalb\u0173. Kaip standartizuotas <a href=\"https:\/\/talkpal.ai\/learn-malay\/\">malaj\u0173<\/a> kalbos registras, <a href=\"https:\/\/talkpal.ai\/learn-thai\/\">tai<\/a> yra austronezie\u010di\u0173 kalba su lengvai i\u0161mokstama gramatikos sistema. Mokantis indonezie\u010di\u0173 kalbos labai svarbu suprasti jos gramatikos taisykles ir strukt\u016br\u0105, kad gal\u0117tum\u0117te veiksmingai bendrauti. \u0160iame vadove mes sutelksime d\u0117mes\u012f \u012f \u012fvairi\u0173 Indonezijos gramatikos tem\u0173, toki\u0173 kaip laikai, veiksma\u017eod\u017eiai, daiktavard\u017eiai, straipsniai, \u012fvard\u017eiai, b\u016bdvard\u017eiai, prieveiksmiai, s\u0105lygin\u0117s s\u0105lygos, prielinksniai ir sakini\u0173 strukt\u016bra, mokymosi sek\u0105.<\/p>\n\n\n\n<h3 class=\"wp-block-heading\" id=\"h-1-nouns\">1. Daiktavard\u017eiai<\/h3>\n\n\n\n<p>Prad\u0117kite mokytis indonezie\u010di\u0173 daiktavard\u017ei\u0173, nes jie yra papras\u010diausi kalbos elementai. Indonezijos daiktavard\u017eiai n\u0117ra lyties ar daugiskaita, tod\u0117l juos lengva suvokti. Susipa\u017einkite su bendriniais daiktavard\u017eiais ir j\u0173 vartojimu kontekste.<\/p>\n\n\n\n<h3 class=\"wp-block-heading\" id=\"h-2-pronouns-determiners\">2. \u012evard\u017eiai\/determinantai<\/h3>\n\n\n\n<p>Suprat\u0119 daiktavard\u017eius, i\u0161mokite \u012fvard\u017eius ir determinantus. Indonezie\u010di\u0173 kalba turi \u012fvairi\u0173 asmenini\u0173 \u012fvard\u017ei\u0173 ir nuosavyb\u0117s determinant\u0173, atitinkan\u010di\u0173 angli\u0161kus atitikmenis. Praktikuokite juos naudoti skirtinguose kontekstuose, kad sukurtum\u0117te savo pagrind\u0105 sakinio konstrukcijoje.<\/p>\n\n\n\n<h3 class=\"wp-block-heading\" id=\"h-3-adjectives\">3. B\u016bdvard\u017eiai<\/h3>\n\n\n\n<p>B\u016bdvard\u017eiai yra b\u016btini norint apib\u016bdinti ir atskirti daiktavard\u017eius indonezie\u010di\u0173 kalba. Su\u017einokite, kaip naudoti b\u016bdvard\u017eius paprastuose sakiniuose ir suprasti j\u0173 i\u0161d\u0117stym\u0105 daiktavard\u017ei\u0173 at\u017evilgiu.<\/p>\n\n\n\n<h3 class=\"wp-block-heading\" id=\"h-4-verbs\">4. Veiksma\u017eod\u017eiai<\/h3>\n\n\n\n<p>Indonezijos veiksma\u017eod\u017eiai n\u0117ra konjuguoti, tod\u0117l juos palyginti lengviau i\u0161mokti, palyginti su kitomis kalbomis. I\u0161nagrin\u0117kite pagrindines veiksma\u017eod\u017ei\u0173 formas ir j\u0173 naudojim\u0105 sakiniuose.<\/p>\n\n\n\n<h3 class=\"wp-block-heading\" id=\"h-5-tenses\">5. Laikai<\/h3>\n\n\n\n<p>Indonezie\u010di\u0173 kalba neturi tiesioginio atitikmens angli\u0161kiems laikams. Vietoj to, laikas i\u0161rei\u0161kiamas per kontekst\u0105 arba naudojant konkre\u010dius \u017eod\u017eius. Su\u017einokite, kaip perteikti praeities, dabarties ir ateities \u012fvykius indonezie\u010di\u0173 kalba, naudojant \u012fvairius prieveiksmius ir frazes.<\/p>\n\n\n\n<h3 class=\"wp-block-heading\" id=\"h-6-tense-comparison-progressive-perfect-progressive\">6. \u012etemptas palyginimas, progresyvus, tobulas progresyvus<\/h3>\n\n\n\n<p>Kadangi indonezie\u010di\u0173 kalba neturi \u012ftemptos sistemos, labai svarbu suprasti \u012ftempto palyginimo, progresyvaus ir tobulo progresyvaus s\u0105vok\u0105. Su\u017einokite, kaip i\u0161reik\u0161ti \u0161iuos aspektus naudojant skirtingus \u017eod\u017eius ir frazes.<\/p>\n\n\n\n<h3 class=\"wp-block-heading\" id=\"h-7-adverbs\">7. Prieveiksmiai<\/h3>\n\n\n\n<p>\u012etraukite prieveiksmius \u012f savo indonezie\u010di\u0173 kalbos \u017eodyn\u0105, kad sakiniai b\u016bt\u0173 i\u0161samesni ir gilesni. Su\u017einokite taisykles, reglamentuojan\u010dias prieveiksmi\u0173 i\u0161d\u0117stym\u0105 ir naudojim\u0105.<\/p>\n\n\n\n<h3 class=\"wp-block-heading\" id=\"h-8-prepositions\">8. Prielinksniai<\/h3>\n\n\n\n<p>Prielinksniai naudojami santykiams tarp sakinio \u017eod\u017ei\u0173 nurodyti. Su\u017einokite apie \u012fprastus indonezie\u010di\u0173 prielinksnius ir j\u0173 vartojim\u0105 \u012fvairiuose kontekstuose.<\/p>\n\n\n\n<h3 class=\"wp-block-heading\" id=\"h-9-conditionals\">9. S\u0105lygos<\/h3>\n\n\n\n<p>Studijuokite s\u0105lyginius sakinius indonezie\u010di\u0173 kalba, kurie i\u0161rei\u0161kia hipotetines situacijas ir j\u0173 pasekmes. I\u0161mokite sudaryti ir naudoti &#8222;jei&#8221; ir kitas s\u0105lygines konstrukcijas.<\/p>\n\n\n\n<h3 class=\"wp-block-heading\" id=\"h-10-sentences\">10. Sakiniai<\/h3>\n\n\n\n<p>Galiausiai praktikuokite sakini\u0173 k\u016brim\u0105 naudodami gramatikos taisykles ir auk\u0161\u010diau aptartas temas. Susipa\u017einkite su \u012fvairi\u0173 tip\u0173 indonezie\u010di\u0173 sakiniais, tokiais kaip deklaratyv\u016bs, klausiamieji, imperatyv\u016bs ir \u0161aukiamieji, kad pagerintum\u0117te bendrus bendravimo \u012fg\u016bd\u017eiais kalba.<\/p>\n<\/div><\/div>\n\r\n<section class=\"learnNavigationSection\">\r\n            \r\n        <a href=\"https:\/\/talkpal.ai\/lt\/ismok-indonezieciu-kalba\/\">\r\n            <div class=\"learnNavigationWrapper\">\r\n                <div class=\"learnNavigationContent\">\r\n                    <img decoding=\"async\" src=\"https:\/\/talkpal.ai\/wp-content\/uploads\/2024\/08\/Indonesian.jpg\" alt=\"Indonesian Flag\">\r\n                    <div>\r\n                        <h4>Apie indonezie\u010di\u0173 kalbos mokym\u0105si<\/h4>\r\n                        <p>Su\u017einokite visk\u0105 apie indonezie\u010di\u0173 kalbos gramatik\u0105.<\/p>\r\n                    <\/div>\r\n                <\/div>\r\n            <\/div>\r\n        <\/a>\r\n\r\n        \r\n        <a href=\"https:\/\/talkpal.ai\/lt\/indonezieciu-kalbos-gramatika\/\">\r\n            <div class=\"learnNavigationWrapper\">\r\n                <div class=\"learnNavigationContent\">\r\n                    <img decoding=\"async\" src=\"https:\/\/talkpal.ai\/wp-content\/uploads\/2024\/08\/Indonesian.jpg\" alt=\"Indonesian Flag\">\r\n                    <div>\r\n                        <h4>Indonezie\u010di\u0173 kalbos gramatikos pamokos<\/h4>\r\n                        <p>Praktikuokite indonezie\u010di\u0173 kalbos gramatik\u0105.<\/p>\r\n                    <\/div>\r\n                <\/div>\r\n            <\/div>\r\n        <\/a>\r\n\r\n        \r\n        <a href=\"https:\/\/talkpal.ai\/vocabulary_language\/indonesian\/\">\r\n            <div class=\"learnNavigationWrapper\">\r\n                <div class=\"learnNavigationContent\">\r\n                    <img decoding=\"async\" src=\"https:\/\/talkpal.ai\/wp-content\/uploads\/2024\/08\/Indonesian.jpg\" alt=\"Indonesian Flag\">\r\n                    <div>\r\n                        <h4>Indonezie\u010di\u0173 kalbos \u017eodynas<\/h4>\r\n                        <p>Prapl\u0117skite savo indonezie\u010di\u0173 kalbos \u017eodyn\u0105.<\/p>\r\n                    <\/div>\r\n                <\/div>\r\n            <\/div>\r\n        <\/a>\r\n\r\n            <\/section>","protected":false},"excerpt":{"rendered":"<p>Indonezie\u010di\u0173 kalbos gramatikos temos Indonezie\u010di\u0173 arba Bahasa Indonezija yra oficiali Indonezijos kalba ir tarnauja kaip vienijanti kalba \u0161alyje, kurioje yra daugiau nei 700 \u0161nekam\u0173j\u0173 kalb\u0173. Kaip standartizuotas malaj\u0173 kalbos registras, tai yra austronezie\u010di\u0173 kalba su lengvai i\u0161mokstama gramatikos sistema. Mokantis indonezie\u010di\u0173 kalbos labai svarbu suprasti jos gramatikos taisykles ir strukt\u016br\u0105, kad gal\u0117tum\u0117te veiksmingai bendrauti. \u0160iame [&hellip;]<\/p>\n","protected":false},"author":6,"featured_media":113884,"parent":0,"menu_order":0,"comment_status":"closed","ping_status":"closed","template":"LearningContentPage.php","meta":{"_acf_changed":false,"footnotes":""},"class_list":["post-161415","page","type-page","status-publish","has-post-thumbnail","hentry"],"acf":[],"yoast_head":"<!-- This site is optimized with the Yoast SEO Premium plugin v27.2 (Yoast SEO v27.2) - https:\/\/yoast.com\/product\/yoast-seo-premium-wordpress\/ -->\n<title>Indonezijos gramatikos pratimai - Talkpal<\/title>\n<meta name=\"description\" content=\"Tobulinkite indonezie\u010di\u0173 kalbos gramatik\u0105 - atlikite paprastus pratimus, interaktyvius pavyzd\u017eius ir ai\u0161k\u0173 gr\u012f\u017etam\u0105j\u012f ry\u0161\u012f naudodami Talkpal AI.\" \/>\n<meta name=\"robots\" content=\"index, follow, max-snippet:-1, max-image-preview:large, max-video-preview:-1\" \/>\n<link rel=\"canonical\" href=\"https:\/\/talkpal.ai\/lt\/indonezijos-gramatikos-pratimai\/\" \/>\n<meta property=\"og:locale\" content=\"lt_LT\" \/>\n<meta property=\"og:type\" content=\"article\" \/>\n<meta property=\"og:title\" content=\"Indonezijos gramatikos pratimai\" \/>\n<meta property=\"og:description\" content=\"Indonezie\u010di\u0173 kalbos gramatikos temos Indonezie\u010di\u0173 arba Bahasa Indonezija yra oficiali Indonezijos kalba ir tarnauja kaip vienijanti kalba \u0161alyje, kurioje\" \/>\n<meta property=\"og:url\" content=\"https:\/\/talkpal.ai\/lt\/indonezijos-gramatikos-pratimai\/\" \/>\n<meta property=\"og:site_name\" content=\"Talkpal\" \/>\n<meta property=\"article:publisher\" content=\"https:\/\/www.facebook.com\/profile.php?id=100090733639311\" \/>\n<meta property=\"article:modified_time\" content=\"2025-12-17T15:12:35+00:00\" \/>\n<meta property=\"og:image\" content=\"https:\/\/talkpal.ai\/wp-content\/uploads\/2023\/05\/indonesia.png\" \/>\n\t<meta property=\"og:image:width\" content=\"512\" \/>\n\t<meta property=\"og:image:height\" content=\"512\" \/>\n\t<meta property=\"og:image:type\" content=\"image\/png\" \/>\n<meta name=\"twitter:card\" content=\"summary_large_image\" \/>\n<meta name=\"twitter:site\" content=\"@talkpalai\" \/>\n<meta name=\"twitter:label1\" content=\"Est. reading time\" \/>\n\t<meta name=\"twitter:data1\" content=\"2 minut\u0117s\" \/>\n<script type=\"application\/ld+json\" class=\"yoast-schema-graph\">{\"@context\":\"https:\/\/schema.org\",\"@graph\":[{\"@type\":\"WebPage\",\"@id\":\"https:\/\/talkpal.ai\/lt\/indonezijos-gramatikos-pratimai\/\",\"url\":\"https:\/\/talkpal.ai\/lt\/indonezijos-gramatikos-pratimai\/\",\"name\":\"Indonezijos gramatikos pratimai - Talkpal\",\"isPartOf\":{\"@id\":\"https:\/\/talkpal.ai\/lt\/#website\"},\"primaryImageOfPage\":{\"@id\":\"https:\/\/talkpal.ai\/lt\/indonezijos-gramatikos-pratimai\/#primaryimage\"},\"image\":{\"@id\":\"https:\/\/talkpal.ai\/lt\/indonezijos-gramatikos-pratimai\/#primaryimage\"},\"thumbnailUrl\":\"https:\/\/talkpal.ai\/wp-content\/uploads\/2023\/05\/indonesia.png\",\"datePublished\":\"2023-06-22T07:25:42+00:00\",\"dateModified\":\"2025-12-17T15:12:35+00:00\",\"description\":\"Tobulinkite indonezie\u010di\u0173 kalbos gramatik\u0105 - atlikite paprastus pratimus, interaktyvius pavyzd\u017eius ir ai\u0161k\u0173 gr\u012f\u017etam\u0105j\u012f ry\u0161\u012f naudodami Talkpal AI.\",\"breadcrumb\":{\"@id\":\"https:\/\/talkpal.ai\/lt\/indonezijos-gramatikos-pratimai\/#breadcrumb\"},\"inLanguage\":\"lt-LT\",\"potentialAction\":[{\"@type\":\"ReadAction\",\"target\":[\"https:\/\/talkpal.ai\/lt\/indonezijos-gramatikos-pratimai\/\"]}]},{\"@type\":\"ImageObject\",\"inLanguage\":\"lt-LT\",\"@id\":\"https:\/\/talkpal.ai\/lt\/indonezijos-gramatikos-pratimai\/#primaryimage\",\"url\":\"https:\/\/talkpal.ai\/wp-content\/uploads\/2023\/05\/indonesia.png\",\"contentUrl\":\"https:\/\/talkpal.ai\/wp-content\/uploads\/2023\/05\/indonesia.png\",\"width\":512,\"height\":512},{\"@type\":\"BreadcrumbList\",\"@id\":\"https:\/\/talkpal.ai\/lt\/indonezijos-gramatikos-pratimai\/#breadcrumb\",\"itemListElement\":[{\"@type\":\"ListItem\",\"position\":1,\"name\":\"Homepage\",\"item\":\"https:\/\/talkpal.ai\/lt\/\"},{\"@type\":\"ListItem\",\"position\":2,\"name\":\"Indonezijos gramatikos pratimai\"}]},{\"@type\":\"WebSite\",\"@id\":\"https:\/\/talkpal.ai\/lt\/#website\",\"url\":\"https:\/\/talkpal.ai\/lt\/\",\"name\":\"Talkpal\",\"description\":\"AI Language Learning\",\"publisher\":{\"@id\":\"https:\/\/talkpal.ai\/lt\/#organization\"},\"alternateName\":\"Talkpal AI\",\"potentialAction\":[{\"@type\":\"SearchAction\",\"target\":{\"@type\":\"EntryPoint\",\"urlTemplate\":\"https:\/\/talkpal.ai\/lt\/?s={search_term_string}\"},\"query-input\":{\"@type\":\"PropertyValueSpecification\",\"valueRequired\":true,\"valueName\":\"search_term_string\"}}],\"inLanguage\":\"lt-LT\"},{\"@type\":\"Organization\",\"@id\":\"https:\/\/talkpal.ai\/lt\/#organization\",\"name\":\"Talkpal, Inc.\",\"alternateName\":\"Talkpal AI\",\"url\":\"https:\/\/talkpal.ai\/lt\/\",\"logo\":{\"@type\":\"ImageObject\",\"inLanguage\":\"lt-LT\",\"@id\":\"https:\/\/talkpal.ai\/lt\/#\/schema\/logo\/image\/\",\"url\":\"https:\/\/talkpal.ai\/wp-content\/uploads\/2024\/03\/Talkpal-Logo-Icon.png\",\"contentUrl\":\"https:\/\/talkpal.ai\/wp-content\/uploads\/2024\/03\/Talkpal-Logo-Icon.png\",\"width\":2880,\"height\":2880,\"caption\":\"Talkpal, Inc.\"},\"image\":{\"@id\":\"https:\/\/talkpal.ai\/lt\/#\/schema\/logo\/image\/\"},\"sameAs\":[\"https:\/\/www.facebook.com\/profile.php?id=100090733639311\",\"https:\/\/x.com\/talkpalai\",\"https:\/\/www.linkedin.com\/company\/talkpal\/\",\"https:\/\/www.youtube.com\/@TalkPal\/\",\"https:\/\/www.tiktok.com\/@talkpal\",\"https:\/\/www.instagram.com\/talkpal_ai\/\",\"https:\/\/www.crunchbase.com\/organization\/talkpal-9cde\",\"https:\/\/www.g2.com\/products\/talkpal-for-business\/\",\"https:\/\/www.trustpilot.com\/review\/talkpal.ai\",\"https:\/\/www.capterra.com\/p\/10006800\/TalkPal\/\"],\"description\":\"Talkpal is a language learning web and mobile education app, powered by the latest AI technologies, that provides engaging experiences to its customers in many different languages to help them improve their language skills. Users can chat about unlimited amount of topics with the app and use other modes to practice their language learning.\",\"email\":\"support@talkpal.ai\",\"legalName\":\"Talkpal, Inc.\",\"foundingDate\":\"2023-04-03\",\"duns\":\"118989042\",\"numberOfEmployees\":{\"@type\":\"QuantitativeValue\",\"minValue\":\"11\",\"maxValue\":\"50\"},\"publishingPrinciples\":\"https:\/\/talkpal.ai\/publishing-principles\/\",\"actionableFeedbackPolicy\":\"https:\/\/talkpal.ai\/actionable-feedback-policy\/\",\"correctionsPolicy\":\"https:\/\/talkpal.ai\/corrections-policy\/\",\"ethicsPolicy\":\"https:\/\/talkpal.ai\/ethics-policy\/\",\"diversityPolicy\":\"https:\/\/talkpal.ai\/diversity-policy\/\",\"diversityStaffingReport\":\"https:\/\/talkpal.ai\/diversity-policy\/\"}]}<\/script>\n<!-- \/ Yoast SEO Premium plugin. -->","yoast_head_json":{"title":"Indonezijos gramatikos pratimai - Talkpal","description":"Tobulinkite indonezie\u010di\u0173 kalbos gramatik\u0105 - atlikite paprastus pratimus, interaktyvius pavyzd\u017eius ir ai\u0161k\u0173 gr\u012f\u017etam\u0105j\u012f ry\u0161\u012f naudodami Talkpal AI.","robots":{"index":"index","follow":"follow","max-snippet":"max-snippet:-1","max-image-preview":"max-image-preview:large","max-video-preview":"max-video-preview:-1"},"canonical":"https:\/\/talkpal.ai\/lt\/indonezijos-gramatikos-pratimai\/","og_locale":"lt_LT","og_type":"article","og_title":"Indonezijos gramatikos pratimai","og_description":"Indonezie\u010di\u0173 kalbos gramatikos temos Indonezie\u010di\u0173 arba Bahasa Indonezija yra oficiali Indonezijos kalba ir tarnauja kaip vienijanti kalba \u0161alyje, kurioje","og_url":"https:\/\/talkpal.ai\/lt\/indonezijos-gramatikos-pratimai\/","og_site_name":"Talkpal","article_publisher":"https:\/\/www.facebook.com\/profile.php?id=100090733639311","article_modified_time":"2025-12-17T15:12:35+00:00","og_image":[{"width":512,"height":512,"url":"https:\/\/talkpal.ai\/wp-content\/uploads\/2023\/05\/indonesia.png","type":"image\/png"}],"twitter_card":"summary_large_image","twitter_site":"@talkpalai","twitter_misc":{"Est. reading time":"2 minut\u0117s"},"schema":{"@context":"https:\/\/schema.org","@graph":[{"@type":"WebPage","@id":"https:\/\/talkpal.ai\/lt\/indonezijos-gramatikos-pratimai\/","url":"https:\/\/talkpal.ai\/lt\/indonezijos-gramatikos-pratimai\/","name":"Indonezijos gramatikos pratimai - Talkpal","isPartOf":{"@id":"https:\/\/talkpal.ai\/lt\/#website"},"primaryImageOfPage":{"@id":"https:\/\/talkpal.ai\/lt\/indonezijos-gramatikos-pratimai\/#primaryimage"},"image":{"@id":"https:\/\/talkpal.ai\/lt\/indonezijos-gramatikos-pratimai\/#primaryimage"},"thumbnailUrl":"https:\/\/talkpal.ai\/wp-content\/uploads\/2023\/05\/indonesia.png","datePublished":"2023-06-22T07:25:42+00:00","dateModified":"2025-12-17T15:12:35+00:00","description":"Tobulinkite indonezie\u010di\u0173 kalbos gramatik\u0105 - atlikite paprastus pratimus, interaktyvius pavyzd\u017eius ir ai\u0161k\u0173 gr\u012f\u017etam\u0105j\u012f ry\u0161\u012f naudodami Talkpal AI.","breadcrumb":{"@id":"https:\/\/talkpal.ai\/lt\/indonezijos-gramatikos-pratimai\/#breadcrumb"},"inLanguage":"lt-LT","potentialAction":[{"@type":"ReadAction","target":["https:\/\/talkpal.ai\/lt\/indonezijos-gramatikos-pratimai\/"]}]},{"@type":"ImageObject","inLanguage":"lt-LT","@id":"https:\/\/talkpal.ai\/lt\/indonezijos-gramatikos-pratimai\/#primaryimage","url":"https:\/\/talkpal.ai\/wp-content\/uploads\/2023\/05\/indonesia.png","contentUrl":"https:\/\/talkpal.ai\/wp-content\/uploads\/2023\/05\/indonesia.png","width":512,"height":512},{"@type":"BreadcrumbList","@id":"https:\/\/talkpal.ai\/lt\/indonezijos-gramatikos-pratimai\/#breadcrumb","itemListElement":[{"@type":"ListItem","position":1,"name":"Homepage","item":"https:\/\/talkpal.ai\/lt\/"},{"@type":"ListItem","position":2,"name":"Indonezijos gramatikos pratimai"}]},{"@type":"WebSite","@id":"https:\/\/talkpal.ai\/lt\/#website","url":"https:\/\/talkpal.ai\/lt\/","name":"Talkpal","description":"AI Language Learning","publisher":{"@id":"https:\/\/talkpal.ai\/lt\/#organization"},"alternateName":"Talkpal AI","potentialAction":[{"@type":"SearchAction","target":{"@type":"EntryPoint","urlTemplate":"https:\/\/talkpal.ai\/lt\/?s={search_term_string}"},"query-input":{"@type":"PropertyValueSpecification","valueRequired":true,"valueName":"search_term_string"}}],"inLanguage":"lt-LT"},{"@type":"Organization","@id":"https:\/\/talkpal.ai\/lt\/#organization","name":"Talkpal, Inc.","alternateName":"Talkpal AI","url":"https:\/\/talkpal.ai\/lt\/","logo":{"@type":"ImageObject","inLanguage":"lt-LT","@id":"https:\/\/talkpal.ai\/lt\/#\/schema\/logo\/image\/","url":"https:\/\/talkpal.ai\/wp-content\/uploads\/2024\/03\/Talkpal-Logo-Icon.png","contentUrl":"https:\/\/talkpal.ai\/wp-content\/uploads\/2024\/03\/Talkpal-Logo-Icon.png","width":2880,"height":2880,"caption":"Talkpal, Inc."},"image":{"@id":"https:\/\/talkpal.ai\/lt\/#\/schema\/logo\/image\/"},"sameAs":["https:\/\/www.facebook.com\/profile.php?id=100090733639311","https:\/\/x.com\/talkpalai","https:\/\/www.linkedin.com\/company\/talkpal\/","https:\/\/www.youtube.com\/@TalkPal\/","https:\/\/www.tiktok.com\/@talkpal","https:\/\/www.instagram.com\/talkpal_ai\/","https:\/\/www.crunchbase.com\/organization\/talkpal-9cde","https:\/\/www.g2.com\/products\/talkpal-for-business\/","https:\/\/www.trustpilot.com\/review\/talkpal.ai","https:\/\/www.capterra.com\/p\/10006800\/TalkPal\/"],"description":"Talkpal is a language learning web and mobile education app, powered by the latest AI technologies, that provides engaging experiences to its customers in many different languages to help them improve their language skills. Users can chat about unlimited amount of topics with the app and use other modes to practice their language learning.","email":"support@talkpal.ai","legalName":"Talkpal, Inc.","foundingDate":"2023-04-03","duns":"118989042","numberOfEmployees":{"@type":"QuantitativeValue","minValue":"11","maxValue":"50"},"publishingPrinciples":"https:\/\/talkpal.ai\/publishing-principles\/","actionableFeedbackPolicy":"https:\/\/talkpal.ai\/actionable-feedback-policy\/","correctionsPolicy":"https:\/\/talkpal.ai\/corrections-policy\/","ethicsPolicy":"https:\/\/talkpal.ai\/ethics-policy\/","diversityPolicy":"https:\/\/talkpal.ai\/diversity-policy\/","diversityStaffingReport":"https:\/\/talkpal.ai\/diversity-policy\/"}]}},"_links":{"self":[{"href":"https:\/\/talkpal.ai\/lt\/wp-json\/wp\/v2\/pages\/161415","targetHints":{"allow":["GET"]}}],"collection":[{"href":"https:\/\/talkpal.ai\/lt\/wp-json\/wp\/v2\/pages"}],"about":[{"href":"https:\/\/talkpal.ai\/lt\/wp-json\/wp\/v2\/types\/page"}],"author":[{"embeddable":true,"href":"https:\/\/talkpal.ai\/lt\/wp-json\/wp\/v2\/users\/6"}],"replies":[{"embeddable":true,"href":"https:\/\/talkpal.ai\/lt\/wp-json\/wp\/v2\/comments?post=161415"}],"version-history":[{"count":0,"href":"https:\/\/talkpal.ai\/lt\/wp-json\/wp\/v2\/pages\/161415\/revisions"}],"wp:featuredmedia":[{"embeddable":true,"href":"https:\/\/talkpal.ai\/lt\/wp-json\/wp\/v2\/media\/113884"}],"wp:attachment":[{"href":"https:\/\/talkpal.ai\/lt\/wp-json\/wp\/v2\/media?parent=161415"}],"curies":[{"name":"wp","href":"https:\/\/api.w.org\/{rel}","templated":true}]}}