{"id":161163,"date":"2023-06-22T07:53:19","date_gmt":"2023-06-22T07:53:19","guid":{"rendered":"http:\/\/talkpal.ai\/kanadu-gramatikos-pratimai\/"},"modified":"2025-12-17T14:48:16","modified_gmt":"2025-12-17T14:48:16","slug":"kanadu-gramatikos-pratimai","status":"publish","type":"page","link":"https:\/\/talkpal.ai\/lt\/kanadu-gramatikos-pratimai\/","title":{"rendered":"Kanad\u0173 gramatikos pratimai"},"content":{"rendered":"\r\n\r\n\r\n<section class=\"languageChallengeSection\">\r\n    <div class=\"languageInfoWrapper\">\r\n        \r\n        <h1>Kanad\u0173 gramatikos pratimai<\/h1>\r\n        <p>Nekantraujate patobulinti savo kanadie\u010di\u0173 <a href=\"https:\/\/talkpal.ai\/what-language-is-spoken-on-the-international-space-station\/\">kalbos<\/a> \u012fg\u016bd\u017eius? Gramatikos pratimai yra puikus b\u016bdas mokytis sakinio strukt\u016bros, veiksma\u017eod\u017ei\u0173 form\u0173 ir unikali\u0173 kanadie\u010di\u0173 kalbos ypatybi\u0173. Prad\u0117kite mokytis kanadie\u010di\u0173 kalbos gramatikos \u0161iandien ir pamatysite, kaip su kiekvienu nauju pratimu auga j\u016bs\u0173 pasitik\u0117jimas savimi ir sklandus kalb\u0117jimas!<\/p>\r\n\r\n                            <a class=\"getStartedHidden\" href=\"https:\/\/app.talkpal.ai\/lt\/signup?lng=\">Prad\u0117k<\/a>\r\n        \r\n    <\/div>\r\n\r\n    <figure>\r\n    <img decoding=\"async\" width=\"768\" height=\"768\" src=\"https:\/\/talkpal.ai\/wp-content\/uploads\/2023\/06\/Kannada-768x768.png\" class=\"languageImage no-lazy\" alt=\"Language learning for increased mental flexibility\" fetchpriority=\"high\" sizes=\"(max-width: 768px) 150px, 768px\" srcset=\"https:\/\/talkpal.ai\/wp-content\/uploads\/2023\/06\/Kannada-768x768.png 768w, https:\/\/talkpal.ai\/wp-content\/uploads\/2023\/06\/Kannada-300x300.png 300w\" \/>\r\n    \r\n\r\n    <\/figure>\r\n\r\n            <a class=\"getStartedVisible\" href=\"https:\/\/app.talkpal.ai\/lt\/signup?lng=\">Prad\u0117k<\/a>\r\n    \r\n<\/section>\r\n\r\n\r\n<!-- <section class=\"grammarSection\">\r\n    <div class=\"grammarLinks\">\r\n            <\/div>\r\n<\/section> -->\r\n\r\n\r\n\r\n\r\n<section class=\"promotionalBanner\">\r\n    <p class=\"promotionalText\">Efektyviausias b\u016bdas mokytis kalbos<\/p>\r\n    <a class=\"promotionalLink\" href=\"https:\/\/app.talkpal.ai\/lt\/signup?lng=\">I\u0161bandykite Talkpal &#8221; nemokamai<\/a>\r\n<\/section>\n<div class=\"wp-block-group pageContainerStyle\"><div class=\"wp-block-group__inner-container is-layout-constrained wp-block-group-is-layout-constrained\">\n<h2 class=\"wp-block-heading\" id=\"h-kannada-grammar-topics\">Kanad\u0173 gramatikos temos<\/h2>\n\n\n\n<p><a href=\"https:\/\/talkpal.ai\/learn-kannada\/\">Kannada<\/a> yra dravid\u0173 kalba, kuria Indijos Karnatakos valstijoje daugiausia kalba ma\u017edaug 44 milijonai \u017emoni\u0173. <a href=\"https:\/\/talkpal.ai\/learn-thai\/\">Tai<\/a> viena i\u0161 22 numatyt\u0173 Indijos kalb\u0173 ir oficiali Karnatakos valstijos kalba. <a href=\"https:\/\/talkpal.ai\/learn-kannada\/\">Kanad\u0173<\/a> <a href=\"https:\/\/talkpal.ai\/lt\/kaip-ismokti-kalba-per-talkpal-chat\/\">kalbos mokymasis<\/a> yra ne tik b\u016btinas norint suprasti turting\u0105 Karnatakos kult\u016br\u0105 ir istorij\u0105, bet ir padeda efektyviai bendrauti su vietos gyventojais. \u0160iame straipsnyje siekiama pateikti strukt\u016brizuot\u0105 po\u017ei\u016br\u012f \u012f \u012fvairi\u0173 kanad\u0173 gramatikos tem\u0173 mokym\u0105si, kuris pad\u0117s jums sukurti tvirt\u0105 kalbos pagrind\u0105.<\/p>\n\n\n\n<h3 class=\"wp-block-heading\" id=\"h-1-nouns\">1. Daiktavard\u017eiai<\/h3>\n\n\n\n<p>Kaip bet kurios kalbos statybiniai blokai, kanad\u0173 daiktavard\u017eiai yra b\u016btini norint i\u0161mokti pirmiausia. Kanad\u0173 daiktavard\u017eiai turi skirtingas formas pagal lyt\u012f, skai\u010di\u0173 ir atvej\u012f, kurie turi \u012ftakos daiktavard\u017eio formai. Prad\u0117kite suprasti pagrindines daiktavard\u017ei\u0173 form\u0173 s\u0105vokas ir j\u0173 vartojim\u0105 kalboje.<\/p>\n\n\n\n<h3 class=\"wp-block-heading\" id=\"h-2-pronouns-determiners\">2. \u012evard\u017eiai\/determinantai<\/h3>\n\n\n\n<p>\u012evard\u017eiai yra \u017eod\u017eiai, kurie pakei\u010dia daiktavard\u017eius sakiniuose, o determinantai kei\u010dia daiktavard\u017eius. Su\u017einokite apie \u012fvairi\u0173 tip\u0173 \u012fvard\u017eius ir determinantus kanad\u0173 kalba, j\u0173 vartojim\u0105 ir <a href=\"https:\/\/talkpal.ai\/learn-thai\/\">tai<\/a>, kaip jie kei\u010diasi priklausomai nuo lyties, skai\u010diaus ir atvejo.<\/p>\n\n\n\n<h3 class=\"wp-block-heading\" id=\"h-3-articles\">3. Straipsniai<\/h3>\n\n\n\n<p>Kannad\u0173 kalboje n\u0117ra artikeli\u0173, kaip <a href=\"https:\/\/talkpal.ai\/learn-english-with-ai\/\">angl\u0173<\/a> kalboje, ta\u010diau yra pana\u0161i\u0173 \u017eod\u017ei\u0173, kurie padeda patikslinti daiktavard\u017eio apibr\u0117\u017etum\u0105. Susipa\u017einkite su \u0161iais \u017eod\u017eiais ir j\u0173 vartojimu kanad\u0173 kalba.<\/p>\n\n\n\n<h3 class=\"wp-block-heading\" id=\"h-4-adjectives\">4. B\u016bdvard\u017eiai<\/h3>\n\n\n\n<p>B\u016bdvard\u017eiai apib\u016bdina daiktavard\u017eius ir suteikia daugiau informacijos apie juos. Su\u017einokite, kaip sudaryti ir naudoti b\u016bdvard\u017eius kanad\u0173 kalba, taip pat j\u0173 susitarimo taisykles su daiktavard\u017eiais.<\/p>\n\n\n\n<h3 class=\"wp-block-heading\" id=\"h-5-verbs\">5. Veiksma\u017eod\u017eiai<\/h3>\n\n\n\n<p>Veiksma\u017eod\u017eiai yra veiksmo \u017eod\u017eiai, nurodantys, k\u0105 subjektas daro. Su\u017einokite apie skirtingus veiksma\u017eod\u017ei\u0173 tipus kanadoje, j\u0173 formas ir konjugacijos taisykles, pagr\u012fstas \u012ftampa, aspektu ir nuotaika.<\/p>\n\n\n\n<h3 class=\"wp-block-heading\" id=\"h-6-tenses\">6. Laikai<\/h3>\n\n\n\n<p>Laikai Kanadoje padeda i\u0161reik\u0161ti, kada \u012fvyko veiksmas. Susipa\u017einkite su trimis pagrindiniais &#8211; b\u016btuoju, esamuoju ir b\u016bsimuoju &#8211; laikais ir \u012fvairiomis j\u0173 formomis.<\/p>\n\n\n\n<h3 class=\"wp-block-heading\" id=\"h-7-tense-comparison\">7. \u012etemptas palyginimas<\/h3>\n\n\n\n<p>Supraskite, kaip palyginti veiksmus skirtingais laikais Kanadoje. Tai pad\u0117s jums sukurti sud\u0117tingesnius sakinius ir tiksliau i\u0161reik\u0161ti savo mintis.<\/p>\n\n\n\n<h3 class=\"wp-block-heading\" id=\"h-8-progressive-and-perfect-progressive\">8. Progresyvus ir tobulas progresyvus<\/h3>\n\n\n\n<p>\u0160ie kanadie\u010di\u0173 veiksma\u017eod\u017ei\u0173 aspektai rodo vykstan\u010dius veiksmus ar veiksmus, kurie buvo vykdomi, bet dabar yra baigti. Su\u017einokite, kaip formuoti ir naudoti progresyvius ir tobulus progresyvius veiksma\u017eod\u017eius kanad\u0173 kalba.<\/p>\n\n\n\n<h3 class=\"wp-block-heading\" id=\"h-9-adverbs\">9. Prieveiksmiai<\/h3>\n\n\n\n<p>Prieveiksmiai suteikia papildomos informacijos apie veiksma\u017eod\u017eius, b\u016bdvard\u017eius ar kitus prieveiksmius. Su\u017einokite apie skirtingus prieveiksmi\u0173 tipus Kanadoje ir j\u0173 i\u0161d\u0117stym\u0105 sakiniuose.<\/p>\n\n\n\n<h3 class=\"wp-block-heading\" id=\"h-10-conditionals\">10. S\u0105lygos<\/h3>\n\n\n\n<p>S\u0105lygos yra sakiniai, i\u0161rei\u0161kiantys s\u0105lyg\u0105 ir galim\u0105 jos rezultat\u0105. Su\u017einokite, kaip sudaryti ir naudoti s\u0105lyginius sakinius kanad\u0173 kalba, naudojant tinkamas veiksma\u017eod\u017ei\u0173 formas ir jungtukus.<\/p>\n\n\n\n<h3 class=\"wp-block-heading\" id=\"h-11-prepositions\">11. Prielinksniai<\/h3>\n\n\n\n<p>Prielinksniai yra \u017eod\u017eiai, rodantys ry\u0161ius tarp daiktavard\u017ei\u0173 ar \u012fvard\u017ei\u0173 ir kit\u0173 sakinio \u017eod\u017ei\u0173. Su\u017einokite apie \u012fprastus kanad\u0173 prielinksnius ir j\u0173 vartojim\u0105.<\/p>\n\n\n\n<h3 class=\"wp-block-heading\" id=\"h-12-sentences\">12. Sakiniai<\/h3>\n\n\n\n<p>Galiausiai praktikuokit\u0117s derinti visas i\u0161moktas gramatikos temas, kad sudarytum\u0117te u\u017ebaigtus sakinius kanadie\u010di\u0173 kalba. Tai pad\u0117s jums pagerinti bendr\u0105 kalbos mok\u0117jim\u0105 ir bendravimo \u012fg\u016bd\u017eius.<\/p>\n<\/div><\/div>\n\r\n<section class=\"learnNavigationSection\">\r\n            \r\n        <a href=\"https:\/\/talkpal.ai\/lt\/suzinokite-kanadieciu-kalba\/\">\r\n            <div class=\"learnNavigationWrapper\">\r\n                <div class=\"learnNavigationContent\">\r\n                    <img decoding=\"async\" src=\"https:\/\/talkpal.ai\/wp-content\/uploads\/2024\/08\/Kannada.jpg\" alt=\"Indian Simplified Flag\">\r\n                    <div>\r\n                        <h4>Apie kanadie\u010di\u0173 kalbos mokym\u0105si<\/h4>\r\n                        <p>Su\u017einokite visk\u0105 apie kanadie\u010di\u0173 gramatik\u0105.<\/p>\r\n                    <\/div>\r\n                <\/div>\r\n            <\/div>\r\n        <\/a>\r\n\r\n        \r\n        <a href=\"https:\/\/talkpal.ai\/lt\/kanadu-gramatika\/\">\r\n            <div class=\"learnNavigationWrapper\">\r\n                <div class=\"learnNavigationContent\">\r\n                    <img decoding=\"async\" src=\"https:\/\/talkpal.ai\/wp-content\/uploads\/2024\/08\/Kannada.jpg\" alt=\"Indian Simplified Flag\">\r\n                    <div>\r\n                        <h4>Kanados gramatikos pamokos<\/h4>\r\n                        <p>Praktikuokite kanadie\u010di\u0173 gramatik\u0105.<\/p>\r\n                    <\/div>\r\n                <\/div>\r\n            <\/div>\r\n        <\/a>\r\n\r\n        \r\n        <a href=\"https:\/\/talkpal.ai\/vocabulary_language\/kannada\/\">\r\n            <div class=\"learnNavigationWrapper\">\r\n                <div class=\"learnNavigationContent\">\r\n                    <img decoding=\"async\" src=\"https:\/\/talkpal.ai\/wp-content\/uploads\/2024\/08\/Kannada.jpg\" alt=\"Indian Simplified Flag\">\r\n                    <div>\r\n                        <h4>Kanados \u017eodynas<\/h4>\r\n                        <p>Prapl\u0117skite savo kanadie\u010di\u0173 kalbos \u017eodyn\u0105.<\/p>\r\n                    <\/div>\r\n                <\/div>\r\n            <\/div>\r\n        <\/a>\r\n\r\n            <\/section>","protected":false},"excerpt":{"rendered":"<p>Kanad\u0173 gramatikos temos Kannada yra dravid\u0173 kalba, kuria Indijos Karnatakos valstijoje daugiausia kalba ma\u017edaug 44 milijonai \u017emoni\u0173. Tai viena i\u0161 22 numatyt\u0173 Indijos kalb\u0173 ir oficiali Karnatakos valstijos kalba. Kanad\u0173 kalbos mokymasis yra ne tik b\u016btinas norint suprasti turting\u0105 Karnatakos kult\u016br\u0105 ir istorij\u0105, bet ir padeda efektyviai bendrauti su vietos gyventojais. \u0160iame straipsnyje siekiama pateikti [&hellip;]<\/p>\n","protected":false},"author":6,"featured_media":113668,"parent":0,"menu_order":0,"comment_status":"closed","ping_status":"closed","template":"LearningContentPage.php","meta":{"_acf_changed":false,"footnotes":""},"class_list":["post-161163","page","type-page","status-publish","has-post-thumbnail","hentry"],"acf":[],"yoast_head":"<!-- This site is optimized with the Yoast SEO Premium plugin v27.2 (Yoast SEO v27.2) - https:\/\/yoast.com\/product\/yoast-seo-premium-wordpress\/ -->\n<title>Kanad\u0173 gramatikos pratimai - Talkpal<\/title>\n<meta name=\"description\" content=\"Patobulinkite kanadie\u010di\u0173 kalbos gramatik\u0105 - atlikite interaktyvius pratimus, \u012fsisavinkite sakini\u0173 modelius ir patobulinkite sklandum\u0105. Talkpaldirbtinio intelekto korepetitoriumi.\" \/>\n<meta name=\"robots\" content=\"index, follow, max-snippet:-1, max-image-preview:large, max-video-preview:-1\" \/>\n<link rel=\"canonical\" href=\"https:\/\/talkpal.ai\/lt\/kanadu-gramatikos-pratimai\/\" \/>\n<meta property=\"og:locale\" content=\"lt_LT\" \/>\n<meta property=\"og:type\" content=\"article\" \/>\n<meta property=\"og:title\" content=\"Kanad\u0173 gramatikos pratimai\" \/>\n<meta property=\"og:description\" content=\"Kanad\u0173 gramatikos temos Kannada yra dravid\u0173 kalba, kuria Indijos Karnatakos valstijoje daugiausia kalba ma\u017edaug 44 milijonai \u017emoni\u0173. Tai viena i\u0161 22\" \/>\n<meta property=\"og:url\" content=\"https:\/\/talkpal.ai\/lt\/kanadu-gramatikos-pratimai\/\" \/>\n<meta property=\"og:site_name\" content=\"Talkpal\" \/>\n<meta property=\"article:publisher\" content=\"https:\/\/www.facebook.com\/profile.php?id=100090733639311\" \/>\n<meta property=\"article:modified_time\" content=\"2025-12-17T14:48:16+00:00\" \/>\n<meta property=\"og:image\" content=\"https:\/\/talkpal.ai\/wp-content\/uploads\/2023\/05\/Kannada-india.png\" \/>\n\t<meta property=\"og:image:width\" content=\"512\" \/>\n\t<meta property=\"og:image:height\" content=\"512\" \/>\n\t<meta property=\"og:image:type\" content=\"image\/png\" \/>\n<meta name=\"twitter:card\" content=\"summary_large_image\" \/>\n<meta name=\"twitter:site\" content=\"@talkpalai\" \/>\n<meta name=\"twitter:label1\" content=\"Est. reading time\" \/>\n\t<meta name=\"twitter:data1\" content=\"2 minut\u0117s\" \/>\n<script type=\"application\/ld+json\" class=\"yoast-schema-graph\">{\"@context\":\"https:\/\/schema.org\",\"@graph\":[{\"@type\":\"WebPage\",\"@id\":\"https:\/\/talkpal.ai\/lt\/kanadu-gramatikos-pratimai\/\",\"url\":\"https:\/\/talkpal.ai\/lt\/kanadu-gramatikos-pratimai\/\",\"name\":\"Kanad\u0173 gramatikos pratimai - Talkpal\",\"isPartOf\":{\"@id\":\"https:\/\/talkpal.ai\/lt\/#website\"},\"primaryImageOfPage\":{\"@id\":\"https:\/\/talkpal.ai\/lt\/kanadu-gramatikos-pratimai\/#primaryimage\"},\"image\":{\"@id\":\"https:\/\/talkpal.ai\/lt\/kanadu-gramatikos-pratimai\/#primaryimage\"},\"thumbnailUrl\":\"https:\/\/talkpal.ai\/wp-content\/uploads\/2023\/05\/Kannada-india.png\",\"datePublished\":\"2023-06-22T07:53:19+00:00\",\"dateModified\":\"2025-12-17T14:48:16+00:00\",\"description\":\"Patobulinkite kanadie\u010di\u0173 kalbos gramatik\u0105 - atlikite interaktyvius pratimus, \u012fsisavinkite sakini\u0173 modelius ir patobulinkite sklandum\u0105. Talkpaldirbtinio intelekto korepetitoriumi.\",\"breadcrumb\":{\"@id\":\"https:\/\/talkpal.ai\/lt\/kanadu-gramatikos-pratimai\/#breadcrumb\"},\"inLanguage\":\"lt-LT\",\"potentialAction\":[{\"@type\":\"ReadAction\",\"target\":[\"https:\/\/talkpal.ai\/lt\/kanadu-gramatikos-pratimai\/\"]}]},{\"@type\":\"ImageObject\",\"inLanguage\":\"lt-LT\",\"@id\":\"https:\/\/talkpal.ai\/lt\/kanadu-gramatikos-pratimai\/#primaryimage\",\"url\":\"https:\/\/talkpal.ai\/wp-content\/uploads\/2023\/05\/Kannada-india.png\",\"contentUrl\":\"https:\/\/talkpal.ai\/wp-content\/uploads\/2023\/05\/Kannada-india.png\",\"width\":512,\"height\":512},{\"@type\":\"BreadcrumbList\",\"@id\":\"https:\/\/talkpal.ai\/lt\/kanadu-gramatikos-pratimai\/#breadcrumb\",\"itemListElement\":[{\"@type\":\"ListItem\",\"position\":1,\"name\":\"Homepage\",\"item\":\"https:\/\/talkpal.ai\/lt\/\"},{\"@type\":\"ListItem\",\"position\":2,\"name\":\"Kanad\u0173 gramatikos pratimai\"}]},{\"@type\":\"WebSite\",\"@id\":\"https:\/\/talkpal.ai\/lt\/#website\",\"url\":\"https:\/\/talkpal.ai\/lt\/\",\"name\":\"Talkpal\",\"description\":\"AI Language Learning\",\"publisher\":{\"@id\":\"https:\/\/talkpal.ai\/lt\/#organization\"},\"alternateName\":\"Talkpal AI\",\"potentialAction\":[{\"@type\":\"SearchAction\",\"target\":{\"@type\":\"EntryPoint\",\"urlTemplate\":\"https:\/\/talkpal.ai\/lt\/?s={search_term_string}\"},\"query-input\":{\"@type\":\"PropertyValueSpecification\",\"valueRequired\":true,\"valueName\":\"search_term_string\"}}],\"inLanguage\":\"lt-LT\"},{\"@type\":\"Organization\",\"@id\":\"https:\/\/talkpal.ai\/lt\/#organization\",\"name\":\"Talkpal, Inc.\",\"alternateName\":\"Talkpal AI\",\"url\":\"https:\/\/talkpal.ai\/lt\/\",\"logo\":{\"@type\":\"ImageObject\",\"inLanguage\":\"lt-LT\",\"@id\":\"https:\/\/talkpal.ai\/lt\/#\/schema\/logo\/image\/\",\"url\":\"https:\/\/talkpal.ai\/wp-content\/uploads\/2024\/03\/Talkpal-Logo-Icon.png\",\"contentUrl\":\"https:\/\/talkpal.ai\/wp-content\/uploads\/2024\/03\/Talkpal-Logo-Icon.png\",\"width\":2880,\"height\":2880,\"caption\":\"Talkpal, Inc.\"},\"image\":{\"@id\":\"https:\/\/talkpal.ai\/lt\/#\/schema\/logo\/image\/\"},\"sameAs\":[\"https:\/\/www.facebook.com\/profile.php?id=100090733639311\",\"https:\/\/x.com\/talkpalai\",\"https:\/\/www.linkedin.com\/company\/talkpal\/\",\"https:\/\/www.youtube.com\/@TalkPal\/\",\"https:\/\/www.tiktok.com\/@talkpal\",\"https:\/\/www.instagram.com\/talkpal_ai\/\",\"https:\/\/www.crunchbase.com\/organization\/talkpal-9cde\",\"https:\/\/www.g2.com\/products\/talkpal-for-business\/\",\"https:\/\/www.trustpilot.com\/review\/talkpal.ai\",\"https:\/\/www.capterra.com\/p\/10006800\/TalkPal\/\"],\"description\":\"Talkpal is a language learning web and mobile education app, powered by the latest AI technologies, that provides engaging experiences to its customers in many different languages to help them improve their language skills. Users can chat about unlimited amount of topics with the app and use other modes to practice their language learning.\",\"email\":\"support@talkpal.ai\",\"legalName\":\"Talkpal, Inc.\",\"foundingDate\":\"2023-04-03\",\"duns\":\"118989042\",\"numberOfEmployees\":{\"@type\":\"QuantitativeValue\",\"minValue\":\"11\",\"maxValue\":\"50\"},\"publishingPrinciples\":\"https:\/\/talkpal.ai\/publishing-principles\/\",\"actionableFeedbackPolicy\":\"https:\/\/talkpal.ai\/actionable-feedback-policy\/\",\"correctionsPolicy\":\"https:\/\/talkpal.ai\/corrections-policy\/\",\"ethicsPolicy\":\"https:\/\/talkpal.ai\/ethics-policy\/\",\"diversityPolicy\":\"https:\/\/talkpal.ai\/diversity-policy\/\",\"diversityStaffingReport\":\"https:\/\/talkpal.ai\/diversity-policy\/\"}]}<\/script>\n<!-- \/ Yoast SEO Premium plugin. -->","yoast_head_json":{"title":"Kanad\u0173 gramatikos pratimai - Talkpal","description":"Patobulinkite kanadie\u010di\u0173 kalbos gramatik\u0105 - atlikite interaktyvius pratimus, \u012fsisavinkite sakini\u0173 modelius ir patobulinkite sklandum\u0105. Talkpaldirbtinio intelekto korepetitoriumi.","robots":{"index":"index","follow":"follow","max-snippet":"max-snippet:-1","max-image-preview":"max-image-preview:large","max-video-preview":"max-video-preview:-1"},"canonical":"https:\/\/talkpal.ai\/lt\/kanadu-gramatikos-pratimai\/","og_locale":"lt_LT","og_type":"article","og_title":"Kanad\u0173 gramatikos pratimai","og_description":"Kanad\u0173 gramatikos temos Kannada yra dravid\u0173 kalba, kuria Indijos Karnatakos valstijoje daugiausia kalba ma\u017edaug 44 milijonai \u017emoni\u0173. Tai viena i\u0161 22","og_url":"https:\/\/talkpal.ai\/lt\/kanadu-gramatikos-pratimai\/","og_site_name":"Talkpal","article_publisher":"https:\/\/www.facebook.com\/profile.php?id=100090733639311","article_modified_time":"2025-12-17T14:48:16+00:00","og_image":[{"width":512,"height":512,"url":"https:\/\/talkpal.ai\/wp-content\/uploads\/2023\/05\/Kannada-india.png","type":"image\/png"}],"twitter_card":"summary_large_image","twitter_site":"@talkpalai","twitter_misc":{"Est. reading time":"2 minut\u0117s"},"schema":{"@context":"https:\/\/schema.org","@graph":[{"@type":"WebPage","@id":"https:\/\/talkpal.ai\/lt\/kanadu-gramatikos-pratimai\/","url":"https:\/\/talkpal.ai\/lt\/kanadu-gramatikos-pratimai\/","name":"Kanad\u0173 gramatikos pratimai - Talkpal","isPartOf":{"@id":"https:\/\/talkpal.ai\/lt\/#website"},"primaryImageOfPage":{"@id":"https:\/\/talkpal.ai\/lt\/kanadu-gramatikos-pratimai\/#primaryimage"},"image":{"@id":"https:\/\/talkpal.ai\/lt\/kanadu-gramatikos-pratimai\/#primaryimage"},"thumbnailUrl":"https:\/\/talkpal.ai\/wp-content\/uploads\/2023\/05\/Kannada-india.png","datePublished":"2023-06-22T07:53:19+00:00","dateModified":"2025-12-17T14:48:16+00:00","description":"Patobulinkite kanadie\u010di\u0173 kalbos gramatik\u0105 - atlikite interaktyvius pratimus, \u012fsisavinkite sakini\u0173 modelius ir patobulinkite sklandum\u0105. Talkpaldirbtinio intelekto korepetitoriumi.","breadcrumb":{"@id":"https:\/\/talkpal.ai\/lt\/kanadu-gramatikos-pratimai\/#breadcrumb"},"inLanguage":"lt-LT","potentialAction":[{"@type":"ReadAction","target":["https:\/\/talkpal.ai\/lt\/kanadu-gramatikos-pratimai\/"]}]},{"@type":"ImageObject","inLanguage":"lt-LT","@id":"https:\/\/talkpal.ai\/lt\/kanadu-gramatikos-pratimai\/#primaryimage","url":"https:\/\/talkpal.ai\/wp-content\/uploads\/2023\/05\/Kannada-india.png","contentUrl":"https:\/\/talkpal.ai\/wp-content\/uploads\/2023\/05\/Kannada-india.png","width":512,"height":512},{"@type":"BreadcrumbList","@id":"https:\/\/talkpal.ai\/lt\/kanadu-gramatikos-pratimai\/#breadcrumb","itemListElement":[{"@type":"ListItem","position":1,"name":"Homepage","item":"https:\/\/talkpal.ai\/lt\/"},{"@type":"ListItem","position":2,"name":"Kanad\u0173 gramatikos pratimai"}]},{"@type":"WebSite","@id":"https:\/\/talkpal.ai\/lt\/#website","url":"https:\/\/talkpal.ai\/lt\/","name":"Talkpal","description":"AI Language Learning","publisher":{"@id":"https:\/\/talkpal.ai\/lt\/#organization"},"alternateName":"Talkpal AI","potentialAction":[{"@type":"SearchAction","target":{"@type":"EntryPoint","urlTemplate":"https:\/\/talkpal.ai\/lt\/?s={search_term_string}"},"query-input":{"@type":"PropertyValueSpecification","valueRequired":true,"valueName":"search_term_string"}}],"inLanguage":"lt-LT"},{"@type":"Organization","@id":"https:\/\/talkpal.ai\/lt\/#organization","name":"Talkpal, Inc.","alternateName":"Talkpal AI","url":"https:\/\/talkpal.ai\/lt\/","logo":{"@type":"ImageObject","inLanguage":"lt-LT","@id":"https:\/\/talkpal.ai\/lt\/#\/schema\/logo\/image\/","url":"https:\/\/talkpal.ai\/wp-content\/uploads\/2024\/03\/Talkpal-Logo-Icon.png","contentUrl":"https:\/\/talkpal.ai\/wp-content\/uploads\/2024\/03\/Talkpal-Logo-Icon.png","width":2880,"height":2880,"caption":"Talkpal, Inc."},"image":{"@id":"https:\/\/talkpal.ai\/lt\/#\/schema\/logo\/image\/"},"sameAs":["https:\/\/www.facebook.com\/profile.php?id=100090733639311","https:\/\/x.com\/talkpalai","https:\/\/www.linkedin.com\/company\/talkpal\/","https:\/\/www.youtube.com\/@TalkPal\/","https:\/\/www.tiktok.com\/@talkpal","https:\/\/www.instagram.com\/talkpal_ai\/","https:\/\/www.crunchbase.com\/organization\/talkpal-9cde","https:\/\/www.g2.com\/products\/talkpal-for-business\/","https:\/\/www.trustpilot.com\/review\/talkpal.ai","https:\/\/www.capterra.com\/p\/10006800\/TalkPal\/"],"description":"Talkpal is a language learning web and mobile education app, powered by the latest AI technologies, that provides engaging experiences to its customers in many different languages to help them improve their language skills. Users can chat about unlimited amount of topics with the app and use other modes to practice their language learning.","email":"support@talkpal.ai","legalName":"Talkpal, Inc.","foundingDate":"2023-04-03","duns":"118989042","numberOfEmployees":{"@type":"QuantitativeValue","minValue":"11","maxValue":"50"},"publishingPrinciples":"https:\/\/talkpal.ai\/publishing-principles\/","actionableFeedbackPolicy":"https:\/\/talkpal.ai\/actionable-feedback-policy\/","correctionsPolicy":"https:\/\/talkpal.ai\/corrections-policy\/","ethicsPolicy":"https:\/\/talkpal.ai\/ethics-policy\/","diversityPolicy":"https:\/\/talkpal.ai\/diversity-policy\/","diversityStaffingReport":"https:\/\/talkpal.ai\/diversity-policy\/"}]}},"_links":{"self":[{"href":"https:\/\/talkpal.ai\/lt\/wp-json\/wp\/v2\/pages\/161163","targetHints":{"allow":["GET"]}}],"collection":[{"href":"https:\/\/talkpal.ai\/lt\/wp-json\/wp\/v2\/pages"}],"about":[{"href":"https:\/\/talkpal.ai\/lt\/wp-json\/wp\/v2\/types\/page"}],"author":[{"embeddable":true,"href":"https:\/\/talkpal.ai\/lt\/wp-json\/wp\/v2\/users\/6"}],"replies":[{"embeddable":true,"href":"https:\/\/talkpal.ai\/lt\/wp-json\/wp\/v2\/comments?post=161163"}],"version-history":[{"count":0,"href":"https:\/\/talkpal.ai\/lt\/wp-json\/wp\/v2\/pages\/161163\/revisions"}],"wp:featuredmedia":[{"embeddable":true,"href":"https:\/\/talkpal.ai\/lt\/wp-json\/wp\/v2\/media\/113668"}],"wp:attachment":[{"href":"https:\/\/talkpal.ai\/lt\/wp-json\/wp\/v2\/media?parent=161163"}],"curies":[{"name":"wp","href":"https:\/\/api.w.org\/{rel}","templated":true}]}}