{"id":159982,"date":"2023-06-22T08:24:14","date_gmt":"2023-06-22T08:24:14","guid":{"rendered":"http:\/\/talkpal.ai\/makedonu-gramatikos-pratimai\/"},"modified":"2025-12-17T16:01:33","modified_gmt":"2025-12-17T16:01:33","slug":"makedonu-gramatikos-pratimai","status":"publish","type":"page","link":"https:\/\/talkpal.ai\/lt\/makedonu-gramatikos-pratimai\/","title":{"rendered":"Makedon\u0173 gramatikos pratimai"},"content":{"rendered":"\r\n\r\n\r\n<section class=\"languageChallengeSection\">\r\n    <div class=\"languageInfoWrapper\">\r\n        \r\n        <h1>Makedon\u0173 gramatikos pratimai<\/h1>\r\n        <p>Norite sustiprinti pasitik\u0117jim\u0105 <a href=\"https:\/\/talkpal.ai\/learn-macedonian\/\">makedon\u0173<\/a> kalba? Gramatikos pratimai &#8211; puikus b\u016bdas suprasti sakinio strukt\u016br\u0105, veiksma\u017eod\u017ei\u0173 formas ir unikalias makedon\u0173 <a href=\"https:\/\/talkpal.ai\/what-language-is-spoken-on-the-international-space-station\/\">kalbos<\/a> ypatybes. Prad\u0117kite tyrin\u0117ti makedon\u0173 kalbos gramatik\u0105 \u0161iandien ir pamatysite, kaip su kiekvienu pratimu auga j\u016bs\u0173 \u012fg\u016bd\u017eiai ir sklandumas!<\/p>\r\n\r\n                            <a class=\"getStartedHidden\" href=\"https:\/\/app.talkpal.ai\/lt\/signup?lng=\">Prad\u0117k<\/a>\r\n        \r\n    <\/div>\r\n\r\n    <figure>\r\n    <img decoding=\"async\" width=\"768\" height=\"768\" src=\"https:\/\/talkpal.ai\/wp-content\/uploads\/2023\/06\/macedonian-768x768.png\" class=\"languageImage no-lazy\" alt=\"Language learning through conversational practice\" fetchpriority=\"high\" sizes=\"(max-width: 768px) 150px, 768px\" srcset=\"https:\/\/talkpal.ai\/wp-content\/uploads\/2023\/06\/macedonian-768x768.png 768w, https:\/\/talkpal.ai\/wp-content\/uploads\/2023\/06\/macedonian-300x300.png 300w\" \/>\r\n    \r\n\r\n    <\/figure>\r\n\r\n            <a class=\"getStartedVisible\" href=\"https:\/\/app.talkpal.ai\/lt\/signup?lng=\">Prad\u0117k<\/a>\r\n    \r\n<\/section>\r\n\r\n\r\n<!-- <section class=\"grammarSection\">\r\n    <div class=\"grammarLinks\">\r\n            <\/div>\r\n<\/section> -->\r\n\r\n\r\n\r\n\r\n<section class=\"promotionalBanner\">\r\n    <p class=\"promotionalText\">Efektyviausias b\u016bdas mokytis kalbos<\/p>\r\n    <a class=\"promotionalLink\" href=\"https:\/\/app.talkpal.ai\/lt\/signup?lng=\">I\u0161bandykite Talkpal &#8221; nemokamai<\/a>\r\n<\/section>\n<div class=\"wp-block-group pageContainerStyle\"><div class=\"wp-block-group__inner-container is-layout-constrained wp-block-group-is-layout-constrained\">\n<h2 class=\"wp-block-heading\" id=\"h-macedonian-grammar-topics\">Makedon\u0173 gramatikos temos<\/h2>\n\n\n\n<header id=\"main-header\" data-height-onload=\"80\" data-height-loaded=\"true\" data-fixed-height-onload=\"80\">\n<p>Makedon\u0173 kalba, piet\u0173 slav\u0173 kalba, yra oficiali \u0160iaur\u0117s Makedonijos kalba. Ja kalba daugiau nei du milijonai \u017emoni\u0173 visame pasaulyje ir ji si\u016blo unikali\u0105 kalbin\u0119 patirt\u012f d\u0117l savo specifini\u0173 gramatikos taisykli\u0173 ir turtingo \u017eodyno. \u0160iame vadove bus pateikta pagrindini\u0173 makedon\u0173 kalbos gramatikos tem\u0173 ap\u017evalga, i\u0161d\u0117styta tokia seka, kuri palengvins j\u016bs\u0173 mokymosi proces\u0105. Nuo laik\u0173 iki sakini\u0173 strukt\u016br\u0173 \u2013 mes pateiksime vis\u0105 reikaling\u0105 informacij\u0105, kuri pad\u0117s jums <a href=\"https:\/\/talkpal.ai\/ko\/ai-%ec%96%b8%ec%96%b4-%ea%b5%90%ec%82%ac\/\">prad\u0117ti<\/a> kelion\u0119 \u012f makedon\u0173 kalbos \u012fsisavinim\u0105.<\/p>\n<h3>1. Daiktavard\u017eiai:<\/h3>\n<p>Kaip ir kitos slav\u0173 kalbos, makedon\u0173 daiktavard\u017eiai turi tris lytis (vyri\u0161k\u0105, moteri\u0161k\u0105 ir neuter\u0105) ir yra pasirenkami atvejui ir skai\u010diui. Lyties ir taisykling\u0173 vingi\u0173 <a href=\"https:\/\/talkpal.ai\/lt\/mokymasis\/\">mokymasis<\/a> yra labai svarbus formuojant gramati\u0161kai taisyklingus sakinius.<\/p>\n<h3>2. Straipsniai:<\/h3>\n<p>makedon\u0173 kalba turi tik vien\u0105 konkret\u0173 straipsn\u012f, kuris skiriasi priklausomai nuo lyties ir atvejo. Makedon\u0173 kalboje n\u0117ra neapibr\u0117\u017et\u0173j\u0173 nari\u0173, ta\u010diau skaitvardis &#8222;vienas&#8221; gali b\u016bti vartojamas pana\u0161iai.<\/p>\n<h3>3. B\u016bdvard\u017eiai:<\/h3>\n<p>B\u016bdvard\u017eiai makedon\u0173 kalba sutinka su daiktavard\u017eiais, kuriuos jie kei\u010dia lytimi, skai\u010diumi ir atveju. Jie turi tiek ilg\u0173, tiek trump\u0173 form\u0173, kurios naudojamos skirtinguose kontekstuose.<\/p>\n<h3>4. \u012evard\u017eiai\/determinantai:<\/h3>\n<p>Makedon\u0173 kalba turi \u012fvairi\u0173 \u012fvard\u017ei\u0173 ir determinant\u0173, kurie yra b\u016btini formuojant sakinius. Jie pakei\u010dia arba modifikuoja daiktavard\u017eius ir sutinka su jais lytimi, skai\u010diumi ir atveju.<\/p>\n<h3>5. Veiksma\u017eod\u017eiai:<\/h3>\n<p>Veiksma\u017eod\u017eiai yra makedon\u0173 kalbos gramatikos pagrindas. Jie konjuguoja asmen\u012f ir skai\u010di\u0173 ir turi \u012fvairius laikus, aspektus ir nuotaikas.<\/p>\n<h3>6. Laikai:<\/h3>\n<p>Makedonietis turi tris pagrindinius laikus \u2013 praeit\u012f, dabart\u012f ir ateit\u012f. Jie formuojami naudojant skirtingus veiksma\u017eod\u017ei\u0173 konjugacijas ir pagalbinius veiksma\u017eod\u017eius. Labai svarbu suprasti kiekvieno laiko formavim\u0105si ir naudojim\u0105, kad b\u016bt\u0173 galima tiksliai i\u0161reik\u0161ti veiksmus ir \u012fvykius.<\/p>\n<h3>7. \u012etemptas palyginimas:<\/h3>\n<p>Norint perteikti prasm\u0119, b\u016btina lyginti veiksmus ir \u012fvykius skirtingais laikais. Makedon\u0173 kalba \u0161is palyginimas pasiekiamas naudojant konkre\u010dias veiksma\u017eod\u017ei\u0173 formas ir pagalbinius veiksma\u017eod\u017eius.<\/p>\n<h3>8. Progresyvus:<\/h3>\n<p>Progresyvus makedon\u0173 kalbos aspektas naudojamas vykdomiems veiksmams nurodyti. Jis sudaromas naudojant veiksma\u017eod\u017eio &#8222;b\u016bti&#8221; esam\u0105j\u012f laik\u0105 ir pagrindinio veiksma\u017eod\u017eio b\u016btojo kartinio laiko dalyvio form\u0105.<\/p>\n<h3>9. Tobulas progresyvus:<\/h3>\n<p>\u0160is aspektas sujungia progresyvius ir tobulus aspektus, kad apib\u016bdint\u0173 praeityje vykusius veiksmus ir turi ry\u0161\u012f su dabartimi. Jis sudaromas naudojant veiksma\u017eod\u017eio &#8222;b\u016bti&#8221; esam\u0105j\u012f laik\u0105 ir pagrindinio veiksma\u017eod\u017eio b\u016btojo kartinio laiko veiksma\u017eod\u012f.<\/p>\n<h3>10. Prieveiksmiai:<\/h3>\n<p>Prieveiksmiai makedon\u0173 kalba naudojami veiksma\u017eod\u017eiams, b\u016bdvard\u017eiams ar kitiems prieveiksmiams modifikuoti. Paprastai jie nekei\u010dia savo formos ir yra lengvai atpa\u017e\u012fstami i\u0161 tipi\u0161k\u0173 gal\u016bni\u0173.<\/p>\n<h3>11. S\u0105lygos:<\/h3>\n<p>Makedonietis turi trij\u0173 tip\u0173 s\u0105lygotumus \u2013 real\u0173, nereal\u0173 ir potencial\u0173. Jie naudojami hipotetin\u0117ms situacijoms ir j\u0173 pasekm\u0117ms i\u0161reik\u0161ti.<\/p>\n<h3>12. Prielinksniai:<\/h3>\n<p>Prielinksniai makedon\u0173 kalba yra b\u016btini formuojant frazes ir sakinius. Jie nurodo \u012fvairius ry\u0161ius tarp \u017eod\u017ei\u0173, toki\u0173 kaip vieta, kryptis, laikas ar prie\u017eastis.<\/p>\n<h3>13. Sakiniai:<\/h3>\n<p>Makedonijos sakini\u0173 strukt\u016bros supratimas yra labai svarbus veiksmingam bendravimui. Makedon\u0173 sakiniai paprastai atitinka dalyko-veiksma\u017eod\u017eio-objekto (SVO) \u017eod\u017ei\u0173 tvark\u0105, ta\u010diau variacijos gali atsirasti priklausomai nuo pabr\u0117\u017eimo ir konteksto.<\/p>\n<\/header>\n\n\n\n<footer> <\/footer>\n<\/div><\/div>\n\r\n<section class=\"learnNavigationSection\">\r\n            \r\n        <a href=\"https:\/\/talkpal.ai\/lt\/ismok-makedonu-kalba\/\">\r\n            <div class=\"learnNavigationWrapper\">\r\n                <div class=\"learnNavigationContent\">\r\n                    <img decoding=\"async\" src=\"https:\/\/talkpal.ai\/wp-content\/uploads\/2024\/08\/Macedonian.jpg\" alt=\"Macedonian Flag\">\r\n                    <div>\r\n                        <h4>Apie makedon\u0173 kalbos mokym\u0105si<\/h4>\r\n                        <p>Su\u017einokite visk\u0105 apie makedon\u0173 kalbos gramatik\u0105.<\/p>\r\n                    <\/div>\r\n                <\/div>\r\n            <\/div>\r\n        <\/a>\r\n\r\n        \r\n        <a href=\"https:\/\/talkpal.ai\/lt\/makedonu-kalbos-gramatika\/\">\r\n            <div class=\"learnNavigationWrapper\">\r\n                <div class=\"learnNavigationContent\">\r\n                    <img decoding=\"async\" src=\"https:\/\/talkpal.ai\/wp-content\/uploads\/2024\/08\/Macedonian.jpg\" alt=\"Macedonian Flag\">\r\n                    <div>\r\n                        <h4>Makedonijos gramatikos pamokos<\/h4>\r\n                        <p>Praktikuokite makedon\u0173 gramatik\u0105.<\/p>\r\n                    <\/div>\r\n                <\/div>\r\n            <\/div>\r\n        <\/a>\r\n\r\n        \r\n        <a href=\"https:\/\/talkpal.ai\/vocabulary_language\/macedonian\/\">\r\n            <div class=\"learnNavigationWrapper\">\r\n                <div class=\"learnNavigationContent\">\r\n                    <img decoding=\"async\" src=\"https:\/\/talkpal.ai\/wp-content\/uploads\/2024\/08\/Macedonian.jpg\" alt=\"Macedonian Flag\">\r\n                    <div>\r\n                        <h4>Makedon\u0173 kalbos \u017eodynas<\/h4>\r\n                        <p>Prapl\u0117skite savo makedon\u0173 kalbos \u017eodyn\u0105.<\/p>\r\n                    <\/div>\r\n                <\/div>\r\n            <\/div>\r\n        <\/a>\r\n\r\n            <\/section>","protected":false},"excerpt":{"rendered":"<p>Makedon\u0173 gramatikos temos Makedon\u0173 kalba, piet\u0173 slav\u0173 kalba, yra oficiali \u0160iaur\u0117s Makedonijos kalba. Ja kalba daugiau nei du milijonai \u017emoni\u0173 visame pasaulyje ir ji si\u016blo unikali\u0105 kalbin\u0119 patirt\u012f d\u0117l savo specifini\u0173 gramatikos taisykli\u0173 ir turtingo \u017eodyno. \u0160iame vadove bus pateikta pagrindini\u0173 makedon\u0173 kalbos gramatikos tem\u0173 ap\u017evalga, i\u0161d\u0117styta tokia seka, kuri palengvins j\u016bs\u0173 mokymosi proces\u0105. Nuo [&hellip;]<\/p>\n","protected":false},"author":6,"featured_media":115338,"parent":0,"menu_order":0,"comment_status":"closed","ping_status":"closed","template":"LearningContentPage.php","meta":{"_acf_changed":false,"footnotes":""},"class_list":["post-159982","page","type-page","status-publish","has-post-thumbnail","hentry"],"acf":[],"yoast_head":"<!-- This site is optimized with the Yoast SEO Premium plugin v27.2 (Yoast SEO v27.2) - https:\/\/yoast.com\/product\/yoast-seo-premium-wordpress\/ -->\n<title>Makedon\u0173 gramatikos pratimai - Talkpal<\/title>\n<meta name=\"description\" content=\"\u012evaldykite makedon\u0173 kalbos gramatik\u0105 su interaktyviais makedon\u0173 kalbos gramatikos pratimais i\u0161 Talkpal, j\u016bs\u0173 dirbtinio intelekto valdom\u0105 kalbos korepetitori\u0173.\" \/>\n<meta name=\"robots\" content=\"index, follow, max-snippet:-1, max-image-preview:large, max-video-preview:-1\" \/>\n<link rel=\"canonical\" href=\"https:\/\/talkpal.ai\/lt\/makedonu-gramatikos-pratimai\/\" \/>\n<meta property=\"og:locale\" content=\"lt_LT\" \/>\n<meta property=\"og:type\" content=\"article\" \/>\n<meta property=\"og:title\" content=\"Makedon\u0173 gramatikos pratimai\" \/>\n<meta property=\"og:description\" content=\"Makedon\u0173 gramatikos temos Makedon\u0173 kalba, piet\u0173 slav\u0173 kalba, yra oficiali \u0160iaur\u0117s Makedonijos kalba. Ja kalba daugiau nei du milijonai \u017emoni\u0173 visame\" \/>\n<meta property=\"og:url\" content=\"https:\/\/talkpal.ai\/lt\/makedonu-gramatikos-pratimai\/\" \/>\n<meta property=\"og:site_name\" content=\"Talkpal\" \/>\n<meta property=\"article:publisher\" content=\"https:\/\/www.facebook.com\/profile.php?id=100090733639311\" \/>\n<meta property=\"article:modified_time\" content=\"2025-12-17T16:01:33+00:00\" \/>\n<meta property=\"og:image\" content=\"https:\/\/talkpal.ai\/wp-content\/uploads\/2023\/05\/republic-of-macedonia.png\" \/>\n\t<meta property=\"og:image:width\" content=\"512\" \/>\n\t<meta property=\"og:image:height\" content=\"512\" \/>\n\t<meta property=\"og:image:type\" content=\"image\/png\" \/>\n<meta name=\"twitter:card\" content=\"summary_large_image\" \/>\n<meta name=\"twitter:site\" content=\"@talkpalai\" \/>\n<meta name=\"twitter:label1\" content=\"Est. reading time\" \/>\n\t<meta name=\"twitter:data1\" content=\"3 minut\u0117s\" \/>\n<script type=\"application\/ld+json\" class=\"yoast-schema-graph\">{\"@context\":\"https:\/\/schema.org\",\"@graph\":[{\"@type\":\"WebPage\",\"@id\":\"https:\/\/talkpal.ai\/lt\/makedonu-gramatikos-pratimai\/\",\"url\":\"https:\/\/talkpal.ai\/lt\/makedonu-gramatikos-pratimai\/\",\"name\":\"Makedon\u0173 gramatikos pratimai - Talkpal\",\"isPartOf\":{\"@id\":\"https:\/\/talkpal.ai\/lt\/#website\"},\"primaryImageOfPage\":{\"@id\":\"https:\/\/talkpal.ai\/lt\/makedonu-gramatikos-pratimai\/#primaryimage\"},\"image\":{\"@id\":\"https:\/\/talkpal.ai\/lt\/makedonu-gramatikos-pratimai\/#primaryimage\"},\"thumbnailUrl\":\"https:\/\/talkpal.ai\/wp-content\/uploads\/2023\/05\/republic-of-macedonia.png\",\"datePublished\":\"2023-06-22T08:24:14+00:00\",\"dateModified\":\"2025-12-17T16:01:33+00:00\",\"description\":\"\u012evaldykite makedon\u0173 kalbos gramatik\u0105 su interaktyviais makedon\u0173 kalbos gramatikos pratimais i\u0161 Talkpal, j\u016bs\u0173 dirbtinio intelekto valdom\u0105 kalbos korepetitori\u0173.\",\"breadcrumb\":{\"@id\":\"https:\/\/talkpal.ai\/lt\/makedonu-gramatikos-pratimai\/#breadcrumb\"},\"inLanguage\":\"lt-LT\",\"potentialAction\":[{\"@type\":\"ReadAction\",\"target\":[\"https:\/\/talkpal.ai\/lt\/makedonu-gramatikos-pratimai\/\"]}]},{\"@type\":\"ImageObject\",\"inLanguage\":\"lt-LT\",\"@id\":\"https:\/\/talkpal.ai\/lt\/makedonu-gramatikos-pratimai\/#primaryimage\",\"url\":\"https:\/\/talkpal.ai\/wp-content\/uploads\/2023\/05\/republic-of-macedonia.png\",\"contentUrl\":\"https:\/\/talkpal.ai\/wp-content\/uploads\/2023\/05\/republic-of-macedonia.png\",\"width\":512,\"height\":512},{\"@type\":\"BreadcrumbList\",\"@id\":\"https:\/\/talkpal.ai\/lt\/makedonu-gramatikos-pratimai\/#breadcrumb\",\"itemListElement\":[{\"@type\":\"ListItem\",\"position\":1,\"name\":\"Homepage\",\"item\":\"https:\/\/talkpal.ai\/lt\/\"},{\"@type\":\"ListItem\",\"position\":2,\"name\":\"Makedon\u0173 gramatikos pratimai\"}]},{\"@type\":\"WebSite\",\"@id\":\"https:\/\/talkpal.ai\/lt\/#website\",\"url\":\"https:\/\/talkpal.ai\/lt\/\",\"name\":\"Talkpal\",\"description\":\"AI Language Learning\",\"publisher\":{\"@id\":\"https:\/\/talkpal.ai\/lt\/#organization\"},\"alternateName\":\"Talkpal AI\",\"potentialAction\":[{\"@type\":\"SearchAction\",\"target\":{\"@type\":\"EntryPoint\",\"urlTemplate\":\"https:\/\/talkpal.ai\/lt\/?s={search_term_string}\"},\"query-input\":{\"@type\":\"PropertyValueSpecification\",\"valueRequired\":true,\"valueName\":\"search_term_string\"}}],\"inLanguage\":\"lt-LT\"},{\"@type\":\"Organization\",\"@id\":\"https:\/\/talkpal.ai\/lt\/#organization\",\"name\":\"Talkpal, Inc.\",\"alternateName\":\"Talkpal AI\",\"url\":\"https:\/\/talkpal.ai\/lt\/\",\"logo\":{\"@type\":\"ImageObject\",\"inLanguage\":\"lt-LT\",\"@id\":\"https:\/\/talkpal.ai\/lt\/#\/schema\/logo\/image\/\",\"url\":\"https:\/\/talkpal.ai\/wp-content\/uploads\/2024\/03\/Talkpal-Logo-Icon.png\",\"contentUrl\":\"https:\/\/talkpal.ai\/wp-content\/uploads\/2024\/03\/Talkpal-Logo-Icon.png\",\"width\":2880,\"height\":2880,\"caption\":\"Talkpal, Inc.\"},\"image\":{\"@id\":\"https:\/\/talkpal.ai\/lt\/#\/schema\/logo\/image\/\"},\"sameAs\":[\"https:\/\/www.facebook.com\/profile.php?id=100090733639311\",\"https:\/\/x.com\/talkpalai\",\"https:\/\/www.linkedin.com\/company\/talkpal\/\",\"https:\/\/www.youtube.com\/@TalkPal\/\",\"https:\/\/www.tiktok.com\/@talkpal\",\"https:\/\/www.instagram.com\/talkpal_ai\/\",\"https:\/\/www.crunchbase.com\/organization\/talkpal-9cde\",\"https:\/\/www.g2.com\/products\/talkpal-for-business\/\",\"https:\/\/www.trustpilot.com\/review\/talkpal.ai\",\"https:\/\/www.capterra.com\/p\/10006800\/TalkPal\/\"],\"description\":\"Talkpal is a language learning web and mobile education app, powered by the latest AI technologies, that provides engaging experiences to its customers in many different languages to help them improve their language skills. Users can chat about unlimited amount of topics with the app and use other modes to practice their language learning.\",\"email\":\"support@talkpal.ai\",\"legalName\":\"Talkpal, Inc.\",\"foundingDate\":\"2023-04-03\",\"duns\":\"118989042\",\"numberOfEmployees\":{\"@type\":\"QuantitativeValue\",\"minValue\":\"11\",\"maxValue\":\"50\"},\"publishingPrinciples\":\"https:\/\/talkpal.ai\/publishing-principles\/\",\"actionableFeedbackPolicy\":\"https:\/\/talkpal.ai\/actionable-feedback-policy\/\",\"correctionsPolicy\":\"https:\/\/talkpal.ai\/corrections-policy\/\",\"ethicsPolicy\":\"https:\/\/talkpal.ai\/ethics-policy\/\",\"diversityPolicy\":\"https:\/\/talkpal.ai\/diversity-policy\/\",\"diversityStaffingReport\":\"https:\/\/talkpal.ai\/diversity-policy\/\"}]}<\/script>\n<!-- \/ Yoast SEO Premium plugin. -->","yoast_head_json":{"title":"Makedon\u0173 gramatikos pratimai - Talkpal","description":"\u012evaldykite makedon\u0173 kalbos gramatik\u0105 su interaktyviais makedon\u0173 kalbos gramatikos pratimais i\u0161 Talkpal, j\u016bs\u0173 dirbtinio intelekto valdom\u0105 kalbos korepetitori\u0173.","robots":{"index":"index","follow":"follow","max-snippet":"max-snippet:-1","max-image-preview":"max-image-preview:large","max-video-preview":"max-video-preview:-1"},"canonical":"https:\/\/talkpal.ai\/lt\/makedonu-gramatikos-pratimai\/","og_locale":"lt_LT","og_type":"article","og_title":"Makedon\u0173 gramatikos pratimai","og_description":"Makedon\u0173 gramatikos temos Makedon\u0173 kalba, piet\u0173 slav\u0173 kalba, yra oficiali \u0160iaur\u0117s Makedonijos kalba. Ja kalba daugiau nei du milijonai \u017emoni\u0173 visame","og_url":"https:\/\/talkpal.ai\/lt\/makedonu-gramatikos-pratimai\/","og_site_name":"Talkpal","article_publisher":"https:\/\/www.facebook.com\/profile.php?id=100090733639311","article_modified_time":"2025-12-17T16:01:33+00:00","og_image":[{"width":512,"height":512,"url":"https:\/\/talkpal.ai\/wp-content\/uploads\/2023\/05\/republic-of-macedonia.png","type":"image\/png"}],"twitter_card":"summary_large_image","twitter_site":"@talkpalai","twitter_misc":{"Est. reading time":"3 minut\u0117s"},"schema":{"@context":"https:\/\/schema.org","@graph":[{"@type":"WebPage","@id":"https:\/\/talkpal.ai\/lt\/makedonu-gramatikos-pratimai\/","url":"https:\/\/talkpal.ai\/lt\/makedonu-gramatikos-pratimai\/","name":"Makedon\u0173 gramatikos pratimai - Talkpal","isPartOf":{"@id":"https:\/\/talkpal.ai\/lt\/#website"},"primaryImageOfPage":{"@id":"https:\/\/talkpal.ai\/lt\/makedonu-gramatikos-pratimai\/#primaryimage"},"image":{"@id":"https:\/\/talkpal.ai\/lt\/makedonu-gramatikos-pratimai\/#primaryimage"},"thumbnailUrl":"https:\/\/talkpal.ai\/wp-content\/uploads\/2023\/05\/republic-of-macedonia.png","datePublished":"2023-06-22T08:24:14+00:00","dateModified":"2025-12-17T16:01:33+00:00","description":"\u012evaldykite makedon\u0173 kalbos gramatik\u0105 su interaktyviais makedon\u0173 kalbos gramatikos pratimais i\u0161 Talkpal, j\u016bs\u0173 dirbtinio intelekto valdom\u0105 kalbos korepetitori\u0173.","breadcrumb":{"@id":"https:\/\/talkpal.ai\/lt\/makedonu-gramatikos-pratimai\/#breadcrumb"},"inLanguage":"lt-LT","potentialAction":[{"@type":"ReadAction","target":["https:\/\/talkpal.ai\/lt\/makedonu-gramatikos-pratimai\/"]}]},{"@type":"ImageObject","inLanguage":"lt-LT","@id":"https:\/\/talkpal.ai\/lt\/makedonu-gramatikos-pratimai\/#primaryimage","url":"https:\/\/talkpal.ai\/wp-content\/uploads\/2023\/05\/republic-of-macedonia.png","contentUrl":"https:\/\/talkpal.ai\/wp-content\/uploads\/2023\/05\/republic-of-macedonia.png","width":512,"height":512},{"@type":"BreadcrumbList","@id":"https:\/\/talkpal.ai\/lt\/makedonu-gramatikos-pratimai\/#breadcrumb","itemListElement":[{"@type":"ListItem","position":1,"name":"Homepage","item":"https:\/\/talkpal.ai\/lt\/"},{"@type":"ListItem","position":2,"name":"Makedon\u0173 gramatikos pratimai"}]},{"@type":"WebSite","@id":"https:\/\/talkpal.ai\/lt\/#website","url":"https:\/\/talkpal.ai\/lt\/","name":"Talkpal","description":"AI Language Learning","publisher":{"@id":"https:\/\/talkpal.ai\/lt\/#organization"},"alternateName":"Talkpal AI","potentialAction":[{"@type":"SearchAction","target":{"@type":"EntryPoint","urlTemplate":"https:\/\/talkpal.ai\/lt\/?s={search_term_string}"},"query-input":{"@type":"PropertyValueSpecification","valueRequired":true,"valueName":"search_term_string"}}],"inLanguage":"lt-LT"},{"@type":"Organization","@id":"https:\/\/talkpal.ai\/lt\/#organization","name":"Talkpal, Inc.","alternateName":"Talkpal AI","url":"https:\/\/talkpal.ai\/lt\/","logo":{"@type":"ImageObject","inLanguage":"lt-LT","@id":"https:\/\/talkpal.ai\/lt\/#\/schema\/logo\/image\/","url":"https:\/\/talkpal.ai\/wp-content\/uploads\/2024\/03\/Talkpal-Logo-Icon.png","contentUrl":"https:\/\/talkpal.ai\/wp-content\/uploads\/2024\/03\/Talkpal-Logo-Icon.png","width":2880,"height":2880,"caption":"Talkpal, Inc."},"image":{"@id":"https:\/\/talkpal.ai\/lt\/#\/schema\/logo\/image\/"},"sameAs":["https:\/\/www.facebook.com\/profile.php?id=100090733639311","https:\/\/x.com\/talkpalai","https:\/\/www.linkedin.com\/company\/talkpal\/","https:\/\/www.youtube.com\/@TalkPal\/","https:\/\/www.tiktok.com\/@talkpal","https:\/\/www.instagram.com\/talkpal_ai\/","https:\/\/www.crunchbase.com\/organization\/talkpal-9cde","https:\/\/www.g2.com\/products\/talkpal-for-business\/","https:\/\/www.trustpilot.com\/review\/talkpal.ai","https:\/\/www.capterra.com\/p\/10006800\/TalkPal\/"],"description":"Talkpal is a language learning web and mobile education app, powered by the latest AI technologies, that provides engaging experiences to its customers in many different languages to help them improve their language skills. Users can chat about unlimited amount of topics with the app and use other modes to practice their language learning.","email":"support@talkpal.ai","legalName":"Talkpal, Inc.","foundingDate":"2023-04-03","duns":"118989042","numberOfEmployees":{"@type":"QuantitativeValue","minValue":"11","maxValue":"50"},"publishingPrinciples":"https:\/\/talkpal.ai\/publishing-principles\/","actionableFeedbackPolicy":"https:\/\/talkpal.ai\/actionable-feedback-policy\/","correctionsPolicy":"https:\/\/talkpal.ai\/corrections-policy\/","ethicsPolicy":"https:\/\/talkpal.ai\/ethics-policy\/","diversityPolicy":"https:\/\/talkpal.ai\/diversity-policy\/","diversityStaffingReport":"https:\/\/talkpal.ai\/diversity-policy\/"}]}},"_links":{"self":[{"href":"https:\/\/talkpal.ai\/lt\/wp-json\/wp\/v2\/pages\/159982","targetHints":{"allow":["GET"]}}],"collection":[{"href":"https:\/\/talkpal.ai\/lt\/wp-json\/wp\/v2\/pages"}],"about":[{"href":"https:\/\/talkpal.ai\/lt\/wp-json\/wp\/v2\/types\/page"}],"author":[{"embeddable":true,"href":"https:\/\/talkpal.ai\/lt\/wp-json\/wp\/v2\/users\/6"}],"replies":[{"embeddable":true,"href":"https:\/\/talkpal.ai\/lt\/wp-json\/wp\/v2\/comments?post=159982"}],"version-history":[{"count":0,"href":"https:\/\/talkpal.ai\/lt\/wp-json\/wp\/v2\/pages\/159982\/revisions"}],"wp:featuredmedia":[{"embeddable":true,"href":"https:\/\/talkpal.ai\/lt\/wp-json\/wp\/v2\/media\/115338"}],"wp:attachment":[{"href":"https:\/\/talkpal.ai\/lt\/wp-json\/wp\/v2\/media?parent=159982"}],"curies":[{"name":"wp","href":"https:\/\/api.w.org\/{rel}","templated":true}]}}