{"id":159724,"date":"2023-06-22T08:29:59","date_gmt":"2023-06-22T08:29:59","guid":{"rendered":"http:\/\/talkpal.ai\/malaju-kalbos-gramatikos-pratimai\/"},"modified":"2025-12-17T15:12:53","modified_gmt":"2025-12-17T15:12:53","slug":"malaju-kalbos-gramatikos-pratimai","status":"publish","type":"page","link":"https:\/\/talkpal.ai\/lt\/malaju-kalbos-gramatikos-pratimai\/","title":{"rendered":"Malaj\u0173 kalbos gramatikos pratimai"},"content":{"rendered":"\r\n\r\n\r\n<section class=\"languageChallengeSection\">\r\n    <div class=\"languageInfoWrapper\">\r\n        \r\n        <h1>Malaj\u0173 kalbos gramatikos pratimai<\/h1>\r\n        <p>Ar esate pasireng\u0119 patogiau naudotis <a href=\"https:\/\/talkpal.ai\/learn-malay\/\">malaj\u0173<\/a> kalba? Gramatikos pratimai &#8211; puikus b\u016bdas \u012fsisavinti sakinio strukt\u016br\u0105, veiksma\u017eod\u017ei\u0173 formas ir unikalias <a href=\"https:\/\/talkpal.ai\/what-language-is-spoken-on-the-international-space-station\/\">kalbos<\/a> ypatybes. Prad\u0117kite tyrin\u0117ti malaj\u0173 kalbos gramatik\u0105 \u0161iandien ir pamatysite, kaip su kiekvienu pratimu auga j\u016bs\u0173 \u012fg\u016bd\u017eiai ir pasitik\u0117jimas savimi!<\/p>\r\n\r\n                            <a class=\"getStartedHidden\" href=\"https:\/\/app.talkpal.ai\/lt\/signup?lng=\">Prad\u0117k<\/a>\r\n        \r\n    <\/div>\r\n\r\n    <figure>\r\n    <img decoding=\"async\" width=\"768\" height=\"768\" src=\"https:\/\/talkpal.ai\/wp-content\/uploads\/2023\/06\/malay-768x768.png\" class=\"languageImage no-lazy\" alt=\"Language learning for personal accomplishments\" fetchpriority=\"high\" sizes=\"(max-width: 768px) 150px, 768px\" srcset=\"https:\/\/talkpal.ai\/wp-content\/uploads\/2023\/06\/malay-768x768.png 768w, https:\/\/talkpal.ai\/wp-content\/uploads\/2023\/06\/malay-300x300.png 300w\" \/>\r\n    \r\n\r\n    <\/figure>\r\n\r\n            <a class=\"getStartedVisible\" href=\"https:\/\/app.talkpal.ai\/lt\/signup?lng=\">Prad\u0117k<\/a>\r\n    \r\n<\/section>\r\n\r\n\r\n<!-- <section class=\"grammarSection\">\r\n    <div class=\"grammarLinks\">\r\n            <\/div>\r\n<\/section> -->\r\n\r\n\r\n\r\n\r\n<section class=\"promotionalBanner\">\r\n    <p class=\"promotionalText\">Efektyviausias b\u016bdas mokytis kalbos<\/p>\r\n    <a class=\"promotionalLink\" href=\"https:\/\/app.talkpal.ai\/lt\/signup?lng=\">I\u0161bandykite Talkpal &#8221; nemokamai<\/a>\r\n<\/section>\n<div class=\"wp-block-group pageContainerStyle\"><div class=\"wp-block-group__inner-container is-layout-constrained wp-block-group-is-layout-constrained\">\n<h2 class=\"wp-block-heading\" id=\"h-malay-grammar-topics\">Malaj\u0173 kalbos gramatikos temos<\/h2>\n\n\n\n<p>Malaj\u0173 <a href=\"https:\/\/talkpal.ai\/lt\/kaip-ismokti-kalba-per-talkpal-chat\/\">kalbos mokymasis<\/a> gali b\u016bti praturtinanti patirtis, atverianti galimybes suprasti turting\u0105 Malaizijos, Indonezijos ir kaimynini\u0173 \u0161ali\u0173 kult\u016bros paveld\u0105. Kalba priklauso austronezie\u010di\u0173 \u0161eimai ir ja kalba milijonai \u017emoni\u0173 visoje Pietry\u010di\u0173 Azijoje. Jos <a href=\"https:\/\/talkpal.ai\/sq\/gramatika\/\">gramatika<\/a> yra gana paprasta, palyginti su daugeliu Europos kalb\u0173, tod\u0117l ji yra patrauklus pasirinkimas besimokantiems kalb\u0173. Prie\u0161 pradedant nagrin\u0117ti \u012fvairius malaj\u0173 kalbos gramatikos aspektus, labai svarbu susipa\u017einti su pagrindiniais kalbos elementais. \u0160iame vadove mes i\u0161nagrin\u0117sime \u0161ias temas tokia seka, kuri pad\u0117s efektyviai i\u0161mokti kalb\u0105.<\/p>\n\n\n\n<h3 class=\"wp-block-heading\" id=\"h-1-nouns\">1. Daiktavard\u017eiai:<\/h3>\n\n\n\n<p>Prad\u0117kite nuo malaj\u0173 kalbos daiktavard\u017ei\u0173, \u017eod\u017ei\u0173, vaizduojan\u010di\u0173 \u017emones, vietas, daiktus ir id\u0117jas, mokymosi. Malaj\u0173 kalboje daiktavard\u017eiai neturi lyties ar daugiskaitos form\u0173, kaip daugelyje kit\u0173 kalb\u0173, tod\u0117l juos lengviau i\u0161mokti. Sutelkite d\u0117mes\u012f \u012f savo \u017eodyno k\u016brim\u0105, \u012fsimindami bendruosius daiktavard\u017eius ir j\u0173 reik\u0161mes.<\/p>\n\n\n\n<h3 class=\"wp-block-heading\" id=\"h-2-pronouns-determiners\">2. \u012evard\u017eiai\/determinantai:<\/h3>\n\n\n\n<p>Toliau i\u0161mokite malaj\u0173 \u012fvard\u017eius ir determinantus, kurie naudojami daiktavard\u017eiams nurodyti. \u012evard\u017eiai pakei\u010dia daiktavard\u017eius sakiniuose, o determinantai pateikia informacij\u0105 apie daiktavard\u012f, pvz., Kiek\u012f ar tur\u0117jim\u0105. Susipa\u017einkite su asmeniniais \u012fvard\u017eiais (pvz., saya &#8211; &#8222;a\u0161&#8221; ir kamu &#8211; &#8222;tu&#8221;) ir turtiniais \u012fvard\u017eiais (pvz., ini &#8211; &#8222;tai&#8221; ir <a href=\"https:\/\/talkpal.ai\/locations\/language-courses-in-itu\/\">itu<\/a> &#8211; &#8222;tai&#8221;).<\/p>\n\n\n\n<h3 class=\"wp-block-heading\" id=\"h-3-articles\">3. Straipsniai:<\/h3>\n\n\n\n<p>Skirtingai nei <a href=\"https:\/\/talkpal.ai\/learn-english-with-ai\/\">angl\u0173<\/a> kalba, malaj\u0173 kalboje n\u0117ra baigtini\u0173 ir neapibr\u0117\u017etini\u0173 nari\u0173 (pvz., &#8222;the&#8221; arba &#8222;a\/an&#8221;). Ta\u010diau vis tiek svarbu suprasti, kaip kalba sakiniuose nurodo konkretum\u0105 ir bendrum\u0105.<\/p>\n\n\n\n<h3 class=\"wp-block-heading\" id=\"h-4-verbs\">4. Veiksma\u017eod\u017eiai:<\/h3>\n\n\n\n<p>Veiksma\u017eod\u017eiai malaj\u0173 kalboje yra labai svarb\u016bs, nes jie i\u0161rei\u0161kia veiksmus, b\u016bsenas ar \u012fvykius. Su\u017einokite pagrindines veiksma\u017eod\u017ei\u0173 formas ir kaip jas konjuguoti pagal \u012ftamp\u0105, asmen\u012f ir skai\u010di\u0173.<\/p>\n\n\n\n<h3 class=\"wp-block-heading\" id=\"h-5-tenses\">5. Laikai:<\/h3>\n\n\n\n<p>Malaj\u0173 kalba turi ma\u017eiau laik\u0173 nei angl\u0173 kalba, daugiausia d\u0117mesio skiriant praeities, dabarties ir ateities veiksmams. Su\u017einokite, kaip i\u0161reik\u0161ti laik\u0105 malaj\u0173 kalba, suprasdami skirtumus tarp paprast\u0173, progresyvi\u0173 ir tobul\u0173 laik\u0173.<\/p>\n\n\n\n<h3 class=\"wp-block-heading\" id=\"h-6-adjectives\">6. B\u016bdvard\u017eiai:<\/h3>\n\n\n\n<p>B\u016bdvard\u017eiai apib\u016bdina arba modifikuoja daiktavard\u017eius, suteikdami papildomos informacijos apie j\u0173 savybes ar savybes. Su\u017einokite \u012fprastus malaj\u0173 kalbos b\u016bdvard\u017eius ir kaip jie kei\u010diasi sakiniuose pagal daiktavard\u012f, kur\u012f jie kei\u010dia.<\/p>\n\n\n\n<h3 class=\"wp-block-heading\" id=\"h-7-adverbs\">7. Prieveiksmiai:<\/h3>\n\n\n\n<p>Prieveiksmiai modifikuoja veiksma\u017eod\u017eius, b\u016bdvard\u017eius ar kitus prieveiksmius, pateikdami informacij\u0105 apie laik\u0105, b\u016bd\u0105, viet\u0105 ar laipsn\u012f. Studijuokite bendruosius malaj\u0173 kalbos prieveiksmius ir j\u0173 i\u0161d\u0117stym\u0105 sakiniuose.<\/p>\n\n\n\n<h3 class=\"wp-block-heading\" id=\"h-8-prepositions\">8. Prielinksniai:<\/h3>\n\n\n\n<p>Prielinksniai naudojami daiktavard\u017eiams, \u012fvard\u017eiams ar fraz\u0117ms sujungti su kitais sakinio \u017eod\u017eiais, rodant tokius ry\u0161ius kaip vieta, kryptis ar laikas. Su\u017einokite \u012fprastus malaj\u0173 prielinksnius ir kaip jie veikia sakiniuose.<\/p>\n\n\n\n<h3 class=\"wp-block-heading\" id=\"h-9-conditionals\">9. S\u0105lygos:<\/h3>\n\n\n\n<p>Lygtiniai sakiniai i\u0161rei\u0161kia hipotetines situacijas ar s\u0105lygas ir galimus j\u0173 rezultatus. Su\u017einokite, kaip formuoti s\u0105lyginius sakinius malaj\u0173 kalba, naudojant atitinkamas veiksma\u017eod\u017ei\u0173 formas ir jungtukus.<\/p>\n\n\n\n<h3 class=\"wp-block-heading\" id=\"h-10-sentences\">10. Sakiniai:<\/h3>\n\n\n\n<p>Galiausiai praktikuokite malaj\u0173 sakini\u0173 konstravim\u0105 derindami daiktavard\u017eius, \u012fvard\u017eius, veiksma\u017eod\u017eius, b\u016bdvard\u017eius, prieveiksmius ir prielinksnius. Suprasti pagrindin\u0119 sakinio strukt\u016br\u0105, pvz., Dalyk\u0105-veiksma\u017eod\u012f-objekt\u0105, ir praktikuoti sud\u0117ting\u0173 sakini\u0173 k\u016brim\u0105 naudojant jungtukus ir santykinius sakinius.<\/p>\n\n\n\n<p>Laikydamiesi \u0161ios sekos ir skirdami laiko kiekvienai temai praktikuoti, sukursite tvirt\u0105 malaj\u0173 kalbos gramatikos pagrind\u0105 ir b\u016bsite gerai pasireng\u0119 tapti \u012fgudusiu kalbos kalb\u0117toju.<\/p>\n<\/div><\/div>\n\r\n<section class=\"learnNavigationSection\">\r\n            \r\n        <a href=\"https:\/\/talkpal.ai\/lt\/mokykis-malaju-kalbos\/\">\r\n            <div class=\"learnNavigationWrapper\">\r\n                <div class=\"learnNavigationContent\">\r\n                    <img decoding=\"async\" src=\"https:\/\/talkpal.ai\/wp-content\/uploads\/2024\/08\/Malay.jpg\" alt=\"Malaysian Flag\">\r\n                    <div>\r\n                        <h4>Apie malaj\u0173 mokym\u0105si<\/h4>\r\n                        <p>Su\u017einokite visk\u0105 apie malaj\u0173 kalbos gramatik\u0105.<\/p>\r\n                    <\/div>\r\n                <\/div>\r\n            <\/div>\r\n        <\/a>\r\n\r\n        \r\n        <a href=\"https:\/\/talkpal.ai\/lt\/malaju-kalbos-gramatika\/\">\r\n            <div class=\"learnNavigationWrapper\">\r\n                <div class=\"learnNavigationContent\">\r\n                    <img decoding=\"async\" src=\"https:\/\/talkpal.ai\/wp-content\/uploads\/2024\/08\/Malay.jpg\" alt=\"Malaysian Flag\">\r\n                    <div>\r\n                        <h4>Malaj\u0173 kalbos gramatikos pamokos<\/h4>\r\n                        <p>Praktikuokite malaj\u0173 kalbos gramatik\u0105.<\/p>\r\n                    <\/div>\r\n                <\/div>\r\n            <\/div>\r\n        <\/a>\r\n\r\n        \r\n        <a href=\"https:\/\/talkpal.ai\/vocabulary_language\/malay\/\">\r\n            <div class=\"learnNavigationWrapper\">\r\n                <div class=\"learnNavigationContent\">\r\n                    <img decoding=\"async\" src=\"https:\/\/talkpal.ai\/wp-content\/uploads\/2024\/08\/Malay.jpg\" alt=\"Malaysian Flag\">\r\n                    <div>\r\n                        <h4>Malaj\u0173 kalbos \u017eodynas<\/h4>\r\n                        <p>Prapl\u0117skite savo malaj\u0173 kalbos \u017eodyn\u0105.<\/p>\r\n                    <\/div>\r\n                <\/div>\r\n            <\/div>\r\n        <\/a>\r\n\r\n            <\/section>","protected":false},"excerpt":{"rendered":"<p>Malaj\u0173 kalbos gramatikos temos Malaj\u0173 kalbos mokymasis gali b\u016bti praturtinanti patirtis, atverianti galimybes suprasti turting\u0105 Malaizijos, Indonezijos ir kaimynini\u0173 \u0161ali\u0173 kult\u016bros paveld\u0105. Kalba priklauso austronezie\u010di\u0173 \u0161eimai ir ja kalba milijonai \u017emoni\u0173 visoje Pietry\u010di\u0173 Azijoje. Jos gramatika yra gana paprasta, palyginti su daugeliu Europos kalb\u0173, tod\u0117l ji yra patrauklus pasirinkimas besimokantiems kalb\u0173. Prie\u0161 pradedant nagrin\u0117ti \u012fvairius [&hellip;]<\/p>\n","protected":false},"author":6,"featured_media":115814,"parent":0,"menu_order":0,"comment_status":"closed","ping_status":"closed","template":"LearningContentPage.php","meta":{"_acf_changed":false,"footnotes":""},"class_list":["post-159724","page","type-page","status-publish","has-post-thumbnail","hentry"],"acf":[],"yoast_head":"<!-- This site is optimized with the Yoast SEO Premium plugin v27.2 (Yoast SEO v27.2) - https:\/\/yoast.com\/product\/yoast-seo-premium-wordpress\/ -->\n<title>Malaj\u0173 kalbos gramatikos pratimai - Talkpal<\/title>\n<meta name=\"description\" content=\"Pagerinkite savo kalbos \u012fg\u016bd\u017eius naudodami malaj\u0173 kalbos gramatikos pratimus. I\u0161mokite pagrind\u0173, kad geriau suprastum\u0117te malaj\u0173 kalb\u0105.\" \/>\n<meta name=\"robots\" content=\"index, follow, max-snippet:-1, max-image-preview:large, max-video-preview:-1\" \/>\n<link rel=\"canonical\" href=\"https:\/\/talkpal.ai\/lt\/malaju-kalbos-gramatikos-pratimai\/\" \/>\n<meta property=\"og:locale\" content=\"lt_LT\" \/>\n<meta property=\"og:type\" content=\"article\" \/>\n<meta property=\"og:title\" content=\"Malaj\u0173 kalbos gramatikos pratimai\" \/>\n<meta property=\"og:description\" content=\"Malaj\u0173 kalbos gramatikos temos Malaj\u0173 kalbos mokymasis gali b\u016bti praturtinanti patirtis, atverianti galimybes suprasti turting\u0105 Malaizijos, Indonezijos ir\" \/>\n<meta property=\"og:url\" content=\"https:\/\/talkpal.ai\/lt\/malaju-kalbos-gramatikos-pratimai\/\" \/>\n<meta property=\"og:site_name\" content=\"Talkpal\" \/>\n<meta property=\"article:publisher\" content=\"https:\/\/www.facebook.com\/profile.php?id=100090733639311\" \/>\n<meta property=\"article:modified_time\" content=\"2025-12-17T15:12:53+00:00\" \/>\n<meta property=\"og:image\" content=\"https:\/\/talkpal.ai\/wp-content\/uploads\/2023\/05\/malaysia.png\" \/>\n\t<meta property=\"og:image:width\" content=\"512\" \/>\n\t<meta property=\"og:image:height\" content=\"512\" \/>\n\t<meta property=\"og:image:type\" content=\"image\/png\" \/>\n<meta name=\"twitter:card\" content=\"summary_large_image\" \/>\n<meta name=\"twitter:site\" content=\"@talkpalai\" \/>\n<meta name=\"twitter:label1\" content=\"Est. reading time\" \/>\n\t<meta name=\"twitter:data1\" content=\"3 minut\u0117s\" \/>\n<script type=\"application\/ld+json\" class=\"yoast-schema-graph\">{\"@context\":\"https:\/\/schema.org\",\"@graph\":[{\"@type\":\"WebPage\",\"@id\":\"https:\/\/talkpal.ai\/lt\/malaju-kalbos-gramatikos-pratimai\/\",\"url\":\"https:\/\/talkpal.ai\/lt\/malaju-kalbos-gramatikos-pratimai\/\",\"name\":\"Malaj\u0173 kalbos gramatikos pratimai - Talkpal\",\"isPartOf\":{\"@id\":\"https:\/\/talkpal.ai\/lt\/#website\"},\"primaryImageOfPage\":{\"@id\":\"https:\/\/talkpal.ai\/lt\/malaju-kalbos-gramatikos-pratimai\/#primaryimage\"},\"image\":{\"@id\":\"https:\/\/talkpal.ai\/lt\/malaju-kalbos-gramatikos-pratimai\/#primaryimage\"},\"thumbnailUrl\":\"https:\/\/talkpal.ai\/wp-content\/uploads\/2023\/05\/malaysia.png\",\"datePublished\":\"2023-06-22T08:29:59+00:00\",\"dateModified\":\"2025-12-17T15:12:53+00:00\",\"description\":\"Pagerinkite savo kalbos \u012fg\u016bd\u017eius naudodami malaj\u0173 kalbos gramatikos pratimus. I\u0161mokite pagrind\u0173, kad geriau suprastum\u0117te malaj\u0173 kalb\u0105.\",\"breadcrumb\":{\"@id\":\"https:\/\/talkpal.ai\/lt\/malaju-kalbos-gramatikos-pratimai\/#breadcrumb\"},\"inLanguage\":\"lt-LT\",\"potentialAction\":[{\"@type\":\"ReadAction\",\"target\":[\"https:\/\/talkpal.ai\/lt\/malaju-kalbos-gramatikos-pratimai\/\"]}]},{\"@type\":\"ImageObject\",\"inLanguage\":\"lt-LT\",\"@id\":\"https:\/\/talkpal.ai\/lt\/malaju-kalbos-gramatikos-pratimai\/#primaryimage\",\"url\":\"https:\/\/talkpal.ai\/wp-content\/uploads\/2023\/05\/malaysia.png\",\"contentUrl\":\"https:\/\/talkpal.ai\/wp-content\/uploads\/2023\/05\/malaysia.png\",\"width\":512,\"height\":512},{\"@type\":\"BreadcrumbList\",\"@id\":\"https:\/\/talkpal.ai\/lt\/malaju-kalbos-gramatikos-pratimai\/#breadcrumb\",\"itemListElement\":[{\"@type\":\"ListItem\",\"position\":1,\"name\":\"Homepage\",\"item\":\"https:\/\/talkpal.ai\/lt\/\"},{\"@type\":\"ListItem\",\"position\":2,\"name\":\"Malaj\u0173 kalbos gramatikos pratimai\"}]},{\"@type\":\"WebSite\",\"@id\":\"https:\/\/talkpal.ai\/lt\/#website\",\"url\":\"https:\/\/talkpal.ai\/lt\/\",\"name\":\"Talkpal\",\"description\":\"AI Language Learning\",\"publisher\":{\"@id\":\"https:\/\/talkpal.ai\/lt\/#organization\"},\"alternateName\":\"Talkpal AI\",\"potentialAction\":[{\"@type\":\"SearchAction\",\"target\":{\"@type\":\"EntryPoint\",\"urlTemplate\":\"https:\/\/talkpal.ai\/lt\/?s={search_term_string}\"},\"query-input\":{\"@type\":\"PropertyValueSpecification\",\"valueRequired\":true,\"valueName\":\"search_term_string\"}}],\"inLanguage\":\"lt-LT\"},{\"@type\":\"Organization\",\"@id\":\"https:\/\/talkpal.ai\/lt\/#organization\",\"name\":\"Talkpal, Inc.\",\"alternateName\":\"Talkpal AI\",\"url\":\"https:\/\/talkpal.ai\/lt\/\",\"logo\":{\"@type\":\"ImageObject\",\"inLanguage\":\"lt-LT\",\"@id\":\"https:\/\/talkpal.ai\/lt\/#\/schema\/logo\/image\/\",\"url\":\"https:\/\/talkpal.ai\/wp-content\/uploads\/2024\/03\/Talkpal-Logo-Icon.png\",\"contentUrl\":\"https:\/\/talkpal.ai\/wp-content\/uploads\/2024\/03\/Talkpal-Logo-Icon.png\",\"width\":2880,\"height\":2880,\"caption\":\"Talkpal, Inc.\"},\"image\":{\"@id\":\"https:\/\/talkpal.ai\/lt\/#\/schema\/logo\/image\/\"},\"sameAs\":[\"https:\/\/www.facebook.com\/profile.php?id=100090733639311\",\"https:\/\/x.com\/talkpalai\",\"https:\/\/www.linkedin.com\/company\/talkpal\/\",\"https:\/\/www.youtube.com\/@TalkPal\/\",\"https:\/\/www.tiktok.com\/@talkpal\",\"https:\/\/www.instagram.com\/talkpal_ai\/\",\"https:\/\/www.crunchbase.com\/organization\/talkpal-9cde\",\"https:\/\/www.g2.com\/products\/talkpal-for-business\/\",\"https:\/\/www.trustpilot.com\/review\/talkpal.ai\",\"https:\/\/www.capterra.com\/p\/10006800\/TalkPal\/\"],\"description\":\"Talkpal is a language learning web and mobile education app, powered by the latest AI technologies, that provides engaging experiences to its customers in many different languages to help them improve their language skills. Users can chat about unlimited amount of topics with the app and use other modes to practice their language learning.\",\"email\":\"support@talkpal.ai\",\"legalName\":\"Talkpal, Inc.\",\"foundingDate\":\"2023-04-03\",\"duns\":\"118989042\",\"numberOfEmployees\":{\"@type\":\"QuantitativeValue\",\"minValue\":\"11\",\"maxValue\":\"50\"},\"publishingPrinciples\":\"https:\/\/talkpal.ai\/publishing-principles\/\",\"actionableFeedbackPolicy\":\"https:\/\/talkpal.ai\/actionable-feedback-policy\/\",\"correctionsPolicy\":\"https:\/\/talkpal.ai\/corrections-policy\/\",\"ethicsPolicy\":\"https:\/\/talkpal.ai\/ethics-policy\/\",\"diversityPolicy\":\"https:\/\/talkpal.ai\/diversity-policy\/\",\"diversityStaffingReport\":\"https:\/\/talkpal.ai\/diversity-policy\/\"}]}<\/script>\n<!-- \/ Yoast SEO Premium plugin. -->","yoast_head_json":{"title":"Malaj\u0173 kalbos gramatikos pratimai - Talkpal","description":"Pagerinkite savo kalbos \u012fg\u016bd\u017eius naudodami malaj\u0173 kalbos gramatikos pratimus. I\u0161mokite pagrind\u0173, kad geriau suprastum\u0117te malaj\u0173 kalb\u0105.","robots":{"index":"index","follow":"follow","max-snippet":"max-snippet:-1","max-image-preview":"max-image-preview:large","max-video-preview":"max-video-preview:-1"},"canonical":"https:\/\/talkpal.ai\/lt\/malaju-kalbos-gramatikos-pratimai\/","og_locale":"lt_LT","og_type":"article","og_title":"Malaj\u0173 kalbos gramatikos pratimai","og_description":"Malaj\u0173 kalbos gramatikos temos Malaj\u0173 kalbos mokymasis gali b\u016bti praturtinanti patirtis, atverianti galimybes suprasti turting\u0105 Malaizijos, Indonezijos ir","og_url":"https:\/\/talkpal.ai\/lt\/malaju-kalbos-gramatikos-pratimai\/","og_site_name":"Talkpal","article_publisher":"https:\/\/www.facebook.com\/profile.php?id=100090733639311","article_modified_time":"2025-12-17T15:12:53+00:00","og_image":[{"width":512,"height":512,"url":"https:\/\/talkpal.ai\/wp-content\/uploads\/2023\/05\/malaysia.png","type":"image\/png"}],"twitter_card":"summary_large_image","twitter_site":"@talkpalai","twitter_misc":{"Est. reading time":"3 minut\u0117s"},"schema":{"@context":"https:\/\/schema.org","@graph":[{"@type":"WebPage","@id":"https:\/\/talkpal.ai\/lt\/malaju-kalbos-gramatikos-pratimai\/","url":"https:\/\/talkpal.ai\/lt\/malaju-kalbos-gramatikos-pratimai\/","name":"Malaj\u0173 kalbos gramatikos pratimai - Talkpal","isPartOf":{"@id":"https:\/\/talkpal.ai\/lt\/#website"},"primaryImageOfPage":{"@id":"https:\/\/talkpal.ai\/lt\/malaju-kalbos-gramatikos-pratimai\/#primaryimage"},"image":{"@id":"https:\/\/talkpal.ai\/lt\/malaju-kalbos-gramatikos-pratimai\/#primaryimage"},"thumbnailUrl":"https:\/\/talkpal.ai\/wp-content\/uploads\/2023\/05\/malaysia.png","datePublished":"2023-06-22T08:29:59+00:00","dateModified":"2025-12-17T15:12:53+00:00","description":"Pagerinkite savo kalbos \u012fg\u016bd\u017eius naudodami malaj\u0173 kalbos gramatikos pratimus. I\u0161mokite pagrind\u0173, kad geriau suprastum\u0117te malaj\u0173 kalb\u0105.","breadcrumb":{"@id":"https:\/\/talkpal.ai\/lt\/malaju-kalbos-gramatikos-pratimai\/#breadcrumb"},"inLanguage":"lt-LT","potentialAction":[{"@type":"ReadAction","target":["https:\/\/talkpal.ai\/lt\/malaju-kalbos-gramatikos-pratimai\/"]}]},{"@type":"ImageObject","inLanguage":"lt-LT","@id":"https:\/\/talkpal.ai\/lt\/malaju-kalbos-gramatikos-pratimai\/#primaryimage","url":"https:\/\/talkpal.ai\/wp-content\/uploads\/2023\/05\/malaysia.png","contentUrl":"https:\/\/talkpal.ai\/wp-content\/uploads\/2023\/05\/malaysia.png","width":512,"height":512},{"@type":"BreadcrumbList","@id":"https:\/\/talkpal.ai\/lt\/malaju-kalbos-gramatikos-pratimai\/#breadcrumb","itemListElement":[{"@type":"ListItem","position":1,"name":"Homepage","item":"https:\/\/talkpal.ai\/lt\/"},{"@type":"ListItem","position":2,"name":"Malaj\u0173 kalbos gramatikos pratimai"}]},{"@type":"WebSite","@id":"https:\/\/talkpal.ai\/lt\/#website","url":"https:\/\/talkpal.ai\/lt\/","name":"Talkpal","description":"AI Language Learning","publisher":{"@id":"https:\/\/talkpal.ai\/lt\/#organization"},"alternateName":"Talkpal AI","potentialAction":[{"@type":"SearchAction","target":{"@type":"EntryPoint","urlTemplate":"https:\/\/talkpal.ai\/lt\/?s={search_term_string}"},"query-input":{"@type":"PropertyValueSpecification","valueRequired":true,"valueName":"search_term_string"}}],"inLanguage":"lt-LT"},{"@type":"Organization","@id":"https:\/\/talkpal.ai\/lt\/#organization","name":"Talkpal, Inc.","alternateName":"Talkpal AI","url":"https:\/\/talkpal.ai\/lt\/","logo":{"@type":"ImageObject","inLanguage":"lt-LT","@id":"https:\/\/talkpal.ai\/lt\/#\/schema\/logo\/image\/","url":"https:\/\/talkpal.ai\/wp-content\/uploads\/2024\/03\/Talkpal-Logo-Icon.png","contentUrl":"https:\/\/talkpal.ai\/wp-content\/uploads\/2024\/03\/Talkpal-Logo-Icon.png","width":2880,"height":2880,"caption":"Talkpal, Inc."},"image":{"@id":"https:\/\/talkpal.ai\/lt\/#\/schema\/logo\/image\/"},"sameAs":["https:\/\/www.facebook.com\/profile.php?id=100090733639311","https:\/\/x.com\/talkpalai","https:\/\/www.linkedin.com\/company\/talkpal\/","https:\/\/www.youtube.com\/@TalkPal\/","https:\/\/www.tiktok.com\/@talkpal","https:\/\/www.instagram.com\/talkpal_ai\/","https:\/\/www.crunchbase.com\/organization\/talkpal-9cde","https:\/\/www.g2.com\/products\/talkpal-for-business\/","https:\/\/www.trustpilot.com\/review\/talkpal.ai","https:\/\/www.capterra.com\/p\/10006800\/TalkPal\/"],"description":"Talkpal is a language learning web and mobile education app, powered by the latest AI technologies, that provides engaging experiences to its customers in many different languages to help them improve their language skills. Users can chat about unlimited amount of topics with the app and use other modes to practice their language learning.","email":"support@talkpal.ai","legalName":"Talkpal, Inc.","foundingDate":"2023-04-03","duns":"118989042","numberOfEmployees":{"@type":"QuantitativeValue","minValue":"11","maxValue":"50"},"publishingPrinciples":"https:\/\/talkpal.ai\/publishing-principles\/","actionableFeedbackPolicy":"https:\/\/talkpal.ai\/actionable-feedback-policy\/","correctionsPolicy":"https:\/\/talkpal.ai\/corrections-policy\/","ethicsPolicy":"https:\/\/talkpal.ai\/ethics-policy\/","diversityPolicy":"https:\/\/talkpal.ai\/diversity-policy\/","diversityStaffingReport":"https:\/\/talkpal.ai\/diversity-policy\/"}]}},"_links":{"self":[{"href":"https:\/\/talkpal.ai\/lt\/wp-json\/wp\/v2\/pages\/159724","targetHints":{"allow":["GET"]}}],"collection":[{"href":"https:\/\/talkpal.ai\/lt\/wp-json\/wp\/v2\/pages"}],"about":[{"href":"https:\/\/talkpal.ai\/lt\/wp-json\/wp\/v2\/types\/page"}],"author":[{"embeddable":true,"href":"https:\/\/talkpal.ai\/lt\/wp-json\/wp\/v2\/users\/6"}],"replies":[{"embeddable":true,"href":"https:\/\/talkpal.ai\/lt\/wp-json\/wp\/v2\/comments?post=159724"}],"version-history":[{"count":0,"href":"https:\/\/talkpal.ai\/lt\/wp-json\/wp\/v2\/pages\/159724\/revisions"}],"wp:featuredmedia":[{"embeddable":true,"href":"https:\/\/talkpal.ai\/lt\/wp-json\/wp\/v2\/media\/115814"}],"wp:attachment":[{"href":"https:\/\/talkpal.ai\/lt\/wp-json\/wp\/v2\/media?parent=159724"}],"curies":[{"name":"wp","href":"https:\/\/api.w.org\/{rel}","templated":true}]}}