{"id":159386,"date":"2023-06-22T08:37:16","date_gmt":"2023-06-22T08:37:16","guid":{"rendered":"http:\/\/talkpal.ai\/maratu-gramatikos-pratimai\/"},"modified":"2025-12-17T15:24:51","modified_gmt":"2025-12-17T15:24:51","slug":"maratu-gramatikos-pratimai","status":"publish","type":"page","link":"https:\/\/talkpal.ai\/lt\/maratu-gramatikos-pratimai\/","title":{"rendered":"Marat\u0173 gramatikos pratimai"},"content":{"rendered":"\r\n\r\n\r\n<section class=\"languageChallengeSection\">\r\n    <div class=\"languageInfoWrapper\">\r\n        \r\n        <h1>Marat\u0173 gramatikos pratimai<\/h1>\r\n        <p>Ar esate pasireng\u0119 sustiprinti savo marat\u0173 <a href=\"https:\/\/talkpal.ai\/what-language-is-spoken-on-the-international-space-station\/\">kalbos<\/a> \u012fg\u016bd\u017eius? Gramatikos pratimai &#8211; puikus b\u016bdas \u012fsisavinti sakinio strukt\u016br\u0105, veiksma\u017eod\u017ei\u0173 formas ir pagrindinius kalbos gramatikos modelius. Prad\u0117kite tyrin\u0117ti marat\u0173 gramatik\u0105 \u0161iandien ir steb\u0117kite, kaip su kiekvienu pratimu auga j\u016bs\u0173 pasitik\u0117jimas savimi ir sklandus kalb\u0117jimas!<\/p>\r\n\r\n                            <a class=\"getStartedHidden\" href=\"https:\/\/app.talkpal.ai\/lt\/signup?lng=\">Prad\u0117k<\/a>\r\n        \r\n    <\/div>\r\n\r\n    <figure>\r\n    <img decoding=\"async\" width=\"768\" height=\"768\" src=\"https:\/\/talkpal.ai\/wp-content\/uploads\/2023\/06\/marathi-768x768.png\" class=\"languageImage no-lazy\" alt=\"Fun ways to make language learning interesting\" fetchpriority=\"high\" sizes=\"(max-width: 768px) 150px, 768px\" srcset=\"https:\/\/talkpal.ai\/wp-content\/uploads\/2023\/06\/marathi-768x768.png 768w, https:\/\/talkpal.ai\/wp-content\/uploads\/2023\/06\/marathi-300x300.png 300w\" \/>\r\n    \r\n\r\n    <\/figure>\r\n\r\n            <a class=\"getStartedVisible\" href=\"https:\/\/app.talkpal.ai\/lt\/signup?lng=\">Prad\u0117k<\/a>\r\n    \r\n<\/section>\r\n\r\n\r\n<!-- <section class=\"grammarSection\">\r\n    <div class=\"grammarLinks\">\r\n            <\/div>\r\n<\/section> -->\r\n\r\n\r\n\r\n\r\n<section class=\"promotionalBanner\">\r\n    <p class=\"promotionalText\">Efektyviausias b\u016bdas mokytis kalbos<\/p>\r\n    <a class=\"promotionalLink\" href=\"https:\/\/app.talkpal.ai\/lt\/signup?lng=\">I\u0161bandykite Talkpal &#8221; nemokamai<\/a>\r\n<\/section>\n<div class=\"wp-block-group pageContainerStyle\"><div class=\"wp-block-group__inner-container is-layout-constrained wp-block-group-is-layout-constrained\">\n<h2 class=\"wp-block-heading\" id=\"h-marathi-grammar-topics\">Marati Gramatikos temos<\/h2>\n\n\n\n<p>Marat\u0173 kalba, indoarij\u0173 kalba, daugiausia kalbama Indijos Mahara\u0161tros valstijoje ir yra oficiali regiono kalba. <a href=\"https:\/\/talkpal.ai\/learn-marathi\/\">Marathi<\/a> <a href=\"https:\/\/talkpal.ai\/lt\/mokymasis\/\">mokymasis<\/a> gali b\u016bti praturtinanti patirtis, nes <a href=\"https:\/\/talkpal.ai\/learn-thai\/\">tai<\/a> atveria duris \u012f turting\u0105 kult\u016br\u0105, istorij\u0105 ir literat\u016br\u0105. Norint efektyviai i\u0161mokti marat\u0173 kalb\u0105, svarbu tur\u0117ti strukt\u016brizuot\u0105 po\u017ei\u016br\u012f, kuriame pagrindinis d\u0117mesys b\u016bt\u0173 skiriamas \u012fvairiems kalbos aspektams, pvz., Gramatikai, \u017eodynui ir tarimui. \u0160is straipsnis pad\u0117s jums i\u0161mokti Marathi gramatikos tem\u0173, pradedant nuo laik\u0173, veiksma\u017eod\u017ei\u0173, daiktavard\u017ei\u0173 ir pereinant prie pa\u017eangesni\u0173 s\u0105vok\u0173, toki\u0173 kaip s\u0105lygos ir prielinksniai.<\/p>\n\n\n\n<h3 class=\"wp-block-heading\" id=\"h-1-tenses\">1. Laikai:<\/h3>\n\n\n\n<p>Laikai yra bet kurios kalbos pagrindas, nes jie padeda i\u0161reik\u0161ti veiksmus ar b\u016bsenas, susijusias su laiku. Maratyje yra trys pagrindiniai laikai \u2013 praeitis, dabartis ir ateitis. Kiekviena \u012ftampa turi skirtingas formas, atsi\u017evelgiant \u012f veiksmo tip\u0105 (paprastas, nepertraukiamas, tobulas arba tobulas nepertraukiamas). Prad\u0117kite mokydamiesi paprast\u0173 laik\u0173 ir pereikite prie sud\u0117tingesni\u0173.<\/p>\n\n\n\n<h3 class=\"wp-block-heading\" id=\"h-2-tense-comparison\">2. \u012etemptas palyginimas:<\/h3>\n\n\n\n<p>Supratus pagrindinius laikus, labai svarbu i\u0161mokti juos palyginti. \u012etemptas palyginimas leid\u017eia kalb\u0117ti apie kelis veiksmus ar \u012fvykius, vykstan\u010dius vienu metu arba skirtingais laiko tarpais. <a href=\"https:\/\/talkpal.ai\/learn-thai\/\">Tai<\/a> padeda formuoti sud\u0117tingus sakinius ir i\u0161reik\u0161ti platesn\u012f id\u0117j\u0173 spektr\u0105.<\/p>\n\n\n\n<h3 class=\"wp-block-heading\" id=\"h-3-verbs\">3. Veiksma\u017eod\u017eiai:<\/h3>\n\n\n\n<p>Veiksma\u017eod\u017eiai yra veiksmo \u017eod\u017eiai, rei\u0161kiantys veiksm\u0105 ar b\u016bsen\u0105 sakinyje. Marat\u0173 kalboje veiksma\u017eod\u017eiai yra pasirenkami, kad parodyt\u0173 \u012ftamp\u0105, aspekt\u0105, nuotaik\u0105 ir bals\u0105. Su\u017einokite pagrindines veiksma\u017eod\u017ei\u0173 konjugacijos taisykles ir \u012fvairias veiksma\u017eod\u017ei\u0173 formas, kad pagerintum\u0117te sakinio k\u016brimo \u012fg\u016bd\u017eius.<\/p>\n\n\n\n<h3 class=\"wp-block-heading\" id=\"h-4-nouns\">4. Daiktavard\u017eiai:<\/h3>\n\n\n\n<p>Daiktavard\u017eiai yra \u017eod\u017eiai, rei\u0161kiantys \u017emones, vietas, daiktus ar id\u0117jas. Marat\u0173 daiktavard\u017eiai turi lyt\u012f (vyri\u0161kas, moteri\u0161kas ar neuterinis) ir yra pasirenkami skai\u010diui (vienaskaita arba daugiskaita) ir atvejui (tiesioginis, \u012fstri\u017eas ar savininki\u0161kas). Susipa\u017einkite su skirtingomis daiktavard\u017ei\u0173 formomis ir j\u0173 vartojimu sakiniuose.<\/p>\n\n\n\n<h3 class=\"wp-block-heading\" id=\"h-5-articles\">5. Straipsniai:<\/h3>\n\n\n\n<p>Marath\u0173 kalboje n\u0117ra toki\u0173 artikeli\u0173 kaip &#8222;a&#8221;, &#8222;an&#8221; ar &#8222;the&#8221;. Ta\u010diau yra demonstracini\u0173 \u012fvard\u017ei\u0173 ir determinant\u0173, kurie tarnauja pana\u0161iam tikslui. Su\u017einokite, kaip naudoti \u0161iuos \u012fvard\u017eius ir determinantus, kad nurodytum\u0117te ar identifikuotum\u0117te daiktavard\u017eius sakinyje.<\/p>\n\n\n\n<h3 class=\"wp-block-heading\" id=\"h-6-pronouns-determiners\">6. \u012evard\u017eiai\/determinantai:<\/h3>\n\n\n\n<p>\u012evard\u017eiai pakei\u010dia daiktavard\u017eius, kad b\u016bt\u0173 i\u0161vengta pasikartojimo, o determinantai nurodo arba riboja daiktavard\u017ei\u0173 reik\u0161m\u0119. Marat\u0173 kalboje \u012fvard\u017eiai ir determinantai pagal lyt\u012f ir skai\u010di\u0173 sutaria su daiktavard\u017eiu, kur\u012f jie pakei\u010dia ar modifikuoja. Su\u017einokite apie \u012fvairias formas ir tinkam\u0105 j\u0173 naudojim\u0105, kad pagerintum\u0117te sakinio konstrukcij\u0105.<\/p>\n\n\n\n<h3 class=\"wp-block-heading\" id=\"h-7-adjectives\">7. B\u016bdvard\u017eiai:<\/h3>\n\n\n\n<p>B\u016bdvard\u017eiai apib\u016bdina arba modifikuoja daiktavard\u017eius, suteikdami papildomos informacijos apie j\u0173 savybes ar po\u017eymius. Maratyje b\u016bdvard\u017eiai sutampa lytimi ir skai\u010diumi su daiktavard\u017eiu, kur\u012f jie modifikuoja. Su\u017einokite apie \u012fvairias b\u016bdvard\u017ei\u0173 formas ir teising\u0105 j\u0173 vartojim\u0105 sakiniuose.<\/p>\n\n\n\n<h3 class=\"wp-block-heading\" id=\"h-8-adverbs\">8. Prieveiksmiai:<\/h3>\n\n\n\n<p>Prieveiksmiai suteikia papildomos informacijos apie veiksma\u017eod\u017eius, b\u016bdvard\u017eius ar kitus prieveiksmius, apib\u016bdindami, kaip, kada, kur ir kokiu mastu kas nors atsitinka. Su\u017einokite apie skirtingus prieveiksmi\u0173 tipus ir j\u0173 i\u0161d\u0117stym\u0105 sakiniuose, kad pagerintum\u0117te savo kalbos \u012fg\u016bd\u017eius.<\/p>\n\n\n\n<h3 class=\"wp-block-heading\" id=\"h-9-conditionals\">9. S\u0105lygos:<\/h3>\n\n\n\n<p>S\u0105lygos i\u0161rei\u0161kia hipotetines situacijas ar s\u0105lygas ir galimas j\u0173 pasekmes. Maratyje yra trij\u0173 tip\u0173 s\u0105lygos \u2013 tikros, nerealios ir mi\u0161rios. Su\u017einokite apie kiekvieno tipo strukt\u016br\u0105 ir naudojim\u0105 sud\u0117tingoms id\u0117joms ir situacijoms i\u0161reik\u0161ti.<\/p>\n\n\n\n<h3 class=\"wp-block-heading\" id=\"h-10-prepositions\">10. Prielinksniai:<\/h3>\n\n\n\n<p>Prielinksniai yra \u017eod\u017eiai, rodantys ry\u0161\u012f tarp daiktavard\u017ei\u0173 (arba \u012fvard\u017ei\u0173) ir kit\u0173 \u017eod\u017ei\u0173 sakinyje. Jie nurodo viet\u0105, krypt\u012f, laik\u0105 ar kitus santykius. Su\u017einokite apie \u012fprastus prielinksnius marat\u0173 kalba ir j\u0173 vartojim\u0105 sakiniuose.<\/p>\n\n\n\n<h3 class=\"wp-block-heading\" id=\"h-11-sentences\">11. Sakiniai:<\/h3>\n\n\n\n<p>Galiausiai praktikuokite paprast\u0173 ir sud\u0117ting\u0173 sakini\u0173 formavim\u0105, naudodami i\u0161moktas gramatikos taisykles ir \u017eodyn\u0105. D\u0117mesys sakinio strukt\u016brai.<\/p>\n<\/div><\/div>\n\r\n<section class=\"learnNavigationSection\">\r\n            \r\n        <a href=\"https:\/\/talkpal.ai\/lt\/suzinokite-marathi\/\">\r\n            <div class=\"learnNavigationWrapper\">\r\n                <div class=\"learnNavigationContent\">\r\n                    <img decoding=\"async\" src=\"https:\/\/talkpal.ai\/wp-content\/uploads\/2023\/05\/Marathi-india.png\" alt=\"TalkPal Marathi Flag\">\r\n                    <div>\r\n                        <h4>Apie marat\u0173 kalbos mokym\u0105si<\/h4>\r\n                        <p>Su\u017einokite visk\u0105 apie marat\u0173 gramatik\u0105.<\/p>\r\n                    <\/div>\r\n                <\/div>\r\n            <\/div>\r\n        <\/a>\r\n\r\n        \r\n        <a href=\"https:\/\/talkpal.ai\/lt\/maratu-gramatika\/\">\r\n            <div class=\"learnNavigationWrapper\">\r\n                <div class=\"learnNavigationContent\">\r\n                    <img decoding=\"async\" src=\"https:\/\/talkpal.ai\/wp-content\/uploads\/2023\/05\/Marathi-india.png\" alt=\"TalkPal Marathi Flag\">\r\n                    <div>\r\n                        <h4>Marathi gramatikos pamokos<\/h4>\r\n                        <p>Praktikuokite marat\u0173 gramatik\u0105.<\/p>\r\n                    <\/div>\r\n                <\/div>\r\n            <\/div>\r\n        <\/a>\r\n\r\n        \r\n        <a href=\"https:\/\/talkpal.ai\/vocabulary_language\/marathi\/\">\r\n            <div class=\"learnNavigationWrapper\">\r\n                <div class=\"learnNavigationContent\">\r\n                    <img decoding=\"async\" src=\"https:\/\/talkpal.ai\/wp-content\/uploads\/2023\/05\/Marathi-india.png\" alt=\"TalkPal Marathi Flag\">\r\n                    <div>\r\n                        <h4>Marat\u0173 kalbos \u017eodynas<\/h4>\r\n                        <p>Prapl\u0117skite savo marat\u0173 kalbos \u017eodyn\u0105.<\/p>\r\n                    <\/div>\r\n                <\/div>\r\n            <\/div>\r\n        <\/a>\r\n\r\n            <\/section>","protected":false},"excerpt":{"rendered":"<p>Marati Gramatikos temos Marat\u0173 kalba, indoarij\u0173 kalba, daugiausia kalbama Indijos Mahara\u0161tros valstijoje ir yra oficiali regiono kalba. Marathi mokymasis gali b\u016bti praturtinanti patirtis, nes tai atveria duris \u012f turting\u0105 kult\u016br\u0105, istorij\u0105 ir literat\u016br\u0105. Norint efektyviai i\u0161mokti marat\u0173 kalb\u0105, svarbu tur\u0117ti strukt\u016brizuot\u0105 po\u017ei\u016br\u012f, kuriame pagrindinis d\u0117mesys b\u016bt\u0173 skiriamas \u012fvairiems kalbos aspektams, pvz., Gramatikai, \u017eodynui ir tarimui. [&hellip;]<\/p>\n","protected":false},"author":6,"featured_media":116372,"parent":0,"menu_order":0,"comment_status":"closed","ping_status":"closed","template":"LearningContentPage.php","meta":{"_acf_changed":false,"footnotes":""},"class_list":["post-159386","page","type-page","status-publish","has-post-thumbnail","hentry"],"acf":[],"yoast_head":"<!-- This site is optimized with the Yoast SEO Premium plugin v27.2 (Yoast SEO v27.2) - https:\/\/yoast.com\/product\/yoast-seo-premium-wordpress\/ -->\n<title>Marat\u0173 gramatikos pratimai - Talkpal<\/title>\n<meta name=\"description\" content=\"Patobulinkite savo marat\u0173 kalbos \u012fg\u016bd\u017eius naudodami \u012fdomius marat\u0173 kalbos gramatikos pratimus, skirtus vis\u0173 lygi\u0173 besimokantiesiems.\" \/>\n<meta name=\"robots\" content=\"index, follow, max-snippet:-1, max-image-preview:large, max-video-preview:-1\" \/>\n<link rel=\"canonical\" href=\"https:\/\/talkpal.ai\/lt\/maratu-gramatikos-pratimai\/\" \/>\n<meta property=\"og:locale\" content=\"lt_LT\" \/>\n<meta property=\"og:type\" content=\"article\" \/>\n<meta property=\"og:title\" content=\"Marat\u0173 gramatikos pratimai\" \/>\n<meta property=\"og:description\" content=\"Marati Gramatikos temos Marat\u0173 kalba, indoarij\u0173 kalba, daugiausia kalbama Indijos Mahara\u0161tros valstijoje ir yra oficiali regiono kalba. Marathi mokymasis\" \/>\n<meta property=\"og:url\" content=\"https:\/\/talkpal.ai\/lt\/maratu-gramatikos-pratimai\/\" \/>\n<meta property=\"og:site_name\" content=\"Talkpal\" \/>\n<meta property=\"article:publisher\" content=\"https:\/\/www.facebook.com\/profile.php?id=100090733639311\" \/>\n<meta property=\"article:modified_time\" content=\"2025-12-17T15:24:51+00:00\" \/>\n<meta property=\"og:image\" content=\"https:\/\/talkpal.ai\/wp-content\/uploads\/2023\/05\/Marathi-india.png\" \/>\n\t<meta property=\"og:image:width\" content=\"512\" \/>\n\t<meta property=\"og:image:height\" content=\"512\" \/>\n\t<meta property=\"og:image:type\" content=\"image\/png\" \/>\n<meta name=\"twitter:card\" content=\"summary_large_image\" \/>\n<meta name=\"twitter:site\" content=\"@talkpalai\" \/>\n<meta name=\"twitter:label1\" content=\"Est. reading time\" \/>\n\t<meta name=\"twitter:data1\" content=\"3 minut\u0117s\" \/>\n<script type=\"application\/ld+json\" class=\"yoast-schema-graph\">{\"@context\":\"https:\/\/schema.org\",\"@graph\":[{\"@type\":\"WebPage\",\"@id\":\"https:\/\/talkpal.ai\/lt\/maratu-gramatikos-pratimai\/\",\"url\":\"https:\/\/talkpal.ai\/lt\/maratu-gramatikos-pratimai\/\",\"name\":\"Marat\u0173 gramatikos pratimai - Talkpal\",\"isPartOf\":{\"@id\":\"https:\/\/talkpal.ai\/lt\/#website\"},\"primaryImageOfPage\":{\"@id\":\"https:\/\/talkpal.ai\/lt\/maratu-gramatikos-pratimai\/#primaryimage\"},\"image\":{\"@id\":\"https:\/\/talkpal.ai\/lt\/maratu-gramatikos-pratimai\/#primaryimage\"},\"thumbnailUrl\":\"https:\/\/talkpal.ai\/wp-content\/uploads\/2023\/05\/Marathi-india.png\",\"datePublished\":\"2023-06-22T08:37:16+00:00\",\"dateModified\":\"2025-12-17T15:24:51+00:00\",\"description\":\"Patobulinkite savo marat\u0173 kalbos \u012fg\u016bd\u017eius naudodami \u012fdomius marat\u0173 kalbos gramatikos pratimus, skirtus vis\u0173 lygi\u0173 besimokantiesiems.\",\"breadcrumb\":{\"@id\":\"https:\/\/talkpal.ai\/lt\/maratu-gramatikos-pratimai\/#breadcrumb\"},\"inLanguage\":\"lt-LT\",\"potentialAction\":[{\"@type\":\"ReadAction\",\"target\":[\"https:\/\/talkpal.ai\/lt\/maratu-gramatikos-pratimai\/\"]}]},{\"@type\":\"ImageObject\",\"inLanguage\":\"lt-LT\",\"@id\":\"https:\/\/talkpal.ai\/lt\/maratu-gramatikos-pratimai\/#primaryimage\",\"url\":\"https:\/\/talkpal.ai\/wp-content\/uploads\/2023\/05\/Marathi-india.png\",\"contentUrl\":\"https:\/\/talkpal.ai\/wp-content\/uploads\/2023\/05\/Marathi-india.png\",\"width\":512,\"height\":512},{\"@type\":\"BreadcrumbList\",\"@id\":\"https:\/\/talkpal.ai\/lt\/maratu-gramatikos-pratimai\/#breadcrumb\",\"itemListElement\":[{\"@type\":\"ListItem\",\"position\":1,\"name\":\"Homepage\",\"item\":\"https:\/\/talkpal.ai\/lt\/\"},{\"@type\":\"ListItem\",\"position\":2,\"name\":\"Marat\u0173 gramatikos pratimai\"}]},{\"@type\":\"WebSite\",\"@id\":\"https:\/\/talkpal.ai\/lt\/#website\",\"url\":\"https:\/\/talkpal.ai\/lt\/\",\"name\":\"Talkpal\",\"description\":\"AI Language Learning\",\"publisher\":{\"@id\":\"https:\/\/talkpal.ai\/lt\/#organization\"},\"alternateName\":\"Talkpal AI\",\"potentialAction\":[{\"@type\":\"SearchAction\",\"target\":{\"@type\":\"EntryPoint\",\"urlTemplate\":\"https:\/\/talkpal.ai\/lt\/?s={search_term_string}\"},\"query-input\":{\"@type\":\"PropertyValueSpecification\",\"valueRequired\":true,\"valueName\":\"search_term_string\"}}],\"inLanguage\":\"lt-LT\"},{\"@type\":\"Organization\",\"@id\":\"https:\/\/talkpal.ai\/lt\/#organization\",\"name\":\"Talkpal, Inc.\",\"alternateName\":\"Talkpal AI\",\"url\":\"https:\/\/talkpal.ai\/lt\/\",\"logo\":{\"@type\":\"ImageObject\",\"inLanguage\":\"lt-LT\",\"@id\":\"https:\/\/talkpal.ai\/lt\/#\/schema\/logo\/image\/\",\"url\":\"https:\/\/talkpal.ai\/wp-content\/uploads\/2024\/03\/Talkpal-Logo-Icon.png\",\"contentUrl\":\"https:\/\/talkpal.ai\/wp-content\/uploads\/2024\/03\/Talkpal-Logo-Icon.png\",\"width\":2880,\"height\":2880,\"caption\":\"Talkpal, Inc.\"},\"image\":{\"@id\":\"https:\/\/talkpal.ai\/lt\/#\/schema\/logo\/image\/\"},\"sameAs\":[\"https:\/\/www.facebook.com\/profile.php?id=100090733639311\",\"https:\/\/x.com\/talkpalai\",\"https:\/\/www.linkedin.com\/company\/talkpal\/\",\"https:\/\/www.youtube.com\/@TalkPal\/\",\"https:\/\/www.tiktok.com\/@talkpal\",\"https:\/\/www.instagram.com\/talkpal_ai\/\",\"https:\/\/www.crunchbase.com\/organization\/talkpal-9cde\",\"https:\/\/www.g2.com\/products\/talkpal-for-business\/\",\"https:\/\/www.trustpilot.com\/review\/talkpal.ai\",\"https:\/\/www.capterra.com\/p\/10006800\/TalkPal\/\"],\"description\":\"Talkpal is a language learning web and mobile education app, powered by the latest AI technologies, that provides engaging experiences to its customers in many different languages to help them improve their language skills. Users can chat about unlimited amount of topics with the app and use other modes to practice their language learning.\",\"email\":\"support@talkpal.ai\",\"legalName\":\"Talkpal, Inc.\",\"foundingDate\":\"2023-04-03\",\"duns\":\"118989042\",\"numberOfEmployees\":{\"@type\":\"QuantitativeValue\",\"minValue\":\"11\",\"maxValue\":\"50\"},\"publishingPrinciples\":\"https:\/\/talkpal.ai\/publishing-principles\/\",\"actionableFeedbackPolicy\":\"https:\/\/talkpal.ai\/actionable-feedback-policy\/\",\"correctionsPolicy\":\"https:\/\/talkpal.ai\/corrections-policy\/\",\"ethicsPolicy\":\"https:\/\/talkpal.ai\/ethics-policy\/\",\"diversityPolicy\":\"https:\/\/talkpal.ai\/diversity-policy\/\",\"diversityStaffingReport\":\"https:\/\/talkpal.ai\/diversity-policy\/\"}]}<\/script>\n<!-- \/ Yoast SEO Premium plugin. -->","yoast_head_json":{"title":"Marat\u0173 gramatikos pratimai - Talkpal","description":"Patobulinkite savo marat\u0173 kalbos \u012fg\u016bd\u017eius naudodami \u012fdomius marat\u0173 kalbos gramatikos pratimus, skirtus vis\u0173 lygi\u0173 besimokantiesiems.","robots":{"index":"index","follow":"follow","max-snippet":"max-snippet:-1","max-image-preview":"max-image-preview:large","max-video-preview":"max-video-preview:-1"},"canonical":"https:\/\/talkpal.ai\/lt\/maratu-gramatikos-pratimai\/","og_locale":"lt_LT","og_type":"article","og_title":"Marat\u0173 gramatikos pratimai","og_description":"Marati Gramatikos temos Marat\u0173 kalba, indoarij\u0173 kalba, daugiausia kalbama Indijos Mahara\u0161tros valstijoje ir yra oficiali regiono kalba. Marathi mokymasis","og_url":"https:\/\/talkpal.ai\/lt\/maratu-gramatikos-pratimai\/","og_site_name":"Talkpal","article_publisher":"https:\/\/www.facebook.com\/profile.php?id=100090733639311","article_modified_time":"2025-12-17T15:24:51+00:00","og_image":[{"width":512,"height":512,"url":"https:\/\/talkpal.ai\/wp-content\/uploads\/2023\/05\/Marathi-india.png","type":"image\/png"}],"twitter_card":"summary_large_image","twitter_site":"@talkpalai","twitter_misc":{"Est. reading time":"3 minut\u0117s"},"schema":{"@context":"https:\/\/schema.org","@graph":[{"@type":"WebPage","@id":"https:\/\/talkpal.ai\/lt\/maratu-gramatikos-pratimai\/","url":"https:\/\/talkpal.ai\/lt\/maratu-gramatikos-pratimai\/","name":"Marat\u0173 gramatikos pratimai - Talkpal","isPartOf":{"@id":"https:\/\/talkpal.ai\/lt\/#website"},"primaryImageOfPage":{"@id":"https:\/\/talkpal.ai\/lt\/maratu-gramatikos-pratimai\/#primaryimage"},"image":{"@id":"https:\/\/talkpal.ai\/lt\/maratu-gramatikos-pratimai\/#primaryimage"},"thumbnailUrl":"https:\/\/talkpal.ai\/wp-content\/uploads\/2023\/05\/Marathi-india.png","datePublished":"2023-06-22T08:37:16+00:00","dateModified":"2025-12-17T15:24:51+00:00","description":"Patobulinkite savo marat\u0173 kalbos \u012fg\u016bd\u017eius naudodami \u012fdomius marat\u0173 kalbos gramatikos pratimus, skirtus vis\u0173 lygi\u0173 besimokantiesiems.","breadcrumb":{"@id":"https:\/\/talkpal.ai\/lt\/maratu-gramatikos-pratimai\/#breadcrumb"},"inLanguage":"lt-LT","potentialAction":[{"@type":"ReadAction","target":["https:\/\/talkpal.ai\/lt\/maratu-gramatikos-pratimai\/"]}]},{"@type":"ImageObject","inLanguage":"lt-LT","@id":"https:\/\/talkpal.ai\/lt\/maratu-gramatikos-pratimai\/#primaryimage","url":"https:\/\/talkpal.ai\/wp-content\/uploads\/2023\/05\/Marathi-india.png","contentUrl":"https:\/\/talkpal.ai\/wp-content\/uploads\/2023\/05\/Marathi-india.png","width":512,"height":512},{"@type":"BreadcrumbList","@id":"https:\/\/talkpal.ai\/lt\/maratu-gramatikos-pratimai\/#breadcrumb","itemListElement":[{"@type":"ListItem","position":1,"name":"Homepage","item":"https:\/\/talkpal.ai\/lt\/"},{"@type":"ListItem","position":2,"name":"Marat\u0173 gramatikos pratimai"}]},{"@type":"WebSite","@id":"https:\/\/talkpal.ai\/lt\/#website","url":"https:\/\/talkpal.ai\/lt\/","name":"Talkpal","description":"AI Language Learning","publisher":{"@id":"https:\/\/talkpal.ai\/lt\/#organization"},"alternateName":"Talkpal AI","potentialAction":[{"@type":"SearchAction","target":{"@type":"EntryPoint","urlTemplate":"https:\/\/talkpal.ai\/lt\/?s={search_term_string}"},"query-input":{"@type":"PropertyValueSpecification","valueRequired":true,"valueName":"search_term_string"}}],"inLanguage":"lt-LT"},{"@type":"Organization","@id":"https:\/\/talkpal.ai\/lt\/#organization","name":"Talkpal, Inc.","alternateName":"Talkpal AI","url":"https:\/\/talkpal.ai\/lt\/","logo":{"@type":"ImageObject","inLanguage":"lt-LT","@id":"https:\/\/talkpal.ai\/lt\/#\/schema\/logo\/image\/","url":"https:\/\/talkpal.ai\/wp-content\/uploads\/2024\/03\/Talkpal-Logo-Icon.png","contentUrl":"https:\/\/talkpal.ai\/wp-content\/uploads\/2024\/03\/Talkpal-Logo-Icon.png","width":2880,"height":2880,"caption":"Talkpal, Inc."},"image":{"@id":"https:\/\/talkpal.ai\/lt\/#\/schema\/logo\/image\/"},"sameAs":["https:\/\/www.facebook.com\/profile.php?id=100090733639311","https:\/\/x.com\/talkpalai","https:\/\/www.linkedin.com\/company\/talkpal\/","https:\/\/www.youtube.com\/@TalkPal\/","https:\/\/www.tiktok.com\/@talkpal","https:\/\/www.instagram.com\/talkpal_ai\/","https:\/\/www.crunchbase.com\/organization\/talkpal-9cde","https:\/\/www.g2.com\/products\/talkpal-for-business\/","https:\/\/www.trustpilot.com\/review\/talkpal.ai","https:\/\/www.capterra.com\/p\/10006800\/TalkPal\/"],"description":"Talkpal is a language learning web and mobile education app, powered by the latest AI technologies, that provides engaging experiences to its customers in many different languages to help them improve their language skills. Users can chat about unlimited amount of topics with the app and use other modes to practice their language learning.","email":"support@talkpal.ai","legalName":"Talkpal, Inc.","foundingDate":"2023-04-03","duns":"118989042","numberOfEmployees":{"@type":"QuantitativeValue","minValue":"11","maxValue":"50"},"publishingPrinciples":"https:\/\/talkpal.ai\/publishing-principles\/","actionableFeedbackPolicy":"https:\/\/talkpal.ai\/actionable-feedback-policy\/","correctionsPolicy":"https:\/\/talkpal.ai\/corrections-policy\/","ethicsPolicy":"https:\/\/talkpal.ai\/ethics-policy\/","diversityPolicy":"https:\/\/talkpal.ai\/diversity-policy\/","diversityStaffingReport":"https:\/\/talkpal.ai\/diversity-policy\/"}]}},"_links":{"self":[{"href":"https:\/\/talkpal.ai\/lt\/wp-json\/wp\/v2\/pages\/159386","targetHints":{"allow":["GET"]}}],"collection":[{"href":"https:\/\/talkpal.ai\/lt\/wp-json\/wp\/v2\/pages"}],"about":[{"href":"https:\/\/talkpal.ai\/lt\/wp-json\/wp\/v2\/types\/page"}],"author":[{"embeddable":true,"href":"https:\/\/talkpal.ai\/lt\/wp-json\/wp\/v2\/users\/6"}],"replies":[{"embeddable":true,"href":"https:\/\/talkpal.ai\/lt\/wp-json\/wp\/v2\/comments?post=159386"}],"version-history":[{"count":0,"href":"https:\/\/talkpal.ai\/lt\/wp-json\/wp\/v2\/pages\/159386\/revisions"}],"wp:featuredmedia":[{"embeddable":true,"href":"https:\/\/talkpal.ai\/lt\/wp-json\/wp\/v2\/media\/116372"}],"wp:attachment":[{"href":"https:\/\/talkpal.ai\/lt\/wp-json\/wp\/v2\/media?parent=159386"}],"curies":[{"name":"wp","href":"https:\/\/api.w.org\/{rel}","templated":true}]}}