{"id":159118,"date":"2023-06-22T08:43:13","date_gmt":"2023-06-22T08:43:13","guid":{"rendered":"http:\/\/talkpal.ai\/maoriu-kalbos-gramatikos-pratimai\/"},"modified":"2025-12-17T14:40:06","modified_gmt":"2025-12-17T14:40:06","slug":"maoriu-kalbos-gramatikos-pratimai","status":"publish","type":"page","link":"https:\/\/talkpal.ai\/lt\/maoriu-kalbos-gramatikos-pratimai\/","title":{"rendered":"Maori\u0173 kalbos gramatikos pratimai"},"content":{"rendered":"\r\n\r\n\r\n<section class=\"languageChallengeSection\">\r\n    <div class=\"languageInfoWrapper\">\r\n        \r\n        <h1>Maori\u0173 kalbos gramatikos pratimai<\/h1>\r\n        <p>Norite sustiprinti savo te reo <a href=\"https:\/\/talkpal.ai\/learn-maori\/\">maori\u0173<\/a> <a href=\"https:\/\/talkpal.ai\/what-language-is-spoken-on-the-international-space-station\/\">kalbos<\/a> \u012fg\u016bd\u017eius? Gramatikos pratimai yra puikus b\u016bdas suprasti sakinio strukt\u016br\u0105, veiksma\u017eod\u017eio formas ir pagrindinius kalbos modelius. Prad\u0117kite tyrin\u0117ti maori\u0173 kalbos gramatik\u0105 \u0161iandien ir steb\u0117kite, kaip su kiekvienu nauju pratimu auga j\u016bs\u0173 pasitik\u0117jimas savimi ir geb\u0117jimai!<\/p>\r\n\r\n                            <a class=\"getStartedHidden\" href=\"https:\/\/app.talkpal.ai\/lt\/signup?lng=\">Prad\u0117k<\/a>\r\n        \r\n    <\/div>\r\n\r\n    <figure>\r\n    <img decoding=\"async\" width=\"768\" height=\"768\" src=\"https:\/\/talkpal.ai\/wp-content\/uploads\/2023\/06\/maori-768x768.png\" class=\"languageImage no-lazy\" alt=\"Language learning for social and professional settings\" fetchpriority=\"high\" sizes=\"(max-width: 768px) 150px, 768px\" srcset=\"https:\/\/talkpal.ai\/wp-content\/uploads\/2023\/06\/maori-768x768.png 768w, https:\/\/talkpal.ai\/wp-content\/uploads\/2023\/06\/maori-300x300.png 300w\" \/>\r\n    \r\n\r\n    <\/figure>\r\n\r\n            <a class=\"getStartedVisible\" href=\"https:\/\/app.talkpal.ai\/lt\/signup?lng=\">Prad\u0117k<\/a>\r\n    \r\n<\/section>\r\n\r\n\r\n<!-- <section class=\"grammarSection\">\r\n    <div class=\"grammarLinks\">\r\n            <\/div>\r\n<\/section> -->\r\n\r\n\r\n\r\n\r\n<section class=\"promotionalBanner\">\r\n    <p class=\"promotionalText\">Efektyviausias b\u016bdas mokytis kalbos<\/p>\r\n    <a class=\"promotionalLink\" href=\"https:\/\/app.talkpal.ai\/lt\/signup?lng=\">I\u0161bandykite Talkpal &#8221; nemokamai<\/a>\r\n<\/section>\n<div class=\"wp-block-group pageContainerStyle\"><div class=\"wp-block-group__inner-container is-layout-constrained wp-block-group-is-layout-constrained\">\n<h2 class=\"wp-block-heading\" id=\"h-maori-grammar-topics\">Maori\u0173 gramatikos temos<\/h2>\n\n\n\n<p>Maori\u0173 kalba, \u017einoma kaip <a href=\"https:\/\/talkpal.ai\/culture\/how-do-i-start-learning-te-reo-maori-as-a-beginner\/\">te reo M\u0101ori<\/a>, yra Ryt\u0173 polinezie\u010di\u0173 kalba, kilusi i\u0161 Naujosios Zelandijos. Kaip oficiali \u0161alies kalba, ji turi turting\u0105 kult\u016bros paveld\u0105 ir unikalias kalbines savybes. Maori\u0173 kalbos gramatikos <a href=\"https:\/\/talkpal.ai\/lt\/mokymasis\/\">mokymasis<\/a> yra b\u016btinas norint suprasti ir veiksmingai bendrauti kalba. \u0160iame vadove pateikiama svarbiausi\u0173 maori\u0173 kalbos gramatikos tem\u0173 ap\u017evalga, suskirstyta tokia seka, kuri skirta palengvinti j\u016bs\u0173 mokymosi proces\u0105. Nuo laik\u0173 ir veiksma\u017eod\u017ei\u0173 iki b\u016bdvard\u017ei\u0173 ir prielinksni\u0173 \u2013 \u0161is vadovas pad\u0117s suvokti esminius maori\u0173 kalbos gramatikos elementus ir leistis \u012f kalb\u0173 mokymosi kelion\u0119.<\/p>\n\n\n\n<h3 class=\"wp-block-heading\" id=\"h-1-tenses\">1. Laikai:<\/h3>\n\n\n\n<p>Maori\u0173 kalboje yra du pirminiai laikai \u2013 praeitis ir ne praeitis. Praeities \u012ftampa rodo veiksmus ar \u012fvykius, kurie jau \u012fvyko, o ne praeities \u012ftampa apima tiek dabartinius, tiek b\u016bsimus veiksmus. \u0160i\u0173 laik\u0173 supratimas yra labai svarbus formuojant sakinius ir tiksliai perteikiant prasm\u0119.<\/p>\n\n\n\n<h3 class=\"wp-block-heading\" id=\"h-2-tense-comparison\">2. \u012etemptas palyginimas:<\/h3>\n\n\n\n<p>Lyginant laikus maori\u0173 kalba, labai svarbu suprasti, kaip sudaryti sakinius naudojant skirtingus laikus ir juos tinkamai palyginti. \u0160ios \u017einios pad\u0117s jums i\u0161reik\u0161ti veiksmus ir \u012fvykius \u012fvairiuose laiko kontekstuose.<\/p>\n\n\n\n<h3 class=\"wp-block-heading\" id=\"h-3-progressive\">3. Progresyvus:<\/h3>\n\n\n\n<p>Progresyvus aspektas maori\u0173 kalba rodo vykstan\u010dius ar t\u0119stinius veiksmus. I\u0161mok\u0119 naudoti progresyv\u0173 aspekt\u0105, gal\u0117site apib\u016bdinti \u0161iuo metu vykstan\u010dius veiksmus, padidindami savo bendravimo gyl\u012f.<\/p>\n\n\n\n<h3 class=\"wp-block-heading\" id=\"h-4-perfect-progressive\">4. Tobulas progresyvus:<\/h3>\n\n\n\n<p>Tobulas progresyvus aspektas apjungia tiek tobul\u0173, tiek progresyvi\u0173 aspekt\u0173 elementus, nurodydamas veiksmus, kurie buvo vykdomi, bet dabar yra baigti. \u0160io aspekto \u012fvaldymas pad\u0117s perteikti sud\u0117tingesnes id\u0117jas ir situacijas.<\/p>\n\n\n\n<h3 class=\"wp-block-heading\" id=\"h-5-verbs\">5. Veiksma\u017eod\u017eiai:<\/h3>\n\n\n\n<p>Veiksma\u017eod\u017eiai yra labai svarb\u016bs kuriant sakinius ir i\u0161rei\u0161kiant veiksmus ar b\u016bsenas maori\u0173 kalba. Norint efektyviai bendrauti, b\u016btina susipa\u017einti su veiksma\u017eod\u017ei\u0173 konjugacija, bendrais veiksma\u017eod\u017eiais ir j\u0173 vartojimu.<\/p>\n\n\n\n<h3 class=\"wp-block-heading\" id=\"h-6-nouns\">6. Daiktavard\u017eiai:<\/h3>\n\n\n\n<p>Daiktavard\u017eiai yra bet kurios kalbos pagrindas, atstovaujantis \u017emon\u0117ms, vietoms, daiktams ar id\u0117joms. Maori\u0173 daiktavard\u017ei\u0173 mokymasis pad\u0117s jums sukurti savo \u017eodyn\u0105 ir pagerinti bendr\u0105 kalbos supratim\u0105.<\/p>\n\n\n\n<h3 class=\"wp-block-heading\" id=\"h-7-articles\">7. Straipsniai:<\/h3>\n\n\n\n<p>Maoriai naudoja straipsnius, kad nurodyt\u0173 daiktavard\u017eio apibr\u0117\u017etum\u0105 ar neapibr\u0117\u017etum\u0105. Straipsni\u0173 naudojimo supratimas pad\u0117s jums ai\u0161kiai ir tiksliai sudaryti sakinius.<\/p>\n\n\n\n<h3 class=\"wp-block-heading\" id=\"h-8-pronouns-determiners\">8. \u012evard\u017eiai\/determinantai:<\/h3>\n\n\n\n<p>\u012evard\u017eiai ir determinantai vaidina gyvybi\u0161kai svarb\u0173 vaidmen\u012f maori\u0173 kalbos gramatikoje, pad\u0117dami nustatyti ar nurodyti daiktavard\u012f. Susipa\u017einkite su \u012fvairiais \u012fvard\u017eiais ir determinantais, kad pagerintum\u0117te savo kalbos \u012fg\u016bd\u017eius.<\/p>\n\n\n\n<h3 class=\"wp-block-heading\" id=\"h-9-adjectives\">9. B\u016bdvard\u017eiai:<\/h3>\n\n\n\n<p>B\u016bdvard\u017eiai pateikia daiktavard\u017ei\u0173 apra\u0161ymus, savybes ar atributus. Maori\u0173 b\u016bdvard\u017ei\u0173 mokymasis leis jums i\u0161reik\u0161ti i\u0161samesnes ir niuansuotas id\u0117jas.<\/p>\n\n\n\n<h3 class=\"wp-block-heading\" id=\"h-10-adverbs\">10. Prieveiksmiai:<\/h3>\n\n\n\n<p>Prieveiksmiai modifikuoja veiksma\u017eod\u017eius, b\u016bdvard\u017eius ar kitus prieveiksmius, suteikdami papildomos informacijos apie veiksmus ar savybes. Maori\u0173 prieveiksmi\u0173 \u012fvaldymas pad\u0117s efektyviau perteikti prasm\u0119 ir suteiks sakiniams \u012fvairov\u0117s.<\/p>\n\n\n\n<h3 class=\"wp-block-heading\" id=\"h-11-conditionals\">11. S\u0105lygos:<\/h3>\n\n\n\n<p>S\u0105lygos naudojamos hipotetin\u0117ms situacijoms ar pasekm\u0117ms i\u0161reik\u0161ti maori\u0173 kalba. S\u0105lygini\u0173 form\u0173 supratimas pad\u0117s jums perduoti sud\u0117tingas id\u0117jas ir galimybes.<\/p>\n\n\n\n<h3 class=\"wp-block-heading\" id=\"h-12-prepositions\">12. Prielinksniai:<\/h3>\n\n\n\n<p>Prielinksniai yra b\u016btini norint nurodyti ry\u0161ius tarp \u017eod\u017ei\u0173, toki\u0173 kaip vieta, kryptis ar laikas. Maori\u0173 prielinksni\u0173 mokymasis pad\u0117s jums sukurti sud\u0117tingesnius ir prasmingesnius sakinius.<\/p>\n\n\n\n<h3 class=\"wp-block-heading\" id=\"h-13-sentences\">13. Sakiniai:<\/h3>\n\n\n\n<p>Galiausiai, norint efektyviai bendrauti maori\u0173 kalba, labai svarbu suprasti sakini\u0173 strukt\u016br\u0105 ir \u017eod\u017ei\u0173 tvark\u0105. Susipa\u017einkite su \u012fvairiais sakini\u0173 modeliais ir praktikuokite sakini\u0173 k\u016brim\u0105 naudodami \u0161iame vadove apra\u0161ytas gramatikos temas.<\/p>\n<\/div><\/div>\n\r\n<section class=\"learnNavigationSection\">\r\n            \r\n        <a href=\"https:\/\/talkpal.ai\/lt\/mokykis-maoriu-kalbos\/\">\r\n            <div class=\"learnNavigationWrapper\">\r\n                <div class=\"learnNavigationContent\">\r\n                    <img decoding=\"async\" src=\"https:\/\/talkpal.ai\/wp-content\/uploads\/2024\/08\/Maori.jpg\" alt=\"New Zealand Flag\">\r\n                    <div>\r\n                        <h4>Maori\u0173 gramatikos pamokos<\/h4>\r\n                        <p>Su\u017einokite visk\u0105 apie maori\u0173 gramatik\u0105.<\/p>\r\n                    <\/div>\r\n                <\/div>\r\n            <\/div>\r\n        <\/a>\r\n\r\n        \r\n        <a href=\"https:\/\/talkpal.ai\/lt\/maoriu-gramatika\/\">\r\n            <div class=\"learnNavigationWrapper\">\r\n                <div class=\"learnNavigationContent\">\r\n                    <img decoding=\"async\" src=\"https:\/\/talkpal.ai\/wp-content\/uploads\/2024\/08\/Maori.jpg\" alt=\"New Zealand Flag\">\r\n                    <div>\r\n                        <h4>Maori\u0173 gramatikos pamokos<\/h4>\r\n                        <p>Praktikuokit\u0117s maori\u0173 kalbos gramatik\u0105.<\/p>\r\n                    <\/div>\r\n                <\/div>\r\n            <\/div>\r\n        <\/a>\r\n\r\n        \r\n        <a href=\"https:\/\/talkpal.ai\/vocabulary_language\/maori\/\">\r\n            <div class=\"learnNavigationWrapper\">\r\n                <div class=\"learnNavigationContent\">\r\n                    <img decoding=\"async\" src=\"https:\/\/talkpal.ai\/wp-content\/uploads\/2024\/08\/Maori.jpg\" alt=\"New Zealand Flag\">\r\n                    <div>\r\n                        <h4>Maori\u0173 kalbos \u017eodynas<\/h4>\r\n                        <p>Prapl\u0117skite savo maori\u0173 kalbos \u017eodyn\u0105.<\/p>\r\n                    <\/div>\r\n                <\/div>\r\n            <\/div>\r\n        <\/a>\r\n\r\n            <\/section>","protected":false},"excerpt":{"rendered":"<p>Maori\u0173 gramatikos temos Maori\u0173 kalba, \u017einoma kaip te reo M\u0101ori, yra Ryt\u0173 polinezie\u010di\u0173 kalba, kilusi i\u0161 Naujosios Zelandijos. Kaip oficiali \u0161alies kalba, ji turi turting\u0105 kult\u016bros paveld\u0105 ir unikalias kalbines savybes. Maori\u0173 kalbos gramatikos mokymasis yra b\u016btinas norint suprasti ir veiksmingai bendrauti kalba. \u0160iame vadove pateikiama svarbiausi\u0173 maori\u0173 kalbos gramatikos tem\u0173 ap\u017evalga, suskirstyta tokia seka, [&hellip;]<\/p>\n","protected":false},"author":6,"featured_media":116647,"parent":0,"menu_order":0,"comment_status":"closed","ping_status":"closed","template":"LearningContentPage.php","meta":{"_acf_changed":false,"footnotes":""},"class_list":["post-159118","page","type-page","status-publish","has-post-thumbnail","hentry"],"acf":[],"yoast_head":"<!-- This site is optimized with the Yoast SEO Premium plugin v27.2 (Yoast SEO v27.2) - https:\/\/yoast.com\/product\/yoast-seo-premium-wordpress\/ -->\n<title>Maori\u0173 kalbos gramatikos pratimai - Talkpal<\/title>\n<meta name=\"description\" content=\"Pagerinkite savo kalbos \u012fg\u016bd\u017eius naudodami maori\u0173 kalbos gramatikos pratimus, skirtus maori\u0173 kalbos supratimui ir skland\u017eiam kalb\u0117jimui.\" \/>\n<meta name=\"robots\" content=\"index, follow, max-snippet:-1, max-image-preview:large, max-video-preview:-1\" \/>\n<link rel=\"canonical\" href=\"https:\/\/talkpal.ai\/lt\/maoriu-kalbos-gramatikos-pratimai\/\" \/>\n<meta property=\"og:locale\" content=\"lt_LT\" \/>\n<meta property=\"og:type\" content=\"article\" \/>\n<meta property=\"og:title\" content=\"Maori\u0173 kalbos gramatikos pratimai\" \/>\n<meta property=\"og:description\" content=\"Maori\u0173 gramatikos temos Maori\u0173 kalba, \u017einoma kaip te reo M\u0101ori, yra Ryt\u0173 polinezie\u010di\u0173 kalba, kilusi i\u0161 Naujosios Zelandijos. Kaip oficiali \u0161alies kalba,\" \/>\n<meta property=\"og:url\" content=\"https:\/\/talkpal.ai\/lt\/maoriu-kalbos-gramatikos-pratimai\/\" \/>\n<meta property=\"og:site_name\" content=\"Talkpal\" \/>\n<meta property=\"article:publisher\" content=\"https:\/\/www.facebook.com\/profile.php?id=100090733639311\" \/>\n<meta property=\"article:modified_time\" content=\"2025-12-17T14:40:06+00:00\" \/>\n<meta property=\"og:image\" content=\"https:\/\/talkpal.ai\/wp-content\/uploads\/2023\/05\/Maori-new-zealand.png\" \/>\n\t<meta property=\"og:image:width\" content=\"512\" \/>\n\t<meta property=\"og:image:height\" content=\"512\" \/>\n\t<meta property=\"og:image:type\" content=\"image\/png\" \/>\n<meta name=\"twitter:card\" content=\"summary_large_image\" \/>\n<meta name=\"twitter:site\" content=\"@talkpalai\" \/>\n<meta name=\"twitter:label1\" content=\"Est. reading time\" \/>\n\t<meta name=\"twitter:data1\" content=\"3 minut\u0117s\" \/>\n<script type=\"application\/ld+json\" class=\"yoast-schema-graph\">{\"@context\":\"https:\/\/schema.org\",\"@graph\":[{\"@type\":\"WebPage\",\"@id\":\"https:\/\/talkpal.ai\/lt\/maoriu-kalbos-gramatikos-pratimai\/\",\"url\":\"https:\/\/talkpal.ai\/lt\/maoriu-kalbos-gramatikos-pratimai\/\",\"name\":\"Maori\u0173 kalbos gramatikos pratimai - Talkpal\",\"isPartOf\":{\"@id\":\"https:\/\/talkpal.ai\/lt\/#website\"},\"primaryImageOfPage\":{\"@id\":\"https:\/\/talkpal.ai\/lt\/maoriu-kalbos-gramatikos-pratimai\/#primaryimage\"},\"image\":{\"@id\":\"https:\/\/talkpal.ai\/lt\/maoriu-kalbos-gramatikos-pratimai\/#primaryimage\"},\"thumbnailUrl\":\"https:\/\/talkpal.ai\/wp-content\/uploads\/2023\/05\/Maori-new-zealand.png\",\"datePublished\":\"2023-06-22T08:43:13+00:00\",\"dateModified\":\"2025-12-17T14:40:06+00:00\",\"description\":\"Pagerinkite savo kalbos \u012fg\u016bd\u017eius naudodami maori\u0173 kalbos gramatikos pratimus, skirtus maori\u0173 kalbos supratimui ir skland\u017eiam kalb\u0117jimui.\",\"breadcrumb\":{\"@id\":\"https:\/\/talkpal.ai\/lt\/maoriu-kalbos-gramatikos-pratimai\/#breadcrumb\"},\"inLanguage\":\"lt-LT\",\"potentialAction\":[{\"@type\":\"ReadAction\",\"target\":[\"https:\/\/talkpal.ai\/lt\/maoriu-kalbos-gramatikos-pratimai\/\"]}]},{\"@type\":\"ImageObject\",\"inLanguage\":\"lt-LT\",\"@id\":\"https:\/\/talkpal.ai\/lt\/maoriu-kalbos-gramatikos-pratimai\/#primaryimage\",\"url\":\"https:\/\/talkpal.ai\/wp-content\/uploads\/2023\/05\/Maori-new-zealand.png\",\"contentUrl\":\"https:\/\/talkpal.ai\/wp-content\/uploads\/2023\/05\/Maori-new-zealand.png\",\"width\":512,\"height\":512},{\"@type\":\"BreadcrumbList\",\"@id\":\"https:\/\/talkpal.ai\/lt\/maoriu-kalbos-gramatikos-pratimai\/#breadcrumb\",\"itemListElement\":[{\"@type\":\"ListItem\",\"position\":1,\"name\":\"Homepage\",\"item\":\"https:\/\/talkpal.ai\/lt\/\"},{\"@type\":\"ListItem\",\"position\":2,\"name\":\"Maori\u0173 kalbos gramatikos pratimai\"}]},{\"@type\":\"WebSite\",\"@id\":\"https:\/\/talkpal.ai\/lt\/#website\",\"url\":\"https:\/\/talkpal.ai\/lt\/\",\"name\":\"Talkpal\",\"description\":\"AI Language Learning\",\"publisher\":{\"@id\":\"https:\/\/talkpal.ai\/lt\/#organization\"},\"alternateName\":\"Talkpal AI\",\"potentialAction\":[{\"@type\":\"SearchAction\",\"target\":{\"@type\":\"EntryPoint\",\"urlTemplate\":\"https:\/\/talkpal.ai\/lt\/?s={search_term_string}\"},\"query-input\":{\"@type\":\"PropertyValueSpecification\",\"valueRequired\":true,\"valueName\":\"search_term_string\"}}],\"inLanguage\":\"lt-LT\"},{\"@type\":\"Organization\",\"@id\":\"https:\/\/talkpal.ai\/lt\/#organization\",\"name\":\"Talkpal, Inc.\",\"alternateName\":\"Talkpal AI\",\"url\":\"https:\/\/talkpal.ai\/lt\/\",\"logo\":{\"@type\":\"ImageObject\",\"inLanguage\":\"lt-LT\",\"@id\":\"https:\/\/talkpal.ai\/lt\/#\/schema\/logo\/image\/\",\"url\":\"https:\/\/talkpal.ai\/wp-content\/uploads\/2024\/03\/Talkpal-Logo-Icon.png\",\"contentUrl\":\"https:\/\/talkpal.ai\/wp-content\/uploads\/2024\/03\/Talkpal-Logo-Icon.png\",\"width\":2880,\"height\":2880,\"caption\":\"Talkpal, Inc.\"},\"image\":{\"@id\":\"https:\/\/talkpal.ai\/lt\/#\/schema\/logo\/image\/\"},\"sameAs\":[\"https:\/\/www.facebook.com\/profile.php?id=100090733639311\",\"https:\/\/x.com\/talkpalai\",\"https:\/\/www.linkedin.com\/company\/talkpal\/\",\"https:\/\/www.youtube.com\/@TalkPal\/\",\"https:\/\/www.tiktok.com\/@talkpal\",\"https:\/\/www.instagram.com\/talkpal_ai\/\",\"https:\/\/www.crunchbase.com\/organization\/talkpal-9cde\",\"https:\/\/www.g2.com\/products\/talkpal-for-business\/\",\"https:\/\/www.trustpilot.com\/review\/talkpal.ai\",\"https:\/\/www.capterra.com\/p\/10006800\/TalkPal\/\"],\"description\":\"Talkpal is a language learning web and mobile education app, powered by the latest AI technologies, that provides engaging experiences to its customers in many different languages to help them improve their language skills. Users can chat about unlimited amount of topics with the app and use other modes to practice their language learning.\",\"email\":\"support@talkpal.ai\",\"legalName\":\"Talkpal, Inc.\",\"foundingDate\":\"2023-04-03\",\"duns\":\"118989042\",\"numberOfEmployees\":{\"@type\":\"QuantitativeValue\",\"minValue\":\"11\",\"maxValue\":\"50\"},\"publishingPrinciples\":\"https:\/\/talkpal.ai\/publishing-principles\/\",\"actionableFeedbackPolicy\":\"https:\/\/talkpal.ai\/actionable-feedback-policy\/\",\"correctionsPolicy\":\"https:\/\/talkpal.ai\/corrections-policy\/\",\"ethicsPolicy\":\"https:\/\/talkpal.ai\/ethics-policy\/\",\"diversityPolicy\":\"https:\/\/talkpal.ai\/diversity-policy\/\",\"diversityStaffingReport\":\"https:\/\/talkpal.ai\/diversity-policy\/\"}]}<\/script>\n<!-- \/ Yoast SEO Premium plugin. -->","yoast_head_json":{"title":"Maori\u0173 kalbos gramatikos pratimai - Talkpal","description":"Pagerinkite savo kalbos \u012fg\u016bd\u017eius naudodami maori\u0173 kalbos gramatikos pratimus, skirtus maori\u0173 kalbos supratimui ir skland\u017eiam kalb\u0117jimui.","robots":{"index":"index","follow":"follow","max-snippet":"max-snippet:-1","max-image-preview":"max-image-preview:large","max-video-preview":"max-video-preview:-1"},"canonical":"https:\/\/talkpal.ai\/lt\/maoriu-kalbos-gramatikos-pratimai\/","og_locale":"lt_LT","og_type":"article","og_title":"Maori\u0173 kalbos gramatikos pratimai","og_description":"Maori\u0173 gramatikos temos Maori\u0173 kalba, \u017einoma kaip te reo M\u0101ori, yra Ryt\u0173 polinezie\u010di\u0173 kalba, kilusi i\u0161 Naujosios Zelandijos. Kaip oficiali \u0161alies kalba,","og_url":"https:\/\/talkpal.ai\/lt\/maoriu-kalbos-gramatikos-pratimai\/","og_site_name":"Talkpal","article_publisher":"https:\/\/www.facebook.com\/profile.php?id=100090733639311","article_modified_time":"2025-12-17T14:40:06+00:00","og_image":[{"width":512,"height":512,"url":"https:\/\/talkpal.ai\/wp-content\/uploads\/2023\/05\/Maori-new-zealand.png","type":"image\/png"}],"twitter_card":"summary_large_image","twitter_site":"@talkpalai","twitter_misc":{"Est. reading time":"3 minut\u0117s"},"schema":{"@context":"https:\/\/schema.org","@graph":[{"@type":"WebPage","@id":"https:\/\/talkpal.ai\/lt\/maoriu-kalbos-gramatikos-pratimai\/","url":"https:\/\/talkpal.ai\/lt\/maoriu-kalbos-gramatikos-pratimai\/","name":"Maori\u0173 kalbos gramatikos pratimai - Talkpal","isPartOf":{"@id":"https:\/\/talkpal.ai\/lt\/#website"},"primaryImageOfPage":{"@id":"https:\/\/talkpal.ai\/lt\/maoriu-kalbos-gramatikos-pratimai\/#primaryimage"},"image":{"@id":"https:\/\/talkpal.ai\/lt\/maoriu-kalbos-gramatikos-pratimai\/#primaryimage"},"thumbnailUrl":"https:\/\/talkpal.ai\/wp-content\/uploads\/2023\/05\/Maori-new-zealand.png","datePublished":"2023-06-22T08:43:13+00:00","dateModified":"2025-12-17T14:40:06+00:00","description":"Pagerinkite savo kalbos \u012fg\u016bd\u017eius naudodami maori\u0173 kalbos gramatikos pratimus, skirtus maori\u0173 kalbos supratimui ir skland\u017eiam kalb\u0117jimui.","breadcrumb":{"@id":"https:\/\/talkpal.ai\/lt\/maoriu-kalbos-gramatikos-pratimai\/#breadcrumb"},"inLanguage":"lt-LT","potentialAction":[{"@type":"ReadAction","target":["https:\/\/talkpal.ai\/lt\/maoriu-kalbos-gramatikos-pratimai\/"]}]},{"@type":"ImageObject","inLanguage":"lt-LT","@id":"https:\/\/talkpal.ai\/lt\/maoriu-kalbos-gramatikos-pratimai\/#primaryimage","url":"https:\/\/talkpal.ai\/wp-content\/uploads\/2023\/05\/Maori-new-zealand.png","contentUrl":"https:\/\/talkpal.ai\/wp-content\/uploads\/2023\/05\/Maori-new-zealand.png","width":512,"height":512},{"@type":"BreadcrumbList","@id":"https:\/\/talkpal.ai\/lt\/maoriu-kalbos-gramatikos-pratimai\/#breadcrumb","itemListElement":[{"@type":"ListItem","position":1,"name":"Homepage","item":"https:\/\/talkpal.ai\/lt\/"},{"@type":"ListItem","position":2,"name":"Maori\u0173 kalbos gramatikos pratimai"}]},{"@type":"WebSite","@id":"https:\/\/talkpal.ai\/lt\/#website","url":"https:\/\/talkpal.ai\/lt\/","name":"Talkpal","description":"AI Language Learning","publisher":{"@id":"https:\/\/talkpal.ai\/lt\/#organization"},"alternateName":"Talkpal AI","potentialAction":[{"@type":"SearchAction","target":{"@type":"EntryPoint","urlTemplate":"https:\/\/talkpal.ai\/lt\/?s={search_term_string}"},"query-input":{"@type":"PropertyValueSpecification","valueRequired":true,"valueName":"search_term_string"}}],"inLanguage":"lt-LT"},{"@type":"Organization","@id":"https:\/\/talkpal.ai\/lt\/#organization","name":"Talkpal, Inc.","alternateName":"Talkpal AI","url":"https:\/\/talkpal.ai\/lt\/","logo":{"@type":"ImageObject","inLanguage":"lt-LT","@id":"https:\/\/talkpal.ai\/lt\/#\/schema\/logo\/image\/","url":"https:\/\/talkpal.ai\/wp-content\/uploads\/2024\/03\/Talkpal-Logo-Icon.png","contentUrl":"https:\/\/talkpal.ai\/wp-content\/uploads\/2024\/03\/Talkpal-Logo-Icon.png","width":2880,"height":2880,"caption":"Talkpal, Inc."},"image":{"@id":"https:\/\/talkpal.ai\/lt\/#\/schema\/logo\/image\/"},"sameAs":["https:\/\/www.facebook.com\/profile.php?id=100090733639311","https:\/\/x.com\/talkpalai","https:\/\/www.linkedin.com\/company\/talkpal\/","https:\/\/www.youtube.com\/@TalkPal\/","https:\/\/www.tiktok.com\/@talkpal","https:\/\/www.instagram.com\/talkpal_ai\/","https:\/\/www.crunchbase.com\/organization\/talkpal-9cde","https:\/\/www.g2.com\/products\/talkpal-for-business\/","https:\/\/www.trustpilot.com\/review\/talkpal.ai","https:\/\/www.capterra.com\/p\/10006800\/TalkPal\/"],"description":"Talkpal is a language learning web and mobile education app, powered by the latest AI technologies, that provides engaging experiences to its customers in many different languages to help them improve their language skills. Users can chat about unlimited amount of topics with the app and use other modes to practice their language learning.","email":"support@talkpal.ai","legalName":"Talkpal, Inc.","foundingDate":"2023-04-03","duns":"118989042","numberOfEmployees":{"@type":"QuantitativeValue","minValue":"11","maxValue":"50"},"publishingPrinciples":"https:\/\/talkpal.ai\/publishing-principles\/","actionableFeedbackPolicy":"https:\/\/talkpal.ai\/actionable-feedback-policy\/","correctionsPolicy":"https:\/\/talkpal.ai\/corrections-policy\/","ethicsPolicy":"https:\/\/talkpal.ai\/ethics-policy\/","diversityPolicy":"https:\/\/talkpal.ai\/diversity-policy\/","diversityStaffingReport":"https:\/\/talkpal.ai\/diversity-policy\/"}]}},"_links":{"self":[{"href":"https:\/\/talkpal.ai\/lt\/wp-json\/wp\/v2\/pages\/159118","targetHints":{"allow":["GET"]}}],"collection":[{"href":"https:\/\/talkpal.ai\/lt\/wp-json\/wp\/v2\/pages"}],"about":[{"href":"https:\/\/talkpal.ai\/lt\/wp-json\/wp\/v2\/types\/page"}],"author":[{"embeddable":true,"href":"https:\/\/talkpal.ai\/lt\/wp-json\/wp\/v2\/users\/6"}],"replies":[{"embeddable":true,"href":"https:\/\/talkpal.ai\/lt\/wp-json\/wp\/v2\/comments?post=159118"}],"version-history":[{"count":0,"href":"https:\/\/talkpal.ai\/lt\/wp-json\/wp\/v2\/pages\/159118\/revisions"}],"wp:featuredmedia":[{"embeddable":true,"href":"https:\/\/talkpal.ai\/lt\/wp-json\/wp\/v2\/media\/116647"}],"wp:attachment":[{"href":"https:\/\/talkpal.ai\/lt\/wp-json\/wp\/v2\/media?parent=159118"}],"curies":[{"name":"wp","href":"https:\/\/api.w.org\/{rel}","templated":true}]}}