{"id":158845,"date":"2023-06-22T08:52:21","date_gmt":"2023-06-22T08:52:21","guid":{"rendered":"http:\/\/talkpal.ai\/nepalo-gramatikos-pratimai\/"},"modified":"2025-12-17T14:35:51","modified_gmt":"2025-12-17T14:35:51","slug":"nepalo-gramatikos-pratimai","status":"publish","type":"page","link":"https:\/\/talkpal.ai\/lt\/nepalo-gramatikos-pratimai\/","title":{"rendered":"Nepalo gramatikos pratimai"},"content":{"rendered":"\r\n\r\n\r\n<section class=\"languageChallengeSection\">\r\n    <div class=\"languageInfoWrapper\">\r\n        \r\n        <h1>Nepalo gramatikos pratimai<\/h1>\r\n        <p>Norite geriau i\u0161mokti nepal\u0173 kalb\u0105? Gramatikos pratimai yra puikus b\u016bdas suprasti sakinio strukt\u016br\u0105, veiksma\u017eod\u017ei\u0173 formas ir unikalius <a href=\"https:\/\/talkpal.ai\/what-language-is-spoken-on-the-international-space-station\/\">kalbos<\/a> modelius. Prad\u0117kite mokytis nepal\u0173 kalbos gramatikos \u0161iandien ir steb\u0117kite, kaip su kiekvienu pratimu tobul\u0117ja j\u016bs\u0173 \u012fg\u016bd\u017eiai ir skland\u017eiai kalbate!<\/p>\r\n\r\n                            <a class=\"getStartedHidden\" href=\"https:\/\/app.talkpal.ai\/lt\/signup?lng=\">Prad\u0117k<\/a>\r\n        \r\n    <\/div>\r\n\r\n    <figure>\r\n    <img decoding=\"async\" width=\"768\" height=\"768\" src=\"https:\/\/talkpal.ai\/wp-content\/uploads\/2023\/06\/nepali-768x768.png\" class=\"languageImage no-lazy\" alt=\"Practical language learning for real-life application\" fetchpriority=\"high\" sizes=\"(max-width: 768px) 150px, 768px\" srcset=\"https:\/\/talkpal.ai\/wp-content\/uploads\/2023\/06\/nepali-768x768.png 768w, https:\/\/talkpal.ai\/wp-content\/uploads\/2023\/06\/nepali-300x300.png 300w\" \/>\r\n    \r\n\r\n    <\/figure>\r\n\r\n            <a class=\"getStartedVisible\" href=\"https:\/\/app.talkpal.ai\/lt\/signup?lng=\">Prad\u0117k<\/a>\r\n    \r\n<\/section>\r\n\r\n\r\n<!-- <section class=\"grammarSection\">\r\n    <div class=\"grammarLinks\">\r\n            <\/div>\r\n<\/section> -->\r\n\r\n\r\n\r\n\r\n<section class=\"promotionalBanner\">\r\n    <p class=\"promotionalText\">Efektyviausias b\u016bdas mokytis kalbos<\/p>\r\n    <a class=\"promotionalLink\" href=\"https:\/\/app.talkpal.ai\/lt\/signup?lng=\">I\u0161bandykite Talkpal &#8221; nemokamai<\/a>\r\n<\/section>\n<div class=\"wp-block-group pageContainerStyle\"><div class=\"wp-block-group__inner-container is-layout-constrained wp-block-group-is-layout-constrained\">\n<h2 class=\"wp-block-heading\" id=\"h-nepali-grammar-topics\">Nepal\u0173 Gramatikos temos<\/h2>\n\n\n\n<p><a href=\"https:\/\/talkpal.ai\/learn-nepali\/\">Nepalo<\/a> <a href=\"https:\/\/talkpal.ai\/lt\/kaip-ismokti-kalba-per-talkpal-chat\/\">kalbos mokymasis<\/a> gali b\u016bti \u012fdomi ir naudinga patirtis visiems, norintiems pasinerti \u012f turting\u0105 Nepalo kult\u016br\u0105 ir istorij\u0105. Kaip ir bet kuriai kalbai, nepalie\u010di\u0173 gramatikos \u012fsisavinimas yra labai svarbus efektyviam bendravimui. \u0160is straipsnis pad\u0117s jums per Nepalo gramatikos temas, sugrupuotas \u012f sek\u0105, kuri palengvins j\u016bs\u0173 kalbos mokymosi kelion\u0119. Nuo laik\u0173 iki sakini\u0173 strukt\u016br\u0173 \u2013 \u0161iame vadove bus pateikta svarbi\u0173 gramatikos s\u0105vok\u0173 ap\u017evalga, kuri pad\u0117s tvirt\u0105 pagrind\u0105 j\u016bs\u0173 nepalie\u010di\u0173 kalbos \u012fg\u016bd\u017eiams.<\/p>\n\n\n\n<h3 class=\"wp-block-heading\" id=\"h-1-tenses\">1. Laikai:<\/h3>\n\n\n\n<p>Laik\u0173 supratimas yra b\u016btinas mokantis bet kurios kalbos, nes jie padeda perteikti veiksmo ar \u012fvykio laik\u0105. Nepale yra trys pagrindiniai laikai: praeitis, dabartis ir ateitis. Kiekvienas laikas turi savo veiksma\u017eod\u017ei\u0173 konjugacijos taisykli\u0173 rinkin\u012f, su kuriuo tur\u0117tum\u0117te susipa\u017einti, kad tiksliai apib\u016bdintum\u0117te veiksmus skirtingais laikotarpiais.<\/p>\n\n\n\n<h3 class=\"wp-block-heading\" id=\"h-2-tense-comparison\">2. \u012etemptas palyginimas:<\/h3>\n\n\n\n<p>Laik\u0173 palyginimas nepalie\u010di\u0173 kalba yra esminis kalbos \u012fsisavinimo aspektas. <a href=\"https:\/\/talkpal.ai\/learn-thai\/\">Tai<\/a> apima supratim\u0105, kaip skirtingi laikai yra susij\u0119 vienas su kitu ir kaip juos naudoti kartu, kad b\u016bt\u0173 galima ai\u0161kiai bendrauti. Tai pad\u0117s i\u0161vengti painiavos aptariant \u012fvykius, vykstan\u010dius praeityje, dabartyje ar ateityje.<\/p>\n\n\n\n<h3 class=\"wp-block-heading\" id=\"h-3-progressive\">3. Progresyvus:<\/h3>\n\n\n\n<p>Progresyvus Nepalo gramatikos aspektas rodo vykstan\u010dius veiksmus. Progresyvios veiksma\u017eod\u017ei\u0173 formos <a href=\"https:\/\/talkpal.ai\/lt\/mokymasis\/\">mokymasis<\/a> yra svarbus norint i\u0161reik\u0161ti veiksmus, kurie \u0161iuo metu vyksta arba vyko tam tikru momentu. Tai pad\u0117s jums sukurti dinami\u0161kesnius ir patrauklesnius pokalbius Nepale.<\/p>\n\n\n\n<h3 class=\"wp-block-heading\" id=\"h-4-perfect-progressive\">4. Tobulas progresyvus:<\/h3>\n\n\n\n<p>\u0160i \u012ftampa apjungia tobul\u0173 ir progresyvi\u0173 laik\u0173 s\u0105vokas. Tobula progresyvi \u012ftampa naudojama apib\u016bdinti veiksm\u0105, kuris prasid\u0117jo praeityje ir t\u0119s\u0117si iki kito praeities ta\u0161ko. \u012evald\u0119 \u0161i\u0105 \u012ftamp\u0105, gal\u0117site pateikti i\u0161sami\u0105 informacij\u0105 apie ankstesnius veiksmus ir j\u0173 trukm\u0119.<\/p>\n\n\n\n<h3 class=\"wp-block-heading\" id=\"h-5-verbs\">5. Veiksma\u017eod\u017eiai:<\/h3>\n\n\n\n<p>Veiksma\u017eod\u017eiai yra bet kurios kalbos pagrindas, o nepalie\u010di\u0173 kalba n\u0117ra i\u0161imtis. Norint efektyviai kalb\u0117ti ir suprasti <a href=\"https:\/\/talkpal.ai\/lt\/suzinokite-nepalieciu-kalba\/\">nepalie\u010di\u0173 kalb\u0105<\/a>, b\u016btina i\u0161mokti \u012fvairi\u0173 veiksma\u017eod\u017ei\u0173 form\u0173, j\u0173 konjugacij\u0173 ir kaip jie veikia sakiniuose.<\/p>\n\n\n\n<h3 class=\"wp-block-heading\" id=\"h-6-nouns\">6. Daiktavard\u017eiai:<\/h3>\n\n\n\n<p>Norint sukurti tvirt\u0105 \u017eodyn\u0105, b\u016btinas stiprus Nepalo daiktavard\u017ei\u0173 suvokimas. <a href=\"https:\/\/talkpal.ai\/lt\/mokymasis\/\">Mokymasis<\/a> apie bendruosius ir tinkamus daiktavard\u017eius, taip pat skai\u010diuojamus ir nesuskai\u010diuojamus daiktavard\u017eius pad\u0117s teisingai nustatyti ir naudoti \u0161ias esmines kalbos dalis pokalbiuose.<\/p>\n\n\n\n<h3 class=\"wp-block-heading\" id=\"h-7-articles\">7. Straipsniai:<\/h3>\n\n\n\n<p>Nepale straipsniai n\u0117ra tokie ry\u0161k\u016bs kaip angl\u0173 kalba, ta\u010diau vis tiek b\u016btina i\u0161mokti j\u0173 naudojim\u0105. Straipsni\u0173 naudojimo \u012fvaldymas pad\u0117s tiksliai nustatyti ir apib\u016bdinti objektus, \u017emones ir s\u0105vokas pokalbiuose.<\/p>\n\n\n\n<h3 class=\"wp-block-heading\" id=\"h-8-pronouns-determiners\">8. \u012evard\u017eiai\/determinantai:<\/h3>\n\n\n\n<p>Norint ai\u0161kiai ir glaustai bendrauti, labai svarbu susipa\u017einti su nepalie\u010di\u0173 \u012fvard\u017eiais ir determinantais. \u0160ios kalbos dalys padeda pakeisti ar nurodyti daiktavard\u017eius sakiniuose, tod\u0117l j\u016bs\u0173 pokalbiai tampa efektyvesni ir nat\u016bralesni.<\/p>\n\n\n\n<h3 class=\"wp-block-heading\" id=\"h-9-adjectives\">9. B\u016bdvard\u017eiai:<\/h3>\n\n\n\n<p>B\u016bdvard\u017eiai yra b\u016btini norint nepalie\u010di\u0173 pokalbiams suteikti gylio ir detali\u0173. I\u0161mok\u0119 teisingai naudoti b\u016bdvard\u017eius, gal\u0117site tiksliai apib\u016bdinti \u017emones, vietas ir daiktus, tod\u0117l j\u016bs\u0173 kalba taps patrauklesn\u0117 ir informatyvesn\u0117.<\/p>\n\n\n\n<h3 class=\"wp-block-heading\" id=\"h-10-adverbs\">10. Prieveiksmiai<\/h3>\n\n\n\n<p>: Nepale prieveiksmiai vaidina lemiam\u0105 vaidmen\u012f kei\u010diant veiksma\u017eod\u017eius, b\u016bdvard\u017eius ar kitus prieveiksmius. Suprasdami, kaip naudoti prieveiksmius, gal\u0117site pateikti papildomos informacijos apie veiksmus, b\u016bsenas ar savybes pokalbiuose.<\/p>\n\n\n\n<h3 class=\"wp-block-heading\" id=\"h-11-conditionals\">11. S\u0105lygos:<\/h3>\n\n\n\n<p>Nepalo s\u0105lyg\u0173 \u012fvaldymas leis jums i\u0161reik\u0161ti hipotetines situacijas ir j\u0173 pasekmes. Tai svarbu kuriant sud\u0117tingas, niuansuotas diskusijas kalba.<\/p>\n\n\n\n<h3 class=\"wp-block-heading\" id=\"h-12-prepositions\">12. Prielinksniai:<\/h3>\n\n\n\n<p>Prielinksniai yra b\u016btini norint nurodyti ry\u0161ius tarp \u017eod\u017ei\u0173 sakinyje. Mokymasis teisingai vartoti prielinksnius pad\u0117s jums sukurti ai\u0161kius ir nuoseklius sakinius nepalie\u010di\u0173 kalba.<\/p>\n\n\n\n<h3 class=\"wp-block-heading\" id=\"h-13-sentences\">13. Sakiniai:<\/h3>\n\n\n\n<p>Galiausiai, norint veiksmingai bendrauti, labai svarbu suprasti Nepalo sakini\u0173 strukt\u016br\u0105 ir tipus. Susipa\u017einkite su paprastais, sud\u0117tiniais ir sud\u0117tingais sakiniais ir su\u017einokite, kaip juos teisingai sukonstruoti, kad perteiktum\u0117te savo mintis ir id\u0117jas kalba.<\/p>\n<\/div><\/div>\n\r\n<section class=\"learnNavigationSection\">\r\n            \r\n        <a href=\"https:\/\/talkpal.ai\/lt\/suzinokite-nepalieciu-kalba\/\">\r\n            <div class=\"learnNavigationWrapper\">\r\n                <div class=\"learnNavigationContent\">\r\n                    <img decoding=\"async\" src=\"https:\/\/talkpal.ai\/wp-content\/uploads\/2024\/08\/Nepali.jpg\" alt=\"Nepali Flag\">\r\n                    <div>\r\n                        <h4>Apie nepal\u0173 kalbos mokym\u0105si<\/h4>\r\n                        <p>Su\u017einokite visk\u0105 apie Nepalo gramatik\u0105.<\/p>\r\n                    <\/div>\r\n                <\/div>\r\n            <\/div>\r\n        <\/a>\r\n\r\n        \r\n        <a href=\"https:\/\/talkpal.ai\/lt\/nepalo-gramatika\/\">\r\n            <div class=\"learnNavigationWrapper\">\r\n                <div class=\"learnNavigationContent\">\r\n                    <img decoding=\"async\" src=\"https:\/\/talkpal.ai\/wp-content\/uploads\/2024\/08\/Nepali.jpg\" alt=\"Nepali Flag\">\r\n                    <div>\r\n                        <h4>Nepalo gramatikos pamokos<\/h4>\r\n                        <p>Nepalo gramatikos praktika.<\/p>\r\n                    <\/div>\r\n                <\/div>\r\n            <\/div>\r\n        <\/a>\r\n\r\n        \r\n        <a href=\"https:\/\/talkpal.ai\/vocabulary_language\/nepali\/\">\r\n            <div class=\"learnNavigationWrapper\">\r\n                <div class=\"learnNavigationContent\">\r\n                    <img decoding=\"async\" src=\"https:\/\/talkpal.ai\/wp-content\/uploads\/2024\/08\/Nepali.jpg\" alt=\"Nepali Flag\">\r\n                    <div>\r\n                        <h4>Nepalo \u017eodynas<\/h4>\r\n                        <p>Prapl\u0117skite savo nepal\u0173 kalbos \u017eodyn\u0105.<\/p>\r\n                    <\/div>\r\n                <\/div>\r\n            <\/div>\r\n        <\/a>\r\n\r\n            <\/section>","protected":false},"excerpt":{"rendered":"<p>Nepal\u0173 Gramatikos temos Nepalo kalbos mokymasis gali b\u016bti \u012fdomi ir naudinga patirtis visiems, norintiems pasinerti \u012f turting\u0105 Nepalo kult\u016br\u0105 ir istorij\u0105. Kaip ir bet kuriai kalbai, nepalie\u010di\u0173 gramatikos \u012fsisavinimas yra labai svarbus efektyviam bendravimui. \u0160is straipsnis pad\u0117s jums per Nepalo gramatikos temas, sugrupuotas \u012f sek\u0105, kuri palengvins j\u016bs\u0173 kalbos mokymosi kelion\u0119. Nuo laik\u0173 iki sakini\u0173 [&hellip;]<\/p>\n","protected":false},"author":6,"featured_media":116120,"parent":0,"menu_order":0,"comment_status":"closed","ping_status":"closed","template":"LearningContentPage.php","meta":{"_acf_changed":false,"footnotes":""},"class_list":["post-158845","page","type-page","status-publish","has-post-thumbnail","hentry"],"acf":[],"yoast_head":"<!-- This site is optimized with the Yoast SEO Premium plugin v27.2 (Yoast SEO v27.2) - https:\/\/yoast.com\/product\/yoast-seo-premium-wordpress\/ -->\n<title>Nepalo gramatikos pratimai - Talkpal<\/title>\n<meta name=\"description\" content=\"\u012esisavinkite nepal\u0173 kalbos gramatikos pratimus, kad gal\u0117tum\u0117te efektyviai bendrauti. I\u0161nagrin\u0117kite laikus ir sakini\u0173 strukt\u016bras, kad kalba b\u016bt\u0173 sklandi.\" \/>\n<meta name=\"robots\" content=\"index, follow, max-snippet:-1, max-image-preview:large, max-video-preview:-1\" \/>\n<link rel=\"canonical\" href=\"https:\/\/talkpal.ai\/lt\/nepalo-gramatikos-pratimai\/\" \/>\n<meta property=\"og:locale\" content=\"lt_LT\" \/>\n<meta property=\"og:type\" content=\"article\" \/>\n<meta property=\"og:title\" content=\"Nepalo gramatikos pratimai\" \/>\n<meta property=\"og:description\" content=\"Nepal\u0173 Gramatikos temos Nepalo kalbos mokymasis gali b\u016bti \u012fdomi ir naudinga patirtis visiems, norintiems pasinerti \u012f turting\u0105 Nepalo kult\u016br\u0105 ir istorij\u0105.\" \/>\n<meta property=\"og:url\" content=\"https:\/\/talkpal.ai\/lt\/nepalo-gramatikos-pratimai\/\" \/>\n<meta property=\"og:site_name\" content=\"Talkpal\" \/>\n<meta property=\"article:publisher\" content=\"https:\/\/www.facebook.com\/profile.php?id=100090733639311\" \/>\n<meta property=\"article:modified_time\" content=\"2025-12-17T14:35:51+00:00\" \/>\n<meta property=\"og:image\" content=\"https:\/\/talkpal.ai\/wp-content\/uploads\/2023\/05\/nepal.png\" \/>\n\t<meta property=\"og:image:width\" content=\"512\" \/>\n\t<meta property=\"og:image:height\" content=\"512\" \/>\n\t<meta property=\"og:image:type\" content=\"image\/png\" \/>\n<meta name=\"twitter:card\" content=\"summary_large_image\" \/>\n<meta name=\"twitter:site\" content=\"@talkpalai\" \/>\n<meta name=\"twitter:label1\" content=\"Est. reading time\" \/>\n\t<meta name=\"twitter:data1\" content=\"3 minut\u0117s\" \/>\n<script type=\"application\/ld+json\" class=\"yoast-schema-graph\">{\"@context\":\"https:\/\/schema.org\",\"@graph\":[{\"@type\":\"WebPage\",\"@id\":\"https:\/\/talkpal.ai\/lt\/nepalo-gramatikos-pratimai\/\",\"url\":\"https:\/\/talkpal.ai\/lt\/nepalo-gramatikos-pratimai\/\",\"name\":\"Nepalo gramatikos pratimai - Talkpal\",\"isPartOf\":{\"@id\":\"https:\/\/talkpal.ai\/lt\/#website\"},\"primaryImageOfPage\":{\"@id\":\"https:\/\/talkpal.ai\/lt\/nepalo-gramatikos-pratimai\/#primaryimage\"},\"image\":{\"@id\":\"https:\/\/talkpal.ai\/lt\/nepalo-gramatikos-pratimai\/#primaryimage\"},\"thumbnailUrl\":\"https:\/\/talkpal.ai\/wp-content\/uploads\/2023\/05\/nepal.png\",\"datePublished\":\"2023-06-22T08:52:21+00:00\",\"dateModified\":\"2025-12-17T14:35:51+00:00\",\"description\":\"\u012esisavinkite nepal\u0173 kalbos gramatikos pratimus, kad gal\u0117tum\u0117te efektyviai bendrauti. I\u0161nagrin\u0117kite laikus ir sakini\u0173 strukt\u016bras, kad kalba b\u016bt\u0173 sklandi.\",\"breadcrumb\":{\"@id\":\"https:\/\/talkpal.ai\/lt\/nepalo-gramatikos-pratimai\/#breadcrumb\"},\"inLanguage\":\"lt-LT\",\"potentialAction\":[{\"@type\":\"ReadAction\",\"target\":[\"https:\/\/talkpal.ai\/lt\/nepalo-gramatikos-pratimai\/\"]}]},{\"@type\":\"ImageObject\",\"inLanguage\":\"lt-LT\",\"@id\":\"https:\/\/talkpal.ai\/lt\/nepalo-gramatikos-pratimai\/#primaryimage\",\"url\":\"https:\/\/talkpal.ai\/wp-content\/uploads\/2023\/05\/nepal.png\",\"contentUrl\":\"https:\/\/talkpal.ai\/wp-content\/uploads\/2023\/05\/nepal.png\",\"width\":512,\"height\":512},{\"@type\":\"BreadcrumbList\",\"@id\":\"https:\/\/talkpal.ai\/lt\/nepalo-gramatikos-pratimai\/#breadcrumb\",\"itemListElement\":[{\"@type\":\"ListItem\",\"position\":1,\"name\":\"Homepage\",\"item\":\"https:\/\/talkpal.ai\/lt\/\"},{\"@type\":\"ListItem\",\"position\":2,\"name\":\"Nepalo gramatikos pratimai\"}]},{\"@type\":\"WebSite\",\"@id\":\"https:\/\/talkpal.ai\/lt\/#website\",\"url\":\"https:\/\/talkpal.ai\/lt\/\",\"name\":\"Talkpal\",\"description\":\"AI Language Learning\",\"publisher\":{\"@id\":\"https:\/\/talkpal.ai\/lt\/#organization\"},\"alternateName\":\"Talkpal AI\",\"potentialAction\":[{\"@type\":\"SearchAction\",\"target\":{\"@type\":\"EntryPoint\",\"urlTemplate\":\"https:\/\/talkpal.ai\/lt\/?s={search_term_string}\"},\"query-input\":{\"@type\":\"PropertyValueSpecification\",\"valueRequired\":true,\"valueName\":\"search_term_string\"}}],\"inLanguage\":\"lt-LT\"},{\"@type\":\"Organization\",\"@id\":\"https:\/\/talkpal.ai\/lt\/#organization\",\"name\":\"Talkpal, Inc.\",\"alternateName\":\"Talkpal AI\",\"url\":\"https:\/\/talkpal.ai\/lt\/\",\"logo\":{\"@type\":\"ImageObject\",\"inLanguage\":\"lt-LT\",\"@id\":\"https:\/\/talkpal.ai\/lt\/#\/schema\/logo\/image\/\",\"url\":\"https:\/\/talkpal.ai\/wp-content\/uploads\/2024\/03\/Talkpal-Logo-Icon.png\",\"contentUrl\":\"https:\/\/talkpal.ai\/wp-content\/uploads\/2024\/03\/Talkpal-Logo-Icon.png\",\"width\":2880,\"height\":2880,\"caption\":\"Talkpal, Inc.\"},\"image\":{\"@id\":\"https:\/\/talkpal.ai\/lt\/#\/schema\/logo\/image\/\"},\"sameAs\":[\"https:\/\/www.facebook.com\/profile.php?id=100090733639311\",\"https:\/\/x.com\/talkpalai\",\"https:\/\/www.linkedin.com\/company\/talkpal\/\",\"https:\/\/www.youtube.com\/@TalkPal\/\",\"https:\/\/www.tiktok.com\/@talkpal\",\"https:\/\/www.instagram.com\/talkpal_ai\/\",\"https:\/\/www.crunchbase.com\/organization\/talkpal-9cde\",\"https:\/\/www.g2.com\/products\/talkpal-for-business\/\",\"https:\/\/www.trustpilot.com\/review\/talkpal.ai\",\"https:\/\/www.capterra.com\/p\/10006800\/TalkPal\/\"],\"description\":\"Talkpal is a language learning web and mobile education app, powered by the latest AI technologies, that provides engaging experiences to its customers in many different languages to help them improve their language skills. Users can chat about unlimited amount of topics with the app and use other modes to practice their language learning.\",\"email\":\"support@talkpal.ai\",\"legalName\":\"Talkpal, Inc.\",\"foundingDate\":\"2023-04-03\",\"duns\":\"118989042\",\"numberOfEmployees\":{\"@type\":\"QuantitativeValue\",\"minValue\":\"11\",\"maxValue\":\"50\"},\"publishingPrinciples\":\"https:\/\/talkpal.ai\/publishing-principles\/\",\"actionableFeedbackPolicy\":\"https:\/\/talkpal.ai\/actionable-feedback-policy\/\",\"correctionsPolicy\":\"https:\/\/talkpal.ai\/corrections-policy\/\",\"ethicsPolicy\":\"https:\/\/talkpal.ai\/ethics-policy\/\",\"diversityPolicy\":\"https:\/\/talkpal.ai\/diversity-policy\/\",\"diversityStaffingReport\":\"https:\/\/talkpal.ai\/diversity-policy\/\"}]}<\/script>\n<!-- \/ Yoast SEO Premium plugin. -->","yoast_head_json":{"title":"Nepalo gramatikos pratimai - Talkpal","description":"\u012esisavinkite nepal\u0173 kalbos gramatikos pratimus, kad gal\u0117tum\u0117te efektyviai bendrauti. I\u0161nagrin\u0117kite laikus ir sakini\u0173 strukt\u016bras, kad kalba b\u016bt\u0173 sklandi.","robots":{"index":"index","follow":"follow","max-snippet":"max-snippet:-1","max-image-preview":"max-image-preview:large","max-video-preview":"max-video-preview:-1"},"canonical":"https:\/\/talkpal.ai\/lt\/nepalo-gramatikos-pratimai\/","og_locale":"lt_LT","og_type":"article","og_title":"Nepalo gramatikos pratimai","og_description":"Nepal\u0173 Gramatikos temos Nepalo kalbos mokymasis gali b\u016bti \u012fdomi ir naudinga patirtis visiems, norintiems pasinerti \u012f turting\u0105 Nepalo kult\u016br\u0105 ir istorij\u0105.","og_url":"https:\/\/talkpal.ai\/lt\/nepalo-gramatikos-pratimai\/","og_site_name":"Talkpal","article_publisher":"https:\/\/www.facebook.com\/profile.php?id=100090733639311","article_modified_time":"2025-12-17T14:35:51+00:00","og_image":[{"width":512,"height":512,"url":"https:\/\/talkpal.ai\/wp-content\/uploads\/2023\/05\/nepal.png","type":"image\/png"}],"twitter_card":"summary_large_image","twitter_site":"@talkpalai","twitter_misc":{"Est. reading time":"3 minut\u0117s"},"schema":{"@context":"https:\/\/schema.org","@graph":[{"@type":"WebPage","@id":"https:\/\/talkpal.ai\/lt\/nepalo-gramatikos-pratimai\/","url":"https:\/\/talkpal.ai\/lt\/nepalo-gramatikos-pratimai\/","name":"Nepalo gramatikos pratimai - Talkpal","isPartOf":{"@id":"https:\/\/talkpal.ai\/lt\/#website"},"primaryImageOfPage":{"@id":"https:\/\/talkpal.ai\/lt\/nepalo-gramatikos-pratimai\/#primaryimage"},"image":{"@id":"https:\/\/talkpal.ai\/lt\/nepalo-gramatikos-pratimai\/#primaryimage"},"thumbnailUrl":"https:\/\/talkpal.ai\/wp-content\/uploads\/2023\/05\/nepal.png","datePublished":"2023-06-22T08:52:21+00:00","dateModified":"2025-12-17T14:35:51+00:00","description":"\u012esisavinkite nepal\u0173 kalbos gramatikos pratimus, kad gal\u0117tum\u0117te efektyviai bendrauti. I\u0161nagrin\u0117kite laikus ir sakini\u0173 strukt\u016bras, kad kalba b\u016bt\u0173 sklandi.","breadcrumb":{"@id":"https:\/\/talkpal.ai\/lt\/nepalo-gramatikos-pratimai\/#breadcrumb"},"inLanguage":"lt-LT","potentialAction":[{"@type":"ReadAction","target":["https:\/\/talkpal.ai\/lt\/nepalo-gramatikos-pratimai\/"]}]},{"@type":"ImageObject","inLanguage":"lt-LT","@id":"https:\/\/talkpal.ai\/lt\/nepalo-gramatikos-pratimai\/#primaryimage","url":"https:\/\/talkpal.ai\/wp-content\/uploads\/2023\/05\/nepal.png","contentUrl":"https:\/\/talkpal.ai\/wp-content\/uploads\/2023\/05\/nepal.png","width":512,"height":512},{"@type":"BreadcrumbList","@id":"https:\/\/talkpal.ai\/lt\/nepalo-gramatikos-pratimai\/#breadcrumb","itemListElement":[{"@type":"ListItem","position":1,"name":"Homepage","item":"https:\/\/talkpal.ai\/lt\/"},{"@type":"ListItem","position":2,"name":"Nepalo gramatikos pratimai"}]},{"@type":"WebSite","@id":"https:\/\/talkpal.ai\/lt\/#website","url":"https:\/\/talkpal.ai\/lt\/","name":"Talkpal","description":"AI Language Learning","publisher":{"@id":"https:\/\/talkpal.ai\/lt\/#organization"},"alternateName":"Talkpal AI","potentialAction":[{"@type":"SearchAction","target":{"@type":"EntryPoint","urlTemplate":"https:\/\/talkpal.ai\/lt\/?s={search_term_string}"},"query-input":{"@type":"PropertyValueSpecification","valueRequired":true,"valueName":"search_term_string"}}],"inLanguage":"lt-LT"},{"@type":"Organization","@id":"https:\/\/talkpal.ai\/lt\/#organization","name":"Talkpal, Inc.","alternateName":"Talkpal AI","url":"https:\/\/talkpal.ai\/lt\/","logo":{"@type":"ImageObject","inLanguage":"lt-LT","@id":"https:\/\/talkpal.ai\/lt\/#\/schema\/logo\/image\/","url":"https:\/\/talkpal.ai\/wp-content\/uploads\/2024\/03\/Talkpal-Logo-Icon.png","contentUrl":"https:\/\/talkpal.ai\/wp-content\/uploads\/2024\/03\/Talkpal-Logo-Icon.png","width":2880,"height":2880,"caption":"Talkpal, Inc."},"image":{"@id":"https:\/\/talkpal.ai\/lt\/#\/schema\/logo\/image\/"},"sameAs":["https:\/\/www.facebook.com\/profile.php?id=100090733639311","https:\/\/x.com\/talkpalai","https:\/\/www.linkedin.com\/company\/talkpal\/","https:\/\/www.youtube.com\/@TalkPal\/","https:\/\/www.tiktok.com\/@talkpal","https:\/\/www.instagram.com\/talkpal_ai\/","https:\/\/www.crunchbase.com\/organization\/talkpal-9cde","https:\/\/www.g2.com\/products\/talkpal-for-business\/","https:\/\/www.trustpilot.com\/review\/talkpal.ai","https:\/\/www.capterra.com\/p\/10006800\/TalkPal\/"],"description":"Talkpal is a language learning web and mobile education app, powered by the latest AI technologies, that provides engaging experiences to its customers in many different languages to help them improve their language skills. Users can chat about unlimited amount of topics with the app and use other modes to practice their language learning.","email":"support@talkpal.ai","legalName":"Talkpal, Inc.","foundingDate":"2023-04-03","duns":"118989042","numberOfEmployees":{"@type":"QuantitativeValue","minValue":"11","maxValue":"50"},"publishingPrinciples":"https:\/\/talkpal.ai\/publishing-principles\/","actionableFeedbackPolicy":"https:\/\/talkpal.ai\/actionable-feedback-policy\/","correctionsPolicy":"https:\/\/talkpal.ai\/corrections-policy\/","ethicsPolicy":"https:\/\/talkpal.ai\/ethics-policy\/","diversityPolicy":"https:\/\/talkpal.ai\/diversity-policy\/","diversityStaffingReport":"https:\/\/talkpal.ai\/diversity-policy\/"}]}},"_links":{"self":[{"href":"https:\/\/talkpal.ai\/lt\/wp-json\/wp\/v2\/pages\/158845","targetHints":{"allow":["GET"]}}],"collection":[{"href":"https:\/\/talkpal.ai\/lt\/wp-json\/wp\/v2\/pages"}],"about":[{"href":"https:\/\/talkpal.ai\/lt\/wp-json\/wp\/v2\/types\/page"}],"author":[{"embeddable":true,"href":"https:\/\/talkpal.ai\/lt\/wp-json\/wp\/v2\/users\/6"}],"replies":[{"embeddable":true,"href":"https:\/\/talkpal.ai\/lt\/wp-json\/wp\/v2\/comments?post=158845"}],"version-history":[{"count":0,"href":"https:\/\/talkpal.ai\/lt\/wp-json\/wp\/v2\/pages\/158845\/revisions"}],"wp:featuredmedia":[{"embeddable":true,"href":"https:\/\/talkpal.ai\/lt\/wp-json\/wp\/v2\/media\/116120"}],"wp:attachment":[{"href":"https:\/\/talkpal.ai\/lt\/wp-json\/wp\/v2\/media?parent=158845"}],"curies":[{"name":"wp","href":"https:\/\/api.w.org\/{rel}","templated":true}]}}