{"id":158549,"date":"2023-06-27T08:41:59","date_gmt":"2023-06-27T08:41:59","guid":{"rendered":"http:\/\/talkpal.ai\/norvegu-kalbos-gramatikos-pratimai\/"},"modified":"2025-12-17T14:38:13","modified_gmt":"2025-12-17T14:38:13","slug":"norvegu-kalbos-gramatikos-pratimai","status":"publish","type":"page","link":"https:\/\/talkpal.ai\/lt\/norvegu-kalbos-gramatikos-pratimai\/","title":{"rendered":"Norveg\u0173 kalbos gramatikos pratimai"},"content":{"rendered":"\r\n\r\n\r\n<section class=\"languageChallengeSection\">\r\n    <div class=\"languageInfoWrapper\">\r\n        \r\n        <h1>Norveg\u0173 kalbos gramatikos pratimai<\/h1>\r\n        <p>Norite geriau pasitik\u0117ti <a href=\"https:\/\/talkpal.ai\/learn-norwegian\/\">norveg\u0173<\/a> kalba? Gramatikos pratimai &#8211; puikus b\u016bdas \u012fsisavinti sakinio strukt\u016br\u0105, veiksma\u017eod\u017ei\u0173 formas ir unikalius norveg\u0173 <a href=\"https:\/\/talkpal.ai\/what-language-is-spoken-on-the-international-space-station\/\">kalbos<\/a> modelius. Prad\u0117kite mokytis norveg\u0173 kalbos gramatikos \u0161iandien ir steb\u0117kite, kaip su kiekvienu pratimu auga j\u016bs\u0173 \u012fg\u016bd\u017eiai ir sklandumas!\n\n<\/p>\r\n\r\n                            <a class=\"getStartedHidden\" href=\"https:\/\/app.talkpal.ai\/lt\/signup?lng=\">Prad\u0117k<\/a>\r\n        \r\n    <\/div>\r\n\r\n    <figure>\r\n    <img decoding=\"async\" width=\"768\" height=\"768\" src=\"https:\/\/talkpal.ai\/wp-content\/uploads\/2023\/06\/norwegian-768x768.png\" class=\"languageImage no-lazy\" alt=\"Language learning for extensive vocabulary\" fetchpriority=\"high\" sizes=\"(max-width: 768px) 150px, 768px\" srcset=\"https:\/\/talkpal.ai\/wp-content\/uploads\/2023\/06\/norwegian-768x768.png 768w, https:\/\/talkpal.ai\/wp-content\/uploads\/2023\/06\/norwegian-300x300.png 300w\" \/>\r\n    \r\n\r\n    <\/figure>\r\n\r\n            <a class=\"getStartedVisible\" href=\"https:\/\/app.talkpal.ai\/lt\/signup?lng=\">Prad\u0117k<\/a>\r\n    \r\n<\/section>\r\n\r\n\r\n<!-- <section class=\"grammarSection\">\r\n    <div class=\"grammarLinks\">\r\n            <\/div>\r\n<\/section> -->\r\n\r\n\r\n\r\n\r\n<section class=\"promotionalBanner\">\r\n    <p class=\"promotionalText\">Efektyviausias b\u016bdas mokytis kalbos<\/p>\r\n    <a class=\"promotionalLink\" href=\"https:\/\/app.talkpal.ai\/lt\/signup?lng=\">I\u0161bandykite Talkpal &#8221; nemokamai<\/a>\r\n<\/section>\n<div class=\"wp-block-group pageContainerStyle\"><div class=\"wp-block-group__inner-container is-layout-constrained wp-block-group-is-layout-constrained\">\n<h2 class=\"wp-block-heading\" id=\"h-norwegian-grammar-topics\">Norveg\u0173 kalbos gramatikos temos<\/h2>\n\n\n\n<p>Norveg\u0173 <a href=\"https:\/\/talkpal.ai\/lt\/kaip-ismokti-kalba-per-talkpal-chat\/\">kalbos mokymasis<\/a> gali b\u016bti \u012fdomi ir naudinga patirtis, nes <a href=\"https:\/\/talkpal.ai\/learn-thai\/\">tai<\/a> atveria duris \u012f turting\u0105 kult\u016bros istorij\u0105, nuostabius kra\u0161tovaizd\u017eius ir unikal\u0173 gyvenimo b\u016bd\u0105 Norvegijoje. Kaip \u0161iaur\u0117s german\u0173 kalba, norveg\u0173 kalba turi daug pana\u0161um\u0173 su kaimynin\u0117mis kalbomis, <a href=\"https:\/\/talkpal.ai\/learn-swedish\/\">\u0161ved\u0173<\/a> ir <a href=\"https:\/\/talkpal.ai\/learn-danish\/\">dan\u0173<\/a>. Ta\u010diau jis gali pasigirti savo i\u0161skirtine <a href=\"https:\/\/talkpal.ai\/sq\/gramatika\/\">gramatika<\/a>, tarimu ir \u017eodynu. Norint i\u0161mokti \u0161i\u0105 gra\u017ei\u0105 kalb\u0105, b\u016btina suprasti norveg\u0173 kalbos gramatik\u0105 ir \u012fvairias jos sudedam\u0105sias dalis. \u0160iame vadove nagrin\u0117sime pagrindinius norveg\u0173 kalbos gramatikos aspektus, \u012fskaitant laikus, veiksma\u017eod\u017eius, daiktavard\u017eius, straipsnius, \u012fvard\u017eius, b\u016bdvard\u017eius, prieveiksmius, s\u0105lyginius \u017eod\u017eius, prieveiksmius ir sakinius, ir pad\u0117sime jums sukurti tvirt\u0105 pagrind\u0105 j\u016bs\u0173 kalbos mokymosi kelionei.<\/p>\n\n\n\n<h3 class=\"wp-block-heading\" id=\"h-1-tenses\">1. Laikai:<\/h3>\n\n\n\n<p>Pirmiausia sutelkite d\u0117mes\u012f \u012f norveg\u0173 laik\u0173 supratim\u0105. Norveg\u0173 kalba turi tris pagrindinius laikus: dabart\u012f, praeit\u012f ir ateit\u012f, kurie yra labai svarb\u016bs i\u0161rei\u0161kiant veiksmus ir \u012fvykius skirtingais laiko momentais. Susipa\u017einkite su veiksma\u017eod\u017ei\u0173 konjugacijos b\u016bdu ir kaip jie kei\u010diasi \u012fvairiais laikais.<\/p>\n\n\n\n<h3 class=\"wp-block-heading\" id=\"h-2-tense-comparison\">2. \u012etemptas palyginimas:<\/h3>\n\n\n\n<p><a href=\"https:\/\/talkpal.ai\/locations\/language-courses-in-kai\/\">Kai<\/a> suvoksite pagrindinius laikus, i\u0161tirkite, kaip jie lyginami ir kontrastuoja vienas su kitu. Tai pad\u0117s jums suprasti prasm\u0117s niuansus ir pagerinti j\u016bs\u0173 supratim\u0105 bei bendravimo \u012fg\u016bd\u017eius.<\/p>\n\n\n\n<h3 class=\"wp-block-heading\" id=\"h-3-verbs\">3. Veiksma\u017eod\u017eiai:<\/h3>\n\n\n\n<p>Norveg\u0173 veiksma\u017eod\u017eiai yra gyvybi\u0161kai svarb\u016bs kuriant sakinius ir perteikiant prasm\u0119. Su\u017einokite apie skirtingus veiksma\u017eod\u017ei\u0173 tipus ir kaip jie s\u0105veikauja su sakinio dalykais ir objektais. Be to, suprasti modalini\u0173 veiksma\u017eod\u017ei\u0173 s\u0105vok\u0105 ir tai, kaip jie i\u0161rei\u0161kia b\u016btinyb\u0119, galimyb\u0119 ir pareig\u0105.<\/p>\n\n\n\n<h3 class=\"wp-block-heading\" id=\"h-4-nouns\">4. Daiktavard\u017eiai:<\/h3>\n\n\n\n<p>Norveg\u0173 kalbos daiktavard\u017eiai skirstomi \u012f tris lytis: vyri\u0161k\u0105, moteri\u0161k\u0105 ir neuterin\u0119. Tai turi \u012ftakos tam, kaip su jais vartojami straipsniai, b\u016bdvard\u017eiai ir \u012fvard\u017eiai. Su\u017einokite daugiskaitos formavimo taisykles ir apibr\u0117\u017etas bei neapibr\u0117\u017etas daiktavard\u017ei\u0173 formas.<\/p>\n\n\n\n<h3 class=\"wp-block-heading\" id=\"h-5-articles\">5. Straipsniai:<\/h3>\n\n\n\n<p>Straipsniai yra trumpi \u017eod\u017eiai, pridedami prie daiktavard\u017ei\u0173 ir nurodantys j\u0173 lyt\u012f bei skai\u010di\u0173. Norveg\u0173 kalba turi apibr\u0117\u017etus ir neapibr\u0117\u017etus straipsnius, kurie yra labai svarb\u016bs teisingai formuojant sakinius.<\/p>\n\n\n\n<h3 class=\"wp-block-heading\" id=\"h-6-pronouns-determiners\">6. \u012evard\u017eiai\/determinantai:<\/h3>\n\n\n\n<p>\u0160ie \u017eod\u017eiai pakei\u010dia arba modifikuoja daiktavard\u017eius, ir jie turi susitarti d\u0117l lyties ir skai\u010diaus su daiktavard\u017eiu, kur\u012f jie nurodo. I\u0161nagrin\u0117kite \u012fvairi\u0173 tip\u0173 \u012fvard\u017eius ir determinantus, \u012fskaitant asmeninius, savininkinius, parodomuosius ir santykinius \u012fvard\u017eius.<\/p>\n\n\n\n<h3 class=\"wp-block-heading\" id=\"h-7-adjectives\">7. B\u016bdvard\u017eiai:<\/h3>\n\n\n\n<p>B\u016bdvard\u017eiai apib\u016bdina arba modifikuoja daiktavard\u017eius ir \u012fvard\u017eius. Su\u017einokite, kaip teisingai naudoti b\u016bdvard\u017eius, suprasdami j\u0173 susitarimo taisykles su kei\u010diam\u0173 daiktavard\u017ei\u0173 lytimi ir skai\u010diumi.<\/p>\n\n\n\n<h3 class=\"wp-block-heading\" id=\"h-8-adverbs\">8. Prieveiksmiai:<\/h3>\n\n\n\n<p>Prieveiksmiai modifikuoja veiksma\u017eod\u017eius, b\u016bdvard\u017eius ar kitus prieveiksmius, suteikdami papildomos informacijos apie veiksmus ar savybes. Su\u017einokite apie skirtingus prieveiksmi\u0173 tipus ir kaip juos efektyviai naudoti sakiniuose.<\/p>\n\n\n\n<h3 class=\"wp-block-heading\" id=\"h-9-conditionals\">9. S\u0105lygos:<\/h3>\n\n\n\n<p>S\u0105lygos naudojamos hipotetin\u0117ms situacijoms ir j\u0173 pasekm\u0117ms i\u0161reik\u0161ti. I\u0161nagrin\u0117kite skirtingus s\u0105lyg\u0173 tipus ir kaip juos formuoti naudojant teisingas veiksma\u017eod\u017ei\u0173 formas ir jungtukus.<\/p>\n\n\n\n<h3 class=\"wp-block-heading\" id=\"h-10-prepositions\">10. Prielinksniai:<\/h3>\n\n\n\n<p>Prielinksniai yra trumpi \u017eod\u017eiai, nurodantys ry\u0161ius tarp daiktavard\u017ei\u0173, \u012fvard\u017ei\u0173 ir kit\u0173 \u017eod\u017ei\u0173 sakinyje. Prielinksni\u0173 vartojimo \u012fvaldymas yra labai svarbus norint suprasti ir formuoti tikslius sakinius norveg\u0173 kalba.<\/p>\n\n\n\n<h3 class=\"wp-block-heading\" id=\"h-11-sentences\">11. Sakiniai:<\/h3>\n\n\n\n<p>Galiausiai praktikuokite sakini\u0173 k\u016brim\u0105 norveg\u0173 kalba, derindami savo \u017einias apie veiksma\u017eod\u017eius, daiktavard\u017eius, straipsnius, \u012fvard\u017eius, b\u016bdvard\u017eius, prieveiksmius, s\u0105lygotumus ir prielinksnius. Eksperimentuokite su skirtingomis sakini\u0173 strukt\u016bromis ir praktikuokite formuodami klausimus, teiginius ir komandas, kad i\u0161moktum\u0117te kalb\u0105.<\/p>\n<\/div><\/div>\n\r\n<section class=\"learnNavigationSection\">\r\n            \r\n        <a href=\"https:\/\/talkpal.ai\/lt\/ismok-norvegu-kalba\/\">\r\n            <div class=\"learnNavigationWrapper\">\r\n                <div class=\"learnNavigationContent\">\r\n                    <img decoding=\"async\" src=\"https:\/\/talkpal.ai\/wp-content\/uploads\/2024\/08\/Norwegian.jpg\" alt=\"Norwegian Flag\">\r\n                    <div>\r\n                        <h4>Apie norveg\u0173 kalbos mokym\u0105si<\/h4>\r\n                        <p>Su\u017einokite visk\u0105 apie norveg\u0173 kalbos gramatik\u0105.<\/p>\r\n                    <\/div>\r\n                <\/div>\r\n            <\/div>\r\n        <\/a>\r\n\r\n        \r\n        <a href=\"https:\/\/talkpal.ai\/lt\/norvegu-kalbos-gramatika\/\">\r\n            <div class=\"learnNavigationWrapper\">\r\n                <div class=\"learnNavigationContent\">\r\n                    <img decoding=\"async\" src=\"https:\/\/talkpal.ai\/wp-content\/uploads\/2024\/08\/Norwegian.jpg\" alt=\"Norwegian Flag\">\r\n                    <div>\r\n                        <h4>Norveg\u0173 kalbos gramatikos pamokos<\/h4>\r\n                        <p>Praktikuokite norveg\u0173 kalbos gramatik\u0105.<\/p>\r\n                    <\/div>\r\n                <\/div>\r\n            <\/div>\r\n        <\/a>\r\n\r\n        \r\n        <a href=\"https:\/\/talkpal.ai\/vocabulary_language\/norwegian\/\">\r\n            <div class=\"learnNavigationWrapper\">\r\n                <div class=\"learnNavigationContent\">\r\n                    <img decoding=\"async\" src=\"https:\/\/talkpal.ai\/wp-content\/uploads\/2024\/08\/Norwegian.jpg\" alt=\"Norwegian Flag\">\r\n                    <div>\r\n                        <h4>Norveg\u0173 kalbos \u017eodynas<\/h4>\r\n                        <p>Prapl\u0117skite savo norveg\u0173 kalbos \u017eodyn\u0105.<\/p>\r\n                    <\/div>\r\n                <\/div>\r\n            <\/div>\r\n        <\/a>\r\n\r\n            <\/section>","protected":false},"excerpt":{"rendered":"<p>Norveg\u0173 kalbos gramatikos temos Norveg\u0173 kalbos mokymasis gali b\u016bti \u012fdomi ir naudinga patirtis, nes tai atveria duris \u012f turting\u0105 kult\u016bros istorij\u0105, nuostabius kra\u0161tovaizd\u017eius ir unikal\u0173 gyvenimo b\u016bd\u0105 Norvegijoje. Kaip \u0161iaur\u0117s german\u0173 kalba, norveg\u0173 kalba turi daug pana\u0161um\u0173 su kaimynin\u0117mis kalbomis, \u0161ved\u0173 ir dan\u0173. Ta\u010diau jis gali pasigirti savo i\u0161skirtine gramatika, tarimu ir \u017eodynu. Norint i\u0161mokti [&hellip;]<\/p>\n","protected":false},"author":6,"featured_media":116866,"parent":0,"menu_order":0,"comment_status":"closed","ping_status":"closed","template":"LearningContentPage.php","meta":{"_acf_changed":false,"footnotes":""},"class_list":["post-158549","page","type-page","status-publish","has-post-thumbnail","hentry"],"acf":[],"yoast_head":"<!-- This site is optimized with the Yoast SEO Premium plugin v27.2 (Yoast SEO v27.2) - https:\/\/yoast.com\/product\/yoast-seo-premium-wordpress\/ -->\n<title>Norveg\u0173 kalbos gramatikos pratimai - Talkpal<\/title>\n<meta name=\"description\" content=\"Patobulinkite savo \u012fg\u016bd\u017eius naudodami \u012fdomius norveg\u0173 kalbos gramatikos pratimus. Puikiai tinka vis\u0173 lygi\u0173 besimokantiesiems, kad jie gal\u0117t\u0173 veiksmingai praktikuotis.\" \/>\n<meta name=\"robots\" content=\"index, follow, max-snippet:-1, max-image-preview:large, max-video-preview:-1\" \/>\n<link rel=\"canonical\" href=\"https:\/\/talkpal.ai\/lt\/norvegu-kalbos-gramatikos-pratimai\/\" \/>\n<meta property=\"og:locale\" content=\"lt_LT\" \/>\n<meta property=\"og:type\" content=\"article\" \/>\n<meta property=\"og:title\" content=\"Norveg\u0173 kalbos gramatikos pratimai\" \/>\n<meta property=\"og:description\" content=\"Norveg\u0173 kalbos gramatikos temos Norveg\u0173 kalbos mokymasis gali b\u016bti \u012fdomi ir naudinga patirtis, nes tai atveria duris \u012f turting\u0105 kult\u016bros istorij\u0105,\" \/>\n<meta property=\"og:url\" content=\"https:\/\/talkpal.ai\/lt\/norvegu-kalbos-gramatikos-pratimai\/\" \/>\n<meta property=\"og:site_name\" content=\"Talkpal\" \/>\n<meta property=\"article:publisher\" content=\"https:\/\/www.facebook.com\/profile.php?id=100090733639311\" \/>\n<meta property=\"article:modified_time\" content=\"2025-12-17T14:38:13+00:00\" \/>\n<meta property=\"og:image\" content=\"https:\/\/talkpal.ai\/wp-content\/uploads\/2023\/05\/norway.png\" \/>\n\t<meta property=\"og:image:width\" content=\"512\" \/>\n\t<meta property=\"og:image:height\" content=\"512\" \/>\n\t<meta property=\"og:image:type\" content=\"image\/png\" \/>\n<meta name=\"twitter:card\" content=\"summary_large_image\" \/>\n<meta name=\"twitter:site\" content=\"@talkpalai\" \/>\n<meta name=\"twitter:label1\" content=\"Est. reading time\" \/>\n\t<meta name=\"twitter:data1\" content=\"3 minut\u0117s\" \/>\n<script type=\"application\/ld+json\" class=\"yoast-schema-graph\">{\"@context\":\"https:\/\/schema.org\",\"@graph\":[{\"@type\":\"WebPage\",\"@id\":\"https:\/\/talkpal.ai\/lt\/norvegu-kalbos-gramatikos-pratimai\/\",\"url\":\"https:\/\/talkpal.ai\/lt\/norvegu-kalbos-gramatikos-pratimai\/\",\"name\":\"Norveg\u0173 kalbos gramatikos pratimai - Talkpal\",\"isPartOf\":{\"@id\":\"https:\/\/talkpal.ai\/lt\/#website\"},\"primaryImageOfPage\":{\"@id\":\"https:\/\/talkpal.ai\/lt\/norvegu-kalbos-gramatikos-pratimai\/#primaryimage\"},\"image\":{\"@id\":\"https:\/\/talkpal.ai\/lt\/norvegu-kalbos-gramatikos-pratimai\/#primaryimage\"},\"thumbnailUrl\":\"https:\/\/talkpal.ai\/wp-content\/uploads\/2023\/05\/norway.png\",\"datePublished\":\"2023-06-27T08:41:59+00:00\",\"dateModified\":\"2025-12-17T14:38:13+00:00\",\"description\":\"Patobulinkite savo \u012fg\u016bd\u017eius naudodami \u012fdomius norveg\u0173 kalbos gramatikos pratimus. Puikiai tinka vis\u0173 lygi\u0173 besimokantiesiems, kad jie gal\u0117t\u0173 veiksmingai praktikuotis.\",\"breadcrumb\":{\"@id\":\"https:\/\/talkpal.ai\/lt\/norvegu-kalbos-gramatikos-pratimai\/#breadcrumb\"},\"inLanguage\":\"lt-LT\",\"potentialAction\":[{\"@type\":\"ReadAction\",\"target\":[\"https:\/\/talkpal.ai\/lt\/norvegu-kalbos-gramatikos-pratimai\/\"]}]},{\"@type\":\"ImageObject\",\"inLanguage\":\"lt-LT\",\"@id\":\"https:\/\/talkpal.ai\/lt\/norvegu-kalbos-gramatikos-pratimai\/#primaryimage\",\"url\":\"https:\/\/talkpal.ai\/wp-content\/uploads\/2023\/05\/norway.png\",\"contentUrl\":\"https:\/\/talkpal.ai\/wp-content\/uploads\/2023\/05\/norway.png\",\"width\":512,\"height\":512},{\"@type\":\"BreadcrumbList\",\"@id\":\"https:\/\/talkpal.ai\/lt\/norvegu-kalbos-gramatikos-pratimai\/#breadcrumb\",\"itemListElement\":[{\"@type\":\"ListItem\",\"position\":1,\"name\":\"Homepage\",\"item\":\"https:\/\/talkpal.ai\/lt\/\"},{\"@type\":\"ListItem\",\"position\":2,\"name\":\"Norveg\u0173 kalbos gramatikos pratimai\"}]},{\"@type\":\"WebSite\",\"@id\":\"https:\/\/talkpal.ai\/lt\/#website\",\"url\":\"https:\/\/talkpal.ai\/lt\/\",\"name\":\"Talkpal\",\"description\":\"AI Language Learning\",\"publisher\":{\"@id\":\"https:\/\/talkpal.ai\/lt\/#organization\"},\"alternateName\":\"Talkpal AI\",\"potentialAction\":[{\"@type\":\"SearchAction\",\"target\":{\"@type\":\"EntryPoint\",\"urlTemplate\":\"https:\/\/talkpal.ai\/lt\/?s={search_term_string}\"},\"query-input\":{\"@type\":\"PropertyValueSpecification\",\"valueRequired\":true,\"valueName\":\"search_term_string\"}}],\"inLanguage\":\"lt-LT\"},{\"@type\":\"Organization\",\"@id\":\"https:\/\/talkpal.ai\/lt\/#organization\",\"name\":\"Talkpal, Inc.\",\"alternateName\":\"Talkpal AI\",\"url\":\"https:\/\/talkpal.ai\/lt\/\",\"logo\":{\"@type\":\"ImageObject\",\"inLanguage\":\"lt-LT\",\"@id\":\"https:\/\/talkpal.ai\/lt\/#\/schema\/logo\/image\/\",\"url\":\"https:\/\/talkpal.ai\/wp-content\/uploads\/2024\/03\/Talkpal-Logo-Icon.png\",\"contentUrl\":\"https:\/\/talkpal.ai\/wp-content\/uploads\/2024\/03\/Talkpal-Logo-Icon.png\",\"width\":2880,\"height\":2880,\"caption\":\"Talkpal, Inc.\"},\"image\":{\"@id\":\"https:\/\/talkpal.ai\/lt\/#\/schema\/logo\/image\/\"},\"sameAs\":[\"https:\/\/www.facebook.com\/profile.php?id=100090733639311\",\"https:\/\/x.com\/talkpalai\",\"https:\/\/www.linkedin.com\/company\/talkpal\/\",\"https:\/\/www.youtube.com\/@TalkPal\/\",\"https:\/\/www.tiktok.com\/@talkpal\",\"https:\/\/www.instagram.com\/talkpal_ai\/\",\"https:\/\/www.crunchbase.com\/organization\/talkpal-9cde\",\"https:\/\/www.g2.com\/products\/talkpal-for-business\/\",\"https:\/\/www.trustpilot.com\/review\/talkpal.ai\",\"https:\/\/www.capterra.com\/p\/10006800\/TalkPal\/\"],\"description\":\"Talkpal is a language learning web and mobile education app, powered by the latest AI technologies, that provides engaging experiences to its customers in many different languages to help them improve their language skills. Users can chat about unlimited amount of topics with the app and use other modes to practice their language learning.\",\"email\":\"support@talkpal.ai\",\"legalName\":\"Talkpal, Inc.\",\"foundingDate\":\"2023-04-03\",\"duns\":\"118989042\",\"numberOfEmployees\":{\"@type\":\"QuantitativeValue\",\"minValue\":\"11\",\"maxValue\":\"50\"},\"publishingPrinciples\":\"https:\/\/talkpal.ai\/publishing-principles\/\",\"actionableFeedbackPolicy\":\"https:\/\/talkpal.ai\/actionable-feedback-policy\/\",\"correctionsPolicy\":\"https:\/\/talkpal.ai\/corrections-policy\/\",\"ethicsPolicy\":\"https:\/\/talkpal.ai\/ethics-policy\/\",\"diversityPolicy\":\"https:\/\/talkpal.ai\/diversity-policy\/\",\"diversityStaffingReport\":\"https:\/\/talkpal.ai\/diversity-policy\/\"}]}<\/script>\n<!-- \/ Yoast SEO Premium plugin. -->","yoast_head_json":{"title":"Norveg\u0173 kalbos gramatikos pratimai - Talkpal","description":"Patobulinkite savo \u012fg\u016bd\u017eius naudodami \u012fdomius norveg\u0173 kalbos gramatikos pratimus. Puikiai tinka vis\u0173 lygi\u0173 besimokantiesiems, kad jie gal\u0117t\u0173 veiksmingai praktikuotis.","robots":{"index":"index","follow":"follow","max-snippet":"max-snippet:-1","max-image-preview":"max-image-preview:large","max-video-preview":"max-video-preview:-1"},"canonical":"https:\/\/talkpal.ai\/lt\/norvegu-kalbos-gramatikos-pratimai\/","og_locale":"lt_LT","og_type":"article","og_title":"Norveg\u0173 kalbos gramatikos pratimai","og_description":"Norveg\u0173 kalbos gramatikos temos Norveg\u0173 kalbos mokymasis gali b\u016bti \u012fdomi ir naudinga patirtis, nes tai atveria duris \u012f turting\u0105 kult\u016bros istorij\u0105,","og_url":"https:\/\/talkpal.ai\/lt\/norvegu-kalbos-gramatikos-pratimai\/","og_site_name":"Talkpal","article_publisher":"https:\/\/www.facebook.com\/profile.php?id=100090733639311","article_modified_time":"2025-12-17T14:38:13+00:00","og_image":[{"width":512,"height":512,"url":"https:\/\/talkpal.ai\/wp-content\/uploads\/2023\/05\/norway.png","type":"image\/png"}],"twitter_card":"summary_large_image","twitter_site":"@talkpalai","twitter_misc":{"Est. reading time":"3 minut\u0117s"},"schema":{"@context":"https:\/\/schema.org","@graph":[{"@type":"WebPage","@id":"https:\/\/talkpal.ai\/lt\/norvegu-kalbos-gramatikos-pratimai\/","url":"https:\/\/talkpal.ai\/lt\/norvegu-kalbos-gramatikos-pratimai\/","name":"Norveg\u0173 kalbos gramatikos pratimai - Talkpal","isPartOf":{"@id":"https:\/\/talkpal.ai\/lt\/#website"},"primaryImageOfPage":{"@id":"https:\/\/talkpal.ai\/lt\/norvegu-kalbos-gramatikos-pratimai\/#primaryimage"},"image":{"@id":"https:\/\/talkpal.ai\/lt\/norvegu-kalbos-gramatikos-pratimai\/#primaryimage"},"thumbnailUrl":"https:\/\/talkpal.ai\/wp-content\/uploads\/2023\/05\/norway.png","datePublished":"2023-06-27T08:41:59+00:00","dateModified":"2025-12-17T14:38:13+00:00","description":"Patobulinkite savo \u012fg\u016bd\u017eius naudodami \u012fdomius norveg\u0173 kalbos gramatikos pratimus. Puikiai tinka vis\u0173 lygi\u0173 besimokantiesiems, kad jie gal\u0117t\u0173 veiksmingai praktikuotis.","breadcrumb":{"@id":"https:\/\/talkpal.ai\/lt\/norvegu-kalbos-gramatikos-pratimai\/#breadcrumb"},"inLanguage":"lt-LT","potentialAction":[{"@type":"ReadAction","target":["https:\/\/talkpal.ai\/lt\/norvegu-kalbos-gramatikos-pratimai\/"]}]},{"@type":"ImageObject","inLanguage":"lt-LT","@id":"https:\/\/talkpal.ai\/lt\/norvegu-kalbos-gramatikos-pratimai\/#primaryimage","url":"https:\/\/talkpal.ai\/wp-content\/uploads\/2023\/05\/norway.png","contentUrl":"https:\/\/talkpal.ai\/wp-content\/uploads\/2023\/05\/norway.png","width":512,"height":512},{"@type":"BreadcrumbList","@id":"https:\/\/talkpal.ai\/lt\/norvegu-kalbos-gramatikos-pratimai\/#breadcrumb","itemListElement":[{"@type":"ListItem","position":1,"name":"Homepage","item":"https:\/\/talkpal.ai\/lt\/"},{"@type":"ListItem","position":2,"name":"Norveg\u0173 kalbos gramatikos pratimai"}]},{"@type":"WebSite","@id":"https:\/\/talkpal.ai\/lt\/#website","url":"https:\/\/talkpal.ai\/lt\/","name":"Talkpal","description":"AI Language Learning","publisher":{"@id":"https:\/\/talkpal.ai\/lt\/#organization"},"alternateName":"Talkpal AI","potentialAction":[{"@type":"SearchAction","target":{"@type":"EntryPoint","urlTemplate":"https:\/\/talkpal.ai\/lt\/?s={search_term_string}"},"query-input":{"@type":"PropertyValueSpecification","valueRequired":true,"valueName":"search_term_string"}}],"inLanguage":"lt-LT"},{"@type":"Organization","@id":"https:\/\/talkpal.ai\/lt\/#organization","name":"Talkpal, Inc.","alternateName":"Talkpal AI","url":"https:\/\/talkpal.ai\/lt\/","logo":{"@type":"ImageObject","inLanguage":"lt-LT","@id":"https:\/\/talkpal.ai\/lt\/#\/schema\/logo\/image\/","url":"https:\/\/talkpal.ai\/wp-content\/uploads\/2024\/03\/Talkpal-Logo-Icon.png","contentUrl":"https:\/\/talkpal.ai\/wp-content\/uploads\/2024\/03\/Talkpal-Logo-Icon.png","width":2880,"height":2880,"caption":"Talkpal, Inc."},"image":{"@id":"https:\/\/talkpal.ai\/lt\/#\/schema\/logo\/image\/"},"sameAs":["https:\/\/www.facebook.com\/profile.php?id=100090733639311","https:\/\/x.com\/talkpalai","https:\/\/www.linkedin.com\/company\/talkpal\/","https:\/\/www.youtube.com\/@TalkPal\/","https:\/\/www.tiktok.com\/@talkpal","https:\/\/www.instagram.com\/talkpal_ai\/","https:\/\/www.crunchbase.com\/organization\/talkpal-9cde","https:\/\/www.g2.com\/products\/talkpal-for-business\/","https:\/\/www.trustpilot.com\/review\/talkpal.ai","https:\/\/www.capterra.com\/p\/10006800\/TalkPal\/"],"description":"Talkpal is a language learning web and mobile education app, powered by the latest AI technologies, that provides engaging experiences to its customers in many different languages to help them improve their language skills. Users can chat about unlimited amount of topics with the app and use other modes to practice their language learning.","email":"support@talkpal.ai","legalName":"Talkpal, Inc.","foundingDate":"2023-04-03","duns":"118989042","numberOfEmployees":{"@type":"QuantitativeValue","minValue":"11","maxValue":"50"},"publishingPrinciples":"https:\/\/talkpal.ai\/publishing-principles\/","actionableFeedbackPolicy":"https:\/\/talkpal.ai\/actionable-feedback-policy\/","correctionsPolicy":"https:\/\/talkpal.ai\/corrections-policy\/","ethicsPolicy":"https:\/\/talkpal.ai\/ethics-policy\/","diversityPolicy":"https:\/\/talkpal.ai\/diversity-policy\/","diversityStaffingReport":"https:\/\/talkpal.ai\/diversity-policy\/"}]}},"_links":{"self":[{"href":"https:\/\/talkpal.ai\/lt\/wp-json\/wp\/v2\/pages\/158549","targetHints":{"allow":["GET"]}}],"collection":[{"href":"https:\/\/talkpal.ai\/lt\/wp-json\/wp\/v2\/pages"}],"about":[{"href":"https:\/\/talkpal.ai\/lt\/wp-json\/wp\/v2\/types\/page"}],"author":[{"embeddable":true,"href":"https:\/\/talkpal.ai\/lt\/wp-json\/wp\/v2\/users\/6"}],"replies":[{"embeddable":true,"href":"https:\/\/talkpal.ai\/lt\/wp-json\/wp\/v2\/comments?post=158549"}],"version-history":[{"count":0,"href":"https:\/\/talkpal.ai\/lt\/wp-json\/wp\/v2\/pages\/158549\/revisions"}],"wp:featuredmedia":[{"embeddable":true,"href":"https:\/\/talkpal.ai\/lt\/wp-json\/wp\/v2\/media\/116866"}],"wp:attachment":[{"href":"https:\/\/talkpal.ai\/lt\/wp-json\/wp\/v2\/media?parent=158549"}],"curies":[{"name":"wp","href":"https:\/\/api.w.org\/{rel}","templated":true}]}}