{"id":158263,"date":"2023-06-27T08:51:37","date_gmt":"2023-06-27T08:51:37","guid":{"rendered":"http:\/\/talkpal.ai\/persu-kalbos-gramatikos-pratimai\/"},"modified":"2025-12-17T15:14:16","modified_gmt":"2025-12-17T15:14:16","slug":"persu-kalbos-gramatikos-pratimai","status":"publish","type":"page","link":"https:\/\/talkpal.ai\/lt\/persu-kalbos-gramatikos-pratimai\/","title":{"rendered":"Pers\u0173 kalbos gramatikos pratimai"},"content":{"rendered":"\r\n\r\n\r\n<section class=\"languageChallengeSection\">\r\n    <div class=\"languageInfoWrapper\">\r\n        \r\n        <h1>Pers\u0173 kalbos gramatikos pratimai<\/h1>\r\n        <p>Ar esate pasireng\u0119 pagerinti savo <a href=\"https:\/\/talkpal.ai\/lt\/mokykites-persu-kalbos\/\">pers\u0173 kalbos<\/a> \u012fg\u016bd\u017eius? Gramatikos pratimai yra puikus b\u016bdas \u012fsisavinti sakinio strukt\u016br\u0105, veiksma\u017eod\u017eio formas ir pagrindinius <a href=\"https:\/\/talkpal.ai\/learn-persian\/\">pers\u0173<\/a> <a href=\"https:\/\/talkpal.ai\/what-language-is-spoken-on-the-international-space-station\/\">kalbos<\/a> modelius. Prad\u0117kite mokytis pers\u0173 kalbos gramatikos \u0161iandien ir steb\u0117kite, kaip su kiekvienu nauju pratimu auga j\u016bs\u0173 supratimas ir pasitik\u0117jimas savimi!<\/p>\r\n\r\n                            <a class=\"getStartedHidden\" href=\"https:\/\/app.talkpal.ai\/lt\/signup?lng=\">Prad\u0117k<\/a>\r\n        \r\n    <\/div>\r\n\r\n    <figure>\r\n    <img decoding=\"async\" width=\"768\" height=\"768\" src=\"https:\/\/talkpal.ai\/wp-content\/uploads\/2023\/06\/persian-768x768.png\" class=\"languageImage no-lazy\" alt=\"Language learning to comprehend global news\" fetchpriority=\"high\" sizes=\"(max-width: 768px) 150px, 768px\" srcset=\"https:\/\/talkpal.ai\/wp-content\/uploads\/2023\/06\/persian-768x768.png 768w, https:\/\/talkpal.ai\/wp-content\/uploads\/2023\/06\/persian-300x300.png 300w\" \/>\r\n    \r\n\r\n    <\/figure>\r\n\r\n            <a class=\"getStartedVisible\" href=\"https:\/\/app.talkpal.ai\/lt\/signup?lng=\">Prad\u0117k<\/a>\r\n    \r\n<\/section>\r\n\r\n\r\n<!-- <section class=\"grammarSection\">\r\n    <div class=\"grammarLinks\">\r\n            <\/div>\r\n<\/section> -->\r\n\r\n\r\n\r\n\r\n<section class=\"promotionalBanner\">\r\n    <p class=\"promotionalText\">Efektyviausias b\u016bdas mokytis kalbos<\/p>\r\n    <a class=\"promotionalLink\" href=\"https:\/\/app.talkpal.ai\/lt\/signup?lng=\">I\u0161bandykite Talkpal &#8221; nemokamai<\/a>\r\n<\/section>\n<div class=\"wp-block-group pageContainerStyle\"><div class=\"wp-block-group__inner-container is-layout-constrained wp-block-group-is-layout-constrained\">\n<h2 class=\"wp-block-heading\" id=\"h-persian-grammar-topics\">Pers\u0173 kalbos gramatikos temos<\/h2>\n\n\n\n<p>Pers\u0173 kalbos, dar vadinamos pers\u0173 kalba, <a href=\"https:\/\/talkpal.ai\/lt\/mokymasis\/\">mokymasis<\/a> gali b\u016bti \u012fdomi ir naudinga kelion\u0117, atverianti naujas galimybes suprasti turting\u0105 Irano ir kit\u0173 persi\u0161kai kalban\u010di\u0173 region\u0173 kult\u016br\u0105 ir istorij\u0105. Kaip besimokan\u010diajam, norint sukurti tvirt\u0105 kalbos pagrind\u0105, b\u016btina \u012fsisavinti \u012fvairius pers\u0173 kalbos gramatikos aspektus. \u0160iame vadove mes i\u0161nagrin\u0117sime \u012fvairius pers\u0173 kalbos gramatikos aspektus, \u012fskaitant laikus, veiksma\u017eod\u017eius, daiktavard\u017eius, straipsnius ir kitus esminius elementus, kad pad\u0117tume sistemingai ir efektyviai strukt\u016brizuoti mokymosi proces\u0105.<\/p>\n\n\n\n<h3 class=\"wp-block-heading\" id=\"h-1-nouns\">1. Daiktavard\u017eiai:<\/h3>\n\n\n\n<p>Prad\u0117kite mokytis pers\u0173 kalbos daiktavard\u017ei\u0173 pagrind\u0173, \u012fskaitant j\u0173 lyt\u012f (visi pers\u0173 kalbos daiktavard\u017eiai yra neutralios lyties), vienaskaitos ir daugiskaitos formas, taip pat &#8222;ezafe&#8221; vartojim\u0105 daiktavard\u017ei\u0173 valdymui ir ry\u0161iams tarp daiktavard\u017ei\u0173 parodyti.<\/p>\n\n\n\n<h3 class=\"wp-block-heading\" id=\"h-2-pronouns-determiners\">2. \u012evard\u017eiai\/determinantai:<\/h3>\n\n\n\n<p>Susipa\u017ein\u0119 su daiktavard\u017eiais, pereikite prie \u012fvard\u017ei\u0173 ir determinant\u0173 mokymosi. <a href=\"https:\/\/talkpal.ai\/learn-thai\/\">Tai<\/a> pad\u0117s jums suprasti, kaip pers\u0173 kalba nurodyti \u017emones ir objektus ir naudoti demonstratyvius, savininkus ir kiekybinius rodiklius.<\/p>\n\n\n\n<h3 class=\"wp-block-heading\" id=\"h-3-adjectives\">3. B\u016bdvard\u017eiai:<\/h3>\n\n\n\n<p>Su\u017einokite, kaip apib\u016bdinti daiktavard\u017eius naudojant b\u016bdvard\u017eius, \u012fskaitant j\u0173 i\u0161d\u0117stym\u0105 sakinyje ir kaip jie sutinka su daiktavard\u017eiais, kuriuos jie kei\u010dia.<\/p>\n\n\n\n<h3 class=\"wp-block-heading\" id=\"h-4-verbs\">4. Veiksma\u017eod\u017eiai:<\/h3>\n\n\n\n<p>Veiksma\u017eod\u017eiai yra bet kurios kalbos pagrindas, o pers\u0173 kalba n\u0117ra i\u0161imtis. Prad\u0117kite suprasti pers\u0173 veiksma\u017eod\u017eio strukt\u016br\u0105 ir paprast\u0105 dabartin\u0119 \u012ftamp\u0105, prie\u0161 pereidami prie kit\u0173 laik\u0173 ir nuotaik\u0173.<\/p>\n\n\n\n<h3 class=\"wp-block-heading\" id=\"h-5-tense-comparison\">5. \u012etemptas palyginimas:<\/h3>\n\n\n\n<p>I\u0161mok\u0119 veiksma\u017eod\u017ei\u0173 pagrindus ir paprast\u0105 dabartin\u0119 \u012ftamp\u0105, palyginkite ir sugretinkite skirtingus laikus, kad suprastum\u0117te, kaip jie naudojami pers\u0173 kalba. Tai apima praeities, ateities ir s\u0105lyginius laikus.<\/p>\n\n\n\n<h3 class=\"wp-block-heading\" id=\"h-6-progressive-and-perfect-progressive\">6. Progresyvus ir tobulas progresyvus:<\/h3>\n\n\n\n<p>Su\u017einokite progresyvius ir tobulus progresyvius pers\u0173 veiksma\u017eod\u017ei\u0173 aspektus, kad i\u0161reik\u0161tum\u0117te vykdomus ar u\u017ebaigtus veiksmus.<\/p>\n\n\n\n<h3 class=\"wp-block-heading\" id=\"h-7-adverbs\">7. Prieveiksmiai:<\/h3>\n\n\n\n<p>Prieveiksmiai yra b\u016btini norint prid\u0117ti niuans\u0173 ir konteksto j\u016bs\u0173 pers\u0173 sakiniams. Su\u017einokite apie j\u0173 viet\u0105 ir kaip jie modifikuoja veiksma\u017eod\u017eius, b\u016bdvard\u017eius ir kitus prieveiksmius.<\/p>\n\n\n\n<h3 class=\"wp-block-heading\" id=\"h-8-conditionals\">8. S\u0105lygos:<\/h3>\n\n\n\n<p>Suprasti, kaip i\u0161reik\u0161ti hipotetines situacijas ir pasekmes, mokantis pers\u0173 s\u0105lygini\u0173 sakini\u0173.<\/p>\n\n\n\n<h3 class=\"wp-block-heading\" id=\"h-9-prepositions\">9. Prielinksniai:<\/h3>\n\n\n\n<p>Prielinksniai yra b\u016btini norint parodyti ry\u0161ius tarp \u017eod\u017ei\u0173 ir frazi\u0173 sakinyje. Su\u017einokite apie labiausiai paplitusius pers\u0173 prielinksnius ir kaip juos teisingai naudoti.<\/p>\n\n\n\n<h3 class=\"wp-block-heading\" id=\"h-10-sentences\">10. Sakiniai:<\/h3>\n\n\n\n<p>Galiausiai, praktikuokite vis\u0173 pers\u0173 gramatikos element\u0173 sujungim\u0105, sudarydami pilnus sakinius. Sutelkite d\u0117mes\u012f \u012f skirtingas sakini\u0173 strukt\u016bras, \u012fskaitant paprastus, sud\u0117tinius ir sud\u0117tingus sakinius, taip pat klausimus ir imperatyvius teiginius.<\/p>\n\n\n\n<p>Laikydamiesi \u0161ios pers\u0173 gramatikos tem\u0173 mokymosi sekos, sukursite tvirt\u0105 pagrind\u0105 kalba, kuri leis jums efektyviai bendrauti ir \u012fvertinti pers\u0173 literat\u016bros ir kult\u016bros gro\u017e\u012f.<\/p>\n<\/div><\/div>\n\r\n<section class=\"learnNavigationSection\">\r\n            \r\n        <a href=\"https:\/\/talkpal.ai\/lt\/mokykites-persu-kalbos\/\">\r\n            <div class=\"learnNavigationWrapper\">\r\n                <div class=\"learnNavigationContent\">\r\n                    <img decoding=\"async\" src=\"https:\/\/talkpal.ai\/wp-content\/uploads\/2024\/08\/Persian.jpg\" alt=\"Persian Flag\">\r\n                    <div>\r\n                        <h4>Apie pers\u0173 kalbos mokym\u0105si<\/h4>\r\n                        <p>Su\u017einokite visk\u0105 apie pers\u0173 kalbos gramatik\u0105.<\/p>\r\n                    <\/div>\r\n                <\/div>\r\n            <\/div>\r\n        <\/a>\r\n\r\n        \r\n        <a href=\"https:\/\/talkpal.ai\/lt\/persu-kalbos-gramatika\/\">\r\n            <div class=\"learnNavigationWrapper\">\r\n                <div class=\"learnNavigationContent\">\r\n                    <img decoding=\"async\" src=\"https:\/\/talkpal.ai\/wp-content\/uploads\/2024\/08\/Persian.jpg\" alt=\"Persian Flag\">\r\n                    <div>\r\n                        <h4>Pers\u0173 kalbos gramatikos pamokos<\/h4>\r\n                        <p>Praktikuokite pers\u0173 kalbos gramatik\u0105.<\/p>\r\n                    <\/div>\r\n                <\/div>\r\n            <\/div>\r\n        <\/a>\r\n\r\n        \r\n        <a href=\"https:\/\/talkpal.ai\/vocabulary_language\/persian\/\">\r\n            <div class=\"learnNavigationWrapper\">\r\n                <div class=\"learnNavigationContent\">\r\n                    <img decoding=\"async\" src=\"https:\/\/talkpal.ai\/wp-content\/uploads\/2024\/08\/Persian.jpg\" alt=\"Persian Flag\">\r\n                    <div>\r\n                        <h4>Pers\u0173 kalbos \u017eodynas<\/h4>\r\n                        <p>Prapl\u0117skite savo pers\u0173 kalbos \u017eodyn\u0105.<\/p>\r\n                    <\/div>\r\n                <\/div>\r\n            <\/div>\r\n        <\/a>\r\n\r\n            <\/section>","protected":false},"excerpt":{"rendered":"<p>Pers\u0173 kalbos gramatikos temos Pers\u0173 kalbos, dar vadinamos pers\u0173 kalba, mokymasis gali b\u016bti \u012fdomi ir naudinga kelion\u0117, atverianti naujas galimybes suprasti turting\u0105 Irano ir kit\u0173 persi\u0161kai kalban\u010di\u0173 region\u0173 kult\u016br\u0105 ir istorij\u0105. Kaip besimokan\u010diajam, norint sukurti tvirt\u0105 kalbos pagrind\u0105, b\u016btina \u012fsisavinti \u012fvairius pers\u0173 kalbos gramatikos aspektus. \u0160iame vadove mes i\u0161nagrin\u0117sime \u012fvairius pers\u0173 kalbos gramatikos aspektus, \u012fskaitant [&hellip;]<\/p>\n","protected":false},"author":6,"featured_media":117129,"parent":0,"menu_order":0,"comment_status":"closed","ping_status":"closed","template":"LearningContentPage.php","meta":{"_acf_changed":false,"footnotes":""},"class_list":["post-158263","page","type-page","status-publish","has-post-thumbnail","hentry"],"acf":[],"yoast_head":"<!-- This site is optimized with the Yoast SEO Premium plugin v27.2 (Yoast SEO v27.2) - https:\/\/yoast.com\/product\/yoast-seo-premium-wordpress\/ -->\n<title>Pers\u0173 kalbos gramatikos pratimai - Talkpal<\/title>\n<meta name=\"description\" content=\"\u012esisavinkite pers\u0173 kalbos gramatikos pratimus, kad sustiprintum\u0117te savo kalbos \u012fg\u016bd\u017eius ir susipa\u017eintum\u0117te su persi\u0161kai kalban\u010di\u0173 region\u0173 kult\u016bra.\" \/>\n<meta name=\"robots\" content=\"index, follow, max-snippet:-1, max-image-preview:large, max-video-preview:-1\" \/>\n<link rel=\"canonical\" href=\"https:\/\/talkpal.ai\/lt\/persu-kalbos-gramatikos-pratimai\/\" \/>\n<meta property=\"og:locale\" content=\"lt_LT\" \/>\n<meta property=\"og:type\" content=\"article\" \/>\n<meta property=\"og:title\" content=\"Pers\u0173 kalbos gramatikos pratimai\" \/>\n<meta property=\"og:description\" content=\"Pers\u0173 kalbos gramatikos temos Pers\u0173 kalbos, dar vadinamos pers\u0173 kalba, mokymasis gali b\u016bti \u012fdomi ir naudinga kelion\u0117, atverianti naujas galimybes suprasti\" \/>\n<meta property=\"og:url\" content=\"https:\/\/talkpal.ai\/lt\/persu-kalbos-gramatikos-pratimai\/\" \/>\n<meta property=\"og:site_name\" content=\"Talkpal\" \/>\n<meta property=\"article:publisher\" content=\"https:\/\/www.facebook.com\/profile.php?id=100090733639311\" \/>\n<meta property=\"article:modified_time\" content=\"2025-12-17T15:14:16+00:00\" \/>\n<meta property=\"og:image\" content=\"https:\/\/talkpal.ai\/wp-content\/uploads\/2023\/05\/Persian-iran.png\" \/>\n\t<meta property=\"og:image:width\" content=\"512\" \/>\n\t<meta property=\"og:image:height\" content=\"512\" \/>\n\t<meta property=\"og:image:type\" content=\"image\/png\" \/>\n<meta name=\"twitter:card\" content=\"summary_large_image\" \/>\n<meta name=\"twitter:site\" content=\"@talkpalai\" \/>\n<meta name=\"twitter:label1\" content=\"Est. reading time\" \/>\n\t<meta name=\"twitter:data1\" content=\"2 minut\u0117s\" \/>\n<script type=\"application\/ld+json\" class=\"yoast-schema-graph\">{\"@context\":\"https:\/\/schema.org\",\"@graph\":[{\"@type\":\"WebPage\",\"@id\":\"https:\/\/talkpal.ai\/lt\/persu-kalbos-gramatikos-pratimai\/\",\"url\":\"https:\/\/talkpal.ai\/lt\/persu-kalbos-gramatikos-pratimai\/\",\"name\":\"Pers\u0173 kalbos gramatikos pratimai - Talkpal\",\"isPartOf\":{\"@id\":\"https:\/\/talkpal.ai\/lt\/#website\"},\"primaryImageOfPage\":{\"@id\":\"https:\/\/talkpal.ai\/lt\/persu-kalbos-gramatikos-pratimai\/#primaryimage\"},\"image\":{\"@id\":\"https:\/\/talkpal.ai\/lt\/persu-kalbos-gramatikos-pratimai\/#primaryimage\"},\"thumbnailUrl\":\"https:\/\/talkpal.ai\/wp-content\/uploads\/2023\/05\/Persian-iran.png\",\"datePublished\":\"2023-06-27T08:51:37+00:00\",\"dateModified\":\"2025-12-17T15:14:16+00:00\",\"description\":\"\u012esisavinkite pers\u0173 kalbos gramatikos pratimus, kad sustiprintum\u0117te savo kalbos \u012fg\u016bd\u017eius ir susipa\u017eintum\u0117te su persi\u0161kai kalban\u010di\u0173 region\u0173 kult\u016bra.\",\"breadcrumb\":{\"@id\":\"https:\/\/talkpal.ai\/lt\/persu-kalbos-gramatikos-pratimai\/#breadcrumb\"},\"inLanguage\":\"lt-LT\",\"potentialAction\":[{\"@type\":\"ReadAction\",\"target\":[\"https:\/\/talkpal.ai\/lt\/persu-kalbos-gramatikos-pratimai\/\"]}]},{\"@type\":\"ImageObject\",\"inLanguage\":\"lt-LT\",\"@id\":\"https:\/\/talkpal.ai\/lt\/persu-kalbos-gramatikos-pratimai\/#primaryimage\",\"url\":\"https:\/\/talkpal.ai\/wp-content\/uploads\/2023\/05\/Persian-iran.png\",\"contentUrl\":\"https:\/\/talkpal.ai\/wp-content\/uploads\/2023\/05\/Persian-iran.png\",\"width\":512,\"height\":512},{\"@type\":\"BreadcrumbList\",\"@id\":\"https:\/\/talkpal.ai\/lt\/persu-kalbos-gramatikos-pratimai\/#breadcrumb\",\"itemListElement\":[{\"@type\":\"ListItem\",\"position\":1,\"name\":\"Homepage\",\"item\":\"https:\/\/talkpal.ai\/lt\/\"},{\"@type\":\"ListItem\",\"position\":2,\"name\":\"Pers\u0173 kalbos gramatikos pratimai\"}]},{\"@type\":\"WebSite\",\"@id\":\"https:\/\/talkpal.ai\/lt\/#website\",\"url\":\"https:\/\/talkpal.ai\/lt\/\",\"name\":\"Talkpal\",\"description\":\"AI Language Learning\",\"publisher\":{\"@id\":\"https:\/\/talkpal.ai\/lt\/#organization\"},\"alternateName\":\"Talkpal AI\",\"potentialAction\":[{\"@type\":\"SearchAction\",\"target\":{\"@type\":\"EntryPoint\",\"urlTemplate\":\"https:\/\/talkpal.ai\/lt\/?s={search_term_string}\"},\"query-input\":{\"@type\":\"PropertyValueSpecification\",\"valueRequired\":true,\"valueName\":\"search_term_string\"}}],\"inLanguage\":\"lt-LT\"},{\"@type\":\"Organization\",\"@id\":\"https:\/\/talkpal.ai\/lt\/#organization\",\"name\":\"Talkpal, Inc.\",\"alternateName\":\"Talkpal AI\",\"url\":\"https:\/\/talkpal.ai\/lt\/\",\"logo\":{\"@type\":\"ImageObject\",\"inLanguage\":\"lt-LT\",\"@id\":\"https:\/\/talkpal.ai\/lt\/#\/schema\/logo\/image\/\",\"url\":\"https:\/\/talkpal.ai\/wp-content\/uploads\/2024\/03\/Talkpal-Logo-Icon.png\",\"contentUrl\":\"https:\/\/talkpal.ai\/wp-content\/uploads\/2024\/03\/Talkpal-Logo-Icon.png\",\"width\":2880,\"height\":2880,\"caption\":\"Talkpal, Inc.\"},\"image\":{\"@id\":\"https:\/\/talkpal.ai\/lt\/#\/schema\/logo\/image\/\"},\"sameAs\":[\"https:\/\/www.facebook.com\/profile.php?id=100090733639311\",\"https:\/\/x.com\/talkpalai\",\"https:\/\/www.linkedin.com\/company\/talkpal\/\",\"https:\/\/www.youtube.com\/@TalkPal\/\",\"https:\/\/www.tiktok.com\/@talkpal\",\"https:\/\/www.instagram.com\/talkpal_ai\/\",\"https:\/\/www.crunchbase.com\/organization\/talkpal-9cde\",\"https:\/\/www.g2.com\/products\/talkpal-for-business\/\",\"https:\/\/www.trustpilot.com\/review\/talkpal.ai\",\"https:\/\/www.capterra.com\/p\/10006800\/TalkPal\/\"],\"description\":\"Talkpal is a language learning web and mobile education app, powered by the latest AI technologies, that provides engaging experiences to its customers in many different languages to help them improve their language skills. Users can chat about unlimited amount of topics with the app and use other modes to practice their language learning.\",\"email\":\"support@talkpal.ai\",\"legalName\":\"Talkpal, Inc.\",\"foundingDate\":\"2023-04-03\",\"duns\":\"118989042\",\"numberOfEmployees\":{\"@type\":\"QuantitativeValue\",\"minValue\":\"11\",\"maxValue\":\"50\"},\"publishingPrinciples\":\"https:\/\/talkpal.ai\/publishing-principles\/\",\"actionableFeedbackPolicy\":\"https:\/\/talkpal.ai\/actionable-feedback-policy\/\",\"correctionsPolicy\":\"https:\/\/talkpal.ai\/corrections-policy\/\",\"ethicsPolicy\":\"https:\/\/talkpal.ai\/ethics-policy\/\",\"diversityPolicy\":\"https:\/\/talkpal.ai\/diversity-policy\/\",\"diversityStaffingReport\":\"https:\/\/talkpal.ai\/diversity-policy\/\"}]}<\/script>\n<!-- \/ Yoast SEO Premium plugin. -->","yoast_head_json":{"title":"Pers\u0173 kalbos gramatikos pratimai - Talkpal","description":"\u012esisavinkite pers\u0173 kalbos gramatikos pratimus, kad sustiprintum\u0117te savo kalbos \u012fg\u016bd\u017eius ir susipa\u017eintum\u0117te su persi\u0161kai kalban\u010di\u0173 region\u0173 kult\u016bra.","robots":{"index":"index","follow":"follow","max-snippet":"max-snippet:-1","max-image-preview":"max-image-preview:large","max-video-preview":"max-video-preview:-1"},"canonical":"https:\/\/talkpal.ai\/lt\/persu-kalbos-gramatikos-pratimai\/","og_locale":"lt_LT","og_type":"article","og_title":"Pers\u0173 kalbos gramatikos pratimai","og_description":"Pers\u0173 kalbos gramatikos temos Pers\u0173 kalbos, dar vadinamos pers\u0173 kalba, mokymasis gali b\u016bti \u012fdomi ir naudinga kelion\u0117, atverianti naujas galimybes suprasti","og_url":"https:\/\/talkpal.ai\/lt\/persu-kalbos-gramatikos-pratimai\/","og_site_name":"Talkpal","article_publisher":"https:\/\/www.facebook.com\/profile.php?id=100090733639311","article_modified_time":"2025-12-17T15:14:16+00:00","og_image":[{"width":512,"height":512,"url":"https:\/\/talkpal.ai\/wp-content\/uploads\/2023\/05\/Persian-iran.png","type":"image\/png"}],"twitter_card":"summary_large_image","twitter_site":"@talkpalai","twitter_misc":{"Est. reading time":"2 minut\u0117s"},"schema":{"@context":"https:\/\/schema.org","@graph":[{"@type":"WebPage","@id":"https:\/\/talkpal.ai\/lt\/persu-kalbos-gramatikos-pratimai\/","url":"https:\/\/talkpal.ai\/lt\/persu-kalbos-gramatikos-pratimai\/","name":"Pers\u0173 kalbos gramatikos pratimai - Talkpal","isPartOf":{"@id":"https:\/\/talkpal.ai\/lt\/#website"},"primaryImageOfPage":{"@id":"https:\/\/talkpal.ai\/lt\/persu-kalbos-gramatikos-pratimai\/#primaryimage"},"image":{"@id":"https:\/\/talkpal.ai\/lt\/persu-kalbos-gramatikos-pratimai\/#primaryimage"},"thumbnailUrl":"https:\/\/talkpal.ai\/wp-content\/uploads\/2023\/05\/Persian-iran.png","datePublished":"2023-06-27T08:51:37+00:00","dateModified":"2025-12-17T15:14:16+00:00","description":"\u012esisavinkite pers\u0173 kalbos gramatikos pratimus, kad sustiprintum\u0117te savo kalbos \u012fg\u016bd\u017eius ir susipa\u017eintum\u0117te su persi\u0161kai kalban\u010di\u0173 region\u0173 kult\u016bra.","breadcrumb":{"@id":"https:\/\/talkpal.ai\/lt\/persu-kalbos-gramatikos-pratimai\/#breadcrumb"},"inLanguage":"lt-LT","potentialAction":[{"@type":"ReadAction","target":["https:\/\/talkpal.ai\/lt\/persu-kalbos-gramatikos-pratimai\/"]}]},{"@type":"ImageObject","inLanguage":"lt-LT","@id":"https:\/\/talkpal.ai\/lt\/persu-kalbos-gramatikos-pratimai\/#primaryimage","url":"https:\/\/talkpal.ai\/wp-content\/uploads\/2023\/05\/Persian-iran.png","contentUrl":"https:\/\/talkpal.ai\/wp-content\/uploads\/2023\/05\/Persian-iran.png","width":512,"height":512},{"@type":"BreadcrumbList","@id":"https:\/\/talkpal.ai\/lt\/persu-kalbos-gramatikos-pratimai\/#breadcrumb","itemListElement":[{"@type":"ListItem","position":1,"name":"Homepage","item":"https:\/\/talkpal.ai\/lt\/"},{"@type":"ListItem","position":2,"name":"Pers\u0173 kalbos gramatikos pratimai"}]},{"@type":"WebSite","@id":"https:\/\/talkpal.ai\/lt\/#website","url":"https:\/\/talkpal.ai\/lt\/","name":"Talkpal","description":"AI Language Learning","publisher":{"@id":"https:\/\/talkpal.ai\/lt\/#organization"},"alternateName":"Talkpal AI","potentialAction":[{"@type":"SearchAction","target":{"@type":"EntryPoint","urlTemplate":"https:\/\/talkpal.ai\/lt\/?s={search_term_string}"},"query-input":{"@type":"PropertyValueSpecification","valueRequired":true,"valueName":"search_term_string"}}],"inLanguage":"lt-LT"},{"@type":"Organization","@id":"https:\/\/talkpal.ai\/lt\/#organization","name":"Talkpal, Inc.","alternateName":"Talkpal AI","url":"https:\/\/talkpal.ai\/lt\/","logo":{"@type":"ImageObject","inLanguage":"lt-LT","@id":"https:\/\/talkpal.ai\/lt\/#\/schema\/logo\/image\/","url":"https:\/\/talkpal.ai\/wp-content\/uploads\/2024\/03\/Talkpal-Logo-Icon.png","contentUrl":"https:\/\/talkpal.ai\/wp-content\/uploads\/2024\/03\/Talkpal-Logo-Icon.png","width":2880,"height":2880,"caption":"Talkpal, Inc."},"image":{"@id":"https:\/\/talkpal.ai\/lt\/#\/schema\/logo\/image\/"},"sameAs":["https:\/\/www.facebook.com\/profile.php?id=100090733639311","https:\/\/x.com\/talkpalai","https:\/\/www.linkedin.com\/company\/talkpal\/","https:\/\/www.youtube.com\/@TalkPal\/","https:\/\/www.tiktok.com\/@talkpal","https:\/\/www.instagram.com\/talkpal_ai\/","https:\/\/www.crunchbase.com\/organization\/talkpal-9cde","https:\/\/www.g2.com\/products\/talkpal-for-business\/","https:\/\/www.trustpilot.com\/review\/talkpal.ai","https:\/\/www.capterra.com\/p\/10006800\/TalkPal\/"],"description":"Talkpal is a language learning web and mobile education app, powered by the latest AI technologies, that provides engaging experiences to its customers in many different languages to help them improve their language skills. Users can chat about unlimited amount of topics with the app and use other modes to practice their language learning.","email":"support@talkpal.ai","legalName":"Talkpal, Inc.","foundingDate":"2023-04-03","duns":"118989042","numberOfEmployees":{"@type":"QuantitativeValue","minValue":"11","maxValue":"50"},"publishingPrinciples":"https:\/\/talkpal.ai\/publishing-principles\/","actionableFeedbackPolicy":"https:\/\/talkpal.ai\/actionable-feedback-policy\/","correctionsPolicy":"https:\/\/talkpal.ai\/corrections-policy\/","ethicsPolicy":"https:\/\/talkpal.ai\/ethics-policy\/","diversityPolicy":"https:\/\/talkpal.ai\/diversity-policy\/","diversityStaffingReport":"https:\/\/talkpal.ai\/diversity-policy\/"}]}},"_links":{"self":[{"href":"https:\/\/talkpal.ai\/lt\/wp-json\/wp\/v2\/pages\/158263","targetHints":{"allow":["GET"]}}],"collection":[{"href":"https:\/\/talkpal.ai\/lt\/wp-json\/wp\/v2\/pages"}],"about":[{"href":"https:\/\/talkpal.ai\/lt\/wp-json\/wp\/v2\/types\/page"}],"author":[{"embeddable":true,"href":"https:\/\/talkpal.ai\/lt\/wp-json\/wp\/v2\/users\/6"}],"replies":[{"embeddable":true,"href":"https:\/\/talkpal.ai\/lt\/wp-json\/wp\/v2\/comments?post=158263"}],"version-history":[{"count":0,"href":"https:\/\/talkpal.ai\/lt\/wp-json\/wp\/v2\/pages\/158263\/revisions"}],"wp:featuredmedia":[{"embeddable":true,"href":"https:\/\/talkpal.ai\/lt\/wp-json\/wp\/v2\/media\/117129"}],"wp:attachment":[{"href":"https:\/\/talkpal.ai\/lt\/wp-json\/wp\/v2\/media?parent=158263"}],"curies":[{"name":"wp","href":"https:\/\/api.w.org\/{rel}","templated":true}]}}