{"id":157977,"date":"2023-06-27T09:07:34","date_gmt":"2023-06-27T09:07:34","guid":{"rendered":"http:\/\/talkpal.ai\/lenku-kalbos-gramatikos-pratimai\/"},"modified":"2025-12-17T09:57:21","modified_gmt":"2025-12-17T09:57:21","slug":"lenku-kalbos-gramatikos-pratimai","status":"publish","type":"page","link":"https:\/\/talkpal.ai\/lt\/lenku-kalbos-gramatikos-pratimai\/","title":{"rendered":"Lenk\u0173 kalbos gramatikos pratimai"},"content":{"rendered":"\r\n\r\n\r\n<section class=\"languageChallengeSection\">\r\n    <div class=\"languageInfoWrapper\">\r\n        \r\n        <h1>Lenk\u0173 kalbos gramatikos pratimai<\/h1>\r\n        <p>Ar esate pasireng\u0119 patobulinti <a href=\"https:\/\/talkpal.ai\/learn-polish\/\">lenk\u0173<\/a> <a href=\"https:\/\/talkpal.ai\/what-language-is-spoken-on-the-international-space-station\/\">kalbos<\/a> \u012fg\u016bd\u017eius? Gramatikos pratimai &#8211; puikus b\u016bdas \u012fsisavinti sakinio strukt\u016br\u0105, veiksma\u017eod\u017ei\u0173 junginius ir unikalius lenk\u0173 kalbos modelius. Prad\u0117kite mokytis lenk\u0173 kalbos gramatikos \u0161iandien ir pamatysite, kaip su kiekvienu pratimu ger\u0117ja j\u016bs\u0173 pasitik\u0117jimas savimi ir sklandus kalb\u0117jimas!\n\n<\/p>\r\n\r\n                            <a class=\"getStartedHidden\" href=\"https:\/\/app.talkpal.ai\/lt\/signup?lng=\">Prad\u0117k<\/a>\r\n        \r\n    <\/div>\r\n\r\n    <figure>\r\n    <img decoding=\"async\" width=\"768\" height=\"768\" src=\"https:\/\/talkpal.ai\/wp-content\/uploads\/2023\/06\/polish-768x768.png\" class=\"languageImage no-lazy\" alt=\"Practical tips on language learning techniques\" fetchpriority=\"high\" sizes=\"(max-width: 768px) 150px, 768px\" srcset=\"https:\/\/talkpal.ai\/wp-content\/uploads\/2023\/06\/polish-768x768.png 768w, https:\/\/talkpal.ai\/wp-content\/uploads\/2023\/06\/polish-300x300.png 300w\" \/>\r\n    \r\n\r\n    <\/figure>\r\n\r\n            <a class=\"getStartedVisible\" href=\"https:\/\/app.talkpal.ai\/lt\/signup?lng=\">Prad\u0117k<\/a>\r\n    \r\n<\/section>\r\n\r\n\r\n<!-- <section class=\"grammarSection\">\r\n    <div class=\"grammarLinks\">\r\n            <\/div>\r\n<\/section> -->\r\n\r\n\r\n\r\n\r\n<section class=\"promotionalBanner\">\r\n    <p class=\"promotionalText\">Efektyviausias b\u016bdas mokytis kalbos<\/p>\r\n    <a class=\"promotionalLink\" href=\"https:\/\/app.talkpal.ai\/lt\/signup?lng=\">I\u0161bandykite Talkpal &#8221; nemokamai<\/a>\r\n<\/section>\n<div class=\"wp-block-group pageContainerStyle\"><div class=\"wp-block-group__inner-container is-layout-constrained wp-block-group-is-layout-constrained\">\n<h2 class=\"wp-block-heading\" id=\"h-polish-grammar-topics\">Lenk\u0173 kalbos gramatikos temos<\/h2>\n\n\n\n<p>Lenk\u0173 kalba, vakar\u0173 slav\u0173 kalba, yra gimtoji Lenkijos kalba, kuria kalba milijonai \u017emoni\u0173 visame pasaulyje. D\u0117l sud\u0117tingos gramatikos sistemos ir unikalaus tarimo lenk\u0173 <a href=\"https:\/\/talkpal.ai\/lt\/kaip-ismokti-kalba-per-talkpal-chat\/\">kalbos mokymasis<\/a> gali b\u016bti gana sud\u0117tingas, bet ir naudingas. Norint gerai suprasti kalb\u0105 ir j\u0105 \u012fvaldyti, labai svarbu strukt\u016brizuotai ir logi\u0161ka seka i\u0161mokti gramatikos taisykles. \u0160iame vadove i\u0161nagrin\u0117sime pagrindines gramatikos temas lenk\u0173 kalba, tokias kaip laikai, veiksma\u017eod\u017eiai, daiktavard\u017eiai, straipsniai, \u012fvard\u017eiai, b\u016bdvard\u017eiai, prieveiksmiai, s\u0105lygin\u0117s s\u0105lygos, prielinksniai ir sakini\u0173 strukt\u016bros. Laikydamiesi \u0161ios sekos, gal\u0117site palaipsniui tobulinti savo lenk\u0173 kalbos \u012fg\u016bd\u017eius ir efektyviai bendrauti.<\/p>\n\n\n\n<h3 class=\"wp-block-heading\" id=\"h-1-nouns\">1. Daiktavard\u017eiai:<\/h3>\n\n\n\n<p>Lenk\u0173 kalba daiktavard\u017eiai skirstomi \u012f tris lytis: vyri\u0161k\u0105, moteri\u0161k\u0105 ir neuterin\u0119. Jie taip pat turi septynis atvejus: nominacin\u012f, kilmin\u012f, dative, akustin\u012f, instrumentin\u012f, lokacin\u012f ir garsin\u012f. Lyties ir atvej\u0173 sistemos <a href=\"https:\/\/talkpal.ai\/lt\/mokymasis\/\">mokymasis<\/a> yra labai svarbus norint suprasti sakini\u0173 strukt\u016bras ir naudoti teisingas kit\u0173 gramatikos element\u0173, toki\u0173 kaip b\u016bdvard\u017eiai ir \u012fvard\u017eiai, formas.<\/p>\n\n\n\n<h3 class=\"wp-block-heading\" id=\"h-2-pronouns-determiners\">2. \u012evard\u017eiai\/determinantai:<\/h3>\n\n\n\n<p>Lenk\u0173 \u012fvard\u017eiai ir determinantai sutinka su daiktavard\u017eiais pagal lyt\u012f, skai\u010di\u0173 ir atvej\u012f. Jie apima asmeninius, turiningus, parodomuosius, klausiamuosius ir santykinius \u012fvard\u017eius. \u012evard\u017ei\u0173 ir determinant\u0173 vartojimo \u012fvaldymas padeda kurti sud\u0117tingesnius sakinius ir i\u0161reik\u0161ti \u012fvairius \u017eod\u017ei\u0173 santykius.<\/p>\n\n\n\n<h3 class=\"wp-block-heading\" id=\"h-3-adjectives\">3. B\u016bdvard\u017eiai:<\/h3>\n\n\n\n<p>B\u016bdvard\u017eiai lenk\u0173 kalboje sutinka su daiktavard\u017eiais lytimi, skai\u010diumi ir atveju. Jie turi skirtingas formas, pagr\u012fstas \u0161iais veiksniais, tod\u0117l b\u016bdvard\u017ei\u0173 deklaravimo modeli\u0173 mokymasis yra b\u016btinas norint tinkamai naudoti ir suprasti apra\u0161om\u0105sias frazes.<\/p>\n\n\n\n<h3 class=\"wp-block-heading\" id=\"h-4-verbs\">4. Veiksma\u017eod\u017eiai:<\/h3>\n\n\n\n<p>Lenk\u0173 veiksma\u017eod\u017ei\u0173 sistem\u0105 sudaro trys laikai: praeitis, dabartis ir ateitis. Veiksma\u017eod\u017eiai taip pat turi skirtingas formas, pagr\u012fstas aspektu (tobulu ar netobulu) ir konjugacijos modeliais. Veiksma\u017eod\u017ei\u0173 konjugacijos ir aspekto pagrind\u0173 mokymasis yra labai svarbus norint i\u0161reik\u0161ti veiksmus, \u012fvykius ir b\u016bsenas \u012fvairiais laikotarpiais.<\/p>\n\n\n\n<h3 class=\"wp-block-heading\" id=\"h-5-tense-comparison\">5. \u012etemptas palyginimas:<\/h3>\n\n\n\n<p>Suprasdami skirtumus ir pana\u0161umus tarp trij\u0173 laik\u0173 lenk\u0173 kalba, galite tiksliai i\u0161reik\u0161ti laiko santykius. <a href=\"https:\/\/talkpal.ai\/learn-thai\/\">Tai<\/a> apima paprast\u0173, progresyvi\u0173 ir tobul\u0173 progresyvi\u0173 form\u0173 formavim\u0105 ir naudojim\u0105.<\/p>\n\n\n\n<h3 class=\"wp-block-heading\" id=\"h-6-adverbs\">6. Prieveiksmiai:<\/h3>\n\n\n\n<p>Prieveiksmiai lenk\u0173 kalba suteikia papildomos informacijos apie veiksma\u017eod\u017eius, b\u016bdvard\u017eius ar kitus prieveiksmius. Paprastai jie nekei\u010dia savo formos, tod\u0117l juos gana lengva i\u0161mokti. \u017dinojimas, kaip tinkamai naudoti prieveiksmius, padidina j\u016bs\u0173 kalbos i\u0161rai\u0161kingum\u0105.<\/p>\n\n\n\n<h3 class=\"wp-block-heading\" id=\"h-7-prepositions\">7. Prielinksniai:<\/h3>\n\n\n\n<p>Lenk\u0173 prielinksniai valdo konkre\u010dius atvejus ir parodo ry\u0161ius tarp \u017eod\u017ei\u0173 sakinyje. I\u0161mokti taisyklingai vartoti prielinksnius ir juos atitinkan\u010dius atvejus yra gyvybi\u0161kai svarbu kuriant sud\u0117tingesnius sakinius ir i\u0161rei\u0161kiant \u012fvairius \u017eod\u017ei\u0173 santykius.<\/p>\n\n\n\n<h3 class=\"wp-block-heading\" id=\"h-8-conditionals\">8. S\u0105lygos:<\/h3>\n\n\n\n<p>Lygtiniai nuosprend\u017eiai lenk\u0173 kalba i\u0161rei\u0161kia hipotetines situacijas ir j\u0173 pasekmes. Paprastai juos sudaro dvi s\u0105lygos: s\u0105lyga (jei s\u0105lyga) ir rezultatas (pagrindin\u0117 s\u0105lyga). Mokymasis apie s\u0105lyg\u0173 formavim\u0105 ir naudojim\u0105 leid\u017eia tiksliai i\u0161reik\u0161ti hipotetines situacijas ir j\u0173 pasekmes.<\/p>\n\n\n\n<h3 class=\"wp-block-heading\" id=\"h-9-sentences\">9. Sakiniai:<\/h3>\n\n\n\n<p>Norint veiksmingai bendrauti lenk\u0173 kalba, b\u016btina suprasti pagrindines sakini\u0173 strukt\u016bras, \u012fskaitant deklaratyvinius, klausiamuosius, \u012fsakomuosius ir \u0161auksminamuosius sakinius. Sakini\u0173 strukt\u016br\u0173 \u012fvaldymas padeda i\u0161reik\u0161ti mintis, u\u017eduoti klausimus, duoti nurodymus ir perteikti emocijas lenk\u0173 kalba.<\/p>\n<\/div><\/div>\n\r\n<section class=\"learnNavigationSection\">\r\n            \r\n        <a href=\"https:\/\/talkpal.ai\/lt\/ismok-lenku-kalba\/\">\r\n            <div class=\"learnNavigationWrapper\">\r\n                <div class=\"learnNavigationContent\">\r\n                    <img decoding=\"async\" src=\"https:\/\/talkpal.ai\/wp-content\/uploads\/2024\/08\/Polish.jpg\" alt=\"Polish Flag\">\r\n                    <div>\r\n                        <h4>Apie lenk\u0173 kalbos mokym\u0105si<\/h4>\r\n                        <p>Su\u017einokite visk\u0105 apie lenk\u0173 kalbos gramatik\u0105.<\/p>\r\n                    <\/div>\r\n                <\/div>\r\n            <\/div>\r\n        <\/a>\r\n\r\n        \r\n        <a href=\"https:\/\/talkpal.ai\/lt\/lenku-kalbos-gramatika\/\">\r\n            <div class=\"learnNavigationWrapper\">\r\n                <div class=\"learnNavigationContent\">\r\n                    <img decoding=\"async\" src=\"https:\/\/talkpal.ai\/wp-content\/uploads\/2024\/08\/Polish.jpg\" alt=\"Polish Flag\">\r\n                    <div>\r\n                        <h4>Lenk\u0173 kalbos gramatikos pamokos<\/h4>\r\n                        <p>Praktikuokite lenk\u0173 kalbos gramatik\u0105.<\/p>\r\n                    <\/div>\r\n                <\/div>\r\n            <\/div>\r\n        <\/a>\r\n\r\n        \r\n        <a href=\"https:\/\/talkpal.ai\/vocabulary_language\/polish\/\">\r\n            <div class=\"learnNavigationWrapper\">\r\n                <div class=\"learnNavigationContent\">\r\n                    <img decoding=\"async\" src=\"https:\/\/talkpal.ai\/wp-content\/uploads\/2024\/08\/Polish.jpg\" alt=\"Polish Flag\">\r\n                    <div>\r\n                        <h4>Lenk\u0173 kalbos \u017eodynas<\/h4>\r\n                        <p>Prapl\u0117skite savo lenk\u0173 kalbos \u017eodyn\u0105.<\/p>\r\n                    <\/div>\r\n                <\/div>\r\n            <\/div>\r\n        <\/a>\r\n\r\n            <\/section>","protected":false},"excerpt":{"rendered":"<p>Lenk\u0173 kalbos gramatikos temos Lenk\u0173 kalba, vakar\u0173 slav\u0173 kalba, yra gimtoji Lenkijos kalba, kuria kalba milijonai \u017emoni\u0173 visame pasaulyje. D\u0117l sud\u0117tingos gramatikos sistemos ir unikalaus tarimo lenk\u0173 kalbos mokymasis gali b\u016bti gana sud\u0117tingas, bet ir naudingas. Norint gerai suprasti kalb\u0105 ir j\u0105 \u012fvaldyti, labai svarbu strukt\u016brizuotai ir logi\u0161ka seka i\u0161mokti gramatikos taisykles. \u0160iame vadove i\u0161nagrin\u0117sime [&hellip;]<\/p>\n","protected":false},"author":6,"featured_media":117760,"parent":0,"menu_order":0,"comment_status":"closed","ping_status":"closed","template":"LearningContentPage.php","meta":{"_acf_changed":false,"footnotes":""},"class_list":["post-157977","page","type-page","status-publish","has-post-thumbnail","hentry"],"acf":[],"yoast_head":"<!-- This site is optimized with the Yoast SEO Premium plugin v27.2 (Yoast SEO v27.2) - https:\/\/yoast.com\/product\/yoast-seo-premium-wordpress\/ -->\n<title>Lenk\u0173 kalbos gramatikos pratimai - Talkpal<\/title>\n<meta name=\"description\" content=\"\u012evaldykite lenk\u0173 kalbos gramatik\u0105 naudodami interaktyvius pratimus, skirtus visiems lygiams. Praktikuokit\u0117s ir tobulinkite savo kalbos \u012fg\u016bd\u017eius!\" \/>\n<meta name=\"robots\" content=\"index, follow, max-snippet:-1, max-image-preview:large, max-video-preview:-1\" \/>\n<link rel=\"canonical\" href=\"https:\/\/talkpal.ai\/lt\/lenku-kalbos-gramatikos-pratimai\/\" \/>\n<meta property=\"og:locale\" content=\"lt_LT\" \/>\n<meta property=\"og:type\" content=\"article\" \/>\n<meta property=\"og:title\" content=\"Lenk\u0173 kalbos gramatikos pratimai\" \/>\n<meta property=\"og:description\" content=\"Lenk\u0173 kalbos gramatikos temos Lenk\u0173 kalba, vakar\u0173 slav\u0173 kalba, yra gimtoji Lenkijos kalba, kuria kalba milijonai \u017emoni\u0173 visame pasaulyje. D\u0117l sud\u0117tingos\" \/>\n<meta property=\"og:url\" content=\"https:\/\/talkpal.ai\/lt\/lenku-kalbos-gramatikos-pratimai\/\" \/>\n<meta property=\"og:site_name\" content=\"Talkpal\" \/>\n<meta property=\"article:publisher\" content=\"https:\/\/www.facebook.com\/profile.php?id=100090733639311\" \/>\n<meta property=\"article:modified_time\" content=\"2025-12-17T09:57:21+00:00\" \/>\n<meta property=\"og:image\" content=\"https:\/\/talkpal.ai\/wp-content\/uploads\/2023\/05\/poland.png\" \/>\n\t<meta property=\"og:image:width\" content=\"512\" \/>\n\t<meta property=\"og:image:height\" content=\"512\" \/>\n\t<meta property=\"og:image:type\" content=\"image\/png\" \/>\n<meta name=\"twitter:card\" content=\"summary_large_image\" \/>\n<meta name=\"twitter:site\" content=\"@talkpalai\" \/>\n<meta name=\"twitter:label1\" content=\"Est. reading time\" \/>\n\t<meta name=\"twitter:data1\" content=\"3 minut\u0117s\" \/>\n<script type=\"application\/ld+json\" class=\"yoast-schema-graph\">{\"@context\":\"https:\/\/schema.org\",\"@graph\":[{\"@type\":\"WebPage\",\"@id\":\"https:\/\/talkpal.ai\/lt\/lenku-kalbos-gramatikos-pratimai\/\",\"url\":\"https:\/\/talkpal.ai\/lt\/lenku-kalbos-gramatikos-pratimai\/\",\"name\":\"Lenk\u0173 kalbos gramatikos pratimai - Talkpal\",\"isPartOf\":{\"@id\":\"https:\/\/talkpal.ai\/lt\/#website\"},\"primaryImageOfPage\":{\"@id\":\"https:\/\/talkpal.ai\/lt\/lenku-kalbos-gramatikos-pratimai\/#primaryimage\"},\"image\":{\"@id\":\"https:\/\/talkpal.ai\/lt\/lenku-kalbos-gramatikos-pratimai\/#primaryimage\"},\"thumbnailUrl\":\"https:\/\/talkpal.ai\/wp-content\/uploads\/2023\/05\/poland.png\",\"datePublished\":\"2023-06-27T09:07:34+00:00\",\"dateModified\":\"2025-12-17T09:57:21+00:00\",\"description\":\"\u012evaldykite lenk\u0173 kalbos gramatik\u0105 naudodami interaktyvius pratimus, skirtus visiems lygiams. Praktikuokit\u0117s ir tobulinkite savo kalbos \u012fg\u016bd\u017eius!\",\"breadcrumb\":{\"@id\":\"https:\/\/talkpal.ai\/lt\/lenku-kalbos-gramatikos-pratimai\/#breadcrumb\"},\"inLanguage\":\"lt-LT\",\"potentialAction\":[{\"@type\":\"ReadAction\",\"target\":[\"https:\/\/talkpal.ai\/lt\/lenku-kalbos-gramatikos-pratimai\/\"]}]},{\"@type\":\"ImageObject\",\"inLanguage\":\"lt-LT\",\"@id\":\"https:\/\/talkpal.ai\/lt\/lenku-kalbos-gramatikos-pratimai\/#primaryimage\",\"url\":\"https:\/\/talkpal.ai\/wp-content\/uploads\/2023\/05\/poland.png\",\"contentUrl\":\"https:\/\/talkpal.ai\/wp-content\/uploads\/2023\/05\/poland.png\",\"width\":512,\"height\":512},{\"@type\":\"BreadcrumbList\",\"@id\":\"https:\/\/talkpal.ai\/lt\/lenku-kalbos-gramatikos-pratimai\/#breadcrumb\",\"itemListElement\":[{\"@type\":\"ListItem\",\"position\":1,\"name\":\"Homepage\",\"item\":\"https:\/\/talkpal.ai\/lt\/\"},{\"@type\":\"ListItem\",\"position\":2,\"name\":\"Lenk\u0173 kalbos gramatikos pratimai\"}]},{\"@type\":\"WebSite\",\"@id\":\"https:\/\/talkpal.ai\/lt\/#website\",\"url\":\"https:\/\/talkpal.ai\/lt\/\",\"name\":\"Talkpal\",\"description\":\"AI Language Learning\",\"publisher\":{\"@id\":\"https:\/\/talkpal.ai\/lt\/#organization\"},\"alternateName\":\"Talkpal AI\",\"potentialAction\":[{\"@type\":\"SearchAction\",\"target\":{\"@type\":\"EntryPoint\",\"urlTemplate\":\"https:\/\/talkpal.ai\/lt\/?s={search_term_string}\"},\"query-input\":{\"@type\":\"PropertyValueSpecification\",\"valueRequired\":true,\"valueName\":\"search_term_string\"}}],\"inLanguage\":\"lt-LT\"},{\"@type\":\"Organization\",\"@id\":\"https:\/\/talkpal.ai\/lt\/#organization\",\"name\":\"Talkpal, Inc.\",\"alternateName\":\"Talkpal AI\",\"url\":\"https:\/\/talkpal.ai\/lt\/\",\"logo\":{\"@type\":\"ImageObject\",\"inLanguage\":\"lt-LT\",\"@id\":\"https:\/\/talkpal.ai\/lt\/#\/schema\/logo\/image\/\",\"url\":\"https:\/\/talkpal.ai\/wp-content\/uploads\/2024\/03\/Talkpal-Logo-Icon.png\",\"contentUrl\":\"https:\/\/talkpal.ai\/wp-content\/uploads\/2024\/03\/Talkpal-Logo-Icon.png\",\"width\":2880,\"height\":2880,\"caption\":\"Talkpal, Inc.\"},\"image\":{\"@id\":\"https:\/\/talkpal.ai\/lt\/#\/schema\/logo\/image\/\"},\"sameAs\":[\"https:\/\/www.facebook.com\/profile.php?id=100090733639311\",\"https:\/\/x.com\/talkpalai\",\"https:\/\/www.linkedin.com\/company\/talkpal\/\",\"https:\/\/www.youtube.com\/@TalkPal\/\",\"https:\/\/www.tiktok.com\/@talkpal\",\"https:\/\/www.instagram.com\/talkpal_ai\/\",\"https:\/\/www.crunchbase.com\/organization\/talkpal-9cde\",\"https:\/\/www.g2.com\/products\/talkpal-for-business\/\",\"https:\/\/www.trustpilot.com\/review\/talkpal.ai\",\"https:\/\/www.capterra.com\/p\/10006800\/TalkPal\/\"],\"description\":\"Talkpal is a language learning web and mobile education app, powered by the latest AI technologies, that provides engaging experiences to its customers in many different languages to help them improve their language skills. Users can chat about unlimited amount of topics with the app and use other modes to practice their language learning.\",\"email\":\"support@talkpal.ai\",\"legalName\":\"Talkpal, Inc.\",\"foundingDate\":\"2023-04-03\",\"duns\":\"118989042\",\"numberOfEmployees\":{\"@type\":\"QuantitativeValue\",\"minValue\":\"11\",\"maxValue\":\"50\"},\"publishingPrinciples\":\"https:\/\/talkpal.ai\/publishing-principles\/\",\"actionableFeedbackPolicy\":\"https:\/\/talkpal.ai\/actionable-feedback-policy\/\",\"correctionsPolicy\":\"https:\/\/talkpal.ai\/corrections-policy\/\",\"ethicsPolicy\":\"https:\/\/talkpal.ai\/ethics-policy\/\",\"diversityPolicy\":\"https:\/\/talkpal.ai\/diversity-policy\/\",\"diversityStaffingReport\":\"https:\/\/talkpal.ai\/diversity-policy\/\"}]}<\/script>\n<!-- \/ Yoast SEO Premium plugin. -->","yoast_head_json":{"title":"Lenk\u0173 kalbos gramatikos pratimai - Talkpal","description":"\u012evaldykite lenk\u0173 kalbos gramatik\u0105 naudodami interaktyvius pratimus, skirtus visiems lygiams. Praktikuokit\u0117s ir tobulinkite savo kalbos \u012fg\u016bd\u017eius!","robots":{"index":"index","follow":"follow","max-snippet":"max-snippet:-1","max-image-preview":"max-image-preview:large","max-video-preview":"max-video-preview:-1"},"canonical":"https:\/\/talkpal.ai\/lt\/lenku-kalbos-gramatikos-pratimai\/","og_locale":"lt_LT","og_type":"article","og_title":"Lenk\u0173 kalbos gramatikos pratimai","og_description":"Lenk\u0173 kalbos gramatikos temos Lenk\u0173 kalba, vakar\u0173 slav\u0173 kalba, yra gimtoji Lenkijos kalba, kuria kalba milijonai \u017emoni\u0173 visame pasaulyje. D\u0117l sud\u0117tingos","og_url":"https:\/\/talkpal.ai\/lt\/lenku-kalbos-gramatikos-pratimai\/","og_site_name":"Talkpal","article_publisher":"https:\/\/www.facebook.com\/profile.php?id=100090733639311","article_modified_time":"2025-12-17T09:57:21+00:00","og_image":[{"width":512,"height":512,"url":"https:\/\/talkpal.ai\/wp-content\/uploads\/2023\/05\/poland.png","type":"image\/png"}],"twitter_card":"summary_large_image","twitter_site":"@talkpalai","twitter_misc":{"Est. reading time":"3 minut\u0117s"},"schema":{"@context":"https:\/\/schema.org","@graph":[{"@type":"WebPage","@id":"https:\/\/talkpal.ai\/lt\/lenku-kalbos-gramatikos-pratimai\/","url":"https:\/\/talkpal.ai\/lt\/lenku-kalbos-gramatikos-pratimai\/","name":"Lenk\u0173 kalbos gramatikos pratimai - Talkpal","isPartOf":{"@id":"https:\/\/talkpal.ai\/lt\/#website"},"primaryImageOfPage":{"@id":"https:\/\/talkpal.ai\/lt\/lenku-kalbos-gramatikos-pratimai\/#primaryimage"},"image":{"@id":"https:\/\/talkpal.ai\/lt\/lenku-kalbos-gramatikos-pratimai\/#primaryimage"},"thumbnailUrl":"https:\/\/talkpal.ai\/wp-content\/uploads\/2023\/05\/poland.png","datePublished":"2023-06-27T09:07:34+00:00","dateModified":"2025-12-17T09:57:21+00:00","description":"\u012evaldykite lenk\u0173 kalbos gramatik\u0105 naudodami interaktyvius pratimus, skirtus visiems lygiams. Praktikuokit\u0117s ir tobulinkite savo kalbos \u012fg\u016bd\u017eius!","breadcrumb":{"@id":"https:\/\/talkpal.ai\/lt\/lenku-kalbos-gramatikos-pratimai\/#breadcrumb"},"inLanguage":"lt-LT","potentialAction":[{"@type":"ReadAction","target":["https:\/\/talkpal.ai\/lt\/lenku-kalbos-gramatikos-pratimai\/"]}]},{"@type":"ImageObject","inLanguage":"lt-LT","@id":"https:\/\/talkpal.ai\/lt\/lenku-kalbos-gramatikos-pratimai\/#primaryimage","url":"https:\/\/talkpal.ai\/wp-content\/uploads\/2023\/05\/poland.png","contentUrl":"https:\/\/talkpal.ai\/wp-content\/uploads\/2023\/05\/poland.png","width":512,"height":512},{"@type":"BreadcrumbList","@id":"https:\/\/talkpal.ai\/lt\/lenku-kalbos-gramatikos-pratimai\/#breadcrumb","itemListElement":[{"@type":"ListItem","position":1,"name":"Homepage","item":"https:\/\/talkpal.ai\/lt\/"},{"@type":"ListItem","position":2,"name":"Lenk\u0173 kalbos gramatikos pratimai"}]},{"@type":"WebSite","@id":"https:\/\/talkpal.ai\/lt\/#website","url":"https:\/\/talkpal.ai\/lt\/","name":"Talkpal","description":"AI Language Learning","publisher":{"@id":"https:\/\/talkpal.ai\/lt\/#organization"},"alternateName":"Talkpal AI","potentialAction":[{"@type":"SearchAction","target":{"@type":"EntryPoint","urlTemplate":"https:\/\/talkpal.ai\/lt\/?s={search_term_string}"},"query-input":{"@type":"PropertyValueSpecification","valueRequired":true,"valueName":"search_term_string"}}],"inLanguage":"lt-LT"},{"@type":"Organization","@id":"https:\/\/talkpal.ai\/lt\/#organization","name":"Talkpal, Inc.","alternateName":"Talkpal AI","url":"https:\/\/talkpal.ai\/lt\/","logo":{"@type":"ImageObject","inLanguage":"lt-LT","@id":"https:\/\/talkpal.ai\/lt\/#\/schema\/logo\/image\/","url":"https:\/\/talkpal.ai\/wp-content\/uploads\/2024\/03\/Talkpal-Logo-Icon.png","contentUrl":"https:\/\/talkpal.ai\/wp-content\/uploads\/2024\/03\/Talkpal-Logo-Icon.png","width":2880,"height":2880,"caption":"Talkpal, Inc."},"image":{"@id":"https:\/\/talkpal.ai\/lt\/#\/schema\/logo\/image\/"},"sameAs":["https:\/\/www.facebook.com\/profile.php?id=100090733639311","https:\/\/x.com\/talkpalai","https:\/\/www.linkedin.com\/company\/talkpal\/","https:\/\/www.youtube.com\/@TalkPal\/","https:\/\/www.tiktok.com\/@talkpal","https:\/\/www.instagram.com\/talkpal_ai\/","https:\/\/www.crunchbase.com\/organization\/talkpal-9cde","https:\/\/www.g2.com\/products\/talkpal-for-business\/","https:\/\/www.trustpilot.com\/review\/talkpal.ai","https:\/\/www.capterra.com\/p\/10006800\/TalkPal\/"],"description":"Talkpal is a language learning web and mobile education app, powered by the latest AI technologies, that provides engaging experiences to its customers in many different languages to help them improve their language skills. Users can chat about unlimited amount of topics with the app and use other modes to practice their language learning.","email":"support@talkpal.ai","legalName":"Talkpal, Inc.","foundingDate":"2023-04-03","duns":"118989042","numberOfEmployees":{"@type":"QuantitativeValue","minValue":"11","maxValue":"50"},"publishingPrinciples":"https:\/\/talkpal.ai\/publishing-principles\/","actionableFeedbackPolicy":"https:\/\/talkpal.ai\/actionable-feedback-policy\/","correctionsPolicy":"https:\/\/talkpal.ai\/corrections-policy\/","ethicsPolicy":"https:\/\/talkpal.ai\/ethics-policy\/","diversityPolicy":"https:\/\/talkpal.ai\/diversity-policy\/","diversityStaffingReport":"https:\/\/talkpal.ai\/diversity-policy\/"}]}},"_links":{"self":[{"href":"https:\/\/talkpal.ai\/lt\/wp-json\/wp\/v2\/pages\/157977","targetHints":{"allow":["GET"]}}],"collection":[{"href":"https:\/\/talkpal.ai\/lt\/wp-json\/wp\/v2\/pages"}],"about":[{"href":"https:\/\/talkpal.ai\/lt\/wp-json\/wp\/v2\/types\/page"}],"author":[{"embeddable":true,"href":"https:\/\/talkpal.ai\/lt\/wp-json\/wp\/v2\/users\/6"}],"replies":[{"embeddable":true,"href":"https:\/\/talkpal.ai\/lt\/wp-json\/wp\/v2\/comments?post=157977"}],"version-history":[{"count":0,"href":"https:\/\/talkpal.ai\/lt\/wp-json\/wp\/v2\/pages\/157977\/revisions"}],"wp:featuredmedia":[{"embeddable":true,"href":"https:\/\/talkpal.ai\/lt\/wp-json\/wp\/v2\/media\/117760"}],"wp:attachment":[{"href":"https:\/\/talkpal.ai\/lt\/wp-json\/wp\/v2\/media?parent=157977"}],"curies":[{"name":"wp","href":"https:\/\/api.w.org\/{rel}","templated":true}]}}