{"id":157042,"date":"2023-06-28T13:47:13","date_gmt":"2023-06-28T13:47:13","guid":{"rendered":"http:\/\/talkpal.ai\/slovaku-kalbos-gramatikos-pratimai\/"},"modified":"2025-12-17T15:05:34","modified_gmt":"2025-12-17T15:05:34","slug":"slovaku-kalbos-gramatikos-pratimai","status":"publish","type":"page","link":"https:\/\/talkpal.ai\/lt\/slovaku-kalbos-gramatikos-pratimai\/","title":{"rendered":"Slovak\u0173 kalbos gramatikos pratimai"},"content":{"rendered":"\r\n\r\n\r\n<section class=\"languageChallengeSection\">\r\n    <div class=\"languageInfoWrapper\">\r\n        \r\n        <h1>Slovak\u0173 kalbos gramatikos pratimai<\/h1>\r\n        <p>Norite geriau i\u0161mokti <a href=\"https:\/\/talkpal.ai\/learn-slovak\/\">slovak\u0173<\/a> kalb\u0105? Gramatikos pratimai yra puikus b\u016bdas \u012fsisavinti sakinio strukt\u016br\u0105, veiksma\u017eod\u017ei\u0173 gal\u016bnes ir unikalias slovak\u0173 <a href=\"https:\/\/talkpal.ai\/what-language-is-spoken-on-the-international-space-station\/\">kalbos<\/a> taisykles. Prad\u0117kite tyrin\u0117ti slovak\u0173 kalbos gramatik\u0105 \u0161iandien ir steb\u0117kite, kaip su kiekvienu pratimu ger\u0117ja j\u016bs\u0173 \u012fg\u016bd\u017eiai ir sklandumas!<\/p>\r\n\r\n                            <a class=\"getStartedHidden\" href=\"https:\/\/app.talkpal.ai\/lt\/signup?lng=\">Prad\u0117k<\/a>\r\n        \r\n    <\/div>\r\n\r\n    <figure>\r\n    <img decoding=\"async\" width=\"768\" height=\"768\" src=\"https:\/\/talkpal.ai\/wp-content\/uploads\/2023\/06\/slovak-768x768.png\" class=\"languageImage no-lazy\" alt=\"Language learning for cross-cultural competence\" fetchpriority=\"high\" sizes=\"(max-width: 768px) 150px, 768px\" srcset=\"https:\/\/talkpal.ai\/wp-content\/uploads\/2023\/06\/slovak-768x768.png 768w, https:\/\/talkpal.ai\/wp-content\/uploads\/2023\/06\/slovak-300x300.png 300w\" \/>\r\n    \r\n\r\n    <\/figure>\r\n\r\n            <a class=\"getStartedVisible\" href=\"https:\/\/app.talkpal.ai\/lt\/signup?lng=\">Prad\u0117k<\/a>\r\n    \r\n<\/section>\r\n\r\n\r\n<!-- <section class=\"grammarSection\">\r\n    <div class=\"grammarLinks\">\r\n            <\/div>\r\n<\/section> -->\r\n\r\n\r\n\r\n\r\n<section class=\"promotionalBanner\">\r\n    <p class=\"promotionalText\">Efektyviausias b\u016bdas mokytis kalbos<\/p>\r\n    <a class=\"promotionalLink\" href=\"https:\/\/app.talkpal.ai\/lt\/signup?lng=\">I\u0161bandykite Talkpal &#8221; nemokamai<\/a>\r\n<\/section>\n<div class=\"wp-block-group pageContainerStyle\"><div class=\"wp-block-group__inner-container is-layout-constrained wp-block-group-is-layout-constrained\">\n<h2 class=\"wp-block-heading\" id=\"h-slovak-grammar-topics\">Slovak\u0173 kalbos gramatikos temos<\/h2>\n\n\n\n<p>Slovak\u0173, vakar\u0173 slav\u0173 kalbos, <a href=\"https:\/\/talkpal.ai\/lt\/mokymasis\/\">mokymasis<\/a> gali b\u016bti naudingas i\u0161\u0161\u016bkis kalbos entuziastams. D\u0117l savo unikalios fonetin\u0117s strukt\u016bros ir sud\u0117tingos gramatikos besimokantieji gali giliau susipa\u017einti su Slovakijos kult\u016bra ir istorija. Norint veiksmingai i\u0161mokti slovak\u0173 kalb\u0105, tam tikroms gramatikos temoms tur\u0117t\u0173 b\u016bti teikiama pirmenyb\u0117 tam tikroje sekoje.<\/p>\n\n\n\n<h3 class=\"wp-block-heading\" id=\"h-1-nouns\">1. Daiktavard\u017eiai:<\/h3>\n\n\n\n<p>Prad\u0117kite nuo pa\u010di\u0173 slovak\u0173 kalbos gramatikos pagrind\u0173: daiktavard\u017ei\u0173. Su\u017einokite apie vienaskaitos ir daugiskaitos formas, ly\u010di\u0173 skirtumus ir atvej\u0173 apib\u016bdinimus.<\/p>\n\n\n\n<h3 class=\"wp-block-heading\" id=\"h-2-pronouns-determiners\">2. \u012evard\u017eiai\/determinantai:<\/h3>\n\n\n\n<p>\u012evald\u0119 daiktavard\u017eius, pereikite prie \u012fvard\u017ei\u0173 ir determinant\u0173. \u0160i\u0173 element\u0173 supratimas pad\u0117s jums suformuoti pagrindinius sakinius ir i\u0161reik\u0161ti tur\u0117jim\u0105, kiek\u012f ir tapatyb\u0119.<\/p>\n\n\n\n<h3 class=\"wp-block-heading\" id=\"h-3-articles\">3. Straipsniai:<\/h3>\n\n\n\n<p>Nors slovak\u0173 kalba neturi apibr\u0117\u017et\u0173 ir neapibr\u0117\u017et\u0173 straipsni\u0173, toki\u0173 kaip <a href=\"https:\/\/talkpal.ai\/learn-english-with-ai\/\">angl\u0173<\/a> kalba, tur\u0117tum\u0117te suprasti, kaip slovak\u0173 kalba nurodyti apibr\u0117\u017etum\u0105 ir neapibr\u0117\u017etum\u0105.<\/p>\n\n\n\n<h3 class=\"wp-block-heading\" id=\"h-4-adjectives\">4. B\u016bdvard\u017eiai:<\/h3>\n\n\n\n<p>Toliau su\u017einokite apie b\u016bdvard\u017eius, j\u0173 deklaratyvum\u0105 ir susitarim\u0105 su daiktavard\u017eiais lytimi, skai\u010diumi ir atveju.<\/p>\n\n\n\n<h3 class=\"wp-block-heading\" id=\"h-5-verbs\">5. Veiksma\u017eod\u017eiai:<\/h3>\n\n\n\n<p>Veiksma\u017eod\u017eiai sudaro bet kurios kalbos pagrind\u0105. Su\u017einokite apie \u012fprastus ir netaisyklingus veiksma\u017eod\u017eius bei j\u0173 konjugacij\u0105 dabartyje, praeityje ir ateityje.<\/p>\n\n\n\n<h3 class=\"wp-block-heading\" id=\"h-6-tenses\">6. Laikai:<\/h3>\n\n\n\n<p>I\u0161mok\u0119 veiksma\u017eod\u017eius, gilinkit\u0117s \u012f laikus. Supraskite, kaip naudoti dabarties, praeities ir ateities laikus skirtinguose kontekstuose.<\/p>\n\n\n\n<h3 class=\"wp-block-heading\" id=\"h-7-tense-comparison\">7. \u012etemptas palyginimas:<\/h3>\n\n\n\n<p><a href=\"https:\/\/talkpal.ai\/learn-thai\/\">Tai<\/a> pad\u0117s suprasti, kaip skirtingi laikai yra susij\u0119 ir kontrastuoja vienas su kitu.<\/p>\n\n\n\n<h3 class=\"wp-block-heading\" id=\"h-8-progressive\">8. Progresyvus:<\/h3>\n\n\n\n<p>\u012evald\u0119 paprastus laikus, pereikite prie progresyvi\u0173 aspekt\u0173. Tai pad\u0117s jums i\u0161reik\u0161ti vykstan\u010dius veiksmus.<\/p>\n\n\n\n<h3 class=\"wp-block-heading\" id=\"h-9-perfect-progressive\">9. Tobulas progresyvus:<\/h3>\n\n\n\n<p>\u0160i \u012ftampa naudojama nurodyti veiksmus, kurie vyko praeityje ir paprastai turi \u012ftakos dabar\u010diai.<\/p>\n\n\n\n<h3 class=\"wp-block-heading\" id=\"h-10-adverbs\">10. Prieveiksmiai:<\/h3>\n\n\n\n<p>Prieveiksmiai modifikuoja veiksma\u017eod\u017eius, b\u016bdvard\u017eius ir kitus prieveiksmius. Jie suteikia papildomos informacijos apie veiksmus, b\u016bsenas ar savybes.<\/p>\n\n\n\n<h3 class=\"wp-block-heading\" id=\"h-11-prepositions\">11. Prielinksniai:<\/h3>\n\n\n\n<p>Su\u017einokite apie prielinksnius, skirtus i\u0161reik\u0161ti ry\u0161ius tarp skirting\u0173 sakinio dali\u0173.<\/p>\n\n\n\n<h3 class=\"wp-block-heading\" id=\"h-12-conditionals\">12. S\u0105lygos:<\/h3>\n\n\n\n<p>S\u0105lygos naudojamos hipotetin\u0117ms situacijoms ir j\u0173 galimiems rezultatams i\u0161reik\u0161ti.<\/p>\n\n\n\n<h3 class=\"wp-block-heading\" id=\"h-13-sentences\">13. Sakiniai:<\/h3>\n\n\n\n<p>Galiausiai, tur\u0117dami visus gramatikos pagrindus, galite <a href=\"https:\/\/talkpal.ai\/ko\/ai-%ec%96%b8%ec%96%b4-%ea%b5%90%ec%82%ac\/\">prad\u0117ti<\/a> formuoti sud\u0117tingus sakinius ir ai\u0161kiai bei veiksmingai i\u0161reik\u0161ti savo mintis slovak\u0173 kalba.<\/p>\n<\/div><\/div>\n\r\n<section class=\"learnNavigationSection\">\r\n            \r\n        <a href=\"https:\/\/talkpal.ai\/lt\/slovaku-kalbos-mokymasis\/\">\r\n            <div class=\"learnNavigationWrapper\">\r\n                <div class=\"learnNavigationContent\">\r\n                    <img decoding=\"async\" src=\"https:\/\/talkpal.ai\/wp-content\/uploads\/2024\/08\/Slovak.jpg\" alt=\"Slovak Flag\">\r\n                    <div>\r\n                        <h4>Apie slovak\u0173 kalbos mokym\u0105si<\/h4>\r\n                        <p>Su\u017einokite visk\u0105 apie slovak\u0173 kalbos gramatik\u0105.<\/p>\r\n                    <\/div>\r\n                <\/div>\r\n            <\/div>\r\n        <\/a>\r\n\r\n        \r\n        <a href=\"https:\/\/talkpal.ai\/lt\/slovaku-kalbos-gramatika\/\">\r\n            <div class=\"learnNavigationWrapper\">\r\n                <div class=\"learnNavigationContent\">\r\n                    <img decoding=\"async\" src=\"https:\/\/talkpal.ai\/wp-content\/uploads\/2024\/08\/Slovak.jpg\" alt=\"Slovak Flag\">\r\n                    <div>\r\n                        <h4>Slovak\u0173 kalbos gramatikos pamokos<\/h4>\r\n                        <p>Praktikuokite slovak\u0173 kalbos gramatik\u0105.<\/p>\r\n                    <\/div>\r\n                <\/div>\r\n            <\/div>\r\n        <\/a>\r\n\r\n        \r\n        <a href=\"https:\/\/talkpal.ai\/vocabulary_language\/slovak\/\">\r\n            <div class=\"learnNavigationWrapper\">\r\n                <div class=\"learnNavigationContent\">\r\n                    <img decoding=\"async\" src=\"https:\/\/talkpal.ai\/wp-content\/uploads\/2024\/08\/Slovak.jpg\" alt=\"Slovak Flag\">\r\n                    <div>\r\n                        <h4>Slovak\u0173 kalbos \u017eodynas<\/h4>\r\n                        <p>Prapl\u0117skite savo slovak\u0173 kalbos \u017eodyn\u0105.<\/p>\r\n                    <\/div>\r\n                <\/div>\r\n            <\/div>\r\n        <\/a>\r\n\r\n            <\/section>","protected":false},"excerpt":{"rendered":"<p>Slovak\u0173 kalbos gramatikos temos Slovak\u0173, vakar\u0173 slav\u0173 kalbos, mokymasis gali b\u016bti naudingas i\u0161\u0161\u016bkis kalbos entuziastams. D\u0117l savo unikalios fonetin\u0117s strukt\u016bros ir sud\u0117tingos gramatikos besimokantieji gali giliau susipa\u017einti su Slovakijos kult\u016bra ir istorija. Norint veiksmingai i\u0161mokti slovak\u0173 kalb\u0105, tam tikroms gramatikos temoms tur\u0117t\u0173 b\u016bti teikiama pirmenyb\u0117 tam tikroje sekoje. 1. Daiktavard\u017eiai: Prad\u0117kite nuo pa\u010di\u0173 slovak\u0173 kalbos [&hellip;]<\/p>\n","protected":false},"author":6,"featured_media":118915,"parent":0,"menu_order":0,"comment_status":"closed","ping_status":"closed","template":"LearningContentPage.php","meta":{"_acf_changed":false,"footnotes":""},"class_list":["post-157042","page","type-page","status-publish","has-post-thumbnail","hentry"],"acf":[],"yoast_head":"<!-- This site is optimized with the Yoast SEO Premium plugin v27.2 (Yoast SEO v27.2) - https:\/\/yoast.com\/product\/yoast-seo-premium-wordpress\/ -->\n<title>Slovak\u0173 kalbos gramatikos pratimai - Talkpal<\/title>\n<meta name=\"description\" content=\"Tobulinkite slovak\u0173 kalbos gramatikos \u012fg\u016bd\u017eius naudodami interaktyvius pratimus, skirtus visiems kalbos lygiams. Pagerinkite savo kalb\u0173 mokym\u0105si jau \u0161iandien!\" \/>\n<meta name=\"robots\" content=\"index, follow, max-snippet:-1, max-image-preview:large, max-video-preview:-1\" \/>\n<link rel=\"canonical\" href=\"https:\/\/talkpal.ai\/lt\/slovaku-kalbos-gramatikos-pratimai\/\" \/>\n<meta property=\"og:locale\" content=\"lt_LT\" \/>\n<meta property=\"og:type\" content=\"article\" \/>\n<meta property=\"og:title\" content=\"Slovak\u0173 kalbos gramatikos pratimai\" \/>\n<meta property=\"og:description\" content=\"Slovak\u0173 kalbos gramatikos temos Slovak\u0173, vakar\u0173 slav\u0173 kalbos, mokymasis gali b\u016bti naudingas i\u0161\u0161\u016bkis kalbos entuziastams. D\u0117l savo unikalios fonetin\u0117s\" \/>\n<meta property=\"og:url\" content=\"https:\/\/talkpal.ai\/lt\/slovaku-kalbos-gramatikos-pratimai\/\" \/>\n<meta property=\"og:site_name\" content=\"Talkpal\" \/>\n<meta property=\"article:publisher\" content=\"https:\/\/www.facebook.com\/profile.php?id=100090733639311\" \/>\n<meta property=\"article:modified_time\" content=\"2025-12-17T15:05:34+00:00\" \/>\n<meta property=\"og:image\" content=\"https:\/\/talkpal.ai\/wp-content\/uploads\/2023\/05\/slovakia.png\" \/>\n\t<meta property=\"og:image:width\" content=\"512\" \/>\n\t<meta property=\"og:image:height\" content=\"512\" \/>\n\t<meta property=\"og:image:type\" content=\"image\/png\" \/>\n<meta name=\"twitter:card\" content=\"summary_large_image\" \/>\n<meta name=\"twitter:site\" content=\"@talkpalai\" \/>\n<meta name=\"twitter:label1\" content=\"Est. reading time\" \/>\n\t<meta name=\"twitter:data1\" content=\"2 minut\u0117s\" \/>\n<script type=\"application\/ld+json\" class=\"yoast-schema-graph\">{\"@context\":\"https:\/\/schema.org\",\"@graph\":[{\"@type\":\"WebPage\",\"@id\":\"https:\/\/talkpal.ai\/lt\/slovaku-kalbos-gramatikos-pratimai\/\",\"url\":\"https:\/\/talkpal.ai\/lt\/slovaku-kalbos-gramatikos-pratimai\/\",\"name\":\"Slovak\u0173 kalbos gramatikos pratimai - Talkpal\",\"isPartOf\":{\"@id\":\"https:\/\/talkpal.ai\/lt\/#website\"},\"primaryImageOfPage\":{\"@id\":\"https:\/\/talkpal.ai\/lt\/slovaku-kalbos-gramatikos-pratimai\/#primaryimage\"},\"image\":{\"@id\":\"https:\/\/talkpal.ai\/lt\/slovaku-kalbos-gramatikos-pratimai\/#primaryimage\"},\"thumbnailUrl\":\"https:\/\/talkpal.ai\/wp-content\/uploads\/2023\/05\/slovakia.png\",\"datePublished\":\"2023-06-28T13:47:13+00:00\",\"dateModified\":\"2025-12-17T15:05:34+00:00\",\"description\":\"Tobulinkite slovak\u0173 kalbos gramatikos \u012fg\u016bd\u017eius naudodami interaktyvius pratimus, skirtus visiems kalbos lygiams. Pagerinkite savo kalb\u0173 mokym\u0105si jau \u0161iandien!\",\"breadcrumb\":{\"@id\":\"https:\/\/talkpal.ai\/lt\/slovaku-kalbos-gramatikos-pratimai\/#breadcrumb\"},\"inLanguage\":\"lt-LT\",\"potentialAction\":[{\"@type\":\"ReadAction\",\"target\":[\"https:\/\/talkpal.ai\/lt\/slovaku-kalbos-gramatikos-pratimai\/\"]}]},{\"@type\":\"ImageObject\",\"inLanguage\":\"lt-LT\",\"@id\":\"https:\/\/talkpal.ai\/lt\/slovaku-kalbos-gramatikos-pratimai\/#primaryimage\",\"url\":\"https:\/\/talkpal.ai\/wp-content\/uploads\/2023\/05\/slovakia.png\",\"contentUrl\":\"https:\/\/talkpal.ai\/wp-content\/uploads\/2023\/05\/slovakia.png\",\"width\":512,\"height\":512},{\"@type\":\"BreadcrumbList\",\"@id\":\"https:\/\/talkpal.ai\/lt\/slovaku-kalbos-gramatikos-pratimai\/#breadcrumb\",\"itemListElement\":[{\"@type\":\"ListItem\",\"position\":1,\"name\":\"Homepage\",\"item\":\"https:\/\/talkpal.ai\/lt\/\"},{\"@type\":\"ListItem\",\"position\":2,\"name\":\"Slovak\u0173 kalbos gramatikos pratimai\"}]},{\"@type\":\"WebSite\",\"@id\":\"https:\/\/talkpal.ai\/lt\/#website\",\"url\":\"https:\/\/talkpal.ai\/lt\/\",\"name\":\"Talkpal\",\"description\":\"AI Language Learning\",\"publisher\":{\"@id\":\"https:\/\/talkpal.ai\/lt\/#organization\"},\"alternateName\":\"Talkpal AI\",\"potentialAction\":[{\"@type\":\"SearchAction\",\"target\":{\"@type\":\"EntryPoint\",\"urlTemplate\":\"https:\/\/talkpal.ai\/lt\/?s={search_term_string}\"},\"query-input\":{\"@type\":\"PropertyValueSpecification\",\"valueRequired\":true,\"valueName\":\"search_term_string\"}}],\"inLanguage\":\"lt-LT\"},{\"@type\":\"Organization\",\"@id\":\"https:\/\/talkpal.ai\/lt\/#organization\",\"name\":\"Talkpal, Inc.\",\"alternateName\":\"Talkpal AI\",\"url\":\"https:\/\/talkpal.ai\/lt\/\",\"logo\":{\"@type\":\"ImageObject\",\"inLanguage\":\"lt-LT\",\"@id\":\"https:\/\/talkpal.ai\/lt\/#\/schema\/logo\/image\/\",\"url\":\"https:\/\/talkpal.ai\/wp-content\/uploads\/2024\/03\/Talkpal-Logo-Icon.png\",\"contentUrl\":\"https:\/\/talkpal.ai\/wp-content\/uploads\/2024\/03\/Talkpal-Logo-Icon.png\",\"width\":2880,\"height\":2880,\"caption\":\"Talkpal, Inc.\"},\"image\":{\"@id\":\"https:\/\/talkpal.ai\/lt\/#\/schema\/logo\/image\/\"},\"sameAs\":[\"https:\/\/www.facebook.com\/profile.php?id=100090733639311\",\"https:\/\/x.com\/talkpalai\",\"https:\/\/www.linkedin.com\/company\/talkpal\/\",\"https:\/\/www.youtube.com\/@TalkPal\/\",\"https:\/\/www.tiktok.com\/@talkpal\",\"https:\/\/www.instagram.com\/talkpal_ai\/\",\"https:\/\/www.crunchbase.com\/organization\/talkpal-9cde\",\"https:\/\/www.g2.com\/products\/talkpal-for-business\/\",\"https:\/\/www.trustpilot.com\/review\/talkpal.ai\",\"https:\/\/www.capterra.com\/p\/10006800\/TalkPal\/\"],\"description\":\"Talkpal is a language learning web and mobile education app, powered by the latest AI technologies, that provides engaging experiences to its customers in many different languages to help them improve their language skills. Users can chat about unlimited amount of topics with the app and use other modes to practice their language learning.\",\"email\":\"support@talkpal.ai\",\"legalName\":\"Talkpal, Inc.\",\"foundingDate\":\"2023-04-03\",\"duns\":\"118989042\",\"numberOfEmployees\":{\"@type\":\"QuantitativeValue\",\"minValue\":\"11\",\"maxValue\":\"50\"},\"publishingPrinciples\":\"https:\/\/talkpal.ai\/publishing-principles\/\",\"actionableFeedbackPolicy\":\"https:\/\/talkpal.ai\/actionable-feedback-policy\/\",\"correctionsPolicy\":\"https:\/\/talkpal.ai\/corrections-policy\/\",\"ethicsPolicy\":\"https:\/\/talkpal.ai\/ethics-policy\/\",\"diversityPolicy\":\"https:\/\/talkpal.ai\/diversity-policy\/\",\"diversityStaffingReport\":\"https:\/\/talkpal.ai\/diversity-policy\/\"}]}<\/script>\n<!-- \/ Yoast SEO Premium plugin. -->","yoast_head_json":{"title":"Slovak\u0173 kalbos gramatikos pratimai - Talkpal","description":"Tobulinkite slovak\u0173 kalbos gramatikos \u012fg\u016bd\u017eius naudodami interaktyvius pratimus, skirtus visiems kalbos lygiams. Pagerinkite savo kalb\u0173 mokym\u0105si jau \u0161iandien!","robots":{"index":"index","follow":"follow","max-snippet":"max-snippet:-1","max-image-preview":"max-image-preview:large","max-video-preview":"max-video-preview:-1"},"canonical":"https:\/\/talkpal.ai\/lt\/slovaku-kalbos-gramatikos-pratimai\/","og_locale":"lt_LT","og_type":"article","og_title":"Slovak\u0173 kalbos gramatikos pratimai","og_description":"Slovak\u0173 kalbos gramatikos temos Slovak\u0173, vakar\u0173 slav\u0173 kalbos, mokymasis gali b\u016bti naudingas i\u0161\u0161\u016bkis kalbos entuziastams. D\u0117l savo unikalios fonetin\u0117s","og_url":"https:\/\/talkpal.ai\/lt\/slovaku-kalbos-gramatikos-pratimai\/","og_site_name":"Talkpal","article_publisher":"https:\/\/www.facebook.com\/profile.php?id=100090733639311","article_modified_time":"2025-12-17T15:05:34+00:00","og_image":[{"width":512,"height":512,"url":"https:\/\/talkpal.ai\/wp-content\/uploads\/2023\/05\/slovakia.png","type":"image\/png"}],"twitter_card":"summary_large_image","twitter_site":"@talkpalai","twitter_misc":{"Est. reading time":"2 minut\u0117s"},"schema":{"@context":"https:\/\/schema.org","@graph":[{"@type":"WebPage","@id":"https:\/\/talkpal.ai\/lt\/slovaku-kalbos-gramatikos-pratimai\/","url":"https:\/\/talkpal.ai\/lt\/slovaku-kalbos-gramatikos-pratimai\/","name":"Slovak\u0173 kalbos gramatikos pratimai - Talkpal","isPartOf":{"@id":"https:\/\/talkpal.ai\/lt\/#website"},"primaryImageOfPage":{"@id":"https:\/\/talkpal.ai\/lt\/slovaku-kalbos-gramatikos-pratimai\/#primaryimage"},"image":{"@id":"https:\/\/talkpal.ai\/lt\/slovaku-kalbos-gramatikos-pratimai\/#primaryimage"},"thumbnailUrl":"https:\/\/talkpal.ai\/wp-content\/uploads\/2023\/05\/slovakia.png","datePublished":"2023-06-28T13:47:13+00:00","dateModified":"2025-12-17T15:05:34+00:00","description":"Tobulinkite slovak\u0173 kalbos gramatikos \u012fg\u016bd\u017eius naudodami interaktyvius pratimus, skirtus visiems kalbos lygiams. Pagerinkite savo kalb\u0173 mokym\u0105si jau \u0161iandien!","breadcrumb":{"@id":"https:\/\/talkpal.ai\/lt\/slovaku-kalbos-gramatikos-pratimai\/#breadcrumb"},"inLanguage":"lt-LT","potentialAction":[{"@type":"ReadAction","target":["https:\/\/talkpal.ai\/lt\/slovaku-kalbos-gramatikos-pratimai\/"]}]},{"@type":"ImageObject","inLanguage":"lt-LT","@id":"https:\/\/talkpal.ai\/lt\/slovaku-kalbos-gramatikos-pratimai\/#primaryimage","url":"https:\/\/talkpal.ai\/wp-content\/uploads\/2023\/05\/slovakia.png","contentUrl":"https:\/\/talkpal.ai\/wp-content\/uploads\/2023\/05\/slovakia.png","width":512,"height":512},{"@type":"BreadcrumbList","@id":"https:\/\/talkpal.ai\/lt\/slovaku-kalbos-gramatikos-pratimai\/#breadcrumb","itemListElement":[{"@type":"ListItem","position":1,"name":"Homepage","item":"https:\/\/talkpal.ai\/lt\/"},{"@type":"ListItem","position":2,"name":"Slovak\u0173 kalbos gramatikos pratimai"}]},{"@type":"WebSite","@id":"https:\/\/talkpal.ai\/lt\/#website","url":"https:\/\/talkpal.ai\/lt\/","name":"Talkpal","description":"AI Language Learning","publisher":{"@id":"https:\/\/talkpal.ai\/lt\/#organization"},"alternateName":"Talkpal AI","potentialAction":[{"@type":"SearchAction","target":{"@type":"EntryPoint","urlTemplate":"https:\/\/talkpal.ai\/lt\/?s={search_term_string}"},"query-input":{"@type":"PropertyValueSpecification","valueRequired":true,"valueName":"search_term_string"}}],"inLanguage":"lt-LT"},{"@type":"Organization","@id":"https:\/\/talkpal.ai\/lt\/#organization","name":"Talkpal, Inc.","alternateName":"Talkpal AI","url":"https:\/\/talkpal.ai\/lt\/","logo":{"@type":"ImageObject","inLanguage":"lt-LT","@id":"https:\/\/talkpal.ai\/lt\/#\/schema\/logo\/image\/","url":"https:\/\/talkpal.ai\/wp-content\/uploads\/2024\/03\/Talkpal-Logo-Icon.png","contentUrl":"https:\/\/talkpal.ai\/wp-content\/uploads\/2024\/03\/Talkpal-Logo-Icon.png","width":2880,"height":2880,"caption":"Talkpal, Inc."},"image":{"@id":"https:\/\/talkpal.ai\/lt\/#\/schema\/logo\/image\/"},"sameAs":["https:\/\/www.facebook.com\/profile.php?id=100090733639311","https:\/\/x.com\/talkpalai","https:\/\/www.linkedin.com\/company\/talkpal\/","https:\/\/www.youtube.com\/@TalkPal\/","https:\/\/www.tiktok.com\/@talkpal","https:\/\/www.instagram.com\/talkpal_ai\/","https:\/\/www.crunchbase.com\/organization\/talkpal-9cde","https:\/\/www.g2.com\/products\/talkpal-for-business\/","https:\/\/www.trustpilot.com\/review\/talkpal.ai","https:\/\/www.capterra.com\/p\/10006800\/TalkPal\/"],"description":"Talkpal is a language learning web and mobile education app, powered by the latest AI technologies, that provides engaging experiences to its customers in many different languages to help them improve their language skills. Users can chat about unlimited amount of topics with the app and use other modes to practice their language learning.","email":"support@talkpal.ai","legalName":"Talkpal, Inc.","foundingDate":"2023-04-03","duns":"118989042","numberOfEmployees":{"@type":"QuantitativeValue","minValue":"11","maxValue":"50"},"publishingPrinciples":"https:\/\/talkpal.ai\/publishing-principles\/","actionableFeedbackPolicy":"https:\/\/talkpal.ai\/actionable-feedback-policy\/","correctionsPolicy":"https:\/\/talkpal.ai\/corrections-policy\/","ethicsPolicy":"https:\/\/talkpal.ai\/ethics-policy\/","diversityPolicy":"https:\/\/talkpal.ai\/diversity-policy\/","diversityStaffingReport":"https:\/\/talkpal.ai\/diversity-policy\/"}]}},"_links":{"self":[{"href":"https:\/\/talkpal.ai\/lt\/wp-json\/wp\/v2\/pages\/157042","targetHints":{"allow":["GET"]}}],"collection":[{"href":"https:\/\/talkpal.ai\/lt\/wp-json\/wp\/v2\/pages"}],"about":[{"href":"https:\/\/talkpal.ai\/lt\/wp-json\/wp\/v2\/types\/page"}],"author":[{"embeddable":true,"href":"https:\/\/talkpal.ai\/lt\/wp-json\/wp\/v2\/users\/6"}],"replies":[{"embeddable":true,"href":"https:\/\/talkpal.ai\/lt\/wp-json\/wp\/v2\/comments?post=157042"}],"version-history":[{"count":0,"href":"https:\/\/talkpal.ai\/lt\/wp-json\/wp\/v2\/pages\/157042\/revisions"}],"wp:featuredmedia":[{"embeddable":true,"href":"https:\/\/talkpal.ai\/lt\/wp-json\/wp\/v2\/media\/118915"}],"wp:attachment":[{"href":"https:\/\/talkpal.ai\/lt\/wp-json\/wp\/v2\/media?parent=157042"}],"curies":[{"name":"wp","href":"https:\/\/api.w.org\/{rel}","templated":true}]}}