{"id":156625,"date":"2023-06-28T14:00:55","date_gmt":"2023-06-28T14:00:55","guid":{"rendered":"http:\/\/talkpal.ai\/svahiliu-gramatikos-pratimai\/"},"modified":"2025-12-17T09:50:08","modified_gmt":"2025-12-17T09:50:08","slug":"svahiliu-gramatikos-pratimai","status":"publish","type":"page","link":"https:\/\/talkpal.ai\/lt\/svahiliu-gramatikos-pratimai\/","title":{"rendered":"Svahili\u0173 gramatikos pratimai"},"content":{"rendered":"\r\n\r\n\r\n<section class=\"languageChallengeSection\">\r\n    <div class=\"languageInfoWrapper\">\r\n        \r\n        <h1>Svahili\u0173 gramatikos pratimai<\/h1>\r\n        <p>Ar esate pasireng\u0119 sustiprinti savo <a href=\"https:\/\/talkpal.ai\/learn-swahili\/\">svahili<\/a> <a href=\"https:\/\/talkpal.ai\/what-language-is-spoken-on-the-international-space-station\/\">kalbos<\/a> \u012fg\u016bd\u017eius? Koncentruoti gramatikos pratimai &#8211; puikus b\u016bdas suprasti sakinio strukt\u016br\u0105, veiksma\u017eod\u017ei\u0173 modelius ir svarbiausias \u017eod\u017ei\u0173 formas. Pasinerkite \u012f suahili\u0173 kalbos gramatikos praktik\u0105, kad \u012fgytum\u0117te pasitik\u0117jimo savimi, prapl\u0117stum\u0117te \u017eodyn\u0105 ir kiekvienas pokalbis vykt\u0173 nat\u016braliau. Prad\u0117kite praktikuotis jau \u0161iandien ir pamatysite, kaip greitai pager\u0117s j\u016bs\u0173 svahili kalbos \u012fg\u016bd\u017eiai!<\/p>\r\n\r\n                            <a class=\"getStartedHidden\" href=\"https:\/\/app.talkpal.ai\/lt\/signup?lng=\">Prad\u0117k<\/a>\r\n        \r\n    <\/div>\r\n\r\n    <figure>\r\n    <img decoding=\"async\" width=\"768\" height=\"768\" src=\"https:\/\/talkpal.ai\/wp-content\/uploads\/2023\/06\/Swahili-768x768.png\" class=\"languageImage no-lazy\" alt=\"Secrets to master language learning\" fetchpriority=\"high\" sizes=\"(max-width: 768px) 150px, 768px\" srcset=\"https:\/\/talkpal.ai\/wp-content\/uploads\/2023\/06\/Swahili-768x768.png 768w, https:\/\/talkpal.ai\/wp-content\/uploads\/2023\/06\/Swahili-300x300.png 300w\" \/>\r\n    \r\n\r\n    <\/figure>\r\n\r\n            <a class=\"getStartedVisible\" href=\"https:\/\/app.talkpal.ai\/lt\/signup?lng=\">Prad\u0117k<\/a>\r\n    \r\n<\/section>\r\n\r\n\r\n<!-- <section class=\"grammarSection\">\r\n    <div class=\"grammarLinks\">\r\n            <\/div>\r\n<\/section> -->\r\n\r\n\r\n\r\n\r\n<section class=\"promotionalBanner\">\r\n    <p class=\"promotionalText\">Efektyviausias b\u016bdas mokytis kalbos<\/p>\r\n    <a class=\"promotionalLink\" href=\"https:\/\/app.talkpal.ai\/lt\/signup?lng=\">I\u0161bandykite Talkpal &#8221; nemokamai<\/a>\r\n<\/section>\n<div class=\"wp-block-group pageContainerStyle\"><div class=\"wp-block-group__inner-container is-layout-constrained wp-block-group-is-layout-constrained\">\n<h2 class=\"wp-block-heading\" id=\"h-swahili-grammar-topics\">Svahili\u0173 gramatikos temos<\/h2>\n\n\n\n<p>Svahili\u0173 <a href=\"https:\/\/talkpal.ai\/lt\/mokymasis\/\">mokymasis<\/a> yra \u012fdomi kelion\u0117 \u012f vien\u0105 i\u0161 pla\u010diausiai vartojam\u0173 kalb\u0173 Afrikoje. <a href=\"https:\/\/talkpal.ai\/learn-thai\/\">Tai<\/a> bant\u0173 kalba, kuria daugiausia kalbama Ryt\u0173 Afrikoje, o visame pasaulyje ja kalba apie 50\u2013100 milijon\u0173 \u017emoni\u0173. Svahili\u0173 <a href=\"https:\/\/talkpal.ai\/sq\/gramatika\/\">gramatika<\/a> yra savita ir si\u016blo \u012fsp\u016bding\u0105 po\u017ei\u016br\u012f \u012f kalbos strukt\u016br\u0105. Norint efektyviai i\u0161mokti svahili\u0173, labai svarbu laikytis strukt\u016brinio po\u017ei\u016brio, sutelkiant d\u0117mes\u012f \u012f pagrindines gramatikos temas, tokias kaip laikai, veiksma\u017eod\u017eiai, daiktavard\u017eiai, straipsniai, \u012fvard\u017eiai \/ determinantai, b\u016bdvard\u017eiai, prieveiksmiai, s\u0105lygo\u010diai, prielinksniai ir sakinio konstrukcija. Kiekvienas i\u0161 \u0161i\u0173 komponent\u0173 yra neatsiejamas nuo kalbos supratimo ir \u012fsisavinimo.<\/p>\n\n\n\n<h3 class=\"wp-block-heading\" id=\"h-1-nouns\">1. Daiktavard\u017eiai:<\/h3>\n\n\n\n<p>Prad\u0117kite nuo svahili\u0173 daiktavard\u017ei\u0173 mokymosi. Svahili\u0173 kalboje daiktavard\u017eiai klasifikuojami pagal daiktavard\u017ei\u0173 klases, kurios daro \u012ftak\u0105 b\u016bdvard\u017ei\u0173, \u012fvard\u017ei\u0173 ir su jais susijusi\u0173 veiksma\u017eod\u017ei\u0173 formai. \u0160i\u0173 daiktavard\u017ei\u0173 klasi\u0173 supratimas yra pagrindas mokytis kit\u0173 svahili\u0173 gramatikos aspekt\u0173.<\/p>\n\n\n\n<h3 class=\"wp-block-heading\" id=\"h-2-articles\">2. Straipsniai:<\/h3>\n\n\n\n<p><a href=\"https:\/\/talkpal.ai\/locations\/language-courses-in-kai\/\">Kai<\/a> suprasite daiktavard\u017eius, pereikite prie straipsni\u0173. Svahili kalboje n\u0117ra baigtini\u0173 ar neapibr\u0117\u017etini\u0173 straipsni\u0173, toki\u0173 kaip &#8222;a&#8221;, &#8222;an&#8221; ar &#8222;the&#8221;. Ta\u010diau daiktavard\u017ei\u0173 klasi\u0173 sistema atlieka pana\u0161\u0173 vaidmen\u012f, tod\u0117l svarbu j\u0105 \u012fvaldyti.<\/p>\n\n\n\n<h3 class=\"wp-block-heading\" id=\"h-3-pronouns-determiners\">3. \u012evard\u017eiai\/determinantai:<\/h3>\n\n\n\n<p>\u012evard\u017eiai ir determinantai svahili\u0173 kalba kei\u010diasi pagal daiktavard\u017eio, apie kur\u012f jie kalba, daiktavard\u017ei\u0173 klas\u0119. \u0160i\u0173 poky\u010di\u0173 mokymasis pad\u0117s sukurti pilnus sakinius.<\/p>\n\n\n\n<h3 class=\"wp-block-heading\" id=\"h-4-adjectives\">4. B\u016bdvard\u017eiai:<\/h3>\n\n\n\n<p>Svahili\u0173 b\u016bdvard\u017eiai sutinka su daiktavard\u017eiu, kur\u012f jie apib\u016bdina. Tai rei\u0161kia, kad b\u016bdvardis pakei\u010dia savo form\u0105, kad atitikt\u0173 daiktavard\u017eio klas\u0119. Tai suprasdami pagerinsite sakinio konstrukcij\u0105.<\/p>\n\n\n\n<h3 class=\"wp-block-heading\" id=\"h-5-verbs\">5. Veiksma\u017eod\u017eiai:<\/h3>\n\n\n\n<p>Svahili\u0173 veiksma\u017eod\u017eiai yra b\u016btini veiksmams ir b\u016bsenoms i\u0161reik\u0161ti. Jie taip pat turi \u012ftampos, aspekt\u0173 ir nuotaikos informacij\u0105. Veiksma\u017eod\u017ei\u0173 konjugacijos taisykli\u0173 \u017einojimas yra labai svarbus efektyviam bendravimui.<\/p>\n\n\n\n<h3 class=\"wp-block-heading\" id=\"h-6-tenses\">6. Laikai:<\/h3>\n\n\n\n<p>\u012etampos supratimas yra labai svarbus prane\u0161ant apie \u012fvykius, kurie vyksta skirtingu laiku. Svahili\u0173 praeities, dabarties ir ateities \u012fvyki\u0173 laikai skiriasi.<\/p>\n\n\n\n<h3 class=\"wp-block-heading\" id=\"h-7-tense-comparison\">7. \u012etemptas palyginimas:<\/h3>\n\n\n\n<p>Suprat\u0119 pagrindinius laikus, turite i\u0161mokti juos palyginti. Tai pad\u0117s i\u0161reik\u0161ti sud\u0117tingas mintis ir situacijas.<\/p>\n\n\n\n<h3 class=\"wp-block-heading\" id=\"h-8-progressive-and-perfect-progressive\">8. Progresyvus ir tobulas progresyvus:<\/h3>\n\n\n\n<p>\u0160ie laik\u0173 aspektai i\u0161rei\u0161kia vykdomus veiksmus ar veiksmus, kurie buvo atlikti. J\u0173 supratimas praturtins j\u016bs\u0173 i\u0161rai\u0161kos galimybes svahili\u0173 kalba.<\/p>\n\n\n\n<h3 class=\"wp-block-heading\" id=\"h-9-adverbs\">9. Prieveiksmiai:<\/h3>\n\n\n\n<p>Prieveiksmiai modifikuoja veiksma\u017eod\u017eius, b\u016bdvard\u017eius ir kitus prieveiksmius. Jie suteikia papildomos informacijos apie veiksmus, savybes ar kitas aplinkybes.<\/p>\n\n\n\n<h3 class=\"wp-block-heading\" id=\"h-10-conditionals\">10. S\u0105lygos:<\/h3>\n\n\n\n<p>S\u0105lygos i\u0161rei\u0161kia hipotetines situacijas ar priklausomybes tarp \u012fvyki\u0173. Jie yra naudingi pa\u017eangiam bendravimui Svahilyje.<\/p>\n\n\n\n<h3 class=\"wp-block-heading\" id=\"h-11-prepositions\">11. Prielinksniai:<\/h3>\n\n\n\n<p>Prielinksniai leis jums i\u0161reik\u0161ti ry\u0161ius tarp skirting\u0173 sakinio dali\u0173, toki\u0173 kaip vieta, kryptis, laikas, prie\u017eastis ir kt.<\/p>\n\n\n\n<h3 class=\"wp-block-heading\" id=\"h-12-sentences\">12. Sakiniai:<\/h3>\n\n\n\n<p>Galiausiai, supratimas, kaip konstruoti sakinius naudojant visas i\u0161moktas kalbos dalis, yra j\u016bs\u0173 svahili\u0173 mokymosi kelion\u0117s kulminacija. Tai apima \u017eod\u017ei\u0173 ir frazi\u0173 i\u0161d\u0117stym\u0105, kad b\u016bt\u0173 sukurtos i\u0161samios mintys.<\/p>\n<\/div><\/div>\n\r\n<section class=\"learnNavigationSection\">\r\n            \r\n        <a href=\"https:\/\/talkpal.ai\/lt\/svahiliu-mokymasis\/\">\r\n            <div class=\"learnNavigationWrapper\">\r\n                <div class=\"learnNavigationContent\">\r\n                    <img decoding=\"async\" src=\"https:\/\/talkpal.ai\/wp-content\/uploads\/2024\/08\/Swahili.jpg\" alt=\"Kenya and Tanzania Flags\">\r\n                    <div>\r\n                        <h4>Apie suahili\u0173 kalbos mokym\u0105si<\/h4>\r\n                        <p>Su\u017einokite visk\u0105 apie svahili\u0173 gramatik\u0105.<\/p>\r\n                    <\/div>\r\n                <\/div>\r\n            <\/div>\r\n        <\/a>\r\n\r\n        \r\n        <a href=\"https:\/\/talkpal.ai\/lt\/svahiliu-gramatika\/\">\r\n            <div class=\"learnNavigationWrapper\">\r\n                <div class=\"learnNavigationContent\">\r\n                    <img decoding=\"async\" src=\"https:\/\/talkpal.ai\/wp-content\/uploads\/2024\/08\/Swahili.jpg\" alt=\"Kenya and Tanzania Flags\">\r\n                    <div>\r\n                        <h4>Svahili\u0173 gramatikos pamokos<\/h4>\r\n                        <p>Praktikuokite svahili\u0173 gramatik\u0105.<\/p>\r\n                    <\/div>\r\n                <\/div>\r\n            <\/div>\r\n        <\/a>\r\n\r\n        \r\n        <a href=\"https:\/\/talkpal.ai\/vocabulary_language\/swahili\/\">\r\n            <div class=\"learnNavigationWrapper\">\r\n                <div class=\"learnNavigationContent\">\r\n                    <img decoding=\"async\" src=\"https:\/\/talkpal.ai\/wp-content\/uploads\/2024\/08\/Swahili.jpg\" alt=\"Kenya and Tanzania Flags\">\r\n                    <div>\r\n                        <h4>Svahili\u0173 kalbos \u017eodynas<\/h4>\r\n                        <p>Prapl\u0117skite savo svahili\u0173 kalbos \u017eodyn\u0105.<\/p>\r\n                    <\/div>\r\n                <\/div>\r\n            <\/div>\r\n        <\/a>\r\n\r\n            <\/section>","protected":false},"excerpt":{"rendered":"<p>Svahili\u0173 gramatikos temos Svahili\u0173 mokymasis yra \u012fdomi kelion\u0117 \u012f vien\u0105 i\u0161 pla\u010diausiai vartojam\u0173 kalb\u0173 Afrikoje. Tai bant\u0173 kalba, kuria daugiausia kalbama Ryt\u0173 Afrikoje, o visame pasaulyje ja kalba apie 50\u2013100 milijon\u0173 \u017emoni\u0173. Svahili\u0173 gramatika yra savita ir si\u016blo \u012fsp\u016bding\u0105 po\u017ei\u016br\u012f \u012f kalbos strukt\u016br\u0105. Norint efektyviai i\u0161mokti svahili\u0173, labai svarbu laikytis strukt\u016brinio po\u017ei\u016brio, sutelkiant d\u0117mes\u012f \u012f [&hellip;]<\/p>\n","protected":false},"author":6,"featured_media":119263,"parent":0,"menu_order":0,"comment_status":"closed","ping_status":"closed","template":"LearningContentPage.php","meta":{"_acf_changed":false,"footnotes":""},"class_list":["post-156625","page","type-page","status-publish","has-post-thumbnail","hentry"],"acf":[],"yoast_head":"<!-- This site is optimized with the Yoast SEO Premium plugin v27.2 (Yoast SEO v27.2) - https:\/\/yoast.com\/product\/yoast-seo-premium-wordpress\/ -->\n<title>Svahili\u0173 gramatikos pratimai - Talkpal<\/title>\n<meta name=\"description\" content=\"I\u0161nagrin\u0117kite \u012fdomius suahili\u0173 kalbos gramatikos pratimus, kad patobulintum\u0117te savo kalbos \u012fg\u016bd\u017eius ir geriau suprastum\u0117te suahili\u0173 kalb\u0105.\" \/>\n<meta name=\"robots\" content=\"index, follow, max-snippet:-1, max-image-preview:large, max-video-preview:-1\" \/>\n<link rel=\"canonical\" href=\"https:\/\/talkpal.ai\/lt\/svahiliu-gramatikos-pratimai\/\" \/>\n<meta property=\"og:locale\" content=\"lt_LT\" \/>\n<meta property=\"og:type\" content=\"article\" \/>\n<meta property=\"og:title\" content=\"Svahili\u0173 gramatikos pratimai\" \/>\n<meta property=\"og:description\" content=\"Svahili\u0173 gramatikos temos Svahili\u0173 mokymasis yra \u012fdomi kelion\u0117 \u012f vien\u0105 i\u0161 pla\u010diausiai vartojam\u0173 kalb\u0173 Afrikoje. Tai bant\u0173 kalba, kuria daugiausia kalbama\" \/>\n<meta property=\"og:url\" content=\"https:\/\/talkpal.ai\/lt\/svahiliu-gramatikos-pratimai\/\" \/>\n<meta property=\"og:site_name\" content=\"Talkpal\" \/>\n<meta property=\"article:publisher\" content=\"https:\/\/www.facebook.com\/profile.php?id=100090733639311\" \/>\n<meta property=\"article:modified_time\" content=\"2025-12-17T09:50:08+00:00\" \/>\n<meta property=\"og:image\" content=\"https:\/\/talkpal.ai\/wp-content\/uploads\/2023\/05\/Swahili-tanzania.png\" \/>\n\t<meta property=\"og:image:width\" content=\"512\" \/>\n\t<meta property=\"og:image:height\" content=\"512\" \/>\n\t<meta property=\"og:image:type\" content=\"image\/png\" \/>\n<meta name=\"twitter:card\" content=\"summary_large_image\" \/>\n<meta name=\"twitter:site\" content=\"@talkpalai\" \/>\n<meta name=\"twitter:label1\" content=\"Est. reading time\" \/>\n\t<meta name=\"twitter:data1\" content=\"2 minut\u0117s\" \/>\n<script type=\"application\/ld+json\" class=\"yoast-schema-graph\">{\"@context\":\"https:\/\/schema.org\",\"@graph\":[{\"@type\":\"WebPage\",\"@id\":\"https:\/\/talkpal.ai\/lt\/svahiliu-gramatikos-pratimai\/\",\"url\":\"https:\/\/talkpal.ai\/lt\/svahiliu-gramatikos-pratimai\/\",\"name\":\"Svahili\u0173 gramatikos pratimai - Talkpal\",\"isPartOf\":{\"@id\":\"https:\/\/talkpal.ai\/lt\/#website\"},\"primaryImageOfPage\":{\"@id\":\"https:\/\/talkpal.ai\/lt\/svahiliu-gramatikos-pratimai\/#primaryimage\"},\"image\":{\"@id\":\"https:\/\/talkpal.ai\/lt\/svahiliu-gramatikos-pratimai\/#primaryimage\"},\"thumbnailUrl\":\"https:\/\/talkpal.ai\/wp-content\/uploads\/2023\/05\/Swahili-tanzania.png\",\"datePublished\":\"2023-06-28T14:00:55+00:00\",\"dateModified\":\"2025-12-17T09:50:08+00:00\",\"description\":\"I\u0161nagrin\u0117kite \u012fdomius suahili\u0173 kalbos gramatikos pratimus, kad patobulintum\u0117te savo kalbos \u012fg\u016bd\u017eius ir geriau suprastum\u0117te suahili\u0173 kalb\u0105.\",\"breadcrumb\":{\"@id\":\"https:\/\/talkpal.ai\/lt\/svahiliu-gramatikos-pratimai\/#breadcrumb\"},\"inLanguage\":\"lt-LT\",\"potentialAction\":[{\"@type\":\"ReadAction\",\"target\":[\"https:\/\/talkpal.ai\/lt\/svahiliu-gramatikos-pratimai\/\"]}]},{\"@type\":\"ImageObject\",\"inLanguage\":\"lt-LT\",\"@id\":\"https:\/\/talkpal.ai\/lt\/svahiliu-gramatikos-pratimai\/#primaryimage\",\"url\":\"https:\/\/talkpal.ai\/wp-content\/uploads\/2023\/05\/Swahili-tanzania.png\",\"contentUrl\":\"https:\/\/talkpal.ai\/wp-content\/uploads\/2023\/05\/Swahili-tanzania.png\",\"width\":512,\"height\":512},{\"@type\":\"BreadcrumbList\",\"@id\":\"https:\/\/talkpal.ai\/lt\/svahiliu-gramatikos-pratimai\/#breadcrumb\",\"itemListElement\":[{\"@type\":\"ListItem\",\"position\":1,\"name\":\"Homepage\",\"item\":\"https:\/\/talkpal.ai\/lt\/\"},{\"@type\":\"ListItem\",\"position\":2,\"name\":\"Svahili\u0173 gramatikos pratimai\"}]},{\"@type\":\"WebSite\",\"@id\":\"https:\/\/talkpal.ai\/lt\/#website\",\"url\":\"https:\/\/talkpal.ai\/lt\/\",\"name\":\"Talkpal\",\"description\":\"AI Language Learning\",\"publisher\":{\"@id\":\"https:\/\/talkpal.ai\/lt\/#organization\"},\"alternateName\":\"Talkpal AI\",\"potentialAction\":[{\"@type\":\"SearchAction\",\"target\":{\"@type\":\"EntryPoint\",\"urlTemplate\":\"https:\/\/talkpal.ai\/lt\/?s={search_term_string}\"},\"query-input\":{\"@type\":\"PropertyValueSpecification\",\"valueRequired\":true,\"valueName\":\"search_term_string\"}}],\"inLanguage\":\"lt-LT\"},{\"@type\":\"Organization\",\"@id\":\"https:\/\/talkpal.ai\/lt\/#organization\",\"name\":\"Talkpal, Inc.\",\"alternateName\":\"Talkpal AI\",\"url\":\"https:\/\/talkpal.ai\/lt\/\",\"logo\":{\"@type\":\"ImageObject\",\"inLanguage\":\"lt-LT\",\"@id\":\"https:\/\/talkpal.ai\/lt\/#\/schema\/logo\/image\/\",\"url\":\"https:\/\/talkpal.ai\/wp-content\/uploads\/2024\/03\/Talkpal-Logo-Icon.png\",\"contentUrl\":\"https:\/\/talkpal.ai\/wp-content\/uploads\/2024\/03\/Talkpal-Logo-Icon.png\",\"width\":2880,\"height\":2880,\"caption\":\"Talkpal, Inc.\"},\"image\":{\"@id\":\"https:\/\/talkpal.ai\/lt\/#\/schema\/logo\/image\/\"},\"sameAs\":[\"https:\/\/www.facebook.com\/profile.php?id=100090733639311\",\"https:\/\/x.com\/talkpalai\",\"https:\/\/www.linkedin.com\/company\/talkpal\/\",\"https:\/\/www.youtube.com\/@TalkPal\/\",\"https:\/\/www.tiktok.com\/@talkpal\",\"https:\/\/www.instagram.com\/talkpal_ai\/\",\"https:\/\/www.crunchbase.com\/organization\/talkpal-9cde\",\"https:\/\/www.g2.com\/products\/talkpal-for-business\/\",\"https:\/\/www.trustpilot.com\/review\/talkpal.ai\",\"https:\/\/www.capterra.com\/p\/10006800\/TalkPal\/\"],\"description\":\"Talkpal is a language learning web and mobile education app, powered by the latest AI technologies, that provides engaging experiences to its customers in many different languages to help them improve their language skills. Users can chat about unlimited amount of topics with the app and use other modes to practice their language learning.\",\"email\":\"support@talkpal.ai\",\"legalName\":\"Talkpal, Inc.\",\"foundingDate\":\"2023-04-03\",\"duns\":\"118989042\",\"numberOfEmployees\":{\"@type\":\"QuantitativeValue\",\"minValue\":\"11\",\"maxValue\":\"50\"},\"publishingPrinciples\":\"https:\/\/talkpal.ai\/publishing-principles\/\",\"actionableFeedbackPolicy\":\"https:\/\/talkpal.ai\/actionable-feedback-policy\/\",\"correctionsPolicy\":\"https:\/\/talkpal.ai\/corrections-policy\/\",\"ethicsPolicy\":\"https:\/\/talkpal.ai\/ethics-policy\/\",\"diversityPolicy\":\"https:\/\/talkpal.ai\/diversity-policy\/\",\"diversityStaffingReport\":\"https:\/\/talkpal.ai\/diversity-policy\/\"}]}<\/script>\n<!-- \/ Yoast SEO Premium plugin. -->","yoast_head_json":{"title":"Svahili\u0173 gramatikos pratimai - Talkpal","description":"I\u0161nagrin\u0117kite \u012fdomius suahili\u0173 kalbos gramatikos pratimus, kad patobulintum\u0117te savo kalbos \u012fg\u016bd\u017eius ir geriau suprastum\u0117te suahili\u0173 kalb\u0105.","robots":{"index":"index","follow":"follow","max-snippet":"max-snippet:-1","max-image-preview":"max-image-preview:large","max-video-preview":"max-video-preview:-1"},"canonical":"https:\/\/talkpal.ai\/lt\/svahiliu-gramatikos-pratimai\/","og_locale":"lt_LT","og_type":"article","og_title":"Svahili\u0173 gramatikos pratimai","og_description":"Svahili\u0173 gramatikos temos Svahili\u0173 mokymasis yra \u012fdomi kelion\u0117 \u012f vien\u0105 i\u0161 pla\u010diausiai vartojam\u0173 kalb\u0173 Afrikoje. Tai bant\u0173 kalba, kuria daugiausia kalbama","og_url":"https:\/\/talkpal.ai\/lt\/svahiliu-gramatikos-pratimai\/","og_site_name":"Talkpal","article_publisher":"https:\/\/www.facebook.com\/profile.php?id=100090733639311","article_modified_time":"2025-12-17T09:50:08+00:00","og_image":[{"width":512,"height":512,"url":"https:\/\/talkpal.ai\/wp-content\/uploads\/2023\/05\/Swahili-tanzania.png","type":"image\/png"}],"twitter_card":"summary_large_image","twitter_site":"@talkpalai","twitter_misc":{"Est. reading time":"2 minut\u0117s"},"schema":{"@context":"https:\/\/schema.org","@graph":[{"@type":"WebPage","@id":"https:\/\/talkpal.ai\/lt\/svahiliu-gramatikos-pratimai\/","url":"https:\/\/talkpal.ai\/lt\/svahiliu-gramatikos-pratimai\/","name":"Svahili\u0173 gramatikos pratimai - Talkpal","isPartOf":{"@id":"https:\/\/talkpal.ai\/lt\/#website"},"primaryImageOfPage":{"@id":"https:\/\/talkpal.ai\/lt\/svahiliu-gramatikos-pratimai\/#primaryimage"},"image":{"@id":"https:\/\/talkpal.ai\/lt\/svahiliu-gramatikos-pratimai\/#primaryimage"},"thumbnailUrl":"https:\/\/talkpal.ai\/wp-content\/uploads\/2023\/05\/Swahili-tanzania.png","datePublished":"2023-06-28T14:00:55+00:00","dateModified":"2025-12-17T09:50:08+00:00","description":"I\u0161nagrin\u0117kite \u012fdomius suahili\u0173 kalbos gramatikos pratimus, kad patobulintum\u0117te savo kalbos \u012fg\u016bd\u017eius ir geriau suprastum\u0117te suahili\u0173 kalb\u0105.","breadcrumb":{"@id":"https:\/\/talkpal.ai\/lt\/svahiliu-gramatikos-pratimai\/#breadcrumb"},"inLanguage":"lt-LT","potentialAction":[{"@type":"ReadAction","target":["https:\/\/talkpal.ai\/lt\/svahiliu-gramatikos-pratimai\/"]}]},{"@type":"ImageObject","inLanguage":"lt-LT","@id":"https:\/\/talkpal.ai\/lt\/svahiliu-gramatikos-pratimai\/#primaryimage","url":"https:\/\/talkpal.ai\/wp-content\/uploads\/2023\/05\/Swahili-tanzania.png","contentUrl":"https:\/\/talkpal.ai\/wp-content\/uploads\/2023\/05\/Swahili-tanzania.png","width":512,"height":512},{"@type":"BreadcrumbList","@id":"https:\/\/talkpal.ai\/lt\/svahiliu-gramatikos-pratimai\/#breadcrumb","itemListElement":[{"@type":"ListItem","position":1,"name":"Homepage","item":"https:\/\/talkpal.ai\/lt\/"},{"@type":"ListItem","position":2,"name":"Svahili\u0173 gramatikos pratimai"}]},{"@type":"WebSite","@id":"https:\/\/talkpal.ai\/lt\/#website","url":"https:\/\/talkpal.ai\/lt\/","name":"Talkpal","description":"AI Language Learning","publisher":{"@id":"https:\/\/talkpal.ai\/lt\/#organization"},"alternateName":"Talkpal AI","potentialAction":[{"@type":"SearchAction","target":{"@type":"EntryPoint","urlTemplate":"https:\/\/talkpal.ai\/lt\/?s={search_term_string}"},"query-input":{"@type":"PropertyValueSpecification","valueRequired":true,"valueName":"search_term_string"}}],"inLanguage":"lt-LT"},{"@type":"Organization","@id":"https:\/\/talkpal.ai\/lt\/#organization","name":"Talkpal, Inc.","alternateName":"Talkpal AI","url":"https:\/\/talkpal.ai\/lt\/","logo":{"@type":"ImageObject","inLanguage":"lt-LT","@id":"https:\/\/talkpal.ai\/lt\/#\/schema\/logo\/image\/","url":"https:\/\/talkpal.ai\/wp-content\/uploads\/2024\/03\/Talkpal-Logo-Icon.png","contentUrl":"https:\/\/talkpal.ai\/wp-content\/uploads\/2024\/03\/Talkpal-Logo-Icon.png","width":2880,"height":2880,"caption":"Talkpal, Inc."},"image":{"@id":"https:\/\/talkpal.ai\/lt\/#\/schema\/logo\/image\/"},"sameAs":["https:\/\/www.facebook.com\/profile.php?id=100090733639311","https:\/\/x.com\/talkpalai","https:\/\/www.linkedin.com\/company\/talkpal\/","https:\/\/www.youtube.com\/@TalkPal\/","https:\/\/www.tiktok.com\/@talkpal","https:\/\/www.instagram.com\/talkpal_ai\/","https:\/\/www.crunchbase.com\/organization\/talkpal-9cde","https:\/\/www.g2.com\/products\/talkpal-for-business\/","https:\/\/www.trustpilot.com\/review\/talkpal.ai","https:\/\/www.capterra.com\/p\/10006800\/TalkPal\/"],"description":"Talkpal is a language learning web and mobile education app, powered by the latest AI technologies, that provides engaging experiences to its customers in many different languages to help them improve their language skills. Users can chat about unlimited amount of topics with the app and use other modes to practice their language learning.","email":"support@talkpal.ai","legalName":"Talkpal, Inc.","foundingDate":"2023-04-03","duns":"118989042","numberOfEmployees":{"@type":"QuantitativeValue","minValue":"11","maxValue":"50"},"publishingPrinciples":"https:\/\/talkpal.ai\/publishing-principles\/","actionableFeedbackPolicy":"https:\/\/talkpal.ai\/actionable-feedback-policy\/","correctionsPolicy":"https:\/\/talkpal.ai\/corrections-policy\/","ethicsPolicy":"https:\/\/talkpal.ai\/ethics-policy\/","diversityPolicy":"https:\/\/talkpal.ai\/diversity-policy\/","diversityStaffingReport":"https:\/\/talkpal.ai\/diversity-policy\/"}]}},"_links":{"self":[{"href":"https:\/\/talkpal.ai\/lt\/wp-json\/wp\/v2\/pages\/156625","targetHints":{"allow":["GET"]}}],"collection":[{"href":"https:\/\/talkpal.ai\/lt\/wp-json\/wp\/v2\/pages"}],"about":[{"href":"https:\/\/talkpal.ai\/lt\/wp-json\/wp\/v2\/types\/page"}],"author":[{"embeddable":true,"href":"https:\/\/talkpal.ai\/lt\/wp-json\/wp\/v2\/users\/6"}],"replies":[{"embeddable":true,"href":"https:\/\/talkpal.ai\/lt\/wp-json\/wp\/v2\/comments?post=156625"}],"version-history":[{"count":0,"href":"https:\/\/talkpal.ai\/lt\/wp-json\/wp\/v2\/pages\/156625\/revisions"}],"wp:featuredmedia":[{"embeddable":true,"href":"https:\/\/talkpal.ai\/lt\/wp-json\/wp\/v2\/media\/119263"}],"wp:attachment":[{"href":"https:\/\/talkpal.ai\/lt\/wp-json\/wp\/v2\/media?parent=156625"}],"curies":[{"name":"wp","href":"https:\/\/api.w.org\/{rel}","templated":true}]}}