{"id":156351,"date":"2023-07-05T10:08:32","date_gmt":"2023-07-05T10:08:32","guid":{"rendered":"http:\/\/talkpal.ai\/tagalog-gramatikos-pratimai\/"},"modified":"2025-12-17T10:00:06","modified_gmt":"2025-12-17T10:00:06","slug":"tagalog-gramatikos-pratimai","status":"publish","type":"page","link":"https:\/\/talkpal.ai\/lt\/tagalog-gramatikos-pratimai\/","title":{"rendered":"Tagalog gramatikos pratimai"},"content":{"rendered":"\r\n\r\n\r\n<section class=\"languageChallengeSection\">\r\n    <div class=\"languageInfoWrapper\">\r\n        \r\n        <h1>Tagalog gramatikos pratimai<\/h1>\r\n        <p>Norite geriau pasitik\u0117ti tagal\u0173 kalba? Gramatikos pratimai yra puikus b\u016bdas suprasti sakinio strukt\u016br\u0105, veiksma\u017eod\u017ei\u0173 formas ir unikalius <a href=\"https:\/\/talkpal.ai\/what-language-is-spoken-on-the-international-space-station\/\">kalbos<\/a> modelius. Prad\u0117kite mokytis tagal\u0173 kalbos gramatikos \u0161iandien ir pamatysite, kaip su kiekvienu \u017eingsniu auga j\u016bs\u0173 \u012fg\u016bd\u017eiai ir pasitik\u0117jimas savimi!<\/p>\r\n\r\n                            <a class=\"getStartedHidden\" href=\"https:\/\/app.talkpal.ai\/lt\/signup?lng=\">Prad\u0117k<\/a>\r\n        \r\n    <\/div>\r\n\r\n    <figure>\r\n    <img decoding=\"async\" width=\"768\" height=\"768\" src=\"https:\/\/talkpal.ai\/wp-content\/uploads\/2023\/06\/tagalog-768x768.png\" class=\"languageImage no-lazy\" alt=\"Overcoming challenges in language learning\" fetchpriority=\"high\" sizes=\"(max-width: 768px) 150px, 768px\" srcset=\"https:\/\/talkpal.ai\/wp-content\/uploads\/2023\/06\/tagalog-768x768.png 768w, https:\/\/talkpal.ai\/wp-content\/uploads\/2023\/06\/tagalog-300x300.png 300w\" \/>\r\n    \r\n\r\n    <\/figure>\r\n\r\n            <a class=\"getStartedVisible\" href=\"https:\/\/app.talkpal.ai\/lt\/signup?lng=\">Prad\u0117k<\/a>\r\n    \r\n<\/section>\r\n\r\n\r\n<!-- <section class=\"grammarSection\">\r\n    <div class=\"grammarLinks\">\r\n            <\/div>\r\n<\/section> -->\r\n\r\n\r\n\r\n\r\n<section class=\"promotionalBanner\">\r\n    <p class=\"promotionalText\">Efektyviausias b\u016bdas mokytis kalbos<\/p>\r\n    <a class=\"promotionalLink\" href=\"https:\/\/app.talkpal.ai\/lt\/signup?lng=\">I\u0161bandykite Talkpal &#8221; nemokamai<\/a>\r\n<\/section>\n<div class=\"wp-block-group pageContainerStyle\"><div class=\"wp-block-group__inner-container is-layout-constrained wp-block-group-is-layout-constrained\">\n<h2 class=\"wp-block-heading\" id=\"h-tagalog-grammar-topics\">Tagal\u0173 gramatikos temos<\/h2>\n\n\n\n<p>Naujos <a href=\"https:\/\/talkpal.ai\/lt\/kaip-ismokti-kalba-per-talkpal-chat\/\">kalbos mokymasis<\/a> gali b\u016bti \u012fdomi kelion\u0117, o tiems, kurie domisi <a href=\"https:\/\/talkpal.ai\/learn-tagalog\/\">Tagalog<\/a>, kalba, kuria kalbama Filipinuose, labai svarbu suprasti gramatik\u0105. Tagal\u0173 <a href=\"https:\/\/talkpal.ai\/sq\/gramatika\/\">gramatika<\/a> pasi\u017eymi unikaliomis savyb\u0117mis, susijusiomis su laikais, veiksma\u017eod\u017eiais, daiktavard\u017eiais, straipsniais, \u012fvard\u017eiais \/ determinatoriais, b\u016bdvard\u017eiais, prieveiksmiais, s\u0105lygo\u010diais, prielinksniais ir sakini\u0173 strukt\u016bromis. \u0160iame vadove bus pateikta si\u016bloma \u0161i\u0173 tem\u0173 mokymosi seka ir trumpa kiekvienos i\u0161 j\u0173 ap\u017evalga.<\/p>\n\n\n\n<h3 class=\"wp-block-heading\" id=\"h-1-nouns\">1. Daiktavard\u017eiai:<\/h3>\n\n\n\n<p>Prad\u0117kite nuo Tagalog daiktavard\u017ei\u0173 supratimo, nes jie yra kalbos pagrindas. Susipa\u017einkite su bendriniais daiktavard\u017eiais, ly\u010diai b\u016bdingais daiktavard\u017eiais ir j\u0173 daugiskaitos formomis.<\/p>\n\n\n\n<h3 class=\"wp-block-heading\" id=\"h-2-articles\">2. Straipsniai:<\/h3>\n\n\n\n<p>Tagalog straipsniai yra gana paprasti. Jie neturi apibr\u0117\u017et\u0173 ir neapibr\u0117\u017et\u0173 straipsni\u0173, toki\u0173 kaip <a href=\"https:\/\/talkpal.ai\/learn-english-with-ai\/\">angl\u0173<\/a> kalba, s\u0105vokos. Vietoj to jie naudoja \u017eymeklius, \u017eymin\u010dius konkre\u010dius vaidmenis sakinyje.<\/p>\n\n\n\n<h3 class=\"wp-block-heading\" id=\"h-3-pronouns-determiners\">3. \u012evard\u017eiai\/determinantai:<\/h3>\n\n\n\n<p>Jie naudojami daiktavard\u017eiams pakeisti sakiniuose, kad b\u016bt\u0173 i\u0161vengta dubliavimo. Susipa\u017einkite su skirtingais \u012fvard\u017ei\u0173 ir determinant\u0173 tipais Tagaloge, \u012fskaitant asmeninius, demonstratyvius, savininki\u0161kus ir klausiamuosius \u012fvard\u017eius.<\/p>\n\n\n\n<h3 class=\"wp-block-heading\" id=\"h-4-adjectives\">4. B\u016bdvard\u017eiai:<\/h3>\n\n\n\n<p>B\u016bdvard\u017eiai naudojami daiktavard\u017eiams apib\u016bdinti ar keisti. Tagaloge jie paprastai seka daiktavard\u017eiu, kur\u012f jie modifikuoja, o <a href=\"https:\/\/talkpal.ai\/learn-thai\/\">tai<\/a> yra prie\u0161inga angl\u0173 kalbai.<\/p>\n\n\n\n<h3 class=\"wp-block-heading\" id=\"h-5-verbs\">5. Veiksma\u017eod\u017eiai:<\/h3>\n\n\n\n<p>Pagrindin\u0117 bet kurios kalbos dalis. Tagalog veiksma\u017eod\u017eiai yra labai svarb\u016bs mokymuisi. Tagalogo veiksma\u017eod\u017eiai turi sud\u0117ting\u0105 sistem\u0105, daugiausia d\u0117mesio skiriant veiksmui, veik\u0117jui ar objektui.<\/p>\n\n\n\n<h3 class=\"wp-block-heading\" id=\"h-6-tenses\">6. Laikai:<\/h3>\n\n\n\n<p><a href=\"https:\/\/talkpal.ai\/locations\/language-courses-in-kai\/\">Kai<\/a> suprasite Tagalog veiksma\u017eod\u017eius, galite pasinerti \u012f laikus. Tagalog turi tris pagrindinius laikus: praeit\u012f, dabart\u012f ir ateit\u012f.<\/p>\n\n\n\n<h3 class=\"wp-block-heading\" id=\"h-7-tense-comparison\">7. \u012etemptas palyginimas:<\/h3>\n\n\n\n<p>Tai apima skirting\u0173 laik\u0173 palyginim\u0105 tame pa\u010diame sakinyje ar kontekste. Norint tai suprasti, reikia gerai suvokti atskirus laikus.<\/p>\n\n\n\n<h3 class=\"wp-block-heading\" id=\"h-8-progressive\">8. Progresyvus:<\/h3>\n\n\n\n<p>Tai rei\u0161kia veiksmus, kurie \u0161iuo metu vyksta. Tagaloge tai i\u0161rei\u0161kiama kartojant pirm\u0105j\u012f \u0161aknies veiksma\u017eod\u017eio skiemen\u012f.<\/p>\n\n\n\n<h3 class=\"wp-block-heading\" id=\"h-9-perfect-progressive\">9. Tobulas progresyvus:<\/h3>\n\n\n\n<p>\u0160i \u012ftampa naudojama apib\u016bdinti veiksm\u0105, kuris vyko ir vis dar vyksta. Tai i\u0161rei\u0161kiama Tagalog naudojant konkre\u010dias veiksma\u017eod\u017ei\u0173 formas ir \u017eymeklius.<\/p>\n\n\n\n<h3 class=\"wp-block-heading\" id=\"h-10-adverbs\">10. Prieveiksmiai:<\/h3>\n\n\n\n<p>Prieveiksmiai naudojami veiksma\u017eod\u017eiams, b\u016bdvard\u017eiams ar kitiems prieveiksmiams apib\u016bdinti. Jie suteikia papildomos informacijos apie tai, kaip, kada, kur ir kokiu mastu kas nors vyksta.<\/p>\n\n\n\n<h3 class=\"wp-block-heading\" id=\"h-11-conditionals\">11. S\u0105lygos:<\/h3>\n\n\n\n<p>S\u0105lygos naudojamos hipotetin\u0117ms situacijoms ir j\u0173 galimiems rezultatams i\u0161reik\u0161ti. Norint tai \u012fvaldyti, reikia suprasti veiksma\u017eod\u017ei\u0173 laikus ir nuotaikas.<\/p>\n\n\n\n<h3 class=\"wp-block-heading\" id=\"h-12-prepositions\">12. Prielinksniai:<\/h3>\n\n\n\n<p>Prielinksniai naudojami daiktavard\u017eiams, \u012fvard\u017eiams ir fraz\u0117ms susieti su kitais sakinio \u017eod\u017eiais.<\/p>\n\n\n\n<h3 class=\"wp-block-heading\" id=\"h-13-sentences\">13. Sakiniai:<\/h3>\n\n\n\n<p>Galiausiai galite prad\u0117ti formuoti sakinius Tagaloge. Tai rei\u0161kia, kad visus i\u0161moktus gramatinius komponentus reikia vartoti tinkama tvarka ir su tinkamais \u017eymekliais.<\/p>\n<\/div><\/div>\n\r\n<section class=\"learnNavigationSection\">\r\n            \r\n        <a href=\"https:\/\/talkpal.ai\/lt\/suzinokite-tagalog\/\">\r\n            <div class=\"learnNavigationWrapper\">\r\n                <div class=\"learnNavigationContent\">\r\n                    <img decoding=\"async\" src=\"https:\/\/talkpal.ai\/wp-content\/uploads\/2024\/08\/Tagalog.jpg\" alt=\"Philippines Flag\">\r\n                    <div>\r\n                        <h4>Apie tagal\u0173 kalbos mokym\u0105si<\/h4>\r\n                        <p>Su\u017einokite visk\u0105 apie Tagalog gramatik\u0105.<\/p>\r\n                    <\/div>\r\n                <\/div>\r\n            <\/div>\r\n        <\/a>\r\n\r\n        \r\n        <a href=\"https:\/\/talkpal.ai\/lt\/tagalogo-gramatika\/\">\r\n            <div class=\"learnNavigationWrapper\">\r\n                <div class=\"learnNavigationContent\">\r\n                    <img decoding=\"async\" src=\"https:\/\/talkpal.ai\/wp-content\/uploads\/2024\/08\/Tagalog.jpg\" alt=\"Philippines Flag\">\r\n                    <div>\r\n                        <h4>Tagalogo gramatikos pamokos<\/h4>\r\n                        <p>Praktikuokite Tagalog gramatik\u0105.<\/p>\r\n                    <\/div>\r\n                <\/div>\r\n            <\/div>\r\n        <\/a>\r\n\r\n        \r\n        <a href=\"https:\/\/talkpal.ai\/vocabulary_language\/tagalog\/\">\r\n            <div class=\"learnNavigationWrapper\">\r\n                <div class=\"learnNavigationContent\">\r\n                    <img decoding=\"async\" src=\"https:\/\/talkpal.ai\/wp-content\/uploads\/2024\/08\/Tagalog.jpg\" alt=\"Philippines Flag\">\r\n                    <div>\r\n                        <h4>Tagal\u0173 kalbos \u017eodynas<\/h4>\r\n                        <p>Prapl\u0117skite savo tagal\u0173 kalbos \u017eodyn\u0105.<\/p>\r\n                    <\/div>\r\n                <\/div>\r\n            <\/div>\r\n        <\/a>\r\n\r\n            <\/section>","protected":false},"excerpt":{"rendered":"<p>Tagal\u0173 gramatikos temos Naujos kalbos mokymasis gali b\u016bti \u012fdomi kelion\u0117, o tiems, kurie domisi Tagalog, kalba, kuria kalbama Filipinuose, labai svarbu suprasti gramatik\u0105. Tagal\u0173 gramatika pasi\u017eymi unikaliomis savyb\u0117mis, susijusiomis su laikais, veiksma\u017eod\u017eiais, daiktavard\u017eiais, straipsniais, \u012fvard\u017eiais \/ determinatoriais, b\u016bdvard\u017eiais, prieveiksmiais, s\u0105lygo\u010diais, prielinksniais ir sakini\u0173 strukt\u016bromis. \u0160iame vadove bus pateikta si\u016bloma \u0161i\u0173 tem\u0173 mokymosi seka ir trumpa [&hellip;]<\/p>\n","protected":false},"author":6,"featured_media":119998,"parent":0,"menu_order":0,"comment_status":"closed","ping_status":"closed","template":"LearningContentPage.php","meta":{"_acf_changed":false,"footnotes":""},"class_list":["post-156351","page","type-page","status-publish","has-post-thumbnail","hentry"],"acf":[],"yoast_head":"<!-- This site is optimized with the Yoast SEO Premium plugin v27.2 (Yoast SEO v27.2) - https:\/\/yoast.com\/product\/yoast-seo-premium-wordpress\/ -->\n<title>Tagalog gramatikos pratimai - Talkpal<\/title>\n<meta name=\"description\" content=\"Atraskite \u012fdomi\u0173 tagal\u0173 kalbos gramatikos pratim\u0173, kurie pad\u0117s lavinti j\u016bs\u0173 kalbos \u012fg\u016bd\u017eius. Puikiai tinka ir pradedantiesiems, ir pa\u017eengusiems mokiniams.\" \/>\n<meta name=\"robots\" content=\"index, follow, max-snippet:-1, max-image-preview:large, max-video-preview:-1\" \/>\n<link rel=\"canonical\" href=\"https:\/\/talkpal.ai\/lt\/tagalog-gramatikos-pratimai\/\" \/>\n<meta property=\"og:locale\" content=\"lt_LT\" \/>\n<meta property=\"og:type\" content=\"article\" \/>\n<meta property=\"og:title\" content=\"Tagalog gramatikos pratimai\" \/>\n<meta property=\"og:description\" content=\"Tagal\u0173 gramatikos temos Naujos kalbos mokymasis gali b\u016bti \u012fdomi kelion\u0117, o tiems, kurie domisi Tagalog, kalba, kuria kalbama Filipinuose, labai svarbu\" \/>\n<meta property=\"og:url\" content=\"https:\/\/talkpal.ai\/lt\/tagalog-gramatikos-pratimai\/\" \/>\n<meta property=\"og:site_name\" content=\"Talkpal\" \/>\n<meta property=\"article:publisher\" content=\"https:\/\/www.facebook.com\/profile.php?id=100090733639311\" \/>\n<meta property=\"article:modified_time\" content=\"2025-12-17T10:00:06+00:00\" \/>\n<meta property=\"og:image\" content=\"https:\/\/talkpal.ai\/wp-content\/uploads\/2023\/05\/Tagalog-philippines.png\" \/>\n\t<meta property=\"og:image:width\" content=\"512\" \/>\n\t<meta property=\"og:image:height\" content=\"512\" \/>\n\t<meta property=\"og:image:type\" content=\"image\/png\" \/>\n<meta name=\"twitter:card\" content=\"summary_large_image\" \/>\n<meta name=\"twitter:site\" content=\"@talkpalai\" \/>\n<meta name=\"twitter:label1\" content=\"Est. reading time\" \/>\n\t<meta name=\"twitter:data1\" content=\"2 minut\u0117s\" \/>\n<script type=\"application\/ld+json\" class=\"yoast-schema-graph\">{\"@context\":\"https:\/\/schema.org\",\"@graph\":[{\"@type\":\"WebPage\",\"@id\":\"https:\/\/talkpal.ai\/lt\/tagalog-gramatikos-pratimai\/\",\"url\":\"https:\/\/talkpal.ai\/lt\/tagalog-gramatikos-pratimai\/\",\"name\":\"Tagalog gramatikos pratimai - Talkpal\",\"isPartOf\":{\"@id\":\"https:\/\/talkpal.ai\/lt\/#website\"},\"primaryImageOfPage\":{\"@id\":\"https:\/\/talkpal.ai\/lt\/tagalog-gramatikos-pratimai\/#primaryimage\"},\"image\":{\"@id\":\"https:\/\/talkpal.ai\/lt\/tagalog-gramatikos-pratimai\/#primaryimage\"},\"thumbnailUrl\":\"https:\/\/talkpal.ai\/wp-content\/uploads\/2023\/05\/Tagalog-philippines.png\",\"datePublished\":\"2023-07-05T10:08:32+00:00\",\"dateModified\":\"2025-12-17T10:00:06+00:00\",\"description\":\"Atraskite \u012fdomi\u0173 tagal\u0173 kalbos gramatikos pratim\u0173, kurie pad\u0117s lavinti j\u016bs\u0173 kalbos \u012fg\u016bd\u017eius. Puikiai tinka ir pradedantiesiems, ir pa\u017eengusiems mokiniams.\",\"breadcrumb\":{\"@id\":\"https:\/\/talkpal.ai\/lt\/tagalog-gramatikos-pratimai\/#breadcrumb\"},\"inLanguage\":\"lt-LT\",\"potentialAction\":[{\"@type\":\"ReadAction\",\"target\":[\"https:\/\/talkpal.ai\/lt\/tagalog-gramatikos-pratimai\/\"]}]},{\"@type\":\"ImageObject\",\"inLanguage\":\"lt-LT\",\"@id\":\"https:\/\/talkpal.ai\/lt\/tagalog-gramatikos-pratimai\/#primaryimage\",\"url\":\"https:\/\/talkpal.ai\/wp-content\/uploads\/2023\/05\/Tagalog-philippines.png\",\"contentUrl\":\"https:\/\/talkpal.ai\/wp-content\/uploads\/2023\/05\/Tagalog-philippines.png\",\"width\":512,\"height\":512},{\"@type\":\"BreadcrumbList\",\"@id\":\"https:\/\/talkpal.ai\/lt\/tagalog-gramatikos-pratimai\/#breadcrumb\",\"itemListElement\":[{\"@type\":\"ListItem\",\"position\":1,\"name\":\"Homepage\",\"item\":\"https:\/\/talkpal.ai\/lt\/\"},{\"@type\":\"ListItem\",\"position\":2,\"name\":\"Tagalog gramatikos pratimai\"}]},{\"@type\":\"WebSite\",\"@id\":\"https:\/\/talkpal.ai\/lt\/#website\",\"url\":\"https:\/\/talkpal.ai\/lt\/\",\"name\":\"Talkpal\",\"description\":\"AI Language Learning\",\"publisher\":{\"@id\":\"https:\/\/talkpal.ai\/lt\/#organization\"},\"alternateName\":\"Talkpal AI\",\"potentialAction\":[{\"@type\":\"SearchAction\",\"target\":{\"@type\":\"EntryPoint\",\"urlTemplate\":\"https:\/\/talkpal.ai\/lt\/?s={search_term_string}\"},\"query-input\":{\"@type\":\"PropertyValueSpecification\",\"valueRequired\":true,\"valueName\":\"search_term_string\"}}],\"inLanguage\":\"lt-LT\"},{\"@type\":\"Organization\",\"@id\":\"https:\/\/talkpal.ai\/lt\/#organization\",\"name\":\"Talkpal, Inc.\",\"alternateName\":\"Talkpal AI\",\"url\":\"https:\/\/talkpal.ai\/lt\/\",\"logo\":{\"@type\":\"ImageObject\",\"inLanguage\":\"lt-LT\",\"@id\":\"https:\/\/talkpal.ai\/lt\/#\/schema\/logo\/image\/\",\"url\":\"https:\/\/talkpal.ai\/wp-content\/uploads\/2024\/03\/Talkpal-Logo-Icon.png\",\"contentUrl\":\"https:\/\/talkpal.ai\/wp-content\/uploads\/2024\/03\/Talkpal-Logo-Icon.png\",\"width\":2880,\"height\":2880,\"caption\":\"Talkpal, Inc.\"},\"image\":{\"@id\":\"https:\/\/talkpal.ai\/lt\/#\/schema\/logo\/image\/\"},\"sameAs\":[\"https:\/\/www.facebook.com\/profile.php?id=100090733639311\",\"https:\/\/x.com\/talkpalai\",\"https:\/\/www.linkedin.com\/company\/talkpal\/\",\"https:\/\/www.youtube.com\/@TalkPal\/\",\"https:\/\/www.tiktok.com\/@talkpal\",\"https:\/\/www.instagram.com\/talkpal_ai\/\",\"https:\/\/www.crunchbase.com\/organization\/talkpal-9cde\",\"https:\/\/www.g2.com\/products\/talkpal-for-business\/\",\"https:\/\/www.trustpilot.com\/review\/talkpal.ai\",\"https:\/\/www.capterra.com\/p\/10006800\/TalkPal\/\"],\"description\":\"Talkpal is a language learning web and mobile education app, powered by the latest AI technologies, that provides engaging experiences to its customers in many different languages to help them improve their language skills. Users can chat about unlimited amount of topics with the app and use other modes to practice their language learning.\",\"email\":\"support@talkpal.ai\",\"legalName\":\"Talkpal, Inc.\",\"foundingDate\":\"2023-04-03\",\"duns\":\"118989042\",\"numberOfEmployees\":{\"@type\":\"QuantitativeValue\",\"minValue\":\"11\",\"maxValue\":\"50\"},\"publishingPrinciples\":\"https:\/\/talkpal.ai\/publishing-principles\/\",\"actionableFeedbackPolicy\":\"https:\/\/talkpal.ai\/actionable-feedback-policy\/\",\"correctionsPolicy\":\"https:\/\/talkpal.ai\/corrections-policy\/\",\"ethicsPolicy\":\"https:\/\/talkpal.ai\/ethics-policy\/\",\"diversityPolicy\":\"https:\/\/talkpal.ai\/diversity-policy\/\",\"diversityStaffingReport\":\"https:\/\/talkpal.ai\/diversity-policy\/\"}]}<\/script>\n<!-- \/ Yoast SEO Premium plugin. -->","yoast_head_json":{"title":"Tagalog gramatikos pratimai - Talkpal","description":"Atraskite \u012fdomi\u0173 tagal\u0173 kalbos gramatikos pratim\u0173, kurie pad\u0117s lavinti j\u016bs\u0173 kalbos \u012fg\u016bd\u017eius. Puikiai tinka ir pradedantiesiems, ir pa\u017eengusiems mokiniams.","robots":{"index":"index","follow":"follow","max-snippet":"max-snippet:-1","max-image-preview":"max-image-preview:large","max-video-preview":"max-video-preview:-1"},"canonical":"https:\/\/talkpal.ai\/lt\/tagalog-gramatikos-pratimai\/","og_locale":"lt_LT","og_type":"article","og_title":"Tagalog gramatikos pratimai","og_description":"Tagal\u0173 gramatikos temos Naujos kalbos mokymasis gali b\u016bti \u012fdomi kelion\u0117, o tiems, kurie domisi Tagalog, kalba, kuria kalbama Filipinuose, labai svarbu","og_url":"https:\/\/talkpal.ai\/lt\/tagalog-gramatikos-pratimai\/","og_site_name":"Talkpal","article_publisher":"https:\/\/www.facebook.com\/profile.php?id=100090733639311","article_modified_time":"2025-12-17T10:00:06+00:00","og_image":[{"width":512,"height":512,"url":"https:\/\/talkpal.ai\/wp-content\/uploads\/2023\/05\/Tagalog-philippines.png","type":"image\/png"}],"twitter_card":"summary_large_image","twitter_site":"@talkpalai","twitter_misc":{"Est. reading time":"2 minut\u0117s"},"schema":{"@context":"https:\/\/schema.org","@graph":[{"@type":"WebPage","@id":"https:\/\/talkpal.ai\/lt\/tagalog-gramatikos-pratimai\/","url":"https:\/\/talkpal.ai\/lt\/tagalog-gramatikos-pratimai\/","name":"Tagalog gramatikos pratimai - Talkpal","isPartOf":{"@id":"https:\/\/talkpal.ai\/lt\/#website"},"primaryImageOfPage":{"@id":"https:\/\/talkpal.ai\/lt\/tagalog-gramatikos-pratimai\/#primaryimage"},"image":{"@id":"https:\/\/talkpal.ai\/lt\/tagalog-gramatikos-pratimai\/#primaryimage"},"thumbnailUrl":"https:\/\/talkpal.ai\/wp-content\/uploads\/2023\/05\/Tagalog-philippines.png","datePublished":"2023-07-05T10:08:32+00:00","dateModified":"2025-12-17T10:00:06+00:00","description":"Atraskite \u012fdomi\u0173 tagal\u0173 kalbos gramatikos pratim\u0173, kurie pad\u0117s lavinti j\u016bs\u0173 kalbos \u012fg\u016bd\u017eius. Puikiai tinka ir pradedantiesiems, ir pa\u017eengusiems mokiniams.","breadcrumb":{"@id":"https:\/\/talkpal.ai\/lt\/tagalog-gramatikos-pratimai\/#breadcrumb"},"inLanguage":"lt-LT","potentialAction":[{"@type":"ReadAction","target":["https:\/\/talkpal.ai\/lt\/tagalog-gramatikos-pratimai\/"]}]},{"@type":"ImageObject","inLanguage":"lt-LT","@id":"https:\/\/talkpal.ai\/lt\/tagalog-gramatikos-pratimai\/#primaryimage","url":"https:\/\/talkpal.ai\/wp-content\/uploads\/2023\/05\/Tagalog-philippines.png","contentUrl":"https:\/\/talkpal.ai\/wp-content\/uploads\/2023\/05\/Tagalog-philippines.png","width":512,"height":512},{"@type":"BreadcrumbList","@id":"https:\/\/talkpal.ai\/lt\/tagalog-gramatikos-pratimai\/#breadcrumb","itemListElement":[{"@type":"ListItem","position":1,"name":"Homepage","item":"https:\/\/talkpal.ai\/lt\/"},{"@type":"ListItem","position":2,"name":"Tagalog gramatikos pratimai"}]},{"@type":"WebSite","@id":"https:\/\/talkpal.ai\/lt\/#website","url":"https:\/\/talkpal.ai\/lt\/","name":"Talkpal","description":"AI Language Learning","publisher":{"@id":"https:\/\/talkpal.ai\/lt\/#organization"},"alternateName":"Talkpal AI","potentialAction":[{"@type":"SearchAction","target":{"@type":"EntryPoint","urlTemplate":"https:\/\/talkpal.ai\/lt\/?s={search_term_string}"},"query-input":{"@type":"PropertyValueSpecification","valueRequired":true,"valueName":"search_term_string"}}],"inLanguage":"lt-LT"},{"@type":"Organization","@id":"https:\/\/talkpal.ai\/lt\/#organization","name":"Talkpal, Inc.","alternateName":"Talkpal AI","url":"https:\/\/talkpal.ai\/lt\/","logo":{"@type":"ImageObject","inLanguage":"lt-LT","@id":"https:\/\/talkpal.ai\/lt\/#\/schema\/logo\/image\/","url":"https:\/\/talkpal.ai\/wp-content\/uploads\/2024\/03\/Talkpal-Logo-Icon.png","contentUrl":"https:\/\/talkpal.ai\/wp-content\/uploads\/2024\/03\/Talkpal-Logo-Icon.png","width":2880,"height":2880,"caption":"Talkpal, Inc."},"image":{"@id":"https:\/\/talkpal.ai\/lt\/#\/schema\/logo\/image\/"},"sameAs":["https:\/\/www.facebook.com\/profile.php?id=100090733639311","https:\/\/x.com\/talkpalai","https:\/\/www.linkedin.com\/company\/talkpal\/","https:\/\/www.youtube.com\/@TalkPal\/","https:\/\/www.tiktok.com\/@talkpal","https:\/\/www.instagram.com\/talkpal_ai\/","https:\/\/www.crunchbase.com\/organization\/talkpal-9cde","https:\/\/www.g2.com\/products\/talkpal-for-business\/","https:\/\/www.trustpilot.com\/review\/talkpal.ai","https:\/\/www.capterra.com\/p\/10006800\/TalkPal\/"],"description":"Talkpal is a language learning web and mobile education app, powered by the latest AI technologies, that provides engaging experiences to its customers in many different languages to help them improve their language skills. Users can chat about unlimited amount of topics with the app and use other modes to practice their language learning.","email":"support@talkpal.ai","legalName":"Talkpal, Inc.","foundingDate":"2023-04-03","duns":"118989042","numberOfEmployees":{"@type":"QuantitativeValue","minValue":"11","maxValue":"50"},"publishingPrinciples":"https:\/\/talkpal.ai\/publishing-principles\/","actionableFeedbackPolicy":"https:\/\/talkpal.ai\/actionable-feedback-policy\/","correctionsPolicy":"https:\/\/talkpal.ai\/corrections-policy\/","ethicsPolicy":"https:\/\/talkpal.ai\/ethics-policy\/","diversityPolicy":"https:\/\/talkpal.ai\/diversity-policy\/","diversityStaffingReport":"https:\/\/talkpal.ai\/diversity-policy\/"}]}},"_links":{"self":[{"href":"https:\/\/talkpal.ai\/lt\/wp-json\/wp\/v2\/pages\/156351","targetHints":{"allow":["GET"]}}],"collection":[{"href":"https:\/\/talkpal.ai\/lt\/wp-json\/wp\/v2\/pages"}],"about":[{"href":"https:\/\/talkpal.ai\/lt\/wp-json\/wp\/v2\/types\/page"}],"author":[{"embeddable":true,"href":"https:\/\/talkpal.ai\/lt\/wp-json\/wp\/v2\/users\/6"}],"replies":[{"embeddable":true,"href":"https:\/\/talkpal.ai\/lt\/wp-json\/wp\/v2\/comments?post=156351"}],"version-history":[{"count":0,"href":"https:\/\/talkpal.ai\/lt\/wp-json\/wp\/v2\/pages\/156351\/revisions"}],"wp:featuredmedia":[{"embeddable":true,"href":"https:\/\/talkpal.ai\/lt\/wp-json\/wp\/v2\/media\/119998"}],"wp:attachment":[{"href":"https:\/\/talkpal.ai\/lt\/wp-json\/wp\/v2\/media?parent=156351"}],"curies":[{"name":"wp","href":"https:\/\/api.w.org\/{rel}","templated":true}]}}