{"id":156170,"date":"2023-07-05T10:17:13","date_gmt":"2023-07-05T10:17:13","guid":{"rendered":"http:\/\/talkpal.ai\/tamilu-gramatikos-pratimai\/"},"modified":"2025-12-17T14:43:58","modified_gmt":"2025-12-17T14:43:58","slug":"tamilu-gramatikos-pratimai","status":"publish","type":"page","link":"https:\/\/talkpal.ai\/lt\/tamilu-gramatikos-pratimai\/","title":{"rendered":"Tamil\u0173 gramatikos pratimai"},"content":{"rendered":"\r\n\r\n\r\n<section class=\"languageChallengeSection\">\r\n    <div class=\"languageInfoWrapper\">\r\n        \r\n        <h1>Tamil\u0173 gramatikos pratimai<\/h1>\r\n        <p>Jei norite i\u0161mokti <a href=\"https:\/\/talkpal.ai\/learn-tamil\/\">tamil\u0173<\/a> kalb\u0105, gramatikos pratimai yra pagrindinis \u017eingsnis j\u016bs\u0173 kelyje. Prad\u0117kite \u0161iandien, i\u0161bandykite naujus gramatikos modelius ir steb\u0117kite, kaip su kiekvienu pratimu auga j\u016bs\u0173 <a href=\"https:\/\/talkpal.ai\/lt\/mokykis-tamilu-kalbos\/\">tamil\u0173 kalbos<\/a> \u012fg\u016bd\u017eiai!<\/p>\r\n\r\n                            <a class=\"getStartedHidden\" href=\"https:\/\/app.talkpal.ai\/lt\/signup?lng=\">Prad\u0117k<\/a>\r\n        \r\n    <\/div>\r\n\r\n    <figure>\r\n    <img decoding=\"async\" width=\"768\" height=\"768\" src=\"https:\/\/talkpal.ai\/wp-content\/uploads\/2023\/06\/tamil-768x768.png\" class=\"languageImage no-lazy\" alt=\"Language learning for enhanced creativity\" fetchpriority=\"high\" sizes=\"(max-width: 768px) 150px, 768px\" srcset=\"https:\/\/talkpal.ai\/wp-content\/uploads\/2023\/06\/tamil-768x768.png 768w, https:\/\/talkpal.ai\/wp-content\/uploads\/2023\/06\/tamil-300x300.png 300w\" \/>\r\n    \r\n\r\n    <\/figure>\r\n\r\n            <a class=\"getStartedVisible\" href=\"https:\/\/app.talkpal.ai\/lt\/signup?lng=\">Prad\u0117k<\/a>\r\n    \r\n<\/section>\r\n\r\n\r\n<!-- <section class=\"grammarSection\">\r\n    <div class=\"grammarLinks\">\r\n            <\/div>\r\n<\/section> -->\r\n\r\n\r\n\r\n\r\n<section class=\"promotionalBanner\">\r\n    <p class=\"promotionalText\">Efektyviausias b\u016bdas mokytis <a href=\"https:\/\/talkpal.ai\/what-language-is-spoken-on-the-international-space-station\/\">kalbos<\/a><\/p>\r\n    <a class=\"promotionalLink\" href=\"https:\/\/app.talkpal.ai\/lt\/signup?lng=\">I\u0161bandykite Talkpal &#8221; nemokamai<\/a>\r\n<\/section>\n<div class=\"wp-block-group pageContainerStyle\"><div class=\"wp-block-group__inner-container is-layout-constrained wp-block-group-is-layout-constrained\">\n<h2 class=\"wp-block-heading\" id=\"h-tamil-grammar-topics\">Tamil\u0173 gramatikos temos<\/h2>\n\n\n\n<p>Tamil\u0173 kalba yra gyvybinga ir turtinga kalba, kuria daugiausia kalbama Piet\u0173 Indijoje ir \u0160ri Lankoje. Jis \u017einomas d\u0117l savo unikalaus scenarijaus ir sud\u0117tingos gramatikos sistemos. <a href=\"https:\/\/talkpal.ai\/lt\/mokykis-tamilu-kalbos\/\">Tamil\u0173 kalbos<\/a> <a href=\"https:\/\/talkpal.ai\/lt\/mokymasis\/\">mokymasis<\/a> gali b\u016bti \u012fdomi patirtis, ta\u010diau norint suprasti jos gramatik\u0105, reikia strukt\u016bruoto po\u017ei\u016brio. <a href=\"https:\/\/talkpal.ai\/learn-thai\/\">Tai<\/a> apima laik\u0173, veiksma\u017eod\u017ei\u0173, daiktavard\u017ei\u0173, straipsni\u0173, \u012fvard\u017ei\u0173 \/ determinatori\u0173, b\u016bdvard\u017ei\u0173, prieveiksmi\u0173, s\u0105lygini\u0173, prielinksni\u0173 ir sakini\u0173 strukt\u016br\u0173 supratim\u0105.<\/p>\n\n\n\n<h3 class=\"wp-block-heading\" id=\"h-1-nouns\">1. Daiktavard\u017eiai:<\/h3>\n\n\n\n<p>Prad\u0117kite mokytis tamil\u0173 kalbos su daiktavard\u017eiais, nes jie yra bet kurios kalbos statybiniai blokai. Tamil\u0173 kalba daiktavard\u017eiai skirstomi \u012f dvi kategorijas: uyirmei (gyvas) ir mei (negyvas). Jie taip pat turi skirtingus nuosmukius, atsi\u017evelgiant \u012f skai\u010di\u0173 ir atvej\u012f.<\/p>\n\n\n\n<h3 class=\"wp-block-heading\" id=\"h-2-pronouns-determiners\">2. \u012evard\u017eiai\/determinantai:<\/h3>\n\n\n\n<p>\u012evald\u0119 daiktavard\u017eius, pereikite prie \u012fvard\u017ei\u0173 ir determinant\u0173. Jie naudojami norint nurodyti k\u0105 nors ar k\u0105 nors jau pamin\u0117to ar lengvai atpa\u017e\u012fstamo. Tamil\u0173 kalboje \u012fvard\u017eiai yra neutral\u016bs lyties at\u017evilgiu ir rei\u0161kia skai\u010di\u0173 bei atvej\u012f.<\/p>\n\n\n\n<h3 class=\"wp-block-heading\" id=\"h-3-verbs\">3. Veiksma\u017eod\u017eiai:<\/h3>\n\n\n\n<p>Veiksma\u017eod\u017eiai tamil\u0173 kalba skirstomi \u012f dvi kategorijas: tranzityvinius ir netransliacinius veiksma\u017eod\u017eius. Labai svarbu suprasti, kaip jie veikia, nes jie \u017eymi veiksm\u0105 sakinyje.<\/p>\n\n\n\n<h3 class=\"wp-block-heading\" id=\"h-4-tenses\">4. Laikai:<\/h3>\n\n\n\n<p>Tamil\u0173 kalba turi tris pagrindinius laikus: praeit\u012f, dabart\u012f ir ateit\u012f. Kiekvienas laikas turi skirtingas formas vienaskaitai ir daugiskai, taip pat skirtingiems asmenims. \u0160i\u0173 poky\u010di\u0173 supratimas yra svarbus teisingam sakinio formavimui.<\/p>\n\n\n\n<h3 class=\"wp-block-heading\" id=\"h-5-tense-comparison\">5. \u012etemptas palyginimas:<\/h3>\n\n\n\n<p><a href=\"https:\/\/talkpal.ai\/locations\/language-courses-in-kai\/\">Kai<\/a> suprasite pagrindinius laikus, galite pereiti prie \u012ftempto palyginimo. Tam reikia palyginti skirtingus veiksmus skirtingais laikais, o <a href=\"https:\/\/talkpal.ai\/learn-thai\/\">tai<\/a> labai svarbu pa\u017eangiam kalbos vartojimui.<\/p>\n\n\n\n<h3 class=\"wp-block-heading\" id=\"h-6-adjectives\">6. B\u016bdvard\u017eiai:<\/h3>\n\n\n\n<p>B\u016bdvard\u017eiai tamil\u0173 kalba, kaip ir angl\u0173 kalba, apib\u016bdina arba kei\u010dia daiktavard\u017eius. Jie sutinka su daiktavard\u017eiu, kur\u012f jie kei\u010dia atveju, skai\u010diumi ir lytimi.<\/p>\n\n\n\n<h3 class=\"wp-block-heading\" id=\"h-7-articles\">7. Straipsniai:<\/h3>\n\n\n\n<p>Tamil\u0173 kalboje n\u0117ra toki\u0173 apibr\u0117\u017et\u0173j\u0173 ar neapibr\u0117\u017et\u0173j\u0173 straipsni\u0173 kaip &#8222;a&#8221;, &#8222;an&#8221; ar &#8222;the&#8221;. Ta\u010diau sakinio formavimui svarbu suprasti, kaip juos pakeisti.<\/p>\n\n\n\n<h3 class=\"wp-block-heading\" id=\"h-8-adverbs\">8. Prieveiksmiai:<\/h3>\n\n\n\n<p>Prieveiksmiai modifikuoja veiksma\u017eod\u017eius, b\u016bdvard\u017eius ar kitus prieveiksmius. Jie gali i\u0161reik\u0161ti b\u016bd\u0105, viet\u0105, laik\u0105, da\u017en\u012f, laipsn\u012f ir dar daugiau.<\/p>\n\n\n\n<h3 class=\"wp-block-heading\" id=\"h-9-prepositions\">9. Prielinksniai:<\/h3>\n\n\n\n<p>Prielinksniai naudojami daiktavard\u017eiams, \u012fvard\u017eiams ar fraz\u0117ms susieti su kitais sakinio \u017eod\u017eiais. Jie i\u0161rei\u0161kia vietos, krypties, laiko, b\u016bdo, prie\u017easties ir laipsnio santykius.<\/p>\n\n\n\n<h3 class=\"wp-block-heading\" id=\"h-10-conditionals\">10. S\u0105lygos:<\/h3>\n\n\n\n<p>S\u0105lygos yra sakiniai, i\u0161rei\u0161kiantys hipotetines situacijas ir j\u0173 pasekmes. Tamil\u0173 kalba s\u0105lygotumus sudaro specifin\u0117s veiksma\u017eod\u017ei\u0173 formos ir jungtukai.<\/p>\n\n\n\n<h3 class=\"wp-block-heading\" id=\"h-11-progressive-and-perfect-progressive\">11. Progresyvus ir tobulas progresyvus:<\/h3>\n\n\n\n<p>Tai yra laik\u0173 aspektai, \u017eymintys vykstan\u010dius veiksmus ar veiksmus, kurie buvo vykdomi, bet dabar yra baigti. Jie yra b\u016btini norint i\u0161reik\u0161ti veiksm\u0173 trukm\u0119 ir t\u0119stinum\u0105.<\/p>\n\n\n\n<h3 class=\"wp-block-heading\" id=\"h-12-sentences\">12. Sakiniai:<\/h3>\n\n\n\n<p>Galiausiai svarbu suprasti sakini\u0173 tamil\u0173 kalba strukt\u016br\u0105. Tamil\u0173 kalba seka dalyko-objekto-veiksma\u017eod\u017eio (SOV) \u017eod\u017ei\u0173 tvarka. Be to, sudurtini\u0173 ir sud\u0117ting\u0173 sakini\u0173 supratimas pagerins bendr\u0105 kalbos mok\u0117jim\u0105.<\/p>\n<\/div><\/div>\n\r\n<section class=\"learnNavigationSection\">\r\n            \r\n        <a href=\"https:\/\/talkpal.ai\/lt\/mokykis-tamilu-kalbos\/\">\r\n            <div class=\"learnNavigationWrapper\">\r\n                <div class=\"learnNavigationContent\">\r\n                    <img decoding=\"async\" src=\"https:\/\/talkpal.ai\/wp-content\/uploads\/2024\/08\/Tamil.jpg\" alt=\"Indian Simplified Flag\">\r\n                    <div>\r\n                        <h4>Apie tamil\u0173 kalbos mokym\u0105si<\/h4>\r\n                        <p>Su\u017einokite visk\u0105 apie tamil\u0173 kalbos gramatik\u0105.<\/p>\r\n                    <\/div>\r\n                <\/div>\r\n            <\/div>\r\n        <\/a>\r\n\r\n        \r\n        <a href=\"https:\/\/talkpal.ai\/lt\/tamilu-gramatika\/\">\r\n            <div class=\"learnNavigationWrapper\">\r\n                <div class=\"learnNavigationContent\">\r\n                    <img decoding=\"async\" src=\"https:\/\/talkpal.ai\/wp-content\/uploads\/2024\/08\/Tamil.jpg\" alt=\"Indian Simplified Flag\">\r\n                    <div>\r\n                        <h4>Tamil\u0173 kalbos gramatikos pamokos<\/h4>\r\n                        <p>Praktikuokite tamil\u0173 gramatik\u0105.<\/p>\r\n                    <\/div>\r\n                <\/div>\r\n            <\/div>\r\n        <\/a>\r\n\r\n        \r\n        <a href=\"https:\/\/talkpal.ai\/vocabulary_language\/tamil\/\">\r\n            <div class=\"learnNavigationWrapper\">\r\n                <div class=\"learnNavigationContent\">\r\n                    <img decoding=\"async\" src=\"https:\/\/talkpal.ai\/wp-content\/uploads\/2024\/08\/Tamil.jpg\" alt=\"Indian Simplified Flag\">\r\n                    <div>\r\n                        <h4>Tamil\u0173 kalbos \u017eodynas<\/h4>\r\n                        <p>Prapl\u0117skite savo tamil\u0173 kalbos \u017eodyn\u0105.<\/p>\r\n                    <\/div>\r\n                <\/div>\r\n            <\/div>\r\n        <\/a>\r\n\r\n            <\/section>","protected":false},"excerpt":{"rendered":"<p>Tamil\u0173 gramatikos temos Tamil\u0173 kalba yra gyvybinga ir turtinga kalba, kuria daugiausia kalbama Piet\u0173 Indijoje ir \u0160ri Lankoje. Jis \u017einomas d\u0117l savo unikalaus scenarijaus ir sud\u0117tingos gramatikos sistemos. Tamil\u0173 kalbos mokymasis gali b\u016bti \u012fdomi patirtis, ta\u010diau norint suprasti jos gramatik\u0105, reikia strukt\u016bruoto po\u017ei\u016brio. Tai apima laik\u0173, veiksma\u017eod\u017ei\u0173, daiktavard\u017ei\u0173, straipsni\u0173, \u012fvard\u017ei\u0173 \/ determinatori\u0173, b\u016bdvard\u017ei\u0173, prieveiksmi\u0173, s\u0105lygini\u0173, [&hellip;]<\/p>\n","protected":false},"author":6,"featured_media":120298,"parent":0,"menu_order":0,"comment_status":"closed","ping_status":"closed","template":"LearningContentPage.php","meta":{"_acf_changed":false,"footnotes":""},"class_list":["post-156170","page","type-page","status-publish","has-post-thumbnail","hentry"],"acf":[],"yoast_head":"<!-- This site is optimized with the Yoast SEO Premium plugin v27.2 (Yoast SEO v27.2) - https:\/\/yoast.com\/product\/yoast-seo-premium-wordpress\/ -->\n<title>Tamil\u0173 gramatikos pratimai - Talkpal<\/title>\n<meta name=\"description\" content=\"I\u0161nagrin\u0117kite veiksmingus tamil\u0173 kalbos gramatikos pratimus, kad pagerintum\u0117te savo kalbos \u012fg\u016bd\u017eius ir padidintum\u0117te supratim\u0105.\" \/>\n<meta name=\"robots\" content=\"index, follow, max-snippet:-1, max-image-preview:large, max-video-preview:-1\" \/>\n<link rel=\"canonical\" href=\"https:\/\/talkpal.ai\/lt\/tamilu-gramatikos-pratimai\/\" \/>\n<meta property=\"og:locale\" content=\"lt_LT\" \/>\n<meta property=\"og:type\" content=\"article\" \/>\n<meta property=\"og:title\" content=\"Tamil\u0173 gramatikos pratimai\" \/>\n<meta property=\"og:description\" content=\"Tamil\u0173 gramatikos temos Tamil\u0173 kalba yra gyvybinga ir turtinga kalba, kuria daugiausia kalbama Piet\u0173 Indijoje ir \u0160ri Lankoje. Jis \u017einomas d\u0117l savo\" \/>\n<meta property=\"og:url\" content=\"https:\/\/talkpal.ai\/lt\/tamilu-gramatikos-pratimai\/\" \/>\n<meta property=\"og:site_name\" content=\"Talkpal\" \/>\n<meta property=\"article:publisher\" content=\"https:\/\/www.facebook.com\/profile.php?id=100090733639311\" \/>\n<meta property=\"article:modified_time\" content=\"2025-12-17T14:43:58+00:00\" \/>\n<meta property=\"og:image\" content=\"https:\/\/talkpal.ai\/wp-content\/uploads\/2023\/05\/Tamil-india.png\" \/>\n\t<meta property=\"og:image:width\" content=\"512\" \/>\n\t<meta property=\"og:image:height\" content=\"512\" \/>\n\t<meta property=\"og:image:type\" content=\"image\/png\" \/>\n<meta name=\"twitter:card\" content=\"summary_large_image\" \/>\n<meta name=\"twitter:site\" content=\"@talkpalai\" \/>\n<meta name=\"twitter:label1\" content=\"Est. reading time\" \/>\n\t<meta name=\"twitter:data1\" content=\"2 minut\u0117s\" \/>\n<script type=\"application\/ld+json\" class=\"yoast-schema-graph\">{\"@context\":\"https:\/\/schema.org\",\"@graph\":[{\"@type\":\"WebPage\",\"@id\":\"https:\/\/talkpal.ai\/lt\/tamilu-gramatikos-pratimai\/\",\"url\":\"https:\/\/talkpal.ai\/lt\/tamilu-gramatikos-pratimai\/\",\"name\":\"Tamil\u0173 gramatikos pratimai - Talkpal\",\"isPartOf\":{\"@id\":\"https:\/\/talkpal.ai\/lt\/#website\"},\"primaryImageOfPage\":{\"@id\":\"https:\/\/talkpal.ai\/lt\/tamilu-gramatikos-pratimai\/#primaryimage\"},\"image\":{\"@id\":\"https:\/\/talkpal.ai\/lt\/tamilu-gramatikos-pratimai\/#primaryimage\"},\"thumbnailUrl\":\"https:\/\/talkpal.ai\/wp-content\/uploads\/2023\/05\/Tamil-india.png\",\"datePublished\":\"2023-07-05T10:17:13+00:00\",\"dateModified\":\"2025-12-17T14:43:58+00:00\",\"description\":\"I\u0161nagrin\u0117kite veiksmingus tamil\u0173 kalbos gramatikos pratimus, kad pagerintum\u0117te savo kalbos \u012fg\u016bd\u017eius ir padidintum\u0117te supratim\u0105.\",\"breadcrumb\":{\"@id\":\"https:\/\/talkpal.ai\/lt\/tamilu-gramatikos-pratimai\/#breadcrumb\"},\"inLanguage\":\"lt-LT\",\"potentialAction\":[{\"@type\":\"ReadAction\",\"target\":[\"https:\/\/talkpal.ai\/lt\/tamilu-gramatikos-pratimai\/\"]}]},{\"@type\":\"ImageObject\",\"inLanguage\":\"lt-LT\",\"@id\":\"https:\/\/talkpal.ai\/lt\/tamilu-gramatikos-pratimai\/#primaryimage\",\"url\":\"https:\/\/talkpal.ai\/wp-content\/uploads\/2023\/05\/Tamil-india.png\",\"contentUrl\":\"https:\/\/talkpal.ai\/wp-content\/uploads\/2023\/05\/Tamil-india.png\",\"width\":512,\"height\":512},{\"@type\":\"BreadcrumbList\",\"@id\":\"https:\/\/talkpal.ai\/lt\/tamilu-gramatikos-pratimai\/#breadcrumb\",\"itemListElement\":[{\"@type\":\"ListItem\",\"position\":1,\"name\":\"Homepage\",\"item\":\"https:\/\/talkpal.ai\/lt\/\"},{\"@type\":\"ListItem\",\"position\":2,\"name\":\"Tamil\u0173 gramatikos pratimai\"}]},{\"@type\":\"WebSite\",\"@id\":\"https:\/\/talkpal.ai\/lt\/#website\",\"url\":\"https:\/\/talkpal.ai\/lt\/\",\"name\":\"Talkpal\",\"description\":\"AI Language Learning\",\"publisher\":{\"@id\":\"https:\/\/talkpal.ai\/lt\/#organization\"},\"alternateName\":\"Talkpal AI\",\"potentialAction\":[{\"@type\":\"SearchAction\",\"target\":{\"@type\":\"EntryPoint\",\"urlTemplate\":\"https:\/\/talkpal.ai\/lt\/?s={search_term_string}\"},\"query-input\":{\"@type\":\"PropertyValueSpecification\",\"valueRequired\":true,\"valueName\":\"search_term_string\"}}],\"inLanguage\":\"lt-LT\"},{\"@type\":\"Organization\",\"@id\":\"https:\/\/talkpal.ai\/lt\/#organization\",\"name\":\"Talkpal, Inc.\",\"alternateName\":\"Talkpal AI\",\"url\":\"https:\/\/talkpal.ai\/lt\/\",\"logo\":{\"@type\":\"ImageObject\",\"inLanguage\":\"lt-LT\",\"@id\":\"https:\/\/talkpal.ai\/lt\/#\/schema\/logo\/image\/\",\"url\":\"https:\/\/talkpal.ai\/wp-content\/uploads\/2024\/03\/Talkpal-Logo-Icon.png\",\"contentUrl\":\"https:\/\/talkpal.ai\/wp-content\/uploads\/2024\/03\/Talkpal-Logo-Icon.png\",\"width\":2880,\"height\":2880,\"caption\":\"Talkpal, Inc.\"},\"image\":{\"@id\":\"https:\/\/talkpal.ai\/lt\/#\/schema\/logo\/image\/\"},\"sameAs\":[\"https:\/\/www.facebook.com\/profile.php?id=100090733639311\",\"https:\/\/x.com\/talkpalai\",\"https:\/\/www.linkedin.com\/company\/talkpal\/\",\"https:\/\/www.youtube.com\/@TalkPal\/\",\"https:\/\/www.tiktok.com\/@talkpal\",\"https:\/\/www.instagram.com\/talkpal_ai\/\",\"https:\/\/www.crunchbase.com\/organization\/talkpal-9cde\",\"https:\/\/www.g2.com\/products\/talkpal-for-business\/\",\"https:\/\/www.trustpilot.com\/review\/talkpal.ai\",\"https:\/\/www.capterra.com\/p\/10006800\/TalkPal\/\"],\"description\":\"Talkpal is a language learning web and mobile education app, powered by the latest AI technologies, that provides engaging experiences to its customers in many different languages to help them improve their language skills. Users can chat about unlimited amount of topics with the app and use other modes to practice their language learning.\",\"email\":\"support@talkpal.ai\",\"legalName\":\"Talkpal, Inc.\",\"foundingDate\":\"2023-04-03\",\"duns\":\"118989042\",\"numberOfEmployees\":{\"@type\":\"QuantitativeValue\",\"minValue\":\"11\",\"maxValue\":\"50\"},\"publishingPrinciples\":\"https:\/\/talkpal.ai\/publishing-principles\/\",\"actionableFeedbackPolicy\":\"https:\/\/talkpal.ai\/actionable-feedback-policy\/\",\"correctionsPolicy\":\"https:\/\/talkpal.ai\/corrections-policy\/\",\"ethicsPolicy\":\"https:\/\/talkpal.ai\/ethics-policy\/\",\"diversityPolicy\":\"https:\/\/talkpal.ai\/diversity-policy\/\",\"diversityStaffingReport\":\"https:\/\/talkpal.ai\/diversity-policy\/\"}]}<\/script>\n<!-- \/ Yoast SEO Premium plugin. -->","yoast_head_json":{"title":"Tamil\u0173 gramatikos pratimai - Talkpal","description":"I\u0161nagrin\u0117kite veiksmingus tamil\u0173 kalbos gramatikos pratimus, kad pagerintum\u0117te savo kalbos \u012fg\u016bd\u017eius ir padidintum\u0117te supratim\u0105.","robots":{"index":"index","follow":"follow","max-snippet":"max-snippet:-1","max-image-preview":"max-image-preview:large","max-video-preview":"max-video-preview:-1"},"canonical":"https:\/\/talkpal.ai\/lt\/tamilu-gramatikos-pratimai\/","og_locale":"lt_LT","og_type":"article","og_title":"Tamil\u0173 gramatikos pratimai","og_description":"Tamil\u0173 gramatikos temos Tamil\u0173 kalba yra gyvybinga ir turtinga kalba, kuria daugiausia kalbama Piet\u0173 Indijoje ir \u0160ri Lankoje. Jis \u017einomas d\u0117l savo","og_url":"https:\/\/talkpal.ai\/lt\/tamilu-gramatikos-pratimai\/","og_site_name":"Talkpal","article_publisher":"https:\/\/www.facebook.com\/profile.php?id=100090733639311","article_modified_time":"2025-12-17T14:43:58+00:00","og_image":[{"width":512,"height":512,"url":"https:\/\/talkpal.ai\/wp-content\/uploads\/2023\/05\/Tamil-india.png","type":"image\/png"}],"twitter_card":"summary_large_image","twitter_site":"@talkpalai","twitter_misc":{"Est. reading time":"2 minut\u0117s"},"schema":{"@context":"https:\/\/schema.org","@graph":[{"@type":"WebPage","@id":"https:\/\/talkpal.ai\/lt\/tamilu-gramatikos-pratimai\/","url":"https:\/\/talkpal.ai\/lt\/tamilu-gramatikos-pratimai\/","name":"Tamil\u0173 gramatikos pratimai - Talkpal","isPartOf":{"@id":"https:\/\/talkpal.ai\/lt\/#website"},"primaryImageOfPage":{"@id":"https:\/\/talkpal.ai\/lt\/tamilu-gramatikos-pratimai\/#primaryimage"},"image":{"@id":"https:\/\/talkpal.ai\/lt\/tamilu-gramatikos-pratimai\/#primaryimage"},"thumbnailUrl":"https:\/\/talkpal.ai\/wp-content\/uploads\/2023\/05\/Tamil-india.png","datePublished":"2023-07-05T10:17:13+00:00","dateModified":"2025-12-17T14:43:58+00:00","description":"I\u0161nagrin\u0117kite veiksmingus tamil\u0173 kalbos gramatikos pratimus, kad pagerintum\u0117te savo kalbos \u012fg\u016bd\u017eius ir padidintum\u0117te supratim\u0105.","breadcrumb":{"@id":"https:\/\/talkpal.ai\/lt\/tamilu-gramatikos-pratimai\/#breadcrumb"},"inLanguage":"lt-LT","potentialAction":[{"@type":"ReadAction","target":["https:\/\/talkpal.ai\/lt\/tamilu-gramatikos-pratimai\/"]}]},{"@type":"ImageObject","inLanguage":"lt-LT","@id":"https:\/\/talkpal.ai\/lt\/tamilu-gramatikos-pratimai\/#primaryimage","url":"https:\/\/talkpal.ai\/wp-content\/uploads\/2023\/05\/Tamil-india.png","contentUrl":"https:\/\/talkpal.ai\/wp-content\/uploads\/2023\/05\/Tamil-india.png","width":512,"height":512},{"@type":"BreadcrumbList","@id":"https:\/\/talkpal.ai\/lt\/tamilu-gramatikos-pratimai\/#breadcrumb","itemListElement":[{"@type":"ListItem","position":1,"name":"Homepage","item":"https:\/\/talkpal.ai\/lt\/"},{"@type":"ListItem","position":2,"name":"Tamil\u0173 gramatikos pratimai"}]},{"@type":"WebSite","@id":"https:\/\/talkpal.ai\/lt\/#website","url":"https:\/\/talkpal.ai\/lt\/","name":"Talkpal","description":"AI Language Learning","publisher":{"@id":"https:\/\/talkpal.ai\/lt\/#organization"},"alternateName":"Talkpal AI","potentialAction":[{"@type":"SearchAction","target":{"@type":"EntryPoint","urlTemplate":"https:\/\/talkpal.ai\/lt\/?s={search_term_string}"},"query-input":{"@type":"PropertyValueSpecification","valueRequired":true,"valueName":"search_term_string"}}],"inLanguage":"lt-LT"},{"@type":"Organization","@id":"https:\/\/talkpal.ai\/lt\/#organization","name":"Talkpal, Inc.","alternateName":"Talkpal AI","url":"https:\/\/talkpal.ai\/lt\/","logo":{"@type":"ImageObject","inLanguage":"lt-LT","@id":"https:\/\/talkpal.ai\/lt\/#\/schema\/logo\/image\/","url":"https:\/\/talkpal.ai\/wp-content\/uploads\/2024\/03\/Talkpal-Logo-Icon.png","contentUrl":"https:\/\/talkpal.ai\/wp-content\/uploads\/2024\/03\/Talkpal-Logo-Icon.png","width":2880,"height":2880,"caption":"Talkpal, Inc."},"image":{"@id":"https:\/\/talkpal.ai\/lt\/#\/schema\/logo\/image\/"},"sameAs":["https:\/\/www.facebook.com\/profile.php?id=100090733639311","https:\/\/x.com\/talkpalai","https:\/\/www.linkedin.com\/company\/talkpal\/","https:\/\/www.youtube.com\/@TalkPal\/","https:\/\/www.tiktok.com\/@talkpal","https:\/\/www.instagram.com\/talkpal_ai\/","https:\/\/www.crunchbase.com\/organization\/talkpal-9cde","https:\/\/www.g2.com\/products\/talkpal-for-business\/","https:\/\/www.trustpilot.com\/review\/talkpal.ai","https:\/\/www.capterra.com\/p\/10006800\/TalkPal\/"],"description":"Talkpal is a language learning web and mobile education app, powered by the latest AI technologies, that provides engaging experiences to its customers in many different languages to help them improve their language skills. Users can chat about unlimited amount of topics with the app and use other modes to practice their language learning.","email":"support@talkpal.ai","legalName":"Talkpal, Inc.","foundingDate":"2023-04-03","duns":"118989042","numberOfEmployees":{"@type":"QuantitativeValue","minValue":"11","maxValue":"50"},"publishingPrinciples":"https:\/\/talkpal.ai\/publishing-principles\/","actionableFeedbackPolicy":"https:\/\/talkpal.ai\/actionable-feedback-policy\/","correctionsPolicy":"https:\/\/talkpal.ai\/corrections-policy\/","ethicsPolicy":"https:\/\/talkpal.ai\/ethics-policy\/","diversityPolicy":"https:\/\/talkpal.ai\/diversity-policy\/","diversityStaffingReport":"https:\/\/talkpal.ai\/diversity-policy\/"}]}},"_links":{"self":[{"href":"https:\/\/talkpal.ai\/lt\/wp-json\/wp\/v2\/pages\/156170","targetHints":{"allow":["GET"]}}],"collection":[{"href":"https:\/\/talkpal.ai\/lt\/wp-json\/wp\/v2\/pages"}],"about":[{"href":"https:\/\/talkpal.ai\/lt\/wp-json\/wp\/v2\/types\/page"}],"author":[{"embeddable":true,"href":"https:\/\/talkpal.ai\/lt\/wp-json\/wp\/v2\/users\/6"}],"replies":[{"embeddable":true,"href":"https:\/\/talkpal.ai\/lt\/wp-json\/wp\/v2\/comments?post=156170"}],"version-history":[{"count":0,"href":"https:\/\/talkpal.ai\/lt\/wp-json\/wp\/v2\/pages\/156170\/revisions"}],"wp:featuredmedia":[{"embeddable":true,"href":"https:\/\/talkpal.ai\/lt\/wp-json\/wp\/v2\/media\/120298"}],"wp:attachment":[{"href":"https:\/\/talkpal.ai\/lt\/wp-json\/wp\/v2\/media?parent=156170"}],"curies":[{"name":"wp","href":"https:\/\/api.w.org\/{rel}","templated":true}]}}