{"id":155900,"date":"2023-07-05T10:24:06","date_gmt":"2023-07-05T10:24:06","guid":{"rendered":"http:\/\/talkpal.ai\/taju-kalbos-gramatikos-pratimai\/"},"modified":"2025-12-17T14:59:02","modified_gmt":"2025-12-17T14:59:02","slug":"taju-kalbos-gramatikos-pratimai","status":"publish","type":"page","link":"https:\/\/talkpal.ai\/lt\/taju-kalbos-gramatikos-pratimai\/","title":{"rendered":"Taj\u0173 kalbos gramatikos pratimai"},"content":{"rendered":"\r\n\r\n\r\n<section class=\"languageChallengeSection\">\r\n    <div class=\"languageInfoWrapper\">\r\n        \r\n        <h1>Taj\u0173 kalbos gramatikos pratimai<\/h1>\r\n        <p>Ar esate pasiruo\u0161\u0119 Tailando <a href=\"https:\/\/talkpal.ai\/what-language-is-spoken-on-the-international-space-station\/\">kalbos<\/a> mokym\u0105si paversti smagiu ir prakti\u0161ku? M\u016bs\u0173 interaktyv\u016bs pratimai skirti pad\u0117ti jums \u012fsisavinti taj\u0173 kalbos gramatikos pagrindus, sustiprinti pasitik\u0117jim\u0105 savimi ir <a href=\"https:\/\/talkpal.ai\/ko\/ai-%ec%96%b8%ec%96%b4-%ea%b5%90%ec%82%ac\/\">prad\u0117ti<\/a> kurti tikrus sakinius. \u012esitraukite, treniruokit\u0117s tiek, kiek norite, ir steb\u0117kite, kaip auga j\u016bs\u0173 taj\u0173 kalbos \u012fg\u016bd\u017eiai &#8211; prad\u0117kime mokytis!<\/p>\r\n\r\n                            <a class=\"getStartedHidden\" href=\"https:\/\/app.talkpal.ai\/lt\/signup?lng=\">Prad\u0117k<\/a>\r\n        \r\n    <\/div>\r\n\r\n    <figure>\r\n    <img decoding=\"async\" width=\"768\" height=\"768\" src=\"https:\/\/talkpal.ai\/wp-content\/uploads\/2023\/06\/thai-768x768.png\" class=\"languageImage no-lazy\" alt=\"Language learning for improved thought process\" fetchpriority=\"high\" sizes=\"(max-width: 768px) 150px, 768px\" srcset=\"https:\/\/talkpal.ai\/wp-content\/uploads\/2023\/06\/thai-768x768.png 768w, https:\/\/talkpal.ai\/wp-content\/uploads\/2023\/06\/thai-300x300.png 300w\" \/>\r\n    \r\n\r\n    <\/figure>\r\n\r\n            <a class=\"getStartedVisible\" href=\"https:\/\/app.talkpal.ai\/lt\/signup?lng=\">Prad\u0117k<\/a>\r\n    \r\n<\/section>\r\n\r\n\r\n<!-- <section class=\"grammarSection\">\r\n    <div class=\"grammarLinks\">\r\n            <\/div>\r\n<\/section> -->\r\n\r\n\r\n\r\n\r\n<section class=\"promotionalBanner\">\r\n    <p class=\"promotionalText\">Efektyviausias b\u016bdas mokytis kalbos<\/p>\r\n    <a class=\"promotionalLink\" href=\"https:\/\/app.talkpal.ai\/lt\/signup?lng=\">I\u0161bandykite Talkpal &#8221; nemokamai<\/a>\r\n<\/section>\n<div class=\"wp-block-group pageContainerStyle\"><div class=\"wp-block-group__inner-container is-layout-constrained wp-block-group-is-layout-constrained\">\n<h2 class=\"wp-block-heading\" id=\"h-thai-grammar-topics\">Taj\u0173 kalbos gramatikos temos<\/h2>\n\n\n\n<p>Taj\u0173 <a href=\"https:\/\/talkpal.ai\/lt\/kaip-ismokti-kalba-per-talkpal-chat\/\">kalbos mokymasis<\/a> gali b\u016bti \u012fdomi kelion\u0117. Ta\u010diau labai svarbu suprasti taj\u0173 kalbos gramatik\u0105, kad b\u016bt\u0173 galima visi\u0161kai suprasti kalb\u0105 ir skland\u017eiai. \u0160iame s\u0105ra\u0161e pateikiama taj\u0173 kalbos gramatikos tem\u0173 seka, \u012f kuri\u0105 reikia atsi\u017evelgti mokantis kalbos. \u0160is s\u0105ra\u0161as prasideda pagrindin\u0117mis temomis ir pereina prie sud\u0117tingesni\u0173 dalyk\u0173.<\/p>\n\n\n\n<h3 class=\"wp-block-heading\" id=\"h-1-nouns\">1. Daiktavard\u017eiai:<\/h3>\n\n\n\n<p>Prad\u0117kite nuo taj\u0173 daiktavard\u017ei\u0173 mokymosi, nes jie yra kalbos k\u016brimo blokai. Susipa\u017einkite su bendrais daiktavard\u017eiais ir j\u0173 modifikatoriais, nes taj\u0173 kalbos daiktavard\u017eiai nekei\u010dia form\u0173, nurodan\u010di\u0173 skai\u010di\u0173 ar lyt\u012f.<\/p>\n\n\n\n<h3 class=\"wp-block-heading\" id=\"h-2-pronouns-determiners\">2. \u012evard\u017eiai\/determinantai:<\/h3>\n\n\n\n<p>\u012evald\u0119 daiktavard\u017eius, sutelkite d\u0117mes\u012f \u012f \u012fvard\u017eius ir determinantus. Tailando \u012fvard\u017eiai da\u017enai nuleid\u017eiami pokalbyje, ta\u010diau j\u0173 supratimas yra labai svarbus oficialiam taj\u0173 kalbai.<\/p>\n\n\n\n<h3 class=\"wp-block-heading\" id=\"h-3-verbs\">3. Veiksma\u017eod\u017eiai:<\/h3>\n\n\n\n<p>Veiksma\u017eod\u017eiai taj\u0173 kalba yra nepa\u017eym\u0117ti, <a href=\"https:\/\/talkpal.ai\/learn-thai\/\">tai<\/a> rei\u0161kia, kad jie nesikei\u010dia, kad nurodyt\u0173 \u012ftamp\u0105, skai\u010di\u0173 ar asmen\u012f. D\u0117l to juos gana lengva \u012fvaldyti supratus daiktavard\u017eius ir \u012fvard\u017eius.<\/p>\n\n\n\n<h3 class=\"wp-block-heading\" id=\"h-4-adjectives\">4. B\u016bdvard\u017eiai:<\/h3>\n\n\n\n<p>Taj\u0173 b\u016bdvard\u017eiai ateina po daiktavard\u017ei\u0173, kuriuos jie modifikuoja, skirtingai nei <a href=\"https:\/\/talkpal.ai\/learn-english-with-ai\/\">angl\u0173<\/a> kalba. B\u016bdvard\u017ei\u0173 <a href=\"https:\/\/talkpal.ai\/lt\/mokymasis\/\">mokymasis<\/a> pad\u0117s tiksliau apib\u016bdinti objektus, \u017emones ir situacijas.<\/p>\n\n\n\n<h3 class=\"wp-block-heading\" id=\"h-5-prepositions\">5. Prielinksniai:<\/h3>\n\n\n\n<p>Prielinksniai taj\u0173 kalba da\u017enai b\u016bna prie\u0161 daiktavard\u012f ar \u012fvard\u012f, nurodant\u012f krypt\u012f, viet\u0105, laik\u0105 ar metod\u0105.<\/p>\n\n\n\n<h3 class=\"wp-block-heading\" id=\"h-6-adverbs\">6. Prieveiksmiai:<\/h3>\n\n\n\n<p>Su\u017einokite taj\u0173 prieveiksmius, kad pakeistum\u0117te veiksma\u017eod\u017eius, b\u016bdvard\u017eius ar kitus prieveiksmius. Jie gali suteikti daugiau informacijos apie veiksmus ar situacijas.<\/p>\n\n\n\n<h3 class=\"wp-block-heading\" id=\"h-7-sentences\">7. Sakiniai:<\/h3>\n\n\n\n<p>\u012evald\u0119 pagrindus, galite prad\u0117ti kurti sakinius taj\u0173 kalba. Norint teisingai perteikti savo mintis, labai svarbu suprasti sakinio strukt\u016br\u0105.<\/p>\n\n\n\n<h3 class=\"wp-block-heading\" id=\"h-8-conditionals\">8. S\u0105lygos:<\/h3>\n\n\n\n<p>Tailando s\u0105lygos i\u0161rei\u0161kia hipotetines situacijas ir j\u0173 pasekmes. Jie yra labiau pa\u017eeng\u0119, bet b\u016btini sud\u0117tingiems pokalbiams.<\/p>\n\n\n\n<h3 class=\"wp-block-heading\" id=\"h-9-tenses\">9. Laikai:<\/h3>\n\n\n\n<p>Taj\u0173 kalba nenaudoja laik\u0173 taip pat, kaip angl\u0173 kalba. Ta\u010diau yra frazi\u0173 ir \u017eod\u017ei\u0173, kurie gali nurodyti praeit\u012f, dabart\u012f ar ateit\u012f.<\/p>\n\n\n\n<h3 class=\"wp-block-heading\" id=\"h-10-tense-comparison\">10. \u012etemptas palyginimas:<\/h3>\n\n\n\n<p><a href=\"https:\/\/talkpal.ai\/learn-thai\/\">Tai<\/a> i\u0161pl\u0117stin\u0117 tema, kurioje lyginate skirtingus laikus. Tai pad\u0117s suprasti subtilius laiko i\u0161rai\u0161k\u0173 skirtumus.<\/p>\n\n\n\n<h3 class=\"wp-block-heading\" id=\"h-11-progressive\">11. Progresyvus:<\/h3>\n\n\n\n<p>\u0160i tema apima vykstan\u010di\u0173 veiksm\u0173 i\u0161rai\u0161k\u0105. Jis yra labiau pa\u017eeng\u0119s, bet pad\u0117s skland\u017eiau kalb\u0117ti taj\u0173 kalba.<\/p>\n\n\n\n<h3 class=\"wp-block-heading\" id=\"h-12-perfect-progressive\">12. Tobulas progresyvus:<\/h3>\n\n\n\n<p>Tobulas progresyvus \u012ftempimas yra sud\u0117tingas taj\u0173 kalbos gramatikos aspektas. Jis naudojamas apib\u016bdinti veiksmus, kurie vyko iki tam tikro momento.<\/p>\n\n\n\n<h3 class=\"wp-block-heading\" id=\"h-13-articles\">13. Straipsniai:<\/h3>\n\n\n\n<p>Taj\u0173 kalba neturi apibr\u0117\u017et\u0173 ar neribot\u0173 straipsni\u0173, toki\u0173 kaip angl\u0173 kalba. Ta\u010diau yra ir kit\u0173 b\u016bd\u0173, kaip nurodyti ar apibendrinti daiktavard\u017eius, kuriuos galite i\u0161mokti labiau pa\u017eengusiame etape.<\/p>\n<\/div><\/div>\n\r\n<section class=\"learnNavigationSection\">\r\n            \r\n        <a href=\"https:\/\/talkpal.ai\/lt\/suzinokite-taju-kalba\/\">\r\n            <div class=\"learnNavigationWrapper\">\r\n                <div class=\"learnNavigationContent\">\r\n                    <img decoding=\"async\" src=\"https:\/\/talkpal.ai\/wp-content\/uploads\/2024\/08\/Thai.jpg\" alt=\"Thai Flag\">\r\n                    <div>\r\n                        <h4>Apie taj\u0173 kalbos mokym\u0105si<\/h4>\r\n                        <p>Su\u017einokite visk\u0105 apie taj\u0173 kalbos gramatik\u0105.<\/p>\r\n                    <\/div>\r\n                <\/div>\r\n            <\/div>\r\n        <\/a>\r\n\r\n        \r\n        <a href=\"https:\/\/talkpal.ai\/lt\/taju-kalbos-gramatika\/\">\r\n            <div class=\"learnNavigationWrapper\">\r\n                <div class=\"learnNavigationContent\">\r\n                    <img decoding=\"async\" src=\"https:\/\/talkpal.ai\/wp-content\/uploads\/2024\/08\/Thai.jpg\" alt=\"Thai Flag\">\r\n                    <div>\r\n                        <h4>Taj\u0173 kalbos gramatikos pamokos<\/h4>\r\n                        <p>Praktikuokite taj\u0173 kalbos gramatik\u0105.<\/p>\r\n                    <\/div>\r\n                <\/div>\r\n            <\/div>\r\n        <\/a>\r\n\r\n        \r\n        <a href=\"https:\/\/talkpal.ai\/vocabulary_language\/thai\/\">\r\n            <div class=\"learnNavigationWrapper\">\r\n                <div class=\"learnNavigationContent\">\r\n                    <img decoding=\"async\" src=\"https:\/\/talkpal.ai\/wp-content\/uploads\/2024\/08\/Thai.jpg\" alt=\"Thai Flag\">\r\n                    <div>\r\n                        <h4>Taj\u0173 kalbos \u017eodynas<\/h4>\r\n                        <p>Prapl\u0117skite savo taj\u0173 kalbos \u017eodyn\u0105.<\/p>\r\n                    <\/div>\r\n                <\/div>\r\n            <\/div>\r\n        <\/a>\r\n\r\n            <\/section>","protected":false},"excerpt":{"rendered":"<p>Taj\u0173 kalbos gramatikos temos Taj\u0173 kalbos mokymasis gali b\u016bti \u012fdomi kelion\u0117. Ta\u010diau labai svarbu suprasti taj\u0173 kalbos gramatik\u0105, kad b\u016bt\u0173 galima visi\u0161kai suprasti kalb\u0105 ir skland\u017eiai. \u0160iame s\u0105ra\u0161e pateikiama taj\u0173 kalbos gramatikos tem\u0173 seka, \u012f kuri\u0105 reikia atsi\u017evelgti mokantis kalbos. \u0160is s\u0105ra\u0161as prasideda pagrindin\u0117mis temomis ir pereina prie sud\u0117tingesni\u0173 dalyk\u0173. 1. Daiktavard\u017eiai: Prad\u0117kite nuo taj\u0173 [&hellip;]<\/p>\n","protected":false},"author":6,"featured_media":120774,"parent":0,"menu_order":0,"comment_status":"closed","ping_status":"closed","template":"LearningContentPage.php","meta":{"_acf_changed":false,"footnotes":""},"class_list":["post-155900","page","type-page","status-publish","has-post-thumbnail","hentry"],"acf":[],"yoast_head":"<!-- This site is optimized with the Yoast SEO Premium plugin v27.2 (Yoast SEO v27.2) - https:\/\/yoast.com\/product\/yoast-seo-premium-wordpress\/ -->\n<title>Taj\u0173 kalbos gramatikos pratimai - Talkpal<\/title>\n<meta name=\"description\" content=\"Patobulinkite savo taj\u0173 kalbos \u012fg\u016bd\u017eius naudodami m\u016bs\u0173 taj\u0173 kalbos gramatikos pratimus ir prad\u0117kite mokytis kalbos pagrind\u0173.\" \/>\n<meta name=\"robots\" content=\"index, follow, max-snippet:-1, max-image-preview:large, max-video-preview:-1\" \/>\n<link rel=\"canonical\" href=\"https:\/\/talkpal.ai\/lt\/taju-kalbos-gramatikos-pratimai\/\" \/>\n<meta property=\"og:locale\" content=\"lt_LT\" \/>\n<meta property=\"og:type\" content=\"article\" \/>\n<meta property=\"og:title\" content=\"Taj\u0173 kalbos gramatikos pratimai\" \/>\n<meta property=\"og:description\" content=\"Taj\u0173 kalbos gramatikos temos Taj\u0173 kalbos mokymasis gali b\u016bti \u012fdomi kelion\u0117. Ta\u010diau labai svarbu suprasti taj\u0173 kalbos gramatik\u0105, kad b\u016bt\u0173 galima visi\u0161kai\" \/>\n<meta property=\"og:url\" content=\"https:\/\/talkpal.ai\/lt\/taju-kalbos-gramatikos-pratimai\/\" \/>\n<meta property=\"og:site_name\" content=\"Talkpal\" \/>\n<meta property=\"article:publisher\" content=\"https:\/\/www.facebook.com\/profile.php?id=100090733639311\" \/>\n<meta property=\"article:modified_time\" content=\"2025-12-17T14:59:02+00:00\" \/>\n<meta property=\"og:image\" content=\"https:\/\/talkpal.ai\/wp-content\/uploads\/2023\/05\/thailand.png\" \/>\n\t<meta property=\"og:image:width\" content=\"512\" \/>\n\t<meta property=\"og:image:height\" content=\"512\" \/>\n\t<meta property=\"og:image:type\" content=\"image\/png\" \/>\n<meta name=\"twitter:card\" content=\"summary_large_image\" \/>\n<meta name=\"twitter:site\" content=\"@talkpalai\" \/>\n<meta name=\"twitter:label1\" content=\"Est. reading time\" \/>\n\t<meta name=\"twitter:data1\" content=\"2 minut\u0117s\" \/>\n<script type=\"application\/ld+json\" class=\"yoast-schema-graph\">{\"@context\":\"https:\/\/schema.org\",\"@graph\":[{\"@type\":\"WebPage\",\"@id\":\"https:\/\/talkpal.ai\/lt\/taju-kalbos-gramatikos-pratimai\/\",\"url\":\"https:\/\/talkpal.ai\/lt\/taju-kalbos-gramatikos-pratimai\/\",\"name\":\"Taj\u0173 kalbos gramatikos pratimai - Talkpal\",\"isPartOf\":{\"@id\":\"https:\/\/talkpal.ai\/lt\/#website\"},\"primaryImageOfPage\":{\"@id\":\"https:\/\/talkpal.ai\/lt\/taju-kalbos-gramatikos-pratimai\/#primaryimage\"},\"image\":{\"@id\":\"https:\/\/talkpal.ai\/lt\/taju-kalbos-gramatikos-pratimai\/#primaryimage\"},\"thumbnailUrl\":\"https:\/\/talkpal.ai\/wp-content\/uploads\/2023\/05\/thailand.png\",\"datePublished\":\"2023-07-05T10:24:06+00:00\",\"dateModified\":\"2025-12-17T14:59:02+00:00\",\"description\":\"Patobulinkite savo taj\u0173 kalbos \u012fg\u016bd\u017eius naudodami m\u016bs\u0173 taj\u0173 kalbos gramatikos pratimus ir prad\u0117kite mokytis kalbos pagrind\u0173.\",\"breadcrumb\":{\"@id\":\"https:\/\/talkpal.ai\/lt\/taju-kalbos-gramatikos-pratimai\/#breadcrumb\"},\"inLanguage\":\"lt-LT\",\"potentialAction\":[{\"@type\":\"ReadAction\",\"target\":[\"https:\/\/talkpal.ai\/lt\/taju-kalbos-gramatikos-pratimai\/\"]}]},{\"@type\":\"ImageObject\",\"inLanguage\":\"lt-LT\",\"@id\":\"https:\/\/talkpal.ai\/lt\/taju-kalbos-gramatikos-pratimai\/#primaryimage\",\"url\":\"https:\/\/talkpal.ai\/wp-content\/uploads\/2023\/05\/thailand.png\",\"contentUrl\":\"https:\/\/talkpal.ai\/wp-content\/uploads\/2023\/05\/thailand.png\",\"width\":512,\"height\":512},{\"@type\":\"BreadcrumbList\",\"@id\":\"https:\/\/talkpal.ai\/lt\/taju-kalbos-gramatikos-pratimai\/#breadcrumb\",\"itemListElement\":[{\"@type\":\"ListItem\",\"position\":1,\"name\":\"Homepage\",\"item\":\"https:\/\/talkpal.ai\/lt\/\"},{\"@type\":\"ListItem\",\"position\":2,\"name\":\"Taj\u0173 kalbos gramatikos pratimai\"}]},{\"@type\":\"WebSite\",\"@id\":\"https:\/\/talkpal.ai\/lt\/#website\",\"url\":\"https:\/\/talkpal.ai\/lt\/\",\"name\":\"Talkpal\",\"description\":\"AI Language Learning\",\"publisher\":{\"@id\":\"https:\/\/talkpal.ai\/lt\/#organization\"},\"alternateName\":\"Talkpal AI\",\"potentialAction\":[{\"@type\":\"SearchAction\",\"target\":{\"@type\":\"EntryPoint\",\"urlTemplate\":\"https:\/\/talkpal.ai\/lt\/?s={search_term_string}\"},\"query-input\":{\"@type\":\"PropertyValueSpecification\",\"valueRequired\":true,\"valueName\":\"search_term_string\"}}],\"inLanguage\":\"lt-LT\"},{\"@type\":\"Organization\",\"@id\":\"https:\/\/talkpal.ai\/lt\/#organization\",\"name\":\"Talkpal, Inc.\",\"alternateName\":\"Talkpal AI\",\"url\":\"https:\/\/talkpal.ai\/lt\/\",\"logo\":{\"@type\":\"ImageObject\",\"inLanguage\":\"lt-LT\",\"@id\":\"https:\/\/talkpal.ai\/lt\/#\/schema\/logo\/image\/\",\"url\":\"https:\/\/talkpal.ai\/wp-content\/uploads\/2024\/03\/Talkpal-Logo-Icon.png\",\"contentUrl\":\"https:\/\/talkpal.ai\/wp-content\/uploads\/2024\/03\/Talkpal-Logo-Icon.png\",\"width\":2880,\"height\":2880,\"caption\":\"Talkpal, Inc.\"},\"image\":{\"@id\":\"https:\/\/talkpal.ai\/lt\/#\/schema\/logo\/image\/\"},\"sameAs\":[\"https:\/\/www.facebook.com\/profile.php?id=100090733639311\",\"https:\/\/x.com\/talkpalai\",\"https:\/\/www.linkedin.com\/company\/talkpal\/\",\"https:\/\/www.youtube.com\/@TalkPal\/\",\"https:\/\/www.tiktok.com\/@talkpal\",\"https:\/\/www.instagram.com\/talkpal_ai\/\",\"https:\/\/www.crunchbase.com\/organization\/talkpal-9cde\",\"https:\/\/www.g2.com\/products\/talkpal-for-business\/\",\"https:\/\/www.trustpilot.com\/review\/talkpal.ai\",\"https:\/\/www.capterra.com\/p\/10006800\/TalkPal\/\"],\"description\":\"Talkpal is a language learning web and mobile education app, powered by the latest AI technologies, that provides engaging experiences to its customers in many different languages to help them improve their language skills. Users can chat about unlimited amount of topics with the app and use other modes to practice their language learning.\",\"email\":\"support@talkpal.ai\",\"legalName\":\"Talkpal, Inc.\",\"foundingDate\":\"2023-04-03\",\"duns\":\"118989042\",\"numberOfEmployees\":{\"@type\":\"QuantitativeValue\",\"minValue\":\"11\",\"maxValue\":\"50\"},\"publishingPrinciples\":\"https:\/\/talkpal.ai\/publishing-principles\/\",\"actionableFeedbackPolicy\":\"https:\/\/talkpal.ai\/actionable-feedback-policy\/\",\"correctionsPolicy\":\"https:\/\/talkpal.ai\/corrections-policy\/\",\"ethicsPolicy\":\"https:\/\/talkpal.ai\/ethics-policy\/\",\"diversityPolicy\":\"https:\/\/talkpal.ai\/diversity-policy\/\",\"diversityStaffingReport\":\"https:\/\/talkpal.ai\/diversity-policy\/\"}]}<\/script>\n<!-- \/ Yoast SEO Premium plugin. -->","yoast_head_json":{"title":"Taj\u0173 kalbos gramatikos pratimai - Talkpal","description":"Patobulinkite savo taj\u0173 kalbos \u012fg\u016bd\u017eius naudodami m\u016bs\u0173 taj\u0173 kalbos gramatikos pratimus ir prad\u0117kite mokytis kalbos pagrind\u0173.","robots":{"index":"index","follow":"follow","max-snippet":"max-snippet:-1","max-image-preview":"max-image-preview:large","max-video-preview":"max-video-preview:-1"},"canonical":"https:\/\/talkpal.ai\/lt\/taju-kalbos-gramatikos-pratimai\/","og_locale":"lt_LT","og_type":"article","og_title":"Taj\u0173 kalbos gramatikos pratimai","og_description":"Taj\u0173 kalbos gramatikos temos Taj\u0173 kalbos mokymasis gali b\u016bti \u012fdomi kelion\u0117. Ta\u010diau labai svarbu suprasti taj\u0173 kalbos gramatik\u0105, kad b\u016bt\u0173 galima visi\u0161kai","og_url":"https:\/\/talkpal.ai\/lt\/taju-kalbos-gramatikos-pratimai\/","og_site_name":"Talkpal","article_publisher":"https:\/\/www.facebook.com\/profile.php?id=100090733639311","article_modified_time":"2025-12-17T14:59:02+00:00","og_image":[{"width":512,"height":512,"url":"https:\/\/talkpal.ai\/wp-content\/uploads\/2023\/05\/thailand.png","type":"image\/png"}],"twitter_card":"summary_large_image","twitter_site":"@talkpalai","twitter_misc":{"Est. reading time":"2 minut\u0117s"},"schema":{"@context":"https:\/\/schema.org","@graph":[{"@type":"WebPage","@id":"https:\/\/talkpal.ai\/lt\/taju-kalbos-gramatikos-pratimai\/","url":"https:\/\/talkpal.ai\/lt\/taju-kalbos-gramatikos-pratimai\/","name":"Taj\u0173 kalbos gramatikos pratimai - Talkpal","isPartOf":{"@id":"https:\/\/talkpal.ai\/lt\/#website"},"primaryImageOfPage":{"@id":"https:\/\/talkpal.ai\/lt\/taju-kalbos-gramatikos-pratimai\/#primaryimage"},"image":{"@id":"https:\/\/talkpal.ai\/lt\/taju-kalbos-gramatikos-pratimai\/#primaryimage"},"thumbnailUrl":"https:\/\/talkpal.ai\/wp-content\/uploads\/2023\/05\/thailand.png","datePublished":"2023-07-05T10:24:06+00:00","dateModified":"2025-12-17T14:59:02+00:00","description":"Patobulinkite savo taj\u0173 kalbos \u012fg\u016bd\u017eius naudodami m\u016bs\u0173 taj\u0173 kalbos gramatikos pratimus ir prad\u0117kite mokytis kalbos pagrind\u0173.","breadcrumb":{"@id":"https:\/\/talkpal.ai\/lt\/taju-kalbos-gramatikos-pratimai\/#breadcrumb"},"inLanguage":"lt-LT","potentialAction":[{"@type":"ReadAction","target":["https:\/\/talkpal.ai\/lt\/taju-kalbos-gramatikos-pratimai\/"]}]},{"@type":"ImageObject","inLanguage":"lt-LT","@id":"https:\/\/talkpal.ai\/lt\/taju-kalbos-gramatikos-pratimai\/#primaryimage","url":"https:\/\/talkpal.ai\/wp-content\/uploads\/2023\/05\/thailand.png","contentUrl":"https:\/\/talkpal.ai\/wp-content\/uploads\/2023\/05\/thailand.png","width":512,"height":512},{"@type":"BreadcrumbList","@id":"https:\/\/talkpal.ai\/lt\/taju-kalbos-gramatikos-pratimai\/#breadcrumb","itemListElement":[{"@type":"ListItem","position":1,"name":"Homepage","item":"https:\/\/talkpal.ai\/lt\/"},{"@type":"ListItem","position":2,"name":"Taj\u0173 kalbos gramatikos pratimai"}]},{"@type":"WebSite","@id":"https:\/\/talkpal.ai\/lt\/#website","url":"https:\/\/talkpal.ai\/lt\/","name":"Talkpal","description":"AI Language Learning","publisher":{"@id":"https:\/\/talkpal.ai\/lt\/#organization"},"alternateName":"Talkpal AI","potentialAction":[{"@type":"SearchAction","target":{"@type":"EntryPoint","urlTemplate":"https:\/\/talkpal.ai\/lt\/?s={search_term_string}"},"query-input":{"@type":"PropertyValueSpecification","valueRequired":true,"valueName":"search_term_string"}}],"inLanguage":"lt-LT"},{"@type":"Organization","@id":"https:\/\/talkpal.ai\/lt\/#organization","name":"Talkpal, Inc.","alternateName":"Talkpal AI","url":"https:\/\/talkpal.ai\/lt\/","logo":{"@type":"ImageObject","inLanguage":"lt-LT","@id":"https:\/\/talkpal.ai\/lt\/#\/schema\/logo\/image\/","url":"https:\/\/talkpal.ai\/wp-content\/uploads\/2024\/03\/Talkpal-Logo-Icon.png","contentUrl":"https:\/\/talkpal.ai\/wp-content\/uploads\/2024\/03\/Talkpal-Logo-Icon.png","width":2880,"height":2880,"caption":"Talkpal, Inc."},"image":{"@id":"https:\/\/talkpal.ai\/lt\/#\/schema\/logo\/image\/"},"sameAs":["https:\/\/www.facebook.com\/profile.php?id=100090733639311","https:\/\/x.com\/talkpalai","https:\/\/www.linkedin.com\/company\/talkpal\/","https:\/\/www.youtube.com\/@TalkPal\/","https:\/\/www.tiktok.com\/@talkpal","https:\/\/www.instagram.com\/talkpal_ai\/","https:\/\/www.crunchbase.com\/organization\/talkpal-9cde","https:\/\/www.g2.com\/products\/talkpal-for-business\/","https:\/\/www.trustpilot.com\/review\/talkpal.ai","https:\/\/www.capterra.com\/p\/10006800\/TalkPal\/"],"description":"Talkpal is a language learning web and mobile education app, powered by the latest AI technologies, that provides engaging experiences to its customers in many different languages to help them improve their language skills. Users can chat about unlimited amount of topics with the app and use other modes to practice their language learning.","email":"support@talkpal.ai","legalName":"Talkpal, Inc.","foundingDate":"2023-04-03","duns":"118989042","numberOfEmployees":{"@type":"QuantitativeValue","minValue":"11","maxValue":"50"},"publishingPrinciples":"https:\/\/talkpal.ai\/publishing-principles\/","actionableFeedbackPolicy":"https:\/\/talkpal.ai\/actionable-feedback-policy\/","correctionsPolicy":"https:\/\/talkpal.ai\/corrections-policy\/","ethicsPolicy":"https:\/\/talkpal.ai\/ethics-policy\/","diversityPolicy":"https:\/\/talkpal.ai\/diversity-policy\/","diversityStaffingReport":"https:\/\/talkpal.ai\/diversity-policy\/"}]}},"_links":{"self":[{"href":"https:\/\/talkpal.ai\/lt\/wp-json\/wp\/v2\/pages\/155900","targetHints":{"allow":["GET"]}}],"collection":[{"href":"https:\/\/talkpal.ai\/lt\/wp-json\/wp\/v2\/pages"}],"about":[{"href":"https:\/\/talkpal.ai\/lt\/wp-json\/wp\/v2\/types\/page"}],"author":[{"embeddable":true,"href":"https:\/\/talkpal.ai\/lt\/wp-json\/wp\/v2\/users\/6"}],"replies":[{"embeddable":true,"href":"https:\/\/talkpal.ai\/lt\/wp-json\/wp\/v2\/comments?post=155900"}],"version-history":[{"count":0,"href":"https:\/\/talkpal.ai\/lt\/wp-json\/wp\/v2\/pages\/155900\/revisions"}],"wp:featuredmedia":[{"embeddable":true,"href":"https:\/\/talkpal.ai\/lt\/wp-json\/wp\/v2\/media\/120774"}],"wp:attachment":[{"href":"https:\/\/talkpal.ai\/lt\/wp-json\/wp\/v2\/media?parent=155900"}],"curies":[{"name":"wp","href":"https:\/\/api.w.org\/{rel}","templated":true}]}}