{"id":155580,"date":"2023-07-05T10:34:01","date_gmt":"2023-07-05T10:34:01","guid":{"rendered":"http:\/\/talkpal.ai\/turku-kalbos-gramatikos-pratimai\/"},"modified":"2025-12-17T10:35:35","modified_gmt":"2025-12-17T10:35:35","slug":"turku-kalbos-gramatikos-pratimai","status":"publish","type":"page","link":"https:\/\/talkpal.ai\/lt\/turku-kalbos-gramatikos-pratimai\/","title":{"rendered":"Turk\u0173 kalbos gramatikos pratimai"},"content":{"rendered":"\r\n\r\n\r\n<section class=\"languageChallengeSection\">\r\n    <div class=\"languageInfoWrapper\">\r\n        \r\n        <h1>Turk\u0173 kalbos gramatikos pratimai<\/h1>\r\n        <p>Norite dr\u0105siau kalb\u0117ti turki\u0161kai? Gramatikos pratimai &#8211; puikus b\u016bdas \u012fsisavinti sakinio strukt\u016br\u0105, veiksma\u017eod\u017ei\u0173 junginius ir kasdienius <a href=\"https:\/\/talkpal.ai\/what-language-is-spoken-on-the-international-space-station\/\">kalbos<\/a> modelius. Prad\u0117kite tyrin\u0117ti <a href=\"https:\/\/talkpal.ai\/lt\/suzinokite-turku-kalba\/\">turk\u0173 kalbos<\/a> gramatikos pratimus \u0161iandien ir steb\u0117kite, kaip nuolat ger\u0117ja j\u016bs\u0173 supratimas ir kalb\u0117jimo \u012fg\u016bd\u017eiai!<\/p>\r\n\r\n                            <a class=\"getStartedHidden\" href=\"https:\/\/app.talkpal.ai\/lt\/signup?lng=\">Prad\u0117k<\/a>\r\n        \r\n    <\/div>\r\n\r\n    <figure>\r\n    <img decoding=\"async\" width=\"768\" height=\"768\" src=\"https:\/\/talkpal.ai\/wp-content\/uploads\/2023\/06\/turkish-768x768.png\" class=\"languageImage no-lazy\" alt=\"Language learning for increased focus\" fetchpriority=\"high\" sizes=\"(max-width: 768px) 150px, 768px\" srcset=\"https:\/\/talkpal.ai\/wp-content\/uploads\/2023\/06\/turkish-768x768.png 768w, https:\/\/talkpal.ai\/wp-content\/uploads\/2023\/06\/turkish-300x300.png 300w\" \/>\r\n    \r\n\r\n    <\/figure>\r\n\r\n            <a class=\"getStartedVisible\" href=\"https:\/\/app.talkpal.ai\/lt\/signup?lng=\">Prad\u0117k<\/a>\r\n    \r\n<\/section>\r\n\r\n\r\n<!-- <section class=\"grammarSection\">\r\n    <div class=\"grammarLinks\">\r\n            <\/div>\r\n<\/section> -->\r\n\r\n\r\n\r\n\r\n<section class=\"promotionalBanner\">\r\n    <p class=\"promotionalText\">Efektyviausias b\u016bdas mokytis kalbos<\/p>\r\n    <a class=\"promotionalLink\" href=\"https:\/\/app.talkpal.ai\/lt\/signup?lng=\">I\u0161bandykite Talkpal &#8221; nemokamai<\/a>\r\n<\/section>\n<div class=\"wp-block-group pageContainerStyle\"><div class=\"wp-block-group__inner-container is-layout-constrained wp-block-group-is-layout-constrained\">\n<h2 class=\"wp-block-heading\" id=\"h-turkish-grammar-topics\">Turk\u0173 kalbos gramatikos temos<\/h2>\n\n\n\n<p><a href=\"https:\/\/talkpal.ai\/learn-turkish\/\">Turk\u0173<\/a> kalbos <a href=\"https:\/\/talkpal.ai\/lt\/mokymasis\/\">mokymasis<\/a> gali b\u016bti naudingas, bet sud\u0117tingas darbas d\u0117l savo unikalios strukt\u016bros ir gramatikos. Vienas i\u0161 pagrindini\u0173 turk\u0173 kalbos aspekt\u0173, kuriuos besimokantieji turi suvokti, yra jos <a href=\"https:\/\/talkpal.ai\/sq\/gramatika\/\">gramatika<\/a>, apimanti tokias temas kaip laikai, veiksma\u017eod\u017eiai, daiktavard\u017eiai, straipsniai, b\u016bdvard\u017eiai, prieveiksmiai, s\u0105lygo\u010diai, prielinksniai ir sakini\u0173 konstrukcija. \u0160i\u0173 komponent\u0173 supratimas yra gyvybi\u0161kai svarbus norint \u012fsisavinti kalb\u0105, nes jie yra turk\u0173 kalbos bendravimo blokai.<\/p>\n\n\n\n<h3 class=\"wp-block-heading\" id=\"h-1-nouns\">1. Daiktavard\u017eiai:<\/h3>\n\n\n\n<p>Prad\u0117kite nuo turk\u0173 kalbos daiktavard\u017ei\u0173 mokymosi, nes jie yra pagrindinis kalbos vienetas. Supratimas, kaip juos naudoti sakiniuose, suteiks jums ger\u0105 pagrind\u0105.<\/p>\n\n\n\n<h3 class=\"wp-block-heading\" id=\"h-2-articles\">2. Straipsniai:<\/h3>\n\n\n\n<p>Turk\u0173 kalba n\u0117ra apibr\u0117\u017et\u0173 ar neapibr\u0117\u017et\u0173 straipsni\u0173. <a href=\"https:\/\/talkpal.ai\/learn-thai\/\">Tai<\/a> palengvina pradedantiesiems. Ta\u010diau labai svarbu i\u0161mokti i\u0161reik\u0161ti apibr\u0117\u017etum\u0105 ir neapibr\u0117\u017etum\u0105.<\/p>\n\n\n\n<h3 class=\"wp-block-heading\" id=\"h-3-pronouns-determiners\">3. \u012evard\u017eiai\/determinantai:<\/h3>\n\n\n\n<p>Tai \u017eod\u017eiai, kurie pakei\u010dia arba modifikuoja daiktavard\u017eius. Jie gali nurodyti skai\u010di\u0173, tur\u0117jim\u0105, lyt\u012f ir atstum\u0105. Labai svarbu juos i\u0161mokti anksti, nes jie da\u017enai naudojami.<\/p>\n\n\n\n<h3 class=\"wp-block-heading\" id=\"h-4-adjectives\">4. B\u016bdvard\u017eiai:<\/h3>\n\n\n\n<p>B\u016bdvard\u017eiai apib\u016bdina arba modifikuoja daiktavard\u017eius. Turki\u0161ki b\u016bdvard\u017eiai nekei\u010diami pagal lyt\u012f ar skai\u010di\u0173, tod\u0117l mokytis papras\u010diau.<\/p>\n\n\n\n<h3 class=\"wp-block-heading\" id=\"h-5-adverbs\">5. Prieveiksmiai:<\/h3>\n\n\n\n<p>Prieveiksmiai apib\u016bdina veiksma\u017eod\u017eius, b\u016bdvard\u017eius ar kitus prieveiksmius. Jie yra labai svarb\u016bs norint i\u0161reik\u0161ti b\u016bd\u0105, viet\u0105, laik\u0105, da\u017en\u012f, laipsn\u012f ir dar daugiau, praturtinant j\u016bs\u0173 kalb\u0105.<\/p>\n\n\n\n<h3 class=\"wp-block-heading\" id=\"h-6-verbs\">6. Veiksma\u017eod\u017eiai:<\/h3>\n\n\n\n<p>Turk\u0173 veiksma\u017eod\u017eiai pasirenkami \u012ftampai, nuotaikai, aspektui ir balsui. Veiksma\u017eod\u017ei\u0173 mokymasis yra labai svarbus formuojant sakinius.<\/p>\n\n\n\n<h3 class=\"wp-block-heading\" id=\"h-7-tenses\">7. Laikai:<\/h3>\n\n\n\n<p>Turk\u0173 kalba yra devyni laikai (praeitis, dabartis, ateitis ir j\u0173 variantai). J\u0173 supratimas yra labai svarbus norint tiksliai i\u0161reik\u0161ti laik\u0105.<\/p>\n\n\n\n<h3 class=\"wp-block-heading\" id=\"h-8-tense-comparison\">8. \u012etemptas palyginimas:<\/h3>\n\n\n\n<p>Tai padeda suprasti niuansus tarp skirting\u0173 laik\u0173.<\/p>\n\n\n\n<h3 class=\"wp-block-heading\" id=\"h-9-progressive\">9. Progresyvus:<\/h3>\n\n\n\n<p>Progresyvi \u012ftampa rodo vykstan\u010dius veiksmus. Tai laik\u0173 pakategor\u0117, kuri svarbi norint tiksliai i\u0161reik\u0161ti savo mintis.<\/p>\n\n\n\n<h3 class=\"wp-block-heading\" id=\"h-10-perfect-progressive\">10. Tobulas progresyvus:<\/h3>\n\n\n\n<p>\u0160i \u012ftampa rodo veiksmus, kurie vyko praeityje ir t\u0119siasi iki dabarties arba k\u0105 tik baigti. Jis yra sud\u0117tingesnis ir tur\u0117t\u0173 b\u016bti i\u0161moktas po to, kai \u012fvaldysite progresyv\u0173j\u012f laik\u0105.<\/p>\n\n\n\n<h3 class=\"wp-block-heading\" id=\"h-11-conditionals\">11. S\u0105lygos:<\/h3>\n\n\n\n<p>S\u0105lyginiai sakiniai i\u0161rei\u0161kia hipotetines situacijas ir priklauso nuo tam tikr\u0173 s\u0105lyg\u0173. Jie suteikia j\u016bs\u0173 kalbai sud\u0117tingumo.<\/p>\n\n\n\n<h3 class=\"wp-block-heading\" id=\"h-12-prepositions\">12. Prielinksniai:<\/h3>\n\n\n\n<p>Prielinksniai rodo daiktavard\u017eio ar \u012fvard\u017eio santyk\u012f su kitu sakinio \u017eod\u017eiu. Jie yra labai svarb\u016bs jungiant \u017eod\u017eius ir id\u0117jas.<\/p>\n\n\n\n<h3 class=\"wp-block-heading\" id=\"h-13-sentences\">13. Sakiniai:<\/h3>\n\n\n\n<p>Galiausiai, mokymasis konstruoti pilnus sakinius yra vis\u0173 ankstesni\u0173 gramatikos tem\u0173 \u012fsisavinimo kulminacija.<\/p>\n<\/div><\/div>\n\r\n<section class=\"learnNavigationSection\">\r\n            \r\n        <a href=\"https:\/\/talkpal.ai\/lt\/suzinokite-turku-kalba\/\">\r\n            <div class=\"learnNavigationWrapper\">\r\n                <div class=\"learnNavigationContent\">\r\n                    <img decoding=\"async\" src=\"https:\/\/talkpal.ai\/wp-content\/uploads\/2024\/08\/Turkish.jpg\" alt=\"Turkish Flag\">\r\n                    <div>\r\n                        <h4>Apie turk\u0173 kalbos mokym\u0105si<\/h4>\r\n                        <p>Su\u017einokite visk\u0105 apie turk\u0173 kalbos gramatik\u0105.<\/p>\r\n                    <\/div>\r\n                <\/div>\r\n            <\/div>\r\n        <\/a>\r\n\r\n        \r\n        <a href=\"https:\/\/talkpal.ai\/lt\/turku-kalbos-gramatika\/\">\r\n            <div class=\"learnNavigationWrapper\">\r\n                <div class=\"learnNavigationContent\">\r\n                    <img decoding=\"async\" src=\"https:\/\/talkpal.ai\/wp-content\/uploads\/2024\/08\/Turkish.jpg\" alt=\"Turkish Flag\">\r\n                    <div>\r\n                        <h4>Turk\u0173 kalbos gramatikos pamokos<\/h4>\r\n                        <p>Praktikuokite turk\u0173 kalbos gramatik\u0105.<\/p>\r\n                    <\/div>\r\n                <\/div>\r\n            <\/div>\r\n        <\/a>\r\n\r\n        \r\n        <a href=\"https:\/\/talkpal.ai\/vocabulary_language\/turkish\/\">\r\n            <div class=\"learnNavigationWrapper\">\r\n                <div class=\"learnNavigationContent\">\r\n                    <img decoding=\"async\" src=\"https:\/\/talkpal.ai\/wp-content\/uploads\/2024\/08\/Turkish.jpg\" alt=\"Turkish Flag\">\r\n                    <div>\r\n                        <h4>Turk\u0173 kalbos \u017eodynas<\/h4>\r\n                        <p>Prapl\u0117skite savo turk\u0173 kalbos \u017eodyn\u0105.<\/p>\r\n                    <\/div>\r\n                <\/div>\r\n            <\/div>\r\n        <\/a>\r\n\r\n            <\/section>","protected":false},"excerpt":{"rendered":"<p>Turk\u0173 kalbos gramatikos temos Turk\u0173 kalbos mokymasis gali b\u016bti naudingas, bet sud\u0117tingas darbas d\u0117l savo unikalios strukt\u016bros ir gramatikos. Vienas i\u0161 pagrindini\u0173 turk\u0173 kalbos aspekt\u0173, kuriuos besimokantieji turi suvokti, yra jos gramatika, apimanti tokias temas kaip laikai, veiksma\u017eod\u017eiai, daiktavard\u017eiai, straipsniai, b\u016bdvard\u017eiai, prieveiksmiai, s\u0105lygo\u010diai, prielinksniai ir sakini\u0173 konstrukcija. \u0160i\u0173 komponent\u0173 supratimas yra gyvybi\u0161kai svarbus norint \u012fsisavinti [&hellip;]<\/p>\n","protected":false},"author":6,"featured_media":120949,"parent":0,"menu_order":0,"comment_status":"closed","ping_status":"closed","template":"LearningContentPage.php","meta":{"_acf_changed":false,"footnotes":""},"class_list":["post-155580","page","type-page","status-publish","has-post-thumbnail","hentry"],"acf":[],"yoast_head":"<!-- This site is optimized with the Yoast SEO Premium plugin v27.2 (Yoast SEO v27.2) - https:\/\/yoast.com\/product\/yoast-seo-premium-wordpress\/ -->\n<title>Turk\u0173 kalbos gramatikos pratimai - Talkpal<\/title>\n<meta name=\"description\" content=\"\u012evaldykite turk\u0173 kalbos gramatik\u0105 naudodami m\u016bs\u0173 i\u0161samius turk\u0173 kalbos gramatikos pratimus. Jau \u0161iandien veiksmingai tobulinkite savo kalbos \u012fg\u016bd\u017eius.\" \/>\n<meta name=\"robots\" content=\"index, follow, max-snippet:-1, max-image-preview:large, max-video-preview:-1\" \/>\n<link rel=\"canonical\" href=\"https:\/\/talkpal.ai\/lt\/turku-kalbos-gramatikos-pratimai\/\" \/>\n<meta property=\"og:locale\" content=\"lt_LT\" \/>\n<meta property=\"og:type\" content=\"article\" \/>\n<meta property=\"og:title\" content=\"Turk\u0173 kalbos gramatikos pratimai\" \/>\n<meta property=\"og:description\" content=\"Turk\u0173 kalbos gramatikos temos Turk\u0173 kalbos mokymasis gali b\u016bti naudingas, bet sud\u0117tingas darbas d\u0117l savo unikalios strukt\u016bros ir gramatikos. Vienas i\u0161\" \/>\n<meta property=\"og:url\" content=\"https:\/\/talkpal.ai\/lt\/turku-kalbos-gramatikos-pratimai\/\" \/>\n<meta property=\"og:site_name\" content=\"Talkpal\" \/>\n<meta property=\"article:publisher\" content=\"https:\/\/www.facebook.com\/profile.php?id=100090733639311\" \/>\n<meta property=\"article:modified_time\" content=\"2025-12-17T10:35:35+00:00\" \/>\n<meta property=\"og:image\" content=\"https:\/\/talkpal.ai\/wp-content\/uploads\/2023\/05\/turkish.png\" \/>\n\t<meta property=\"og:image:width\" content=\"512\" \/>\n\t<meta property=\"og:image:height\" content=\"512\" \/>\n\t<meta property=\"og:image:type\" content=\"image\/png\" \/>\n<meta name=\"twitter:card\" content=\"summary_large_image\" \/>\n<meta name=\"twitter:site\" content=\"@talkpalai\" \/>\n<meta name=\"twitter:label1\" content=\"Est. reading time\" \/>\n\t<meta name=\"twitter:data1\" content=\"2 minut\u0117s\" \/>\n<script type=\"application\/ld+json\" class=\"yoast-schema-graph\">{\"@context\":\"https:\/\/schema.org\",\"@graph\":[{\"@type\":\"WebPage\",\"@id\":\"https:\/\/talkpal.ai\/lt\/turku-kalbos-gramatikos-pratimai\/\",\"url\":\"https:\/\/talkpal.ai\/lt\/turku-kalbos-gramatikos-pratimai\/\",\"name\":\"Turk\u0173 kalbos gramatikos pratimai - Talkpal\",\"isPartOf\":{\"@id\":\"https:\/\/talkpal.ai\/lt\/#website\"},\"primaryImageOfPage\":{\"@id\":\"https:\/\/talkpal.ai\/lt\/turku-kalbos-gramatikos-pratimai\/#primaryimage\"},\"image\":{\"@id\":\"https:\/\/talkpal.ai\/lt\/turku-kalbos-gramatikos-pratimai\/#primaryimage\"},\"thumbnailUrl\":\"https:\/\/talkpal.ai\/wp-content\/uploads\/2023\/05\/turkish.png\",\"datePublished\":\"2023-07-05T10:34:01+00:00\",\"dateModified\":\"2025-12-17T10:35:35+00:00\",\"description\":\"\u012evaldykite turk\u0173 kalbos gramatik\u0105 naudodami m\u016bs\u0173 i\u0161samius turk\u0173 kalbos gramatikos pratimus. Jau \u0161iandien veiksmingai tobulinkite savo kalbos \u012fg\u016bd\u017eius.\",\"breadcrumb\":{\"@id\":\"https:\/\/talkpal.ai\/lt\/turku-kalbos-gramatikos-pratimai\/#breadcrumb\"},\"inLanguage\":\"lt-LT\",\"potentialAction\":[{\"@type\":\"ReadAction\",\"target\":[\"https:\/\/talkpal.ai\/lt\/turku-kalbos-gramatikos-pratimai\/\"]}]},{\"@type\":\"ImageObject\",\"inLanguage\":\"lt-LT\",\"@id\":\"https:\/\/talkpal.ai\/lt\/turku-kalbos-gramatikos-pratimai\/#primaryimage\",\"url\":\"https:\/\/talkpal.ai\/wp-content\/uploads\/2023\/05\/turkish.png\",\"contentUrl\":\"https:\/\/talkpal.ai\/wp-content\/uploads\/2023\/05\/turkish.png\",\"width\":512,\"height\":512},{\"@type\":\"BreadcrumbList\",\"@id\":\"https:\/\/talkpal.ai\/lt\/turku-kalbos-gramatikos-pratimai\/#breadcrumb\",\"itemListElement\":[{\"@type\":\"ListItem\",\"position\":1,\"name\":\"Homepage\",\"item\":\"https:\/\/talkpal.ai\/lt\/\"},{\"@type\":\"ListItem\",\"position\":2,\"name\":\"Turk\u0173 kalbos gramatikos pratimai\"}]},{\"@type\":\"WebSite\",\"@id\":\"https:\/\/talkpal.ai\/lt\/#website\",\"url\":\"https:\/\/talkpal.ai\/lt\/\",\"name\":\"Talkpal\",\"description\":\"AI Language Learning\",\"publisher\":{\"@id\":\"https:\/\/talkpal.ai\/lt\/#organization\"},\"alternateName\":\"Talkpal AI\",\"potentialAction\":[{\"@type\":\"SearchAction\",\"target\":{\"@type\":\"EntryPoint\",\"urlTemplate\":\"https:\/\/talkpal.ai\/lt\/?s={search_term_string}\"},\"query-input\":{\"@type\":\"PropertyValueSpecification\",\"valueRequired\":true,\"valueName\":\"search_term_string\"}}],\"inLanguage\":\"lt-LT\"},{\"@type\":\"Organization\",\"@id\":\"https:\/\/talkpal.ai\/lt\/#organization\",\"name\":\"Talkpal, Inc.\",\"alternateName\":\"Talkpal AI\",\"url\":\"https:\/\/talkpal.ai\/lt\/\",\"logo\":{\"@type\":\"ImageObject\",\"inLanguage\":\"lt-LT\",\"@id\":\"https:\/\/talkpal.ai\/lt\/#\/schema\/logo\/image\/\",\"url\":\"https:\/\/talkpal.ai\/wp-content\/uploads\/2024\/03\/Talkpal-Logo-Icon.png\",\"contentUrl\":\"https:\/\/talkpal.ai\/wp-content\/uploads\/2024\/03\/Talkpal-Logo-Icon.png\",\"width\":2880,\"height\":2880,\"caption\":\"Talkpal, Inc.\"},\"image\":{\"@id\":\"https:\/\/talkpal.ai\/lt\/#\/schema\/logo\/image\/\"},\"sameAs\":[\"https:\/\/www.facebook.com\/profile.php?id=100090733639311\",\"https:\/\/x.com\/talkpalai\",\"https:\/\/www.linkedin.com\/company\/talkpal\/\",\"https:\/\/www.youtube.com\/@TalkPal\/\",\"https:\/\/www.tiktok.com\/@talkpal\",\"https:\/\/www.instagram.com\/talkpal_ai\/\",\"https:\/\/www.crunchbase.com\/organization\/talkpal-9cde\",\"https:\/\/www.g2.com\/products\/talkpal-for-business\/\",\"https:\/\/www.trustpilot.com\/review\/talkpal.ai\",\"https:\/\/www.capterra.com\/p\/10006800\/TalkPal\/\"],\"description\":\"Talkpal is a language learning web and mobile education app, powered by the latest AI technologies, that provides engaging experiences to its customers in many different languages to help them improve their language skills. Users can chat about unlimited amount of topics with the app and use other modes to practice their language learning.\",\"email\":\"support@talkpal.ai\",\"legalName\":\"Talkpal, Inc.\",\"foundingDate\":\"2023-04-03\",\"duns\":\"118989042\",\"numberOfEmployees\":{\"@type\":\"QuantitativeValue\",\"minValue\":\"11\",\"maxValue\":\"50\"},\"publishingPrinciples\":\"https:\/\/talkpal.ai\/publishing-principles\/\",\"actionableFeedbackPolicy\":\"https:\/\/talkpal.ai\/actionable-feedback-policy\/\",\"correctionsPolicy\":\"https:\/\/talkpal.ai\/corrections-policy\/\",\"ethicsPolicy\":\"https:\/\/talkpal.ai\/ethics-policy\/\",\"diversityPolicy\":\"https:\/\/talkpal.ai\/diversity-policy\/\",\"diversityStaffingReport\":\"https:\/\/talkpal.ai\/diversity-policy\/\"}]}<\/script>\n<!-- \/ Yoast SEO Premium plugin. -->","yoast_head_json":{"title":"Turk\u0173 kalbos gramatikos pratimai - Talkpal","description":"\u012evaldykite turk\u0173 kalbos gramatik\u0105 naudodami m\u016bs\u0173 i\u0161samius turk\u0173 kalbos gramatikos pratimus. Jau \u0161iandien veiksmingai tobulinkite savo kalbos \u012fg\u016bd\u017eius.","robots":{"index":"index","follow":"follow","max-snippet":"max-snippet:-1","max-image-preview":"max-image-preview:large","max-video-preview":"max-video-preview:-1"},"canonical":"https:\/\/talkpal.ai\/lt\/turku-kalbos-gramatikos-pratimai\/","og_locale":"lt_LT","og_type":"article","og_title":"Turk\u0173 kalbos gramatikos pratimai","og_description":"Turk\u0173 kalbos gramatikos temos Turk\u0173 kalbos mokymasis gali b\u016bti naudingas, bet sud\u0117tingas darbas d\u0117l savo unikalios strukt\u016bros ir gramatikos. Vienas i\u0161","og_url":"https:\/\/talkpal.ai\/lt\/turku-kalbos-gramatikos-pratimai\/","og_site_name":"Talkpal","article_publisher":"https:\/\/www.facebook.com\/profile.php?id=100090733639311","article_modified_time":"2025-12-17T10:35:35+00:00","og_image":[{"width":512,"height":512,"url":"https:\/\/talkpal.ai\/wp-content\/uploads\/2023\/05\/turkish.png","type":"image\/png"}],"twitter_card":"summary_large_image","twitter_site":"@talkpalai","twitter_misc":{"Est. reading time":"2 minut\u0117s"},"schema":{"@context":"https:\/\/schema.org","@graph":[{"@type":"WebPage","@id":"https:\/\/talkpal.ai\/lt\/turku-kalbos-gramatikos-pratimai\/","url":"https:\/\/talkpal.ai\/lt\/turku-kalbos-gramatikos-pratimai\/","name":"Turk\u0173 kalbos gramatikos pratimai - Talkpal","isPartOf":{"@id":"https:\/\/talkpal.ai\/lt\/#website"},"primaryImageOfPage":{"@id":"https:\/\/talkpal.ai\/lt\/turku-kalbos-gramatikos-pratimai\/#primaryimage"},"image":{"@id":"https:\/\/talkpal.ai\/lt\/turku-kalbos-gramatikos-pratimai\/#primaryimage"},"thumbnailUrl":"https:\/\/talkpal.ai\/wp-content\/uploads\/2023\/05\/turkish.png","datePublished":"2023-07-05T10:34:01+00:00","dateModified":"2025-12-17T10:35:35+00:00","description":"\u012evaldykite turk\u0173 kalbos gramatik\u0105 naudodami m\u016bs\u0173 i\u0161samius turk\u0173 kalbos gramatikos pratimus. Jau \u0161iandien veiksmingai tobulinkite savo kalbos \u012fg\u016bd\u017eius.","breadcrumb":{"@id":"https:\/\/talkpal.ai\/lt\/turku-kalbos-gramatikos-pratimai\/#breadcrumb"},"inLanguage":"lt-LT","potentialAction":[{"@type":"ReadAction","target":["https:\/\/talkpal.ai\/lt\/turku-kalbos-gramatikos-pratimai\/"]}]},{"@type":"ImageObject","inLanguage":"lt-LT","@id":"https:\/\/talkpal.ai\/lt\/turku-kalbos-gramatikos-pratimai\/#primaryimage","url":"https:\/\/talkpal.ai\/wp-content\/uploads\/2023\/05\/turkish.png","contentUrl":"https:\/\/talkpal.ai\/wp-content\/uploads\/2023\/05\/turkish.png","width":512,"height":512},{"@type":"BreadcrumbList","@id":"https:\/\/talkpal.ai\/lt\/turku-kalbos-gramatikos-pratimai\/#breadcrumb","itemListElement":[{"@type":"ListItem","position":1,"name":"Homepage","item":"https:\/\/talkpal.ai\/lt\/"},{"@type":"ListItem","position":2,"name":"Turk\u0173 kalbos gramatikos pratimai"}]},{"@type":"WebSite","@id":"https:\/\/talkpal.ai\/lt\/#website","url":"https:\/\/talkpal.ai\/lt\/","name":"Talkpal","description":"AI Language Learning","publisher":{"@id":"https:\/\/talkpal.ai\/lt\/#organization"},"alternateName":"Talkpal AI","potentialAction":[{"@type":"SearchAction","target":{"@type":"EntryPoint","urlTemplate":"https:\/\/talkpal.ai\/lt\/?s={search_term_string}"},"query-input":{"@type":"PropertyValueSpecification","valueRequired":true,"valueName":"search_term_string"}}],"inLanguage":"lt-LT"},{"@type":"Organization","@id":"https:\/\/talkpal.ai\/lt\/#organization","name":"Talkpal, Inc.","alternateName":"Talkpal AI","url":"https:\/\/talkpal.ai\/lt\/","logo":{"@type":"ImageObject","inLanguage":"lt-LT","@id":"https:\/\/talkpal.ai\/lt\/#\/schema\/logo\/image\/","url":"https:\/\/talkpal.ai\/wp-content\/uploads\/2024\/03\/Talkpal-Logo-Icon.png","contentUrl":"https:\/\/talkpal.ai\/wp-content\/uploads\/2024\/03\/Talkpal-Logo-Icon.png","width":2880,"height":2880,"caption":"Talkpal, Inc."},"image":{"@id":"https:\/\/talkpal.ai\/lt\/#\/schema\/logo\/image\/"},"sameAs":["https:\/\/www.facebook.com\/profile.php?id=100090733639311","https:\/\/x.com\/talkpalai","https:\/\/www.linkedin.com\/company\/talkpal\/","https:\/\/www.youtube.com\/@TalkPal\/","https:\/\/www.tiktok.com\/@talkpal","https:\/\/www.instagram.com\/talkpal_ai\/","https:\/\/www.crunchbase.com\/organization\/talkpal-9cde","https:\/\/www.g2.com\/products\/talkpal-for-business\/","https:\/\/www.trustpilot.com\/review\/talkpal.ai","https:\/\/www.capterra.com\/p\/10006800\/TalkPal\/"],"description":"Talkpal is a language learning web and mobile education app, powered by the latest AI technologies, that provides engaging experiences to its customers in many different languages to help them improve their language skills. Users can chat about unlimited amount of topics with the app and use other modes to practice their language learning.","email":"support@talkpal.ai","legalName":"Talkpal, Inc.","foundingDate":"2023-04-03","duns":"118989042","numberOfEmployees":{"@type":"QuantitativeValue","minValue":"11","maxValue":"50"},"publishingPrinciples":"https:\/\/talkpal.ai\/publishing-principles\/","actionableFeedbackPolicy":"https:\/\/talkpal.ai\/actionable-feedback-policy\/","correctionsPolicy":"https:\/\/talkpal.ai\/corrections-policy\/","ethicsPolicy":"https:\/\/talkpal.ai\/ethics-policy\/","diversityPolicy":"https:\/\/talkpal.ai\/diversity-policy\/","diversityStaffingReport":"https:\/\/talkpal.ai\/diversity-policy\/"}]}},"_links":{"self":[{"href":"https:\/\/talkpal.ai\/lt\/wp-json\/wp\/v2\/pages\/155580","targetHints":{"allow":["GET"]}}],"collection":[{"href":"https:\/\/talkpal.ai\/lt\/wp-json\/wp\/v2\/pages"}],"about":[{"href":"https:\/\/talkpal.ai\/lt\/wp-json\/wp\/v2\/types\/page"}],"author":[{"embeddable":true,"href":"https:\/\/talkpal.ai\/lt\/wp-json\/wp\/v2\/users\/6"}],"replies":[{"embeddable":true,"href":"https:\/\/talkpal.ai\/lt\/wp-json\/wp\/v2\/comments?post=155580"}],"version-history":[{"count":0,"href":"https:\/\/talkpal.ai\/lt\/wp-json\/wp\/v2\/pages\/155580\/revisions"}],"wp:featuredmedia":[{"embeddable":true,"href":"https:\/\/talkpal.ai\/lt\/wp-json\/wp\/v2\/media\/120949"}],"wp:attachment":[{"href":"https:\/\/talkpal.ai\/lt\/wp-json\/wp\/v2\/media?parent=155580"}],"curies":[{"name":"wp","href":"https:\/\/api.w.org\/{rel}","templated":true}]}}