{"id":154663,"date":"2023-07-05T11:13:09","date_gmt":"2023-07-05T11:13:09","guid":{"rendered":"http:\/\/talkpal.ai\/valu-gramatikos-pratimai\/"},"modified":"2025-12-17T15:00:15","modified_gmt":"2025-12-17T15:00:15","slug":"valu-gramatikos-pratimai","status":"publish","type":"page","link":"https:\/\/talkpal.ai\/lt\/valu-gramatikos-pratimai\/","title":{"rendered":"Val\u0173 gramatikos pratimai"},"content":{"rendered":"\r\n\r\n\r\n<section class=\"languageChallengeSection\">\r\n    <div class=\"languageInfoWrapper\">\r\n        \r\n        <h1>Val\u0173 gramatikos pratimai<\/h1>\r\n        <p>Ar esate pasireng\u0119 pasinerti \u012f velsie\u010di\u0173 gramatik\u0105? I\u0161mok\u0119 kelis pagrindinius dalykus, gal\u0117site patogiai \u012fvaldyti \u0161i\u0105 unikali\u0105 ir gra\u017ei\u0105 kalb\u0105. I\u0161bandykite \u0161iuos pratimus, kad sustiprintum\u0117te pasitik\u0117jim\u0105 savimi ir smagiai praleistum\u0117te laik\u0105!<\/p>\r\n\r\n                            <a class=\"getStartedHidden\" href=\"https:\/\/app.talkpal.ai\/lt\/signup?lng=\">Prad\u0117k<\/a>\r\n        \r\n    <\/div>\r\n\r\n    <figure>\r\n    <img decoding=\"async\" width=\"768\" height=\"768\" src=\"https:\/\/talkpal.ai\/wp-content\/uploads\/2023\/06\/welsh-768x768.png\" class=\"languageImage no-lazy\" alt=\"Language learning for better cognitive abilities\" fetchpriority=\"high\" sizes=\"(max-width: 768px) 150px, 768px\" srcset=\"https:\/\/talkpal.ai\/wp-content\/uploads\/2023\/06\/welsh-768x768.png 768w, https:\/\/talkpal.ai\/wp-content\/uploads\/2023\/06\/welsh-300x300.png 300w\" \/>\r\n    \r\n\r\n    <\/figure>\r\n\r\n            <a class=\"getStartedVisible\" href=\"https:\/\/app.talkpal.ai\/lt\/signup?lng=\">Prad\u0117k<\/a>\r\n    \r\n<\/section>\r\n\r\n\r\n<!-- <section class=\"grammarSection\">\r\n    <div class=\"grammarLinks\">\r\n            <\/div>\r\n<\/section> -->\r\n\r\n\r\n\r\n\r\n<section class=\"promotionalBanner\">\r\n    <p class=\"promotionalText\">Efektyviausias b\u016bdas mokytis <a href=\"https:\/\/talkpal.ai\/what-language-is-spoken-on-the-international-space-station\/\">kalbos<\/a><\/p>\r\n    <a class=\"promotionalLink\" href=\"https:\/\/app.talkpal.ai\/lt\/signup?lng=\">I\u0161bandykite Talkpal &#8221; nemokamai<\/a>\r\n<\/section>\n<div class=\"wp-block-group pageContainerStyle\"><div class=\"wp-block-group__inner-container is-layout-constrained wp-block-group-is-layout-constrained\">\n<h2 class=\"wp-block-heading\" id=\"h-welsh-grammar-topics\">Val\u0173 kalbos gramatikos temos<\/h2>\n\n\n\n<p>Naujos <a href=\"https:\/\/talkpal.ai\/lt\/kaip-ismokti-kalba-per-talkpal-chat\/\">kalbos mokymasis<\/a> gali b\u016bti sud\u0117tingas, ta\u010diau naudingas darbas. <a href=\"https:\/\/talkpal.ai\/learn-welsh\/\">Val\u0173 kalba<\/a>, kelt\u0173 kalba, kuria daugiausia kalbama Velse, n\u0117ra i\u0161imtis. D\u0117l savo unikali\u0173 savybi\u0173 ir strukt\u016br\u0173 val\u0173 kalbos mokymasis reikalauja sistemingo po\u017ei\u016brio \u012f sud\u0117tingos gramatikos supratim\u0105. \u0160iame vadove apra\u0161omos pagrindin\u0117s val\u0173 kalbos gramatikos sritys logine kalbos mokymosi seka, pradedant nuo pagrind\u0173, toki\u0173 kaip daiktavard\u017eiai ir straipsniai, ir pereinant prie sud\u0117tingesni\u0173 sri\u010di\u0173, toki\u0173 kaip laikai ir sakini\u0173 konstrukcija.<\/p>\n\n\n\n<h3 class=\"wp-block-heading\" id=\"h-1-nouns\">1. Daiktavard\u017eiai:<\/h3>\n\n\n\n<p>Prad\u0117kite savo val\u0173 kalbos kelion\u0119 mokydamiesi daiktavard\u017ei\u0173. <a href=\"https:\/\/talkpal.ai\/learn-thai\/\">Tai<\/a> apima \u012fvairi\u0173 daiktavard\u017ei\u0173 kategorij\u0173, toki\u0173 kaip bendri ir tikriniai daiktavard\u017eiai, taip pat j\u0173 daugiskaitos form\u0173 supratim\u0105.<\/p>\n\n\n\n<h3 class=\"wp-block-heading\" id=\"h-2-articles\">2. Straipsniai:<\/h3>\n\n\n\n<p>Straipsniai <a href=\"https:\/\/talkpal.ai\/learn-welsh\/\">val\u0173 kalba<\/a> vartojami kitaip nei <a href=\"https:\/\/talkpal.ai\/learn-english-with-ai\/\">angl\u0173<\/a> kalba. Supratimas, kaip teisingai naudoti apibr\u0117\u017etus ir neapibr\u0117\u017etus straipsnius, yra labai svarbus sakinio konstrukcijoje.<\/p>\n\n\n\n<h3 class=\"wp-block-heading\" id=\"h-3-adjectives\">3. B\u016bdvard\u017eiai:<\/h3>\n\n\n\n<p>B\u016bdvard\u017eiai val\u0173 kalba seka j\u0173 daiktavard\u017eius, kurie skiriasi nuo angl\u0173 kalbos. Taip pat tur\u0117site su\u017einoti apie j\u0173 mutacijas ir kaip sudaryti lyginamuosius ir superlatyvus.<\/p>\n\n\n\n<h3 class=\"wp-block-heading\" id=\"h-4-pronouns-determiners\">4. \u012evard\u017eiai\/determinantai:<\/h3>\n\n\n\n<p>\u012evard\u017eiai ir determinantai yra b\u016btini val\u0173 kalboje; jie pakei\u010dia daiktavard\u017eius ir pateikia informacij\u0105 apie kiek\u012f, tur\u0117jim\u0105 ir kt. Teisingas j\u0173 naudojimas yra b\u016btinas efektyviam bendravimui.<\/p>\n\n\n\n<h3 class=\"wp-block-heading\" id=\"h-5-verbs\">5. Veiksma\u017eod\u017eiai:<\/h3>\n\n\n\n<p>Val\u0173 veiksma\u017eod\u017eiai turi skirtingas formas, priklausomai nuo \u012ftampos, nuotaikos ir balso. Prad\u0117kite nuo dabartin\u0117s \u012ftampos ir palaipsniui tyrin\u0117kite praeities ir ateities laikus.<\/p>\n\n\n\n<h3 class=\"wp-block-heading\" id=\"h-6-tenses\">6. Laikai:<\/h3>\n\n\n\n<p>\u012evald\u0119 veiksma\u017eod\u017ei\u0173 formas, gilinkit\u0117s \u012f val\u0173 laikus. Tai apima supratim\u0105 apie skirtumus tarp dabarties, praeities ir ateities laik\u0173 ir kaip jie naudojami skirtinguose kontekstuose.<\/p>\n\n\n\n<h3 class=\"wp-block-heading\" id=\"h-7-tense-comparison\">7. \u012etemptas palyginimas:<\/h3>\n\n\n\n<p>Laik\u0173 palyginimas val\u0173 kalba padeda suprasti \u012fvyki\u0173 sek\u0105. Palyginus t\u0105 pat\u012f veiksma\u017eod\u012f \u012fvairiais laikais, bus galima geriau suprasti val\u0173 kalb\u0105.<\/p>\n\n\n\n<h3 class=\"wp-block-heading\" id=\"h-8-progressive\">8. Progresyvus:<\/h3>\n\n\n\n<p>Progresyvi \u012ftampa val\u0173 kalba naudojama nuolatiniams veiksmams i\u0161reik\u0161ti. Jis sudaromas naudojant veiksma\u017eod\u012f &#8222;b\u016bti&#8221;, po kurio eina &#8222;yn&#8221; ir veiksma\u017eodinis daiktavardis.<\/p>\n\n\n\n<h3 class=\"wp-block-heading\" id=\"h-9-perfect-progressive\">9. Tobulas progresyvus:<\/h3>\n\n\n\n<p>\u0160i \u012ftampa naudojama i\u0161reik\u0161ti veiksmus, kurie vyko iki tam tikro ta\u0161ko. Velso kalboje jis sudaromas i\u0161 veiksma\u017eod\u017eio &#8222;b\u016bti&#8221;, praeities dalyvio ir veiksma\u017eodinio daiktavard\u017eio.<\/p>\n\n\n\n<h3 class=\"wp-block-heading\" id=\"h-10-conditionals\">10. S\u0105lygos:<\/h3>\n\n\n\n<p>S\u0105lygos i\u0161rei\u0161kia hipotetines situacijas ir galimas j\u0173 pasekmes. Jie yra svarbi val\u0173 kalbos gramatikos dalis ir apsunkins j\u016bs\u0173 kalbos \u012fg\u016bd\u017eius.<\/p>\n\n\n\n<h3 class=\"wp-block-heading\" id=\"h-11-adverbs\">11. Prieveiksmiai:<\/h3>\n\n\n\n<p>Prieveiksmiai val\u0173 kalboje modifikuoja veiksma\u017eod\u017eius, b\u016bdvard\u017eius ar kitus prieveiksmius. Jie teikia informacij\u0105 apie b\u016bd\u0105, viet\u0105, laik\u0105, laipsn\u012f ir kt.<\/p>\n\n\n\n<h3 class=\"wp-block-heading\" id=\"h-12-prepositions\">12. Prielinksniai:<\/h3>\n\n\n\n<p>Prielinksniai susieja \u017eod\u017eius ir frazes. Jie i\u0161rei\u0161kia laiko, vietos, krypties ir kt. Santykius.<\/p>\n\n\n\n<h3 class=\"wp-block-heading\" id=\"h-13-sentences\">13. Sakiniai:<\/h3>\n\n\n\n<p>Galiausiai praktikuokite sakini\u0173 konstravim\u0105. Tai apims vis\u0173 anks\u010diau i\u0161mokt\u0173 gramatikos ta\u0161k\u0173 naudojim\u0105 kontekste, taip u\u017etikrinant visapusi\u0161k\u0105 val\u0173 kalbos supratim\u0105.<\/p>\n<\/div><\/div>\n\r\n<section class=\"learnNavigationSection\">\r\n            \r\n        <a href=\"https:\/\/talkpal.ai\/lt\/ismok-valu-kalba\/\">\r\n            <div class=\"learnNavigationWrapper\">\r\n                <div class=\"learnNavigationContent\">\r\n                    <img decoding=\"async\" src=\"https:\/\/talkpal.ai\/wp-content\/uploads\/2024\/08\/Welsh.jpg\" alt=\"Welsh Flag\">\r\n                    <div>\r\n                        <h4>Apie &quot;Welsh Learning<\/h4>\r\n                        <p>Su\u017einokite visk\u0105 apie val\u0173 kalbos gramatik\u0105.<\/p>\r\n                    <\/div>\r\n                <\/div>\r\n            <\/div>\r\n        <\/a>\r\n\r\n        \r\n        <a href=\"https:\/\/talkpal.ai\/lt\/valu-kalbos-gramatika\/\">\r\n            <div class=\"learnNavigationWrapper\">\r\n                <div class=\"learnNavigationContent\">\r\n                    <img decoding=\"async\" src=\"https:\/\/talkpal.ai\/wp-content\/uploads\/2024\/08\/Welsh.jpg\" alt=\"Welsh Flag\">\r\n                    <div>\r\n                        <h4>Velso gramatikos pamokos<\/h4>\r\n                        <p>Praktikuokite val\u0173 gramatik\u0105.<\/p>\r\n                    <\/div>\r\n                <\/div>\r\n            <\/div>\r\n        <\/a>\r\n\r\n        \r\n        <a href=\"https:\/\/talkpal.ai\/vocabulary_language\/welsh\/\">\r\n            <div class=\"learnNavigationWrapper\">\r\n                <div class=\"learnNavigationContent\">\r\n                    <img decoding=\"async\" src=\"https:\/\/talkpal.ai\/wp-content\/uploads\/2024\/08\/Welsh.jpg\" alt=\"Welsh Flag\">\r\n                    <div>\r\n                        <h4>Velso \u017eodynas<\/h4>\r\n                        <p>Prapl\u0117skite savo val\u0173 kalbos \u017eodyn\u0105.<\/p>\r\n                    <\/div>\r\n                <\/div>\r\n            <\/div>\r\n        <\/a>\r\n\r\n            <\/section>","protected":false},"excerpt":{"rendered":"<p>Val\u0173 kalbos gramatikos temos Naujos kalbos mokymasis gali b\u016bti sud\u0117tingas, ta\u010diau naudingas darbas. Val\u0173 kalba, kelt\u0173 kalba, kuria daugiausia kalbama Velse, n\u0117ra i\u0161imtis. D\u0117l savo unikali\u0173 savybi\u0173 ir strukt\u016br\u0173 val\u0173 kalbos mokymasis reikalauja sistemingo po\u017ei\u016brio \u012f sud\u0117tingos gramatikos supratim\u0105. \u0160iame vadove apra\u0161omos pagrindin\u0117s val\u0173 kalbos gramatikos sritys logine kalbos mokymosi seka, pradedant nuo pagrind\u0173, toki\u0173 [&hellip;]<\/p>\n","protected":false},"author":6,"featured_media":121507,"parent":0,"menu_order":0,"comment_status":"closed","ping_status":"closed","template":"LearningContentPage.php","meta":{"_acf_changed":false,"footnotes":""},"class_list":["post-154663","page","type-page","status-publish","has-post-thumbnail","hentry"],"acf":[],"yoast_head":"<!-- This site is optimized with the Yoast SEO Premium plugin v27.2 (Yoast SEO v27.2) - https:\/\/yoast.com\/product\/yoast-seo-premium-wordpress\/ -->\n<title>Val\u0173 gramatikos pratimai - Talkpal<\/title>\n<meta name=\"description\" content=\"\u012evaldykite pagrindus su velsie\u010di\u0173 kalbos gramatikos pratimais, skirtais sistemingai ir veiksmingai tobulinti kalbos \u012fg\u016bd\u017eius.\" \/>\n<meta name=\"robots\" content=\"index, follow, max-snippet:-1, max-image-preview:large, max-video-preview:-1\" \/>\n<link rel=\"canonical\" href=\"https:\/\/talkpal.ai\/lt\/valu-gramatikos-pratimai\/\" \/>\n<meta property=\"og:locale\" content=\"lt_LT\" \/>\n<meta property=\"og:type\" content=\"article\" \/>\n<meta property=\"og:title\" content=\"Val\u0173 gramatikos pratimai\" \/>\n<meta property=\"og:description\" content=\"Val\u0173 kalbos gramatikos temos Naujos kalbos mokymasis gali b\u016bti sud\u0117tingas, ta\u010diau naudingas darbas. Val\u0173 kalba, kelt\u0173 kalba, kuria daugiausia kalbama\" \/>\n<meta property=\"og:url\" content=\"https:\/\/talkpal.ai\/lt\/valu-gramatikos-pratimai\/\" \/>\n<meta property=\"og:site_name\" content=\"Talkpal\" \/>\n<meta property=\"article:publisher\" content=\"https:\/\/www.facebook.com\/profile.php?id=100090733639311\" \/>\n<meta property=\"article:modified_time\" content=\"2025-12-17T15:00:15+00:00\" \/>\n<meta property=\"og:image\" content=\"https:\/\/talkpal.ai\/wp-content\/uploads\/2023\/05\/Wales.png\" \/>\n\t<meta property=\"og:image:width\" content=\"512\" \/>\n\t<meta property=\"og:image:height\" content=\"512\" \/>\n\t<meta property=\"og:image:type\" content=\"image\/png\" \/>\n<meta name=\"twitter:card\" content=\"summary_large_image\" \/>\n<meta name=\"twitter:site\" content=\"@talkpalai\" \/>\n<meta name=\"twitter:label1\" content=\"Est. reading time\" \/>\n\t<meta name=\"twitter:data1\" content=\"2 minut\u0117s\" \/>\n<script type=\"application\/ld+json\" class=\"yoast-schema-graph\">{\"@context\":\"https:\/\/schema.org\",\"@graph\":[{\"@type\":\"WebPage\",\"@id\":\"https:\/\/talkpal.ai\/lt\/valu-gramatikos-pratimai\/\",\"url\":\"https:\/\/talkpal.ai\/lt\/valu-gramatikos-pratimai\/\",\"name\":\"Val\u0173 gramatikos pratimai - Talkpal\",\"isPartOf\":{\"@id\":\"https:\/\/talkpal.ai\/lt\/#website\"},\"primaryImageOfPage\":{\"@id\":\"https:\/\/talkpal.ai\/lt\/valu-gramatikos-pratimai\/#primaryimage\"},\"image\":{\"@id\":\"https:\/\/talkpal.ai\/lt\/valu-gramatikos-pratimai\/#primaryimage\"},\"thumbnailUrl\":\"https:\/\/talkpal.ai\/wp-content\/uploads\/2023\/05\/Wales.png\",\"datePublished\":\"2023-07-05T11:13:09+00:00\",\"dateModified\":\"2025-12-17T15:00:15+00:00\",\"description\":\"\u012evaldykite pagrindus su velsie\u010di\u0173 kalbos gramatikos pratimais, skirtais sistemingai ir veiksmingai tobulinti kalbos \u012fg\u016bd\u017eius.\",\"breadcrumb\":{\"@id\":\"https:\/\/talkpal.ai\/lt\/valu-gramatikos-pratimai\/#breadcrumb\"},\"inLanguage\":\"lt-LT\",\"potentialAction\":[{\"@type\":\"ReadAction\",\"target\":[\"https:\/\/talkpal.ai\/lt\/valu-gramatikos-pratimai\/\"]}]},{\"@type\":\"ImageObject\",\"inLanguage\":\"lt-LT\",\"@id\":\"https:\/\/talkpal.ai\/lt\/valu-gramatikos-pratimai\/#primaryimage\",\"url\":\"https:\/\/talkpal.ai\/wp-content\/uploads\/2023\/05\/Wales.png\",\"contentUrl\":\"https:\/\/talkpal.ai\/wp-content\/uploads\/2023\/05\/Wales.png\",\"width\":512,\"height\":512},{\"@type\":\"BreadcrumbList\",\"@id\":\"https:\/\/talkpal.ai\/lt\/valu-gramatikos-pratimai\/#breadcrumb\",\"itemListElement\":[{\"@type\":\"ListItem\",\"position\":1,\"name\":\"Homepage\",\"item\":\"https:\/\/talkpal.ai\/lt\/\"},{\"@type\":\"ListItem\",\"position\":2,\"name\":\"Val\u0173 gramatikos pratimai\"}]},{\"@type\":\"WebSite\",\"@id\":\"https:\/\/talkpal.ai\/lt\/#website\",\"url\":\"https:\/\/talkpal.ai\/lt\/\",\"name\":\"Talkpal\",\"description\":\"AI Language Learning\",\"publisher\":{\"@id\":\"https:\/\/talkpal.ai\/lt\/#organization\"},\"alternateName\":\"Talkpal AI\",\"potentialAction\":[{\"@type\":\"SearchAction\",\"target\":{\"@type\":\"EntryPoint\",\"urlTemplate\":\"https:\/\/talkpal.ai\/lt\/?s={search_term_string}\"},\"query-input\":{\"@type\":\"PropertyValueSpecification\",\"valueRequired\":true,\"valueName\":\"search_term_string\"}}],\"inLanguage\":\"lt-LT\"},{\"@type\":\"Organization\",\"@id\":\"https:\/\/talkpal.ai\/lt\/#organization\",\"name\":\"Talkpal, Inc.\",\"alternateName\":\"Talkpal AI\",\"url\":\"https:\/\/talkpal.ai\/lt\/\",\"logo\":{\"@type\":\"ImageObject\",\"inLanguage\":\"lt-LT\",\"@id\":\"https:\/\/talkpal.ai\/lt\/#\/schema\/logo\/image\/\",\"url\":\"https:\/\/talkpal.ai\/wp-content\/uploads\/2024\/03\/Talkpal-Logo-Icon.png\",\"contentUrl\":\"https:\/\/talkpal.ai\/wp-content\/uploads\/2024\/03\/Talkpal-Logo-Icon.png\",\"width\":2880,\"height\":2880,\"caption\":\"Talkpal, Inc.\"},\"image\":{\"@id\":\"https:\/\/talkpal.ai\/lt\/#\/schema\/logo\/image\/\"},\"sameAs\":[\"https:\/\/www.facebook.com\/profile.php?id=100090733639311\",\"https:\/\/x.com\/talkpalai\",\"https:\/\/www.linkedin.com\/company\/talkpal\/\",\"https:\/\/www.youtube.com\/@TalkPal\/\",\"https:\/\/www.tiktok.com\/@talkpal\",\"https:\/\/www.instagram.com\/talkpal_ai\/\",\"https:\/\/www.crunchbase.com\/organization\/talkpal-9cde\",\"https:\/\/www.g2.com\/products\/talkpal-for-business\/\",\"https:\/\/www.trustpilot.com\/review\/talkpal.ai\",\"https:\/\/www.capterra.com\/p\/10006800\/TalkPal\/\"],\"description\":\"Talkpal is a language learning web and mobile education app, powered by the latest AI technologies, that provides engaging experiences to its customers in many different languages to help them improve their language skills. Users can chat about unlimited amount of topics with the app and use other modes to practice their language learning.\",\"email\":\"support@talkpal.ai\",\"legalName\":\"Talkpal, Inc.\",\"foundingDate\":\"2023-04-03\",\"duns\":\"118989042\",\"numberOfEmployees\":{\"@type\":\"QuantitativeValue\",\"minValue\":\"11\",\"maxValue\":\"50\"},\"publishingPrinciples\":\"https:\/\/talkpal.ai\/publishing-principles\/\",\"actionableFeedbackPolicy\":\"https:\/\/talkpal.ai\/actionable-feedback-policy\/\",\"correctionsPolicy\":\"https:\/\/talkpal.ai\/corrections-policy\/\",\"ethicsPolicy\":\"https:\/\/talkpal.ai\/ethics-policy\/\",\"diversityPolicy\":\"https:\/\/talkpal.ai\/diversity-policy\/\",\"diversityStaffingReport\":\"https:\/\/talkpal.ai\/diversity-policy\/\"}]}<\/script>\n<!-- \/ Yoast SEO Premium plugin. -->","yoast_head_json":{"title":"Val\u0173 gramatikos pratimai - Talkpal","description":"\u012evaldykite pagrindus su velsie\u010di\u0173 kalbos gramatikos pratimais, skirtais sistemingai ir veiksmingai tobulinti kalbos \u012fg\u016bd\u017eius.","robots":{"index":"index","follow":"follow","max-snippet":"max-snippet:-1","max-image-preview":"max-image-preview:large","max-video-preview":"max-video-preview:-1"},"canonical":"https:\/\/talkpal.ai\/lt\/valu-gramatikos-pratimai\/","og_locale":"lt_LT","og_type":"article","og_title":"Val\u0173 gramatikos pratimai","og_description":"Val\u0173 kalbos gramatikos temos Naujos kalbos mokymasis gali b\u016bti sud\u0117tingas, ta\u010diau naudingas darbas. Val\u0173 kalba, kelt\u0173 kalba, kuria daugiausia kalbama","og_url":"https:\/\/talkpal.ai\/lt\/valu-gramatikos-pratimai\/","og_site_name":"Talkpal","article_publisher":"https:\/\/www.facebook.com\/profile.php?id=100090733639311","article_modified_time":"2025-12-17T15:00:15+00:00","og_image":[{"width":512,"height":512,"url":"https:\/\/talkpal.ai\/wp-content\/uploads\/2023\/05\/Wales.png","type":"image\/png"}],"twitter_card":"summary_large_image","twitter_site":"@talkpalai","twitter_misc":{"Est. reading time":"2 minut\u0117s"},"schema":{"@context":"https:\/\/schema.org","@graph":[{"@type":"WebPage","@id":"https:\/\/talkpal.ai\/lt\/valu-gramatikos-pratimai\/","url":"https:\/\/talkpal.ai\/lt\/valu-gramatikos-pratimai\/","name":"Val\u0173 gramatikos pratimai - Talkpal","isPartOf":{"@id":"https:\/\/talkpal.ai\/lt\/#website"},"primaryImageOfPage":{"@id":"https:\/\/talkpal.ai\/lt\/valu-gramatikos-pratimai\/#primaryimage"},"image":{"@id":"https:\/\/talkpal.ai\/lt\/valu-gramatikos-pratimai\/#primaryimage"},"thumbnailUrl":"https:\/\/talkpal.ai\/wp-content\/uploads\/2023\/05\/Wales.png","datePublished":"2023-07-05T11:13:09+00:00","dateModified":"2025-12-17T15:00:15+00:00","description":"\u012evaldykite pagrindus su velsie\u010di\u0173 kalbos gramatikos pratimais, skirtais sistemingai ir veiksmingai tobulinti kalbos \u012fg\u016bd\u017eius.","breadcrumb":{"@id":"https:\/\/talkpal.ai\/lt\/valu-gramatikos-pratimai\/#breadcrumb"},"inLanguage":"lt-LT","potentialAction":[{"@type":"ReadAction","target":["https:\/\/talkpal.ai\/lt\/valu-gramatikos-pratimai\/"]}]},{"@type":"ImageObject","inLanguage":"lt-LT","@id":"https:\/\/talkpal.ai\/lt\/valu-gramatikos-pratimai\/#primaryimage","url":"https:\/\/talkpal.ai\/wp-content\/uploads\/2023\/05\/Wales.png","contentUrl":"https:\/\/talkpal.ai\/wp-content\/uploads\/2023\/05\/Wales.png","width":512,"height":512},{"@type":"BreadcrumbList","@id":"https:\/\/talkpal.ai\/lt\/valu-gramatikos-pratimai\/#breadcrumb","itemListElement":[{"@type":"ListItem","position":1,"name":"Homepage","item":"https:\/\/talkpal.ai\/lt\/"},{"@type":"ListItem","position":2,"name":"Val\u0173 gramatikos pratimai"}]},{"@type":"WebSite","@id":"https:\/\/talkpal.ai\/lt\/#website","url":"https:\/\/talkpal.ai\/lt\/","name":"Talkpal","description":"AI Language Learning","publisher":{"@id":"https:\/\/talkpal.ai\/lt\/#organization"},"alternateName":"Talkpal AI","potentialAction":[{"@type":"SearchAction","target":{"@type":"EntryPoint","urlTemplate":"https:\/\/talkpal.ai\/lt\/?s={search_term_string}"},"query-input":{"@type":"PropertyValueSpecification","valueRequired":true,"valueName":"search_term_string"}}],"inLanguage":"lt-LT"},{"@type":"Organization","@id":"https:\/\/talkpal.ai\/lt\/#organization","name":"Talkpal, Inc.","alternateName":"Talkpal AI","url":"https:\/\/talkpal.ai\/lt\/","logo":{"@type":"ImageObject","inLanguage":"lt-LT","@id":"https:\/\/talkpal.ai\/lt\/#\/schema\/logo\/image\/","url":"https:\/\/talkpal.ai\/wp-content\/uploads\/2024\/03\/Talkpal-Logo-Icon.png","contentUrl":"https:\/\/talkpal.ai\/wp-content\/uploads\/2024\/03\/Talkpal-Logo-Icon.png","width":2880,"height":2880,"caption":"Talkpal, Inc."},"image":{"@id":"https:\/\/talkpal.ai\/lt\/#\/schema\/logo\/image\/"},"sameAs":["https:\/\/www.facebook.com\/profile.php?id=100090733639311","https:\/\/x.com\/talkpalai","https:\/\/www.linkedin.com\/company\/talkpal\/","https:\/\/www.youtube.com\/@TalkPal\/","https:\/\/www.tiktok.com\/@talkpal","https:\/\/www.instagram.com\/talkpal_ai\/","https:\/\/www.crunchbase.com\/organization\/talkpal-9cde","https:\/\/www.g2.com\/products\/talkpal-for-business\/","https:\/\/www.trustpilot.com\/review\/talkpal.ai","https:\/\/www.capterra.com\/p\/10006800\/TalkPal\/"],"description":"Talkpal is a language learning web and mobile education app, powered by the latest AI technologies, that provides engaging experiences to its customers in many different languages to help them improve their language skills. Users can chat about unlimited amount of topics with the app and use other modes to practice their language learning.","email":"support@talkpal.ai","legalName":"Talkpal, Inc.","foundingDate":"2023-04-03","duns":"118989042","numberOfEmployees":{"@type":"QuantitativeValue","minValue":"11","maxValue":"50"},"publishingPrinciples":"https:\/\/talkpal.ai\/publishing-principles\/","actionableFeedbackPolicy":"https:\/\/talkpal.ai\/actionable-feedback-policy\/","correctionsPolicy":"https:\/\/talkpal.ai\/corrections-policy\/","ethicsPolicy":"https:\/\/talkpal.ai\/ethics-policy\/","diversityPolicy":"https:\/\/talkpal.ai\/diversity-policy\/","diversityStaffingReport":"https:\/\/talkpal.ai\/diversity-policy\/"}]}},"_links":{"self":[{"href":"https:\/\/talkpal.ai\/lt\/wp-json\/wp\/v2\/pages\/154663","targetHints":{"allow":["GET"]}}],"collection":[{"href":"https:\/\/talkpal.ai\/lt\/wp-json\/wp\/v2\/pages"}],"about":[{"href":"https:\/\/talkpal.ai\/lt\/wp-json\/wp\/v2\/types\/page"}],"author":[{"embeddable":true,"href":"https:\/\/talkpal.ai\/lt\/wp-json\/wp\/v2\/users\/6"}],"replies":[{"embeddable":true,"href":"https:\/\/talkpal.ai\/lt\/wp-json\/wp\/v2\/comments?post=154663"}],"version-history":[{"count":0,"href":"https:\/\/talkpal.ai\/lt\/wp-json\/wp\/v2\/pages\/154663\/revisions"}],"wp:featuredmedia":[{"embeddable":true,"href":"https:\/\/talkpal.ai\/lt\/wp-json\/wp\/v2\/media\/121507"}],"wp:attachment":[{"href":"https:\/\/talkpal.ai\/lt\/wp-json\/wp\/v2\/media?parent=154663"}],"curies":[{"name":"wp","href":"https:\/\/api.w.org\/{rel}","templated":true}]}}