{"id":154422,"date":"2023-06-16T11:18:42","date_gmt":"2023-06-16T11:18:42","guid":{"rendered":"http:\/\/talkpal.ai\/afrikanu-kalbos-gramatikos-pratimai\/"},"modified":"2025-05-23T14:06:36","modified_gmt":"2025-05-23T14:06:36","slug":"afrikanu-kalbos-gramatikos-pratimai","status":"publish","type":"page","link":"https:\/\/talkpal.ai\/lt\/afrikanu-kalbos-gramatikos-pratimai\/","title":{"rendered":"Afrikan\u0173 kalbos gramatikos pratimai"},"content":{"rendered":"\r\n\r\n\r\n<section class=\"languageChallengeSection\">\r\n    <div class=\"languageInfoWrapper\">\r\n        \r\n        <h1>Afrikan\u0173 kalbos gramatikos pratimai<\/h1>\r\n        <p>Ar esate pasireng\u0119 tobulinti afrikan\u0173 <a href=\"https:\/\/talkpal.ai\/what-language-is-spoken-on-the-international-space-station\/\">kalbos<\/a> \u012fg\u016bd\u017eius? Gramatikos pratimai &#8211; puikus b\u016bdas \u012fsisavinti sakinio strukt\u016br\u0105, veiksma\u017eod\u017ei\u0173 formas ir unikalias afrikie\u010di\u0173 kalbos ypatybes. Prad\u0117kite mokytis afrikanso gramatikos \u0161iandien ir steb\u0117kite, kaip su kiekvienu pratimu auga j\u016bs\u0173 pasitik\u0117jimas savimi ir skland\u017eiai kalbate!\n\n<\/p>\r\n\r\n                            <a class=\"getStartedHidden\" href=\"https:\/\/app.talkpal.ai\/lt\/signup?lng=\">Prad\u0117k<\/a>\r\n        \r\n    <\/div>\r\n\r\n    <figure>\r\n    <img decoding=\"async\" width=\"768\" height=\"768\" src=\"https:\/\/talkpal.ai\/wp-content\/uploads\/2023\/06\/afrikaans-768x768.png\" class=\"languageImage no-lazy\" alt=\"Language learning for improved focus\" fetchpriority=\"high\" sizes=\"(max-width: 768px) 150px, 768px\" srcset=\"https:\/\/talkpal.ai\/wp-content\/uploads\/2023\/06\/afrikaans-768x768.png 768w, https:\/\/talkpal.ai\/wp-content\/uploads\/2023\/06\/afrikaans-300x300.png 300w\" \/>\r\n    \r\n\r\n    <\/figure>\r\n\r\n            <a class=\"getStartedVisible\" href=\"https:\/\/app.talkpal.ai\/lt\/signup?lng=\">Prad\u0117k<\/a>\r\n    \r\n<\/section>\r\n\r\n\r\n<!-- <section class=\"grammarSection\">\r\n    <div class=\"grammarLinks\">\r\n            <\/div>\r\n<\/section> -->\r\n\r\n\r\n\r\n\r\n<section class=\"promotionalBanner\">\r\n    <p class=\"promotionalText\">Efektyviausias b\u016bdas mokytis kalbos<\/p>\r\n    <a class=\"promotionalLink\" href=\"https:\/\/app.talkpal.ai\/lt\/signup?lng=\">I\u0161bandykite Talkpal &#8221; nemokamai<\/a>\r\n<\/section>\n<div class=\"wp-block-group pageContainerStyle\"><div class=\"wp-block-group__inner-container is-layout-constrained wp-block-group-is-layout-constrained\">\n<h2 class=\"wp-block-heading\" id=\"h-afrikaans-grammar-topics\">Afrikan\u0173 kalbos gramatikos temos<\/h2>\n\n\n\n<p>Afrikan\u0173 kalba, Vakar\u0173 german\u0173 kalba, yra viena i\u0161 vienuolikos oficiali\u0173 Piet\u0173 Afrikos kalb\u0173, kuria kalba ma\u017edaug 6 milijonai \u017emoni\u0173. Afrikan\u0173 <a href=\"https:\/\/talkpal.ai\/lt\/kaip-ismokti-kalba-per-talkpal-chat\/\">kalbos mokymasis<\/a> gali b\u016bti praturtinanti ir naudinga patirtis, nes ja kalbama ne tik Piet\u0173 Afrikoje, bet ir Namibijoje bei ma\u017eesniu mastu Zimbabv\u0117je ir Botsvanoje. Kalb\u0105 gana lengva i\u0161mokti, ypa\u010d anglakalbiams, nes ji turi supaprastint\u0105 gramatik\u0105 ir dalijasi daugybe \u017eod\u017ei\u0173 su <a href=\"https:\/\/talkpal.ai\/learn-english-with-ai\/\">angl\u0173<\/a> ir <a href=\"https:\/\/talkpal.ai\/learn-dutch\/\">oland\u0173<\/a> kalbomis. \u0160iame vadove ap\u017evelgsime pagrindines afrikan\u0173 gramatikos temas, kurias turite \u012fvaldyti, kad gal\u0117tum\u0117te laisvai kalb\u0117ti ir suprasti kalb\u0105.<\/p>\n\n\n\n<h3 class=\"wp-block-heading\" id=\"h-1-nouns-and-articles\">1. Daiktavard\u017eiai ir straipsniai:<\/h3>\n\n\n\n<p>Afrikan\u0173 kalba daiktavard\u017eiai neturi lyties, tod\u0117l lengviau mokytis, palyginti su kitomis german\u0173 kalbomis. Straipsniai taip pat yra paprasti: &#8222;die&#8221; yra baigtinis straipsnis, o &#8222;n&#8221; arba &#8222;een&#8221; &#8211; neapibr\u0117\u017etasis.<\/p>\n\n\n\n<h3 class=\"wp-block-heading\" id=\"h-2-pronouns-determiners\">2. \u012evard\u017eiai\/determinantai:<\/h3>\n\n\n\n<p>\u012evard\u017eiai yra \u017eod\u017eiai, kurie pakei\u010dia daiktavard\u017eius ir padeda i\u0161vengti pasikartojimo sakinyje. Afrikan\u0173 kalba turi asmeninius, valdingus, demonstratyvius ir klausiamuosius \u012fvard\u017eius, kurie yra b\u016btini formuojant sakinius.<\/p>\n\n\n\n<h3 class=\"wp-block-heading\" id=\"h-3-adjectives\">3. B\u016bdvard\u017eiai:<\/h3>\n\n\n\n<p>B\u016bdvard\u017eiai apib\u016bdina arba modifikuoja daiktavard\u017eius. Afrikan\u0173 kalba jie paprastai b\u016bna prie\u0161 daiktavard\u012f ir sutinka su juo. N\u0117ra susitarimo d\u0117l lyties, tod\u0117l mokytis b\u016bt\u0173 papras\u010diau.<\/p>\n\n\n\n<h3 class=\"wp-block-heading\" id=\"h-4-verbs\">4. Veiksma\u017eod\u017eiai:<\/h3>\n\n\n\n<p>Veiksma\u017eod\u017eiai yra veiksmo \u017eod\u017eiai ir yra b\u016btini formuojant sakinius. Afrikan\u0173 kalboje veiksma\u017eod\u017eiai nesiejami su dalyku, tod\u0117l j\u0105 mokytis lengviau nei kitas kalbas. Reguliar\u016bs veiksma\u017eod\u017eiai atitinka paprast\u0105 model\u012f, o netaisyklingi veiksma\u017eod\u017eiai turi b\u016bti \u012fsimenami.<\/p>\n\n\n\n<h3 class=\"wp-block-heading\" id=\"h-5-tenses-and-tense-comparison\">5. Laikai ir \u012ftemptas palyginimas:<\/h3>\n\n\n\n<p>Afrikan\u0173 kalba turi tris pagrindinius laikus: praeit\u012f, dabart\u012f ir ateit\u012f. Norint suprasti ir kalb\u0117ti kalba, labai svarbu i\u0161mokti formuoti ir palyginti \u0161iuos laikus.<\/p>\n\n\n\n<h3 class=\"wp-block-heading\" id=\"h-6-progressive-and-perfect-progressive\">6. Progresyvus ir tobulas progresyvus:<\/h3>\n\n\n\n<p>Progresyvi \u012ftampa naudojama vykdomiems veiksmams apib\u016bdinti, o tobulas progresyvus rodo veiksmus, kurie buvo atlikti. \u0160i\u0173 laik\u0173 <a href=\"https:\/\/talkpal.ai\/lt\/mokymasis\/\">mokymasis<\/a> padeda ai\u0161kiai i\u0161reik\u0161ti veiksmus.<\/p>\n\n\n\n<h3 class=\"wp-block-heading\" id=\"h-7-adverbs\">7. Prieveiksmiai:<\/h3>\n\n\n\n<p>Prieveiksmiai modifikuoja veiksma\u017eod\u017eius, b\u016bdvard\u017eius ar kitus prieveiksmius, suteikdami daugiau informacijos apie veiksm\u0105, kokyb\u0119 ar b\u016bd\u0105. Jie yra svarb\u016bs norint prid\u0117ti detali\u0173 prie j\u016bs\u0173 sakini\u0173.<\/p>\n\n\n\n<h3 class=\"wp-block-heading\" id=\"h-8-prepositions\">8. Prielinksniai:<\/h3>\n\n\n\n<p>Prielinksniai yra \u017eod\u017eiai, rodantys ry\u0161\u012f tarp daiktavard\u017ei\u0173 ar \u012fvard\u017ei\u0173 ir kit\u0173 sakinio \u017eod\u017ei\u0173. Jie yra labai svarb\u016bs i\u0161rei\u0161kiant viet\u0105, krypt\u012f, laik\u0105 ir kitus santykius.<\/p>\n\n\n\n<h3 class=\"wp-block-heading\" id=\"h-9-conditionals\">9. S\u0105lygos:<\/h3>\n\n\n\n<p>Lygtiniai sakiniai i\u0161rei\u0161kia veiksm\u0105 ar b\u016bsen\u0105, kuri priklauso nuo \u012fvykdytos s\u0105lygos. Mokymosi s\u0105lygos padeda i\u0161reik\u0161ti hipotetines situacijas ir pasekmes.<\/p>\n\n\n\n<h3 class=\"wp-block-heading\" id=\"h-10-sentences\">10. Sakiniai:<\/h3>\n\n\n\n<p>Afrikan\u0173 sakini\u0173 strukt\u016bros supratimas yra labai svarbus formuojant savo sakinius ir suvokiant, k\u0105 sako kiti. \u017dinodami, kaip naudoti visus auk\u0161\u010diau pamin\u0117tus gramatikos komponentus, gal\u0117site sukurti ai\u0161kius ir nuoseklius sakinius.<\/p>\n<\/div><\/div>\n\r\n<section class=\"learnNavigationSection\">\r\n            \r\n        <a href=\"https:\/\/talkpal.ai\/lt\/pazink-afrikanu-kalba\/\">\r\n            <div class=\"learnNavigationWrapper\">\r\n                <div class=\"learnNavigationContent\">\r\n                    <img decoding=\"async\" src=\"https:\/\/talkpal.ai\/wp-content\/uploads\/2024\/08\/Afrikaans.jpg\" alt=\"South Africa Flag\">\r\n                    <div>\r\n                        <h4>Apie afrikie\u010di\u0173 kalbos mokym\u0105si<\/h4>\r\n                        <p>Su\u017einokite visk\u0105 apie afrikan\u0173 kalbos gramatik\u0105.<\/p>\r\n                    <\/div>\r\n                <\/div>\r\n            <\/div>\r\n        <\/a>\r\n\r\n        \r\n        <a href=\"https:\/\/talkpal.ai\/lt\/afrikanu-kalbos-gramatika\/\">\r\n            <div class=\"learnNavigationWrapper\">\r\n                <div class=\"learnNavigationContent\">\r\n                    <img decoding=\"async\" src=\"https:\/\/talkpal.ai\/wp-content\/uploads\/2024\/08\/Afrikaans.jpg\" alt=\"South Africa Flag\">\r\n                    <div>\r\n                        <h4>Afrikan\u0173 kalbos gramatikos pamokos<\/h4>\r\n                        <p>Praktikuokite afrikan\u0173 kalbos gramatik\u0105.<\/p>\r\n                    <\/div>\r\n                <\/div>\r\n            <\/div>\r\n        <\/a>\r\n\r\n        \r\n        <a href=\"https:\/\/talkpal.ai\/vocabulary_language\/afrikaans\/\">\r\n            <div class=\"learnNavigationWrapper\">\r\n                <div class=\"learnNavigationContent\">\r\n                    <img decoding=\"async\" src=\"https:\/\/talkpal.ai\/wp-content\/uploads\/2024\/08\/Afrikaans.jpg\" alt=\"South Africa Flag\">\r\n                    <div>\r\n                        <h4>Afrikan\u0173 kalbos \u017eodynas<\/h4>\r\n                        <p>Prapl\u0117skite savo afrikie\u010di\u0173 kalbos \u017eodyn\u0105.<\/p>\r\n                    <\/div>\r\n                <\/div>\r\n            <\/div>\r\n        <\/a>\r\n\r\n            <\/section>","protected":false},"excerpt":{"rendered":"<p>Afrikan\u0173 kalbos gramatikos temos Afrikan\u0173 kalba, Vakar\u0173 german\u0173 kalba, yra viena i\u0161 vienuolikos oficiali\u0173 Piet\u0173 Afrikos kalb\u0173, kuria kalba ma\u017edaug 6 milijonai \u017emoni\u0173. Afrikan\u0173 kalbos mokymasis gali b\u016bti praturtinanti ir naudinga patirtis, nes ja kalbama ne tik Piet\u0173 Afrikoje, bet ir Namibijoje bei ma\u017eesniu mastu Zimbabv\u0117je ir Botsvanoje. Kalb\u0105 gana lengva i\u0161mokti, ypa\u010d anglakalbiams, nes [&hellip;]<\/p>\n","protected":false},"author":6,"featured_media":108871,"parent":0,"menu_order":0,"comment_status":"closed","ping_status":"closed","template":"LearningContentPage.php","meta":{"_acf_changed":false,"footnotes":""},"class_list":["post-154422","page","type-page","status-publish","has-post-thumbnail","hentry"],"acf":[],"yoast_head":"<!-- This site is optimized with the Yoast SEO Premium plugin v27.2 (Yoast SEO v27.2) - https:\/\/yoast.com\/product\/yoast-seo-premium-wordpress\/ -->\n<title>Afrikan\u0173 kalbos gramatikos pratimai - Talkpal<\/title>\n<meta name=\"description\" content=\"\u012evaldykite afrikan\u0173 kalb\u0105 su \u012fdomiais afrikan\u0173 kalbos gramatikos pratimais, skirtais kalbos \u012fg\u016bd\u017eiams tobulinti ir skland\u017eiai d\u0117styti.\" \/>\n<meta name=\"robots\" content=\"index, follow, max-snippet:-1, max-image-preview:large, max-video-preview:-1\" \/>\n<link rel=\"canonical\" href=\"https:\/\/talkpal.ai\/lt\/afrikanu-kalbos-gramatikos-pratimai\/\" \/>\n<meta property=\"og:locale\" content=\"lt_LT\" \/>\n<meta property=\"og:type\" content=\"article\" \/>\n<meta property=\"og:title\" content=\"Afrikan\u0173 kalbos gramatikos pratimai\" \/>\n<meta property=\"og:description\" content=\"Afrikan\u0173 kalbos gramatikos temos Afrikan\u0173 kalba, Vakar\u0173 german\u0173 kalba, yra viena i\u0161 vienuolikos oficiali\u0173 Piet\u0173 Afrikos kalb\u0173, kuria kalba ma\u017edaug 6\" \/>\n<meta property=\"og:url\" content=\"https:\/\/talkpal.ai\/lt\/afrikanu-kalbos-gramatikos-pratimai\/\" \/>\n<meta property=\"og:site_name\" content=\"Talkpal\" \/>\n<meta property=\"article:publisher\" content=\"https:\/\/www.facebook.com\/profile.php?id=100090733639311\" \/>\n<meta property=\"article:modified_time\" content=\"2025-05-23T14:06:36+00:00\" \/>\n<meta property=\"og:image\" content=\"https:\/\/talkpal.ai\/wp-content\/uploads\/2023\/05\/south-africa.png\" \/>\n\t<meta property=\"og:image:width\" content=\"512\" \/>\n\t<meta property=\"og:image:height\" content=\"512\" \/>\n\t<meta property=\"og:image:type\" content=\"image\/png\" \/>\n<meta name=\"twitter:card\" content=\"summary_large_image\" \/>\n<meta name=\"twitter:site\" content=\"@talkpalai\" \/>\n<meta name=\"twitter:label1\" content=\"Est. reading time\" \/>\n\t<meta name=\"twitter:data1\" content=\"2 minut\u0117s\" \/>\n<script type=\"application\/ld+json\" class=\"yoast-schema-graph\">{\"@context\":\"https:\/\/schema.org\",\"@graph\":[{\"@type\":\"WebPage\",\"@id\":\"https:\/\/talkpal.ai\/lt\/afrikanu-kalbos-gramatikos-pratimai\/\",\"url\":\"https:\/\/talkpal.ai\/lt\/afrikanu-kalbos-gramatikos-pratimai\/\",\"name\":\"Afrikan\u0173 kalbos gramatikos pratimai - Talkpal\",\"isPartOf\":{\"@id\":\"https:\/\/talkpal.ai\/lt\/#website\"},\"primaryImageOfPage\":{\"@id\":\"https:\/\/talkpal.ai\/lt\/afrikanu-kalbos-gramatikos-pratimai\/#primaryimage\"},\"image\":{\"@id\":\"https:\/\/talkpal.ai\/lt\/afrikanu-kalbos-gramatikos-pratimai\/#primaryimage\"},\"thumbnailUrl\":\"https:\/\/talkpal.ai\/wp-content\/uploads\/2023\/05\/south-africa.png\",\"datePublished\":\"2023-06-16T11:18:42+00:00\",\"dateModified\":\"2025-05-23T14:06:36+00:00\",\"description\":\"\u012evaldykite afrikan\u0173 kalb\u0105 su \u012fdomiais afrikan\u0173 kalbos gramatikos pratimais, skirtais kalbos \u012fg\u016bd\u017eiams tobulinti ir skland\u017eiai d\u0117styti.\",\"breadcrumb\":{\"@id\":\"https:\/\/talkpal.ai\/lt\/afrikanu-kalbos-gramatikos-pratimai\/#breadcrumb\"},\"inLanguage\":\"lt-LT\",\"potentialAction\":[{\"@type\":\"ReadAction\",\"target\":[\"https:\/\/talkpal.ai\/lt\/afrikanu-kalbos-gramatikos-pratimai\/\"]}]},{\"@type\":\"ImageObject\",\"inLanguage\":\"lt-LT\",\"@id\":\"https:\/\/talkpal.ai\/lt\/afrikanu-kalbos-gramatikos-pratimai\/#primaryimage\",\"url\":\"https:\/\/talkpal.ai\/wp-content\/uploads\/2023\/05\/south-africa.png\",\"contentUrl\":\"https:\/\/talkpal.ai\/wp-content\/uploads\/2023\/05\/south-africa.png\",\"width\":512,\"height\":512},{\"@type\":\"BreadcrumbList\",\"@id\":\"https:\/\/talkpal.ai\/lt\/afrikanu-kalbos-gramatikos-pratimai\/#breadcrumb\",\"itemListElement\":[{\"@type\":\"ListItem\",\"position\":1,\"name\":\"Homepage\",\"item\":\"https:\/\/talkpal.ai\/lt\/\"},{\"@type\":\"ListItem\",\"position\":2,\"name\":\"Afrikan\u0173 kalbos gramatikos pratimai\"}]},{\"@type\":\"WebSite\",\"@id\":\"https:\/\/talkpal.ai\/lt\/#website\",\"url\":\"https:\/\/talkpal.ai\/lt\/\",\"name\":\"Talkpal\",\"description\":\"AI Language Learning\",\"publisher\":{\"@id\":\"https:\/\/talkpal.ai\/lt\/#organization\"},\"alternateName\":\"Talkpal AI\",\"potentialAction\":[{\"@type\":\"SearchAction\",\"target\":{\"@type\":\"EntryPoint\",\"urlTemplate\":\"https:\/\/talkpal.ai\/lt\/?s={search_term_string}\"},\"query-input\":{\"@type\":\"PropertyValueSpecification\",\"valueRequired\":true,\"valueName\":\"search_term_string\"}}],\"inLanguage\":\"lt-LT\"},{\"@type\":\"Organization\",\"@id\":\"https:\/\/talkpal.ai\/lt\/#organization\",\"name\":\"Talkpal, Inc.\",\"alternateName\":\"Talkpal AI\",\"url\":\"https:\/\/talkpal.ai\/lt\/\",\"logo\":{\"@type\":\"ImageObject\",\"inLanguage\":\"lt-LT\",\"@id\":\"https:\/\/talkpal.ai\/lt\/#\/schema\/logo\/image\/\",\"url\":\"https:\/\/talkpal.ai\/wp-content\/uploads\/2024\/03\/Talkpal-Logo-Icon.png\",\"contentUrl\":\"https:\/\/talkpal.ai\/wp-content\/uploads\/2024\/03\/Talkpal-Logo-Icon.png\",\"width\":2880,\"height\":2880,\"caption\":\"Talkpal, Inc.\"},\"image\":{\"@id\":\"https:\/\/talkpal.ai\/lt\/#\/schema\/logo\/image\/\"},\"sameAs\":[\"https:\/\/www.facebook.com\/profile.php?id=100090733639311\",\"https:\/\/x.com\/talkpalai\",\"https:\/\/www.linkedin.com\/company\/talkpal\/\",\"https:\/\/www.youtube.com\/@TalkPal\/\",\"https:\/\/www.tiktok.com\/@talkpal\",\"https:\/\/www.instagram.com\/talkpal_ai\/\",\"https:\/\/www.crunchbase.com\/organization\/talkpal-9cde\",\"https:\/\/www.g2.com\/products\/talkpal-for-business\/\",\"https:\/\/www.trustpilot.com\/review\/talkpal.ai\",\"https:\/\/www.capterra.com\/p\/10006800\/TalkPal\/\"],\"description\":\"Talkpal is a language learning web and mobile education app, powered by the latest AI technologies, that provides engaging experiences to its customers in many different languages to help them improve their language skills. Users can chat about unlimited amount of topics with the app and use other modes to practice their language learning.\",\"email\":\"support@talkpal.ai\",\"legalName\":\"Talkpal, Inc.\",\"foundingDate\":\"2023-04-03\",\"duns\":\"118989042\",\"numberOfEmployees\":{\"@type\":\"QuantitativeValue\",\"minValue\":\"11\",\"maxValue\":\"50\"},\"publishingPrinciples\":\"https:\/\/talkpal.ai\/publishing-principles\/\",\"actionableFeedbackPolicy\":\"https:\/\/talkpal.ai\/actionable-feedback-policy\/\",\"correctionsPolicy\":\"https:\/\/talkpal.ai\/corrections-policy\/\",\"ethicsPolicy\":\"https:\/\/talkpal.ai\/ethics-policy\/\",\"diversityPolicy\":\"https:\/\/talkpal.ai\/diversity-policy\/\",\"diversityStaffingReport\":\"https:\/\/talkpal.ai\/diversity-policy\/\"}]}<\/script>\n<!-- \/ Yoast SEO Premium plugin. -->","yoast_head_json":{"title":"Afrikan\u0173 kalbos gramatikos pratimai - Talkpal","description":"\u012evaldykite afrikan\u0173 kalb\u0105 su \u012fdomiais afrikan\u0173 kalbos gramatikos pratimais, skirtais kalbos \u012fg\u016bd\u017eiams tobulinti ir skland\u017eiai d\u0117styti.","robots":{"index":"index","follow":"follow","max-snippet":"max-snippet:-1","max-image-preview":"max-image-preview:large","max-video-preview":"max-video-preview:-1"},"canonical":"https:\/\/talkpal.ai\/lt\/afrikanu-kalbos-gramatikos-pratimai\/","og_locale":"lt_LT","og_type":"article","og_title":"Afrikan\u0173 kalbos gramatikos pratimai","og_description":"Afrikan\u0173 kalbos gramatikos temos Afrikan\u0173 kalba, Vakar\u0173 german\u0173 kalba, yra viena i\u0161 vienuolikos oficiali\u0173 Piet\u0173 Afrikos kalb\u0173, kuria kalba ma\u017edaug 6","og_url":"https:\/\/talkpal.ai\/lt\/afrikanu-kalbos-gramatikos-pratimai\/","og_site_name":"Talkpal","article_publisher":"https:\/\/www.facebook.com\/profile.php?id=100090733639311","article_modified_time":"2025-05-23T14:06:36+00:00","og_image":[{"width":512,"height":512,"url":"https:\/\/talkpal.ai\/wp-content\/uploads\/2023\/05\/south-africa.png","type":"image\/png"}],"twitter_card":"summary_large_image","twitter_site":"@talkpalai","twitter_misc":{"Est. reading time":"2 minut\u0117s"},"schema":{"@context":"https:\/\/schema.org","@graph":[{"@type":"WebPage","@id":"https:\/\/talkpal.ai\/lt\/afrikanu-kalbos-gramatikos-pratimai\/","url":"https:\/\/talkpal.ai\/lt\/afrikanu-kalbos-gramatikos-pratimai\/","name":"Afrikan\u0173 kalbos gramatikos pratimai - Talkpal","isPartOf":{"@id":"https:\/\/talkpal.ai\/lt\/#website"},"primaryImageOfPage":{"@id":"https:\/\/talkpal.ai\/lt\/afrikanu-kalbos-gramatikos-pratimai\/#primaryimage"},"image":{"@id":"https:\/\/talkpal.ai\/lt\/afrikanu-kalbos-gramatikos-pratimai\/#primaryimage"},"thumbnailUrl":"https:\/\/talkpal.ai\/wp-content\/uploads\/2023\/05\/south-africa.png","datePublished":"2023-06-16T11:18:42+00:00","dateModified":"2025-05-23T14:06:36+00:00","description":"\u012evaldykite afrikan\u0173 kalb\u0105 su \u012fdomiais afrikan\u0173 kalbos gramatikos pratimais, skirtais kalbos \u012fg\u016bd\u017eiams tobulinti ir skland\u017eiai d\u0117styti.","breadcrumb":{"@id":"https:\/\/talkpal.ai\/lt\/afrikanu-kalbos-gramatikos-pratimai\/#breadcrumb"},"inLanguage":"lt-LT","potentialAction":[{"@type":"ReadAction","target":["https:\/\/talkpal.ai\/lt\/afrikanu-kalbos-gramatikos-pratimai\/"]}]},{"@type":"ImageObject","inLanguage":"lt-LT","@id":"https:\/\/talkpal.ai\/lt\/afrikanu-kalbos-gramatikos-pratimai\/#primaryimage","url":"https:\/\/talkpal.ai\/wp-content\/uploads\/2023\/05\/south-africa.png","contentUrl":"https:\/\/talkpal.ai\/wp-content\/uploads\/2023\/05\/south-africa.png","width":512,"height":512},{"@type":"BreadcrumbList","@id":"https:\/\/talkpal.ai\/lt\/afrikanu-kalbos-gramatikos-pratimai\/#breadcrumb","itemListElement":[{"@type":"ListItem","position":1,"name":"Homepage","item":"https:\/\/talkpal.ai\/lt\/"},{"@type":"ListItem","position":2,"name":"Afrikan\u0173 kalbos gramatikos pratimai"}]},{"@type":"WebSite","@id":"https:\/\/talkpal.ai\/lt\/#website","url":"https:\/\/talkpal.ai\/lt\/","name":"Talkpal","description":"AI Language Learning","publisher":{"@id":"https:\/\/talkpal.ai\/lt\/#organization"},"alternateName":"Talkpal AI","potentialAction":[{"@type":"SearchAction","target":{"@type":"EntryPoint","urlTemplate":"https:\/\/talkpal.ai\/lt\/?s={search_term_string}"},"query-input":{"@type":"PropertyValueSpecification","valueRequired":true,"valueName":"search_term_string"}}],"inLanguage":"lt-LT"},{"@type":"Organization","@id":"https:\/\/talkpal.ai\/lt\/#organization","name":"Talkpal, Inc.","alternateName":"Talkpal AI","url":"https:\/\/talkpal.ai\/lt\/","logo":{"@type":"ImageObject","inLanguage":"lt-LT","@id":"https:\/\/talkpal.ai\/lt\/#\/schema\/logo\/image\/","url":"https:\/\/talkpal.ai\/wp-content\/uploads\/2024\/03\/Talkpal-Logo-Icon.png","contentUrl":"https:\/\/talkpal.ai\/wp-content\/uploads\/2024\/03\/Talkpal-Logo-Icon.png","width":2880,"height":2880,"caption":"Talkpal, Inc."},"image":{"@id":"https:\/\/talkpal.ai\/lt\/#\/schema\/logo\/image\/"},"sameAs":["https:\/\/www.facebook.com\/profile.php?id=100090733639311","https:\/\/x.com\/talkpalai","https:\/\/www.linkedin.com\/company\/talkpal\/","https:\/\/www.youtube.com\/@TalkPal\/","https:\/\/www.tiktok.com\/@talkpal","https:\/\/www.instagram.com\/talkpal_ai\/","https:\/\/www.crunchbase.com\/organization\/talkpal-9cde","https:\/\/www.g2.com\/products\/talkpal-for-business\/","https:\/\/www.trustpilot.com\/review\/talkpal.ai","https:\/\/www.capterra.com\/p\/10006800\/TalkPal\/"],"description":"Talkpal is a language learning web and mobile education app, powered by the latest AI technologies, that provides engaging experiences to its customers in many different languages to help them improve their language skills. Users can chat about unlimited amount of topics with the app and use other modes to practice their language learning.","email":"support@talkpal.ai","legalName":"Talkpal, Inc.","foundingDate":"2023-04-03","duns":"118989042","numberOfEmployees":{"@type":"QuantitativeValue","minValue":"11","maxValue":"50"},"publishingPrinciples":"https:\/\/talkpal.ai\/publishing-principles\/","actionableFeedbackPolicy":"https:\/\/talkpal.ai\/actionable-feedback-policy\/","correctionsPolicy":"https:\/\/talkpal.ai\/corrections-policy\/","ethicsPolicy":"https:\/\/talkpal.ai\/ethics-policy\/","diversityPolicy":"https:\/\/talkpal.ai\/diversity-policy\/","diversityStaffingReport":"https:\/\/talkpal.ai\/diversity-policy\/"}]}},"_links":{"self":[{"href":"https:\/\/talkpal.ai\/lt\/wp-json\/wp\/v2\/pages\/154422","targetHints":{"allow":["GET"]}}],"collection":[{"href":"https:\/\/talkpal.ai\/lt\/wp-json\/wp\/v2\/pages"}],"about":[{"href":"https:\/\/talkpal.ai\/lt\/wp-json\/wp\/v2\/types\/page"}],"author":[{"embeddable":true,"href":"https:\/\/talkpal.ai\/lt\/wp-json\/wp\/v2\/users\/6"}],"replies":[{"embeddable":true,"href":"https:\/\/talkpal.ai\/lt\/wp-json\/wp\/v2\/comments?post=154422"}],"version-history":[{"count":0,"href":"https:\/\/talkpal.ai\/lt\/wp-json\/wp\/v2\/pages\/154422\/revisions"}],"wp:featuredmedia":[{"embeddable":true,"href":"https:\/\/talkpal.ai\/lt\/wp-json\/wp\/v2\/media\/108871"}],"wp:attachment":[{"href":"https:\/\/talkpal.ai\/lt\/wp-json\/wp\/v2\/media?parent=154422"}],"curies":[{"name":"wp","href":"https:\/\/api.w.org\/{rel}","templated":true}]}}