{"id":153922,"date":"2023-05-14T14:25:05","date_gmt":"2023-05-14T14:25:05","guid":{"rendered":"http:\/\/talkpal.ai\/svahiliu-gramatika\/"},"modified":"2025-12-13T15:51:24","modified_gmt":"2025-12-13T15:51:24","slug":"svahiliu-gramatika","status":"publish","type":"page","link":"https:\/\/talkpal.ai\/lt\/svahiliu-gramatika\/","title":{"rendered":"Svahili\u0173 gramatika"},"content":{"rendered":"\r\n\r\n\r\n<section class=\"languageChallengeSection\">\r\n    <div class=\"languageInfoWrapper\">\r\n        \r\n        <h1>Svahili\u0173 gramatika<\/h1>\r\n        <p>Atskleiskite suahili\u0173 gramatikos paslaptis ir patobulinkite savo <a href=\"https:\/\/talkpal.ai\/what-language-is-spoken-on-the-international-space-station\/\">kalbos<\/a> \u012fg\u016bd\u017eius, naudodamiesi \u012fdomiomis pamokomis ir realaus gyvenimo pavyzd\u017eiais. Gilinkit\u0117s \u012f sakinio strukt\u016bros pagrindus, veiksma\u017eod\u017ei\u0173 modelius ir pagrindines gramatikos taisykles. Prakti\u0161kai i\u0161bandykite <a href=\"https:\/\/talkpal.ai\/learn-thai\/\">tai<\/a>, k\u0105 su\u017einojote, atlikdami interaktyvius pratimus, skirtus supratimui \u012ftvirtinti. Prad\u0117kite mokytis svahili\u0173 gramatikos \u0161iandien ir bendraukite dr\u0105siau!<\/p>\r\n\r\n                            <a class=\"getStartedHidden\" href=\"https:\/\/app.talkpal.ai\/lt\/signup?lng=\">Prad\u0117k<\/a>\r\n        \r\n    <\/div>\r\n\r\n    <figure>\r\n    <img decoding=\"async\" width=\"768\" height=\"768\" src=\"https:\/\/talkpal.ai\/wp-content\/uploads\/2023\/06\/Swahili-768x768.png\" class=\"languageImage no-lazy\" alt=\"Secrets to master language learning\" fetchpriority=\"high\" sizes=\"(max-width: 768px) 150px, 768px\" srcset=\"https:\/\/talkpal.ai\/wp-content\/uploads\/2023\/06\/Swahili-768x768.png 768w, https:\/\/talkpal.ai\/wp-content\/uploads\/2023\/06\/Swahili-300x300.png 300w\" \/>\r\n    \r\n\r\n    <\/figure>\r\n\r\n            <a class=\"getStartedVisible\" href=\"https:\/\/app.talkpal.ai\/lt\/signup?lng=\">Prad\u0117k<\/a>\r\n    \r\n<\/section>\r\n<section class=\"promotionalBanner\">\r\n    <p class=\"promotionalText\">Efektyviausias b\u016bdas mokytis kalbos<\/p>\r\n    <a class=\"promotionalLink\" href=\"https:\/\/app.talkpal.ai\/lt\/signup?lng=\">I\u0161bandykite Talkpal &#8221; nemokamai<\/a>\r\n<\/section>\n<div class=\"wp-block-group pageContainerStyle\"><div class=\"wp-block-group__inner-container is-layout-constrained wp-block-group-is-layout-constrained\">\n<h2 class=\"wp-block-heading\" id=\"h-swahili-grammar-demystifying-the-linguistic-adventure\">Svahili\u0173 gramatika: lingvistinio nuotykio demistifikavimas<\/h2>\n\n\n\n<p>Svahili\u0173 kalbos <a href=\"https:\/\/talkpal.ai\/sq\/gramatika\/\">gramatika<\/a> &#8211; viliojanti, bet paslaptinga, sklandi, bet intriguojanti, gyvybinga, bet \u017eavinga. Leisdamiesi \u012f savo kalbin\u0119 kelion\u0119 \u012f svahili\u0173 kalb\u0105, galite susidurti su susi\u017eav\u0117jimo ir netikrumo mi\u0161iniu. Nesijaudinkite, kolegos kalbos fanatikai! Mes esame \u010dia, kad pad\u0117tume jums nar\u0161yti \u0161iuose \u012fdomiuose kalbiniuose vandenyse!<\/p>\n\n\n\n<p>\u0160iame straipsnyje pateiksime i\u0161sami\u0105 svahili\u0173 gramatikos ap\u017evalg\u0105, i\u0161nagrin\u0117sime pagrindinius komponentus, pateiksime paai\u0161kinimus ir pavyzd\u017eius bei supaprastinsime subtilybes. Taigi atskleiskime <a href=\"https:\/\/talkpal.ai\/learn-swahili\/\">svahili<\/a> kalbos magij\u0105 ir \u012fminkime jos gramatikos paslaptis!<\/p>\n\n\n\n<h3 class=\"wp-block-heading\" id=\"h-1-noun-classes-from-people-to-abstract-ideas\">1. Daiktavard\u017ei\u0173 klas\u0117s: nuo \u017emoni\u0173 iki abstrak\u010di\u0173 id\u0117j\u0173<\/h3>\n\n\n\n<p>Svahili\u0173 gramatika sukasi apie savit\u0105, ta\u010diau esmin\u0119 daiktavard\u017ei\u0173 klasifikavimo sistem\u0105. Daiktavard\u017eiai yra suskirstyti \u012f skirtingas klases pagal j\u0173 reik\u0161m\u0119 ar savybes, ir kiekviena klas\u0117 turi tam tikr\u0105 prefiks\u0105. Nors tai gali atrodyti bauginanti, tai labai svarbu formuojant susitarim\u0105 tarp daiktavard\u017ei\u0173, b\u016bdvard\u017ei\u0173 ir veiksma\u017eod\u017ei\u0173.<\/p>\n\n\n\n<p>Nor\u0117dami supaprastinti \u0161\u012f proces\u0105, prad\u0117kite sutelkti d\u0117mes\u012f \u012f labiausiai paplitusias daiktavard\u017ei\u0173 klases:<\/p>\n\n\n\n<p><strong>&#8211; 1 klas\u0117: \u017dmon\u0117s (pvz., mtu &#8211; asmuo)<\/strong><\/p>\n\n\n\n<p><strong>&#8211; 2 klas\u0117: 1 klas\u0117s daiktavard\u017ei\u0173 daugiskaita (pvz., watu &#8211; \u017emon\u0117s)<\/strong><\/p>\n\n\n\n<p><strong>&#8211; 3 klas\u0117: Med\u017eiai, augalai ir abstrakt\u016bs daiktavard\u017eiai (pvz., mti &#8211; medis)<\/strong><\/p>\n\n\n\n<p><strong>&#8211; 4 klas\u0117: negyvi daiktai ir abstrakt\u016bs daiktavard\u017eiai (pvz., kiti &#8211; k\u0117d\u0117)<\/strong><\/p>\n\n\n\n<p>Atminkite, kad praktika daro tobul\u0105, o daiktavard\u017ei\u0173 klasi\u0173 supratimas laikui b\u0117gant taps lengvesnis!<\/p>\n\n\n\n<h3 class=\"wp-block-heading\" id=\"h-2-adjectives-from-basic-to-intricate-agreement\">2. B\u016bdvard\u017eiai: nuo pagrindinio iki sud\u0117tingo susitarimo<\/h3>\n\n\n\n<p>B\u016bdvard\u017eiai svahili\u0173 kalba sutinka su daiktavard\u017ei\u0173 klase ir skai\u010diumi, kur\u012f jie kei\u010dia. Tod\u0117l b\u016bdvard\u017eiai turi kelis prie\u0161d\u0117lius, atitinkan\u010dius skirtingas daiktavard\u017ei\u0173 klases. Geros naujienos yra tai, kad daugelis b\u016bdvard\u017ei\u0173 turi t\u0105 pat\u012f \u0161aknin\u012f \u017eod\u012f, tod\u0117l juos lengviau valdyti.<\/p>\n\n\n\n<p>Pavyzd\u017eiui, \u0161aknis &#8222;-refu&#8221; rei\u0161kia &#8222;ilgas&#8221;. Priklausomai nuo daiktavard\u017eio klas\u0117s, jis gali b\u016bti &#8222;mrefu&#8221; (1 klas\u0117), &#8222;wazuri&#8221; (2 klas\u0117), &#8222;jurefu&#8221; (3 klas\u0117) ir t. t. Su praktika, susigaudyti b\u016bdvard\u017eio-daiktavard\u017eio susitarime bus v\u0117jas!<\/p>\n\n\n\n<h3 class=\"wp-block-heading\" id=\"h-3-verbs-tense-subject-and-object\">3. Veiksma\u017eod\u017eiai: \u012ftampa, subjektas ir objektas<\/h3>\n\n\n\n<p>Svahili\u0173 veiksma\u017eod\u017eiai yra tarsi efektyv\u016bs \u0160veicarijos armijos peiliai, kompakti\u0161kai perteikiantys \u012ftamp\u0105, tem\u0105 ir objekt\u0105, viskas vienoje tvarkingoje pakuot\u0117je. Laikai formuojami pridedant \u012ftemptus \u017eymeklius prie veiksma\u017eod\u017eio \u0161aknies, o subjekto ir objekto \u017eymekliai i\u0161rei\u0161kia, kas dalyvauja veiksme.<\/p>\n\n\n\n<p>Pavyzd\u017eiui, \u0161aknis &#8222;-soma&#8221; rei\u0161kia &#8222;skaityti&#8221;. Prid\u0117dami \u012fvairius prie\u0161d\u0117lius ir priesagas galite sukurti daugyb\u0119 variant\u0173: &#8222;anasoma&#8221; (jis skaito), &#8222;alisoma&#8221; (jis skaito) arba &#8222;atasoma&#8221; (jis skaitys).<\/p>\n\n\n\n<h3 class=\"wp-block-heading\" id=\"h-4-word-order-subject-verb-object-for-clarity\">4. \u017dod\u017ei\u0173 tvarka: subjektas-veiksma\u017eodis-objektas ai\u0161kumui<\/h3>\n\n\n\n<p>Svahilis laikosi paprastos, ta\u010diau ai\u0161kios dalyko-veiksma\u017eod\u017eio-objekto (SVO) \u017eod\u017ei\u0173 tvarkos, pana\u0161ios \u012f <a href=\"https:\/\/talkpal.ai\/learn-english-with-ai\/\">angl\u0173<\/a> kalb\u0105, tod\u0117l sakinio konstrukcija yra ma\u017eiau bauginanti. Pavyzd\u017eiui, &#8222;Mwanafunzi anasoma kitabu&#8221; tiesiogiai ver\u010diama taip: &#8222;Studentas (subjektas) skaito (veiksma\u017eodis) knyg\u0105 (objektas)&#8221;.<\/p>\n\n\n\n<h3 class=\"wp-block-heading\" id=\"h-5-embrace-the-challenges-practice-is-key\">5. Priimkite i\u0161\u0161\u016bkius: svarbiausia yra praktika<\/h3>\n\n\n\n<p>Pasinerti \u012f svahili\u0173 gramatik\u0105 i\u0161 prad\u017ei\u0173 gali atrodyti \u0161iek tiek priblo\u0161kiantis. Ta\u010diau atminkite, kad kantryb\u0117, praktika ir atkaklumas yra s\u0117km\u0117s paslaptys. Bendraukite su kalba skaitydami, ra\u0161ydami, klausydamiesi ir kalb\u0117dami, kad pagerintum\u0117te savo supratim\u0105 ir pasitik\u0117jim\u0105 savimi.<\/p>\n\n\n\n<p>Taigi, ar esate pasireng\u0119s tyrin\u0117ti svahili\u0173 gramatikos stebuklus? Priimkite jo sud\u0117tingum\u0105, m\u0117gaukit\u0117s niuansais ir atminkite, kad su atsidavimu ir entuziazmu galite atrakinti tikr\u0105j\u012f svahili\u0173 kalbos gro\u017e\u012f. Bahati njema! (S\u0117km\u0117s!)<\/p>\n<\/div><\/div>\n\r\n<section class=\"learnNavigationSection\">\r\n            \r\n        <a href=\"https:\/\/talkpal.ai\/lt\/svahiliu-mokymasis\/\">\r\n            <div class=\"learnNavigationWrapper\">\r\n                <div class=\"learnNavigationContent\">\r\n                    <img decoding=\"async\" src=\"https:\/\/talkpal.ai\/wp-content\/uploads\/2024\/08\/Swahili.jpg\" alt=\"Kenya and Tanzania Flags\">\r\n                    <div>\r\n                        <h4>Apie suahili\u0173 kalbos mokym\u0105si<\/h4>\r\n                        <p>Su\u017einokite visk\u0105 apie svahili\u0173 gramatik\u0105.<\/p>\r\n                    <\/div>\r\n                <\/div>\r\n            <\/div>\r\n        <\/a>\r\n\r\n        \r\n        <a href=\"https:\/\/talkpal.ai\/lt\/svahiliu-gramatikos-pratimai\/\">\r\n            <div class=\"learnNavigationWrapper\">\r\n                <div class=\"learnNavigationContent\">\r\n                    <img decoding=\"async\" src=\"https:\/\/talkpal.ai\/wp-content\/uploads\/2024\/08\/Swahili.jpg\" alt=\"Kenya and Tanzania Flags\">\r\n                    <div>\r\n                        <h4>Svahili kalbos gramatikos pratimai<\/h4>\r\n                        <p>Praktikuokite svahili\u0173 gramatik\u0105.<\/p>\r\n                    <\/div>\r\n                <\/div>\r\n            <\/div>\r\n        <\/a>\r\n\r\n        \r\n        <a href=\"https:\/\/talkpal.ai\/vocabulary_language\/swahili\/\">\r\n            <div class=\"learnNavigationWrapper\">\r\n                <div class=\"learnNavigationContent\">\r\n                    <img decoding=\"async\" src=\"https:\/\/talkpal.ai\/wp-content\/uploads\/2024\/08\/Swahili.jpg\" alt=\"Kenya and Tanzania Flags\">\r\n                    <div>\r\n                        <h4>Svahili\u0173 kalbos \u017eodynas<\/h4>\r\n                        <p>Prapl\u0117skite savo svahili\u0173 kalbos \u017eodyn\u0105.<\/p>\r\n                    <\/div>\r\n                <\/div>\r\n            <\/div>\r\n        <\/a>\r\n\r\n            <\/section>","protected":false},"excerpt":{"rendered":"<p>Svahili\u0173 gramatika: lingvistinio nuotykio demistifikavimas Svahili\u0173 kalbos gramatika &#8211; viliojanti, bet paslaptinga, sklandi, bet intriguojanti, gyvybinga, bet \u017eavinga. Leisdamiesi \u012f savo kalbin\u0119 kelion\u0119 \u012f svahili\u0173 kalb\u0105, galite susidurti su susi\u017eav\u0117jimo ir netikrumo mi\u0161iniu. Nesijaudinkite, kolegos kalbos fanatikai! Mes esame \u010dia, kad pad\u0117tume jums nar\u0161yti \u0161iuose \u012fdomiuose kalbiniuose vandenyse! \u0160iame straipsnyje pateiksime i\u0161sami\u0105 svahili\u0173 gramatikos ap\u017evalg\u0105, [&hellip;]<\/p>\n","protected":false},"author":1,"featured_media":119263,"parent":0,"menu_order":0,"comment_status":"closed","ping_status":"closed","template":"LearningContentPage.php","meta":{"_acf_changed":false,"footnotes":""},"class_list":["post-153922","page","type-page","status-publish","has-post-thumbnail","hentry"],"acf":[],"yoast_head":"<!-- This site is optimized with the Yoast SEO Premium plugin v27.2 (Yoast SEO v27.2) - https:\/\/yoast.com\/product\/yoast-seo-premium-wordpress\/ -->\n<title>Svahili\u0173 gramatika - Talkpal<\/title>\n<meta name=\"description\" content=\"Atskleiskite suahili\u0173 gramatikos paslaptis su m\u016bs\u0173 i\u0161samiu vadovu! Atraskite unikalias daiktavard\u017ei\u0173 klases ir pagrindines sudedam\u0105sias dalis.\" \/>\n<meta name=\"robots\" content=\"index, follow, max-snippet:-1, max-image-preview:large, max-video-preview:-1\" \/>\n<link rel=\"canonical\" href=\"https:\/\/talkpal.ai\/lt\/svahiliu-gramatika\/\" \/>\n<meta property=\"og:locale\" content=\"lt_LT\" \/>\n<meta property=\"og:type\" content=\"article\" \/>\n<meta property=\"og:title\" content=\"Svahili\u0173 gramatika\" \/>\n<meta property=\"og:description\" content=\"Svahili\u0173 gramatika: lingvistinio nuotykio demistifikavimas Svahili\u0173 kalbos gramatika - viliojanti, bet paslaptinga, sklandi, bet intriguojanti, gyvybinga,\" \/>\n<meta property=\"og:url\" content=\"https:\/\/talkpal.ai\/lt\/svahiliu-gramatika\/\" \/>\n<meta property=\"og:site_name\" content=\"Talkpal\" \/>\n<meta property=\"article:publisher\" content=\"https:\/\/www.facebook.com\/profile.php?id=100090733639311\" \/>\n<meta property=\"article:modified_time\" content=\"2025-12-13T15:51:24+00:00\" \/>\n<meta property=\"og:image\" content=\"https:\/\/talkpal.ai\/wp-content\/uploads\/2023\/05\/Swahili-tanzania.png\" \/>\n\t<meta property=\"og:image:width\" content=\"512\" \/>\n\t<meta property=\"og:image:height\" content=\"512\" \/>\n\t<meta property=\"og:image:type\" content=\"image\/png\" \/>\n<meta name=\"twitter:card\" content=\"summary_large_image\" \/>\n<meta name=\"twitter:site\" content=\"@talkpalai\" \/>\n<meta name=\"twitter:label1\" content=\"Est. reading time\" \/>\n\t<meta name=\"twitter:data1\" content=\"3 minut\u0117s\" \/>\n<script type=\"application\/ld+json\" class=\"yoast-schema-graph\">{\"@context\":\"https:\/\/schema.org\",\"@graph\":[{\"@type\":\"WebPage\",\"@id\":\"https:\/\/talkpal.ai\/lt\/svahiliu-gramatika\/\",\"url\":\"https:\/\/talkpal.ai\/lt\/svahiliu-gramatika\/\",\"name\":\"Svahili\u0173 gramatika - Talkpal\",\"isPartOf\":{\"@id\":\"https:\/\/talkpal.ai\/lt\/#website\"},\"primaryImageOfPage\":{\"@id\":\"https:\/\/talkpal.ai\/lt\/svahiliu-gramatika\/#primaryimage\"},\"image\":{\"@id\":\"https:\/\/talkpal.ai\/lt\/svahiliu-gramatika\/#primaryimage\"},\"thumbnailUrl\":\"https:\/\/talkpal.ai\/wp-content\/uploads\/2023\/05\/Swahili-tanzania.png\",\"datePublished\":\"2023-05-14T14:25:05+00:00\",\"dateModified\":\"2025-12-13T15:51:24+00:00\",\"description\":\"Atskleiskite suahili\u0173 gramatikos paslaptis su m\u016bs\u0173 i\u0161samiu vadovu! Atraskite unikalias daiktavard\u017ei\u0173 klases ir pagrindines sudedam\u0105sias dalis.\",\"breadcrumb\":{\"@id\":\"https:\/\/talkpal.ai\/lt\/svahiliu-gramatika\/#breadcrumb\"},\"inLanguage\":\"lt-LT\",\"potentialAction\":[{\"@type\":\"ReadAction\",\"target\":[\"https:\/\/talkpal.ai\/lt\/svahiliu-gramatika\/\"]}]},{\"@type\":\"ImageObject\",\"inLanguage\":\"lt-LT\",\"@id\":\"https:\/\/talkpal.ai\/lt\/svahiliu-gramatika\/#primaryimage\",\"url\":\"https:\/\/talkpal.ai\/wp-content\/uploads\/2023\/05\/Swahili-tanzania.png\",\"contentUrl\":\"https:\/\/talkpal.ai\/wp-content\/uploads\/2023\/05\/Swahili-tanzania.png\",\"width\":512,\"height\":512},{\"@type\":\"BreadcrumbList\",\"@id\":\"https:\/\/talkpal.ai\/lt\/svahiliu-gramatika\/#breadcrumb\",\"itemListElement\":[{\"@type\":\"ListItem\",\"position\":1,\"name\":\"Homepage\",\"item\":\"https:\/\/talkpal.ai\/lt\/\"},{\"@type\":\"ListItem\",\"position\":2,\"name\":\"Svahili\u0173 gramatika\"}]},{\"@type\":\"WebSite\",\"@id\":\"https:\/\/talkpal.ai\/lt\/#website\",\"url\":\"https:\/\/talkpal.ai\/lt\/\",\"name\":\"Talkpal\",\"description\":\"AI Language Learning\",\"publisher\":{\"@id\":\"https:\/\/talkpal.ai\/lt\/#organization\"},\"alternateName\":\"Talkpal AI\",\"potentialAction\":[{\"@type\":\"SearchAction\",\"target\":{\"@type\":\"EntryPoint\",\"urlTemplate\":\"https:\/\/talkpal.ai\/lt\/?s={search_term_string}\"},\"query-input\":{\"@type\":\"PropertyValueSpecification\",\"valueRequired\":true,\"valueName\":\"search_term_string\"}}],\"inLanguage\":\"lt-LT\"},{\"@type\":\"Organization\",\"@id\":\"https:\/\/talkpal.ai\/lt\/#organization\",\"name\":\"Talkpal, Inc.\",\"alternateName\":\"Talkpal AI\",\"url\":\"https:\/\/talkpal.ai\/lt\/\",\"logo\":{\"@type\":\"ImageObject\",\"inLanguage\":\"lt-LT\",\"@id\":\"https:\/\/talkpal.ai\/lt\/#\/schema\/logo\/image\/\",\"url\":\"https:\/\/talkpal.ai\/wp-content\/uploads\/2024\/03\/Talkpal-Logo-Icon.png\",\"contentUrl\":\"https:\/\/talkpal.ai\/wp-content\/uploads\/2024\/03\/Talkpal-Logo-Icon.png\",\"width\":2880,\"height\":2880,\"caption\":\"Talkpal, Inc.\"},\"image\":{\"@id\":\"https:\/\/talkpal.ai\/lt\/#\/schema\/logo\/image\/\"},\"sameAs\":[\"https:\/\/www.facebook.com\/profile.php?id=100090733639311\",\"https:\/\/x.com\/talkpalai\",\"https:\/\/www.linkedin.com\/company\/talkpal\/\",\"https:\/\/www.youtube.com\/@TalkPal\/\",\"https:\/\/www.tiktok.com\/@talkpal\",\"https:\/\/www.instagram.com\/talkpal_ai\/\",\"https:\/\/www.crunchbase.com\/organization\/talkpal-9cde\",\"https:\/\/www.g2.com\/products\/talkpal-for-business\/\",\"https:\/\/www.trustpilot.com\/review\/talkpal.ai\",\"https:\/\/www.capterra.com\/p\/10006800\/TalkPal\/\"],\"description\":\"Talkpal is a language learning web and mobile education app, powered by the latest AI technologies, that provides engaging experiences to its customers in many different languages to help them improve their language skills. Users can chat about unlimited amount of topics with the app and use other modes to practice their language learning.\",\"email\":\"support@talkpal.ai\",\"legalName\":\"Talkpal, Inc.\",\"foundingDate\":\"2023-04-03\",\"duns\":\"118989042\",\"numberOfEmployees\":{\"@type\":\"QuantitativeValue\",\"minValue\":\"11\",\"maxValue\":\"50\"},\"publishingPrinciples\":\"https:\/\/talkpal.ai\/publishing-principles\/\",\"actionableFeedbackPolicy\":\"https:\/\/talkpal.ai\/actionable-feedback-policy\/\",\"correctionsPolicy\":\"https:\/\/talkpal.ai\/corrections-policy\/\",\"ethicsPolicy\":\"https:\/\/talkpal.ai\/ethics-policy\/\",\"diversityPolicy\":\"https:\/\/talkpal.ai\/diversity-policy\/\",\"diversityStaffingReport\":\"https:\/\/talkpal.ai\/diversity-policy\/\"}]}<\/script>\n<!-- \/ Yoast SEO Premium plugin. -->","yoast_head_json":{"title":"Svahili\u0173 gramatika - Talkpal","description":"Atskleiskite suahili\u0173 gramatikos paslaptis su m\u016bs\u0173 i\u0161samiu vadovu! Atraskite unikalias daiktavard\u017ei\u0173 klases ir pagrindines sudedam\u0105sias dalis.","robots":{"index":"index","follow":"follow","max-snippet":"max-snippet:-1","max-image-preview":"max-image-preview:large","max-video-preview":"max-video-preview:-1"},"canonical":"https:\/\/talkpal.ai\/lt\/svahiliu-gramatika\/","og_locale":"lt_LT","og_type":"article","og_title":"Svahili\u0173 gramatika","og_description":"Svahili\u0173 gramatika: lingvistinio nuotykio demistifikavimas Svahili\u0173 kalbos gramatika - viliojanti, bet paslaptinga, sklandi, bet intriguojanti, gyvybinga,","og_url":"https:\/\/talkpal.ai\/lt\/svahiliu-gramatika\/","og_site_name":"Talkpal","article_publisher":"https:\/\/www.facebook.com\/profile.php?id=100090733639311","article_modified_time":"2025-12-13T15:51:24+00:00","og_image":[{"width":512,"height":512,"url":"https:\/\/talkpal.ai\/wp-content\/uploads\/2023\/05\/Swahili-tanzania.png","type":"image\/png"}],"twitter_card":"summary_large_image","twitter_site":"@talkpalai","twitter_misc":{"Est. reading time":"3 minut\u0117s"},"schema":{"@context":"https:\/\/schema.org","@graph":[{"@type":"WebPage","@id":"https:\/\/talkpal.ai\/lt\/svahiliu-gramatika\/","url":"https:\/\/talkpal.ai\/lt\/svahiliu-gramatika\/","name":"Svahili\u0173 gramatika - Talkpal","isPartOf":{"@id":"https:\/\/talkpal.ai\/lt\/#website"},"primaryImageOfPage":{"@id":"https:\/\/talkpal.ai\/lt\/svahiliu-gramatika\/#primaryimage"},"image":{"@id":"https:\/\/talkpal.ai\/lt\/svahiliu-gramatika\/#primaryimage"},"thumbnailUrl":"https:\/\/talkpal.ai\/wp-content\/uploads\/2023\/05\/Swahili-tanzania.png","datePublished":"2023-05-14T14:25:05+00:00","dateModified":"2025-12-13T15:51:24+00:00","description":"Atskleiskite suahili\u0173 gramatikos paslaptis su m\u016bs\u0173 i\u0161samiu vadovu! Atraskite unikalias daiktavard\u017ei\u0173 klases ir pagrindines sudedam\u0105sias dalis.","breadcrumb":{"@id":"https:\/\/talkpal.ai\/lt\/svahiliu-gramatika\/#breadcrumb"},"inLanguage":"lt-LT","potentialAction":[{"@type":"ReadAction","target":["https:\/\/talkpal.ai\/lt\/svahiliu-gramatika\/"]}]},{"@type":"ImageObject","inLanguage":"lt-LT","@id":"https:\/\/talkpal.ai\/lt\/svahiliu-gramatika\/#primaryimage","url":"https:\/\/talkpal.ai\/wp-content\/uploads\/2023\/05\/Swahili-tanzania.png","contentUrl":"https:\/\/talkpal.ai\/wp-content\/uploads\/2023\/05\/Swahili-tanzania.png","width":512,"height":512},{"@type":"BreadcrumbList","@id":"https:\/\/talkpal.ai\/lt\/svahiliu-gramatika\/#breadcrumb","itemListElement":[{"@type":"ListItem","position":1,"name":"Homepage","item":"https:\/\/talkpal.ai\/lt\/"},{"@type":"ListItem","position":2,"name":"Svahili\u0173 gramatika"}]},{"@type":"WebSite","@id":"https:\/\/talkpal.ai\/lt\/#website","url":"https:\/\/talkpal.ai\/lt\/","name":"Talkpal","description":"AI Language Learning","publisher":{"@id":"https:\/\/talkpal.ai\/lt\/#organization"},"alternateName":"Talkpal AI","potentialAction":[{"@type":"SearchAction","target":{"@type":"EntryPoint","urlTemplate":"https:\/\/talkpal.ai\/lt\/?s={search_term_string}"},"query-input":{"@type":"PropertyValueSpecification","valueRequired":true,"valueName":"search_term_string"}}],"inLanguage":"lt-LT"},{"@type":"Organization","@id":"https:\/\/talkpal.ai\/lt\/#organization","name":"Talkpal, Inc.","alternateName":"Talkpal AI","url":"https:\/\/talkpal.ai\/lt\/","logo":{"@type":"ImageObject","inLanguage":"lt-LT","@id":"https:\/\/talkpal.ai\/lt\/#\/schema\/logo\/image\/","url":"https:\/\/talkpal.ai\/wp-content\/uploads\/2024\/03\/Talkpal-Logo-Icon.png","contentUrl":"https:\/\/talkpal.ai\/wp-content\/uploads\/2024\/03\/Talkpal-Logo-Icon.png","width":2880,"height":2880,"caption":"Talkpal, Inc."},"image":{"@id":"https:\/\/talkpal.ai\/lt\/#\/schema\/logo\/image\/"},"sameAs":["https:\/\/www.facebook.com\/profile.php?id=100090733639311","https:\/\/x.com\/talkpalai","https:\/\/www.linkedin.com\/company\/talkpal\/","https:\/\/www.youtube.com\/@TalkPal\/","https:\/\/www.tiktok.com\/@talkpal","https:\/\/www.instagram.com\/talkpal_ai\/","https:\/\/www.crunchbase.com\/organization\/talkpal-9cde","https:\/\/www.g2.com\/products\/talkpal-for-business\/","https:\/\/www.trustpilot.com\/review\/talkpal.ai","https:\/\/www.capterra.com\/p\/10006800\/TalkPal\/"],"description":"Talkpal is a language learning web and mobile education app, powered by the latest AI technologies, that provides engaging experiences to its customers in many different languages to help them improve their language skills. Users can chat about unlimited amount of topics with the app and use other modes to practice their language learning.","email":"support@talkpal.ai","legalName":"Talkpal, Inc.","foundingDate":"2023-04-03","duns":"118989042","numberOfEmployees":{"@type":"QuantitativeValue","minValue":"11","maxValue":"50"},"publishingPrinciples":"https:\/\/talkpal.ai\/publishing-principles\/","actionableFeedbackPolicy":"https:\/\/talkpal.ai\/actionable-feedback-policy\/","correctionsPolicy":"https:\/\/talkpal.ai\/corrections-policy\/","ethicsPolicy":"https:\/\/talkpal.ai\/ethics-policy\/","diversityPolicy":"https:\/\/talkpal.ai\/diversity-policy\/","diversityStaffingReport":"https:\/\/talkpal.ai\/diversity-policy\/"}]}},"_links":{"self":[{"href":"https:\/\/talkpal.ai\/lt\/wp-json\/wp\/v2\/pages\/153922","targetHints":{"allow":["GET"]}}],"collection":[{"href":"https:\/\/talkpal.ai\/lt\/wp-json\/wp\/v2\/pages"}],"about":[{"href":"https:\/\/talkpal.ai\/lt\/wp-json\/wp\/v2\/types\/page"}],"author":[{"embeddable":true,"href":"https:\/\/talkpal.ai\/lt\/wp-json\/wp\/v2\/users\/1"}],"replies":[{"embeddable":true,"href":"https:\/\/talkpal.ai\/lt\/wp-json\/wp\/v2\/comments?post=153922"}],"version-history":[{"count":0,"href":"https:\/\/talkpal.ai\/lt\/wp-json\/wp\/v2\/pages\/153922\/revisions"}],"wp:featuredmedia":[{"embeddable":true,"href":"https:\/\/talkpal.ai\/lt\/wp-json\/wp\/v2\/media\/119263"}],"wp:attachment":[{"href":"https:\/\/talkpal.ai\/lt\/wp-json\/wp\/v2\/media?parent=153922"}],"curies":[{"name":"wp","href":"https:\/\/api.w.org\/{rel}","templated":true}]}}