{"id":153574,"date":"2023-05-14T14:24:42","date_gmt":"2023-05-14T14:24:42","guid":{"rendered":"http:\/\/talkpal.ai\/taju-kalbos-gramatika\/"},"modified":"2025-12-13T15:47:36","modified_gmt":"2025-12-13T15:47:36","slug":"taju-kalbos-gramatika","status":"publish","type":"page","link":"https:\/\/talkpal.ai\/lt\/taju-kalbos-gramatika\/","title":{"rendered":"Taj\u0173 kalbos gramatika"},"content":{"rendered":"\r\n\r\n\r\n<section class=\"languageChallengeSection\">\r\n    <div class=\"languageInfoWrapper\">\r\n        \r\n        <h1>Taj\u0173 kalbos gramatika<\/h1>\r\n        <p>I\u0161mokite taj\u0173 <a href=\"https:\/\/talkpal.ai\/what-language-is-spoken-on-the-international-space-station\/\">kalbos<\/a> gramatikos ir susipa\u017einkite su logi\u0161kos ir i\u0161rai\u0161kingos kalbos gro\u017eiu. Prad\u0117kite kelion\u0119 ir atverkite duris \u012f \u017eav\u0173 m\u0105stymo ir kalb\u0117jimo b\u016bd\u0105!<\/p>\r\n\r\n                            <a class=\"getStartedHidden\" href=\"https:\/\/app.talkpal.ai\/lt\/signup?lng=\">Prad\u0117k<\/a>\r\n        \r\n    <\/div>\r\n\r\n    <figure>\r\n    <img decoding=\"async\" width=\"768\" height=\"768\" src=\"https:\/\/talkpal.ai\/wp-content\/uploads\/2023\/06\/thai-768x768.png\" class=\"languageImage no-lazy\" alt=\"Language learning for improved thought process\" fetchpriority=\"high\" sizes=\"(max-width: 768px) 150px, 768px\" srcset=\"https:\/\/talkpal.ai\/wp-content\/uploads\/2023\/06\/thai-768x768.png 768w, https:\/\/talkpal.ai\/wp-content\/uploads\/2023\/06\/thai-300x300.png 300w\" \/>\r\n    \r\n\r\n    <\/figure>\r\n\r\n            <a class=\"getStartedVisible\" href=\"https:\/\/app.talkpal.ai\/lt\/signup?lng=\">Prad\u0117k<\/a>\r\n    \r\n<\/section>\r\n<section class=\"promotionalBanner\">\r\n    <p class=\"promotionalText\">Efektyviausias b\u016bdas mokytis kalbos<\/p>\r\n    <a class=\"promotionalLink\" href=\"https:\/\/app.talkpal.ai\/lt\/signup?lng=\">I\u0161bandykite Talkpal &#8221; nemokamai<\/a>\r\n<\/section>\n<div class=\"wp-block-group pageContainerStyle\"><div class=\"wp-block-group__inner-container is-layout-constrained wp-block-group-is-layout-constrained\">\n<h2 class=\"wp-block-heading\" id=\"h-thai-grammar-exploring-a-unique-linguistic-world\">Taj\u0173 kalbos gramatika: unikalaus kalbinio pasaulio tyrin\u0117jimas<\/h2>\n\n\n\n<p>Tailando <a href=\"https:\/\/talkpal.ai\/sq\/gramatika\/\">gramatika<\/a> &#8211; i\u0161 pa\u017ei\u016bros paslaptinga, egzoti\u0161ka ir \u017eavinga. Leisdamiesi \u012f kelion\u0119 <a href=\"https:\/\/talkpal.ai\/learn-thai\/\">mokytis taj\u0173 kalbos<\/a>, galite netik\u0117tai susi\u017eav\u0117ti jos gramatika. Nebijokite, mano kolegos lingvistiniai tyrin\u0117tojai! Mes esame \u010dia, kad gal\u0117tume pasi\u016blyti patarim\u0173 ir paramos \u0161iame \u012fsp\u016bdingame nuotykyje!<\/p>\n\n\n\n<p>\u0160iame straipsnyje mes \u012fsigiliname \u012f pagrindinius taj\u0173 kalbos gramatikos aspektus, suskirstydami pagrindines s\u0105vokas, paai\u0161kindami taisykles ir net supaprastindami sud\u0117tingum\u0105. Prisijunkite prie m\u016bs\u0173, <a href=\"https:\/\/talkpal.ai\/locations\/language-courses-in-kai\/\">kai<\/a> pakelsime taj\u0173 kalbos gramatikos \u0161yd\u0105 ir u\u017edegsime j\u016bs\u0173 aistr\u0105 \u0161iai nuostabiai unikaliai kalbai!<\/p>\n\n\n\n<h3 class=\"wp-block-heading\" id=\"h-1-nouns-no-plurals-no-genders-no-worries\">1. Daiktavard\u017eiai: N\u0117ra daugiskaitos, n\u0117ra ly\u010di\u0173, n\u0117ra r\u016bpes\u010di\u0173!<\/h3>\n\n\n\n<p>Taj\u0173 gramatikos gro\u017eis slypi jo paprastume, susijusiame su daiktavard\u017eiais. Taj\u0173 daiktavard\u017eiai neturi lyties ar daugiskaitos form\u0173, tod\u0117l juos lengva naudoti ir suprasti. Nor\u0117dami nurodyti daugiskait\u0105, papras\u010diausiai prid\u0117kite kiekybin\u012f \u017eod\u012f, pavyzd\u017eiui, &#8222;daug&#8221; (\u0e21\u0e32\u0e01, m\u00e2ak) arba &#8222;kai kurie&#8221; (\u0e1a\u0e49\u0e32\u0e07, b\u00e2ang), arba pakartokite daiktavard\u012f, kad pabr\u0117\u017etum\u0117te daugiskaitos reik\u0161m\u0119.<\/p>\n\n\n\n<h3 class=\"wp-block-heading\" id=\"h-2-pronouns-choose-wisely-based-on-politeness\">2. \u012evard\u017eiai: rinkit\u0117s protingai, remdamiesi mandagumu<\/h3>\n\n\n\n<p>Taj\u0173 kalbos gramatikoje b\u016btina pasirinkti tinkam\u0105 \u012fvard\u012f, kad b\u016bt\u0173 parodyta pagarba ir nuolankumas. Tailandie\u010di\u0173 \u012fvard\u017eiai priklauso nuo kalb\u0117tojo ir klausytojo lyties, am\u017eiaus ir santyki\u0173. Pavyzd\u017eiui, &#8222;\u0e09\u0e31\u0e19&#8221; (ch\u0103n) yra \u012fprastas neoficialus pirmojo asmens \u012fvardis, o &#8222;\u0e1c\u0e21&#8221; (p\u014fm) da\u017enai vartojamas vyr\u0173 oficialiose situacijose.<\/p>\n\n\n\n<p>Jei norite b\u016bti mandag\u016bs, \u017eod\u012f &#8222;j\u016bs&#8221; vadinkite &#8222;\u0e04\u0e38\u0e13&#8221; (kun), o \u017eod\u012f &#8222;jis\/ji&#8221; &#8211; &#8222;\u0e40\u0e02\u0e32&#8221; (k\u0103o).<\/p>\n\n\n\n<h3 class=\"wp-block-heading\" id=\"h-3-verbs-no-conjugation-or-tenses-only-particles\">3. Veiksma\u017eod\u017eiai: n\u0117ra konjugacijos ar laik\u0173, tik dalel\u0117s<\/h3>\n\n\n\n<p>Taj\u0173 kalbos gramatikoje veiksma\u017eod\u017eiai lieka nepakit\u0119, nepriklausomai nuo \u012ftampos, nuotaikos ar dalyko. Vietoj to, taj\u0173 kalba remiasi paprastais \u017eod\u017eiais, \u017einomais kaip dalel\u0117s, kad parodyt\u0173 sakinio \u012ftamp\u0105 ar po\u017ei\u016br\u012f. \u0160ios dalel\u0117s dedamos sakinio pabaigoje.<\/p>\n\n\n\n<p>Pavyzd\u017eiui, dalelyt\u0117 &#8222;\u0e41\u0e25\u0e49\u0e27&#8221; (l\u00e1ew) rei\u0161kia pra\u0117jus\u012f laik\u0105 arba baigt\u0105 veiksm\u0105, o &#8222;\u0e01\u0e33\u0e25\u0e31\u0e07&#8221; (gam-lang) &#8211; vykstant\u012f veiksm\u0105. Tod\u0117l &#8222;\u0e40\u0e02\u0e32\u0e01\u0e34\u0e19&#8221; (k\u0103o gin) rei\u0161kia &#8222;jis\/ji valgo&#8221;, o &#8222;\u0e40\u0e02\u0e32\u0e01\u0e34\u0e19\u0e41\u0e25\u0e49\u0e27&#8221; (k\u0103o gin l\u00e1ew) rei\u0161kia &#8222;jis\/ji valg\u0117&#8221;.<\/p>\n\n\n\n<h3 class=\"wp-block-heading\" id=\"h-4-sentence-structure-clear-and-straightforward\">4. Sakinio strukt\u016bra: ai\u0161ki ir paprasta<\/h3>\n\n\n\n<p><a href=\"https:\/\/talkpal.ai\/thai-grammar\/\">Taj\u0173 kalbos gramatika<\/a> atitinka dalyko-veiksma\u017eod\u017eio-objekto (SVO) sakinio strukt\u016br\u0105, pana\u0161i\u0105 \u012f <a href=\"https:\/\/talkpal.ai\/learn-english-with-ai\/\">angl\u0173<\/a> kalb\u0105, kuri supaprastina supratim\u0105 anglakalbiams. Pagrindin\u0117 taisykl\u0117 yra ta, kad b\u016bdvard\u017eiai, prieveiksmiai ir kiti apra\u0161omieji \u017eod\u017eiai seka daiktavard\u012f ar veiksma\u017eod\u012f, kur\u012f jie apib\u016bdina.<\/p>\n\n\n\n<p>Pavyzd\u017eiui, &#8222;\u0e1c\u0e21\u0e0a\u0e2d\u0e1a\u0e2b\u0e19\u0e31\u0e07\u0e2a\u0e37\u0e2d\u0e19\u0e35\u0e49&#8221; (p\u014fm ch\u00e2wp n\u0103ng s\u011bu n\u00e9e) ver\u010diama taip: &#8222;Man (subjektas) patinka (veiksma\u017eodis) \u0161i knyga (objektas)&#8221;.<\/p>\n\n\n\n<h3 class=\"wp-block-heading\" id=\"h-5-immerse-yourself-in-thai-practice-makes-perfect\">5. Pasinerkite \u012f taj\u0173 kalb\u0105: praktika daro tobul\u0105<\/h3>\n\n\n\n<p>Suprasti ir \u012fsisavinti taj\u0173 kalbos gramatik\u0105 i\u0161 prad\u017ei\u0173 gali atrodyti sud\u0117tinga, ta\u010diau svarbiausia yra atkaklumas ir nuosekli praktika. \u012etraukite visus savo poj\u016b\u010dius pasinerdami \u012f kalb\u0105, skaitydami, ra\u0161ydami, klausydamiesi ir bendraudami su gimt\u0105ja kalba. Kuo daugiau tur\u0117site taj\u0173 kalbos gramatikos, tuo labiau \u0161ios egzoti\u0161kos s\u0105vokos jausis pa\u017e\u012fstamos ir patogios.<\/p>\n\n\n\n<p>Taigi, ar esate pasireng\u0119s pasinerti \u012f \u012fsp\u016bding\u0105 Tailando gramatikos pasaul\u012f? Priimkite i\u0161\u0161\u016bk\u012f ir unikalias taj\u0173 kalbos gramatikos savybes, o su laiku, atsidavimu ir nuotyki\u0173 jausmu galite atrakinti \u017eav\u0173 taj\u0173 kalbos gro\u017e\u012f.<\/p>\n<\/div><\/div>\n\r\n<section class=\"learnNavigationSection\">\r\n            \r\n        <a href=\"https:\/\/talkpal.ai\/lt\/suzinokite-taju-kalba\/\">\r\n            <div class=\"learnNavigationWrapper\">\r\n                <div class=\"learnNavigationContent\">\r\n                    <img decoding=\"async\" src=\"https:\/\/talkpal.ai\/wp-content\/uploads\/2024\/08\/Thai.jpg\" alt=\"Thai Flag\">\r\n                    <div>\r\n                        <h4>Apie taj\u0173 kalbos mokym\u0105si<\/h4>\r\n                        <p>Su\u017einokite visk\u0105 apie taj\u0173 kalbos gramatik\u0105.<\/p>\r\n                    <\/div>\r\n                <\/div>\r\n            <\/div>\r\n        <\/a>\r\n\r\n        \r\n        <a href=\"https:\/\/talkpal.ai\/lt\/taju-kalbos-gramatikos-pratimai\/\">\r\n            <div class=\"learnNavigationWrapper\">\r\n                <div class=\"learnNavigationContent\">\r\n                    <img decoding=\"async\" src=\"https:\/\/talkpal.ai\/wp-content\/uploads\/2024\/08\/Thai.jpg\" alt=\"Thai Flag\">\r\n                    <div>\r\n                        <h4>Taj\u0173 kalbos gramatikos pratimai<\/h4>\r\n                        <p>Praktikuokite taj\u0173 kalbos gramatik\u0105.<\/p>\r\n                    <\/div>\r\n                <\/div>\r\n            <\/div>\r\n        <\/a>\r\n\r\n        \r\n        <a href=\"https:\/\/talkpal.ai\/vocabulary_language\/thai\/\">\r\n            <div class=\"learnNavigationWrapper\">\r\n                <div class=\"learnNavigationContent\">\r\n                    <img decoding=\"async\" src=\"https:\/\/talkpal.ai\/wp-content\/uploads\/2024\/08\/Thai.jpg\" alt=\"Thai Flag\">\r\n                    <div>\r\n                        <h4>Taj\u0173 kalbos \u017eodynas<\/h4>\r\n                        <p>Prapl\u0117skite savo taj\u0173 kalbos \u017eodyn\u0105.<\/p>\r\n                    <\/div>\r\n                <\/div>\r\n            <\/div>\r\n        <\/a>\r\n\r\n            <\/section>","protected":false},"excerpt":{"rendered":"<p>Taj\u0173 kalbos gramatika: unikalaus kalbinio pasaulio tyrin\u0117jimas Tailando gramatika &#8211; i\u0161 pa\u017ei\u016bros paslaptinga, egzoti\u0161ka ir \u017eavinga. Leisdamiesi \u012f kelion\u0119 mokytis taj\u0173 kalbos, galite netik\u0117tai susi\u017eav\u0117ti jos gramatika. Nebijokite, mano kolegos lingvistiniai tyrin\u0117tojai! Mes esame \u010dia, kad gal\u0117tume pasi\u016blyti patarim\u0173 ir paramos \u0161iame \u012fsp\u016bdingame nuotykyje! \u0160iame straipsnyje mes \u012fsigiliname \u012f pagrindinius taj\u0173 kalbos gramatikos aspektus, suskirstydami [&hellip;]<\/p>\n","protected":false},"author":1,"featured_media":120774,"parent":0,"menu_order":0,"comment_status":"closed","ping_status":"closed","template":"LearningContentPage.php","meta":{"_acf_changed":false,"footnotes":""},"class_list":["post-153574","page","type-page","status-publish","has-post-thumbnail","hentry"],"acf":[],"yoast_head":"<!-- This site is optimized with the Yoast SEO Premium plugin v27.2 (Yoast SEO v27.2) - https:\/\/yoast.com\/product\/yoast-seo-premium-wordpress\/ -->\n<title>Taj\u0173 kalbos gramatika - Talkpal<\/title>\n<meta name=\"description\" content=\"Susipa\u017einkite su \u012fdomiu taj\u0173 gramatikos pasauliu. Atraskite jos paprastum\u0105 ir unikalias funkcijas, kurios mokym\u0105si paver\u010dia maloniu.\" \/>\n<meta name=\"robots\" content=\"index, follow, max-snippet:-1, max-image-preview:large, max-video-preview:-1\" \/>\n<link rel=\"canonical\" href=\"https:\/\/talkpal.ai\/lt\/taju-kalbos-gramatika\/\" \/>\n<meta property=\"og:locale\" content=\"lt_LT\" \/>\n<meta property=\"og:type\" content=\"article\" \/>\n<meta property=\"og:title\" content=\"Taj\u0173 kalbos gramatika\" \/>\n<meta property=\"og:description\" content=\"Taj\u0173 kalbos gramatika: unikalaus kalbinio pasaulio tyrin\u0117jimas Tailando gramatika - i\u0161 pa\u017ei\u016bros paslaptinga, egzoti\u0161ka ir \u017eavinga. Leisdamiesi \u012f kelion\u0119\" \/>\n<meta property=\"og:url\" content=\"https:\/\/talkpal.ai\/lt\/taju-kalbos-gramatika\/\" \/>\n<meta property=\"og:site_name\" content=\"Talkpal\" \/>\n<meta property=\"article:publisher\" content=\"https:\/\/www.facebook.com\/profile.php?id=100090733639311\" \/>\n<meta property=\"article:modified_time\" content=\"2025-12-13T15:47:36+00:00\" \/>\n<meta property=\"og:image\" content=\"https:\/\/talkpal.ai\/wp-content\/uploads\/2023\/05\/thailand.png\" \/>\n\t<meta property=\"og:image:width\" content=\"512\" \/>\n\t<meta property=\"og:image:height\" content=\"512\" \/>\n\t<meta property=\"og:image:type\" content=\"image\/png\" \/>\n<meta name=\"twitter:card\" content=\"summary_large_image\" \/>\n<meta name=\"twitter:site\" content=\"@talkpalai\" \/>\n<meta name=\"twitter:label1\" content=\"Est. reading time\" \/>\n\t<meta name=\"twitter:data1\" content=\"2 minut\u0117s\" \/>\n<script type=\"application\/ld+json\" class=\"yoast-schema-graph\">{\"@context\":\"https:\/\/schema.org\",\"@graph\":[{\"@type\":\"WebPage\",\"@id\":\"https:\/\/talkpal.ai\/lt\/taju-kalbos-gramatika\/\",\"url\":\"https:\/\/talkpal.ai\/lt\/taju-kalbos-gramatika\/\",\"name\":\"Taj\u0173 kalbos gramatika - Talkpal\",\"isPartOf\":{\"@id\":\"https:\/\/talkpal.ai\/lt\/#website\"},\"primaryImageOfPage\":{\"@id\":\"https:\/\/talkpal.ai\/lt\/taju-kalbos-gramatika\/#primaryimage\"},\"image\":{\"@id\":\"https:\/\/talkpal.ai\/lt\/taju-kalbos-gramatika\/#primaryimage\"},\"thumbnailUrl\":\"https:\/\/talkpal.ai\/wp-content\/uploads\/2023\/05\/thailand.png\",\"datePublished\":\"2023-05-14T14:24:42+00:00\",\"dateModified\":\"2025-12-13T15:47:36+00:00\",\"description\":\"Susipa\u017einkite su \u012fdomiu taj\u0173 gramatikos pasauliu. Atraskite jos paprastum\u0105 ir unikalias funkcijas, kurios mokym\u0105si paver\u010dia maloniu.\",\"breadcrumb\":{\"@id\":\"https:\/\/talkpal.ai\/lt\/taju-kalbos-gramatika\/#breadcrumb\"},\"inLanguage\":\"lt-LT\",\"potentialAction\":[{\"@type\":\"ReadAction\",\"target\":[\"https:\/\/talkpal.ai\/lt\/taju-kalbos-gramatika\/\"]}]},{\"@type\":\"ImageObject\",\"inLanguage\":\"lt-LT\",\"@id\":\"https:\/\/talkpal.ai\/lt\/taju-kalbos-gramatika\/#primaryimage\",\"url\":\"https:\/\/talkpal.ai\/wp-content\/uploads\/2023\/05\/thailand.png\",\"contentUrl\":\"https:\/\/talkpal.ai\/wp-content\/uploads\/2023\/05\/thailand.png\",\"width\":512,\"height\":512},{\"@type\":\"BreadcrumbList\",\"@id\":\"https:\/\/talkpal.ai\/lt\/taju-kalbos-gramatika\/#breadcrumb\",\"itemListElement\":[{\"@type\":\"ListItem\",\"position\":1,\"name\":\"Homepage\",\"item\":\"https:\/\/talkpal.ai\/lt\/\"},{\"@type\":\"ListItem\",\"position\":2,\"name\":\"Taj\u0173 kalbos gramatika\"}]},{\"@type\":\"WebSite\",\"@id\":\"https:\/\/talkpal.ai\/lt\/#website\",\"url\":\"https:\/\/talkpal.ai\/lt\/\",\"name\":\"Talkpal\",\"description\":\"AI Language Learning\",\"publisher\":{\"@id\":\"https:\/\/talkpal.ai\/lt\/#organization\"},\"alternateName\":\"Talkpal AI\",\"potentialAction\":[{\"@type\":\"SearchAction\",\"target\":{\"@type\":\"EntryPoint\",\"urlTemplate\":\"https:\/\/talkpal.ai\/lt\/?s={search_term_string}\"},\"query-input\":{\"@type\":\"PropertyValueSpecification\",\"valueRequired\":true,\"valueName\":\"search_term_string\"}}],\"inLanguage\":\"lt-LT\"},{\"@type\":\"Organization\",\"@id\":\"https:\/\/talkpal.ai\/lt\/#organization\",\"name\":\"Talkpal, Inc.\",\"alternateName\":\"Talkpal AI\",\"url\":\"https:\/\/talkpal.ai\/lt\/\",\"logo\":{\"@type\":\"ImageObject\",\"inLanguage\":\"lt-LT\",\"@id\":\"https:\/\/talkpal.ai\/lt\/#\/schema\/logo\/image\/\",\"url\":\"https:\/\/talkpal.ai\/wp-content\/uploads\/2024\/03\/Talkpal-Logo-Icon.png\",\"contentUrl\":\"https:\/\/talkpal.ai\/wp-content\/uploads\/2024\/03\/Talkpal-Logo-Icon.png\",\"width\":2880,\"height\":2880,\"caption\":\"Talkpal, Inc.\"},\"image\":{\"@id\":\"https:\/\/talkpal.ai\/lt\/#\/schema\/logo\/image\/\"},\"sameAs\":[\"https:\/\/www.facebook.com\/profile.php?id=100090733639311\",\"https:\/\/x.com\/talkpalai\",\"https:\/\/www.linkedin.com\/company\/talkpal\/\",\"https:\/\/www.youtube.com\/@TalkPal\/\",\"https:\/\/www.tiktok.com\/@talkpal\",\"https:\/\/www.instagram.com\/talkpal_ai\/\",\"https:\/\/www.crunchbase.com\/organization\/talkpal-9cde\",\"https:\/\/www.g2.com\/products\/talkpal-for-business\/\",\"https:\/\/www.trustpilot.com\/review\/talkpal.ai\",\"https:\/\/www.capterra.com\/p\/10006800\/TalkPal\/\"],\"description\":\"Talkpal is a language learning web and mobile education app, powered by the latest AI technologies, that provides engaging experiences to its customers in many different languages to help them improve their language skills. Users can chat about unlimited amount of topics with the app and use other modes to practice their language learning.\",\"email\":\"support@talkpal.ai\",\"legalName\":\"Talkpal, Inc.\",\"foundingDate\":\"2023-04-03\",\"duns\":\"118989042\",\"numberOfEmployees\":{\"@type\":\"QuantitativeValue\",\"minValue\":\"11\",\"maxValue\":\"50\"},\"publishingPrinciples\":\"https:\/\/talkpal.ai\/publishing-principles\/\",\"actionableFeedbackPolicy\":\"https:\/\/talkpal.ai\/actionable-feedback-policy\/\",\"correctionsPolicy\":\"https:\/\/talkpal.ai\/corrections-policy\/\",\"ethicsPolicy\":\"https:\/\/talkpal.ai\/ethics-policy\/\",\"diversityPolicy\":\"https:\/\/talkpal.ai\/diversity-policy\/\",\"diversityStaffingReport\":\"https:\/\/talkpal.ai\/diversity-policy\/\"}]}<\/script>\n<!-- \/ Yoast SEO Premium plugin. -->","yoast_head_json":{"title":"Taj\u0173 kalbos gramatika - Talkpal","description":"Susipa\u017einkite su \u012fdomiu taj\u0173 gramatikos pasauliu. Atraskite jos paprastum\u0105 ir unikalias funkcijas, kurios mokym\u0105si paver\u010dia maloniu.","robots":{"index":"index","follow":"follow","max-snippet":"max-snippet:-1","max-image-preview":"max-image-preview:large","max-video-preview":"max-video-preview:-1"},"canonical":"https:\/\/talkpal.ai\/lt\/taju-kalbos-gramatika\/","og_locale":"lt_LT","og_type":"article","og_title":"Taj\u0173 kalbos gramatika","og_description":"Taj\u0173 kalbos gramatika: unikalaus kalbinio pasaulio tyrin\u0117jimas Tailando gramatika - i\u0161 pa\u017ei\u016bros paslaptinga, egzoti\u0161ka ir \u017eavinga. Leisdamiesi \u012f kelion\u0119","og_url":"https:\/\/talkpal.ai\/lt\/taju-kalbos-gramatika\/","og_site_name":"Talkpal","article_publisher":"https:\/\/www.facebook.com\/profile.php?id=100090733639311","article_modified_time":"2025-12-13T15:47:36+00:00","og_image":[{"width":512,"height":512,"url":"https:\/\/talkpal.ai\/wp-content\/uploads\/2023\/05\/thailand.png","type":"image\/png"}],"twitter_card":"summary_large_image","twitter_site":"@talkpalai","twitter_misc":{"Est. reading time":"2 minut\u0117s"},"schema":{"@context":"https:\/\/schema.org","@graph":[{"@type":"WebPage","@id":"https:\/\/talkpal.ai\/lt\/taju-kalbos-gramatika\/","url":"https:\/\/talkpal.ai\/lt\/taju-kalbos-gramatika\/","name":"Taj\u0173 kalbos gramatika - Talkpal","isPartOf":{"@id":"https:\/\/talkpal.ai\/lt\/#website"},"primaryImageOfPage":{"@id":"https:\/\/talkpal.ai\/lt\/taju-kalbos-gramatika\/#primaryimage"},"image":{"@id":"https:\/\/talkpal.ai\/lt\/taju-kalbos-gramatika\/#primaryimage"},"thumbnailUrl":"https:\/\/talkpal.ai\/wp-content\/uploads\/2023\/05\/thailand.png","datePublished":"2023-05-14T14:24:42+00:00","dateModified":"2025-12-13T15:47:36+00:00","description":"Susipa\u017einkite su \u012fdomiu taj\u0173 gramatikos pasauliu. Atraskite jos paprastum\u0105 ir unikalias funkcijas, kurios mokym\u0105si paver\u010dia maloniu.","breadcrumb":{"@id":"https:\/\/talkpal.ai\/lt\/taju-kalbos-gramatika\/#breadcrumb"},"inLanguage":"lt-LT","potentialAction":[{"@type":"ReadAction","target":["https:\/\/talkpal.ai\/lt\/taju-kalbos-gramatika\/"]}]},{"@type":"ImageObject","inLanguage":"lt-LT","@id":"https:\/\/talkpal.ai\/lt\/taju-kalbos-gramatika\/#primaryimage","url":"https:\/\/talkpal.ai\/wp-content\/uploads\/2023\/05\/thailand.png","contentUrl":"https:\/\/talkpal.ai\/wp-content\/uploads\/2023\/05\/thailand.png","width":512,"height":512},{"@type":"BreadcrumbList","@id":"https:\/\/talkpal.ai\/lt\/taju-kalbos-gramatika\/#breadcrumb","itemListElement":[{"@type":"ListItem","position":1,"name":"Homepage","item":"https:\/\/talkpal.ai\/lt\/"},{"@type":"ListItem","position":2,"name":"Taj\u0173 kalbos gramatika"}]},{"@type":"WebSite","@id":"https:\/\/talkpal.ai\/lt\/#website","url":"https:\/\/talkpal.ai\/lt\/","name":"Talkpal","description":"AI Language Learning","publisher":{"@id":"https:\/\/talkpal.ai\/lt\/#organization"},"alternateName":"Talkpal AI","potentialAction":[{"@type":"SearchAction","target":{"@type":"EntryPoint","urlTemplate":"https:\/\/talkpal.ai\/lt\/?s={search_term_string}"},"query-input":{"@type":"PropertyValueSpecification","valueRequired":true,"valueName":"search_term_string"}}],"inLanguage":"lt-LT"},{"@type":"Organization","@id":"https:\/\/talkpal.ai\/lt\/#organization","name":"Talkpal, Inc.","alternateName":"Talkpal AI","url":"https:\/\/talkpal.ai\/lt\/","logo":{"@type":"ImageObject","inLanguage":"lt-LT","@id":"https:\/\/talkpal.ai\/lt\/#\/schema\/logo\/image\/","url":"https:\/\/talkpal.ai\/wp-content\/uploads\/2024\/03\/Talkpal-Logo-Icon.png","contentUrl":"https:\/\/talkpal.ai\/wp-content\/uploads\/2024\/03\/Talkpal-Logo-Icon.png","width":2880,"height":2880,"caption":"Talkpal, Inc."},"image":{"@id":"https:\/\/talkpal.ai\/lt\/#\/schema\/logo\/image\/"},"sameAs":["https:\/\/www.facebook.com\/profile.php?id=100090733639311","https:\/\/x.com\/talkpalai","https:\/\/www.linkedin.com\/company\/talkpal\/","https:\/\/www.youtube.com\/@TalkPal\/","https:\/\/www.tiktok.com\/@talkpal","https:\/\/www.instagram.com\/talkpal_ai\/","https:\/\/www.crunchbase.com\/organization\/talkpal-9cde","https:\/\/www.g2.com\/products\/talkpal-for-business\/","https:\/\/www.trustpilot.com\/review\/talkpal.ai","https:\/\/www.capterra.com\/p\/10006800\/TalkPal\/"],"description":"Talkpal is a language learning web and mobile education app, powered by the latest AI technologies, that provides engaging experiences to its customers in many different languages to help them improve their language skills. Users can chat about unlimited amount of topics with the app and use other modes to practice their language learning.","email":"support@talkpal.ai","legalName":"Talkpal, Inc.","foundingDate":"2023-04-03","duns":"118989042","numberOfEmployees":{"@type":"QuantitativeValue","minValue":"11","maxValue":"50"},"publishingPrinciples":"https:\/\/talkpal.ai\/publishing-principles\/","actionableFeedbackPolicy":"https:\/\/talkpal.ai\/actionable-feedback-policy\/","correctionsPolicy":"https:\/\/talkpal.ai\/corrections-policy\/","ethicsPolicy":"https:\/\/talkpal.ai\/ethics-policy\/","diversityPolicy":"https:\/\/talkpal.ai\/diversity-policy\/","diversityStaffingReport":"https:\/\/talkpal.ai\/diversity-policy\/"}]}},"_links":{"self":[{"href":"https:\/\/talkpal.ai\/lt\/wp-json\/wp\/v2\/pages\/153574","targetHints":{"allow":["GET"]}}],"collection":[{"href":"https:\/\/talkpal.ai\/lt\/wp-json\/wp\/v2\/pages"}],"about":[{"href":"https:\/\/talkpal.ai\/lt\/wp-json\/wp\/v2\/types\/page"}],"author":[{"embeddable":true,"href":"https:\/\/talkpal.ai\/lt\/wp-json\/wp\/v2\/users\/1"}],"replies":[{"embeddable":true,"href":"https:\/\/talkpal.ai\/lt\/wp-json\/wp\/v2\/comments?post=153574"}],"version-history":[{"count":0,"href":"https:\/\/talkpal.ai\/lt\/wp-json\/wp\/v2\/pages\/153574\/revisions"}],"wp:featuredmedia":[{"embeddable":true,"href":"https:\/\/talkpal.ai\/lt\/wp-json\/wp\/v2\/media\/120774"}],"wp:attachment":[{"href":"https:\/\/talkpal.ai\/lt\/wp-json\/wp\/v2\/media?parent=153574"}],"curies":[{"name":"wp","href":"https:\/\/api.w.org\/{rel}","templated":true}]}}