{"id":153263,"date":"2023-05-14T14:23:49","date_gmt":"2023-05-14T14:23:49","guid":{"rendered":"http:\/\/talkpal.ai\/turku-kalbos-gramatika\/"},"modified":"2025-12-13T15:56:10","modified_gmt":"2025-12-13T15:56:10","slug":"turku-kalbos-gramatika","status":"publish","type":"page","link":"https:\/\/talkpal.ai\/lt\/turku-kalbos-gramatika\/","title":{"rendered":"Turk\u0173 kalbos gramatika"},"content":{"rendered":"\r\n\r\n\r\n<section class=\"languageChallengeSection\">\r\n    <div class=\"languageInfoWrapper\">\r\n        \r\n        <h1>Turk\u0173 kalbos gramatika<\/h1>\r\n        <p>Smalsu mokytis <a href=\"https:\/\/talkpal.ai\/lt\/suzinokite-turku-kalba\/\">turk\u0173 kalbos<\/a>? Susipa\u017einkite su <a href=\"https:\/\/talkpal.ai\/learn-turkish\/\">turk\u0173<\/a> <a href=\"https:\/\/talkpal.ai\/what-language-is-spoken-on-the-international-space-station\/\">kalbos<\/a> <a href=\"https:\/\/talkpal.ai\/sq\/gramatika\/\">gramatika<\/a> ir su\u017einokite, kaip logi\u0161ka jos strukt\u016bra, balsi\u0173 derm\u0117 ir lengvai suprantami veiksma\u017eod\u017ei\u0173 modeliai daro j\u0105 \u012fdomi\u0105 ir prieinam\u0105. Prad\u0117kite kelion\u0119 \u0161iandien &#8211; <a href=\"https:\/\/talkpal.ai\/learn-turkish\/\">turk\u0173<\/a> kalbos gramatikos \u012fvaldymas yra raktas \u012f skland\u0173 bendravim\u0105 ir gyvybingo kult\u016bros ir ry\u0161i\u0173 pasaulio atskleidim\u0105!<\/p>\r\n\r\n                            <a class=\"getStartedHidden\" href=\"https:\/\/app.talkpal.ai\/lt\/signup?lng=\">Prad\u0117k<\/a>\r\n        \r\n    <\/div>\r\n\r\n    <figure>\r\n    <img decoding=\"async\" width=\"768\" height=\"768\" src=\"https:\/\/talkpal.ai\/wp-content\/uploads\/2023\/06\/turkish-768x768.png\" class=\"languageImage no-lazy\" alt=\"Language learning for increased focus\" fetchpriority=\"high\" sizes=\"(max-width: 768px) 150px, 768px\" srcset=\"https:\/\/talkpal.ai\/wp-content\/uploads\/2023\/06\/turkish-768x768.png 768w, https:\/\/talkpal.ai\/wp-content\/uploads\/2023\/06\/turkish-300x300.png 300w\" \/>\r\n    \r\n\r\n    <\/figure>\r\n\r\n            <a class=\"getStartedVisible\" href=\"https:\/\/app.talkpal.ai\/lt\/signup?lng=\">Prad\u0117k<\/a>\r\n    \r\n<\/section>\r\n<section class=\"promotionalBanner\">\r\n    <p class=\"promotionalText\">Efektyviausias b\u016bdas mokytis kalbos<\/p>\r\n    <a class=\"promotionalLink\" href=\"https:\/\/app.talkpal.ai\/lt\/signup?lng=\">I\u0161bandykite Talkpal &#8221; nemokamai<\/a>\r\n<\/section>\n<div class=\"wp-block-group pageContainerStyle\"><div class=\"wp-block-group__inner-container is-layout-constrained wp-block-group-is-layout-constrained\">\n<h2 class=\"wp-block-heading\" id=\"h-the-ultimate-guide-to-turkish-grammar-navigating-the-intricacies-of-a-unique-language\">Galutinis turk\u0173 kalbos gramatikos vadovas: unikalios kalbos subtilybi\u0173 nar\u0161ymas<\/h2>\n\n\n\n<p>Turk\u0173 gramatika, kaip ir pati kalba, pateikia turting\u0105 ir \u012fsp\u016bding\u0105 kalbini\u0173 element\u0173 gobelen\u0105. Kaip tiurk\u0173 kalb\u0173 \u0161eimos narys, turk\u0173 kalba \u017eavi besimokan\u010diuosius savo \u012fvairiomis savyb\u0117mis ir i\u0161\u0161\u016bkiais net labiausiai \u012fgudusiems kalb\u0117tojams. \u0160iame vadove mes i\u0161nagrin\u0117sime pagrindinius turk\u0173 kalbos gramatikos principus, atskleisime jos sud\u0117tingum\u0105 ir pad\u0117sime jums laisvai kalb\u0117ti \u0161ia patrauklia kalba. Prad\u0117kime!<\/p>\n\n\n\n<h3 class=\"wp-block-heading\" id=\"h-the-nuts-and-bolts-turkish-sentence-structure\">Ver\u017el\u0117s ir var\u017etai: turk\u0173 sakini\u0173 strukt\u016bra<\/h3>\n\n\n\n<p>I\u0161 esm\u0117s turk\u0173 gramatika yra gana paprasta. Kalba paprastai atitinka dalyko-objekto-veiksma\u017eod\u017eio (SOV) sakinio strukt\u016br\u0105, skirtingai nei <a href=\"https:\/\/talkpal.ai\/learn-english-with-ai\/\">angl\u0173<\/a> ir daugelis kit\u0173 kalb\u0173. Pavyzd\u017eiui, sakinys &#8222;A\u0161 valgau obuol\u012f&#8221; ver\u010diamas taip: &#8222;Ben elma yiyorum&#8221; (Ben = a\u0161, elma = obuolys, yiyorum = valgyti). Paprasta, tiesa? Vis d\u0117lto, <a href=\"https:\/\/talkpal.ai\/locations\/language-courses-in-kai\/\">kai<\/a> gilinsim\u0117s, susidursite su keliomis intriguojan\u010diomis ir savitomis turk\u0173 kalbos gramatikos ypatyb\u0117mis.<\/p>\n\n\n\n<h3 class=\"wp-block-heading\" id=\"h-meet-the-family-turkish-nouns-and-their-suffixes\">Susipa\u017einkite su \u0161eima: turk\u0173 kalbos daiktavard\u017eiai ir j\u0173 priesagos<\/h3>\n\n\n\n<p>Vienas i\u0161 labiausiai b\u016bding\u0173 turk\u0173 gramatikos bruo\u017e\u0173 yra priesag\u0173 naudojimas \u012fvairiems gramatiniams santykiams i\u0161reik\u0161ti. Turk\u0173 kalboje n\u0117ra prielinksni\u0173; Vietoj j\u0173 prie daiktavard\u017ei\u0173 pridedamos priesagos, nurodan\u010dios tur\u0117jim\u0105, tiesioginius objektus ir viet\u0105.<\/p>\n\n\n\n<p>Pavyzd\u017eiui, paimkime \u017eod\u012f &#8222;elma&#8221; (elma), kuris rei\u0161kia &#8222;obuolys&#8221;:<\/p>\n\n\n\n<p><strong>&#8211; Tur\u0117jimas: Benim elmam (Mano obuolys)<\/strong><\/p>\n\n\n\n<p><strong>&#8211; Tiesioginis objektas: Elmay\u0131 yedim (A\u0161 suvalgiau obuol\u012f)<\/strong><\/p>\n\n\n\n<p><strong>&#8211; Vieta: Elmada (prie obuolio)<\/strong><\/p>\n\n\n\n<p>Svarbu susipa\u017einti su \u0161iomis priesagomis, nes jos gali i\u0161 esm\u0117s pakeisti sakini\u0173 prasm\u0119.<\/p>\n\n\n\n<h3 class=\"wp-block-heading\" id=\"h-playing-with-numbers-turkish-plurals-and-genders\">\u017daidimas su skai\u010diais: turk\u0173 daugiskaita ir lytys<\/h3>\n\n\n\n<p>Sudarant turk\u0173 kalbos daugiskait\u0105, b\u016btina prid\u0117ti tik vien\u0105 priesag\u0105: -ler arba -lar, priklausomai nuo artimiausios \u017eod\u017eio bals\u0117s. Skirtingai nuo daugelio kit\u0173 kalb\u0173, turk\u0173 kalba neturi gramatin\u0117s gimin\u0117s. Tai rei\u0161kia, kad jums nereik\u0117s mokytis skirting\u0173 vyri\u0161kosios, moteri\u0161kosios ar gimini\u0161kosios gimin\u0117s daiktavard\u017ei\u0173 gal\u016bni\u0173 ar form\u0173.<\/p>\n\n\n\n<p>Pavyzd\u017eiui, &#8222;k\u00f6pek&#8221; (k\u00f6pek, daiktavardis, rei\u0161kiantis &#8222;\u0161uo&#8221;) tampa &#8222;k\u00f6pekler&#8221; (k\u00f6pekler, \u0161unys), o &#8222;kedi&#8221; (kedi, daiktavardis, rei\u0161kiantis &#8222;kat\u0117&#8221;) tampa &#8222;kediler&#8221; (kediler, kat\u0117s).<\/p>\n\n\n\n<h3 class=\"wp-block-heading\" id=\"h-the-art-of-conjugation-turkish-verbs\">Konjugacijos menas: turk\u0173 veiksma\u017eod\u017eiai<\/h3>\n\n\n\n<p>Turk\u0173 veiksma\u017eod\u017eiai i\u0161 prad\u017ei\u0173 gali pasirodyti bauginantys d\u0117l daugyb\u0117s laik\u0173, nuotaik\u0173 ir konjugacij\u0173. Ta\u010diau raktas \u012f j\u0173 supratim\u0105 yra atpa\u017einti bendrus modelius ir reguliariai praktikuoti.<\/p>\n\n\n\n<p>Turk\u0173 kalba veiksma\u017eod\u017eiai naudoja \u012fvairias priesagas, kad nurodyt\u0173 \u012ftamp\u0105, nuotaik\u0105 ir asmen\u012f. Veiksma\u017eod\u017eio kamienas lieka nepakit\u0119s. Kaip pavyzd\u012f paimkime veiksma\u017eod\u012f &#8222;yemek&#8221; (yemek, &#8222;valgyti&#8221;):<\/p>\n\n\n\n<p><strong>Dabartin\u0117 nuolatin\u0117 \u012ftampa: Yiyorum (a\u0161 valgau)<\/strong><\/p>\n\n\n\n<p><strong>Praeitis: Yedim (a\u0161 valgiau)<\/strong><\/p>\n\n\n\n<p><strong>Ateities \u012ftampa: Yiyece\u011fim (a\u0161 valgysiu)<\/strong><\/p>\n\n\n\n<p>Kaip matote, gal\u016bn\u0117s kei\u010diasi pagal \u012ftamp\u0105 ir asmen\u012f. Pasitelk\u0119 praktik\u0105 ir kantryb\u0119, prad\u0117site atpa\u017einti d\u0117sningumus ir \u012fveiksite \u0161\u012f i\u0161\u0161\u016bk\u012f.<\/p>\n\n\n\n<h3 class=\"wp-block-heading\" id=\"h-the-finishing-touches-turkish-adjectives-adverbs-and-more\">Baigiamieji prisilietimai: turk\u0173 kalbos b\u016bdvard\u017eiai, prieveiksmiai ir kt<\/h3>\n\n\n\n<p>Kalbant apie turk\u0173 b\u016bdvard\u017eius ir prieveiksmius, jie atlieka svarb\u0173 vaidmen\u012f pridedant j\u016bs\u0173 kalbos gyl\u012f ir sud\u0117tingum\u0105. Turk\u0173 kalboje b\u016bdvard\u017eiams nereikia sutikti su daiktavard\u017eiais, kuriuos jie kei\u010dia, tod\u0117l juos vartoti lengviau nei daugelyje kit\u0173 kalb\u0173.<\/p>\n\n\n\n<p>Pavyzd\u017eiui, &#8222;g\u00fczel&#8221; (g\u00fczel) rei\u0161kia &#8222;gra\u017eus&#8221;, tod\u0117l j\u012f galite matyti kaip &#8222;g\u00fczel \u00e7i\u00e7ek&#8221; (g\u00fczel \u00e7i\u00e7ek, &#8222;gra\u017ei g\u0117l\u0117&#8221;) arba &#8222;g\u00fczel k\u00f6pek&#8221; (g\u00fczel k\u00f6pek, &#8222;gra\u017eus \u0161uo&#8221;), nekei\u010diant nei daugiskaitos, nei gimin\u0117s.<\/p>\n\n\n\n<p>Adverbai paprastai laikosi pana\u0161i\u0173 modeli\u0173, da\u017enai kilusi\u0173 i\u0161 b\u016bdvard\u017ei\u0173. Turk\u0173 kalba daugelis prieveiksmi\u0173 gali b\u016bti formuojami pridedant priesag\u0105 -ce arba -ca prie b\u016bdvard\u017ei\u0173, priklausomai nuo artimiausio balsio.<\/p>\n\n\n\n<p>Apibendrinant galima teigti, kad turk\u0173 kalbos gramatikos sud\u0117tingumas ir ypatumai, nors ir sud\u0117tingi, suteikia kalbai \u017eavingo gro\u017eio ir charakterio. Pasitelk\u0119 atkaklum\u0105, smalsum\u0105 ir praktin\u012f pritaikym\u0105, netrukus lengvai ir u\u017etikrintai i\u0161moksite turk\u0173 kalbos gramatik\u0105. Smagaus mokymosi!<\/p>\n<\/div><\/div>\n\r\n<section class=\"learnNavigationSection\">\r\n            \r\n        <a href=\"https:\/\/talkpal.ai\/lt\/suzinokite-turku-kalba\/\">\r\n            <div class=\"learnNavigationWrapper\">\r\n                <div class=\"learnNavigationContent\">\r\n                    <img decoding=\"async\" src=\"https:\/\/talkpal.ai\/wp-content\/uploads\/2024\/08\/Turkish.jpg\" alt=\"Turkish Flag\">\r\n                    <div>\r\n                        <h4>Apie turk\u0173 kalbos mokym\u0105si<\/h4>\r\n                        <p>Su\u017einokite visk\u0105 apie turk\u0173 kalbos gramatik\u0105.<\/p>\r\n                    <\/div>\r\n                <\/div>\r\n            <\/div>\r\n        <\/a>\r\n\r\n        \r\n        <a href=\"https:\/\/talkpal.ai\/lt\/turku-kalbos-gramatikos-pratimai\/\">\r\n            <div class=\"learnNavigationWrapper\">\r\n                <div class=\"learnNavigationContent\">\r\n                    <img decoding=\"async\" src=\"https:\/\/talkpal.ai\/wp-content\/uploads\/2024\/08\/Turkish.jpg\" alt=\"Turkish Flag\">\r\n                    <div>\r\n                        <h4>Turk\u0173 kalbos gramatikos pratimai<\/h4>\r\n                        <p>Praktikuokite turk\u0173 kalbos gramatik\u0105.<\/p>\r\n                    <\/div>\r\n                <\/div>\r\n            <\/div>\r\n        <\/a>\r\n\r\n        \r\n        <a href=\"https:\/\/talkpal.ai\/vocabulary_language\/turkish\/\">\r\n            <div class=\"learnNavigationWrapper\">\r\n                <div class=\"learnNavigationContent\">\r\n                    <img decoding=\"async\" src=\"https:\/\/talkpal.ai\/wp-content\/uploads\/2024\/08\/Turkish.jpg\" alt=\"Turkish Flag\">\r\n                    <div>\r\n                        <h4>Turk\u0173 kalbos \u017eodynas<\/h4>\r\n                        <p>Prapl\u0117skite savo turk\u0173 kalbos \u017eodyn\u0105.<\/p>\r\n                    <\/div>\r\n                <\/div>\r\n            <\/div>\r\n        <\/a>\r\n\r\n            <\/section>","protected":false},"excerpt":{"rendered":"<p>Galutinis turk\u0173 kalbos gramatikos vadovas: unikalios kalbos subtilybi\u0173 nar\u0161ymas Turk\u0173 gramatika, kaip ir pati kalba, pateikia turting\u0105 ir \u012fsp\u016bding\u0105 kalbini\u0173 element\u0173 gobelen\u0105. Kaip tiurk\u0173 kalb\u0173 \u0161eimos narys, turk\u0173 kalba \u017eavi besimokan\u010diuosius savo \u012fvairiomis savyb\u0117mis ir i\u0161\u0161\u016bkiais net labiausiai \u012fgudusiems kalb\u0117tojams. \u0160iame vadove mes i\u0161nagrin\u0117sime pagrindinius turk\u0173 kalbos gramatikos principus, atskleisime jos sud\u0117tingum\u0105 ir pad\u0117sime jums [&hellip;]<\/p>\n","protected":false},"author":1,"featured_media":120949,"parent":0,"menu_order":0,"comment_status":"closed","ping_status":"closed","template":"LearningContentPage.php","meta":{"_acf_changed":false,"footnotes":""},"class_list":["post-153263","page","type-page","status-publish","has-post-thumbnail","hentry"],"acf":[],"yoast_head":"<!-- This site is optimized with the Yoast SEO Premium plugin v27.2 (Yoast SEO v27.2) - https:\/\/yoast.com\/product\/yoast-seo-premium-wordpress\/ -->\n<title>Turk\u0173 kalbos gramatika - Talkpal<\/title>\n<meta name=\"description\" content=\"Atskleiskite turk\u0173 kalbos gramatikos paslaptis, naudodamiesi i\u0161samiu vadovu apie pagrindinius gramatikos principus ir sakinio strukt\u016br\u0105.\" \/>\n<meta name=\"robots\" content=\"index, follow, max-snippet:-1, max-image-preview:large, max-video-preview:-1\" \/>\n<link rel=\"canonical\" href=\"https:\/\/talkpal.ai\/lt\/turku-kalbos-gramatika\/\" \/>\n<meta property=\"og:locale\" content=\"lt_LT\" \/>\n<meta property=\"og:type\" content=\"article\" \/>\n<meta property=\"og:title\" content=\"Turk\u0173 kalbos gramatika\" \/>\n<meta property=\"og:description\" content=\"Galutinis turk\u0173 kalbos gramatikos vadovas: unikalios kalbos subtilybi\u0173 nar\u0161ymas Turk\u0173 gramatika, kaip ir pati kalba, pateikia turting\u0105 ir \u012fsp\u016bding\u0105\" \/>\n<meta property=\"og:url\" content=\"https:\/\/talkpal.ai\/lt\/turku-kalbos-gramatika\/\" \/>\n<meta property=\"og:site_name\" content=\"Talkpal\" \/>\n<meta property=\"article:publisher\" content=\"https:\/\/www.facebook.com\/profile.php?id=100090733639311\" \/>\n<meta property=\"article:modified_time\" content=\"2025-12-13T15:56:10+00:00\" \/>\n<meta property=\"og:image\" content=\"https:\/\/talkpal.ai\/wp-content\/uploads\/2023\/05\/turkish.png\" \/>\n\t<meta property=\"og:image:width\" content=\"512\" \/>\n\t<meta property=\"og:image:height\" content=\"512\" \/>\n\t<meta property=\"og:image:type\" content=\"image\/png\" \/>\n<meta name=\"twitter:card\" content=\"summary_large_image\" \/>\n<meta name=\"twitter:site\" content=\"@talkpalai\" \/>\n<meta name=\"twitter:label1\" content=\"Est. reading time\" \/>\n\t<meta name=\"twitter:data1\" content=\"3 minut\u0117s\" \/>\n<script type=\"application\/ld+json\" class=\"yoast-schema-graph\">{\"@context\":\"https:\/\/schema.org\",\"@graph\":[{\"@type\":\"WebPage\",\"@id\":\"https:\/\/talkpal.ai\/lt\/turku-kalbos-gramatika\/\",\"url\":\"https:\/\/talkpal.ai\/lt\/turku-kalbos-gramatika\/\",\"name\":\"Turk\u0173 kalbos gramatika - Talkpal\",\"isPartOf\":{\"@id\":\"https:\/\/talkpal.ai\/lt\/#website\"},\"primaryImageOfPage\":{\"@id\":\"https:\/\/talkpal.ai\/lt\/turku-kalbos-gramatika\/#primaryimage\"},\"image\":{\"@id\":\"https:\/\/talkpal.ai\/lt\/turku-kalbos-gramatika\/#primaryimage\"},\"thumbnailUrl\":\"https:\/\/talkpal.ai\/wp-content\/uploads\/2023\/05\/turkish.png\",\"datePublished\":\"2023-05-14T14:23:49+00:00\",\"dateModified\":\"2025-12-13T15:56:10+00:00\",\"description\":\"Atskleiskite turk\u0173 kalbos gramatikos paslaptis, naudodamiesi i\u0161samiu vadovu apie pagrindinius gramatikos principus ir sakinio strukt\u016br\u0105.\",\"breadcrumb\":{\"@id\":\"https:\/\/talkpal.ai\/lt\/turku-kalbos-gramatika\/#breadcrumb\"},\"inLanguage\":\"lt-LT\",\"potentialAction\":[{\"@type\":\"ReadAction\",\"target\":[\"https:\/\/talkpal.ai\/lt\/turku-kalbos-gramatika\/\"]}]},{\"@type\":\"ImageObject\",\"inLanguage\":\"lt-LT\",\"@id\":\"https:\/\/talkpal.ai\/lt\/turku-kalbos-gramatika\/#primaryimage\",\"url\":\"https:\/\/talkpal.ai\/wp-content\/uploads\/2023\/05\/turkish.png\",\"contentUrl\":\"https:\/\/talkpal.ai\/wp-content\/uploads\/2023\/05\/turkish.png\",\"width\":512,\"height\":512},{\"@type\":\"BreadcrumbList\",\"@id\":\"https:\/\/talkpal.ai\/lt\/turku-kalbos-gramatika\/#breadcrumb\",\"itemListElement\":[{\"@type\":\"ListItem\",\"position\":1,\"name\":\"Homepage\",\"item\":\"https:\/\/talkpal.ai\/lt\/\"},{\"@type\":\"ListItem\",\"position\":2,\"name\":\"Turk\u0173 kalbos gramatika\"}]},{\"@type\":\"WebSite\",\"@id\":\"https:\/\/talkpal.ai\/lt\/#website\",\"url\":\"https:\/\/talkpal.ai\/lt\/\",\"name\":\"Talkpal\",\"description\":\"AI Language Learning\",\"publisher\":{\"@id\":\"https:\/\/talkpal.ai\/lt\/#organization\"},\"alternateName\":\"Talkpal AI\",\"potentialAction\":[{\"@type\":\"SearchAction\",\"target\":{\"@type\":\"EntryPoint\",\"urlTemplate\":\"https:\/\/talkpal.ai\/lt\/?s={search_term_string}\"},\"query-input\":{\"@type\":\"PropertyValueSpecification\",\"valueRequired\":true,\"valueName\":\"search_term_string\"}}],\"inLanguage\":\"lt-LT\"},{\"@type\":\"Organization\",\"@id\":\"https:\/\/talkpal.ai\/lt\/#organization\",\"name\":\"Talkpal, Inc.\",\"alternateName\":\"Talkpal AI\",\"url\":\"https:\/\/talkpal.ai\/lt\/\",\"logo\":{\"@type\":\"ImageObject\",\"inLanguage\":\"lt-LT\",\"@id\":\"https:\/\/talkpal.ai\/lt\/#\/schema\/logo\/image\/\",\"url\":\"https:\/\/talkpal.ai\/wp-content\/uploads\/2024\/03\/Talkpal-Logo-Icon.png\",\"contentUrl\":\"https:\/\/talkpal.ai\/wp-content\/uploads\/2024\/03\/Talkpal-Logo-Icon.png\",\"width\":2880,\"height\":2880,\"caption\":\"Talkpal, Inc.\"},\"image\":{\"@id\":\"https:\/\/talkpal.ai\/lt\/#\/schema\/logo\/image\/\"},\"sameAs\":[\"https:\/\/www.facebook.com\/profile.php?id=100090733639311\",\"https:\/\/x.com\/talkpalai\",\"https:\/\/www.linkedin.com\/company\/talkpal\/\",\"https:\/\/www.youtube.com\/@TalkPal\/\",\"https:\/\/www.tiktok.com\/@talkpal\",\"https:\/\/www.instagram.com\/talkpal_ai\/\",\"https:\/\/www.crunchbase.com\/organization\/talkpal-9cde\",\"https:\/\/www.g2.com\/products\/talkpal-for-business\/\",\"https:\/\/www.trustpilot.com\/review\/talkpal.ai\",\"https:\/\/www.capterra.com\/p\/10006800\/TalkPal\/\"],\"description\":\"Talkpal is a language learning web and mobile education app, powered by the latest AI technologies, that provides engaging experiences to its customers in many different languages to help them improve their language skills. Users can chat about unlimited amount of topics with the app and use other modes to practice their language learning.\",\"email\":\"support@talkpal.ai\",\"legalName\":\"Talkpal, Inc.\",\"foundingDate\":\"2023-04-03\",\"duns\":\"118989042\",\"numberOfEmployees\":{\"@type\":\"QuantitativeValue\",\"minValue\":\"11\",\"maxValue\":\"50\"},\"publishingPrinciples\":\"https:\/\/talkpal.ai\/publishing-principles\/\",\"actionableFeedbackPolicy\":\"https:\/\/talkpal.ai\/actionable-feedback-policy\/\",\"correctionsPolicy\":\"https:\/\/talkpal.ai\/corrections-policy\/\",\"ethicsPolicy\":\"https:\/\/talkpal.ai\/ethics-policy\/\",\"diversityPolicy\":\"https:\/\/talkpal.ai\/diversity-policy\/\",\"diversityStaffingReport\":\"https:\/\/talkpal.ai\/diversity-policy\/\"}]}<\/script>\n<!-- \/ Yoast SEO Premium plugin. -->","yoast_head_json":{"title":"Turk\u0173 kalbos gramatika - Talkpal","description":"Atskleiskite turk\u0173 kalbos gramatikos paslaptis, naudodamiesi i\u0161samiu vadovu apie pagrindinius gramatikos principus ir sakinio strukt\u016br\u0105.","robots":{"index":"index","follow":"follow","max-snippet":"max-snippet:-1","max-image-preview":"max-image-preview:large","max-video-preview":"max-video-preview:-1"},"canonical":"https:\/\/talkpal.ai\/lt\/turku-kalbos-gramatika\/","og_locale":"lt_LT","og_type":"article","og_title":"Turk\u0173 kalbos gramatika","og_description":"Galutinis turk\u0173 kalbos gramatikos vadovas: unikalios kalbos subtilybi\u0173 nar\u0161ymas Turk\u0173 gramatika, kaip ir pati kalba, pateikia turting\u0105 ir \u012fsp\u016bding\u0105","og_url":"https:\/\/talkpal.ai\/lt\/turku-kalbos-gramatika\/","og_site_name":"Talkpal","article_publisher":"https:\/\/www.facebook.com\/profile.php?id=100090733639311","article_modified_time":"2025-12-13T15:56:10+00:00","og_image":[{"width":512,"height":512,"url":"https:\/\/talkpal.ai\/wp-content\/uploads\/2023\/05\/turkish.png","type":"image\/png"}],"twitter_card":"summary_large_image","twitter_site":"@talkpalai","twitter_misc":{"Est. reading time":"3 minut\u0117s"},"schema":{"@context":"https:\/\/schema.org","@graph":[{"@type":"WebPage","@id":"https:\/\/talkpal.ai\/lt\/turku-kalbos-gramatika\/","url":"https:\/\/talkpal.ai\/lt\/turku-kalbos-gramatika\/","name":"Turk\u0173 kalbos gramatika - Talkpal","isPartOf":{"@id":"https:\/\/talkpal.ai\/lt\/#website"},"primaryImageOfPage":{"@id":"https:\/\/talkpal.ai\/lt\/turku-kalbos-gramatika\/#primaryimage"},"image":{"@id":"https:\/\/talkpal.ai\/lt\/turku-kalbos-gramatika\/#primaryimage"},"thumbnailUrl":"https:\/\/talkpal.ai\/wp-content\/uploads\/2023\/05\/turkish.png","datePublished":"2023-05-14T14:23:49+00:00","dateModified":"2025-12-13T15:56:10+00:00","description":"Atskleiskite turk\u0173 kalbos gramatikos paslaptis, naudodamiesi i\u0161samiu vadovu apie pagrindinius gramatikos principus ir sakinio strukt\u016br\u0105.","breadcrumb":{"@id":"https:\/\/talkpal.ai\/lt\/turku-kalbos-gramatika\/#breadcrumb"},"inLanguage":"lt-LT","potentialAction":[{"@type":"ReadAction","target":["https:\/\/talkpal.ai\/lt\/turku-kalbos-gramatika\/"]}]},{"@type":"ImageObject","inLanguage":"lt-LT","@id":"https:\/\/talkpal.ai\/lt\/turku-kalbos-gramatika\/#primaryimage","url":"https:\/\/talkpal.ai\/wp-content\/uploads\/2023\/05\/turkish.png","contentUrl":"https:\/\/talkpal.ai\/wp-content\/uploads\/2023\/05\/turkish.png","width":512,"height":512},{"@type":"BreadcrumbList","@id":"https:\/\/talkpal.ai\/lt\/turku-kalbos-gramatika\/#breadcrumb","itemListElement":[{"@type":"ListItem","position":1,"name":"Homepage","item":"https:\/\/talkpal.ai\/lt\/"},{"@type":"ListItem","position":2,"name":"Turk\u0173 kalbos gramatika"}]},{"@type":"WebSite","@id":"https:\/\/talkpal.ai\/lt\/#website","url":"https:\/\/talkpal.ai\/lt\/","name":"Talkpal","description":"AI Language Learning","publisher":{"@id":"https:\/\/talkpal.ai\/lt\/#organization"},"alternateName":"Talkpal AI","potentialAction":[{"@type":"SearchAction","target":{"@type":"EntryPoint","urlTemplate":"https:\/\/talkpal.ai\/lt\/?s={search_term_string}"},"query-input":{"@type":"PropertyValueSpecification","valueRequired":true,"valueName":"search_term_string"}}],"inLanguage":"lt-LT"},{"@type":"Organization","@id":"https:\/\/talkpal.ai\/lt\/#organization","name":"Talkpal, Inc.","alternateName":"Talkpal AI","url":"https:\/\/talkpal.ai\/lt\/","logo":{"@type":"ImageObject","inLanguage":"lt-LT","@id":"https:\/\/talkpal.ai\/lt\/#\/schema\/logo\/image\/","url":"https:\/\/talkpal.ai\/wp-content\/uploads\/2024\/03\/Talkpal-Logo-Icon.png","contentUrl":"https:\/\/talkpal.ai\/wp-content\/uploads\/2024\/03\/Talkpal-Logo-Icon.png","width":2880,"height":2880,"caption":"Talkpal, Inc."},"image":{"@id":"https:\/\/talkpal.ai\/lt\/#\/schema\/logo\/image\/"},"sameAs":["https:\/\/www.facebook.com\/profile.php?id=100090733639311","https:\/\/x.com\/talkpalai","https:\/\/www.linkedin.com\/company\/talkpal\/","https:\/\/www.youtube.com\/@TalkPal\/","https:\/\/www.tiktok.com\/@talkpal","https:\/\/www.instagram.com\/talkpal_ai\/","https:\/\/www.crunchbase.com\/organization\/talkpal-9cde","https:\/\/www.g2.com\/products\/talkpal-for-business\/","https:\/\/www.trustpilot.com\/review\/talkpal.ai","https:\/\/www.capterra.com\/p\/10006800\/TalkPal\/"],"description":"Talkpal is a language learning web and mobile education app, powered by the latest AI technologies, that provides engaging experiences to its customers in many different languages to help them improve their language skills. Users can chat about unlimited amount of topics with the app and use other modes to practice their language learning.","email":"support@talkpal.ai","legalName":"Talkpal, Inc.","foundingDate":"2023-04-03","duns":"118989042","numberOfEmployees":{"@type":"QuantitativeValue","minValue":"11","maxValue":"50"},"publishingPrinciples":"https:\/\/talkpal.ai\/publishing-principles\/","actionableFeedbackPolicy":"https:\/\/talkpal.ai\/actionable-feedback-policy\/","correctionsPolicy":"https:\/\/talkpal.ai\/corrections-policy\/","ethicsPolicy":"https:\/\/talkpal.ai\/ethics-policy\/","diversityPolicy":"https:\/\/talkpal.ai\/diversity-policy\/","diversityStaffingReport":"https:\/\/talkpal.ai\/diversity-policy\/"}]}},"_links":{"self":[{"href":"https:\/\/talkpal.ai\/lt\/wp-json\/wp\/v2\/pages\/153263","targetHints":{"allow":["GET"]}}],"collection":[{"href":"https:\/\/talkpal.ai\/lt\/wp-json\/wp\/v2\/pages"}],"about":[{"href":"https:\/\/talkpal.ai\/lt\/wp-json\/wp\/v2\/types\/page"}],"author":[{"embeddable":true,"href":"https:\/\/talkpal.ai\/lt\/wp-json\/wp\/v2\/users\/1"}],"replies":[{"embeddable":true,"href":"https:\/\/talkpal.ai\/lt\/wp-json\/wp\/v2\/comments?post=153263"}],"version-history":[{"count":0,"href":"https:\/\/talkpal.ai\/lt\/wp-json\/wp\/v2\/pages\/153263\/revisions"}],"wp:featuredmedia":[{"embeddable":true,"href":"https:\/\/talkpal.ai\/lt\/wp-json\/wp\/v2\/media\/120949"}],"wp:attachment":[{"href":"https:\/\/talkpal.ai\/lt\/wp-json\/wp\/v2\/media?parent=153263"}],"curies":[{"name":"wp","href":"https:\/\/api.w.org\/{rel}","templated":true}]}}