{"id":152969,"date":"2023-05-14T14:23:21","date_gmt":"2023-05-14T14:23:21","guid":{"rendered":"http:\/\/talkpal.ai\/tagalogo-gramatika\/"},"modified":"2025-12-17T15:38:59","modified_gmt":"2025-12-17T15:38:59","slug":"tagalogo-gramatika","status":"publish","type":"page","link":"https:\/\/talkpal.ai\/lt\/tagalogo-gramatika\/","title":{"rendered":"Tagalogo gramatika"},"content":{"rendered":"\r\n\r\n\r\n<section class=\"languageChallengeSection\">\r\n    <div class=\"languageInfoWrapper\">\r\n        \r\n        <h1>Tagalogo gramatika<\/h1>\r\n        <p>Nekantraujate i\u0161mokti <a href=\"https:\/\/talkpal.ai\/learn-tagalog\/\">Tagalog<\/a>? Tyrin\u0117kite Tagalog gramatik\u0105, kur unikalios veiksma\u017eod\u017ei\u0173 fokusavimo sistemos, lanksti sakini\u0173 tvarka ir naudingos dalel\u0117s sukuria kalb\u0105, kuri yra tiek i\u0161rai\u0161kinga, tiek \u012fdomi. Prad\u0117kite savo kelion\u0119 dabar &#8211; \u012fvald\u0119 Tagalog gramatik\u0105 gal\u0117site u\u017etikrintai bendrauti ir pasinerti \u012f gyvybing\u0105 Filipin\u0173 kult\u016br\u0105!<\/p>\r\n\r\n                            <a class=\"getStartedHidden\" href=\"https:\/\/app.talkpal.ai\/lt\/signup?lng=\">Prad\u0117k<\/a>\r\n        \r\n    <\/div>\r\n\r\n    <figure>\r\n    <img decoding=\"async\" width=\"768\" height=\"768\" src=\"https:\/\/talkpal.ai\/wp-content\/uploads\/2023\/06\/tagalog-768x768.png\" class=\"languageImage no-lazy\" alt=\"Overcoming challenges in language learning\" fetchpriority=\"high\" sizes=\"(max-width: 768px) 150px, 768px\" srcset=\"https:\/\/talkpal.ai\/wp-content\/uploads\/2023\/06\/tagalog-768x768.png 768w, https:\/\/talkpal.ai\/wp-content\/uploads\/2023\/06\/tagalog-300x300.png 300w\" \/>\r\n    \r\n\r\n    <\/figure>\r\n\r\n            <a class=\"getStartedVisible\" href=\"https:\/\/app.talkpal.ai\/lt\/signup?lng=\">Prad\u0117k<\/a>\r\n    \r\n<\/section>\r\n<section class=\"promotionalBanner\">\r\n    <p class=\"promotionalText\">Efektyviausias b\u016bdas mokytis <a href=\"https:\/\/talkpal.ai\/what-language-is-spoken-on-the-international-space-station\/\">kalbos<\/a><\/p>\r\n    <a class=\"promotionalLink\" href=\"https:\/\/app.talkpal.ai\/lt\/signup?lng=\">I\u0161bandykite Talkpal &#8221; nemokamai<\/a>\r\n<\/section>\n<div class=\"wp-block-group pageContainerStyle\"><div class=\"wp-block-group__inner-container is-layout-constrained wp-block-group-is-layout-constrained\">\n<h1 class=\"wp-block-heading\" id=\"h-tagalog-grammar-get-to-know-the-heart-of-filipino-language\">Tagalog gramatika: susipa\u017einkite su filipinie\u010di\u0173 kalbos \u0161irdimi<\/h1>\n\n\n\n<p><a href=\"https:\/\/talkpal.ai\/learn-tagalog\/\">Tagalogu<\/a>, Filipin\u0173 nacionalin\u0117s kalbos, filipinie\u010di\u0173, pagrindu, kalba milijonai \u017emoni\u0173 visame pasaulyje. Nor\u0117dami i\u0161mokti Tagalog, pirmiausia turite suprasti jo sud\u0117ting\u0105 ir patraukli\u0105 gramatik\u0105. \u0160iame straipsnyje mes \u012fsigilinsime \u012f esminius Tagalog gramatikos aspektus, pad\u0117dami jums \u012fvertinti \u0161i\u0105 gra\u017ei\u0105 kalb\u0105 \u0161nekamuoju ir draugi\u0161ku b\u016bdu.<\/p>\n\n\n\n<h3 class=\"wp-block-heading\" id=\"h-1-nouns-genderless-countable-and-uncountable\">1. Daiktavard\u017eiai \u2013 bely\u010diai, skai\u010diuojami ir nesuskai\u010diuojami<\/h3>\n\n\n\n<p>Tagaloge daiktavard\u017eiai (pangngalan) n\u0117ra suskirstyti \u012f kategorijas pagal lyt\u012f, tod\u0117l juos lengviau valdyti nei <a href=\"https:\/\/talkpal.ai\/locations\/language-courses-in-kai\/\">kai<\/a> kurias kitas kalbas. Bendrieji daiktavard\u017eiai rei\u0161kia \u017emones, gyv\u016bnus, vietas, daiktus ar id\u0117jas, o tikriniai daiktavard\u017eiai \u017eymi konkre\u010dius vardus. Susidursite tiek su skai\u010diuojamaisiais (tahanan &#8211; &#8222;namas&#8221;), tiek su neskai\u010diuojamaisiais daiktavard\u017eiais (tubig &#8211; &#8222;vanduo&#8221;). Daiktavard\u017eius taip pat galima paversti daugiskaitos formomis pridedant specialius \u017eymenis, pavyzd\u017eiui, &#8222;mga&#8221;.<\/p>\n\n\n\n<h3 class=\"wp-block-heading\" id=\"h-2-adjectives-describing-with-flair\">2. B\u016bdvard\u017eiai \u2013 apib\u016bdinimas su nuojauta<\/h3>\n\n\n\n<p>B\u016bdvard\u017eiai (pang-uri) suteikia daugiau informacijos apie daiktavard\u017eius, keliais b\u016bdais naudojant b\u016bdvard\u017eius Tagalog. Daiktavard\u017eiai lyginami b\u016bdvard\u017eiais, naudojant \u017eymenis &#8222;mas&#8221; ir &#8222;pinaka&#8221; lyginamajam ir auk\u0161tesniajam laipsniui sudaryti. Pavyzd\u017eiui, &#8222;maganda&#8221; rei\u0161kia &#8222;gra\u017eus&#8221;, &#8222;mas maganda&#8221; &#8211; &#8222;gra\u017eesnis&#8221;, o &#8222;pinakamaganda&#8221; &#8211; &#8222;gra\u017eiausias&#8221;.<\/p>\n\n\n\n<h3 class=\"wp-block-heading\" id=\"h-3-pronouns-keeping-it-personal\">3. \u012evard\u017eiai \u2013 asmeni\u0161kumas<\/h3>\n\n\n\n<p>Tagal\u0173 gramatik\u0105 sudaro asmeniniai, turiningi, demonstratyv\u016bs, klausiamieji ir santykiniai \u012fvard\u017eiai. <a href=\"https:\/\/talkpal.ai\/culture\/what-are-the-personal-pronouns-in-lithuanian\/\">Asmeniniai \u012fvard\u017eiai<\/a> b\u016bna trimis atvejais: nominacinis (nurodantis subjekt\u0105), genityvus (nurodantis tur\u0117jim\u0105) ir akustinis (nurodantis objekt\u0105). Demonstraciniai \u012fvard\u017eiai, tokie kaip &#8222;ito&#8221; (\u0161is) ir &#8222;iyan&#8221; (tas), vartojami norint nurodyti konkre\u010dius dalykus, o klausiamieji \u012fvard\u017eiai vartojami u\u017eduodant klausimus.<\/p>\n\n\n\n<h3 class=\"wp-block-heading\" id=\"h-4-verbs-conjugation-and-focus\">4. Veiksma\u017eod\u017eiai \u2013 konjugacija ir fokusavimas<\/h3>\n\n\n\n<p>Tagalog veiksma\u017eod\u017eiai (pandiwa) vaidina gyvybi\u0161kai svarb\u0173 vaidmen\u012f sakinio konstrukcijoje, o j\u0173 konjugacija yra skirtinga. Vietoj \u012ftempt\u0173 poky\u010di\u0173, veiksma\u017eod\u017ei\u0173 konjugacijos Tagalog apima aspekt\u0173 poky\u010dius. Yra trys veiksma\u017eod\u017ei\u0173 aspektai: u\u017ebaigtas (tobulas), neu\u017ebaigtas (netobulas) ir apsvarstytas (ateitis).  <\/p>\n\n\n\n<p>Be to, Tagalog turi unikali\u0105 fokusavimo sistem\u0105, susijusi\u0105 su veiksma\u017eod\u017eiais. \u0160ioje sistemoje veiksma\u017eod\u017eio forma kei\u010diasi priklausomai nuo to, kuri sakinio dalis yra sutelkta, pvz., Veiksmo objektas, subjektas ar kryptis. Tokie pagrindiniai \u017eymenys kaip &#8222;um-&#8222;, &#8222;mag-&#8221; ir &#8222;-in&#8221; padeda perteikti \u012fvairius niuansus sakiniuose.<\/p>\n\n\n\n<h3 class=\"wp-block-heading\" id=\"h-5-embracing-the-journey\">5. Kelion\u0117s apkabinimas<\/h3>\n\n\n\n<p>Tagalog gramatikos <a href=\"https:\/\/talkpal.ai\/lt\/mokymasis\/\">mokymasis<\/a> reikalauja laiko, pastang\u0173 ir kantryb\u0117s. Ta\u010diau jo unikalumas, \u012fvaldytas, suteikia neprilygstam\u0173 \u012f\u017evalg\u0173 apie Filipin\u0173 kult\u016br\u0105 ir paveld\u0105. B\u016bkite atviri, nuolat praktikuokit\u0117s ir nebijokite kalb\u0117dami daryti klaid\u0173.<\/p>\n\n\n\n<p>Gilindamiesi \u012f tagal\u0173 kalbos gramatikos niuansus, skirkite laiko pasim\u0117gauti jos gyvybingumu ir turtingumu. Pasim\u0117gaukite savo supratimu apie sud\u0117tingum\u0105, d\u0117l kurio \u0161i kalba yra tikrai i\u0161skirtin\u0117. Maligayang pag-aaral &#8211; laimingas mokymasis!<\/p>\n<\/div><\/div>\n\r\n<section class=\"learnNavigationSection\">\r\n            \r\n        <a href=\"https:\/\/talkpal.ai\/lt\/suzinokite-tagalog\/\">\r\n            <div class=\"learnNavigationWrapper\">\r\n                <div class=\"learnNavigationContent\">\r\n                    <img decoding=\"async\" src=\"https:\/\/talkpal.ai\/wp-content\/uploads\/2024\/08\/Tagalog.jpg\" alt=\"Philippines Flag\">\r\n                    <div>\r\n                        <h4>Apie tagal\u0173 kalbos mokym\u0105si<\/h4>\r\n                        <p>Su\u017einokite visk\u0105 apie Tagalog gramatik\u0105.<\/p>\r\n                    <\/div>\r\n                <\/div>\r\n            <\/div>\r\n        <\/a>\r\n\r\n        \r\n        <a href=\"https:\/\/talkpal.ai\/lt\/tagalog-gramatikos-pratimai\/\">\r\n            <div class=\"learnNavigationWrapper\">\r\n                <div class=\"learnNavigationContent\">\r\n                    <img decoding=\"async\" src=\"https:\/\/talkpal.ai\/wp-content\/uploads\/2024\/08\/Tagalog.jpg\" alt=\"Philippines Flag\">\r\n                    <div>\r\n                        <h4>Tagal\u0173 kalbos gramatikos pratybos<\/h4>\r\n                        <p>Praktikuokite Tagalog gramatik\u0105.<\/p>\r\n                    <\/div>\r\n                <\/div>\r\n            <\/div>\r\n        <\/a>\r\n\r\n        \r\n        <a href=\"https:\/\/talkpal.ai\/vocabulary_language\/tagalog\/\">\r\n            <div class=\"learnNavigationWrapper\">\r\n                <div class=\"learnNavigationContent\">\r\n                    <img decoding=\"async\" src=\"https:\/\/talkpal.ai\/wp-content\/uploads\/2024\/08\/Tagalog.jpg\" alt=\"Philippines Flag\">\r\n                    <div>\r\n                        <h4>Tagal\u0173 kalbos \u017eodynas<\/h4>\r\n                        <p>Prapl\u0117skite savo tagal\u0173 kalbos \u017eodyn\u0105.<\/p>\r\n                    <\/div>\r\n                <\/div>\r\n            <\/div>\r\n        <\/a>\r\n\r\n            <\/section>","protected":false},"excerpt":{"rendered":"<p>Tagalog gramatika: susipa\u017einkite su filipinie\u010di\u0173 kalbos \u0161irdimi Tagalogu, Filipin\u0173 nacionalin\u0117s kalbos, filipinie\u010di\u0173, pagrindu, kalba milijonai \u017emoni\u0173 visame pasaulyje. Nor\u0117dami i\u0161mokti Tagalog, pirmiausia turite suprasti jo sud\u0117ting\u0105 ir patraukli\u0105 gramatik\u0105. \u0160iame straipsnyje mes \u012fsigilinsime \u012f esminius Tagalog gramatikos aspektus, pad\u0117dami jums \u012fvertinti \u0161i\u0105 gra\u017ei\u0105 kalb\u0105 \u0161nekamuoju ir draugi\u0161ku b\u016bdu. 1. Daiktavard\u017eiai \u2013 bely\u010diai, skai\u010diuojami ir nesuskai\u010diuojami [&hellip;]<\/p>\n","protected":false},"author":1,"featured_media":119998,"parent":0,"menu_order":0,"comment_status":"closed","ping_status":"closed","template":"LearningContentPage.php","meta":{"_acf_changed":false,"footnotes":""},"class_list":["post-152969","page","type-page","status-publish","has-post-thumbnail","hentry"],"acf":[],"yoast_head":"<!-- This site is optimized with the Yoast SEO Premium plugin v27.2 (Yoast SEO v27.2) - https:\/\/yoast.com\/product\/yoast-seo-premium-wordpress\/ -->\n<title>Tagalogo gramatika - Talkpal<\/title>\n<meta name=\"description\" content=\"Susipa\u017einkite su Tagalog gramatikos pagrindais ir su\u017einokite, kaip paprastai ir draugi\u0161kai \u012fvertinti \u0161i\u0105 gra\u017ei\u0105 kalb\u0105.\" \/>\n<meta name=\"robots\" content=\"index, follow, max-snippet:-1, max-image-preview:large, max-video-preview:-1\" \/>\n<link rel=\"canonical\" href=\"https:\/\/talkpal.ai\/lt\/tagalogo-gramatika\/\" \/>\n<meta property=\"og:locale\" content=\"lt_LT\" \/>\n<meta property=\"og:type\" content=\"article\" \/>\n<meta property=\"og:title\" content=\"Tagalogo gramatika\" \/>\n<meta property=\"og:description\" content=\"Tagalog gramatika: susipa\u017einkite su filipinie\u010di\u0173 kalbos \u0161irdimi Tagalogu, Filipin\u0173 nacionalin\u0117s kalbos, filipinie\u010di\u0173, pagrindu, kalba milijonai \u017emoni\u0173\" \/>\n<meta property=\"og:url\" content=\"https:\/\/talkpal.ai\/lt\/tagalogo-gramatika\/\" \/>\n<meta property=\"og:site_name\" content=\"Talkpal\" \/>\n<meta property=\"article:publisher\" content=\"https:\/\/www.facebook.com\/profile.php?id=100090733639311\" \/>\n<meta property=\"article:modified_time\" content=\"2025-12-17T15:38:59+00:00\" \/>\n<meta property=\"og:image\" content=\"https:\/\/talkpal.ai\/wp-content\/uploads\/2023\/05\/Tagalog-philippines.png\" \/>\n\t<meta property=\"og:image:width\" content=\"512\" \/>\n\t<meta property=\"og:image:height\" content=\"512\" \/>\n\t<meta property=\"og:image:type\" content=\"image\/png\" \/>\n<meta name=\"twitter:card\" content=\"summary_large_image\" \/>\n<meta name=\"twitter:site\" content=\"@talkpalai\" \/>\n<meta name=\"twitter:label1\" content=\"Est. reading time\" \/>\n\t<meta name=\"twitter:data1\" content=\"2 minut\u0117s\" \/>\n<script type=\"application\/ld+json\" class=\"yoast-schema-graph\">{\"@context\":\"https:\/\/schema.org\",\"@graph\":[{\"@type\":\"WebPage\",\"@id\":\"https:\/\/talkpal.ai\/lt\/tagalogo-gramatika\/\",\"url\":\"https:\/\/talkpal.ai\/lt\/tagalogo-gramatika\/\",\"name\":\"Tagalogo gramatika - Talkpal\",\"isPartOf\":{\"@id\":\"https:\/\/talkpal.ai\/lt\/#website\"},\"primaryImageOfPage\":{\"@id\":\"https:\/\/talkpal.ai\/lt\/tagalogo-gramatika\/#primaryimage\"},\"image\":{\"@id\":\"https:\/\/talkpal.ai\/lt\/tagalogo-gramatika\/#primaryimage\"},\"thumbnailUrl\":\"https:\/\/talkpal.ai\/wp-content\/uploads\/2023\/05\/Tagalog-philippines.png\",\"datePublished\":\"2023-05-14T14:23:21+00:00\",\"dateModified\":\"2025-12-17T15:38:59+00:00\",\"description\":\"Susipa\u017einkite su Tagalog gramatikos pagrindais ir su\u017einokite, kaip paprastai ir draugi\u0161kai \u012fvertinti \u0161i\u0105 gra\u017ei\u0105 kalb\u0105.\",\"breadcrumb\":{\"@id\":\"https:\/\/talkpal.ai\/lt\/tagalogo-gramatika\/#breadcrumb\"},\"inLanguage\":\"lt-LT\",\"potentialAction\":[{\"@type\":\"ReadAction\",\"target\":[\"https:\/\/talkpal.ai\/lt\/tagalogo-gramatika\/\"]}]},{\"@type\":\"ImageObject\",\"inLanguage\":\"lt-LT\",\"@id\":\"https:\/\/talkpal.ai\/lt\/tagalogo-gramatika\/#primaryimage\",\"url\":\"https:\/\/talkpal.ai\/wp-content\/uploads\/2023\/05\/Tagalog-philippines.png\",\"contentUrl\":\"https:\/\/talkpal.ai\/wp-content\/uploads\/2023\/05\/Tagalog-philippines.png\",\"width\":512,\"height\":512},{\"@type\":\"BreadcrumbList\",\"@id\":\"https:\/\/talkpal.ai\/lt\/tagalogo-gramatika\/#breadcrumb\",\"itemListElement\":[{\"@type\":\"ListItem\",\"position\":1,\"name\":\"Homepage\",\"item\":\"https:\/\/talkpal.ai\/lt\/\"},{\"@type\":\"ListItem\",\"position\":2,\"name\":\"Tagalogo gramatika\"}]},{\"@type\":\"WebSite\",\"@id\":\"https:\/\/talkpal.ai\/lt\/#website\",\"url\":\"https:\/\/talkpal.ai\/lt\/\",\"name\":\"Talkpal\",\"description\":\"AI Language Learning\",\"publisher\":{\"@id\":\"https:\/\/talkpal.ai\/lt\/#organization\"},\"alternateName\":\"Talkpal AI\",\"potentialAction\":[{\"@type\":\"SearchAction\",\"target\":{\"@type\":\"EntryPoint\",\"urlTemplate\":\"https:\/\/talkpal.ai\/lt\/?s={search_term_string}\"},\"query-input\":{\"@type\":\"PropertyValueSpecification\",\"valueRequired\":true,\"valueName\":\"search_term_string\"}}],\"inLanguage\":\"lt-LT\"},{\"@type\":\"Organization\",\"@id\":\"https:\/\/talkpal.ai\/lt\/#organization\",\"name\":\"Talkpal, Inc.\",\"alternateName\":\"Talkpal AI\",\"url\":\"https:\/\/talkpal.ai\/lt\/\",\"logo\":{\"@type\":\"ImageObject\",\"inLanguage\":\"lt-LT\",\"@id\":\"https:\/\/talkpal.ai\/lt\/#\/schema\/logo\/image\/\",\"url\":\"https:\/\/talkpal.ai\/wp-content\/uploads\/2024\/03\/Talkpal-Logo-Icon.png\",\"contentUrl\":\"https:\/\/talkpal.ai\/wp-content\/uploads\/2024\/03\/Talkpal-Logo-Icon.png\",\"width\":2880,\"height\":2880,\"caption\":\"Talkpal, Inc.\"},\"image\":{\"@id\":\"https:\/\/talkpal.ai\/lt\/#\/schema\/logo\/image\/\"},\"sameAs\":[\"https:\/\/www.facebook.com\/profile.php?id=100090733639311\",\"https:\/\/x.com\/talkpalai\",\"https:\/\/www.linkedin.com\/company\/talkpal\/\",\"https:\/\/www.youtube.com\/@TalkPal\/\",\"https:\/\/www.tiktok.com\/@talkpal\",\"https:\/\/www.instagram.com\/talkpal_ai\/\",\"https:\/\/www.crunchbase.com\/organization\/talkpal-9cde\",\"https:\/\/www.g2.com\/products\/talkpal-for-business\/\",\"https:\/\/www.trustpilot.com\/review\/talkpal.ai\",\"https:\/\/www.capterra.com\/p\/10006800\/TalkPal\/\"],\"description\":\"Talkpal is a language learning web and mobile education app, powered by the latest AI technologies, that provides engaging experiences to its customers in many different languages to help them improve their language skills. Users can chat about unlimited amount of topics with the app and use other modes to practice their language learning.\",\"email\":\"support@talkpal.ai\",\"legalName\":\"Talkpal, Inc.\",\"foundingDate\":\"2023-04-03\",\"duns\":\"118989042\",\"numberOfEmployees\":{\"@type\":\"QuantitativeValue\",\"minValue\":\"11\",\"maxValue\":\"50\"},\"publishingPrinciples\":\"https:\/\/talkpal.ai\/publishing-principles\/\",\"actionableFeedbackPolicy\":\"https:\/\/talkpal.ai\/actionable-feedback-policy\/\",\"correctionsPolicy\":\"https:\/\/talkpal.ai\/corrections-policy\/\",\"ethicsPolicy\":\"https:\/\/talkpal.ai\/ethics-policy\/\",\"diversityPolicy\":\"https:\/\/talkpal.ai\/diversity-policy\/\",\"diversityStaffingReport\":\"https:\/\/talkpal.ai\/diversity-policy\/\"}]}<\/script>\n<!-- \/ Yoast SEO Premium plugin. -->","yoast_head_json":{"title":"Tagalogo gramatika - Talkpal","description":"Susipa\u017einkite su Tagalog gramatikos pagrindais ir su\u017einokite, kaip paprastai ir draugi\u0161kai \u012fvertinti \u0161i\u0105 gra\u017ei\u0105 kalb\u0105.","robots":{"index":"index","follow":"follow","max-snippet":"max-snippet:-1","max-image-preview":"max-image-preview:large","max-video-preview":"max-video-preview:-1"},"canonical":"https:\/\/talkpal.ai\/lt\/tagalogo-gramatika\/","og_locale":"lt_LT","og_type":"article","og_title":"Tagalogo gramatika","og_description":"Tagalog gramatika: susipa\u017einkite su filipinie\u010di\u0173 kalbos \u0161irdimi Tagalogu, Filipin\u0173 nacionalin\u0117s kalbos, filipinie\u010di\u0173, pagrindu, kalba milijonai \u017emoni\u0173","og_url":"https:\/\/talkpal.ai\/lt\/tagalogo-gramatika\/","og_site_name":"Talkpal","article_publisher":"https:\/\/www.facebook.com\/profile.php?id=100090733639311","article_modified_time":"2025-12-17T15:38:59+00:00","og_image":[{"width":512,"height":512,"url":"https:\/\/talkpal.ai\/wp-content\/uploads\/2023\/05\/Tagalog-philippines.png","type":"image\/png"}],"twitter_card":"summary_large_image","twitter_site":"@talkpalai","twitter_misc":{"Est. reading time":"2 minut\u0117s"},"schema":{"@context":"https:\/\/schema.org","@graph":[{"@type":"WebPage","@id":"https:\/\/talkpal.ai\/lt\/tagalogo-gramatika\/","url":"https:\/\/talkpal.ai\/lt\/tagalogo-gramatika\/","name":"Tagalogo gramatika - Talkpal","isPartOf":{"@id":"https:\/\/talkpal.ai\/lt\/#website"},"primaryImageOfPage":{"@id":"https:\/\/talkpal.ai\/lt\/tagalogo-gramatika\/#primaryimage"},"image":{"@id":"https:\/\/talkpal.ai\/lt\/tagalogo-gramatika\/#primaryimage"},"thumbnailUrl":"https:\/\/talkpal.ai\/wp-content\/uploads\/2023\/05\/Tagalog-philippines.png","datePublished":"2023-05-14T14:23:21+00:00","dateModified":"2025-12-17T15:38:59+00:00","description":"Susipa\u017einkite su Tagalog gramatikos pagrindais ir su\u017einokite, kaip paprastai ir draugi\u0161kai \u012fvertinti \u0161i\u0105 gra\u017ei\u0105 kalb\u0105.","breadcrumb":{"@id":"https:\/\/talkpal.ai\/lt\/tagalogo-gramatika\/#breadcrumb"},"inLanguage":"lt-LT","potentialAction":[{"@type":"ReadAction","target":["https:\/\/talkpal.ai\/lt\/tagalogo-gramatika\/"]}]},{"@type":"ImageObject","inLanguage":"lt-LT","@id":"https:\/\/talkpal.ai\/lt\/tagalogo-gramatika\/#primaryimage","url":"https:\/\/talkpal.ai\/wp-content\/uploads\/2023\/05\/Tagalog-philippines.png","contentUrl":"https:\/\/talkpal.ai\/wp-content\/uploads\/2023\/05\/Tagalog-philippines.png","width":512,"height":512},{"@type":"BreadcrumbList","@id":"https:\/\/talkpal.ai\/lt\/tagalogo-gramatika\/#breadcrumb","itemListElement":[{"@type":"ListItem","position":1,"name":"Homepage","item":"https:\/\/talkpal.ai\/lt\/"},{"@type":"ListItem","position":2,"name":"Tagalogo gramatika"}]},{"@type":"WebSite","@id":"https:\/\/talkpal.ai\/lt\/#website","url":"https:\/\/talkpal.ai\/lt\/","name":"Talkpal","description":"AI Language Learning","publisher":{"@id":"https:\/\/talkpal.ai\/lt\/#organization"},"alternateName":"Talkpal AI","potentialAction":[{"@type":"SearchAction","target":{"@type":"EntryPoint","urlTemplate":"https:\/\/talkpal.ai\/lt\/?s={search_term_string}"},"query-input":{"@type":"PropertyValueSpecification","valueRequired":true,"valueName":"search_term_string"}}],"inLanguage":"lt-LT"},{"@type":"Organization","@id":"https:\/\/talkpal.ai\/lt\/#organization","name":"Talkpal, Inc.","alternateName":"Talkpal AI","url":"https:\/\/talkpal.ai\/lt\/","logo":{"@type":"ImageObject","inLanguage":"lt-LT","@id":"https:\/\/talkpal.ai\/lt\/#\/schema\/logo\/image\/","url":"https:\/\/talkpal.ai\/wp-content\/uploads\/2024\/03\/Talkpal-Logo-Icon.png","contentUrl":"https:\/\/talkpal.ai\/wp-content\/uploads\/2024\/03\/Talkpal-Logo-Icon.png","width":2880,"height":2880,"caption":"Talkpal, Inc."},"image":{"@id":"https:\/\/talkpal.ai\/lt\/#\/schema\/logo\/image\/"},"sameAs":["https:\/\/www.facebook.com\/profile.php?id=100090733639311","https:\/\/x.com\/talkpalai","https:\/\/www.linkedin.com\/company\/talkpal\/","https:\/\/www.youtube.com\/@TalkPal\/","https:\/\/www.tiktok.com\/@talkpal","https:\/\/www.instagram.com\/talkpal_ai\/","https:\/\/www.crunchbase.com\/organization\/talkpal-9cde","https:\/\/www.g2.com\/products\/talkpal-for-business\/","https:\/\/www.trustpilot.com\/review\/talkpal.ai","https:\/\/www.capterra.com\/p\/10006800\/TalkPal\/"],"description":"Talkpal is a language learning web and mobile education app, powered by the latest AI technologies, that provides engaging experiences to its customers in many different languages to help them improve their language skills. Users can chat about unlimited amount of topics with the app and use other modes to practice their language learning.","email":"support@talkpal.ai","legalName":"Talkpal, Inc.","foundingDate":"2023-04-03","duns":"118989042","numberOfEmployees":{"@type":"QuantitativeValue","minValue":"11","maxValue":"50"},"publishingPrinciples":"https:\/\/talkpal.ai\/publishing-principles\/","actionableFeedbackPolicy":"https:\/\/talkpal.ai\/actionable-feedback-policy\/","correctionsPolicy":"https:\/\/talkpal.ai\/corrections-policy\/","ethicsPolicy":"https:\/\/talkpal.ai\/ethics-policy\/","diversityPolicy":"https:\/\/talkpal.ai\/diversity-policy\/","diversityStaffingReport":"https:\/\/talkpal.ai\/diversity-policy\/"}]}},"_links":{"self":[{"href":"https:\/\/talkpal.ai\/lt\/wp-json\/wp\/v2\/pages\/152969","targetHints":{"allow":["GET"]}}],"collection":[{"href":"https:\/\/talkpal.ai\/lt\/wp-json\/wp\/v2\/pages"}],"about":[{"href":"https:\/\/talkpal.ai\/lt\/wp-json\/wp\/v2\/types\/page"}],"author":[{"embeddable":true,"href":"https:\/\/talkpal.ai\/lt\/wp-json\/wp\/v2\/users\/1"}],"replies":[{"embeddable":true,"href":"https:\/\/talkpal.ai\/lt\/wp-json\/wp\/v2\/comments?post=152969"}],"version-history":[{"count":0,"href":"https:\/\/talkpal.ai\/lt\/wp-json\/wp\/v2\/pages\/152969\/revisions"}],"wp:featuredmedia":[{"embeddable":true,"href":"https:\/\/talkpal.ai\/lt\/wp-json\/wp\/v2\/media\/119998"}],"wp:attachment":[{"href":"https:\/\/talkpal.ai\/lt\/wp-json\/wp\/v2\/media?parent=152969"}],"curies":[{"name":"wp","href":"https:\/\/api.w.org\/{rel}","templated":true}]}}