{"id":152636,"date":"2023-05-14T14:23:00","date_gmt":"2023-05-14T14:23:00","guid":{"rendered":"http:\/\/talkpal.ai\/vietnamieciu-kalbos-gramatika\/"},"modified":"2025-12-12T11:04:37","modified_gmt":"2025-12-12T11:04:37","slug":"vietnamieciu-kalbos-gramatika","status":"publish","type":"page","link":"https:\/\/talkpal.ai\/lt\/vietnamieciu-kalbos-gramatika\/","title":{"rendered":"Vietnamie\u010di\u0173 kalbos gramatika"},"content":{"rendered":"\r\n\r\n\r\n<section class=\"languageChallengeSection\">\r\n    <div class=\"languageInfoWrapper\">\r\n        \r\n        <h1>Vietnamie\u010di\u0173 kalbos gramatika<\/h1>\r\n        <p><a href=\"https:\/\/talkpal.ai\/learn-vietnamese\/\">Vietnamie\u010di\u0173<\/a> <a href=\"https:\/\/talkpal.ai\/what-language-is-spoken-on-the-international-space-station\/\">kalbos<\/a> gramatika pasi\u017eymi paprastumu ir logi\u0161ka strukt\u016bra, tod\u0117l ji yra lengvai prieinama naujiems mokiniams. Naudodami romanizuot\u0105 ab\u0117c\u0117l\u0119, be veiksma\u017eod\u017ei\u0173 jungini\u0173 ir minimal\u0173 daugiskaitos vartojim\u0105, mokiniai gali greitai sutelkti d\u0117mes\u012f \u012f \u017eodyno ir pokalbi\u0173 \u012fg\u016bd\u017ei\u0173 ugdym\u0105. <a href=\"https:\/\/talkpal.ai\/learn-vietnamese\/\">Vietnamie\u010di\u0173<\/a> kalbos mokymasis &#8211; <a href=\"https:\/\/talkpal.ai\/learn-thai\/\">tai<\/a> ne tik kalbos mokymasis, bet ir langas \u012f turting\u0105 \u0161alies kult\u016br\u0105 ir istorij\u0105.<\/p>\r\n\r\n                            <a class=\"getStartedHidden\" href=\"https:\/\/app.talkpal.ai\/lt\/signup?lng=\">Prad\u0117k<\/a>\r\n        \r\n    <\/div>\r\n\r\n    <figure>\r\n    <img decoding=\"async\" width=\"768\" height=\"768\" src=\"https:\/\/talkpal.ai\/wp-content\/uploads\/2023\/06\/vietnamese-768x768.png\" class=\"languageImage no-lazy\" alt=\"Language learning for extensive cultural knowledge\" fetchpriority=\"high\" sizes=\"(max-width: 768px) 150px, 768px\" srcset=\"https:\/\/talkpal.ai\/wp-content\/uploads\/2023\/06\/vietnamese-768x768.png 768w, https:\/\/talkpal.ai\/wp-content\/uploads\/2023\/06\/vietnamese-300x300.png 300w\" \/>\r\n    \r\n\r\n    <\/figure>\r\n\r\n            <a class=\"getStartedVisible\" href=\"https:\/\/app.talkpal.ai\/lt\/signup?lng=\">Prad\u0117k<\/a>\r\n    \r\n<\/section>\r\n<section class=\"promotionalBanner\">\r\n    <p class=\"promotionalText\">Efektyviausias b\u016bdas mokytis kalbos<\/p>\r\n    <a class=\"promotionalLink\" href=\"https:\/\/app.talkpal.ai\/lt\/signup?lng=\">I\u0161bandykite Talkpal &#8221; nemokamai<\/a>\r\n<\/section>\n<div class=\"wp-block-group pageContainerStyle\"><div class=\"wp-block-group__inner-container is-layout-constrained wp-block-group-is-layout-constrained\">\n<h2 class=\"wp-block-heading\" id=\"h-the-intricacies-of-vietnamese-grammar-an-engaging-exploration\">Vietnamo gramatikos subtilyb\u0117s: \u012ftraukiantis tyrin\u0117jimas<\/h2>\n\n\n\n<p>Vietnamie\u010di\u0173 kalba, turinti gilias istorines \u0161aknis ir unikal\u0173 kult\u016brin\u012f fon\u0105, si\u016blo viliojant\u012f nuotyk\u012f tiek kalbininkams, tiek besimokantiems kalb\u0173. Nors <a href=\"https:\/\/talkpal.ai\/vietnamese-grammar\/\">vietnamie\u010di\u0173 kalbos gramatika<\/a> i\u0161 prad\u017ei\u0173 gali pasirodyti kaip i\u0161\u0161\u016bkis, jos paprasta logika ir nuoseklumas atveria keli\u0105 \u012fdomiai mokymosi patir\u010diai. Taigi, pasiruo\u0161kite intriguojan\u010diai kalbinei kelionei, <a href=\"https:\/\/talkpal.ai\/locations\/language-courses-in-kai\/\">kai<\/a> \u012fsigilinsime \u012f vietnamie\u010di\u0173 kalbos gramatikos ypatumus.<\/p>\n\n\n\n<h3 class=\"wp-block-heading\" id=\"h-1-the-alphabet-a-gift-from-the-past\">1. Ab\u0117c\u0117l\u0117: praeities dovana<\/h3>\n\n\n\n<p>Vietnamie\u010di\u0173 ab\u0117c\u0117l\u0117, kuri\u0105 sudaro 29 raid\u0117s, daugiausia kilusi i\u0161 lotyni\u0161k\u0173 ra\u0161men\u0173, su <a href=\"https:\/\/talkpal.ai\/learn-portuguese\/\">portugal\u0173<\/a> ir pranc\u016bz\u0173 kalbomis. Qu\u1ed1c Ng\u1eef scenarijaus d\u0117ka per\u0117jimas prie romanizuoto scenarijaus padar\u0117 ab\u0117c\u0117l\u0119 pa\u017e\u012fstam\u0105 ir lengvai prieinam\u0105 kit\u0173 lotyn\u0173 kalb\u0173 kalb\u0117tojams. <a href=\"https:\/\/talkpal.ai\/learn-thai\/\">Tai<\/a> leid\u017eia skland\u017eiai <a href=\"https:\/\/talkpal.ai\/ko\/ai-%ec%96%b8%ec%96%b4-%ea%b5%90%ec%82%ac\/\">prad\u0117ti<\/a> pradedantiesiems sutelkti d\u0117mes\u012f \u012f unikalius kalbos garsus ir tarim\u0105.<\/p>\n\n\n\n<h3 class=\"wp-block-heading\" id=\"h-2-tones-vietnamese-s-musical-notation\">2. Tonai: Muzikinis u\u017era\u0161as vietnamie\u010di\u0173 kalba<\/h3>\n\n\n\n<p>Vietnamie\u010di\u0173 kalba yra tonin\u0117 kalba, pasi\u017eyminti \u0161e\u0161iais skiriamaisiais tonais, kurie kei\u010dia \u017eod\u017eio reik\u0161m\u0119 naudojant \u012fvairius diakritinius \u017eenklus. \u012egyti t\u0173 ton\u0173 meistri\u0161kum\u0105 gali b\u016bti sud\u0117tinga, ta\u010diau tai suteikia kalbai muzikalumo ir niuans\u0173, tod\u0117l ji tampa dar \u017eavesn\u0117. Kantryb\u0117 ir praktika padarys j\u012f tobul\u0105, leid\u017eiant\u012f visi\u0161kai \u012fvertinti melodin\u012f vietnamie\u010di\u0173 gro\u017e\u012f.<\/p>\n\n\n\n<h3 class=\"wp-block-heading\" id=\"h-3-word-order-unraveling-the-vietnamese-sentence-structure\">3. \u017dod\u017ei\u0173 tvarka: Vietnamo sakini\u0173 strukt\u016bros atskleidimas<\/h3>\n\n\n\n<p>Laimei, vietnamie\u010di\u0173 kalbos \u017eod\u017ei\u0173 tvarka yra gana paprasta, laikantis pa\u017e\u012fstamo dalyko-veiksma\u017eod\u017eio-objekto (SVO) formato. \u0160i prieinama strukt\u016bra leid\u017eia anglakalbiams lengviau formuoti sakinius vietnamie\u010di\u0173 kalba, nepatiriant dideli\u0173 kalbotyros poky\u010di\u0173. Paimkime pavyzd\u012f &#8222;T\u00f4i y\u00eau Vi\u1ec7t Nam!&#8221; (A\u0161 myliu Vietnam\u0105!), kur abi kalbos turi lygiagre\u010dias konstrukcijas.<\/p>\n\n\n\n<h3 class=\"wp-block-heading\" id=\"h-4-no-more-plural-nouns-or-verb-conjugations\">4. Daugiau joki\u0173 daugiskaitos daiktavard\u017ei\u0173 ar veiksma\u017eod\u017ei\u0173 konjugacij\u0173<\/h3>\n\n\n\n<p>Vietnamie\u010di\u0173 kalboje daiktavard\u017eiai nekei\u010dia savo formos, kad parodyt\u0173 daugiskait\u0105, o veiksma\u017eod\u017eiai i\u0161lieka nuosekl\u016bs, nepriklausomai nuo \u012ftampos ar dalyko. Nors i\u0161 prad\u017ei\u0173 tai gali atrodyti painu, tai \u017eymiai supaprastina gramatikos taisykli\u0173 mokym\u0105si. Vietoj to, kontekstas ir papildom\u0173 \u017eod\u017ei\u0173 vartojimas paai\u0161kina sakinio prasm\u0119. Taigi, \u012fkv\u0117pkite palengv\u0117jimo atod\u016bs\u012f, kai atsisveikinsite su konjugacijos r\u016bpes\u010diu.<\/p>\n\n\n\n<h3 class=\"wp-block-heading\" id=\"h-5-immerse-yourself-in-the-vietnamese-mindset\">5. Pasinerkite \u012f vietnamie\u010di\u0173 m\u0105stysen\u0105<\/h3>\n\n\n\n<p>Mokytis vietnamie\u010di\u0173 kalbos &#8211; tai ne tik i\u0161mokti jos gramatik\u0105, bet ir susipa\u017einti su kult\u016briniu, istoriniu ir socialiniu kontekstu, kuris suformavo \u0161i\u0105 kalb\u0105. Bendraukite su gimtakalbiais, tyrin\u0117kite vietnamie\u010di\u0173 literat\u016br\u0105 ir men\u0105, bandykite pa\u017einti \u0161ios \u0161alies vertybes ir papro\u010dius. \u0160is holistinis po\u017ei\u016bris ne tik pagerins j\u016bs\u0173 kalbos \u012fg\u016bd\u017eius, bet ir pagilins supratim\u0105 apie daugialyp\u012f Vietnamo gro\u017e\u012f.<\/p>\n\n\n\n<h3 class=\"wp-block-heading\" id=\"h-in-conclusion-relish-the-charm-of-vietnamese-grammar\">Pabaigai: m\u0117gaukit\u0117s Vietnamo gramatikos \u017eavesiu<\/h3>\n\n\n\n<p>Nors vietnamie\u010di\u0173 kalbos gramatika i\u0161 pa\u017ei\u016bros gali atrodyti gluminanti, jos \u017eavi strukt\u016bra ir b\u016bdingas paprastumas kvie\u010dia besimokan\u010diuosius leistis \u012f nauding\u0105 kalbin\u0119 kelion\u0119. Gilindamiesi \u012f vietnamie\u010di\u0173 kalbos pasaul\u012f, steb\u0117sit\u0117s jos gramatikos elegancija ir gro\u017eiu bei turtingu kult\u016briniu gobelenu, kuris per am\u017eius formavo \u0161i\u0105 kalb\u0105. Taigi, eikite \u012f priek\u012f ir tyrin\u0117kite Vietnamo gramatikos stebuklus, kai nar\u0161ote \u0161ios kerin\u010dios kalbos kalbin\u012f kra\u0161tovaizd\u012f.<\/p>\n<\/div><\/div>\n\r\n<section class=\"learnNavigationSection\">\r\n            \r\n        <a href=\"https:\/\/talkpal.ai\/lt\/mokykites-vietnamieciu-kalbos\/\">\r\n            <div class=\"learnNavigationWrapper\">\r\n                <div class=\"learnNavigationContent\">\r\n                    <img decoding=\"async\" src=\"https:\/\/talkpal.ai\/wp-content\/uploads\/2024\/08\/Vietnamese.jpg\" alt=\"Vietnamise Flag\">\r\n                    <div>\r\n                        <h4>Apie vietnamie\u010di\u0173 kalbos mokym\u0105si<\/h4>\r\n                        <p>Su\u017einokite visk\u0105 apie vietnamie\u010di\u0173 kalbos gramatik\u0105.<\/p>\r\n                    <\/div>\r\n                <\/div>\r\n            <\/div>\r\n        <\/a>\r\n\r\n        \r\n        <a href=\"https:\/\/talkpal.ai\/lt\/vietnamieciu-kalbos-gramatikos-pratimai\/\">\r\n            <div class=\"learnNavigationWrapper\">\r\n                <div class=\"learnNavigationContent\">\r\n                    <img decoding=\"async\" src=\"https:\/\/talkpal.ai\/wp-content\/uploads\/2024\/08\/Vietnamese.jpg\" alt=\"Vietnamise Flag\">\r\n                    <div>\r\n                        <h4>Vietnamie\u010di\u0173 kalbos gramatikos pratimai<\/h4>\r\n                        <p>Praktikuokite Vietnamo gramatik\u0105.<\/p>\r\n                    <\/div>\r\n                <\/div>\r\n            <\/div>\r\n        <\/a>\r\n\r\n        \r\n        <a href=\"https:\/\/talkpal.ai\/vocabulary_language\/vietnamese\/\">\r\n            <div class=\"learnNavigationWrapper\">\r\n                <div class=\"learnNavigationContent\">\r\n                    <img decoding=\"async\" src=\"https:\/\/talkpal.ai\/wp-content\/uploads\/2024\/08\/Vietnamese.jpg\" alt=\"Vietnamise Flag\">\r\n                    <div>\r\n                        <h4>Vietnamie\u010di\u0173 kalbos \u017eodynas<\/h4>\r\n                        <p>Prapl\u0117skite savo vietnamie\u010di\u0173 kalbos \u017eodyn\u0105.<\/p>\r\n                    <\/div>\r\n                <\/div>\r\n            <\/div>\r\n        <\/a>\r\n\r\n            <\/section>","protected":false},"excerpt":{"rendered":"<p>Vietnamo gramatikos subtilyb\u0117s: \u012ftraukiantis tyrin\u0117jimas Vietnamie\u010di\u0173 kalba, turinti gilias istorines \u0161aknis ir unikal\u0173 kult\u016brin\u012f fon\u0105, si\u016blo viliojant\u012f nuotyk\u012f tiek kalbininkams, tiek besimokantiems kalb\u0173. Nors vietnamie\u010di\u0173 kalbos gramatika i\u0161 prad\u017ei\u0173 gali pasirodyti kaip i\u0161\u0161\u016bkis, jos paprasta logika ir nuoseklumas atveria keli\u0105 \u012fdomiai mokymosi patir\u010diai. Taigi, pasiruo\u0161kite intriguojan\u010diai kalbinei kelionei, kai \u012fsigilinsime \u012f vietnamie\u010di\u0173 kalbos gramatikos ypatumus. [&hellip;]<\/p>\n","protected":false},"author":1,"featured_media":120492,"parent":0,"menu_order":0,"comment_status":"closed","ping_status":"closed","template":"LearningContentPage.php","meta":{"_acf_changed":false,"footnotes":""},"class_list":["post-152636","page","type-page","status-publish","has-post-thumbnail","hentry"],"acf":[],"yoast_head":"<!-- This site is optimized with the Yoast SEO Premium plugin v27.2 (Yoast SEO v27.2) - https:\/\/yoast.com\/product\/yoast-seo-premium-wordpress\/ -->\n<title>Vietnamie\u010di\u0173 kalbos gramatika - Talkpal<\/title>\n<meta name=\"description\" content=\"Susipa\u017einkite su \u012fdomiais vietnamie\u010di\u0173 kalbos gramatikos aspektais ir atraskite \u0161ios unikalios kalbos mokymosi d\u017eiaugsm\u0105.\" \/>\n<meta name=\"robots\" content=\"index, follow, max-snippet:-1, max-image-preview:large, max-video-preview:-1\" \/>\n<link rel=\"canonical\" href=\"https:\/\/talkpal.ai\/lt\/vietnamieciu-kalbos-gramatika\/\" \/>\n<meta property=\"og:locale\" content=\"lt_LT\" \/>\n<meta property=\"og:type\" content=\"article\" \/>\n<meta property=\"og:title\" content=\"Vietnamie\u010di\u0173 kalbos gramatika\" \/>\n<meta property=\"og:description\" content=\"Vietnamo gramatikos subtilyb\u0117s: \u012ftraukiantis tyrin\u0117jimas Vietnamie\u010di\u0173 kalba, turinti gilias istorines \u0161aknis ir unikal\u0173 kult\u016brin\u012f fon\u0105, si\u016blo viliojant\u012f\" \/>\n<meta property=\"og:url\" content=\"https:\/\/talkpal.ai\/lt\/vietnamieciu-kalbos-gramatika\/\" \/>\n<meta property=\"og:site_name\" content=\"Talkpal\" \/>\n<meta property=\"article:publisher\" content=\"https:\/\/www.facebook.com\/profile.php?id=100090733639311\" \/>\n<meta property=\"article:modified_time\" content=\"2025-12-12T11:04:37+00:00\" \/>\n<meta property=\"og:image\" content=\"https:\/\/talkpal.ai\/wp-content\/uploads\/2023\/05\/vietnam.png\" \/>\n\t<meta property=\"og:image:width\" content=\"512\" \/>\n\t<meta property=\"og:image:height\" content=\"512\" \/>\n\t<meta property=\"og:image:type\" content=\"image\/png\" \/>\n<meta name=\"twitter:card\" content=\"summary_large_image\" \/>\n<meta name=\"twitter:site\" content=\"@talkpalai\" \/>\n<meta name=\"twitter:label1\" content=\"Est. reading time\" \/>\n\t<meta name=\"twitter:data1\" content=\"2 minut\u0117s\" \/>\n<script type=\"application\/ld+json\" class=\"yoast-schema-graph\">{\"@context\":\"https:\/\/schema.org\",\"@graph\":[{\"@type\":\"WebPage\",\"@id\":\"https:\/\/talkpal.ai\/lt\/vietnamieciu-kalbos-gramatika\/\",\"url\":\"https:\/\/talkpal.ai\/lt\/vietnamieciu-kalbos-gramatika\/\",\"name\":\"Vietnamie\u010di\u0173 kalbos gramatika - Talkpal\",\"isPartOf\":{\"@id\":\"https:\/\/talkpal.ai\/lt\/#website\"},\"primaryImageOfPage\":{\"@id\":\"https:\/\/talkpal.ai\/lt\/vietnamieciu-kalbos-gramatika\/#primaryimage\"},\"image\":{\"@id\":\"https:\/\/talkpal.ai\/lt\/vietnamieciu-kalbos-gramatika\/#primaryimage\"},\"thumbnailUrl\":\"https:\/\/talkpal.ai\/wp-content\/uploads\/2023\/05\/vietnam.png\",\"datePublished\":\"2023-05-14T14:23:00+00:00\",\"dateModified\":\"2025-12-12T11:04:37+00:00\",\"description\":\"Susipa\u017einkite su \u012fdomiais vietnamie\u010di\u0173 kalbos gramatikos aspektais ir atraskite \u0161ios unikalios kalbos mokymosi d\u017eiaugsm\u0105.\",\"breadcrumb\":{\"@id\":\"https:\/\/talkpal.ai\/lt\/vietnamieciu-kalbos-gramatika\/#breadcrumb\"},\"inLanguage\":\"lt-LT\",\"potentialAction\":[{\"@type\":\"ReadAction\",\"target\":[\"https:\/\/talkpal.ai\/lt\/vietnamieciu-kalbos-gramatika\/\"]}]},{\"@type\":\"ImageObject\",\"inLanguage\":\"lt-LT\",\"@id\":\"https:\/\/talkpal.ai\/lt\/vietnamieciu-kalbos-gramatika\/#primaryimage\",\"url\":\"https:\/\/talkpal.ai\/wp-content\/uploads\/2023\/05\/vietnam.png\",\"contentUrl\":\"https:\/\/talkpal.ai\/wp-content\/uploads\/2023\/05\/vietnam.png\",\"width\":512,\"height\":512},{\"@type\":\"BreadcrumbList\",\"@id\":\"https:\/\/talkpal.ai\/lt\/vietnamieciu-kalbos-gramatika\/#breadcrumb\",\"itemListElement\":[{\"@type\":\"ListItem\",\"position\":1,\"name\":\"Homepage\",\"item\":\"https:\/\/talkpal.ai\/lt\/\"},{\"@type\":\"ListItem\",\"position\":2,\"name\":\"Vietnamie\u010di\u0173 kalbos gramatika\"}]},{\"@type\":\"WebSite\",\"@id\":\"https:\/\/talkpal.ai\/lt\/#website\",\"url\":\"https:\/\/talkpal.ai\/lt\/\",\"name\":\"Talkpal\",\"description\":\"AI Language Learning\",\"publisher\":{\"@id\":\"https:\/\/talkpal.ai\/lt\/#organization\"},\"alternateName\":\"Talkpal AI\",\"potentialAction\":[{\"@type\":\"SearchAction\",\"target\":{\"@type\":\"EntryPoint\",\"urlTemplate\":\"https:\/\/talkpal.ai\/lt\/?s={search_term_string}\"},\"query-input\":{\"@type\":\"PropertyValueSpecification\",\"valueRequired\":true,\"valueName\":\"search_term_string\"}}],\"inLanguage\":\"lt-LT\"},{\"@type\":\"Organization\",\"@id\":\"https:\/\/talkpal.ai\/lt\/#organization\",\"name\":\"Talkpal, Inc.\",\"alternateName\":\"Talkpal AI\",\"url\":\"https:\/\/talkpal.ai\/lt\/\",\"logo\":{\"@type\":\"ImageObject\",\"inLanguage\":\"lt-LT\",\"@id\":\"https:\/\/talkpal.ai\/lt\/#\/schema\/logo\/image\/\",\"url\":\"https:\/\/talkpal.ai\/wp-content\/uploads\/2024\/03\/Talkpal-Logo-Icon.png\",\"contentUrl\":\"https:\/\/talkpal.ai\/wp-content\/uploads\/2024\/03\/Talkpal-Logo-Icon.png\",\"width\":2880,\"height\":2880,\"caption\":\"Talkpal, Inc.\"},\"image\":{\"@id\":\"https:\/\/talkpal.ai\/lt\/#\/schema\/logo\/image\/\"},\"sameAs\":[\"https:\/\/www.facebook.com\/profile.php?id=100090733639311\",\"https:\/\/x.com\/talkpalai\",\"https:\/\/www.linkedin.com\/company\/talkpal\/\",\"https:\/\/www.youtube.com\/@TalkPal\/\",\"https:\/\/www.tiktok.com\/@talkpal\",\"https:\/\/www.instagram.com\/talkpal_ai\/\",\"https:\/\/www.crunchbase.com\/organization\/talkpal-9cde\",\"https:\/\/www.g2.com\/products\/talkpal-for-business\/\",\"https:\/\/www.trustpilot.com\/review\/talkpal.ai\",\"https:\/\/www.capterra.com\/p\/10006800\/TalkPal\/\"],\"description\":\"Talkpal is a language learning web and mobile education app, powered by the latest AI technologies, that provides engaging experiences to its customers in many different languages to help them improve their language skills. Users can chat about unlimited amount of topics with the app and use other modes to practice their language learning.\",\"email\":\"support@talkpal.ai\",\"legalName\":\"Talkpal, Inc.\",\"foundingDate\":\"2023-04-03\",\"duns\":\"118989042\",\"numberOfEmployees\":{\"@type\":\"QuantitativeValue\",\"minValue\":\"11\",\"maxValue\":\"50\"},\"publishingPrinciples\":\"https:\/\/talkpal.ai\/publishing-principles\/\",\"actionableFeedbackPolicy\":\"https:\/\/talkpal.ai\/actionable-feedback-policy\/\",\"correctionsPolicy\":\"https:\/\/talkpal.ai\/corrections-policy\/\",\"ethicsPolicy\":\"https:\/\/talkpal.ai\/ethics-policy\/\",\"diversityPolicy\":\"https:\/\/talkpal.ai\/diversity-policy\/\",\"diversityStaffingReport\":\"https:\/\/talkpal.ai\/diversity-policy\/\"}]}<\/script>\n<!-- \/ Yoast SEO Premium plugin. -->","yoast_head_json":{"title":"Vietnamie\u010di\u0173 kalbos gramatika - Talkpal","description":"Susipa\u017einkite su \u012fdomiais vietnamie\u010di\u0173 kalbos gramatikos aspektais ir atraskite \u0161ios unikalios kalbos mokymosi d\u017eiaugsm\u0105.","robots":{"index":"index","follow":"follow","max-snippet":"max-snippet:-1","max-image-preview":"max-image-preview:large","max-video-preview":"max-video-preview:-1"},"canonical":"https:\/\/talkpal.ai\/lt\/vietnamieciu-kalbos-gramatika\/","og_locale":"lt_LT","og_type":"article","og_title":"Vietnamie\u010di\u0173 kalbos gramatika","og_description":"Vietnamo gramatikos subtilyb\u0117s: \u012ftraukiantis tyrin\u0117jimas Vietnamie\u010di\u0173 kalba, turinti gilias istorines \u0161aknis ir unikal\u0173 kult\u016brin\u012f fon\u0105, si\u016blo viliojant\u012f","og_url":"https:\/\/talkpal.ai\/lt\/vietnamieciu-kalbos-gramatika\/","og_site_name":"Talkpal","article_publisher":"https:\/\/www.facebook.com\/profile.php?id=100090733639311","article_modified_time":"2025-12-12T11:04:37+00:00","og_image":[{"width":512,"height":512,"url":"https:\/\/talkpal.ai\/wp-content\/uploads\/2023\/05\/vietnam.png","type":"image\/png"}],"twitter_card":"summary_large_image","twitter_site":"@talkpalai","twitter_misc":{"Est. reading time":"2 minut\u0117s"},"schema":{"@context":"https:\/\/schema.org","@graph":[{"@type":"WebPage","@id":"https:\/\/talkpal.ai\/lt\/vietnamieciu-kalbos-gramatika\/","url":"https:\/\/talkpal.ai\/lt\/vietnamieciu-kalbos-gramatika\/","name":"Vietnamie\u010di\u0173 kalbos gramatika - Talkpal","isPartOf":{"@id":"https:\/\/talkpal.ai\/lt\/#website"},"primaryImageOfPage":{"@id":"https:\/\/talkpal.ai\/lt\/vietnamieciu-kalbos-gramatika\/#primaryimage"},"image":{"@id":"https:\/\/talkpal.ai\/lt\/vietnamieciu-kalbos-gramatika\/#primaryimage"},"thumbnailUrl":"https:\/\/talkpal.ai\/wp-content\/uploads\/2023\/05\/vietnam.png","datePublished":"2023-05-14T14:23:00+00:00","dateModified":"2025-12-12T11:04:37+00:00","description":"Susipa\u017einkite su \u012fdomiais vietnamie\u010di\u0173 kalbos gramatikos aspektais ir atraskite \u0161ios unikalios kalbos mokymosi d\u017eiaugsm\u0105.","breadcrumb":{"@id":"https:\/\/talkpal.ai\/lt\/vietnamieciu-kalbos-gramatika\/#breadcrumb"},"inLanguage":"lt-LT","potentialAction":[{"@type":"ReadAction","target":["https:\/\/talkpal.ai\/lt\/vietnamieciu-kalbos-gramatika\/"]}]},{"@type":"ImageObject","inLanguage":"lt-LT","@id":"https:\/\/talkpal.ai\/lt\/vietnamieciu-kalbos-gramatika\/#primaryimage","url":"https:\/\/talkpal.ai\/wp-content\/uploads\/2023\/05\/vietnam.png","contentUrl":"https:\/\/talkpal.ai\/wp-content\/uploads\/2023\/05\/vietnam.png","width":512,"height":512},{"@type":"BreadcrumbList","@id":"https:\/\/talkpal.ai\/lt\/vietnamieciu-kalbos-gramatika\/#breadcrumb","itemListElement":[{"@type":"ListItem","position":1,"name":"Homepage","item":"https:\/\/talkpal.ai\/lt\/"},{"@type":"ListItem","position":2,"name":"Vietnamie\u010di\u0173 kalbos gramatika"}]},{"@type":"WebSite","@id":"https:\/\/talkpal.ai\/lt\/#website","url":"https:\/\/talkpal.ai\/lt\/","name":"Talkpal","description":"AI Language Learning","publisher":{"@id":"https:\/\/talkpal.ai\/lt\/#organization"},"alternateName":"Talkpal AI","potentialAction":[{"@type":"SearchAction","target":{"@type":"EntryPoint","urlTemplate":"https:\/\/talkpal.ai\/lt\/?s={search_term_string}"},"query-input":{"@type":"PropertyValueSpecification","valueRequired":true,"valueName":"search_term_string"}}],"inLanguage":"lt-LT"},{"@type":"Organization","@id":"https:\/\/talkpal.ai\/lt\/#organization","name":"Talkpal, Inc.","alternateName":"Talkpal AI","url":"https:\/\/talkpal.ai\/lt\/","logo":{"@type":"ImageObject","inLanguage":"lt-LT","@id":"https:\/\/talkpal.ai\/lt\/#\/schema\/logo\/image\/","url":"https:\/\/talkpal.ai\/wp-content\/uploads\/2024\/03\/Talkpal-Logo-Icon.png","contentUrl":"https:\/\/talkpal.ai\/wp-content\/uploads\/2024\/03\/Talkpal-Logo-Icon.png","width":2880,"height":2880,"caption":"Talkpal, Inc."},"image":{"@id":"https:\/\/talkpal.ai\/lt\/#\/schema\/logo\/image\/"},"sameAs":["https:\/\/www.facebook.com\/profile.php?id=100090733639311","https:\/\/x.com\/talkpalai","https:\/\/www.linkedin.com\/company\/talkpal\/","https:\/\/www.youtube.com\/@TalkPal\/","https:\/\/www.tiktok.com\/@talkpal","https:\/\/www.instagram.com\/talkpal_ai\/","https:\/\/www.crunchbase.com\/organization\/talkpal-9cde","https:\/\/www.g2.com\/products\/talkpal-for-business\/","https:\/\/www.trustpilot.com\/review\/talkpal.ai","https:\/\/www.capterra.com\/p\/10006800\/TalkPal\/"],"description":"Talkpal is a language learning web and mobile education app, powered by the latest AI technologies, that provides engaging experiences to its customers in many different languages to help them improve their language skills. Users can chat about unlimited amount of topics with the app and use other modes to practice their language learning.","email":"support@talkpal.ai","legalName":"Talkpal, Inc.","foundingDate":"2023-04-03","duns":"118989042","numberOfEmployees":{"@type":"QuantitativeValue","minValue":"11","maxValue":"50"},"publishingPrinciples":"https:\/\/talkpal.ai\/publishing-principles\/","actionableFeedbackPolicy":"https:\/\/talkpal.ai\/actionable-feedback-policy\/","correctionsPolicy":"https:\/\/talkpal.ai\/corrections-policy\/","ethicsPolicy":"https:\/\/talkpal.ai\/ethics-policy\/","diversityPolicy":"https:\/\/talkpal.ai\/diversity-policy\/","diversityStaffingReport":"https:\/\/talkpal.ai\/diversity-policy\/"}]}},"_links":{"self":[{"href":"https:\/\/talkpal.ai\/lt\/wp-json\/wp\/v2\/pages\/152636","targetHints":{"allow":["GET"]}}],"collection":[{"href":"https:\/\/talkpal.ai\/lt\/wp-json\/wp\/v2\/pages"}],"about":[{"href":"https:\/\/talkpal.ai\/lt\/wp-json\/wp\/v2\/types\/page"}],"author":[{"embeddable":true,"href":"https:\/\/talkpal.ai\/lt\/wp-json\/wp\/v2\/users\/1"}],"replies":[{"embeddable":true,"href":"https:\/\/talkpal.ai\/lt\/wp-json\/wp\/v2\/comments?post=152636"}],"version-history":[{"count":0,"href":"https:\/\/talkpal.ai\/lt\/wp-json\/wp\/v2\/pages\/152636\/revisions"}],"wp:featuredmedia":[{"embeddable":true,"href":"https:\/\/talkpal.ai\/lt\/wp-json\/wp\/v2\/media\/120492"}],"wp:attachment":[{"href":"https:\/\/talkpal.ai\/lt\/wp-json\/wp\/v2\/media?parent=152636"}],"curies":[{"name":"wp","href":"https:\/\/api.w.org\/{rel}","templated":true}]}}