{"id":152375,"date":"2023-05-14T14:22:39","date_gmt":"2023-05-14T14:22:39","guid":{"rendered":"http:\/\/talkpal.ai\/urdu-gramatika\/"},"modified":"2025-12-11T16:25:44","modified_gmt":"2025-12-11T16:25:44","slug":"urdu-gramatika","status":"publish","type":"page","link":"https:\/\/talkpal.ai\/lt\/urdu-gramatika\/","title":{"rendered":"Urdu gramatika"},"content":{"rendered":"\r\n\r\n\r\n<section class=\"languageChallengeSection\">\r\n    <div class=\"languageInfoWrapper\">\r\n        \r\n        <h1>Urdu gramatika<\/h1>\r\n        <p>Norite mokytis <a href=\"https:\/\/talkpal.ai\/learn-urdu\/\">urdu<\/a> <a href=\"https:\/\/talkpal.ai\/what-language-is-spoken-on-the-international-space-station\/\">kalbos<\/a>? Pasinerkite \u012f urdu kalbos gramatik\u0105, kurioje eleganti\u0161kas ra\u0161tas, daiktavard\u017ei\u0173 lytys ir i\u0161rai\u0161kingos veiksma\u017eod\u017ei\u0173 formos sukuria poeti\u0161k\u0105 ir prakti\u0161k\u0105 kalb\u0105. Prad\u0117kite savo kelion\u0119 urdu kalba \u0161iandien &#8211; jos gramatikos \u012fvaldymas atvers naujus bendravimo kelius ir pad\u0117s giliai susipa\u017einti su turtingomis Piet\u0173 Azijos literat\u016brin\u0117mis ir kult\u016brin\u0117mis tradicijomis!<\/p>\r\n\r\n                            <a class=\"getStartedHidden\" href=\"https:\/\/app.talkpal.ai\/lt\/signup?lng=\">Prad\u0117k<\/a>\r\n        \r\n    <\/div>\r\n\r\n    <figure>\r\n    <img decoding=\"async\" width=\"768\" height=\"768\" src=\"https:\/\/talkpal.ai\/wp-content\/uploads\/2023\/06\/urdu-768x768.png\" class=\"languageImage no-lazy\" alt=\"Language learning for global understanding\" fetchpriority=\"high\" sizes=\"(max-width: 768px) 150px, 768px\" srcset=\"https:\/\/talkpal.ai\/wp-content\/uploads\/2023\/06\/urdu-768x768.png 768w, https:\/\/talkpal.ai\/wp-content\/uploads\/2023\/06\/urdu-300x300.png 300w\" \/>\r\n    \r\n\r\n    <\/figure>\r\n\r\n            <a class=\"getStartedVisible\" href=\"https:\/\/app.talkpal.ai\/lt\/signup?lng=\">Prad\u0117k<\/a>\r\n    \r\n<\/section>\r\n<section class=\"promotionalBanner\">\r\n    <p class=\"promotionalText\">Efektyviausias b\u016bdas mokytis kalbos<\/p>\r\n    <a class=\"promotionalLink\" href=\"https:\/\/app.talkpal.ai\/lt\/signup?lng=\">I\u0161bandykite Talkpal &#8221; nemokamai<\/a>\r\n<\/section>\n<div class=\"wp-block-group pageContainerStyle\"><div class=\"wp-block-group__inner-container is-layout-constrained wp-block-group-is-layout-constrained\">\n<h2 class=\"wp-block-heading\" id=\"h-urdu-grammar-exploring-the-beauty-and-intricacies-of-the-indo-aryan-language\">Urdu gramatika: indoarij\u0173 kalbos gro\u017eio ir subtilybi\u0173 tyrin\u0117jimas<\/h2>\n\n\n\n<p><a href=\"https:\/\/talkpal.ai\/talkpal-discount-for-language-enthusiasts\/\">Kalbos entuziastai<\/a> ir smals\u016bs besimokantieji, ar esate pasireng\u0119 pasinerti \u012f \u012fsp\u016bding\u0105 Urdu gramatikos pasaul\u012f? Urdu, indoarij\u0173 kalba, yra nacionalin\u0117 Pakistano kalba ir viena i\u0161 oficiali\u0173 Indijos kalb\u0173. Urdu, kuriame kalba apie 70 milijon\u0173 \u017emoni\u0173 visame pasaulyje, yra ne tik turtinga ir i\u0161rai\u0161kinga kalba, bet ir tiltas \u012f gyvybing\u0105 kult\u016br\u0105 ir istorij\u0105. \u0160iame straipsnyje gilinsim\u0117s \u012f unikalius urd\u0173 kalbos gramatikos aspektus ir su\u017einosime, kuo ji skiriasi nuo kit\u0173 kalb\u0173.<\/p>\n\n\n\n<h3 class=\"wp-block-heading\" id=\"h-script-and-pronunciation-the-elegant-nastaliq\">Scenarijus ir tarimas: eleganti\u0161kas Nastaliq<\/h3>\n\n\n\n<p>Urdu scenarijus pagr\u012fstas pers\u0173-arab\u0173 Nastaliq stiliumi, kuris para\u0161ytas ir skaitomas i\u0161 de\u0161in\u0117s \u012f kair\u0119. &#8222;Nastaliq&#8221; scenarijus, kur\u012f sudaro 38 raid\u0117s su papildomais balsi\u0173 ir tarimo diakritiniais \u017eenklais, yra eleganti\u0161kas ir sklandus. I\u0161mok\u0119 ra\u0161to ir \u012fvald\u0119 urdu gars\u0173 tarim\u0105, \u017eengsite pirm\u0105j\u012f \u017eingsn\u012f kalbos gramatikos supratimo link.<\/p>\n\n\n\n<h3 class=\"wp-block-heading\" id=\"h-nouns-and-pronouns-exploring-gender-number-and-case\">Daiktavard\u017eiai ir \u012fvard\u017eiai: lyties, skai\u010diaus ir atvejo tyrin\u0117jimas<\/h3>\n\n\n\n<p>Urdu daiktavard\u017eiai klasifikuojami pagal lyt\u012f (vyri\u0161k\u0105 ar moteri\u0161k\u0105), skai\u010di\u0173 (vienaskaita arba daugiskaita) ir atvej\u012f (tiesioginis arba \u012fstri\u017eas). \u0160ioje kalboje n\u0117ra artikeli\u0173 (pvz., &#8222;a&#8221; ar &#8222;the&#8221;), o tik remiamasi kontekstu, kad b\u016bt\u0173 i\u0161reik\u0161tas apibr\u0117\u017etumas. Urdu \u012fvard\u017eiai taip pat seka lyties, skai\u010diaus ir atvej\u0173 skirtumus ir turi \u012fvairias mandagumo ir pa\u017einimo formas.<\/p>\n\n\n\n<h3 class=\"wp-block-heading\" id=\"h-postpositions-and-cases-urdu-s-unique-approach-to-indicating-relationships\">Pozicijos ir atvejai: Unikalus urdu kalbos po\u017ei\u016bris \u012f santyki\u0173 nurodym\u0105<\/h3>\n\n\n\n<p>Vietoj prielinksni\u0173 Urdu vartoja postpozicijas \u2013 \u017eod\u017eius, kurie ateina po j\u0173 valdom\u0173 daiktavard\u017ei\u0173. \u0160is i\u0161skirtinis bruo\u017eas matomas visoje kalboje ir daro didel\u0119 \u012ftak\u0105 atvej\u0173 \u017eym\u0117jimui. Du urd\u0173 kalbos atvejai &#8211; tiesioginis ir pasvirasis &#8211; vartojami kartu su postpozicijomis ry\u0161iams tarp \u017eod\u017ei\u0173 nurodyti.<\/p>\n\n\n\n<h3 class=\"wp-block-heading\" id=\"h-harnessing-the-power-of-verbs-tense-aspect-and-moods\">Veiksma\u017eod\u017ei\u0173 galios panaudojimas: \u012ftampa, aspektas ir nuotaikos<\/h3>\n\n\n\n<p>Urdu veiksma\u017eod\u017eiai \u017eavi savo \u012fvairiais laikais (praeitimi, dabartimi ir ateitimi), aspektais (tobulas, netobulas ir \u012fprastas) ir nuotaikomis (orientacinis, imperatyvus ir subjunkcinis). Kalba taip pat pla\u010diai naudoja pagalbinius veiksma\u017eod\u017eius, kad sudaryt\u0173 sud\u0117tinius laikus, i\u0161reik\u0161dama niuansus laiku ir u\u017ebaigdama veiksmus.<\/p>\n\n\n\n<p>Veiksma\u017eod\u017eiai taip pat sutinka su savo dalykais lyties ir skai\u010diaus po\u017ei\u016briu, o <a href=\"https:\/\/talkpal.ai\/learn-thai\/\">tai<\/a> dar labiau padidina Urdu gramatikos sud\u0117tingumo ir turtingumo sluoksnius.<\/p>\n\n\n\n<h3 class=\"wp-block-heading\" id=\"h-adjectives-adverbs-and-more-adding-color-to-your-language\">B\u016bdvard\u017eiai, prieveiksmiai ir kt.: spalv\u0173 prid\u0117jimas prie kalbos<\/h3>\n\n\n\n<p>Urdu b\u016bdvard\u017eiai paprastai seka daiktavard\u017eius, kuriuos jie modifikuoja, ir sutinka su jais lyties ir skai\u010diaus at\u017evilgiu. B\u016bdvard\u017eiai gali b\u016bti stiprinami naudojant lyginamuosius ir superlatyvus, pridedant apra\u0161ym\u0173 gyl\u012f. Urdu prieveiksmiai, kil\u0119 i\u0161 b\u016bdvard\u017ei\u0173 arba egzistuojantys savaranki\u0161kai, taip pat vaidina gyvybi\u0161kai svarb\u0173 vaidmen\u012f kalboje, teikdami informacij\u0105 apie laik\u0105, b\u016bd\u0105, viet\u0105 ir laipsn\u012f.<\/p>\n\n\n\n<p><a href=\"https:\/\/talkpal.ai\/urdu-grammar\/\">Urdu gramatika<\/a> gali pasigirti gausybe jungtuk\u0173, \u012fsiterpim\u0173, daleli\u0173 ir kt., padedan\u010di\u0173 konstruoti turtingus, prasmingus ir i\u0161rai\u0161kingus sakinius.<\/p>\n\n\n\n<h3 class=\"wp-block-heading\" id=\"h-embracing-the-world-of-urdu-grammar\">Urdu gramatikos pasaulio apkabinimas<\/h3>\n\n\n\n<p>Urdu <a href=\"https:\/\/talkpal.ai\/sq\/gramatika\/\">gramatika<\/a> i\u0161 prad\u017ei\u0173 gali pasirodyti sud\u0117tinga, bet kai pasinersite \u012f jos subtilybes, pamatysite, kad kalba kupina gro\u017eio ir i\u0161rai\u0161kos. Urdu kalbos mokymasis ne tik pagerins j\u016bs\u0173 supratim\u0105 apie indoarij\u0173 kalb\u0173 \u0161eim\u0105, bet ir pad\u0117s u\u017emegzti ry\u0161\u012f su kerin\u010dia kult\u016bra, literat\u016bra ir istorija.<\/p>\n\n\n\n<p>Taigi, kod\u0117l gi neprad\u0117jus \u012fdomios Urdu gramatikos mokymosi kelion\u0117s? Su atsidavimu ir smalsumu netrukus galite suart\u0117ti su gimt\u0105ja kalba, keistis id\u0117jomis ir istorijomis \u0161ia galinga kalba. Smagaus mokymosi!<\/p>\n<\/div><\/div>\n\r\n<section class=\"learnNavigationSection\">\r\n            \r\n        <a href=\"https:\/\/talkpal.ai\/lt\/urdu-mokymasis\/\">\r\n            <div class=\"learnNavigationWrapper\">\r\n                <div class=\"learnNavigationContent\">\r\n                    <img decoding=\"async\" src=\"https:\/\/talkpal.ai\/wp-content\/uploads\/2024\/08\/Urdu.jpg\" alt=\"Pakistani Flag\">\r\n                    <div>\r\n                        <h4>Apie urd\u0173 kalbos mokym\u0105si<\/h4>\r\n                        <p>Su\u017einokite visk\u0105 apie Urdu gramatik\u0105.<\/p>\r\n                    <\/div>\r\n                <\/div>\r\n            <\/div>\r\n        <\/a>\r\n\r\n        \r\n        <a href=\"https:\/\/talkpal.ai\/lt\/urdu-gramatikos-pratimai\/\">\r\n            <div class=\"learnNavigationWrapper\">\r\n                <div class=\"learnNavigationContent\">\r\n                    <img decoding=\"async\" src=\"https:\/\/talkpal.ai\/wp-content\/uploads\/2024\/08\/Urdu.jpg\" alt=\"Pakistani Flag\">\r\n                    <div>\r\n                        <h4>Urdu gramatikos pratimai<\/h4>\r\n                        <p>Praktikuokite Urdu gramatik\u0105.<\/p>\r\n                    <\/div>\r\n                <\/div>\r\n            <\/div>\r\n        <\/a>\r\n\r\n        \r\n        <a href=\"https:\/\/talkpal.ai\/vocabulary_language\/urdu\/\">\r\n            <div class=\"learnNavigationWrapper\">\r\n                <div class=\"learnNavigationContent\">\r\n                    <img decoding=\"async\" src=\"https:\/\/talkpal.ai\/wp-content\/uploads\/2024\/08\/Urdu.jpg\" alt=\"Pakistani Flag\">\r\n                    <div>\r\n                        <h4>Urdu kalbos \u017eodynas<\/h4>\r\n                        <p>Prapl\u0117skite savo urd\u0173 kalbos \u017eodyn\u0105.<\/p>\r\n                    <\/div>\r\n                <\/div>\r\n            <\/div>\r\n        <\/a>\r\n\r\n            <\/section>","protected":false},"excerpt":{"rendered":"<p>Urdu gramatika: indoarij\u0173 kalbos gro\u017eio ir subtilybi\u0173 tyrin\u0117jimas Kalbos entuziastai ir smals\u016bs besimokantieji, ar esate pasireng\u0119 pasinerti \u012f \u012fsp\u016bding\u0105 Urdu gramatikos pasaul\u012f? Urdu, indoarij\u0173 kalba, yra nacionalin\u0117 Pakistano kalba ir viena i\u0161 oficiali\u0173 Indijos kalb\u0173. Urdu, kuriame kalba apie 70 milijon\u0173 \u017emoni\u0173 visame pasaulyje, yra ne tik turtinga ir i\u0161rai\u0161kinga kalba, bet ir tiltas \u012f [&hellip;]<\/p>\n","protected":false},"author":1,"featured_media":121205,"parent":0,"menu_order":0,"comment_status":"closed","ping_status":"closed","template":"LearningContentPage.php","meta":{"_acf_changed":false,"footnotes":""},"class_list":["post-152375","page","type-page","status-publish","has-post-thumbnail","hentry"],"acf":[],"yoast_head":"<!-- This site is optimized with the Yoast SEO Premium plugin v27.2 (Yoast SEO v27.2) - https:\/\/yoast.com\/product\/yoast-seo-premium-wordpress\/ -->\n<title>Urdu gramatika - Talkpal<\/title>\n<meta name=\"description\" content=\"Atskleiskite urd\u0173 kalbos gramatikos gro\u017e\u012f. Susipa\u017einkite su unikaliais jo aspektais, ra\u0161menimis ir s\u0105sajomis su kult\u016bra bei istorija.\" \/>\n<meta name=\"robots\" content=\"index, follow, max-snippet:-1, max-image-preview:large, max-video-preview:-1\" \/>\n<link rel=\"canonical\" href=\"https:\/\/talkpal.ai\/lt\/urdu-gramatika\/\" \/>\n<meta property=\"og:locale\" content=\"lt_LT\" \/>\n<meta property=\"og:type\" content=\"article\" \/>\n<meta property=\"og:title\" content=\"Urdu gramatika\" \/>\n<meta property=\"og:description\" content=\"Urdu gramatika: indoarij\u0173 kalbos gro\u017eio ir subtilybi\u0173 tyrin\u0117jimas Kalbos entuziastai ir smals\u016bs besimokantieji, ar esate pasireng\u0119 pasinerti \u012f \u012fsp\u016bding\u0105\" \/>\n<meta property=\"og:url\" content=\"https:\/\/talkpal.ai\/lt\/urdu-gramatika\/\" \/>\n<meta property=\"og:site_name\" content=\"Talkpal\" \/>\n<meta property=\"article:publisher\" content=\"https:\/\/www.facebook.com\/profile.php?id=100090733639311\" \/>\n<meta property=\"article:modified_time\" content=\"2025-12-11T16:25:44+00:00\" \/>\n<meta property=\"og:image\" content=\"https:\/\/talkpal.ai\/wp-content\/uploads\/2023\/05\/Urdu-pakistan.png\" \/>\n\t<meta property=\"og:image:width\" content=\"512\" \/>\n\t<meta property=\"og:image:height\" content=\"512\" \/>\n\t<meta property=\"og:image:type\" content=\"image\/png\" \/>\n<meta name=\"twitter:card\" content=\"summary_large_image\" \/>\n<meta name=\"twitter:site\" content=\"@talkpalai\" \/>\n<meta name=\"twitter:label1\" content=\"Est. reading time\" \/>\n\t<meta name=\"twitter:data1\" content=\"3 minut\u0117s\" \/>\n<script type=\"application\/ld+json\" class=\"yoast-schema-graph\">{\"@context\":\"https:\/\/schema.org\",\"@graph\":[{\"@type\":\"WebPage\",\"@id\":\"https:\/\/talkpal.ai\/lt\/urdu-gramatika\/\",\"url\":\"https:\/\/talkpal.ai\/lt\/urdu-gramatika\/\",\"name\":\"Urdu gramatika - Talkpal\",\"isPartOf\":{\"@id\":\"https:\/\/talkpal.ai\/lt\/#website\"},\"primaryImageOfPage\":{\"@id\":\"https:\/\/talkpal.ai\/lt\/urdu-gramatika\/#primaryimage\"},\"image\":{\"@id\":\"https:\/\/talkpal.ai\/lt\/urdu-gramatika\/#primaryimage\"},\"thumbnailUrl\":\"https:\/\/talkpal.ai\/wp-content\/uploads\/2023\/05\/Urdu-pakistan.png\",\"datePublished\":\"2023-05-14T14:22:39+00:00\",\"dateModified\":\"2025-12-11T16:25:44+00:00\",\"description\":\"Atskleiskite urd\u0173 kalbos gramatikos gro\u017e\u012f. Susipa\u017einkite su unikaliais jo aspektais, ra\u0161menimis ir s\u0105sajomis su kult\u016bra bei istorija.\",\"breadcrumb\":{\"@id\":\"https:\/\/talkpal.ai\/lt\/urdu-gramatika\/#breadcrumb\"},\"inLanguage\":\"lt-LT\",\"potentialAction\":[{\"@type\":\"ReadAction\",\"target\":[\"https:\/\/talkpal.ai\/lt\/urdu-gramatika\/\"]}]},{\"@type\":\"ImageObject\",\"inLanguage\":\"lt-LT\",\"@id\":\"https:\/\/talkpal.ai\/lt\/urdu-gramatika\/#primaryimage\",\"url\":\"https:\/\/talkpal.ai\/wp-content\/uploads\/2023\/05\/Urdu-pakistan.png\",\"contentUrl\":\"https:\/\/talkpal.ai\/wp-content\/uploads\/2023\/05\/Urdu-pakistan.png\",\"width\":512,\"height\":512},{\"@type\":\"BreadcrumbList\",\"@id\":\"https:\/\/talkpal.ai\/lt\/urdu-gramatika\/#breadcrumb\",\"itemListElement\":[{\"@type\":\"ListItem\",\"position\":1,\"name\":\"Homepage\",\"item\":\"https:\/\/talkpal.ai\/lt\/\"},{\"@type\":\"ListItem\",\"position\":2,\"name\":\"Urdu gramatika\"}]},{\"@type\":\"WebSite\",\"@id\":\"https:\/\/talkpal.ai\/lt\/#website\",\"url\":\"https:\/\/talkpal.ai\/lt\/\",\"name\":\"Talkpal\",\"description\":\"AI Language Learning\",\"publisher\":{\"@id\":\"https:\/\/talkpal.ai\/lt\/#organization\"},\"alternateName\":\"Talkpal AI\",\"potentialAction\":[{\"@type\":\"SearchAction\",\"target\":{\"@type\":\"EntryPoint\",\"urlTemplate\":\"https:\/\/talkpal.ai\/lt\/?s={search_term_string}\"},\"query-input\":{\"@type\":\"PropertyValueSpecification\",\"valueRequired\":true,\"valueName\":\"search_term_string\"}}],\"inLanguage\":\"lt-LT\"},{\"@type\":\"Organization\",\"@id\":\"https:\/\/talkpal.ai\/lt\/#organization\",\"name\":\"Talkpal, Inc.\",\"alternateName\":\"Talkpal AI\",\"url\":\"https:\/\/talkpal.ai\/lt\/\",\"logo\":{\"@type\":\"ImageObject\",\"inLanguage\":\"lt-LT\",\"@id\":\"https:\/\/talkpal.ai\/lt\/#\/schema\/logo\/image\/\",\"url\":\"https:\/\/talkpal.ai\/wp-content\/uploads\/2024\/03\/Talkpal-Logo-Icon.png\",\"contentUrl\":\"https:\/\/talkpal.ai\/wp-content\/uploads\/2024\/03\/Talkpal-Logo-Icon.png\",\"width\":2880,\"height\":2880,\"caption\":\"Talkpal, Inc.\"},\"image\":{\"@id\":\"https:\/\/talkpal.ai\/lt\/#\/schema\/logo\/image\/\"},\"sameAs\":[\"https:\/\/www.facebook.com\/profile.php?id=100090733639311\",\"https:\/\/x.com\/talkpalai\",\"https:\/\/www.linkedin.com\/company\/talkpal\/\",\"https:\/\/www.youtube.com\/@TalkPal\/\",\"https:\/\/www.tiktok.com\/@talkpal\",\"https:\/\/www.instagram.com\/talkpal_ai\/\",\"https:\/\/www.crunchbase.com\/organization\/talkpal-9cde\",\"https:\/\/www.g2.com\/products\/talkpal-for-business\/\",\"https:\/\/www.trustpilot.com\/review\/talkpal.ai\",\"https:\/\/www.capterra.com\/p\/10006800\/TalkPal\/\"],\"description\":\"Talkpal is a language learning web and mobile education app, powered by the latest AI technologies, that provides engaging experiences to its customers in many different languages to help them improve their language skills. Users can chat about unlimited amount of topics with the app and use other modes to practice their language learning.\",\"email\":\"support@talkpal.ai\",\"legalName\":\"Talkpal, Inc.\",\"foundingDate\":\"2023-04-03\",\"duns\":\"118989042\",\"numberOfEmployees\":{\"@type\":\"QuantitativeValue\",\"minValue\":\"11\",\"maxValue\":\"50\"},\"publishingPrinciples\":\"https:\/\/talkpal.ai\/publishing-principles\/\",\"actionableFeedbackPolicy\":\"https:\/\/talkpal.ai\/actionable-feedback-policy\/\",\"correctionsPolicy\":\"https:\/\/talkpal.ai\/corrections-policy\/\",\"ethicsPolicy\":\"https:\/\/talkpal.ai\/ethics-policy\/\",\"diversityPolicy\":\"https:\/\/talkpal.ai\/diversity-policy\/\",\"diversityStaffingReport\":\"https:\/\/talkpal.ai\/diversity-policy\/\"}]}<\/script>\n<!-- \/ Yoast SEO Premium plugin. -->","yoast_head_json":{"title":"Urdu gramatika - Talkpal","description":"Atskleiskite urd\u0173 kalbos gramatikos gro\u017e\u012f. Susipa\u017einkite su unikaliais jo aspektais, ra\u0161menimis ir s\u0105sajomis su kult\u016bra bei istorija.","robots":{"index":"index","follow":"follow","max-snippet":"max-snippet:-1","max-image-preview":"max-image-preview:large","max-video-preview":"max-video-preview:-1"},"canonical":"https:\/\/talkpal.ai\/lt\/urdu-gramatika\/","og_locale":"lt_LT","og_type":"article","og_title":"Urdu gramatika","og_description":"Urdu gramatika: indoarij\u0173 kalbos gro\u017eio ir subtilybi\u0173 tyrin\u0117jimas Kalbos entuziastai ir smals\u016bs besimokantieji, ar esate pasireng\u0119 pasinerti \u012f \u012fsp\u016bding\u0105","og_url":"https:\/\/talkpal.ai\/lt\/urdu-gramatika\/","og_site_name":"Talkpal","article_publisher":"https:\/\/www.facebook.com\/profile.php?id=100090733639311","article_modified_time":"2025-12-11T16:25:44+00:00","og_image":[{"width":512,"height":512,"url":"https:\/\/talkpal.ai\/wp-content\/uploads\/2023\/05\/Urdu-pakistan.png","type":"image\/png"}],"twitter_card":"summary_large_image","twitter_site":"@talkpalai","twitter_misc":{"Est. reading time":"3 minut\u0117s"},"schema":{"@context":"https:\/\/schema.org","@graph":[{"@type":"WebPage","@id":"https:\/\/talkpal.ai\/lt\/urdu-gramatika\/","url":"https:\/\/talkpal.ai\/lt\/urdu-gramatika\/","name":"Urdu gramatika - Talkpal","isPartOf":{"@id":"https:\/\/talkpal.ai\/lt\/#website"},"primaryImageOfPage":{"@id":"https:\/\/talkpal.ai\/lt\/urdu-gramatika\/#primaryimage"},"image":{"@id":"https:\/\/talkpal.ai\/lt\/urdu-gramatika\/#primaryimage"},"thumbnailUrl":"https:\/\/talkpal.ai\/wp-content\/uploads\/2023\/05\/Urdu-pakistan.png","datePublished":"2023-05-14T14:22:39+00:00","dateModified":"2025-12-11T16:25:44+00:00","description":"Atskleiskite urd\u0173 kalbos gramatikos gro\u017e\u012f. Susipa\u017einkite su unikaliais jo aspektais, ra\u0161menimis ir s\u0105sajomis su kult\u016bra bei istorija.","breadcrumb":{"@id":"https:\/\/talkpal.ai\/lt\/urdu-gramatika\/#breadcrumb"},"inLanguage":"lt-LT","potentialAction":[{"@type":"ReadAction","target":["https:\/\/talkpal.ai\/lt\/urdu-gramatika\/"]}]},{"@type":"ImageObject","inLanguage":"lt-LT","@id":"https:\/\/talkpal.ai\/lt\/urdu-gramatika\/#primaryimage","url":"https:\/\/talkpal.ai\/wp-content\/uploads\/2023\/05\/Urdu-pakistan.png","contentUrl":"https:\/\/talkpal.ai\/wp-content\/uploads\/2023\/05\/Urdu-pakistan.png","width":512,"height":512},{"@type":"BreadcrumbList","@id":"https:\/\/talkpal.ai\/lt\/urdu-gramatika\/#breadcrumb","itemListElement":[{"@type":"ListItem","position":1,"name":"Homepage","item":"https:\/\/talkpal.ai\/lt\/"},{"@type":"ListItem","position":2,"name":"Urdu gramatika"}]},{"@type":"WebSite","@id":"https:\/\/talkpal.ai\/lt\/#website","url":"https:\/\/talkpal.ai\/lt\/","name":"Talkpal","description":"AI Language Learning","publisher":{"@id":"https:\/\/talkpal.ai\/lt\/#organization"},"alternateName":"Talkpal AI","potentialAction":[{"@type":"SearchAction","target":{"@type":"EntryPoint","urlTemplate":"https:\/\/talkpal.ai\/lt\/?s={search_term_string}"},"query-input":{"@type":"PropertyValueSpecification","valueRequired":true,"valueName":"search_term_string"}}],"inLanguage":"lt-LT"},{"@type":"Organization","@id":"https:\/\/talkpal.ai\/lt\/#organization","name":"Talkpal, Inc.","alternateName":"Talkpal AI","url":"https:\/\/talkpal.ai\/lt\/","logo":{"@type":"ImageObject","inLanguage":"lt-LT","@id":"https:\/\/talkpal.ai\/lt\/#\/schema\/logo\/image\/","url":"https:\/\/talkpal.ai\/wp-content\/uploads\/2024\/03\/Talkpal-Logo-Icon.png","contentUrl":"https:\/\/talkpal.ai\/wp-content\/uploads\/2024\/03\/Talkpal-Logo-Icon.png","width":2880,"height":2880,"caption":"Talkpal, Inc."},"image":{"@id":"https:\/\/talkpal.ai\/lt\/#\/schema\/logo\/image\/"},"sameAs":["https:\/\/www.facebook.com\/profile.php?id=100090733639311","https:\/\/x.com\/talkpalai","https:\/\/www.linkedin.com\/company\/talkpal\/","https:\/\/www.youtube.com\/@TalkPal\/","https:\/\/www.tiktok.com\/@talkpal","https:\/\/www.instagram.com\/talkpal_ai\/","https:\/\/www.crunchbase.com\/organization\/talkpal-9cde","https:\/\/www.g2.com\/products\/talkpal-for-business\/","https:\/\/www.trustpilot.com\/review\/talkpal.ai","https:\/\/www.capterra.com\/p\/10006800\/TalkPal\/"],"description":"Talkpal is a language learning web and mobile education app, powered by the latest AI technologies, that provides engaging experiences to its customers in many different languages to help them improve their language skills. Users can chat about unlimited amount of topics with the app and use other modes to practice their language learning.","email":"support@talkpal.ai","legalName":"Talkpal, Inc.","foundingDate":"2023-04-03","duns":"118989042","numberOfEmployees":{"@type":"QuantitativeValue","minValue":"11","maxValue":"50"},"publishingPrinciples":"https:\/\/talkpal.ai\/publishing-principles\/","actionableFeedbackPolicy":"https:\/\/talkpal.ai\/actionable-feedback-policy\/","correctionsPolicy":"https:\/\/talkpal.ai\/corrections-policy\/","ethicsPolicy":"https:\/\/talkpal.ai\/ethics-policy\/","diversityPolicy":"https:\/\/talkpal.ai\/diversity-policy\/","diversityStaffingReport":"https:\/\/talkpal.ai\/diversity-policy\/"}]}},"_links":{"self":[{"href":"https:\/\/talkpal.ai\/lt\/wp-json\/wp\/v2\/pages\/152375","targetHints":{"allow":["GET"]}}],"collection":[{"href":"https:\/\/talkpal.ai\/lt\/wp-json\/wp\/v2\/pages"}],"about":[{"href":"https:\/\/talkpal.ai\/lt\/wp-json\/wp\/v2\/types\/page"}],"author":[{"embeddable":true,"href":"https:\/\/talkpal.ai\/lt\/wp-json\/wp\/v2\/users\/1"}],"replies":[{"embeddable":true,"href":"https:\/\/talkpal.ai\/lt\/wp-json\/wp\/v2\/comments?post=152375"}],"version-history":[{"count":0,"href":"https:\/\/talkpal.ai\/lt\/wp-json\/wp\/v2\/pages\/152375\/revisions"}],"wp:featuredmedia":[{"embeddable":true,"href":"https:\/\/talkpal.ai\/lt\/wp-json\/wp\/v2\/media\/121205"}],"wp:attachment":[{"href":"https:\/\/talkpal.ai\/lt\/wp-json\/wp\/v2\/media?parent=152375"}],"curies":[{"name":"wp","href":"https:\/\/api.w.org\/{rel}","templated":true}]}}