{"id":151946,"date":"2023-05-14T14:22:16","date_gmt":"2023-05-14T14:22:16","guid":{"rendered":"http:\/\/talkpal.ai\/tamilu-gramatika\/"},"modified":"2025-12-12T11:02:11","modified_gmt":"2025-12-12T11:02:11","slug":"tamilu-gramatika","status":"publish","type":"page","link":"https:\/\/talkpal.ai\/lt\/tamilu-gramatika\/","title":{"rendered":"Tamil\u0173 gramatika"},"content":{"rendered":"\r\n\r\n\r\n<section class=\"languageChallengeSection\">\r\n    <div class=\"languageInfoWrapper\">\r\n        \r\n        <h1>Tamil\u0173 gramatika<\/h1>\r\n        <p>Pakelkite savo <a href=\"https:\/\/talkpal.ai\/learn-tamil\/\">tamil\u0173<\/a> <a href=\"https:\/\/talkpal.ai\/what-language-is-spoken-on-the-international-space-station\/\">kalbos<\/a> \u012fg\u016bd\u017eius \u012f auk\u0161tesn\u012f lyg\u012f, \u012fvaldydami gramatikos pagrindus ir i\u0161pl\u0117stines s\u0105vokas. Susipa\u017einkite su ai\u0161kiais paai\u0161kinimais, praktiniais pavyzd\u017eiais ir interaktyviomis u\u017eduotimis, skirtomis j\u016bs\u0173 pasitik\u0117jimui stiprinti. Prad\u0117kite mokytis sakinio strukt\u016bros, veiksma\u017eod\u017ei\u0173 linksniavimo ir esmini\u0173 taisykli\u0173 jau \u0161iandien. Prad\u0117kite savo kelion\u0119, kad kalb\u0117tum\u0117te ir ra\u0161ytum\u0117te tamil\u0173 kalba tiksliai ir lengvai!<\/p>\r\n\r\n                            <a class=\"getStartedHidden\" href=\"https:\/\/app.talkpal.ai\/lt\/signup?lng=\">Prad\u0117k<\/a>\r\n        \r\n    <\/div>\r\n\r\n    <figure>\r\n    <img decoding=\"async\" width=\"768\" height=\"768\" src=\"https:\/\/talkpal.ai\/wp-content\/uploads\/2023\/06\/tamil-768x768.png\" class=\"languageImage no-lazy\" alt=\"Language learning for enhanced creativity\" fetchpriority=\"high\" sizes=\"(max-width: 768px) 150px, 768px\" srcset=\"https:\/\/talkpal.ai\/wp-content\/uploads\/2023\/06\/tamil-768x768.png 768w, https:\/\/talkpal.ai\/wp-content\/uploads\/2023\/06\/tamil-300x300.png 300w\" \/>\r\n    \r\n\r\n    <\/figure>\r\n\r\n            <a class=\"getStartedVisible\" href=\"https:\/\/app.talkpal.ai\/lt\/signup?lng=\">Prad\u0117k<\/a>\r\n    \r\n<\/section>\r\n<section class=\"promotionalBanner\">\r\n    <p class=\"promotionalText\">Efektyviausias b\u016bdas mokytis kalbos<\/p>\r\n    <a class=\"promotionalLink\" href=\"https:\/\/app.talkpal.ai\/lt\/signup?lng=\">I\u0161bandykite Talkpal &#8221; nemokamai<\/a>\r\n<\/section>\n<div class=\"wp-block-group pageContainerStyle\"><div class=\"wp-block-group__inner-container is-layout-constrained wp-block-group-is-layout-constrained\">\n<h2 class=\"wp-block-heading\" id=\"h-tamil-grammar-understanding-the-richness-of-the-tamil-language\">Tamil\u0173 gramatika: tamil\u0173 kalbos turtingumo supratimas<\/h2>\n\n\n\n<p>Pradedant mokytis <a href=\"https:\/\/talkpal.ai\/lt\/mokykis-tamilu-kalbos\/\">tamil\u0173 kalbos<\/a> &#8211; vienos seniausi\u0173 gyv\u0173 pasaulio kalb\u0173 &#8211; labai svarbu i\u0161siai\u0161kinti jos gramatikos sud\u0117tingum\u0105 ir turtingum\u0105. Tamil\u0173 kalba, kuri gali pasigirti ra\u0161ytine tradicija, siekian\u010dia daugiau nei 2 000 met\u0173, i\u0161lieka pagrindine 70 milijon\u0173 kalb\u0117toj\u0173 kalba visame pasaulyje. Kad b\u016bt\u0173 lengviau <a href=\"https:\/\/talkpal.ai\/ko\/ai-%ec%96%b8%ec%96%b4-%ea%b5%90%ec%82%ac\/\">prad\u0117ti<\/a>, \u0161iame straipsnyje apra\u0161omi <a href=\"https:\/\/talkpal.ai\/locations\/language-courses-in-kai\/\">kai<\/a> kurie pagrindiniai tamil\u0173 kalbos gramatikos aspektai, laikantis pokalbio ir neformalaus po\u017ei\u016brio.<\/p>\n\n\n\n<h3 class=\"wp-block-heading\" id=\"h-1-nouns-classifications-and-cases\">1. Daiktavard\u017eiai \u2013 klasifikacijos ir atvejai<\/h3>\n\n\n\n<p>Svarbus tamil\u0173 kalbos gramatikos aspektas yra jos daiktavard\u017eiai, kurie klasifikuojami pagal lyt\u012f (vyri\u0161kas, moteri\u0161kas ir neuterinis), skai\u010di\u0173 (vienaskaita ir daugiskaita) ir atvej\u012f (nominacinis, akustinis, dative, genitive, locative, instrumentalinis, komitacinis, abessive ir vocative). Nors <a href=\"https:\/\/talkpal.ai\/learn-thai\/\">tai<\/a> gali atrodyti ne\u012fveikiama, tai labai svarbu norint suprasti \u017eod\u017ei\u0173 ry\u0161ius sakiniuose ir i\u0161\u0161ifruoti tamil\u0173 kalbai b\u016bding\u0105 logik\u0105.<\/p>\n\n\n\n<p>Pavyzd\u017eiui, \u017eodis &#8222;knyga&#8221; tamil\u0173 kalba yra &#8222;\u0baa\u0bc1\u0ba4\u0bcd\u0ba4\u0b95\u0bae\u0bcd&#8221; (puththakam). Nor\u0117dami pasakyti &#8222;A\u0161 perskai\u010diau knyg\u0105&#8221;, tur\u0117tum\u0117te vartoti kaltinam\u0105j\u012f atvej\u012f, kuris rei\u0161kia, kad knyga yra veiksmo objektas: &#8222;\u0ba8\u0bbe\u0ba9\u0bcd \u0baa\u0bc1\u0ba4\u0bcd\u0ba4\u0b95\u0ba4\u0bcd\u0ba4\u0bc8 \u0bb5\u0bbe\u0b9a\u0bbf\u0b95\u0bcd\u0b95\u0bbf\u0ba9\u0bcd\u0bb1\u0bc7\u0ba9\u0bcd&#8221; (Naan puththakaththai vaasikkiren).<\/p>\n\n\n\n<h3 class=\"wp-block-heading\" id=\"h-2-adjectives-and-pronouns-consistent-harmony\">2. B\u016bdvard\u017eiai ir \u012fvard\u017eiai \u2013 nuosekli harmonija<\/h3>\n\n\n\n<p>Tamil\u0173 kalboje b\u016bdvard\u017eiai (\u0baa\u0ba3\u0bcd\u0baa\u0bc1\u0b9f\u0bc8\u0bae\u0bc8) ir \u012fvard\u017eiai (\u0ba4\u0ba9\u0bbf\u0baa\u0bcd\u0baa\u0bca\u0bb0\u0bc1\u0bb3\u0bcd) vadovaujasi esmine taisykle: jie turi susitarti d\u0117l lyties ir skai\u010diaus su daiktavard\u017eiais, kuriuos jie kei\u010dia. \u0160is nuoseklumas skatina kalbin\u0119 harmonij\u0105 ir didina i\u0161rai\u0161kos ai\u0161kum\u0105.<\/p>\n\n\n\n<h3 class=\"wp-block-heading\" id=\"h-3-verbs-conjugation-and-tenses\">3. Veiksma\u017eod\u017eiai \u2013 konjugacija ir laikai<\/h3>\n\n\n\n<p>Tamil\u0173 veiksma\u017eod\u017eiai vaidina lemiam\u0105 vaidmen\u012f formuojant sakinius. Veiksma\u017eod\u017eiai konjuguojami pagal asmen\u012f, skai\u010di\u0173, \u012ftamp\u0105, bals\u0105 ir nuotaik\u0105. Tamil\u0173 kalba turi tris pagrindinius laikus (praeitis, dabartis ir ateitis) ir tris nuotaikas (orientacin\u0119, imperatyvi\u0105 ir subjunkcin\u0119). Konjugacija i\u0161 prad\u017ei\u0173 gali atrodyti bauginanti, ta\u010diau jos \u012fvaldymas pad\u0117s i\u0161reik\u0161ti daugyb\u0119 emocij\u0173, veiksm\u0173 ir niuans\u0173.<\/p>\n\n\n\n<h3 class=\"wp-block-heading\" id=\"h-4-sentence-structure-word-order-and-agreement\">4. Sakinio strukt\u016bra \u2013 \u017eod\u017ei\u0173 tvarka ir susitarimas<\/h3>\n\n\n\n<p>Tamil\u0173 kalba laikosi dalyko-objekto-veiksma\u017eod\u017eio (SOV) \u017eod\u017ei\u0173 tvarkos, tod\u0117l ji skiriasi nuo angl\u0173 kalbos, kuri seka subjekto-veiksma\u017eod\u017eio-objekto (SVO) strukt\u016br\u0105. Be to, tamil\u0173 <a href=\"https:\/\/talkpal.ai\/sq\/gramatika\/\">gramatika<\/a> pabr\u0117\u017eia \u017eod\u017ei\u0173 susitarim\u0105, u\u017etikrindama daiktavard\u017ei\u0173, b\u016bdvard\u017ei\u0173 ir \u012fvard\u017ei\u0173 nuoseklum\u0105.<\/p>\n\n\n\n<p>Pavyzd\u017eiui, tamil\u0173 kalba sakinys &#8222;Ji valgo obuol\u012f&#8221; u\u017era\u0161omas taip: &#8222;\u0b85\u0bb5\u0bb3\u0bcd \u0b92\u0bb0\u0bc1 \u0b86\u0baa\u0bcd\u0baa\u0bbf\u0bb3\u0bcd \u0b9a\u0bbe\u0baa\u0bcd\u0baa\u0bbf\u0b9f\u0bc1\u0b95\u0bbf\u0bb1\u0bbe\u0bb3\u0bcd&#8221; (Ava\u1e37 oru \u0101ppi\u1e37 s\u0101ppi\u1e6dugi\u1e5f\u0101\u1e37), kur daiktavardis ir veiksma\u017eodis sutampa gimine ir skai\u010diumi.<\/p>\n\n\n\n<h3 class=\"wp-block-heading\" id=\"h-5-embrace-the-journey\">5. Priimkite kelion\u0119<\/h3>\n\n\n\n<p>I\u0161mokti tamil\u0173 kalbos gramatikos gali b\u016bti sud\u0117tinga, ta\u010diau tai atveria vartus \u012f gyvybing\u0105 literat\u016bros tradicij\u0105 ir turting\u0105 kult\u016bros paveld\u0105. Atminkite, kad labai svarbu \u017eengti po vien\u0105 \u017eingsn\u012f ir \u012fvertinti tamil\u0173 kalbos ypatumus.<\/p>\n\n\n\n<p>Tyrin\u0117dami tamil\u0173 kalbos gramatikos sud\u0117tingum\u0105, b\u016btinai reguliariai praktikuokit\u0117s, bendraukite su gimtakalbiais ir b\u016bkite kantr\u016bs. Su atsidavimu atskleisite \u0161ios senovin\u0117s kalbos gro\u017e\u012f ir turtingum\u0105. \u0b87\u0ba9\u0bbf\u0baf \u0b95\u0bb1\u0bcd\u0bb1\u0bb2\u0bcd &#8211; Iniy ka\u1e5f\u1e5fal (laimingo mokymosi)!<\/p>\n<\/div><\/div>\n\r\n<section class=\"learnNavigationSection\">\r\n            \r\n        <a href=\"https:\/\/talkpal.ai\/lt\/mokykis-tamilu-kalbos\/\">\r\n            <div class=\"learnNavigationWrapper\">\r\n                <div class=\"learnNavigationContent\">\r\n                    <img decoding=\"async\" src=\"https:\/\/talkpal.ai\/wp-content\/uploads\/2024\/08\/Tamil.jpg\" alt=\"Indian Simplified Flag\">\r\n                    <div>\r\n                        <h4>Apie tamil\u0173 kalbos mokym\u0105si<\/h4>\r\n                        <p>Su\u017einokite visk\u0105 apie tamil\u0173 kalbos gramatik\u0105.<\/p>\r\n                    <\/div>\r\n                <\/div>\r\n            <\/div>\r\n        <\/a>\r\n\r\n        \r\n        <a href=\"https:\/\/talkpal.ai\/lt\/tamilu-gramatikos-pratimai\/\">\r\n            <div class=\"learnNavigationWrapper\">\r\n                <div class=\"learnNavigationContent\">\r\n                    <img decoding=\"async\" src=\"https:\/\/talkpal.ai\/wp-content\/uploads\/2024\/08\/Tamil.jpg\" alt=\"Indian Simplified Flag\">\r\n                    <div>\r\n                        <h4>Tamil\u0173 kalbos gramatikos pratybos<\/h4>\r\n                        <p>Praktikuokite tamil\u0173 gramatik\u0105.<\/p>\r\n                    <\/div>\r\n                <\/div>\r\n            <\/div>\r\n        <\/a>\r\n\r\n        \r\n        <a href=\"https:\/\/talkpal.ai\/vocabulary_language\/tamil\/\">\r\n            <div class=\"learnNavigationWrapper\">\r\n                <div class=\"learnNavigationContent\">\r\n                    <img decoding=\"async\" src=\"https:\/\/talkpal.ai\/wp-content\/uploads\/2024\/08\/Tamil.jpg\" alt=\"Indian Simplified Flag\">\r\n                    <div>\r\n                        <h4>Tamil\u0173 kalbos \u017eodynas<\/h4>\r\n                        <p>Prapl\u0117skite savo tamil\u0173 kalbos \u017eodyn\u0105.<\/p>\r\n                    <\/div>\r\n                <\/div>\r\n            <\/div>\r\n        <\/a>\r\n\r\n            <\/section>","protected":false},"excerpt":{"rendered":"<p>Tamil\u0173 gramatika: tamil\u0173 kalbos turtingumo supratimas Pradedant mokytis tamil\u0173 kalbos &#8211; vienos seniausi\u0173 gyv\u0173 pasaulio kalb\u0173 &#8211; labai svarbu i\u0161siai\u0161kinti jos gramatikos sud\u0117tingum\u0105 ir turtingum\u0105. Tamil\u0173 kalba, kuri gali pasigirti ra\u0161ytine tradicija, siekian\u010dia daugiau nei 2 000 met\u0173, i\u0161lieka pagrindine 70 milijon\u0173 kalb\u0117toj\u0173 kalba visame pasaulyje. Kad b\u016bt\u0173 lengviau prad\u0117ti, \u0161iame straipsnyje apra\u0161omi kai kurie [&hellip;]<\/p>\n","protected":false},"author":1,"featured_media":120298,"parent":0,"menu_order":0,"comment_status":"closed","ping_status":"closed","template":"LearningContentPage.php","meta":{"_acf_changed":false,"footnotes":""},"class_list":["post-151946","page","type-page","status-publish","has-post-thumbnail","hentry"],"acf":[],"yoast_head":"<!-- This site is optimized with the Yoast SEO Premium plugin v27.2 (Yoast SEO v27.2) - https:\/\/yoast.com\/product\/yoast-seo-premium-wordpress\/ -->\n<title>Tamil\u0173 gramatika - Talkpal<\/title>\n<meta name=\"description\" content=\"Susipa\u017einkite su tamil\u0173 kalbos gramatikos pagrindais ir geriau supraskite \u0161i\u0105 turting\u0105 kalb\u0105.\" \/>\n<meta name=\"robots\" content=\"index, follow, max-snippet:-1, max-image-preview:large, max-video-preview:-1\" \/>\n<link rel=\"canonical\" href=\"https:\/\/talkpal.ai\/lt\/tamilu-gramatika\/\" \/>\n<meta property=\"og:locale\" content=\"lt_LT\" \/>\n<meta property=\"og:type\" content=\"article\" \/>\n<meta property=\"og:title\" content=\"Tamil\u0173 gramatika\" \/>\n<meta property=\"og:description\" content=\"Tamil\u0173 gramatika: tamil\u0173 kalbos turtingumo supratimas Pradedant mokytis tamil\u0173 kalbos - vienos seniausi\u0173 gyv\u0173 pasaulio kalb\u0173 - labai svarbu i\u0161siai\u0161kinti\" \/>\n<meta property=\"og:url\" content=\"https:\/\/talkpal.ai\/lt\/tamilu-gramatika\/\" \/>\n<meta property=\"og:site_name\" content=\"Talkpal\" \/>\n<meta property=\"article:publisher\" content=\"https:\/\/www.facebook.com\/profile.php?id=100090733639311\" \/>\n<meta property=\"article:modified_time\" content=\"2025-12-12T11:02:11+00:00\" \/>\n<meta property=\"og:image\" content=\"https:\/\/talkpal.ai\/wp-content\/uploads\/2023\/05\/Tamil-india.png\" \/>\n\t<meta property=\"og:image:width\" content=\"512\" \/>\n\t<meta property=\"og:image:height\" content=\"512\" \/>\n\t<meta property=\"og:image:type\" content=\"image\/png\" \/>\n<meta name=\"twitter:card\" content=\"summary_large_image\" \/>\n<meta name=\"twitter:site\" content=\"@talkpalai\" \/>\n<meta name=\"twitter:label1\" content=\"Est. reading time\" \/>\n\t<meta name=\"twitter:data1\" content=\"2 minut\u0117s\" \/>\n<script type=\"application\/ld+json\" class=\"yoast-schema-graph\">{\"@context\":\"https:\/\/schema.org\",\"@graph\":[{\"@type\":\"WebPage\",\"@id\":\"https:\/\/talkpal.ai\/lt\/tamilu-gramatika\/\",\"url\":\"https:\/\/talkpal.ai\/lt\/tamilu-gramatika\/\",\"name\":\"Tamil\u0173 gramatika - Talkpal\",\"isPartOf\":{\"@id\":\"https:\/\/talkpal.ai\/lt\/#website\"},\"primaryImageOfPage\":{\"@id\":\"https:\/\/talkpal.ai\/lt\/tamilu-gramatika\/#primaryimage\"},\"image\":{\"@id\":\"https:\/\/talkpal.ai\/lt\/tamilu-gramatika\/#primaryimage\"},\"thumbnailUrl\":\"https:\/\/talkpal.ai\/wp-content\/uploads\/2023\/05\/Tamil-india.png\",\"datePublished\":\"2023-05-14T14:22:16+00:00\",\"dateModified\":\"2025-12-12T11:02:11+00:00\",\"description\":\"Susipa\u017einkite su tamil\u0173 kalbos gramatikos pagrindais ir geriau supraskite \u0161i\u0105 turting\u0105 kalb\u0105.\",\"breadcrumb\":{\"@id\":\"https:\/\/talkpal.ai\/lt\/tamilu-gramatika\/#breadcrumb\"},\"inLanguage\":\"lt-LT\",\"potentialAction\":[{\"@type\":\"ReadAction\",\"target\":[\"https:\/\/talkpal.ai\/lt\/tamilu-gramatika\/\"]}]},{\"@type\":\"ImageObject\",\"inLanguage\":\"lt-LT\",\"@id\":\"https:\/\/talkpal.ai\/lt\/tamilu-gramatika\/#primaryimage\",\"url\":\"https:\/\/talkpal.ai\/wp-content\/uploads\/2023\/05\/Tamil-india.png\",\"contentUrl\":\"https:\/\/talkpal.ai\/wp-content\/uploads\/2023\/05\/Tamil-india.png\",\"width\":512,\"height\":512},{\"@type\":\"BreadcrumbList\",\"@id\":\"https:\/\/talkpal.ai\/lt\/tamilu-gramatika\/#breadcrumb\",\"itemListElement\":[{\"@type\":\"ListItem\",\"position\":1,\"name\":\"Homepage\",\"item\":\"https:\/\/talkpal.ai\/lt\/\"},{\"@type\":\"ListItem\",\"position\":2,\"name\":\"Tamil\u0173 gramatika\"}]},{\"@type\":\"WebSite\",\"@id\":\"https:\/\/talkpal.ai\/lt\/#website\",\"url\":\"https:\/\/talkpal.ai\/lt\/\",\"name\":\"Talkpal\",\"description\":\"AI Language Learning\",\"publisher\":{\"@id\":\"https:\/\/talkpal.ai\/lt\/#organization\"},\"alternateName\":\"Talkpal AI\",\"potentialAction\":[{\"@type\":\"SearchAction\",\"target\":{\"@type\":\"EntryPoint\",\"urlTemplate\":\"https:\/\/talkpal.ai\/lt\/?s={search_term_string}\"},\"query-input\":{\"@type\":\"PropertyValueSpecification\",\"valueRequired\":true,\"valueName\":\"search_term_string\"}}],\"inLanguage\":\"lt-LT\"},{\"@type\":\"Organization\",\"@id\":\"https:\/\/talkpal.ai\/lt\/#organization\",\"name\":\"Talkpal, Inc.\",\"alternateName\":\"Talkpal AI\",\"url\":\"https:\/\/talkpal.ai\/lt\/\",\"logo\":{\"@type\":\"ImageObject\",\"inLanguage\":\"lt-LT\",\"@id\":\"https:\/\/talkpal.ai\/lt\/#\/schema\/logo\/image\/\",\"url\":\"https:\/\/talkpal.ai\/wp-content\/uploads\/2024\/03\/Talkpal-Logo-Icon.png\",\"contentUrl\":\"https:\/\/talkpal.ai\/wp-content\/uploads\/2024\/03\/Talkpal-Logo-Icon.png\",\"width\":2880,\"height\":2880,\"caption\":\"Talkpal, Inc.\"},\"image\":{\"@id\":\"https:\/\/talkpal.ai\/lt\/#\/schema\/logo\/image\/\"},\"sameAs\":[\"https:\/\/www.facebook.com\/profile.php?id=100090733639311\",\"https:\/\/x.com\/talkpalai\",\"https:\/\/www.linkedin.com\/company\/talkpal\/\",\"https:\/\/www.youtube.com\/@TalkPal\/\",\"https:\/\/www.tiktok.com\/@talkpal\",\"https:\/\/www.instagram.com\/talkpal_ai\/\",\"https:\/\/www.crunchbase.com\/organization\/talkpal-9cde\",\"https:\/\/www.g2.com\/products\/talkpal-for-business\/\",\"https:\/\/www.trustpilot.com\/review\/talkpal.ai\",\"https:\/\/www.capterra.com\/p\/10006800\/TalkPal\/\"],\"description\":\"Talkpal is a language learning web and mobile education app, powered by the latest AI technologies, that provides engaging experiences to its customers in many different languages to help them improve their language skills. Users can chat about unlimited amount of topics with the app and use other modes to practice their language learning.\",\"email\":\"support@talkpal.ai\",\"legalName\":\"Talkpal, Inc.\",\"foundingDate\":\"2023-04-03\",\"duns\":\"118989042\",\"numberOfEmployees\":{\"@type\":\"QuantitativeValue\",\"minValue\":\"11\",\"maxValue\":\"50\"},\"publishingPrinciples\":\"https:\/\/talkpal.ai\/publishing-principles\/\",\"actionableFeedbackPolicy\":\"https:\/\/talkpal.ai\/actionable-feedback-policy\/\",\"correctionsPolicy\":\"https:\/\/talkpal.ai\/corrections-policy\/\",\"ethicsPolicy\":\"https:\/\/talkpal.ai\/ethics-policy\/\",\"diversityPolicy\":\"https:\/\/talkpal.ai\/diversity-policy\/\",\"diversityStaffingReport\":\"https:\/\/talkpal.ai\/diversity-policy\/\"}]}<\/script>\n<!-- \/ Yoast SEO Premium plugin. -->","yoast_head_json":{"title":"Tamil\u0173 gramatika - Talkpal","description":"Susipa\u017einkite su tamil\u0173 kalbos gramatikos pagrindais ir geriau supraskite \u0161i\u0105 turting\u0105 kalb\u0105.","robots":{"index":"index","follow":"follow","max-snippet":"max-snippet:-1","max-image-preview":"max-image-preview:large","max-video-preview":"max-video-preview:-1"},"canonical":"https:\/\/talkpal.ai\/lt\/tamilu-gramatika\/","og_locale":"lt_LT","og_type":"article","og_title":"Tamil\u0173 gramatika","og_description":"Tamil\u0173 gramatika: tamil\u0173 kalbos turtingumo supratimas Pradedant mokytis tamil\u0173 kalbos - vienos seniausi\u0173 gyv\u0173 pasaulio kalb\u0173 - labai svarbu i\u0161siai\u0161kinti","og_url":"https:\/\/talkpal.ai\/lt\/tamilu-gramatika\/","og_site_name":"Talkpal","article_publisher":"https:\/\/www.facebook.com\/profile.php?id=100090733639311","article_modified_time":"2025-12-12T11:02:11+00:00","og_image":[{"width":512,"height":512,"url":"https:\/\/talkpal.ai\/wp-content\/uploads\/2023\/05\/Tamil-india.png","type":"image\/png"}],"twitter_card":"summary_large_image","twitter_site":"@talkpalai","twitter_misc":{"Est. reading time":"2 minut\u0117s"},"schema":{"@context":"https:\/\/schema.org","@graph":[{"@type":"WebPage","@id":"https:\/\/talkpal.ai\/lt\/tamilu-gramatika\/","url":"https:\/\/talkpal.ai\/lt\/tamilu-gramatika\/","name":"Tamil\u0173 gramatika - Talkpal","isPartOf":{"@id":"https:\/\/talkpal.ai\/lt\/#website"},"primaryImageOfPage":{"@id":"https:\/\/talkpal.ai\/lt\/tamilu-gramatika\/#primaryimage"},"image":{"@id":"https:\/\/talkpal.ai\/lt\/tamilu-gramatika\/#primaryimage"},"thumbnailUrl":"https:\/\/talkpal.ai\/wp-content\/uploads\/2023\/05\/Tamil-india.png","datePublished":"2023-05-14T14:22:16+00:00","dateModified":"2025-12-12T11:02:11+00:00","description":"Susipa\u017einkite su tamil\u0173 kalbos gramatikos pagrindais ir geriau supraskite \u0161i\u0105 turting\u0105 kalb\u0105.","breadcrumb":{"@id":"https:\/\/talkpal.ai\/lt\/tamilu-gramatika\/#breadcrumb"},"inLanguage":"lt-LT","potentialAction":[{"@type":"ReadAction","target":["https:\/\/talkpal.ai\/lt\/tamilu-gramatika\/"]}]},{"@type":"ImageObject","inLanguage":"lt-LT","@id":"https:\/\/talkpal.ai\/lt\/tamilu-gramatika\/#primaryimage","url":"https:\/\/talkpal.ai\/wp-content\/uploads\/2023\/05\/Tamil-india.png","contentUrl":"https:\/\/talkpal.ai\/wp-content\/uploads\/2023\/05\/Tamil-india.png","width":512,"height":512},{"@type":"BreadcrumbList","@id":"https:\/\/talkpal.ai\/lt\/tamilu-gramatika\/#breadcrumb","itemListElement":[{"@type":"ListItem","position":1,"name":"Homepage","item":"https:\/\/talkpal.ai\/lt\/"},{"@type":"ListItem","position":2,"name":"Tamil\u0173 gramatika"}]},{"@type":"WebSite","@id":"https:\/\/talkpal.ai\/lt\/#website","url":"https:\/\/talkpal.ai\/lt\/","name":"Talkpal","description":"AI Language Learning","publisher":{"@id":"https:\/\/talkpal.ai\/lt\/#organization"},"alternateName":"Talkpal AI","potentialAction":[{"@type":"SearchAction","target":{"@type":"EntryPoint","urlTemplate":"https:\/\/talkpal.ai\/lt\/?s={search_term_string}"},"query-input":{"@type":"PropertyValueSpecification","valueRequired":true,"valueName":"search_term_string"}}],"inLanguage":"lt-LT"},{"@type":"Organization","@id":"https:\/\/talkpal.ai\/lt\/#organization","name":"Talkpal, Inc.","alternateName":"Talkpal AI","url":"https:\/\/talkpal.ai\/lt\/","logo":{"@type":"ImageObject","inLanguage":"lt-LT","@id":"https:\/\/talkpal.ai\/lt\/#\/schema\/logo\/image\/","url":"https:\/\/talkpal.ai\/wp-content\/uploads\/2024\/03\/Talkpal-Logo-Icon.png","contentUrl":"https:\/\/talkpal.ai\/wp-content\/uploads\/2024\/03\/Talkpal-Logo-Icon.png","width":2880,"height":2880,"caption":"Talkpal, Inc."},"image":{"@id":"https:\/\/talkpal.ai\/lt\/#\/schema\/logo\/image\/"},"sameAs":["https:\/\/www.facebook.com\/profile.php?id=100090733639311","https:\/\/x.com\/talkpalai","https:\/\/www.linkedin.com\/company\/talkpal\/","https:\/\/www.youtube.com\/@TalkPal\/","https:\/\/www.tiktok.com\/@talkpal","https:\/\/www.instagram.com\/talkpal_ai\/","https:\/\/www.crunchbase.com\/organization\/talkpal-9cde","https:\/\/www.g2.com\/products\/talkpal-for-business\/","https:\/\/www.trustpilot.com\/review\/talkpal.ai","https:\/\/www.capterra.com\/p\/10006800\/TalkPal\/"],"description":"Talkpal is a language learning web and mobile education app, powered by the latest AI technologies, that provides engaging experiences to its customers in many different languages to help them improve their language skills. Users can chat about unlimited amount of topics with the app and use other modes to practice their language learning.","email":"support@talkpal.ai","legalName":"Talkpal, Inc.","foundingDate":"2023-04-03","duns":"118989042","numberOfEmployees":{"@type":"QuantitativeValue","minValue":"11","maxValue":"50"},"publishingPrinciples":"https:\/\/talkpal.ai\/publishing-principles\/","actionableFeedbackPolicy":"https:\/\/talkpal.ai\/actionable-feedback-policy\/","correctionsPolicy":"https:\/\/talkpal.ai\/corrections-policy\/","ethicsPolicy":"https:\/\/talkpal.ai\/ethics-policy\/","diversityPolicy":"https:\/\/talkpal.ai\/diversity-policy\/","diversityStaffingReport":"https:\/\/talkpal.ai\/diversity-policy\/"}]}},"_links":{"self":[{"href":"https:\/\/talkpal.ai\/lt\/wp-json\/wp\/v2\/pages\/151946","targetHints":{"allow":["GET"]}}],"collection":[{"href":"https:\/\/talkpal.ai\/lt\/wp-json\/wp\/v2\/pages"}],"about":[{"href":"https:\/\/talkpal.ai\/lt\/wp-json\/wp\/v2\/types\/page"}],"author":[{"embeddable":true,"href":"https:\/\/talkpal.ai\/lt\/wp-json\/wp\/v2\/users\/1"}],"replies":[{"embeddable":true,"href":"https:\/\/talkpal.ai\/lt\/wp-json\/wp\/v2\/comments?post=151946"}],"version-history":[{"count":0,"href":"https:\/\/talkpal.ai\/lt\/wp-json\/wp\/v2\/pages\/151946\/revisions"}],"wp:featuredmedia":[{"embeddable":true,"href":"https:\/\/talkpal.ai\/lt\/wp-json\/wp\/v2\/media\/120298"}],"wp:attachment":[{"href":"https:\/\/talkpal.ai\/lt\/wp-json\/wp\/v2\/media?parent=151946"}],"curies":[{"name":"wp","href":"https:\/\/api.w.org\/{rel}","templated":true}]}}