{"id":151450,"date":"2023-05-14T14:20:51","date_gmt":"2023-05-14T14:20:51","guid":{"rendered":"http:\/\/talkpal.ai\/valu-kalbos-gramatika\/"},"modified":"2025-12-12T11:05:33","modified_gmt":"2025-12-12T11:05:33","slug":"valu-kalbos-gramatika","status":"publish","type":"page","link":"https:\/\/talkpal.ai\/lt\/valu-kalbos-gramatika\/","title":{"rendered":"Val\u0173 kalbos gramatika"},"content":{"rendered":"\r\n\r\n\r\n<section class=\"languageChallengeSection\">\r\n    <div class=\"languageInfoWrapper\">\r\n        \r\n        <h1>Val\u0173 kalbos gramatika<\/h1>\r\n        <p>Velso gramatika i\u0161 prad\u017ei\u0173 gali atrodyti sud\u0117tinga, ta\u010diau d\u0117l jos unikali\u0173 savybi\u0173 \u0161ios <a href=\"https:\/\/talkpal.ai\/what-language-is-spoken-on-the-international-space-station\/\">kalbos<\/a> <a href=\"https:\/\/talkpal.ai\/lt\/mokymasis\/\">mokymasis<\/a> yra naudinga patirtis. Tyrin\u0117dami jos ab\u0117c\u0117l\u0119, mutacijas ir gramatikos taisykles, susipa\u017einsite su turtinga lingvistine tradicija. Prad\u0117kite kelion\u0119 ir atraskite Velso gro\u017e\u012f!<\/p>\r\n\r\n                            <a class=\"getStartedHidden\" href=\"https:\/\/app.talkpal.ai\/lt\/signup?lng=\">Prad\u0117k<\/a>\r\n        \r\n    <\/div>\r\n\r\n    <figure>\r\n    <img decoding=\"async\" width=\"768\" height=\"768\" src=\"https:\/\/talkpal.ai\/wp-content\/uploads\/2023\/06\/welsh-768x768.png\" class=\"languageImage no-lazy\" alt=\"Language learning for better cognitive abilities\" fetchpriority=\"high\" sizes=\"(max-width: 768px) 150px, 768px\" srcset=\"https:\/\/talkpal.ai\/wp-content\/uploads\/2023\/06\/welsh-768x768.png 768w, https:\/\/talkpal.ai\/wp-content\/uploads\/2023\/06\/welsh-300x300.png 300w\" \/>\r\n    \r\n\r\n    <\/figure>\r\n\r\n            <a class=\"getStartedVisible\" href=\"https:\/\/app.talkpal.ai\/lt\/signup?lng=\">Prad\u0117k<\/a>\r\n    \r\n<\/section>\r\n<section class=\"promotionalBanner\">\r\n    <p class=\"promotionalText\">Efektyviausias b\u016bdas mokytis kalbos<\/p>\r\n    <a class=\"promotionalLink\" href=\"https:\/\/app.talkpal.ai\/lt\/signup?lng=\">I\u0161bandykite Talkpal &#8221; nemokamai<\/a>\r\n<\/section>\n<div class=\"wp-block-group pageContainerStyle\"><div class=\"wp-block-group__inner-container is-layout-constrained wp-block-group-is-layout-constrained\">\n<h2 class=\"wp-block-heading\" id=\"h-navigating-the-intricacies-of-welsh-grammar\">Nar\u0161ymas val\u0173 kalbos gramatikos subtilyb\u0117se<\/h2>\n\n\n\n<p><a href=\"https:\/\/talkpal.ai\/lt\/ismok-valu-kalba\/\">Velso kalba<\/a>, turting\u0105 istorij\u0105 ir kult\u016brin\u0119 reik\u0161m\u0119 turinti breton\u0173 kelt\u0173 kalba, si\u016blo \u012fdomi\u0105 lingvistin\u0119 patirt\u012f tiems, kurie nori susipa\u017einti su unikalia jos gramatikos sistema. \u012e\u017eeng\u0119 \u012f val\u0173 kalbos srit\u012f ne tik praturtinsite savo kalbin\u012f repertuar\u0105, bet ir leisit\u0117s \u012f \u012fdomi\u0105 kult\u016brin\u0119 kelion\u0119. Nors i\u0161 prad\u017ei\u0173 <a href=\"https:\/\/talkpal.ai\/welsh-grammar\/\">val\u0173 kalbos gramatika<\/a> gali pasirodyti sud\u0117tinga, ta\u010diau, suskirs\u010dius j\u0105 \u012f pagrindines dalis, kalbos <a href=\"https:\/\/talkpal.ai\/lt\/talkpal-svietimui\/\">mokymasis<\/a> <a href=\"https:\/\/talkpal.ai\/locations\/language-courses-in-tampa\/\">tampa<\/a> lengviau prieinamas. \u0160iame straipsnyje susipa\u017einsime su patraukliu val\u0173 kalbos gramatikos pasauliu ir pateiksime patarim\u0173, kaip \u012fvaldyti jos sud\u0117tingum\u0105.<\/p>\n\n\n\n<h3 class=\"wp-block-heading\" id=\"h-1-welsh-alphabet-and-phonetics\">1. Val\u0173 ab\u0117c\u0117l\u0117 ir fonetika<\/h3>\n\n\n\n<p>Velso ab\u0117c\u0117l\u0119 sudaro 29 raid\u0117s, <a href=\"https:\/\/talkpal.ai\/locations\/language-courses-in-kai\/\">kai<\/a> kurios i\u0161 j\u0173, pavyzd\u017eiui, &#8222;ll&#8221;, &#8222;dd&#8221; ir &#8222;ff&#8221;, yra b\u016bdingos tik \u0161iai kalbai. Norint <a href=\"https:\/\/talkpal.ai\/lt\/ismok-valu-kalba\/\">i\u0161mokti val\u0173 kalbos<\/a> gramatikos, labai svarbu susipa\u017einti su \u0161ia savita ra\u0161to sistema, praktikuojant skaitym\u0105 ir ra\u0161ym\u0105 <a href=\"https:\/\/talkpal.ai\/learn-welsh\/\">val\u0173 kalba<\/a>.<\/p>\n\n\n\n<h3 class=\"wp-block-heading\" id=\"h-2-mutations-a-peculiar-welsh-feature\">2. Mutacijos: savoti\u0161ka Velso savyb\u0117<\/h3>\n\n\n\n<p>Vienas i\u0161 ry\u0161kiausi\u0173 val\u0173 gramatikos aspekt\u0173 yra mutacij\u0173 paplitimas, kuris apima pradinio \u017eod\u017eio priebalsio pakeitimus. <a href=\"https:\/\/talkpal.ai\/learn-welsh\/\">Val\u0173 kalba<\/a> yra trys pagrindiniai mutacij\u0173 tipai: mink\u0161toji mutacija, nosies mutacija ir aspirato mutacija. Supratimas, kada ir kaip atsiranda \u0161ios mutacijos, yra gyvybi\u0161kai svarbus tiksliam bendravimui val\u0173 kalba.<\/p>\n\n\n\n<h3 class=\"wp-block-heading\" id=\"h-3-nouns-and-pronouns-gender-and-cases\">3. Daiktavard\u017eiai ir \u012fvard\u017eiai: lytis ir atvejai<\/h3>\n\n\n\n<p>Val\u0173 daiktavard\u017eiai turi gramatin\u0119 lyt\u012f (vyri\u0161k\u0105 ar moteri\u0161k\u0105) ir gali laikytis skirting\u0173 daugiskaitos formavimo taisykli\u0173 pagal j\u0173 lyt\u012f. Val\u0173 kalbos \u012fvard\u017eiai apima asmeninius, savininki\u0161kus, refleksyvius, demonstratyvius ir klausiamuosius \u012fvard\u017eius. Susipa\u017ein\u0119 su \u0161iais \u012fvard\u017eiais ir j\u0173 formomis, \u017eymiai pagerinsite val\u0173 kalbos gramatikos supratim\u0105.<\/p>\n\n\n\n<h3 class=\"wp-block-heading\" id=\"h-4-verbs-structure-and-conjugation\">4. Veiksma\u017eod\u017eiai: strukt\u016bra ir konjugacija<\/h3>\n\n\n\n<p>Val\u0173 veiksma\u017eod\u017eiai atitinka unikali\u0105 strukt\u016br\u0105 ir konjugacijos model\u012f, priklausomai nuo \u012ftampos, nuotaikos ir asmens. Esminiai laikai val\u0173 kalba yra dabartis, praeitis ir ateitis su papildomais elementais, tokiais kaip s\u0105lygin\u0117s ir imperatyvios nuotaikos. Veiksma\u017eod\u017ei\u0173 konjugacijos taisykli\u0173 mokymasis pagerins j\u016bs\u0173 geb\u0117jim\u0105 efektyviai bendrauti val\u0173 kalba.<\/p>\n\n\n\n<h3 class=\"wp-block-heading\" id=\"h-5-adjectives-agreement-and-placement\">5. B\u016bdvard\u017eiai: susitarimas ir vieta<\/h3>\n\n\n\n<p>Val\u0173 kalbos gramatikoje b\u016bdvard\u017eiai paprastai eina po daiktavard\u017eio, kur\u012f jie modifikuoja, ir tur\u0117t\u0173 sutapti su daiktavard\u017eiu. <a href=\"https:\/\/talkpal.ai\/locations\/language-courses-in-kai\/\">Kai<\/a> kurie b\u016bdvard\u017eiai val\u0173 kalboje pasi\u017eymi netaisyklingomis lyginamosiomis ir vir\u0161utin\u0117mis formomis, kurios yra b\u016btinos norint i\u0161mokti nat\u016braliau bendrauti.<\/p>\n\n\n\n<p><strong>Pavyzd\u017eiai:<\/strong><\/p>\n\n\n\n<p><strong>&#8211; cariad mawr (didel\u0117 meil\u0117)<\/strong><\/p>\n\n\n\n<p><strong>&#8211; augal\u0173 bach (ma\u017ei vaikai)<\/strong><\/p>\n\n\n\n<h3 class=\"wp-block-heading\" id=\"h-6-engaging-with-the-language\">6. \u012esitraukimas \u012f kalb\u0105<\/h3>\n\n\n\n<p>Efektyviausias b\u016bdas visi\u0161kai suprasti ir internalizuoti val\u0173 kalbos gramatik\u0105 yra nuosekliai bendrauti su kalba. Skaitydami velsie\u010di\u0173 literat\u016br\u0105, \u017ei\u016br\u0117dami velsie\u010di\u0173 filmus ar televizijos serialus ir aktyviai bendraudami su gimt\u0105ja kalba, sustiprinsite savo gramatikos supratim\u0105 ir i\u0161pl\u0117site savo \u017eodyn\u0105.<\/p>\n\n\n\n<h3 class=\"wp-block-heading\" id=\"h-conclusion\">I\u0161vada<\/h3>\n\n\n\n<p>Nors val\u0173 kalbos gramatika gali atrodyti sud\u0117tinga, galite i\u0161mokti \u0161i\u0105 gra\u017ei\u0105 kalb\u0105 su atsidavimu, praktika ir entuziazmu. D\u0117mes\u012f sutelkdami \u012f pagrindines taisykles ir dirbdami su kalba \u012fvairiuose kontekstuose, greitai patobulinsite velsie\u010di\u0173 kalbos <a href=\"https:\/\/talkpal.ai\/lt\/gramatika\/\">gramatikos \u012fg\u016bd\u017eius<\/a>. Pob lwc (s\u0117km\u0117s) su savo val\u0173 kalbos kelione ir m\u0117gaukit\u0117s m\u012fslingu, ta\u010diau \u017eaviu val\u0173 kalbos gramatikos pasauliu!<\/p>\n<\/div><\/div>\n\r\n<section class=\"learnNavigationSection\">\r\n            \r\n        <a href=\"https:\/\/talkpal.ai\/lt\/ismok-valu-kalba\/\">\r\n            <div class=\"learnNavigationWrapper\">\r\n                <div class=\"learnNavigationContent\">\r\n                    <img decoding=\"async\" src=\"https:\/\/talkpal.ai\/wp-content\/uploads\/2024\/08\/Welsh.jpg\" alt=\"Welsh Flag\">\r\n                    <div>\r\n                        <h4>Apie &quot;Welsh Learning<\/h4>\r\n                        <p>Su\u017einokite visk\u0105 apie val\u0173 kalbos gramatik\u0105.<\/p>\r\n                    <\/div>\r\n                <\/div>\r\n            <\/div>\r\n        <\/a>\r\n\r\n        \r\n        <a href=\"https:\/\/talkpal.ai\/lt\/valu-gramatikos-pratimai\/\">\r\n            <div class=\"learnNavigationWrapper\">\r\n                <div class=\"learnNavigationContent\">\r\n                    <img decoding=\"async\" src=\"https:\/\/talkpal.ai\/wp-content\/uploads\/2024\/08\/Welsh.jpg\" alt=\"Welsh Flag\">\r\n                    <div>\r\n                        <h4>Velso gramatikos pratimai<\/h4>\r\n                        <p>Praktikuokite val\u0173 gramatik\u0105.<\/p>\r\n                    <\/div>\r\n                <\/div>\r\n            <\/div>\r\n        <\/a>\r\n\r\n        \r\n        <a href=\"https:\/\/talkpal.ai\/vocabulary_language\/welsh\/\">\r\n            <div class=\"learnNavigationWrapper\">\r\n                <div class=\"learnNavigationContent\">\r\n                    <img decoding=\"async\" src=\"https:\/\/talkpal.ai\/wp-content\/uploads\/2024\/08\/Welsh.jpg\" alt=\"Welsh Flag\">\r\n                    <div>\r\n                        <h4>Velso \u017eodynas<\/h4>\r\n                        <p>Prapl\u0117skite savo val\u0173 kalbos \u017eodyn\u0105.<\/p>\r\n                    <\/div>\r\n                <\/div>\r\n            <\/div>\r\n        <\/a>\r\n\r\n            <\/section>","protected":false},"excerpt":{"rendered":"<p>Nar\u0161ymas val\u0173 kalbos gramatikos subtilyb\u0117se Velso kalba, turting\u0105 istorij\u0105 ir kult\u016brin\u0119 reik\u0161m\u0119 turinti breton\u0173 kelt\u0173 kalba, si\u016blo \u012fdomi\u0105 lingvistin\u0119 patirt\u012f tiems, kurie nori susipa\u017einti su unikalia jos gramatikos sistema. \u012e\u017eeng\u0119 \u012f val\u0173 kalbos srit\u012f ne tik praturtinsite savo kalbin\u012f repertuar\u0105, bet ir leisit\u0117s \u012f \u012fdomi\u0105 kult\u016brin\u0119 kelion\u0119. Nors i\u0161 prad\u017ei\u0173 val\u0173 kalbos gramatika gali pasirodyti [&hellip;]<\/p>\n","protected":false},"author":1,"featured_media":121507,"parent":0,"menu_order":0,"comment_status":"closed","ping_status":"closed","template":"LearningContentPage.php","meta":{"_acf_changed":false,"footnotes":""},"class_list":["post-151450","page","type-page","status-publish","has-post-thumbnail","hentry"],"acf":[],"yoast_head":"<!-- This site is optimized with the Yoast SEO Premium plugin v27.2 (Yoast SEO v27.2) - https:\/\/yoast.com\/product\/yoast-seo-premium-wordpress\/ -->\n<title>Val\u0173 kalbos gramatika - Talkpal<\/title>\n<meta name=\"description\" content=\"Susipa\u017einkite su velsie\u010di\u0173 kalbos gramatikos subtilyb\u0117mis ir atskleiskite \u0161ios unikalios kelt\u0173 kalbos paslaptis. Prad\u0117kite kelion\u0119 \u0161iandien.\" \/>\n<meta name=\"robots\" content=\"index, follow, max-snippet:-1, max-image-preview:large, max-video-preview:-1\" \/>\n<link rel=\"canonical\" href=\"https:\/\/talkpal.ai\/lt\/valu-kalbos-gramatika\/\" \/>\n<meta property=\"og:locale\" content=\"lt_LT\" \/>\n<meta property=\"og:type\" content=\"article\" \/>\n<meta property=\"og:title\" content=\"Val\u0173 kalbos gramatika\" \/>\n<meta property=\"og:description\" content=\"Nar\u0161ymas val\u0173 kalbos gramatikos subtilyb\u0117se Velso kalba, turting\u0105 istorij\u0105 ir kult\u016brin\u0119 reik\u0161m\u0119 turinti breton\u0173 kelt\u0173 kalba, si\u016blo \u012fdomi\u0105 lingvistin\u0119\" \/>\n<meta property=\"og:url\" content=\"https:\/\/talkpal.ai\/lt\/valu-kalbos-gramatika\/\" \/>\n<meta property=\"og:site_name\" content=\"Talkpal\" \/>\n<meta property=\"article:publisher\" content=\"https:\/\/www.facebook.com\/profile.php?id=100090733639311\" \/>\n<meta property=\"article:modified_time\" content=\"2025-12-12T11:05:33+00:00\" \/>\n<meta property=\"og:image\" content=\"https:\/\/talkpal.ai\/wp-content\/uploads\/2023\/05\/Wales.png\" \/>\n\t<meta property=\"og:image:width\" content=\"512\" \/>\n\t<meta property=\"og:image:height\" content=\"512\" \/>\n\t<meta property=\"og:image:type\" content=\"image\/png\" \/>\n<meta name=\"twitter:card\" content=\"summary_large_image\" \/>\n<meta name=\"twitter:site\" content=\"@talkpalai\" \/>\n<meta name=\"twitter:label1\" content=\"Est. reading time\" \/>\n\t<meta name=\"twitter:data1\" content=\"2 minut\u0117s\" \/>\n<script type=\"application\/ld+json\" class=\"yoast-schema-graph\">{\"@context\":\"https:\/\/schema.org\",\"@graph\":[{\"@type\":\"WebPage\",\"@id\":\"https:\/\/talkpal.ai\/lt\/valu-kalbos-gramatika\/\",\"url\":\"https:\/\/talkpal.ai\/lt\/valu-kalbos-gramatika\/\",\"name\":\"Val\u0173 kalbos gramatika - Talkpal\",\"isPartOf\":{\"@id\":\"https:\/\/talkpal.ai\/lt\/#website\"},\"primaryImageOfPage\":{\"@id\":\"https:\/\/talkpal.ai\/lt\/valu-kalbos-gramatika\/#primaryimage\"},\"image\":{\"@id\":\"https:\/\/talkpal.ai\/lt\/valu-kalbos-gramatika\/#primaryimage\"},\"thumbnailUrl\":\"https:\/\/talkpal.ai\/wp-content\/uploads\/2023\/05\/Wales.png\",\"datePublished\":\"2023-05-14T14:20:51+00:00\",\"dateModified\":\"2025-12-12T11:05:33+00:00\",\"description\":\"Susipa\u017einkite su velsie\u010di\u0173 kalbos gramatikos subtilyb\u0117mis ir atskleiskite \u0161ios unikalios kelt\u0173 kalbos paslaptis. Prad\u0117kite kelion\u0119 \u0161iandien.\",\"breadcrumb\":{\"@id\":\"https:\/\/talkpal.ai\/lt\/valu-kalbos-gramatika\/#breadcrumb\"},\"inLanguage\":\"lt-LT\",\"potentialAction\":[{\"@type\":\"ReadAction\",\"target\":[\"https:\/\/talkpal.ai\/lt\/valu-kalbos-gramatika\/\"]}]},{\"@type\":\"ImageObject\",\"inLanguage\":\"lt-LT\",\"@id\":\"https:\/\/talkpal.ai\/lt\/valu-kalbos-gramatika\/#primaryimage\",\"url\":\"https:\/\/talkpal.ai\/wp-content\/uploads\/2023\/05\/Wales.png\",\"contentUrl\":\"https:\/\/talkpal.ai\/wp-content\/uploads\/2023\/05\/Wales.png\",\"width\":512,\"height\":512},{\"@type\":\"BreadcrumbList\",\"@id\":\"https:\/\/talkpal.ai\/lt\/valu-kalbos-gramatika\/#breadcrumb\",\"itemListElement\":[{\"@type\":\"ListItem\",\"position\":1,\"name\":\"Homepage\",\"item\":\"https:\/\/talkpal.ai\/lt\/\"},{\"@type\":\"ListItem\",\"position\":2,\"name\":\"Val\u0173 kalbos gramatika\"}]},{\"@type\":\"WebSite\",\"@id\":\"https:\/\/talkpal.ai\/lt\/#website\",\"url\":\"https:\/\/talkpal.ai\/lt\/\",\"name\":\"Talkpal\",\"description\":\"AI Language Learning\",\"publisher\":{\"@id\":\"https:\/\/talkpal.ai\/lt\/#organization\"},\"alternateName\":\"Talkpal AI\",\"potentialAction\":[{\"@type\":\"SearchAction\",\"target\":{\"@type\":\"EntryPoint\",\"urlTemplate\":\"https:\/\/talkpal.ai\/lt\/?s={search_term_string}\"},\"query-input\":{\"@type\":\"PropertyValueSpecification\",\"valueRequired\":true,\"valueName\":\"search_term_string\"}}],\"inLanguage\":\"lt-LT\"},{\"@type\":\"Organization\",\"@id\":\"https:\/\/talkpal.ai\/lt\/#organization\",\"name\":\"Talkpal, Inc.\",\"alternateName\":\"Talkpal AI\",\"url\":\"https:\/\/talkpal.ai\/lt\/\",\"logo\":{\"@type\":\"ImageObject\",\"inLanguage\":\"lt-LT\",\"@id\":\"https:\/\/talkpal.ai\/lt\/#\/schema\/logo\/image\/\",\"url\":\"https:\/\/talkpal.ai\/wp-content\/uploads\/2024\/03\/Talkpal-Logo-Icon.png\",\"contentUrl\":\"https:\/\/talkpal.ai\/wp-content\/uploads\/2024\/03\/Talkpal-Logo-Icon.png\",\"width\":2880,\"height\":2880,\"caption\":\"Talkpal, Inc.\"},\"image\":{\"@id\":\"https:\/\/talkpal.ai\/lt\/#\/schema\/logo\/image\/\"},\"sameAs\":[\"https:\/\/www.facebook.com\/profile.php?id=100090733639311\",\"https:\/\/x.com\/talkpalai\",\"https:\/\/www.linkedin.com\/company\/talkpal\/\",\"https:\/\/www.youtube.com\/@TalkPal\/\",\"https:\/\/www.tiktok.com\/@talkpal\",\"https:\/\/www.instagram.com\/talkpal_ai\/\",\"https:\/\/www.crunchbase.com\/organization\/talkpal-9cde\",\"https:\/\/www.g2.com\/products\/talkpal-for-business\/\",\"https:\/\/www.trustpilot.com\/review\/talkpal.ai\",\"https:\/\/www.capterra.com\/p\/10006800\/TalkPal\/\"],\"description\":\"Talkpal is a language learning web and mobile education app, powered by the latest AI technologies, that provides engaging experiences to its customers in many different languages to help them improve their language skills. Users can chat about unlimited amount of topics with the app and use other modes to practice their language learning.\",\"email\":\"support@talkpal.ai\",\"legalName\":\"Talkpal, Inc.\",\"foundingDate\":\"2023-04-03\",\"duns\":\"118989042\",\"numberOfEmployees\":{\"@type\":\"QuantitativeValue\",\"minValue\":\"11\",\"maxValue\":\"50\"},\"publishingPrinciples\":\"https:\/\/talkpal.ai\/publishing-principles\/\",\"actionableFeedbackPolicy\":\"https:\/\/talkpal.ai\/actionable-feedback-policy\/\",\"correctionsPolicy\":\"https:\/\/talkpal.ai\/corrections-policy\/\",\"ethicsPolicy\":\"https:\/\/talkpal.ai\/ethics-policy\/\",\"diversityPolicy\":\"https:\/\/talkpal.ai\/diversity-policy\/\",\"diversityStaffingReport\":\"https:\/\/talkpal.ai\/diversity-policy\/\"}]}<\/script>\n<!-- \/ Yoast SEO Premium plugin. -->","yoast_head_json":{"title":"Val\u0173 kalbos gramatika - Talkpal","description":"Susipa\u017einkite su velsie\u010di\u0173 kalbos gramatikos subtilyb\u0117mis ir atskleiskite \u0161ios unikalios kelt\u0173 kalbos paslaptis. Prad\u0117kite kelion\u0119 \u0161iandien.","robots":{"index":"index","follow":"follow","max-snippet":"max-snippet:-1","max-image-preview":"max-image-preview:large","max-video-preview":"max-video-preview:-1"},"canonical":"https:\/\/talkpal.ai\/lt\/valu-kalbos-gramatika\/","og_locale":"lt_LT","og_type":"article","og_title":"Val\u0173 kalbos gramatika","og_description":"Nar\u0161ymas val\u0173 kalbos gramatikos subtilyb\u0117se Velso kalba, turting\u0105 istorij\u0105 ir kult\u016brin\u0119 reik\u0161m\u0119 turinti breton\u0173 kelt\u0173 kalba, si\u016blo \u012fdomi\u0105 lingvistin\u0119","og_url":"https:\/\/talkpal.ai\/lt\/valu-kalbos-gramatika\/","og_site_name":"Talkpal","article_publisher":"https:\/\/www.facebook.com\/profile.php?id=100090733639311","article_modified_time":"2025-12-12T11:05:33+00:00","og_image":[{"width":512,"height":512,"url":"https:\/\/talkpal.ai\/wp-content\/uploads\/2023\/05\/Wales.png","type":"image\/png"}],"twitter_card":"summary_large_image","twitter_site":"@talkpalai","twitter_misc":{"Est. reading time":"2 minut\u0117s"},"schema":{"@context":"https:\/\/schema.org","@graph":[{"@type":"WebPage","@id":"https:\/\/talkpal.ai\/lt\/valu-kalbos-gramatika\/","url":"https:\/\/talkpal.ai\/lt\/valu-kalbos-gramatika\/","name":"Val\u0173 kalbos gramatika - Talkpal","isPartOf":{"@id":"https:\/\/talkpal.ai\/lt\/#website"},"primaryImageOfPage":{"@id":"https:\/\/talkpal.ai\/lt\/valu-kalbos-gramatika\/#primaryimage"},"image":{"@id":"https:\/\/talkpal.ai\/lt\/valu-kalbos-gramatika\/#primaryimage"},"thumbnailUrl":"https:\/\/talkpal.ai\/wp-content\/uploads\/2023\/05\/Wales.png","datePublished":"2023-05-14T14:20:51+00:00","dateModified":"2025-12-12T11:05:33+00:00","description":"Susipa\u017einkite su velsie\u010di\u0173 kalbos gramatikos subtilyb\u0117mis ir atskleiskite \u0161ios unikalios kelt\u0173 kalbos paslaptis. Prad\u0117kite kelion\u0119 \u0161iandien.","breadcrumb":{"@id":"https:\/\/talkpal.ai\/lt\/valu-kalbos-gramatika\/#breadcrumb"},"inLanguage":"lt-LT","potentialAction":[{"@type":"ReadAction","target":["https:\/\/talkpal.ai\/lt\/valu-kalbos-gramatika\/"]}]},{"@type":"ImageObject","inLanguage":"lt-LT","@id":"https:\/\/talkpal.ai\/lt\/valu-kalbos-gramatika\/#primaryimage","url":"https:\/\/talkpal.ai\/wp-content\/uploads\/2023\/05\/Wales.png","contentUrl":"https:\/\/talkpal.ai\/wp-content\/uploads\/2023\/05\/Wales.png","width":512,"height":512},{"@type":"BreadcrumbList","@id":"https:\/\/talkpal.ai\/lt\/valu-kalbos-gramatika\/#breadcrumb","itemListElement":[{"@type":"ListItem","position":1,"name":"Homepage","item":"https:\/\/talkpal.ai\/lt\/"},{"@type":"ListItem","position":2,"name":"Val\u0173 kalbos gramatika"}]},{"@type":"WebSite","@id":"https:\/\/talkpal.ai\/lt\/#website","url":"https:\/\/talkpal.ai\/lt\/","name":"Talkpal","description":"AI Language Learning","publisher":{"@id":"https:\/\/talkpal.ai\/lt\/#organization"},"alternateName":"Talkpal AI","potentialAction":[{"@type":"SearchAction","target":{"@type":"EntryPoint","urlTemplate":"https:\/\/talkpal.ai\/lt\/?s={search_term_string}"},"query-input":{"@type":"PropertyValueSpecification","valueRequired":true,"valueName":"search_term_string"}}],"inLanguage":"lt-LT"},{"@type":"Organization","@id":"https:\/\/talkpal.ai\/lt\/#organization","name":"Talkpal, Inc.","alternateName":"Talkpal AI","url":"https:\/\/talkpal.ai\/lt\/","logo":{"@type":"ImageObject","inLanguage":"lt-LT","@id":"https:\/\/talkpal.ai\/lt\/#\/schema\/logo\/image\/","url":"https:\/\/talkpal.ai\/wp-content\/uploads\/2024\/03\/Talkpal-Logo-Icon.png","contentUrl":"https:\/\/talkpal.ai\/wp-content\/uploads\/2024\/03\/Talkpal-Logo-Icon.png","width":2880,"height":2880,"caption":"Talkpal, Inc."},"image":{"@id":"https:\/\/talkpal.ai\/lt\/#\/schema\/logo\/image\/"},"sameAs":["https:\/\/www.facebook.com\/profile.php?id=100090733639311","https:\/\/x.com\/talkpalai","https:\/\/www.linkedin.com\/company\/talkpal\/","https:\/\/www.youtube.com\/@TalkPal\/","https:\/\/www.tiktok.com\/@talkpal","https:\/\/www.instagram.com\/talkpal_ai\/","https:\/\/www.crunchbase.com\/organization\/talkpal-9cde","https:\/\/www.g2.com\/products\/talkpal-for-business\/","https:\/\/www.trustpilot.com\/review\/talkpal.ai","https:\/\/www.capterra.com\/p\/10006800\/TalkPal\/"],"description":"Talkpal is a language learning web and mobile education app, powered by the latest AI technologies, that provides engaging experiences to its customers in many different languages to help them improve their language skills. Users can chat about unlimited amount of topics with the app and use other modes to practice their language learning.","email":"support@talkpal.ai","legalName":"Talkpal, Inc.","foundingDate":"2023-04-03","duns":"118989042","numberOfEmployees":{"@type":"QuantitativeValue","minValue":"11","maxValue":"50"},"publishingPrinciples":"https:\/\/talkpal.ai\/publishing-principles\/","actionableFeedbackPolicy":"https:\/\/talkpal.ai\/actionable-feedback-policy\/","correctionsPolicy":"https:\/\/talkpal.ai\/corrections-policy\/","ethicsPolicy":"https:\/\/talkpal.ai\/ethics-policy\/","diversityPolicy":"https:\/\/talkpal.ai\/diversity-policy\/","diversityStaffingReport":"https:\/\/talkpal.ai\/diversity-policy\/"}]}},"_links":{"self":[{"href":"https:\/\/talkpal.ai\/lt\/wp-json\/wp\/v2\/pages\/151450","targetHints":{"allow":["GET"]}}],"collection":[{"href":"https:\/\/talkpal.ai\/lt\/wp-json\/wp\/v2\/pages"}],"about":[{"href":"https:\/\/talkpal.ai\/lt\/wp-json\/wp\/v2\/types\/page"}],"author":[{"embeddable":true,"href":"https:\/\/talkpal.ai\/lt\/wp-json\/wp\/v2\/users\/1"}],"replies":[{"embeddable":true,"href":"https:\/\/talkpal.ai\/lt\/wp-json\/wp\/v2\/comments?post=151450"}],"version-history":[{"count":0,"href":"https:\/\/talkpal.ai\/lt\/wp-json\/wp\/v2\/pages\/151450\/revisions"}],"wp:featuredmedia":[{"embeddable":true,"href":"https:\/\/talkpal.ai\/lt\/wp-json\/wp\/v2\/media\/121507"}],"wp:attachment":[{"href":"https:\/\/talkpal.ai\/lt\/wp-json\/wp\/v2\/media?parent=151450"}],"curies":[{"name":"wp","href":"https:\/\/api.w.org\/{rel}","templated":true}]}}