{"id":150910,"date":"2023-05-14T14:20:10","date_gmt":"2023-05-14T14:20:10","guid":{"rendered":"http:\/\/talkpal.ai\/slovenu-kalbos-gramatika\/"},"modified":"2025-12-12T11:15:35","modified_gmt":"2025-12-12T11:15:35","slug":"slovenu-kalbos-gramatika","status":"publish","type":"page","link":"https:\/\/talkpal.ai\/lt\/slovenu-kalbos-gramatika\/","title":{"rendered":"Slov\u0117n\u0173 kalbos gramatika"},"content":{"rendered":"\r\n\r\n\r\n<section class=\"languageChallengeSection\">\r\n    <div class=\"languageInfoWrapper\">\r\n        \r\n        <h1>Slov\u0117n\u0173 kalbos gramatika<\/h1>\r\n        <p>\u012esisavindami pagrindines <a href=\"https:\/\/talkpal.ai\/learn-slovenian\/\">slov\u0117n\u0173<\/a> <a href=\"https:\/\/talkpal.ai\/what-language-is-spoken-on-the-international-space-station\/\">kalbos<\/a> gramatikos taisykles, atskleiskite savit\u0105 slov\u0117n\u0173 kalbos \u017eaves\u012f. Gerai i\u0161manydami slov\u0117n\u0173 kalbos gramatik\u0105, gal\u0117site bendrauti su gimtakalbiais ir geriau pa\u017einti turting\u0105 \u0161alies kult\u016bros paveld\u0105. Prad\u0117kite mokytis slov\u0117n\u0173 kalbos gramatikos \u0161iandien ir \u017eenkite pirm\u0105j\u012f \u017eingsn\u012f \u012f laisv\u0105 kalb\u0117jim\u0105!<\/p>\r\n\r\n                            <a class=\"getStartedHidden\" href=\"https:\/\/app.talkpal.ai\/lt\/signup?lng=\">Prad\u0117k<\/a>\r\n        \r\n    <\/div>\r\n\r\n    <figure>\r\n    <img decoding=\"async\" width=\"768\" height=\"768\" src=\"https:\/\/talkpal.ai\/wp-content\/uploads\/2023\/06\/slovenian-768x768.png\" class=\"languageImage no-lazy\" alt=\"Language learning for broader perspectives\" fetchpriority=\"high\" sizes=\"(max-width: 768px) 150px, 768px\" srcset=\"https:\/\/talkpal.ai\/wp-content\/uploads\/2023\/06\/slovenian-768x768.png 768w, https:\/\/talkpal.ai\/wp-content\/uploads\/2023\/06\/slovenian-300x300.png 300w\" \/>\r\n    \r\n\r\n    <\/figure>\r\n\r\n            <a class=\"getStartedVisible\" href=\"https:\/\/app.talkpal.ai\/lt\/signup?lng=\">Prad\u0117k<\/a>\r\n    \r\n<\/section>\r\n<section class=\"promotionalBanner\">\r\n    <p class=\"promotionalText\">Efektyviausias b\u016bdas mokytis kalbos<\/p>\r\n    <a class=\"promotionalLink\" href=\"https:\/\/app.talkpal.ai\/lt\/signup?lng=\">I\u0161bandykite Talkpal &#8221; nemokamai<\/a>\r\n<\/section>\n<div class=\"wp-block-group pageContainerStyle\"><div class=\"wp-block-group__inner-container is-layout-constrained wp-block-group-is-layout-constrained\">\n<h1 class=\"wp-block-heading\" id=\"h-slovenian-grammar-a-short-introduction-for-language-lovers\">Slov\u0117n\u0173 kalbos gramatika: trumpas \u012fvadas kalb\u0173 myl\u0117tojams<\/h1>\n\n\n\n<p>Ar esate pasireng\u0119s pasinerti \u012f kerint\u012f slov\u0117n\u0173 kalbos pasaul\u012f, nuostabi\u0105 slav\u0173 kalb\u0105? J\u016bs\u0173 laukia malonumas! \u0160is trumpas vadovas suteiks jums \u017evilgsn\u012f \u012f slov\u0117n\u0173 kalbos gramatik\u0105, kuri yra b\u016btina norint suprasti ir \u012fvaldyti \u0161i\u0105 patraukli\u0105 kalb\u0105. Taigi leiskit\u0117s \u012f \u0161\u012f lingvistin\u012f nuotyk\u012f ir \u017eingsnis po \u017eingsnio tyrin\u0117kite slov\u0117n\u0173 kalbos gramatikos subtilybes.<\/p>\n\n\n\n<p>Slov\u0117n\u0173 kalba, dar vadinama slov\u0117n\u0173 kalba, Slov\u0117nijoje daugiausia kalba apie 2,5 milijono \u017emoni\u0173. Kaip piet\u0173 slav\u0173 kalba, ji dalijasi keliomis savyb\u0117mis su artimais giminai\u010diais, tokiais kaip <a href=\"https:\/\/talkpal.ai\/learn-serbian\/\">serb\u0173<\/a>, <a href=\"https:\/\/talkpal.ai\/learn-croatian\/\">kroat\u0173<\/a> ir <a href=\"https:\/\/talkpal.ai\/learn-bulgarian\/\">bulgar\u0173<\/a>. Ta\u010diau slov\u0117nas gali pasigirti unikaliais pos\u016bkiais ir nuojauta.<\/p>\n\n\n\n<p>Nedelsdami susipa\u017einkime su pagrindiniais slov\u0117n\u0173 kalbos gramatikos aspektais:<\/p>\n\n\n\n<h3 class=\"wp-block-heading\" id=\"h-1-nouns-and-cases\">1. Daiktavard\u017eiai ir atvejai:<\/h3>\n\n\n\n<p>Slov\u0117n\u0173 kalbos daiktavard\u017eiai yra trij\u0173 ly\u010di\u0173 \u2013 vyri\u0161kos, moteri\u0161kos ir neuterin\u0117s. Kiekvienas daiktavardis gali b\u016bti naudojamas vienu i\u0161 \u0161e\u0161i\u0173 slov\u0117n\u0173 atvej\u0173: nominacinis, kilminis, dative, akustinis, lokacinis ir instrumentinis. \u0160ie atvejai i\u0161rei\u0161kia skirtingas gramatines funkcijas arba \u017eod\u017ei\u0173 tarpusavio ry\u0161ius, tod\u0117l labai svarbu i\u0161mokti juos tinkamai vartoti kontekste.<\/p>\n\n\n\n<h3 class=\"wp-block-heading\" id=\"h-2-articles\">2. Straipsniai:<\/h3>\n\n\n\n<p>\u0160tai <a href=\"https:\/\/talkpal.ai\/locations\/language-courses-in-gera\/\">gera<\/a> \u017einia &#8211; slov\u0117n\u0173 kalboje nevartojami tokie artikeliuose kaip &#8222;the&#8221; ar &#8222;a&#8221;! Vietoj to, prasm\u0117 perteikiama naudojant atvejus ir \u017eod\u017ei\u0173 tvark\u0105. <a href=\"https:\/\/talkpal.ai\/learn-thai\/\">Tai<\/a> gali palengvinti slov\u0117n\u0173 kalbos mokym\u0105si, ypa\u010d jei nesate \u012fprat\u0119 prie kalb\u0173 su sud\u0117tingomis straipsni\u0173 sistemomis.<\/p>\n\n\n\n<h3 class=\"wp-block-heading\" id=\"h-3-adjectives\">3. B\u016bdvard\u017eiai:<\/h3>\n\n\n\n<p>Kaip ir daiktavard\u017eiai, b\u016bdvard\u017eiai slov\u0117n\u0173 kalboje sutampa lytimi, skai\u010diumi ir atveju su daiktavard\u017eiu, kur\u012f jie modifikuoja. D\u0117l to b\u016bdvard\u017ei\u0173 vartojimas yra \u0161iek tiek sud\u0117tingesnis nei angl\u0173 kalboje, ta\u010diau nebijokite &#8211; pasipraktikav\u0119 slov\u0117ni\u0161kus b\u016bdvard\u017eius i\u0161moksite akimirksniu!<\/p>\n\n\n\n<h3 class=\"wp-block-heading\" id=\"h-4-verbs\">4. Veiksma\u017eod\u017eiai:<\/h3>\n\n\n\n<p>Slov\u0117n\u0173 kalba turi trij\u0173 pakop\u0173 veiksma\u017eod\u017ei\u0173 sistem\u0105: trys linksniavimo grup\u0117s, priklausomai nuo veiksma\u017eod\u017eio kamieno, besibaigian\u010dio infinityvo forma. Slov\u0117n\u0173 veiksma\u017eod\u017eiai taip pat turi \u012fvairius laikus ir nuotaikas, \u012fskaitant unikali\u0105 dvigub\u0105 form\u0105, kuri naudojama kalbant apie du dalykus ar objektus. B\u016bkite pasireng\u0119 praleisti \u0161iek tiek laiko mokydamiesi ir praktikuodami slov\u0117n\u0173 kalbos veiksma\u017eod\u017ei\u0173 konjugacijas, kad \u012fgytum\u0117te pasitik\u0117jimo savo kalbos \u012fg\u016bd\u017eiais.<\/p>\n\n\n\n<h3 class=\"wp-block-heading\" id=\"h-5-word-order\">5. \u017dod\u017ei\u0173 tvarka:<\/h3>\n\n\n\n<p>Slov\u0117n\u0173 kalba paprastai laikosi dalyko-veiksma\u017eod\u017eio-objekto (SVO) \u017eod\u017ei\u0173 tvarkos, kuri tur\u0117t\u0173 b\u016bti pa\u017e\u012fstama anglakalbiams. Ta\u010diau kalba turi tam tikr\u0105 lankstum\u0105, leid\u017eiant\u012f pabr\u0117\u017eti konkre\u010dias sakinio dalis, perjungiant \u017eod\u017ei\u0173 tvark\u0105. Labai svarbu teisingai naudoti atvejus, kad b\u016bt\u0173 i\u0161vengta painiavos ir perteikta numatyta reik\u0161m\u0117.<\/p>\n\n\n\n<h3 class=\"wp-block-heading\" id=\"h-6-pronouns-and-prepositions\">6. \u012evard\u017eiai ir prielinksniai:<\/h3>\n\n\n\n<p>Slov\u0117n\u0173 kalbos \u012fvard\u017eius, kaip ir kitus kalbos elementus, veikia lytis, skai\u010dius ir atvejis. Jie b\u016bna \u012fvairi\u0173 form\u0173, toki\u0173 kaip asmeniniai, savininki\u0161ki, demonstratyv\u016bs ir refleksyv\u016bs. Susipa\u017einimas su slov\u0117n\u0173 prielinksniais taip pat pad\u0117s sujungti \u017eod\u017eius ir frazes, kad sukurtum\u0117te sud\u0117tingesnius sakinius.<\/p>\n\n\n\n<p>Taigi dabar jau turite pagrindines slov\u0117n\u0173 kalbos gramatikos \u017einias! Atminkite, kad norint mok\u0117ti bet kuri\u0105 kalb\u0105, reikia atsidavimo ir praktikos. Priimkite i\u0161\u0161\u016bkius ir nedvejodami mokykit\u0117s i\u0161 savo klaid\u0173. Atminkite, kad naujos kalbos mokymasis yra \u012fdomi kelion\u0117, kupina \u012fsimintin\u0173 patir\u010di\u0173 ir nauding\u0173 atradim\u0173. Sre\u010dno!<\/p>\n<\/div><\/div>\n\r\n<section class=\"learnNavigationSection\">\r\n            \r\n        <a href=\"https:\/\/talkpal.ai\/lt\/ismok-slovenu-kalba\/\">\r\n            <div class=\"learnNavigationWrapper\">\r\n                <div class=\"learnNavigationContent\">\r\n                    <img decoding=\"async\" src=\"https:\/\/talkpal.ai\/wp-content\/uploads\/2024\/08\/Slovenian.jpg\" alt=\"Slovenian Flag\">\r\n                    <div>\r\n                        <h4>Apie slov\u0117n\u0173 kalbos mokym\u0105si<\/h4>\r\n                        <p>Su\u017einokite visk\u0105 apie slov\u0117n\u0173 kalbos gramatik\u0105.<\/p>\r\n                    <\/div>\r\n                <\/div>\r\n            <\/div>\r\n        <\/a>\r\n\r\n        \r\n        <a href=\"https:\/\/talkpal.ai\/lt\/slovenu-kalbos-gramatikos-pratimai\/\">\r\n            <div class=\"learnNavigationWrapper\">\r\n                <div class=\"learnNavigationContent\">\r\n                    <img decoding=\"async\" src=\"https:\/\/talkpal.ai\/wp-content\/uploads\/2024\/08\/Slovenian.jpg\" alt=\"Slovenian Flag\">\r\n                    <div>\r\n                        <h4>Slov\u0117n\u0173 kalbos gramatikos pratybos<\/h4>\r\n                        <p>Praktikuokite slov\u0117n\u0173 kalbos gramatik\u0105.<\/p>\r\n                    <\/div>\r\n                <\/div>\r\n            <\/div>\r\n        <\/a>\r\n\r\n        \r\n        <a href=\"https:\/\/talkpal.ai\/vocabulary_language\/slovenian\/\">\r\n            <div class=\"learnNavigationWrapper\">\r\n                <div class=\"learnNavigationContent\">\r\n                    <img decoding=\"async\" src=\"https:\/\/talkpal.ai\/wp-content\/uploads\/2024\/08\/Slovenian.jpg\" alt=\"Slovenian Flag\">\r\n                    <div>\r\n                        <h4>Slov\u0117n\u0173 kalbos \u017eodynas<\/h4>\r\n                        <p>Prapl\u0117skite savo slov\u0117n\u0173 kalbos \u017eodyn\u0105.<\/p>\r\n                    <\/div>\r\n                <\/div>\r\n            <\/div>\r\n        <\/a>\r\n\r\n            <\/section>","protected":false},"excerpt":{"rendered":"<p>Slov\u0117n\u0173 kalbos gramatika: trumpas \u012fvadas kalb\u0173 myl\u0117tojams Ar esate pasireng\u0119s pasinerti \u012f kerint\u012f slov\u0117n\u0173 kalbos pasaul\u012f, nuostabi\u0105 slav\u0173 kalb\u0105? J\u016bs\u0173 laukia malonumas! \u0160is trumpas vadovas suteiks jums \u017evilgsn\u012f \u012f slov\u0117n\u0173 kalbos gramatik\u0105, kuri yra b\u016btina norint suprasti ir \u012fvaldyti \u0161i\u0105 patraukli\u0105 kalb\u0105. Taigi leiskit\u0117s \u012f \u0161\u012f lingvistin\u012f nuotyk\u012f ir \u017eingsnis po \u017eingsnio tyrin\u0117kite slov\u0117n\u0173 kalbos [&hellip;]<\/p>\n","protected":false},"author":1,"featured_media":150916,"parent":0,"menu_order":0,"comment_status":"closed","ping_status":"closed","template":"LearningContentPage.php","meta":{"_acf_changed":false,"footnotes":""},"class_list":["post-150910","page","type-page","status-publish","has-post-thumbnail","hentry"],"acf":[],"yoast_head":"<!-- This site is optimized with the Yoast SEO Premium plugin v27.2 (Yoast SEO v27.2) - https:\/\/yoast.com\/product\/yoast-seo-premium-wordpress\/ -->\n<title>Slov\u0117n\u0173 kalbos gramatika - Talkpal<\/title>\n<meta name=\"description\" content=\"Susipa\u017einkite su slov\u0117n\u0173 kalbos gramatikos subtilyb\u0117mis, kad geriau i\u0161moktum\u0117te kalb\u0105 ir geriau j\u0105 suprastum\u0117te. \u012evaldykite gramatikos men\u0105 \u0161iandien.\" \/>\n<meta name=\"robots\" content=\"index, follow, max-snippet:-1, max-image-preview:large, max-video-preview:-1\" \/>\n<link rel=\"canonical\" href=\"https:\/\/talkpal.ai\/lt\/slovenu-kalbos-gramatika\/\" \/>\n<meta property=\"og:locale\" content=\"lt_LT\" \/>\n<meta property=\"og:type\" content=\"article\" \/>\n<meta property=\"og:title\" content=\"Slov\u0117n\u0173 kalbos gramatika\" \/>\n<meta property=\"og:description\" content=\"Slov\u0117n\u0173 kalbos gramatika: trumpas \u012fvadas kalb\u0173 myl\u0117tojams Ar esate pasireng\u0119s pasinerti \u012f kerint\u012f slov\u0117n\u0173 kalbos pasaul\u012f, nuostabi\u0105 slav\u0173 kalb\u0105? J\u016bs\u0173\" \/>\n<meta property=\"og:url\" content=\"https:\/\/talkpal.ai\/lt\/slovenu-kalbos-gramatika\/\" \/>\n<meta property=\"og:site_name\" content=\"Talkpal\" \/>\n<meta property=\"article:publisher\" content=\"https:\/\/www.facebook.com\/profile.php?id=100090733639311\" \/>\n<meta property=\"article:modified_time\" content=\"2025-12-12T11:15:35+00:00\" \/>\n<meta property=\"og:image\" content=\"https:\/\/talkpal.ai\/wp-content\/uploads\/2023\/05\/slovenia.png\" \/>\n\t<meta property=\"og:image:width\" content=\"512\" \/>\n\t<meta property=\"og:image:height\" content=\"512\" \/>\n\t<meta property=\"og:image:type\" content=\"image\/png\" \/>\n<meta name=\"twitter:card\" content=\"summary_large_image\" \/>\n<meta name=\"twitter:site\" content=\"@talkpalai\" \/>\n<meta name=\"twitter:label1\" content=\"Est. reading time\" \/>\n\t<meta name=\"twitter:data1\" content=\"3 minut\u0117s\" \/>\n<script type=\"application\/ld+json\" class=\"yoast-schema-graph\">{\"@context\":\"https:\/\/schema.org\",\"@graph\":[{\"@type\":\"WebPage\",\"@id\":\"https:\/\/talkpal.ai\/lt\/slovenu-kalbos-gramatika\/\",\"url\":\"https:\/\/talkpal.ai\/lt\/slovenu-kalbos-gramatika\/\",\"name\":\"Slov\u0117n\u0173 kalbos gramatika - Talkpal\",\"isPartOf\":{\"@id\":\"https:\/\/talkpal.ai\/lt\/#website\"},\"primaryImageOfPage\":{\"@id\":\"https:\/\/talkpal.ai\/lt\/slovenu-kalbos-gramatika\/#primaryimage\"},\"image\":{\"@id\":\"https:\/\/talkpal.ai\/lt\/slovenu-kalbos-gramatika\/#primaryimage\"},\"thumbnailUrl\":\"https:\/\/talkpal.ai\/wp-content\/uploads\/2023\/05\/slovenia.png\",\"datePublished\":\"2023-05-14T14:20:10+00:00\",\"dateModified\":\"2025-12-12T11:15:35+00:00\",\"description\":\"Susipa\u017einkite su slov\u0117n\u0173 kalbos gramatikos subtilyb\u0117mis, kad geriau i\u0161moktum\u0117te kalb\u0105 ir geriau j\u0105 suprastum\u0117te. \u012evaldykite gramatikos men\u0105 \u0161iandien.\",\"breadcrumb\":{\"@id\":\"https:\/\/talkpal.ai\/lt\/slovenu-kalbos-gramatika\/#breadcrumb\"},\"inLanguage\":\"lt-LT\",\"potentialAction\":[{\"@type\":\"ReadAction\",\"target\":[\"https:\/\/talkpal.ai\/lt\/slovenu-kalbos-gramatika\/\"]}]},{\"@type\":\"ImageObject\",\"inLanguage\":\"lt-LT\",\"@id\":\"https:\/\/talkpal.ai\/lt\/slovenu-kalbos-gramatika\/#primaryimage\",\"url\":\"https:\/\/talkpal.ai\/wp-content\/uploads\/2023\/05\/slovenia.png\",\"contentUrl\":\"https:\/\/talkpal.ai\/wp-content\/uploads\/2023\/05\/slovenia.png\",\"width\":512,\"height\":512},{\"@type\":\"BreadcrumbList\",\"@id\":\"https:\/\/talkpal.ai\/lt\/slovenu-kalbos-gramatika\/#breadcrumb\",\"itemListElement\":[{\"@type\":\"ListItem\",\"position\":1,\"name\":\"Homepage\",\"item\":\"https:\/\/talkpal.ai\/lt\/\"},{\"@type\":\"ListItem\",\"position\":2,\"name\":\"Slov\u0117n\u0173 kalbos gramatika\"}]},{\"@type\":\"WebSite\",\"@id\":\"https:\/\/talkpal.ai\/lt\/#website\",\"url\":\"https:\/\/talkpal.ai\/lt\/\",\"name\":\"Talkpal\",\"description\":\"AI Language Learning\",\"publisher\":{\"@id\":\"https:\/\/talkpal.ai\/lt\/#organization\"},\"alternateName\":\"Talkpal AI\",\"potentialAction\":[{\"@type\":\"SearchAction\",\"target\":{\"@type\":\"EntryPoint\",\"urlTemplate\":\"https:\/\/talkpal.ai\/lt\/?s={search_term_string}\"},\"query-input\":{\"@type\":\"PropertyValueSpecification\",\"valueRequired\":true,\"valueName\":\"search_term_string\"}}],\"inLanguage\":\"lt-LT\"},{\"@type\":\"Organization\",\"@id\":\"https:\/\/talkpal.ai\/lt\/#organization\",\"name\":\"Talkpal, Inc.\",\"alternateName\":\"Talkpal AI\",\"url\":\"https:\/\/talkpal.ai\/lt\/\",\"logo\":{\"@type\":\"ImageObject\",\"inLanguage\":\"lt-LT\",\"@id\":\"https:\/\/talkpal.ai\/lt\/#\/schema\/logo\/image\/\",\"url\":\"https:\/\/talkpal.ai\/wp-content\/uploads\/2024\/03\/Talkpal-Logo-Icon.png\",\"contentUrl\":\"https:\/\/talkpal.ai\/wp-content\/uploads\/2024\/03\/Talkpal-Logo-Icon.png\",\"width\":2880,\"height\":2880,\"caption\":\"Talkpal, Inc.\"},\"image\":{\"@id\":\"https:\/\/talkpal.ai\/lt\/#\/schema\/logo\/image\/\"},\"sameAs\":[\"https:\/\/www.facebook.com\/profile.php?id=100090733639311\",\"https:\/\/x.com\/talkpalai\",\"https:\/\/www.linkedin.com\/company\/talkpal\/\",\"https:\/\/www.youtube.com\/@TalkPal\/\",\"https:\/\/www.tiktok.com\/@talkpal\",\"https:\/\/www.instagram.com\/talkpal_ai\/\",\"https:\/\/www.crunchbase.com\/organization\/talkpal-9cde\",\"https:\/\/www.g2.com\/products\/talkpal-for-business\/\",\"https:\/\/www.trustpilot.com\/review\/talkpal.ai\",\"https:\/\/www.capterra.com\/p\/10006800\/TalkPal\/\"],\"description\":\"Talkpal is a language learning web and mobile education app, powered by the latest AI technologies, that provides engaging experiences to its customers in many different languages to help them improve their language skills. Users can chat about unlimited amount of topics with the app and use other modes to practice their language learning.\",\"email\":\"support@talkpal.ai\",\"legalName\":\"Talkpal, Inc.\",\"foundingDate\":\"2023-04-03\",\"duns\":\"118989042\",\"numberOfEmployees\":{\"@type\":\"QuantitativeValue\",\"minValue\":\"11\",\"maxValue\":\"50\"},\"publishingPrinciples\":\"https:\/\/talkpal.ai\/publishing-principles\/\",\"actionableFeedbackPolicy\":\"https:\/\/talkpal.ai\/actionable-feedback-policy\/\",\"correctionsPolicy\":\"https:\/\/talkpal.ai\/corrections-policy\/\",\"ethicsPolicy\":\"https:\/\/talkpal.ai\/ethics-policy\/\",\"diversityPolicy\":\"https:\/\/talkpal.ai\/diversity-policy\/\",\"diversityStaffingReport\":\"https:\/\/talkpal.ai\/diversity-policy\/\"}]}<\/script>\n<!-- \/ Yoast SEO Premium plugin. -->","yoast_head_json":{"title":"Slov\u0117n\u0173 kalbos gramatika - Talkpal","description":"Susipa\u017einkite su slov\u0117n\u0173 kalbos gramatikos subtilyb\u0117mis, kad geriau i\u0161moktum\u0117te kalb\u0105 ir geriau j\u0105 suprastum\u0117te. \u012evaldykite gramatikos men\u0105 \u0161iandien.","robots":{"index":"index","follow":"follow","max-snippet":"max-snippet:-1","max-image-preview":"max-image-preview:large","max-video-preview":"max-video-preview:-1"},"canonical":"https:\/\/talkpal.ai\/lt\/slovenu-kalbos-gramatika\/","og_locale":"lt_LT","og_type":"article","og_title":"Slov\u0117n\u0173 kalbos gramatika","og_description":"Slov\u0117n\u0173 kalbos gramatika: trumpas \u012fvadas kalb\u0173 myl\u0117tojams Ar esate pasireng\u0119s pasinerti \u012f kerint\u012f slov\u0117n\u0173 kalbos pasaul\u012f, nuostabi\u0105 slav\u0173 kalb\u0105? J\u016bs\u0173","og_url":"https:\/\/talkpal.ai\/lt\/slovenu-kalbos-gramatika\/","og_site_name":"Talkpal","article_publisher":"https:\/\/www.facebook.com\/profile.php?id=100090733639311","article_modified_time":"2025-12-12T11:15:35+00:00","og_image":[{"width":512,"height":512,"url":"https:\/\/talkpal.ai\/wp-content\/uploads\/2023\/05\/slovenia.png","type":"image\/png"}],"twitter_card":"summary_large_image","twitter_site":"@talkpalai","twitter_misc":{"Est. reading time":"3 minut\u0117s"},"schema":{"@context":"https:\/\/schema.org","@graph":[{"@type":"WebPage","@id":"https:\/\/talkpal.ai\/lt\/slovenu-kalbos-gramatika\/","url":"https:\/\/talkpal.ai\/lt\/slovenu-kalbos-gramatika\/","name":"Slov\u0117n\u0173 kalbos gramatika - Talkpal","isPartOf":{"@id":"https:\/\/talkpal.ai\/lt\/#website"},"primaryImageOfPage":{"@id":"https:\/\/talkpal.ai\/lt\/slovenu-kalbos-gramatika\/#primaryimage"},"image":{"@id":"https:\/\/talkpal.ai\/lt\/slovenu-kalbos-gramatika\/#primaryimage"},"thumbnailUrl":"https:\/\/talkpal.ai\/wp-content\/uploads\/2023\/05\/slovenia.png","datePublished":"2023-05-14T14:20:10+00:00","dateModified":"2025-12-12T11:15:35+00:00","description":"Susipa\u017einkite su slov\u0117n\u0173 kalbos gramatikos subtilyb\u0117mis, kad geriau i\u0161moktum\u0117te kalb\u0105 ir geriau j\u0105 suprastum\u0117te. \u012evaldykite gramatikos men\u0105 \u0161iandien.","breadcrumb":{"@id":"https:\/\/talkpal.ai\/lt\/slovenu-kalbos-gramatika\/#breadcrumb"},"inLanguage":"lt-LT","potentialAction":[{"@type":"ReadAction","target":["https:\/\/talkpal.ai\/lt\/slovenu-kalbos-gramatika\/"]}]},{"@type":"ImageObject","inLanguage":"lt-LT","@id":"https:\/\/talkpal.ai\/lt\/slovenu-kalbos-gramatika\/#primaryimage","url":"https:\/\/talkpal.ai\/wp-content\/uploads\/2023\/05\/slovenia.png","contentUrl":"https:\/\/talkpal.ai\/wp-content\/uploads\/2023\/05\/slovenia.png","width":512,"height":512},{"@type":"BreadcrumbList","@id":"https:\/\/talkpal.ai\/lt\/slovenu-kalbos-gramatika\/#breadcrumb","itemListElement":[{"@type":"ListItem","position":1,"name":"Homepage","item":"https:\/\/talkpal.ai\/lt\/"},{"@type":"ListItem","position":2,"name":"Slov\u0117n\u0173 kalbos gramatika"}]},{"@type":"WebSite","@id":"https:\/\/talkpal.ai\/lt\/#website","url":"https:\/\/talkpal.ai\/lt\/","name":"Talkpal","description":"AI Language Learning","publisher":{"@id":"https:\/\/talkpal.ai\/lt\/#organization"},"alternateName":"Talkpal AI","potentialAction":[{"@type":"SearchAction","target":{"@type":"EntryPoint","urlTemplate":"https:\/\/talkpal.ai\/lt\/?s={search_term_string}"},"query-input":{"@type":"PropertyValueSpecification","valueRequired":true,"valueName":"search_term_string"}}],"inLanguage":"lt-LT"},{"@type":"Organization","@id":"https:\/\/talkpal.ai\/lt\/#organization","name":"Talkpal, Inc.","alternateName":"Talkpal AI","url":"https:\/\/talkpal.ai\/lt\/","logo":{"@type":"ImageObject","inLanguage":"lt-LT","@id":"https:\/\/talkpal.ai\/lt\/#\/schema\/logo\/image\/","url":"https:\/\/talkpal.ai\/wp-content\/uploads\/2024\/03\/Talkpal-Logo-Icon.png","contentUrl":"https:\/\/talkpal.ai\/wp-content\/uploads\/2024\/03\/Talkpal-Logo-Icon.png","width":2880,"height":2880,"caption":"Talkpal, Inc."},"image":{"@id":"https:\/\/talkpal.ai\/lt\/#\/schema\/logo\/image\/"},"sameAs":["https:\/\/www.facebook.com\/profile.php?id=100090733639311","https:\/\/x.com\/talkpalai","https:\/\/www.linkedin.com\/company\/talkpal\/","https:\/\/www.youtube.com\/@TalkPal\/","https:\/\/www.tiktok.com\/@talkpal","https:\/\/www.instagram.com\/talkpal_ai\/","https:\/\/www.crunchbase.com\/organization\/talkpal-9cde","https:\/\/www.g2.com\/products\/talkpal-for-business\/","https:\/\/www.trustpilot.com\/review\/talkpal.ai","https:\/\/www.capterra.com\/p\/10006800\/TalkPal\/"],"description":"Talkpal is a language learning web and mobile education app, powered by the latest AI technologies, that provides engaging experiences to its customers in many different languages to help them improve their language skills. Users can chat about unlimited amount of topics with the app and use other modes to practice their language learning.","email":"support@talkpal.ai","legalName":"Talkpal, Inc.","foundingDate":"2023-04-03","duns":"118989042","numberOfEmployees":{"@type":"QuantitativeValue","minValue":"11","maxValue":"50"},"publishingPrinciples":"https:\/\/talkpal.ai\/publishing-principles\/","actionableFeedbackPolicy":"https:\/\/talkpal.ai\/actionable-feedback-policy\/","correctionsPolicy":"https:\/\/talkpal.ai\/corrections-policy\/","ethicsPolicy":"https:\/\/talkpal.ai\/ethics-policy\/","diversityPolicy":"https:\/\/talkpal.ai\/diversity-policy\/","diversityStaffingReport":"https:\/\/talkpal.ai\/diversity-policy\/"}]}},"_links":{"self":[{"href":"https:\/\/talkpal.ai\/lt\/wp-json\/wp\/v2\/pages\/150910","targetHints":{"allow":["GET"]}}],"collection":[{"href":"https:\/\/talkpal.ai\/lt\/wp-json\/wp\/v2\/pages"}],"about":[{"href":"https:\/\/talkpal.ai\/lt\/wp-json\/wp\/v2\/types\/page"}],"author":[{"embeddable":true,"href":"https:\/\/talkpal.ai\/lt\/wp-json\/wp\/v2\/users\/1"}],"replies":[{"embeddable":true,"href":"https:\/\/talkpal.ai\/lt\/wp-json\/wp\/v2\/comments?post=150910"}],"version-history":[{"count":0,"href":"https:\/\/talkpal.ai\/lt\/wp-json\/wp\/v2\/pages\/150910\/revisions"}],"wp:featuredmedia":[{"embeddable":true,"href":"https:\/\/talkpal.ai\/lt\/wp-json\/wp\/v2\/media\/150916"}],"wp:attachment":[{"href":"https:\/\/talkpal.ai\/lt\/wp-json\/wp\/v2\/media?parent=150910"}],"curies":[{"name":"wp","href":"https:\/\/api.w.org\/{rel}","templated":true}]}}