{"id":150092,"date":"2023-05-14T14:19:49","date_gmt":"2023-05-14T14:19:49","guid":{"rendered":"http:\/\/talkpal.ai\/slovaku-kalbos-gramatika\/"},"modified":"2025-12-12T11:10:55","modified_gmt":"2025-12-12T11:10:55","slug":"slovaku-kalbos-gramatika","status":"publish","type":"page","link":"https:\/\/talkpal.ai\/lt\/slovaku-kalbos-gramatika\/","title":{"rendered":"Slovak\u0173 kalbos gramatika"},"content":{"rendered":"\r\n\r\n\r\n<section class=\"languageChallengeSection\">\r\n    <div class=\"languageInfoWrapper\">\r\n        \r\n        <h1>Slovak\u0173 kalbos gramatika<\/h1>\r\n        <p>Atskleiskite <a href=\"https:\/\/talkpal.ai\/learn-slovak\/\">slovak\u0173<\/a> <a href=\"https:\/\/talkpal.ai\/what-language-is-spoken-on-the-international-space-station\/\">kalbos<\/a> gro\u017e\u012f mokydamiesi pagrindini\u0173 gramatikos taisykli\u0173. Suprasdami slovak\u0173 kalbos gramatik\u0105, gal\u0117site dr\u0105siai bendrauti ir giliau pa\u017einti turtingas Slovakijos tradicijas. Prad\u0117kite kelion\u0119 \u0161iandien ir \u017eenkite pirm\u0105j\u012f \u017eingsn\u012f \u012f slovak\u0173 kalbos mokym\u0105si!\n\n<\/p>\r\n\r\n                            <a class=\"getStartedHidden\" href=\"https:\/\/app.talkpal.ai\/lt\/signup?lng=\">Prad\u0117k<\/a>\r\n        \r\n    <\/div>\r\n\r\n    <figure>\r\n    <img decoding=\"async\" width=\"768\" height=\"768\" src=\"https:\/\/talkpal.ai\/wp-content\/uploads\/2023\/06\/slovak-768x768.png\" class=\"languageImage no-lazy\" alt=\"Language learning for cross-cultural competence\" fetchpriority=\"high\" sizes=\"(max-width: 768px) 150px, 768px\" srcset=\"https:\/\/talkpal.ai\/wp-content\/uploads\/2023\/06\/slovak-768x768.png 768w, https:\/\/talkpal.ai\/wp-content\/uploads\/2023\/06\/slovak-300x300.png 300w\" \/>\r\n    \r\n\r\n    <\/figure>\r\n\r\n            <a class=\"getStartedVisible\" href=\"https:\/\/app.talkpal.ai\/lt\/signup?lng=\">Prad\u0117k<\/a>\r\n    \r\n<\/section>\r\n<section class=\"promotionalBanner\">\r\n    <p class=\"promotionalText\">Efektyviausias b\u016bdas mokytis kalbos<\/p>\r\n    <a class=\"promotionalLink\" href=\"https:\/\/app.talkpal.ai\/lt\/signup?lng=\">I\u0161bandykite Talkpal &#8221; nemokamai<\/a>\r\n<\/section>\n<div class=\"wp-block-group pageContainerStyle\"><div class=\"wp-block-group__inner-container is-layout-constrained wp-block-group-is-layout-constrained\">\n<h2 class=\"wp-block-heading\" id=\"h-slovak-grammar-the-key-to-unlocking-a-beautiful-language\">Slovak\u0173 kalbos gramatika: raktas \u012f gra\u017eios kalbos atrakinim\u0105<\/h2>\n\n\n\n<p>Ar planuojate <a href=\"https:\/\/talkpal.ai\/learn-slovak\/\">mokytis slovak\u0173 kalbos<\/a>, ar tiesiog domit\u0117s jos unikalia <a href=\"https:\/\/talkpal.ai\/sq\/gramatika\/\">gramatika<\/a>? J\u016bs esate tinkamoje vietoje! <a href=\"https:\/\/talkpal.ai\/slovak-grammar\/\">Slovak\u0173 kalbos gramatika<\/a> i\u0161 pirmo \u017evilgsnio gali pasirodyti bauginanti, bet nesijaudinkite &#8211; i\u0161 tikr\u0173j\u0173 ji gana logi\u0161ka ir lengvai suprantama. \u0160iame straipsnyje ap\u017evelgsime slovak\u0173 kalbos gramatikos subtilybes, kad geriau suprastum\u0117te ir \u012fvertintum\u0117te jos gro\u017e\u012f.<\/p>\n\n\n\n<p>Pirmiausia prad\u0117kime nuo \u0161iek tiek informacijos. Slovak\u0173 kalba yra vakar\u0173 slav\u0173 kalba, kuria daugiausia kalbama Slovakijoje, ta\u010diau kalb\u0117toj\u0173 galite rasti ir aplinkin\u0117se \u0161alyse. Kaip slav\u0173 kalba, ji turi daug pana\u0161um\u0173 su kitomis regiono kalbomis, tokiomis kaip <a href=\"https:\/\/talkpal.ai\/learn-czech\/\">\u010dek\u0173<\/a> ir <a href=\"https:\/\/talkpal.ai\/learn-polish\/\">lenk\u0173<\/a>. Ta\u010diau jis turi savo ai\u0161kias gramatikos taisykles ir naudojimo modelius, kurie j\u012f i\u0161skiria.<\/p>\n\n\n\n<p>Dabar pasinerkime \u012f svarbiausius slovak\u0173 kalbos gramatikos aspektus.<\/p>\n\n\n\n<h3 class=\"wp-block-heading\" id=\"h-1-nouns-and-their-cases\">1. Daiktavard\u017eiai ir j\u0173 atvejai<\/h3>\n\n\n\n<p>Vienas ry\u0161kiausi\u0173 slovak\u0173 kalbos gramatikos bruo\u017e\u0173 yra sud\u0117tinga byl\u0173 sistema. Jei esate susipa\u017ein\u0119 su vokie\u010di\u0173 ar <a href=\"https:\/\/talkpal.ai\/learn-russian\/\">rus\u0173<\/a> kalba, suprasite, apie k\u0105 kalbame: Slovak\u0173 kalbos daiktavard\u017eiai kei\u010dia savo form\u0105 priklausomai nuo j\u0173 funkcijos sakinyje. Septynios gal\u016bn\u0117s (vardininkas, gimin\u0117, kilmininkas, kilmininkas, kilmininkas, vietininkas, galininkas ir vokatyvas) i\u0161 prad\u017ei\u0173 gali pasirodyti ne\u012fveikiamos, bet nepasiduokite! \u012evald\u017eius \u0161\u012f proces\u0105, jis yra ne\u012ftik\u0117tinai logi\u0161kas ir netgi smagus.<\/p>\n\n\n\n<p>Kaip pavyzd\u012f paimkime daiktavard\u012f &#8222;chlapec&#8221; (berniukas). Priklausomai nuo to, ar jis yra veiksmo subjektas, objektas, ar gav\u0117jas, jis gali pasikeisti \u012f &#8222;chlapca&#8221;, &#8222;chlapcovi&#8221;, &#8222;chlapcom&#8221; ir pan. Gal\u016bn\u0117s priklauso ir nuo daiktavard\u017eio gimin\u0117s (vyri\u0161kosios, moteri\u0161kosios ar gimin\u0117s), tod\u0117l kalba tampa dar \u012fvairesn\u0117.<\/p>\n\n\n\n<h3 class=\"wp-block-heading\" id=\"h-2-verb-conjugation-and-tenses\">2. Veiksma\u017eod\u017ei\u0173 konjugacija ir laikai<\/h3>\n\n\n\n<p>Slovak\u0173 veiksma\u017eod\u017eiai kei\u010dia savo gal\u016bnes pagal dalyko asmen\u012f ir skai\u010di\u0173 (vienaskaitos ar daugiskaitos). Pavyzd\u017eiui, veiksma\u017eodis matyti (matyti) gali tapti vid\u00edm (a\u0161 matau), vid\u00ed\u0161 (tu matai), vidia (jie mato) ir kt.<\/p>\n\n\n\n<p>Slovak\u0173 kalba turi tris pagrindinius laikus: praeit\u012f, dabart\u012f ir ateit\u012f. \u012edomu tai, kad, skirtingai nei angl\u0173 kalba, slovak\u0173 kalba paprastai nenaudoja pagalbini\u0173 veiksma\u017eod\u017ei\u0173 \u0161iems laikams formuoti. Vietoj to, jie formuojami kei\u010diant veiksma\u017eod\u017ei\u0173 gal\u016bnes. Pavyzd\u017eiui, &#8222;matau&#8221; yra &#8222;vid\u00edm&#8221;, &#8222;ma\u010diau&#8221; yra &#8222;videl som&#8221;, o &#8222;pamatysiu&#8221; yra &#8222;uvid\u00edm&#8221;.<\/p>\n\n\n\n<h3 class=\"wp-block-heading\" id=\"h-3-sentence-structure-and-word-order\">3. Sakinio strukt\u016bra ir \u017eod\u017ei\u0173 tvarka<\/h3>\n\n\n\n<p>Slovak\u0173 kalba turi gana lanks\u010di\u0105 \u017eod\u017ei\u0173 tvark\u0105 d\u0117l savo daiktavard\u017ei\u0173 ir veiksma\u017eod\u017ei\u0173 konjugacijos sistemos. Tai rei\u0161kia, kad, kitaip nei angl\u0173 kalboje, sakinyje \u017eod\u017eius galima i\u0161d\u0117styti skirtingose vietose, nekei\u010diant j\u0173 reik\u0161m\u0117s, pavyzd\u017eiui, &#8222;chlapec vid\u00ed psa&#8221; (berniukas mato \u0161un\u012f) taip pat gali b\u016bti &#8222;psa vid\u00ed chlapec&#8221;, ir reik\u0161m\u0117 i\u0161liks ta pati.<\/p>\n\n\n\n<p>Be to, labiausiai paplitusi \u017eod\u017ei\u0173 tvarka slovak\u0173 kalba yra subjektas-veiksma\u017eodis-objektas arba SVO. Tai pana\u0161u \u012f angl\u0173 kalb\u0105 ir yra puikus atspirties ta\u0161kas besimokantiesiems. Kai jums labiau patinka kalba, galite eksperimentuoti su skirtingomis \u017eod\u017ei\u0173 tvarka, kad sakiniai b\u016bt\u0173 pary\u0161kinti ar niuansuoti.<\/p>\n\n\n\n<h3 class=\"wp-block-heading\" id=\"h-4-adjectives-and-adverbs\">4. B\u016bdvard\u017eiai ir prieveiksmiai<\/h3>\n\n\n\n<p>Kaip ir daugelyje kit\u0173 kalb\u0173, daiktavard\u017eiams ir veiksma\u017eod\u017eiams apib\u016bdinti naudojami b\u016bdvard\u017eiai ir prieveiksmiai slovak\u0173 kalba. Ta\u010diau jie taip pat turi savo susitarim\u0105 d\u0117l bylos ir ly\u010di\u0173 susitarimo taisykles, d\u0117l kuri\u0173 viskas gali b\u016bti \u0161iek tiek sud\u0117tingesn\u0117. Laimei, \u012fvald\u0119 daiktavard\u017ei\u0173 atvejus ir veiksma\u017eod\u017ei\u0173 konjugacijas, \u0161ios taisykl\u0117s ateis nat\u016braliau.<\/p>\n\n\n\n<p>Taigi, ar esate pasireng\u0119s kovoti su slovak\u0173 kalbos gramatika? Turint tinkam\u0105 m\u0105stysen\u0105 ir i\u0161teklius, slovak\u0173 kalbos mokymasis yra naudinga patirtis, kuri gali atverti duris \u012f turting\u0105 kult\u016br\u0105 ir gra\u017ei\u0105 \u0161al\u012f. Darykite tai \u017eingsnis po \u017eingsnio, reguliariai praktikuokit\u0117s ir nebijokite klysti &#8211; juk taip mes visi mokom\u0117s. Ve\u013ea \u0161\u0165astia! (S\u0117km\u0117s!)<\/p>\n<\/div><\/div>\n\r\n<section class=\"learnNavigationSection\">\r\n            \r\n        <a href=\"https:\/\/talkpal.ai\/lt\/slovaku-kalbos-mokymasis\/\">\r\n            <div class=\"learnNavigationWrapper\">\r\n                <div class=\"learnNavigationContent\">\r\n                    <img decoding=\"async\" src=\"https:\/\/talkpal.ai\/wp-content\/uploads\/2024\/08\/Slovak.jpg\" alt=\"Slovak Flag\">\r\n                    <div>\r\n                        <h4>Apie slovak\u0173 kalbos mokym\u0105si<\/h4>\r\n                        <p>Su\u017einokite visk\u0105 apie slovak\u0173 kalbos gramatik\u0105.<\/p>\r\n                    <\/div>\r\n                <\/div>\r\n            <\/div>\r\n        <\/a>\r\n\r\n        \r\n        <a href=\"https:\/\/talkpal.ai\/lt\/slovaku-kalbos-gramatikos-pratimai\/\">\r\n            <div class=\"learnNavigationWrapper\">\r\n                <div class=\"learnNavigationContent\">\r\n                    <img decoding=\"async\" src=\"https:\/\/talkpal.ai\/wp-content\/uploads\/2024\/08\/Slovak.jpg\" alt=\"Slovak Flag\">\r\n                    <div>\r\n                        <h4>Slovak\u0173 kalbos gramatikos pratybos<\/h4>\r\n                        <p>Praktikuokite slovak\u0173 kalbos gramatik\u0105.<\/p>\r\n                    <\/div>\r\n                <\/div>\r\n            <\/div>\r\n        <\/a>\r\n\r\n        \r\n        <a href=\"https:\/\/talkpal.ai\/vocabulary_language\/slovak\/\">\r\n            <div class=\"learnNavigationWrapper\">\r\n                <div class=\"learnNavigationContent\">\r\n                    <img decoding=\"async\" src=\"https:\/\/talkpal.ai\/wp-content\/uploads\/2024\/08\/Slovak.jpg\" alt=\"Slovak Flag\">\r\n                    <div>\r\n                        <h4>Slovak\u0173 kalbos \u017eodynas<\/h4>\r\n                        <p>Prapl\u0117skite savo slovak\u0173 kalbos \u017eodyn\u0105.<\/p>\r\n                    <\/div>\r\n                <\/div>\r\n            <\/div>\r\n        <\/a>\r\n\r\n            <\/section>","protected":false},"excerpt":{"rendered":"<p>Slovak\u0173 kalbos gramatika: raktas \u012f gra\u017eios kalbos atrakinim\u0105 Ar planuojate mokytis slovak\u0173 kalbos, ar tiesiog domit\u0117s jos unikalia gramatika? J\u016bs esate tinkamoje vietoje! Slovak\u0173 kalbos gramatika i\u0161 pirmo \u017evilgsnio gali pasirodyti bauginanti, bet nesijaudinkite &#8211; i\u0161 tikr\u0173j\u0173 ji gana logi\u0161ka ir lengvai suprantama. \u0160iame straipsnyje ap\u017evelgsime slovak\u0173 kalbos gramatikos subtilybes, kad geriau suprastum\u0117te ir \u012fvertintum\u0117te [&hellip;]<\/p>\n","protected":false},"author":1,"featured_media":118915,"parent":0,"menu_order":0,"comment_status":"closed","ping_status":"closed","template":"LearningContentPage.php","meta":{"_acf_changed":false,"footnotes":""},"class_list":["post-150092","page","type-page","status-publish","has-post-thumbnail","hentry"],"acf":[],"yoast_head":"<!-- This site is optimized with the Yoast SEO Premium plugin v27.2 (Yoast SEO v27.2) - https:\/\/yoast.com\/product\/yoast-seo-premium-wordpress\/ -->\n<title>Slovak\u0173 kalbos gramatika - Talkpal<\/title>\n<meta name=\"description\" content=\"\u012evaldykite slovak\u0173 kalbos gramatik\u0105 su ai\u0161kiais paai\u0161kinimais, praktiniais pavyzd\u017eiais ir interaktyviais pratimais. Tobulinkite savo \u012fg\u016bd\u017eius!\" \/>\n<meta name=\"robots\" content=\"index, follow, max-snippet:-1, max-image-preview:large, max-video-preview:-1\" \/>\n<link rel=\"canonical\" href=\"https:\/\/talkpal.ai\/lt\/slovaku-kalbos-gramatika\/\" \/>\n<meta property=\"og:locale\" content=\"lt_LT\" \/>\n<meta property=\"og:type\" content=\"article\" \/>\n<meta property=\"og:title\" content=\"Slovak\u0173 kalbos gramatika\" \/>\n<meta property=\"og:description\" content=\"Slovak\u0173 kalbos gramatika: raktas \u012f gra\u017eios kalbos atrakinim\u0105 Ar planuojate mokytis slovak\u0173 kalbos, ar tiesiog domit\u0117s jos unikalia gramatika? J\u016bs esate\" \/>\n<meta property=\"og:url\" content=\"https:\/\/talkpal.ai\/lt\/slovaku-kalbos-gramatika\/\" \/>\n<meta property=\"og:site_name\" content=\"Talkpal\" \/>\n<meta property=\"article:publisher\" content=\"https:\/\/www.facebook.com\/profile.php?id=100090733639311\" \/>\n<meta property=\"article:modified_time\" content=\"2025-12-12T11:10:55+00:00\" \/>\n<meta property=\"og:image\" content=\"https:\/\/talkpal.ai\/wp-content\/uploads\/2023\/05\/slovakia.png\" \/>\n\t<meta property=\"og:image:width\" content=\"512\" \/>\n\t<meta property=\"og:image:height\" content=\"512\" \/>\n\t<meta property=\"og:image:type\" content=\"image\/png\" \/>\n<meta name=\"twitter:card\" content=\"summary_large_image\" \/>\n<meta name=\"twitter:site\" content=\"@talkpalai\" \/>\n<meta name=\"twitter:label1\" content=\"Est. reading time\" \/>\n\t<meta name=\"twitter:data1\" content=\"3 minut\u0117s\" \/>\n<script type=\"application\/ld+json\" class=\"yoast-schema-graph\">{\"@context\":\"https:\/\/schema.org\",\"@graph\":[{\"@type\":\"WebPage\",\"@id\":\"https:\/\/talkpal.ai\/lt\/slovaku-kalbos-gramatika\/\",\"url\":\"https:\/\/talkpal.ai\/lt\/slovaku-kalbos-gramatika\/\",\"name\":\"Slovak\u0173 kalbos gramatika - Talkpal\",\"isPartOf\":{\"@id\":\"https:\/\/talkpal.ai\/lt\/#website\"},\"primaryImageOfPage\":{\"@id\":\"https:\/\/talkpal.ai\/lt\/slovaku-kalbos-gramatika\/#primaryimage\"},\"image\":{\"@id\":\"https:\/\/talkpal.ai\/lt\/slovaku-kalbos-gramatika\/#primaryimage\"},\"thumbnailUrl\":\"https:\/\/talkpal.ai\/wp-content\/uploads\/2023\/05\/slovakia.png\",\"datePublished\":\"2023-05-14T14:19:49+00:00\",\"dateModified\":\"2025-12-12T11:10:55+00:00\",\"description\":\"\u012evaldykite slovak\u0173 kalbos gramatik\u0105 su ai\u0161kiais paai\u0161kinimais, praktiniais pavyzd\u017eiais ir interaktyviais pratimais. Tobulinkite savo \u012fg\u016bd\u017eius!\",\"breadcrumb\":{\"@id\":\"https:\/\/talkpal.ai\/lt\/slovaku-kalbos-gramatika\/#breadcrumb\"},\"inLanguage\":\"lt-LT\",\"potentialAction\":[{\"@type\":\"ReadAction\",\"target\":[\"https:\/\/talkpal.ai\/lt\/slovaku-kalbos-gramatika\/\"]}]},{\"@type\":\"ImageObject\",\"inLanguage\":\"lt-LT\",\"@id\":\"https:\/\/talkpal.ai\/lt\/slovaku-kalbos-gramatika\/#primaryimage\",\"url\":\"https:\/\/talkpal.ai\/wp-content\/uploads\/2023\/05\/slovakia.png\",\"contentUrl\":\"https:\/\/talkpal.ai\/wp-content\/uploads\/2023\/05\/slovakia.png\",\"width\":512,\"height\":512},{\"@type\":\"BreadcrumbList\",\"@id\":\"https:\/\/talkpal.ai\/lt\/slovaku-kalbos-gramatika\/#breadcrumb\",\"itemListElement\":[{\"@type\":\"ListItem\",\"position\":1,\"name\":\"Homepage\",\"item\":\"https:\/\/talkpal.ai\/lt\/\"},{\"@type\":\"ListItem\",\"position\":2,\"name\":\"Slovak\u0173 kalbos gramatika\"}]},{\"@type\":\"WebSite\",\"@id\":\"https:\/\/talkpal.ai\/lt\/#website\",\"url\":\"https:\/\/talkpal.ai\/lt\/\",\"name\":\"Talkpal\",\"description\":\"AI Language Learning\",\"publisher\":{\"@id\":\"https:\/\/talkpal.ai\/lt\/#organization\"},\"alternateName\":\"Talkpal AI\",\"potentialAction\":[{\"@type\":\"SearchAction\",\"target\":{\"@type\":\"EntryPoint\",\"urlTemplate\":\"https:\/\/talkpal.ai\/lt\/?s={search_term_string}\"},\"query-input\":{\"@type\":\"PropertyValueSpecification\",\"valueRequired\":true,\"valueName\":\"search_term_string\"}}],\"inLanguage\":\"lt-LT\"},{\"@type\":\"Organization\",\"@id\":\"https:\/\/talkpal.ai\/lt\/#organization\",\"name\":\"Talkpal, Inc.\",\"alternateName\":\"Talkpal AI\",\"url\":\"https:\/\/talkpal.ai\/lt\/\",\"logo\":{\"@type\":\"ImageObject\",\"inLanguage\":\"lt-LT\",\"@id\":\"https:\/\/talkpal.ai\/lt\/#\/schema\/logo\/image\/\",\"url\":\"https:\/\/talkpal.ai\/wp-content\/uploads\/2024\/03\/Talkpal-Logo-Icon.png\",\"contentUrl\":\"https:\/\/talkpal.ai\/wp-content\/uploads\/2024\/03\/Talkpal-Logo-Icon.png\",\"width\":2880,\"height\":2880,\"caption\":\"Talkpal, Inc.\"},\"image\":{\"@id\":\"https:\/\/talkpal.ai\/lt\/#\/schema\/logo\/image\/\"},\"sameAs\":[\"https:\/\/www.facebook.com\/profile.php?id=100090733639311\",\"https:\/\/x.com\/talkpalai\",\"https:\/\/www.linkedin.com\/company\/talkpal\/\",\"https:\/\/www.youtube.com\/@TalkPal\/\",\"https:\/\/www.tiktok.com\/@talkpal\",\"https:\/\/www.instagram.com\/talkpal_ai\/\",\"https:\/\/www.crunchbase.com\/organization\/talkpal-9cde\",\"https:\/\/www.g2.com\/products\/talkpal-for-business\/\",\"https:\/\/www.trustpilot.com\/review\/talkpal.ai\",\"https:\/\/www.capterra.com\/p\/10006800\/TalkPal\/\"],\"description\":\"Talkpal is a language learning web and mobile education app, powered by the latest AI technologies, that provides engaging experiences to its customers in many different languages to help them improve their language skills. Users can chat about unlimited amount of topics with the app and use other modes to practice their language learning.\",\"email\":\"support@talkpal.ai\",\"legalName\":\"Talkpal, Inc.\",\"foundingDate\":\"2023-04-03\",\"duns\":\"118989042\",\"numberOfEmployees\":{\"@type\":\"QuantitativeValue\",\"minValue\":\"11\",\"maxValue\":\"50\"},\"publishingPrinciples\":\"https:\/\/talkpal.ai\/publishing-principles\/\",\"actionableFeedbackPolicy\":\"https:\/\/talkpal.ai\/actionable-feedback-policy\/\",\"correctionsPolicy\":\"https:\/\/talkpal.ai\/corrections-policy\/\",\"ethicsPolicy\":\"https:\/\/talkpal.ai\/ethics-policy\/\",\"diversityPolicy\":\"https:\/\/talkpal.ai\/diversity-policy\/\",\"diversityStaffingReport\":\"https:\/\/talkpal.ai\/diversity-policy\/\"}]}<\/script>\n<!-- \/ Yoast SEO Premium plugin. -->","yoast_head_json":{"title":"Slovak\u0173 kalbos gramatika - Talkpal","description":"\u012evaldykite slovak\u0173 kalbos gramatik\u0105 su ai\u0161kiais paai\u0161kinimais, praktiniais pavyzd\u017eiais ir interaktyviais pratimais. Tobulinkite savo \u012fg\u016bd\u017eius!","robots":{"index":"index","follow":"follow","max-snippet":"max-snippet:-1","max-image-preview":"max-image-preview:large","max-video-preview":"max-video-preview:-1"},"canonical":"https:\/\/talkpal.ai\/lt\/slovaku-kalbos-gramatika\/","og_locale":"lt_LT","og_type":"article","og_title":"Slovak\u0173 kalbos gramatika","og_description":"Slovak\u0173 kalbos gramatika: raktas \u012f gra\u017eios kalbos atrakinim\u0105 Ar planuojate mokytis slovak\u0173 kalbos, ar tiesiog domit\u0117s jos unikalia gramatika? J\u016bs esate","og_url":"https:\/\/talkpal.ai\/lt\/slovaku-kalbos-gramatika\/","og_site_name":"Talkpal","article_publisher":"https:\/\/www.facebook.com\/profile.php?id=100090733639311","article_modified_time":"2025-12-12T11:10:55+00:00","og_image":[{"width":512,"height":512,"url":"https:\/\/talkpal.ai\/wp-content\/uploads\/2023\/05\/slovakia.png","type":"image\/png"}],"twitter_card":"summary_large_image","twitter_site":"@talkpalai","twitter_misc":{"Est. reading time":"3 minut\u0117s"},"schema":{"@context":"https:\/\/schema.org","@graph":[{"@type":"WebPage","@id":"https:\/\/talkpal.ai\/lt\/slovaku-kalbos-gramatika\/","url":"https:\/\/talkpal.ai\/lt\/slovaku-kalbos-gramatika\/","name":"Slovak\u0173 kalbos gramatika - Talkpal","isPartOf":{"@id":"https:\/\/talkpal.ai\/lt\/#website"},"primaryImageOfPage":{"@id":"https:\/\/talkpal.ai\/lt\/slovaku-kalbos-gramatika\/#primaryimage"},"image":{"@id":"https:\/\/talkpal.ai\/lt\/slovaku-kalbos-gramatika\/#primaryimage"},"thumbnailUrl":"https:\/\/talkpal.ai\/wp-content\/uploads\/2023\/05\/slovakia.png","datePublished":"2023-05-14T14:19:49+00:00","dateModified":"2025-12-12T11:10:55+00:00","description":"\u012evaldykite slovak\u0173 kalbos gramatik\u0105 su ai\u0161kiais paai\u0161kinimais, praktiniais pavyzd\u017eiais ir interaktyviais pratimais. Tobulinkite savo \u012fg\u016bd\u017eius!","breadcrumb":{"@id":"https:\/\/talkpal.ai\/lt\/slovaku-kalbos-gramatika\/#breadcrumb"},"inLanguage":"lt-LT","potentialAction":[{"@type":"ReadAction","target":["https:\/\/talkpal.ai\/lt\/slovaku-kalbos-gramatika\/"]}]},{"@type":"ImageObject","inLanguage":"lt-LT","@id":"https:\/\/talkpal.ai\/lt\/slovaku-kalbos-gramatika\/#primaryimage","url":"https:\/\/talkpal.ai\/wp-content\/uploads\/2023\/05\/slovakia.png","contentUrl":"https:\/\/talkpal.ai\/wp-content\/uploads\/2023\/05\/slovakia.png","width":512,"height":512},{"@type":"BreadcrumbList","@id":"https:\/\/talkpal.ai\/lt\/slovaku-kalbos-gramatika\/#breadcrumb","itemListElement":[{"@type":"ListItem","position":1,"name":"Homepage","item":"https:\/\/talkpal.ai\/lt\/"},{"@type":"ListItem","position":2,"name":"Slovak\u0173 kalbos gramatika"}]},{"@type":"WebSite","@id":"https:\/\/talkpal.ai\/lt\/#website","url":"https:\/\/talkpal.ai\/lt\/","name":"Talkpal","description":"AI Language Learning","publisher":{"@id":"https:\/\/talkpal.ai\/lt\/#organization"},"alternateName":"Talkpal AI","potentialAction":[{"@type":"SearchAction","target":{"@type":"EntryPoint","urlTemplate":"https:\/\/talkpal.ai\/lt\/?s={search_term_string}"},"query-input":{"@type":"PropertyValueSpecification","valueRequired":true,"valueName":"search_term_string"}}],"inLanguage":"lt-LT"},{"@type":"Organization","@id":"https:\/\/talkpal.ai\/lt\/#organization","name":"Talkpal, Inc.","alternateName":"Talkpal AI","url":"https:\/\/talkpal.ai\/lt\/","logo":{"@type":"ImageObject","inLanguage":"lt-LT","@id":"https:\/\/talkpal.ai\/lt\/#\/schema\/logo\/image\/","url":"https:\/\/talkpal.ai\/wp-content\/uploads\/2024\/03\/Talkpal-Logo-Icon.png","contentUrl":"https:\/\/talkpal.ai\/wp-content\/uploads\/2024\/03\/Talkpal-Logo-Icon.png","width":2880,"height":2880,"caption":"Talkpal, Inc."},"image":{"@id":"https:\/\/talkpal.ai\/lt\/#\/schema\/logo\/image\/"},"sameAs":["https:\/\/www.facebook.com\/profile.php?id=100090733639311","https:\/\/x.com\/talkpalai","https:\/\/www.linkedin.com\/company\/talkpal\/","https:\/\/www.youtube.com\/@TalkPal\/","https:\/\/www.tiktok.com\/@talkpal","https:\/\/www.instagram.com\/talkpal_ai\/","https:\/\/www.crunchbase.com\/organization\/talkpal-9cde","https:\/\/www.g2.com\/products\/talkpal-for-business\/","https:\/\/www.trustpilot.com\/review\/talkpal.ai","https:\/\/www.capterra.com\/p\/10006800\/TalkPal\/"],"description":"Talkpal is a language learning web and mobile education app, powered by the latest AI technologies, that provides engaging experiences to its customers in many different languages to help them improve their language skills. Users can chat about unlimited amount of topics with the app and use other modes to practice their language learning.","email":"support@talkpal.ai","legalName":"Talkpal, Inc.","foundingDate":"2023-04-03","duns":"118989042","numberOfEmployees":{"@type":"QuantitativeValue","minValue":"11","maxValue":"50"},"publishingPrinciples":"https:\/\/talkpal.ai\/publishing-principles\/","actionableFeedbackPolicy":"https:\/\/talkpal.ai\/actionable-feedback-policy\/","correctionsPolicy":"https:\/\/talkpal.ai\/corrections-policy\/","ethicsPolicy":"https:\/\/talkpal.ai\/ethics-policy\/","diversityPolicy":"https:\/\/talkpal.ai\/diversity-policy\/","diversityStaffingReport":"https:\/\/talkpal.ai\/diversity-policy\/"}]}},"_links":{"self":[{"href":"https:\/\/talkpal.ai\/lt\/wp-json\/wp\/v2\/pages\/150092","targetHints":{"allow":["GET"]}}],"collection":[{"href":"https:\/\/talkpal.ai\/lt\/wp-json\/wp\/v2\/pages"}],"about":[{"href":"https:\/\/talkpal.ai\/lt\/wp-json\/wp\/v2\/types\/page"}],"author":[{"embeddable":true,"href":"https:\/\/talkpal.ai\/lt\/wp-json\/wp\/v2\/users\/1"}],"replies":[{"embeddable":true,"href":"https:\/\/talkpal.ai\/lt\/wp-json\/wp\/v2\/comments?post=150092"}],"version-history":[{"count":0,"href":"https:\/\/talkpal.ai\/lt\/wp-json\/wp\/v2\/pages\/150092\/revisions"}],"wp:featuredmedia":[{"embeddable":true,"href":"https:\/\/talkpal.ai\/lt\/wp-json\/wp\/v2\/media\/118915"}],"wp:attachment":[{"href":"https:\/\/talkpal.ai\/lt\/wp-json\/wp\/v2\/media?parent=150092"}],"curies":[{"name":"wp","href":"https:\/\/api.w.org\/{rel}","templated":true}]}}