{"id":149705,"date":"2023-05-14T14:19:26","date_gmt":"2023-05-14T14:19:26","guid":{"rendered":"http:\/\/talkpal.ai\/serbu-kalbos-gramatika\/"},"modified":"2025-12-17T15:36:51","modified_gmt":"2025-12-17T15:36:51","slug":"serbu-kalbos-gramatika","status":"publish","type":"page","link":"https:\/\/talkpal.ai\/lt\/serbu-kalbos-gramatika\/","title":{"rendered":"Serb\u0173 kalbos gramatika"},"content":{"rendered":"\r\n\r\n\r\n<section class=\"languageChallengeSection\">\r\n    <div class=\"languageInfoWrapper\">\r\n        \r\n        <h1>Serb\u0173 kalbos gramatika<\/h1>\r\n        <p>Prad\u0117kite savo nuotyk\u012f su rus\u0173 kalba ir atverkite duris \u012f turting\u0105 kult\u016br\u0105 ir istorij\u0105. I\u0161mok\u0119 rus\u0173 <a href=\"https:\/\/talkpal.ai\/what-language-is-spoken-on-the-international-space-station\/\">kalbos<\/a> gramatik\u0105 ir \u017eodyn\u0105, gal\u0117site geriau keliauti, siekti karjeros ir bendrauti. Prad\u0117kite mokytis rus\u0173 kalbos \u0161iandien ir \u017eenkite pirm\u0105 \u017eingsn\u012f \u012f laisv\u0105 kalb\u0117jim\u0105!\n\n<\/p>\r\n\r\n                            <a class=\"getStartedHidden\" href=\"https:\/\/app.talkpal.ai\/lt\/signup?lng=\">Prad\u0117k<\/a>\r\n        \r\n    <\/div>\r\n\r\n    <figure>\r\n    <img decoding=\"async\" width=\"768\" height=\"768\" src=\"https:\/\/talkpal.ai\/wp-content\/uploads\/2023\/06\/serbian-768x768.png\" class=\"languageImage no-lazy\" alt=\"Fast-track to fluency with language learning\" fetchpriority=\"high\" sizes=\"(max-width: 768px) 150px, 768px\" srcset=\"https:\/\/talkpal.ai\/wp-content\/uploads\/2023\/06\/serbian-768x768.png 768w, https:\/\/talkpal.ai\/wp-content\/uploads\/2023\/06\/serbian-300x300.png 300w\" \/>\r\n    \r\n\r\n    <\/figure>\r\n\r\n            <a class=\"getStartedVisible\" href=\"https:\/\/app.talkpal.ai\/lt\/signup?lng=\">Prad\u0117k<\/a>\r\n    \r\n<\/section>\r\n<section class=\"promotionalBanner\">\r\n    <p class=\"promotionalText\">Efektyviausias b\u016bdas mokytis kalbos<\/p>\r\n    <a class=\"promotionalLink\" href=\"https:\/\/app.talkpal.ai\/lt\/signup?lng=\">I\u0161bandykite Talkpal &#8221; nemokamai<\/a>\r\n<\/section>\n<div class=\"wp-block-group pageContainerStyle\"><div class=\"wp-block-group__inner-container is-layout-constrained wp-block-group-is-layout-constrained\">\n<h1 class=\"wp-block-heading\" id=\"h-serbian-grammar-unraveling-the-intricacies-of-the-south-slavic-language\">Serb\u0173 gramatika: piet\u0173 slav\u0173 kalbos subtilybi\u0173 atskleidimas<\/h1>\n\n\n\n<p>Kvie\u010diame visus kalb\u0173 entuziastus ir Balkan\u0173 entuziastus! Ar kada nors svarst\u0117te pasinerti \u012f <a href=\"https:\/\/talkpal.ai\/learn-serbian\/\">serb\u0173<\/a> kalbos gramatikos pasaul\u012f? <a href=\"https:\/\/talkpal.ai\/learn-serbian\/\">Serb\u0173<\/a> kalba, piet\u0173 slav\u0173 kalba, yra oficiali Serbijos kalba ir viena i\u0161 oficiali\u0173 <a href=\"https:\/\/talkpal.ai\/learn-bosnian\/\">Bosnijos<\/a> ir Hercegovinos kalb\u0173. \u0160i intriguojanti kalba, turinti apie 9 milijonus gimtoji kalba, turi pana\u0161um\u0173 su <a href=\"https:\/\/talkpal.ai\/learn-croatian\/\">kroat\u0173<\/a>, bosni\u0173 ir juodkalnie\u010di\u0173 kalbomis, ta\u010diau gali pasigirti i\u0161skirtiniais bruo\u017eais, kurie j\u0105 i\u0161skiria. \u0160iame straipsnyje nagrin\u0117sime \u012fdomius serb\u0173 kalbos gramatikos aspektus.<\/p>\n\n\n\n<h3 class=\"wp-block-heading\" id=\"h-the-dual-alphabet-cyrillic-and-latin\">Dviguba ab\u0117c\u0117l\u0117: kirilica ir lotyn\u0173 kalba<\/h3>\n\n\n\n<p>Vienas i\u0161 pirm\u0173j\u0173 dalyk\u0173, kuriuos pasteb\u0117site serb\u0173 kalboje, yra <a href=\"https:\/\/talkpal.ai\/learn-thai\/\">tai<\/a>, kad joje naudojamos dvi ab\u0117c\u0117l\u0117s: <a href=\"https:\/\/talkpal.ai\/learn-thai\/\">Tai<\/a> &#8211; kirilica ir lotyn\u0173 kalba. Serb\u0173 kirilicos ab\u0117c\u0117l\u0119 su 30 raid\u017ei\u0173 1818 m. standartizavo kalbininkas Vuk Karad\u017ei\u0107 ir ji yra oficiali \u0161alies ab\u0117c\u0117l\u0117. Ta\u010diau lotyni\u0161ka ab\u0117c\u0117l\u0117, kuri\u0105 taip pat sudaro 30 raid\u017ei\u0173, yra pla\u010diai naudojama, ypa\u010d skaitmeniniam bendravimui ir neformaliam kontekstui. Dviej\u0173 ab\u0117c\u0117li\u0173 naudojimas suteikia serb\u0173 kalbai unikal\u0173, universal\u0173 charakter\u012f.<\/p>\n\n\n\n<h3 class=\"wp-block-heading\" id=\"h-the-building-blocks-nouns-pronouns-and-cases\">K\u016brimo blokai: daiktavard\u017eiai, \u012fvard\u017eiai ir atvejai<\/h3>\n\n\n\n<p>Kaip ir kitos slav\u0173 kalbos, <a href=\"https:\/\/talkpal.ai\/serbian-grammar\/\">serb\u0173 gramatika<\/a> sukasi apie ving\u012f, kur \u017eod\u017eiai kei\u010dia gal\u016bnes pagal gramatin\u0119 funkcij\u0105. Tai akivaizd\u017eiausia daiktavard\u017eiuose, \u012fvard\u017eiuose ir b\u016bdvard\u017eiuose. Serb\u0173 kalba turi septynis atvejus:<\/p>\n\n\n\n<p><strong>1. Nominatyvas &#8211; nurodo sakinio subjekt\u0105<\/strong><\/p>\n\n\n\n<p><strong>2. Genityvas &#8211; rodo tur\u0117jim\u0105, neigimo objekt\u0105 arba dalelyt\u0119.<\/strong><\/p>\n\n\n\n<p><strong>3. Dativas &#8211; \u017eymi netiesiogin\u012f objekt\u0105<\/strong><\/p>\n\n\n\n<p><strong>4. Akuzatyvas &#8211; rei\u0161kia tiesiogin\u012f objekt\u0105<\/strong><\/p>\n\n\n\n<p><strong>5. Vocative &#8211; vartojamas kreipiantis \u012f k\u0105 nors arba kvie\u010diant k\u0105 nors<\/strong><\/p>\n\n\n\n<p><strong>6. Instrumentalinis &#8211; i\u0161rei\u0161kia veiksmo priemon\u0119 arba b\u016bd\u0105<\/strong><\/p>\n\n\n\n<p><strong>7. Vietininkas &#8211; nurodo tam tikr\u0173 prieveiksmi\u0173 viet\u0105 arba objekt\u0105<\/strong><\/p>\n\n\n\n<p>Serb\u0173 daiktavard\u017eiai turi tris lytis (vyri\u0161kas, moteri\u0161kas ir neuter) ir du skai\u010dius (vienaskaita ir daugiskaita). Konkre\u010dios kiekvienos gimin\u0117s ir skai\u010diaus gal\u016bn\u0117s skiriasi priklausomai nuo konkretaus atvejo, tod\u0117l norint sudaryti gramati\u0161kai tikslius sakinius, b\u016btina \u012fsiminti \u0161ias gal\u016bnes.<\/p>\n\n\n\n<h3 class=\"wp-block-heading\" id=\"h-get-moving-with-verbs-tenses-aspects-and-moods\">Jud\u0117kite naudodami veiksma\u017eod\u017eius: laikai, aspektai ir nuotaikos<\/h3>\n\n\n\n<p>Serb\u0173 veiksma\u017eod\u017eiai pasi\u017eymi \u012fsp\u016bdingu sud\u0117tingumu su savo laikais (praeitis, dabartis ir ateitis), aspektais (tobulas ir netobulas) ir nuotaikomis (orientacinis, imperatyvus ir s\u0105lyginis). Aspektas vaidina svarb\u0173 vaidmen\u012f serb\u0173 veiksma\u017eod\u017eiuose, nes jis perteikia, ar veiksmas laikomas u\u017ebaigtu (tobulu), ar vykstan\u010diu (netobulu). Daugelis veiksma\u017eod\u017ei\u0173 b\u016bna poromis, kurios nurodo skirtingus aspektus, da\u017enai naudojant konkre\u010dius prie\u0161d\u0117lius ar priesagas.<\/p>\n\n\n\n<h3 class=\"wp-block-heading\" id=\"h-adjectives-adverbs-and-all-that-jazz\">B\u016bdvard\u017eiai, prieveiksmiai ir visas tas d\u017eiazas<\/h3>\n\n\n\n<p>Serb\u0173 b\u016bdvard\u017eiai sutinka su daiktavard\u017eiais, kuriuos jie kei\u010dia pagal lyt\u012f, skai\u010di\u0173 ir atvej\u012f. Jie taip pat turi lyginam\u0105sias ir puikias formas, kad i\u0161reik\u0161t\u0173 \u012fvairaus laipsnio savybes. Be to, prieveiksmiai da\u017enai kil\u0119 i\u0161 b\u016bdvard\u017ei\u0173 ir perteikia \u012fvairias reik\u0161mes, tokias kaip laikas, b\u016bdas, vieta ir laipsnis.<\/p>\n\n\n\n<p>Serb\u0173 kalba taip pat gali pasigirti daugybe jungtuk\u0173, prielinksni\u0173, skaitmen\u0173 ir daleli\u0173, kurios prisideda prie kalbos gro\u017eio ir padeda sukurti sud\u0117tingus, prasmingus sakinius.<\/p>\n\n\n\n<h3 class=\"wp-block-heading\" id=\"h-embracing-the-world-of-serbian-grammar\">Serb\u0173 kalbos gramatikos pasaulio \u012fprasminimas<\/h3>\n\n\n\n<p>Serb\u0173 kalbos gramatika i\u0161 pirmo \u017evilgsnio gali pasirodyti priblo\u0161kianti. Ta\u010diau kai gilinsit\u0117s \u012f turting\u0105 jos atvej\u0173, aspekt\u0173 ir kalbini\u0173 keistenybi\u0173 kra\u0161tovaizd\u012f, atrasite gyvybing\u0105 ir i\u0161rai\u0161king\u0105 kalb\u0105. Serb\u0173 kalbos mokymasis ne tik sustiprins j\u016bs\u0173 supratim\u0105 apie slav\u0173 kalb\u0173 \u0161eim\u0105, bet ir pad\u0117s u\u017emegzti ry\u0161\u012f su \u017eavia istorija ir kult\u016bra.<\/p>\n\n\n\n<p>Tad kod\u0117l gi nepasi\u0117mus i\u0161\u0161\u016bkio toliau tyrin\u0117ti serb\u0173 kalbos gramatik\u0105? Su atkaklumu ir aistra vien\u0105 dien\u0105 galite pasivaik\u0161\u010dioti Belgrado gatv\u0117mis, \u012fsitraukdami \u012f gyvus pokalbius su vietiniais gyventojais j\u0173 gimt\u0105ja kalba. Smagaus mokymosi!<\/p>\n<\/div><\/div>\n\r\n<section class=\"learnNavigationSection\">\r\n            \r\n        <a href=\"https:\/\/talkpal.ai\/lt\/ismok-serbu-kalba\/\">\r\n            <div class=\"learnNavigationWrapper\">\r\n                <div class=\"learnNavigationContent\">\r\n                    <img decoding=\"async\" src=\"https:\/\/talkpal.ai\/wp-content\/uploads\/2024\/08\/Serbian.jpg\" alt=\"Serbian Flag\">\r\n                    <div>\r\n                        <h4>Apie mokym\u0105si Serbijoje<\/h4>\r\n                        <p>Su\u017einokite visk\u0105 apie Serbijos gramatik\u0105.<\/p>\r\n                    <\/div>\r\n                <\/div>\r\n            <\/div>\r\n        <\/a>\r\n\r\n        \r\n        <a href=\"https:\/\/talkpal.ai\/lt\/serbu-kalbos-gramatikos-pratimai\/\">\r\n            <div class=\"learnNavigationWrapper\">\r\n                <div class=\"learnNavigationContent\">\r\n                    <img decoding=\"async\" src=\"https:\/\/talkpal.ai\/wp-content\/uploads\/2024\/08\/Serbian.jpg\" alt=\"Serbian Flag\">\r\n                    <div>\r\n                        <h4>Serb\u0173 kalbos gramatikos pratybos<\/h4>\r\n                        <p>Praktikuokite serb\u0173 kalbos gramatik\u0105.<\/p>\r\n                    <\/div>\r\n                <\/div>\r\n            <\/div>\r\n        <\/a>\r\n\r\n        \r\n        <a href=\"https:\/\/talkpal.ai\/vocabulary_language\/serbian\/\">\r\n            <div class=\"learnNavigationWrapper\">\r\n                <div class=\"learnNavigationContent\">\r\n                    <img decoding=\"async\" src=\"https:\/\/talkpal.ai\/wp-content\/uploads\/2024\/08\/Serbian.jpg\" alt=\"Serbian Flag\">\r\n                    <div>\r\n                        <h4>Serb\u0173 kalbos \u017eodynas<\/h4>\r\n                        <p>Prapl\u0117skite savo serb\u0173 kalbos \u017eodyn\u0105.<\/p>\r\n                    <\/div>\r\n                <\/div>\r\n            <\/div>\r\n        <\/a>\r\n\r\n            <\/section>","protected":false},"excerpt":{"rendered":"<p>Serb\u0173 gramatika: piet\u0173 slav\u0173 kalbos subtilybi\u0173 atskleidimas Kvie\u010diame visus kalb\u0173 entuziastus ir Balkan\u0173 entuziastus! Ar kada nors svarst\u0117te pasinerti \u012f serb\u0173 kalbos gramatikos pasaul\u012f? Serb\u0173 kalba, piet\u0173 slav\u0173 kalba, yra oficiali Serbijos kalba ir viena i\u0161 oficiali\u0173 Bosnijos ir Hercegovinos kalb\u0173. \u0160i intriguojanti kalba, turinti apie 9 milijonus gimtoji kalba, turi pana\u0161um\u0173 su kroat\u0173, bosni\u0173 [&hellip;]<\/p>\n","protected":false},"author":1,"featured_media":118263,"parent":0,"menu_order":0,"comment_status":"closed","ping_status":"closed","template":"LearningContentPage.php","meta":{"_acf_changed":false,"footnotes":""},"class_list":["post-149705","page","type-page","status-publish","has-post-thumbnail","hentry"],"acf":[],"yoast_head":"<!-- This site is optimized with the Yoast SEO Premium plugin v27.2 (Yoast SEO v27.2) - https:\/\/yoast.com\/product\/yoast-seo-premium-wordpress\/ -->\n<title>Serb\u0173 kalbos gramatika - Talkpal<\/title>\n<meta name=\"description\" content=\"I\u0161tirkite serb\u0173 kalbos gramatikos subtilybes ir su\u017einokite, kuo ji skiriasi nuo kit\u0173 Balkan\u0173 kalb\u0173.\" \/>\n<meta name=\"robots\" content=\"index, follow, max-snippet:-1, max-image-preview:large, max-video-preview:-1\" \/>\n<link rel=\"canonical\" href=\"https:\/\/talkpal.ai\/lt\/serbu-kalbos-gramatika\/\" \/>\n<meta property=\"og:locale\" content=\"lt_LT\" \/>\n<meta property=\"og:type\" content=\"article\" \/>\n<meta property=\"og:title\" content=\"Serb\u0173 kalbos gramatika\" \/>\n<meta property=\"og:description\" content=\"Serb\u0173 gramatika: piet\u0173 slav\u0173 kalbos subtilybi\u0173 atskleidimas Kvie\u010diame visus kalb\u0173 entuziastus ir Balkan\u0173 entuziastus! Ar kada nors svarst\u0117te pasinerti \u012f\" \/>\n<meta property=\"og:url\" content=\"https:\/\/talkpal.ai\/lt\/serbu-kalbos-gramatika\/\" \/>\n<meta property=\"og:site_name\" content=\"Talkpal\" \/>\n<meta property=\"article:publisher\" content=\"https:\/\/www.facebook.com\/profile.php?id=100090733639311\" \/>\n<meta property=\"article:modified_time\" content=\"2025-12-17T15:36:51+00:00\" \/>\n<meta property=\"og:image\" content=\"https:\/\/talkpal.ai\/wp-content\/uploads\/2023\/05\/serbia.png\" \/>\n\t<meta property=\"og:image:width\" content=\"512\" \/>\n\t<meta property=\"og:image:height\" content=\"512\" \/>\n\t<meta property=\"og:image:type\" content=\"image\/png\" \/>\n<meta name=\"twitter:card\" content=\"summary_large_image\" \/>\n<meta name=\"twitter:site\" content=\"@talkpalai\" \/>\n<meta name=\"twitter:label1\" content=\"Est. reading time\" \/>\n\t<meta name=\"twitter:data1\" content=\"3 minut\u0117s\" \/>\n<script type=\"application\/ld+json\" class=\"yoast-schema-graph\">{\"@context\":\"https:\/\/schema.org\",\"@graph\":[{\"@type\":\"WebPage\",\"@id\":\"https:\/\/talkpal.ai\/lt\/serbu-kalbos-gramatika\/\",\"url\":\"https:\/\/talkpal.ai\/lt\/serbu-kalbos-gramatika\/\",\"name\":\"Serb\u0173 kalbos gramatika - Talkpal\",\"isPartOf\":{\"@id\":\"https:\/\/talkpal.ai\/lt\/#website\"},\"primaryImageOfPage\":{\"@id\":\"https:\/\/talkpal.ai\/lt\/serbu-kalbos-gramatika\/#primaryimage\"},\"image\":{\"@id\":\"https:\/\/talkpal.ai\/lt\/serbu-kalbos-gramatika\/#primaryimage\"},\"thumbnailUrl\":\"https:\/\/talkpal.ai\/wp-content\/uploads\/2023\/05\/serbia.png\",\"datePublished\":\"2023-05-14T14:19:26+00:00\",\"dateModified\":\"2025-12-17T15:36:51+00:00\",\"description\":\"I\u0161tirkite serb\u0173 kalbos gramatikos subtilybes ir su\u017einokite, kuo ji skiriasi nuo kit\u0173 Balkan\u0173 kalb\u0173.\",\"breadcrumb\":{\"@id\":\"https:\/\/talkpal.ai\/lt\/serbu-kalbos-gramatika\/#breadcrumb\"},\"inLanguage\":\"lt-LT\",\"potentialAction\":[{\"@type\":\"ReadAction\",\"target\":[\"https:\/\/talkpal.ai\/lt\/serbu-kalbos-gramatika\/\"]}]},{\"@type\":\"ImageObject\",\"inLanguage\":\"lt-LT\",\"@id\":\"https:\/\/talkpal.ai\/lt\/serbu-kalbos-gramatika\/#primaryimage\",\"url\":\"https:\/\/talkpal.ai\/wp-content\/uploads\/2023\/05\/serbia.png\",\"contentUrl\":\"https:\/\/talkpal.ai\/wp-content\/uploads\/2023\/05\/serbia.png\",\"width\":512,\"height\":512},{\"@type\":\"BreadcrumbList\",\"@id\":\"https:\/\/talkpal.ai\/lt\/serbu-kalbos-gramatika\/#breadcrumb\",\"itemListElement\":[{\"@type\":\"ListItem\",\"position\":1,\"name\":\"Homepage\",\"item\":\"https:\/\/talkpal.ai\/lt\/\"},{\"@type\":\"ListItem\",\"position\":2,\"name\":\"Serb\u0173 kalbos gramatika\"}]},{\"@type\":\"WebSite\",\"@id\":\"https:\/\/talkpal.ai\/lt\/#website\",\"url\":\"https:\/\/talkpal.ai\/lt\/\",\"name\":\"Talkpal\",\"description\":\"AI Language Learning\",\"publisher\":{\"@id\":\"https:\/\/talkpal.ai\/lt\/#organization\"},\"alternateName\":\"Talkpal AI\",\"potentialAction\":[{\"@type\":\"SearchAction\",\"target\":{\"@type\":\"EntryPoint\",\"urlTemplate\":\"https:\/\/talkpal.ai\/lt\/?s={search_term_string}\"},\"query-input\":{\"@type\":\"PropertyValueSpecification\",\"valueRequired\":true,\"valueName\":\"search_term_string\"}}],\"inLanguage\":\"lt-LT\"},{\"@type\":\"Organization\",\"@id\":\"https:\/\/talkpal.ai\/lt\/#organization\",\"name\":\"Talkpal, Inc.\",\"alternateName\":\"Talkpal AI\",\"url\":\"https:\/\/talkpal.ai\/lt\/\",\"logo\":{\"@type\":\"ImageObject\",\"inLanguage\":\"lt-LT\",\"@id\":\"https:\/\/talkpal.ai\/lt\/#\/schema\/logo\/image\/\",\"url\":\"https:\/\/talkpal.ai\/wp-content\/uploads\/2024\/03\/Talkpal-Logo-Icon.png\",\"contentUrl\":\"https:\/\/talkpal.ai\/wp-content\/uploads\/2024\/03\/Talkpal-Logo-Icon.png\",\"width\":2880,\"height\":2880,\"caption\":\"Talkpal, Inc.\"},\"image\":{\"@id\":\"https:\/\/talkpal.ai\/lt\/#\/schema\/logo\/image\/\"},\"sameAs\":[\"https:\/\/www.facebook.com\/profile.php?id=100090733639311\",\"https:\/\/x.com\/talkpalai\",\"https:\/\/www.linkedin.com\/company\/talkpal\/\",\"https:\/\/www.youtube.com\/@TalkPal\/\",\"https:\/\/www.tiktok.com\/@talkpal\",\"https:\/\/www.instagram.com\/talkpal_ai\/\",\"https:\/\/www.crunchbase.com\/organization\/talkpal-9cde\",\"https:\/\/www.g2.com\/products\/talkpal-for-business\/\",\"https:\/\/www.trustpilot.com\/review\/talkpal.ai\",\"https:\/\/www.capterra.com\/p\/10006800\/TalkPal\/\"],\"description\":\"Talkpal is a language learning web and mobile education app, powered by the latest AI technologies, that provides engaging experiences to its customers in many different languages to help them improve their language skills. Users can chat about unlimited amount of topics with the app and use other modes to practice their language learning.\",\"email\":\"support@talkpal.ai\",\"legalName\":\"Talkpal, Inc.\",\"foundingDate\":\"2023-04-03\",\"duns\":\"118989042\",\"numberOfEmployees\":{\"@type\":\"QuantitativeValue\",\"minValue\":\"11\",\"maxValue\":\"50\"},\"publishingPrinciples\":\"https:\/\/talkpal.ai\/publishing-principles\/\",\"actionableFeedbackPolicy\":\"https:\/\/talkpal.ai\/actionable-feedback-policy\/\",\"correctionsPolicy\":\"https:\/\/talkpal.ai\/corrections-policy\/\",\"ethicsPolicy\":\"https:\/\/talkpal.ai\/ethics-policy\/\",\"diversityPolicy\":\"https:\/\/talkpal.ai\/diversity-policy\/\",\"diversityStaffingReport\":\"https:\/\/talkpal.ai\/diversity-policy\/\"}]}<\/script>\n<!-- \/ Yoast SEO Premium plugin. -->","yoast_head_json":{"title":"Serb\u0173 kalbos gramatika - Talkpal","description":"I\u0161tirkite serb\u0173 kalbos gramatikos subtilybes ir su\u017einokite, kuo ji skiriasi nuo kit\u0173 Balkan\u0173 kalb\u0173.","robots":{"index":"index","follow":"follow","max-snippet":"max-snippet:-1","max-image-preview":"max-image-preview:large","max-video-preview":"max-video-preview:-1"},"canonical":"https:\/\/talkpal.ai\/lt\/serbu-kalbos-gramatika\/","og_locale":"lt_LT","og_type":"article","og_title":"Serb\u0173 kalbos gramatika","og_description":"Serb\u0173 gramatika: piet\u0173 slav\u0173 kalbos subtilybi\u0173 atskleidimas Kvie\u010diame visus kalb\u0173 entuziastus ir Balkan\u0173 entuziastus! Ar kada nors svarst\u0117te pasinerti \u012f","og_url":"https:\/\/talkpal.ai\/lt\/serbu-kalbos-gramatika\/","og_site_name":"Talkpal","article_publisher":"https:\/\/www.facebook.com\/profile.php?id=100090733639311","article_modified_time":"2025-12-17T15:36:51+00:00","og_image":[{"width":512,"height":512,"url":"https:\/\/talkpal.ai\/wp-content\/uploads\/2023\/05\/serbia.png","type":"image\/png"}],"twitter_card":"summary_large_image","twitter_site":"@talkpalai","twitter_misc":{"Est. reading time":"3 minut\u0117s"},"schema":{"@context":"https:\/\/schema.org","@graph":[{"@type":"WebPage","@id":"https:\/\/talkpal.ai\/lt\/serbu-kalbos-gramatika\/","url":"https:\/\/talkpal.ai\/lt\/serbu-kalbos-gramatika\/","name":"Serb\u0173 kalbos gramatika - Talkpal","isPartOf":{"@id":"https:\/\/talkpal.ai\/lt\/#website"},"primaryImageOfPage":{"@id":"https:\/\/talkpal.ai\/lt\/serbu-kalbos-gramatika\/#primaryimage"},"image":{"@id":"https:\/\/talkpal.ai\/lt\/serbu-kalbos-gramatika\/#primaryimage"},"thumbnailUrl":"https:\/\/talkpal.ai\/wp-content\/uploads\/2023\/05\/serbia.png","datePublished":"2023-05-14T14:19:26+00:00","dateModified":"2025-12-17T15:36:51+00:00","description":"I\u0161tirkite serb\u0173 kalbos gramatikos subtilybes ir su\u017einokite, kuo ji skiriasi nuo kit\u0173 Balkan\u0173 kalb\u0173.","breadcrumb":{"@id":"https:\/\/talkpal.ai\/lt\/serbu-kalbos-gramatika\/#breadcrumb"},"inLanguage":"lt-LT","potentialAction":[{"@type":"ReadAction","target":["https:\/\/talkpal.ai\/lt\/serbu-kalbos-gramatika\/"]}]},{"@type":"ImageObject","inLanguage":"lt-LT","@id":"https:\/\/talkpal.ai\/lt\/serbu-kalbos-gramatika\/#primaryimage","url":"https:\/\/talkpal.ai\/wp-content\/uploads\/2023\/05\/serbia.png","contentUrl":"https:\/\/talkpal.ai\/wp-content\/uploads\/2023\/05\/serbia.png","width":512,"height":512},{"@type":"BreadcrumbList","@id":"https:\/\/talkpal.ai\/lt\/serbu-kalbos-gramatika\/#breadcrumb","itemListElement":[{"@type":"ListItem","position":1,"name":"Homepage","item":"https:\/\/talkpal.ai\/lt\/"},{"@type":"ListItem","position":2,"name":"Serb\u0173 kalbos gramatika"}]},{"@type":"WebSite","@id":"https:\/\/talkpal.ai\/lt\/#website","url":"https:\/\/talkpal.ai\/lt\/","name":"Talkpal","description":"AI Language Learning","publisher":{"@id":"https:\/\/talkpal.ai\/lt\/#organization"},"alternateName":"Talkpal AI","potentialAction":[{"@type":"SearchAction","target":{"@type":"EntryPoint","urlTemplate":"https:\/\/talkpal.ai\/lt\/?s={search_term_string}"},"query-input":{"@type":"PropertyValueSpecification","valueRequired":true,"valueName":"search_term_string"}}],"inLanguage":"lt-LT"},{"@type":"Organization","@id":"https:\/\/talkpal.ai\/lt\/#organization","name":"Talkpal, Inc.","alternateName":"Talkpal AI","url":"https:\/\/talkpal.ai\/lt\/","logo":{"@type":"ImageObject","inLanguage":"lt-LT","@id":"https:\/\/talkpal.ai\/lt\/#\/schema\/logo\/image\/","url":"https:\/\/talkpal.ai\/wp-content\/uploads\/2024\/03\/Talkpal-Logo-Icon.png","contentUrl":"https:\/\/talkpal.ai\/wp-content\/uploads\/2024\/03\/Talkpal-Logo-Icon.png","width":2880,"height":2880,"caption":"Talkpal, Inc."},"image":{"@id":"https:\/\/talkpal.ai\/lt\/#\/schema\/logo\/image\/"},"sameAs":["https:\/\/www.facebook.com\/profile.php?id=100090733639311","https:\/\/x.com\/talkpalai","https:\/\/www.linkedin.com\/company\/talkpal\/","https:\/\/www.youtube.com\/@TalkPal\/","https:\/\/www.tiktok.com\/@talkpal","https:\/\/www.instagram.com\/talkpal_ai\/","https:\/\/www.crunchbase.com\/organization\/talkpal-9cde","https:\/\/www.g2.com\/products\/talkpal-for-business\/","https:\/\/www.trustpilot.com\/review\/talkpal.ai","https:\/\/www.capterra.com\/p\/10006800\/TalkPal\/"],"description":"Talkpal is a language learning web and mobile education app, powered by the latest AI technologies, that provides engaging experiences to its customers in many different languages to help them improve their language skills. Users can chat about unlimited amount of topics with the app and use other modes to practice their language learning.","email":"support@talkpal.ai","legalName":"Talkpal, Inc.","foundingDate":"2023-04-03","duns":"118989042","numberOfEmployees":{"@type":"QuantitativeValue","minValue":"11","maxValue":"50"},"publishingPrinciples":"https:\/\/talkpal.ai\/publishing-principles\/","actionableFeedbackPolicy":"https:\/\/talkpal.ai\/actionable-feedback-policy\/","correctionsPolicy":"https:\/\/talkpal.ai\/corrections-policy\/","ethicsPolicy":"https:\/\/talkpal.ai\/ethics-policy\/","diversityPolicy":"https:\/\/talkpal.ai\/diversity-policy\/","diversityStaffingReport":"https:\/\/talkpal.ai\/diversity-policy\/"}]}},"_links":{"self":[{"href":"https:\/\/talkpal.ai\/lt\/wp-json\/wp\/v2\/pages\/149705","targetHints":{"allow":["GET"]}}],"collection":[{"href":"https:\/\/talkpal.ai\/lt\/wp-json\/wp\/v2\/pages"}],"about":[{"href":"https:\/\/talkpal.ai\/lt\/wp-json\/wp\/v2\/types\/page"}],"author":[{"embeddable":true,"href":"https:\/\/talkpal.ai\/lt\/wp-json\/wp\/v2\/users\/1"}],"replies":[{"embeddable":true,"href":"https:\/\/talkpal.ai\/lt\/wp-json\/wp\/v2\/comments?post=149705"}],"version-history":[{"count":0,"href":"https:\/\/talkpal.ai\/lt\/wp-json\/wp\/v2\/pages\/149705\/revisions"}],"wp:featuredmedia":[{"embeddable":true,"href":"https:\/\/talkpal.ai\/lt\/wp-json\/wp\/v2\/media\/118263"}],"wp:attachment":[{"href":"https:\/\/talkpal.ai\/lt\/wp-json\/wp\/v2\/media?parent=149705"}],"curies":[{"name":"wp","href":"https:\/\/api.w.org\/{rel}","templated":true}]}}