{"id":149530,"date":"2023-05-14T14:19:07","date_gmt":"2023-05-14T14:19:07","guid":{"rendered":"http:\/\/talkpal.ai\/rumunu-kalbos-gramatika\/"},"modified":"2025-12-17T15:34:40","modified_gmt":"2025-12-17T15:34:40","slug":"rumunu-kalbos-gramatika","status":"publish","type":"page","link":"https:\/\/talkpal.ai\/lt\/rumunu-kalbos-gramatika\/","title":{"rendered":"Rumun\u0173 kalbos gramatika"},"content":{"rendered":"\r\n\r\n\r\n<section class=\"languageChallengeSection\">\r\n    <div class=\"languageInfoWrapper\">\r\n        \r\n        <h1>Rumun\u0173 kalbos gramatika<\/h1>\r\n        <p>Atskleiskite <a href=\"https:\/\/talkpal.ai\/learn-romanian\/\">rumun\u0173<\/a> <a href=\"https:\/\/talkpal.ai\/what-language-is-spoken-on-the-international-space-station\/\">kalbos<\/a> gro\u017e\u012f mokydamiesi pagrindini\u0173 gramatikos taisykli\u0173. I\u0161mok\u0119 rumun\u0173 kalbos gramatik\u0105 gal\u0117site dr\u0105siai bendrauti ir pa\u017einti turting\u0105 Rumunijos kult\u016br\u0105 bei istorij\u0105. Prad\u0117kite mokytis rumun\u0173 kalbos gramatikos \u0161iandien ir \u017eenkite pirm\u0105j\u012f \u017eingsn\u012f \u012f laisv\u0105 kalb\u0117jim\u0105!<\/p>\r\n\r\n                            <a class=\"getStartedHidden\" href=\"https:\/\/app.talkpal.ai\/lt\/signup?lng=\">Prad\u0117k<\/a>\r\n        \r\n    <\/div>\r\n\r\n    <figure>\r\n    <img decoding=\"async\" width=\"768\" height=\"768\" src=\"https:\/\/talkpal.ai\/wp-content\/uploads\/2023\/06\/romanian-768x768.png\" class=\"languageImage no-lazy\" alt=\"Language learning for intellectual challenge\" fetchpriority=\"high\" sizes=\"(max-width: 768px) 150px, 768px\" srcset=\"https:\/\/talkpal.ai\/wp-content\/uploads\/2023\/06\/romanian-768x768.png 768w, https:\/\/talkpal.ai\/wp-content\/uploads\/2023\/06\/romanian-300x300.png 300w\" \/>\r\n    \r\n\r\n    <\/figure>\r\n\r\n            <a class=\"getStartedVisible\" href=\"https:\/\/app.talkpal.ai\/lt\/signup?lng=\">Prad\u0117k<\/a>\r\n    \r\n<\/section>\r\n<section class=\"promotionalBanner\">\r\n    <p class=\"promotionalText\">Efektyviausias b\u016bdas mokytis kalbos<\/p>\r\n    <a class=\"promotionalLink\" href=\"https:\/\/app.talkpal.ai\/lt\/signup?lng=\">I\u0161bandykite Talkpal &#8221; nemokamai<\/a>\r\n<\/section>\n<div class=\"wp-block-group pageContainerStyle\"><div class=\"wp-block-group__inner-container is-layout-constrained wp-block-group-is-layout-constrained\">\n<h2 class=\"wp-block-heading\" id=\"h-unraveling-the-mysteries-of-romanian-grammar\">Rumun\u0173 kalbos gramatikos paslap\u010di\u0173 atskleidimas<\/h2>\n\n\n\n<p>Rumun\u0173 kalba, vienintel\u0117 roman\u0173 kalba, kuria kalbama Ryt\u0173 Europoje, si\u016blo unikali\u0105 ir \u012fdomi\u0105 kalbin\u0119 kelion\u0119. Rumun\u0173 kalba, apimanti tiek lotyn\u0173, tiek slav\u0173 pasauli\u0173 kult\u016brin\u012f paveld\u0105, turi \u012fsp\u016bding\u0105 istorij\u0105 ir \u012fdomi\u0105 gramatikos sistem\u0105, kuri\u0105 reikia i\u0161tirti. Nesvarbu, ar esate poliglotas, ar tiesiog ie\u0161kote naujo kalbinio nuotykio, prisisekite dir\u017eus ir pasiruo\u0161kite tyrin\u0117ti rumun\u0173 kalbos gramatikos gro\u017e\u012f!<\/p>\n\n\n\n<h3 class=\"wp-block-heading\" id=\"h-1-the-alphabet-a-familiar-friend-with-a-twist\">1. Ab\u0117c\u0117l\u0117: pa\u017e\u012fstamas draugas su pos\u016bkiu<\/h3>\n\n\n\n<p>Rumun\u0173 ab\u0117c\u0117l\u0117 pagr\u012fsta lotyni\u0161kais ra\u0161menimis, kuriuos sudaro 31 raid\u0117. Lietuvi\u0161kai kalban\u010di\u0173j\u0173 laimei, ji gana pana\u0161i \u012f <a href=\"https:\/\/talkpal.ai\/learn-english-with-ai\/\">angl\u0173<\/a> kalbos ab\u0117c\u0117l\u0119, tik su keliais papildomais \u017eenklais, \u017eymin\u010diais specifinius rumun\u0173 kalbos garsus. Turint \u0161iek tiek praktikos, \u012fsisavinti pagrindus (pvz., Ra\u0161yti vard\u0105 ar skaityti gatv\u0117s \u017eenklus) bus lengva!<\/p>\n\n\n\n<h3 class=\"wp-block-heading\" id=\"h-2-nouns-meet-cases-the-dynamic-duo\">2. Daiktavard\u017eiai susitinka su atvejais: dinaminis duetas<\/h3>\n\n\n\n<p>Rumun\u0173 kalbos daiktavard\u017eiai skirstomi \u012f tris lytis (vyri\u0161k\u0105, moteri\u0161k\u0105 ir neuterin\u0119), ir jie kei\u010dia form\u0105 priklausomai nuo gramatinio atvejo (nominacinis, kilminis, dative, akustinis ar \u0161auktinis). Nors i\u0161 prad\u017ei\u0173 <a href=\"https:\/\/talkpal.ai\/learn-thai\/\">tai<\/a> gali atrodyti bauginanti, \u0161i sistema suteikia rumun\u0173 kalbai turtingumo, kuris leid\u017eia niuansuoti ir k\u016brybi\u0161kai kurti sakinius, tod\u0117l j\u016bs\u0173 kalbin\u0117 kelion\u0117 <a href=\"https:\/\/talkpal.ai\/locations\/language-courses-in-tampa\/\">tampa<\/a> dar naudingesn\u0117.<\/p>\n\n\n\n<h3 class=\"wp-block-heading\" id=\"h-3-verbs-conjugating-your-way-to-success\">3. Veiksma\u017eod\u017eiai: j\u016bs\u0173 kelio \u012f s\u0117km\u0119 konjugavimas<\/h3>\n\n\n\n<p>Rumun\u0173 veiksma\u017eod\u017ei\u0173 konjugacija, nors ir \u0161iek tiek paprastesn\u0117 nei daiktavard\u017eio declension, vis dar yra daugialypis procesas. Veiksma\u017eod\u017eiai kei\u010dia form\u0105 priklausomai nuo laiko, nuotaikos, balsio, subjekto asmens ir skai\u010diaus. Kaip ir tiksliai sureguliuotas instrumentas, rumun\u0173 veiksma\u017eod\u017eiai gali perteikti \u012fvairius veiksmus, emocijas ir ketinimus, leid\u017eian\u010dius tiksliai ir poeti\u0161kai i\u0161reik\u0161ti.<\/p>\n\n\n\n<h3 class=\"wp-block-heading\" id=\"h-4-flexible-word-order-shuffle-the-sentences\">4. Lanksti \u017eod\u017ei\u0173 tvarka: mai\u0161ykite sakinius<\/h3>\n\n\n\n<p>Rumun\u0173 kalba yra gana lanksti, <a href=\"https:\/\/talkpal.ai\/locations\/language-courses-in-kai\/\">kai<\/a> kalbama apie \u017eod\u017ei\u0173 tvark\u0105, leid\u017eian\u010di\u0105 \u012fvairiais b\u016bdais i\u0161d\u0117styti dalykus, veiksma\u017eod\u017eius ir objektus, nepa\u017eeid\u017eiant prasm\u0117s. \u0160is lankstumas gali suteikti daugiau akcent\u0173, sukurti kontrastus ar tiesiog padaryti kalb\u0105 patrauklesn\u0119. Geriau i\u0161mok\u0119 rumun\u0173 kalb\u0105, gal\u0117site smagiai eksperimentuoti, ie\u0161kodami \u012fvairi\u0173 b\u016bd\u0173 pasakyti t\u0105 pat\u012f dalyk\u0105 ir rasti tobul\u0105 ton\u0105 bet kurioje situacijoje.<\/p>\n\n\n\n<h3 class=\"wp-block-heading\" id=\"h-5-wading-deeper-language-through-culture\">5. Vata giliau: kalba per kult\u016br\u0105<\/h3>\n\n\n\n<p>Nor\u0117dami i\u0161 tikr\u0173j\u0173 \u012fvertinti rumun\u0173 kalb\u0105, turite pasinerti giliau \u012f kult\u016br\u0105, istorij\u0105 ir m\u0105stysen\u0105, kuri formavo kalb\u0105. Bendraukite su gimt\u0105ja kalba, tyrin\u0117kite rumun\u0173 literat\u016br\u0105 ir pasinerkite \u012f vietinius papro\u010dius bei tradicijas. Taip ne tik patobulinsite savo kalbos \u017einias, bet ir atrasite \u012fvairiapus\u012f Rumunijos kult\u016bros gro\u017e\u012f.<\/p>\n\n\n\n<h3 class=\"wp-block-heading\" id=\"h-in-conclusion-embrace-the-magic-of-romanian-grammar\">Pabaigai: priimkite rumun\u0173 kalbos gramatikos magij\u0105<\/h3>\n\n\n\n<p>I\u0161 prad\u017ei\u0173 <a href=\"https:\/\/talkpal.ai\/romanian-grammar\/\">rumun\u0173 kalbos gramatika<\/a> gali atrodyti kaip m\u012fsl\u0117, ta\u010diau, jei skirsite laiko, kantryb\u0117s ir aktyviai dom\u0117sit\u0117s kalba, atskleisite \u0161io nepaprasto lingvistinio lobio paslaptis. Taigi, kam laukti? Prad\u0117kite savo rumun\u0173 kalbos kelion\u0119 \u0161iandien ir pasim\u0117gaukite jos gramatikos gro\u017eiu, kult\u016bra ir \u017eaviu pasauliu, kur\u012f ji atveria jums.<\/p>\n<\/div><\/div>\n\r\n<section class=\"learnNavigationSection\">\r\n            \r\n        <a href=\"https:\/\/talkpal.ai\/lt\/ismok-rumunu-kalba\/\">\r\n            <div class=\"learnNavigationWrapper\">\r\n                <div class=\"learnNavigationContent\">\r\n                    <img decoding=\"async\" src=\"https:\/\/talkpal.ai\/wp-content\/uploads\/2024\/08\/Romanian.jpg\" alt=\"Romanian Flag\">\r\n                    <div>\r\n                        <h4>Apie rumun\u0173 kalbos mokym\u0105si<\/h4>\r\n                        <p>Su\u017einokite visk\u0105 apie rumun\u0173 kalbos gramatik\u0105.<\/p>\r\n                    <\/div>\r\n                <\/div>\r\n            <\/div>\r\n        <\/a>\r\n\r\n        \r\n        <a href=\"https:\/\/talkpal.ai\/lt\/rumunu-kalbos-gramatikos-pratimai\/\">\r\n            <div class=\"learnNavigationWrapper\">\r\n                <div class=\"learnNavigationContent\">\r\n                    <img decoding=\"async\" src=\"https:\/\/talkpal.ai\/wp-content\/uploads\/2024\/08\/Romanian.jpg\" alt=\"Romanian Flag\">\r\n                    <div>\r\n                        <h4>Rumun\u0173 kalbos gramatikos pratimai<\/h4>\r\n                        <p>Praktikuokite rumun\u0173 kalbos gramatik\u0105.<\/p>\r\n                    <\/div>\r\n                <\/div>\r\n            <\/div>\r\n        <\/a>\r\n\r\n        \r\n        <a href=\"https:\/\/talkpal.ai\/vocabulary_language\/romanian\/\">\r\n            <div class=\"learnNavigationWrapper\">\r\n                <div class=\"learnNavigationContent\">\r\n                    <img decoding=\"async\" src=\"https:\/\/talkpal.ai\/wp-content\/uploads\/2024\/08\/Romanian.jpg\" alt=\"Romanian Flag\">\r\n                    <div>\r\n                        <h4>Rumun\u0173 kalbos \u017eodynas<\/h4>\r\n                        <p>Prapl\u0117skite savo rumun\u0173 kalbos \u017eodyn\u0105.<\/p>\r\n                    <\/div>\r\n                <\/div>\r\n            <\/div>\r\n        <\/a>\r\n\r\n            <\/section>","protected":false},"excerpt":{"rendered":"<p>Rumun\u0173 kalbos gramatikos paslap\u010di\u0173 atskleidimas Rumun\u0173 kalba, vienintel\u0117 roman\u0173 kalba, kuria kalbama Ryt\u0173 Europoje, si\u016blo unikali\u0105 ir \u012fdomi\u0105 kalbin\u0119 kelion\u0119. Rumun\u0173 kalba, apimanti tiek lotyn\u0173, tiek slav\u0173 pasauli\u0173 kult\u016brin\u012f paveld\u0105, turi \u012fsp\u016bding\u0105 istorij\u0105 ir \u012fdomi\u0105 gramatikos sistem\u0105, kuri\u0105 reikia i\u0161tirti. Nesvarbu, ar esate poliglotas, ar tiesiog ie\u0161kote naujo kalbinio nuotykio, prisisekite dir\u017eus ir pasiruo\u0161kite tyrin\u0117ti [&hellip;]<\/p>\n","protected":false},"author":1,"featured_media":117956,"parent":0,"menu_order":0,"comment_status":"closed","ping_status":"closed","template":"LearningContentPage.php","meta":{"_acf_changed":false,"footnotes":""},"class_list":["post-149530","page","type-page","status-publish","has-post-thumbnail","hentry"],"acf":[],"yoast_head":"<!-- This site is optimized with the Yoast SEO Premium plugin v27.2 (Yoast SEO v27.2) - https:\/\/yoast.com\/product\/yoast-seo-premium-wordpress\/ -->\n<title>Rumun\u0173 kalbos gramatika - Talkpal<\/title>\n<meta name=\"description\" content=\"Atraskite \u012fdom\u0173 rumun\u0173 kalbos gramatikos pasaul\u012f ir su\u017einokite unikalius \u0161ios gra\u017eios roman\u0173 kalbos bruo\u017eus.\" \/>\n<meta name=\"robots\" content=\"index, follow, max-snippet:-1, max-image-preview:large, max-video-preview:-1\" \/>\n<link rel=\"canonical\" href=\"https:\/\/talkpal.ai\/lt\/rumunu-kalbos-gramatika\/\" \/>\n<meta property=\"og:locale\" content=\"lt_LT\" \/>\n<meta property=\"og:type\" content=\"article\" \/>\n<meta property=\"og:title\" content=\"Rumun\u0173 kalbos gramatika\" \/>\n<meta property=\"og:description\" content=\"Rumun\u0173 kalbos gramatikos paslap\u010di\u0173 atskleidimas Rumun\u0173 kalba, vienintel\u0117 roman\u0173 kalba, kuria kalbama Ryt\u0173 Europoje, si\u016blo unikali\u0105 ir \u012fdomi\u0105 kalbin\u0119\" \/>\n<meta property=\"og:url\" content=\"https:\/\/talkpal.ai\/lt\/rumunu-kalbos-gramatika\/\" \/>\n<meta property=\"og:site_name\" content=\"Talkpal\" \/>\n<meta property=\"article:publisher\" content=\"https:\/\/www.facebook.com\/profile.php?id=100090733639311\" \/>\n<meta property=\"article:modified_time\" content=\"2025-12-17T15:34:40+00:00\" \/>\n<meta property=\"og:image\" content=\"https:\/\/talkpal.ai\/wp-content\/uploads\/2023\/05\/romania.png\" \/>\n\t<meta property=\"og:image:width\" content=\"512\" \/>\n\t<meta property=\"og:image:height\" content=\"512\" \/>\n\t<meta property=\"og:image:type\" content=\"image\/png\" \/>\n<meta name=\"twitter:card\" content=\"summary_large_image\" \/>\n<meta name=\"twitter:site\" content=\"@talkpalai\" \/>\n<meta name=\"twitter:label1\" content=\"Est. reading time\" \/>\n\t<meta name=\"twitter:data1\" content=\"2 minut\u0117s\" \/>\n<script type=\"application\/ld+json\" class=\"yoast-schema-graph\">{\"@context\":\"https:\/\/schema.org\",\"@graph\":[{\"@type\":\"WebPage\",\"@id\":\"https:\/\/talkpal.ai\/lt\/rumunu-kalbos-gramatika\/\",\"url\":\"https:\/\/talkpal.ai\/lt\/rumunu-kalbos-gramatika\/\",\"name\":\"Rumun\u0173 kalbos gramatika - Talkpal\",\"isPartOf\":{\"@id\":\"https:\/\/talkpal.ai\/lt\/#website\"},\"primaryImageOfPage\":{\"@id\":\"https:\/\/talkpal.ai\/lt\/rumunu-kalbos-gramatika\/#primaryimage\"},\"image\":{\"@id\":\"https:\/\/talkpal.ai\/lt\/rumunu-kalbos-gramatika\/#primaryimage\"},\"thumbnailUrl\":\"https:\/\/talkpal.ai\/wp-content\/uploads\/2023\/05\/romania.png\",\"datePublished\":\"2023-05-14T14:19:07+00:00\",\"dateModified\":\"2025-12-17T15:34:40+00:00\",\"description\":\"Atraskite \u012fdom\u0173 rumun\u0173 kalbos gramatikos pasaul\u012f ir su\u017einokite unikalius \u0161ios gra\u017eios roman\u0173 kalbos bruo\u017eus.\",\"breadcrumb\":{\"@id\":\"https:\/\/talkpal.ai\/lt\/rumunu-kalbos-gramatika\/#breadcrumb\"},\"inLanguage\":\"lt-LT\",\"potentialAction\":[{\"@type\":\"ReadAction\",\"target\":[\"https:\/\/talkpal.ai\/lt\/rumunu-kalbos-gramatika\/\"]}]},{\"@type\":\"ImageObject\",\"inLanguage\":\"lt-LT\",\"@id\":\"https:\/\/talkpal.ai\/lt\/rumunu-kalbos-gramatika\/#primaryimage\",\"url\":\"https:\/\/talkpal.ai\/wp-content\/uploads\/2023\/05\/romania.png\",\"contentUrl\":\"https:\/\/talkpal.ai\/wp-content\/uploads\/2023\/05\/romania.png\",\"width\":512,\"height\":512},{\"@type\":\"BreadcrumbList\",\"@id\":\"https:\/\/talkpal.ai\/lt\/rumunu-kalbos-gramatika\/#breadcrumb\",\"itemListElement\":[{\"@type\":\"ListItem\",\"position\":1,\"name\":\"Homepage\",\"item\":\"https:\/\/talkpal.ai\/lt\/\"},{\"@type\":\"ListItem\",\"position\":2,\"name\":\"Rumun\u0173 kalbos gramatika\"}]},{\"@type\":\"WebSite\",\"@id\":\"https:\/\/talkpal.ai\/lt\/#website\",\"url\":\"https:\/\/talkpal.ai\/lt\/\",\"name\":\"Talkpal\",\"description\":\"AI Language Learning\",\"publisher\":{\"@id\":\"https:\/\/talkpal.ai\/lt\/#organization\"},\"alternateName\":\"Talkpal AI\",\"potentialAction\":[{\"@type\":\"SearchAction\",\"target\":{\"@type\":\"EntryPoint\",\"urlTemplate\":\"https:\/\/talkpal.ai\/lt\/?s={search_term_string}\"},\"query-input\":{\"@type\":\"PropertyValueSpecification\",\"valueRequired\":true,\"valueName\":\"search_term_string\"}}],\"inLanguage\":\"lt-LT\"},{\"@type\":\"Organization\",\"@id\":\"https:\/\/talkpal.ai\/lt\/#organization\",\"name\":\"Talkpal, Inc.\",\"alternateName\":\"Talkpal AI\",\"url\":\"https:\/\/talkpal.ai\/lt\/\",\"logo\":{\"@type\":\"ImageObject\",\"inLanguage\":\"lt-LT\",\"@id\":\"https:\/\/talkpal.ai\/lt\/#\/schema\/logo\/image\/\",\"url\":\"https:\/\/talkpal.ai\/wp-content\/uploads\/2024\/03\/Talkpal-Logo-Icon.png\",\"contentUrl\":\"https:\/\/talkpal.ai\/wp-content\/uploads\/2024\/03\/Talkpal-Logo-Icon.png\",\"width\":2880,\"height\":2880,\"caption\":\"Talkpal, Inc.\"},\"image\":{\"@id\":\"https:\/\/talkpal.ai\/lt\/#\/schema\/logo\/image\/\"},\"sameAs\":[\"https:\/\/www.facebook.com\/profile.php?id=100090733639311\",\"https:\/\/x.com\/talkpalai\",\"https:\/\/www.linkedin.com\/company\/talkpal\/\",\"https:\/\/www.youtube.com\/@TalkPal\/\",\"https:\/\/www.tiktok.com\/@talkpal\",\"https:\/\/www.instagram.com\/talkpal_ai\/\",\"https:\/\/www.crunchbase.com\/organization\/talkpal-9cde\",\"https:\/\/www.g2.com\/products\/talkpal-for-business\/\",\"https:\/\/www.trustpilot.com\/review\/talkpal.ai\",\"https:\/\/www.capterra.com\/p\/10006800\/TalkPal\/\"],\"description\":\"Talkpal is a language learning web and mobile education app, powered by the latest AI technologies, that provides engaging experiences to its customers in many different languages to help them improve their language skills. Users can chat about unlimited amount of topics with the app and use other modes to practice their language learning.\",\"email\":\"support@talkpal.ai\",\"legalName\":\"Talkpal, Inc.\",\"foundingDate\":\"2023-04-03\",\"duns\":\"118989042\",\"numberOfEmployees\":{\"@type\":\"QuantitativeValue\",\"minValue\":\"11\",\"maxValue\":\"50\"},\"publishingPrinciples\":\"https:\/\/talkpal.ai\/publishing-principles\/\",\"actionableFeedbackPolicy\":\"https:\/\/talkpal.ai\/actionable-feedback-policy\/\",\"correctionsPolicy\":\"https:\/\/talkpal.ai\/corrections-policy\/\",\"ethicsPolicy\":\"https:\/\/talkpal.ai\/ethics-policy\/\",\"diversityPolicy\":\"https:\/\/talkpal.ai\/diversity-policy\/\",\"diversityStaffingReport\":\"https:\/\/talkpal.ai\/diversity-policy\/\"}]}<\/script>\n<!-- \/ Yoast SEO Premium plugin. -->","yoast_head_json":{"title":"Rumun\u0173 kalbos gramatika - Talkpal","description":"Atraskite \u012fdom\u0173 rumun\u0173 kalbos gramatikos pasaul\u012f ir su\u017einokite unikalius \u0161ios gra\u017eios roman\u0173 kalbos bruo\u017eus.","robots":{"index":"index","follow":"follow","max-snippet":"max-snippet:-1","max-image-preview":"max-image-preview:large","max-video-preview":"max-video-preview:-1"},"canonical":"https:\/\/talkpal.ai\/lt\/rumunu-kalbos-gramatika\/","og_locale":"lt_LT","og_type":"article","og_title":"Rumun\u0173 kalbos gramatika","og_description":"Rumun\u0173 kalbos gramatikos paslap\u010di\u0173 atskleidimas Rumun\u0173 kalba, vienintel\u0117 roman\u0173 kalba, kuria kalbama Ryt\u0173 Europoje, si\u016blo unikali\u0105 ir \u012fdomi\u0105 kalbin\u0119","og_url":"https:\/\/talkpal.ai\/lt\/rumunu-kalbos-gramatika\/","og_site_name":"Talkpal","article_publisher":"https:\/\/www.facebook.com\/profile.php?id=100090733639311","article_modified_time":"2025-12-17T15:34:40+00:00","og_image":[{"width":512,"height":512,"url":"https:\/\/talkpal.ai\/wp-content\/uploads\/2023\/05\/romania.png","type":"image\/png"}],"twitter_card":"summary_large_image","twitter_site":"@talkpalai","twitter_misc":{"Est. reading time":"2 minut\u0117s"},"schema":{"@context":"https:\/\/schema.org","@graph":[{"@type":"WebPage","@id":"https:\/\/talkpal.ai\/lt\/rumunu-kalbos-gramatika\/","url":"https:\/\/talkpal.ai\/lt\/rumunu-kalbos-gramatika\/","name":"Rumun\u0173 kalbos gramatika - Talkpal","isPartOf":{"@id":"https:\/\/talkpal.ai\/lt\/#website"},"primaryImageOfPage":{"@id":"https:\/\/talkpal.ai\/lt\/rumunu-kalbos-gramatika\/#primaryimage"},"image":{"@id":"https:\/\/talkpal.ai\/lt\/rumunu-kalbos-gramatika\/#primaryimage"},"thumbnailUrl":"https:\/\/talkpal.ai\/wp-content\/uploads\/2023\/05\/romania.png","datePublished":"2023-05-14T14:19:07+00:00","dateModified":"2025-12-17T15:34:40+00:00","description":"Atraskite \u012fdom\u0173 rumun\u0173 kalbos gramatikos pasaul\u012f ir su\u017einokite unikalius \u0161ios gra\u017eios roman\u0173 kalbos bruo\u017eus.","breadcrumb":{"@id":"https:\/\/talkpal.ai\/lt\/rumunu-kalbos-gramatika\/#breadcrumb"},"inLanguage":"lt-LT","potentialAction":[{"@type":"ReadAction","target":["https:\/\/talkpal.ai\/lt\/rumunu-kalbos-gramatika\/"]}]},{"@type":"ImageObject","inLanguage":"lt-LT","@id":"https:\/\/talkpal.ai\/lt\/rumunu-kalbos-gramatika\/#primaryimage","url":"https:\/\/talkpal.ai\/wp-content\/uploads\/2023\/05\/romania.png","contentUrl":"https:\/\/talkpal.ai\/wp-content\/uploads\/2023\/05\/romania.png","width":512,"height":512},{"@type":"BreadcrumbList","@id":"https:\/\/talkpal.ai\/lt\/rumunu-kalbos-gramatika\/#breadcrumb","itemListElement":[{"@type":"ListItem","position":1,"name":"Homepage","item":"https:\/\/talkpal.ai\/lt\/"},{"@type":"ListItem","position":2,"name":"Rumun\u0173 kalbos gramatika"}]},{"@type":"WebSite","@id":"https:\/\/talkpal.ai\/lt\/#website","url":"https:\/\/talkpal.ai\/lt\/","name":"Talkpal","description":"AI Language Learning","publisher":{"@id":"https:\/\/talkpal.ai\/lt\/#organization"},"alternateName":"Talkpal AI","potentialAction":[{"@type":"SearchAction","target":{"@type":"EntryPoint","urlTemplate":"https:\/\/talkpal.ai\/lt\/?s={search_term_string}"},"query-input":{"@type":"PropertyValueSpecification","valueRequired":true,"valueName":"search_term_string"}}],"inLanguage":"lt-LT"},{"@type":"Organization","@id":"https:\/\/talkpal.ai\/lt\/#organization","name":"Talkpal, Inc.","alternateName":"Talkpal AI","url":"https:\/\/talkpal.ai\/lt\/","logo":{"@type":"ImageObject","inLanguage":"lt-LT","@id":"https:\/\/talkpal.ai\/lt\/#\/schema\/logo\/image\/","url":"https:\/\/talkpal.ai\/wp-content\/uploads\/2024\/03\/Talkpal-Logo-Icon.png","contentUrl":"https:\/\/talkpal.ai\/wp-content\/uploads\/2024\/03\/Talkpal-Logo-Icon.png","width":2880,"height":2880,"caption":"Talkpal, Inc."},"image":{"@id":"https:\/\/talkpal.ai\/lt\/#\/schema\/logo\/image\/"},"sameAs":["https:\/\/www.facebook.com\/profile.php?id=100090733639311","https:\/\/x.com\/talkpalai","https:\/\/www.linkedin.com\/company\/talkpal\/","https:\/\/www.youtube.com\/@TalkPal\/","https:\/\/www.tiktok.com\/@talkpal","https:\/\/www.instagram.com\/talkpal_ai\/","https:\/\/www.crunchbase.com\/organization\/talkpal-9cde","https:\/\/www.g2.com\/products\/talkpal-for-business\/","https:\/\/www.trustpilot.com\/review\/talkpal.ai","https:\/\/www.capterra.com\/p\/10006800\/TalkPal\/"],"description":"Talkpal is a language learning web and mobile education app, powered by the latest AI technologies, that provides engaging experiences to its customers in many different languages to help them improve their language skills. Users can chat about unlimited amount of topics with the app and use other modes to practice their language learning.","email":"support@talkpal.ai","legalName":"Talkpal, Inc.","foundingDate":"2023-04-03","duns":"118989042","numberOfEmployees":{"@type":"QuantitativeValue","minValue":"11","maxValue":"50"},"publishingPrinciples":"https:\/\/talkpal.ai\/publishing-principles\/","actionableFeedbackPolicy":"https:\/\/talkpal.ai\/actionable-feedback-policy\/","correctionsPolicy":"https:\/\/talkpal.ai\/corrections-policy\/","ethicsPolicy":"https:\/\/talkpal.ai\/ethics-policy\/","diversityPolicy":"https:\/\/talkpal.ai\/diversity-policy\/","diversityStaffingReport":"https:\/\/talkpal.ai\/diversity-policy\/"}]}},"_links":{"self":[{"href":"https:\/\/talkpal.ai\/lt\/wp-json\/wp\/v2\/pages\/149530","targetHints":{"allow":["GET"]}}],"collection":[{"href":"https:\/\/talkpal.ai\/lt\/wp-json\/wp\/v2\/pages"}],"about":[{"href":"https:\/\/talkpal.ai\/lt\/wp-json\/wp\/v2\/types\/page"}],"author":[{"embeddable":true,"href":"https:\/\/talkpal.ai\/lt\/wp-json\/wp\/v2\/users\/1"}],"replies":[{"embeddable":true,"href":"https:\/\/talkpal.ai\/lt\/wp-json\/wp\/v2\/comments?post=149530"}],"version-history":[{"count":0,"href":"https:\/\/talkpal.ai\/lt\/wp-json\/wp\/v2\/pages\/149530\/revisions"}],"wp:featuredmedia":[{"embeddable":true,"href":"https:\/\/talkpal.ai\/lt\/wp-json\/wp\/v2\/media\/117956"}],"wp:attachment":[{"href":"https:\/\/talkpal.ai\/lt\/wp-json\/wp\/v2\/media?parent=149530"}],"curies":[{"name":"wp","href":"https:\/\/api.w.org\/{rel}","templated":true}]}}