{"id":149160,"date":"2023-05-14T14:18:46","date_gmt":"2023-05-14T14:18:46","guid":{"rendered":"http:\/\/talkpal.ai\/lenku-kalbos-gramatika\/"},"modified":"2025-12-17T17:15:37","modified_gmt":"2025-12-17T17:15:37","slug":"lenku-kalbos-gramatika","status":"publish","type":"page","link":"https:\/\/talkpal.ai\/lt\/lenku-kalbos-gramatika\/","title":{"rendered":"Lenk\u0173 kalbos gramatika"},"content":{"rendered":"\r\n\r\n\r\n<section class=\"languageChallengeSection\">\r\n    <div class=\"languageInfoWrapper\">\r\n        \r\n        <h1>Lenk\u0173 kalbos gramatika<\/h1>\r\n        <p>Pasinerkite \u012f \u017eav\u0173 <a href=\"https:\/\/talkpal.ai\/learn-polish\/\">lenk\u0173<\/a> <a href=\"https:\/\/talkpal.ai\/what-language-is-spoken-on-the-international-space-station\/\">kalbos<\/a> gramatikos pasaul\u012f ir su\u017einokite vienos i\u0161 labiausiai paplitusi\u0173 Vidurio Europos kalb\u0173 pagrindus. I\u0161mok\u0119 pagrindines taisykles, gal\u0117site veiksmingiau bendrauti ir geriau pa\u017einti lenk\u0173 kult\u016br\u0105. Prad\u0117kite mokytis lenk\u0173 kalbos gramatikos \u0161iandien ir \u017eenkite pirm\u0105j\u012f \u017eingsn\u012f \u012f skland\u0173 kalb\u0117jim\u0105!<\/p>\r\n\r\n                            <a class=\"getStartedHidden\" href=\"https:\/\/app.talkpal.ai\/lt\/signup?lng=\">Prad\u0117k<\/a>\r\n        \r\n    <\/div>\r\n\r\n    <figure>\r\n    <img decoding=\"async\" width=\"768\" height=\"768\" src=\"https:\/\/talkpal.ai\/wp-content\/uploads\/2023\/06\/polish-768x768.png\" class=\"languageImage no-lazy\" alt=\"Practical tips on language learning techniques\" fetchpriority=\"high\" sizes=\"(max-width: 768px) 150px, 768px\" srcset=\"https:\/\/talkpal.ai\/wp-content\/uploads\/2023\/06\/polish-768x768.png 768w, https:\/\/talkpal.ai\/wp-content\/uploads\/2023\/06\/polish-300x300.png 300w\" \/>\r\n    \r\n\r\n    <\/figure>\r\n\r\n            <a class=\"getStartedVisible\" href=\"https:\/\/app.talkpal.ai\/lt\/signup?lng=\">Prad\u0117k<\/a>\r\n    \r\n<\/section>\r\n<section class=\"promotionalBanner\">\r\n    <p class=\"promotionalText\">Efektyviausias b\u016bdas mokytis kalbos<\/p>\r\n    <a class=\"promotionalLink\" href=\"https:\/\/app.talkpal.ai\/lt\/signup?lng=\">I\u0161bandykite Talkpal &#8221; nemokamai<\/a>\r\n<\/section>\n<div class=\"wp-block-group pageContainerStyle\"><div class=\"wp-block-group__inner-container is-layout-constrained wp-block-group-is-layout-constrained\">\n<h2 class=\"wp-block-heading\" id=\"h-breaking-down-the-puzzle-of-polish-grammar\">Lenk\u0173 kalbos gramatikos d\u0117lion\u0117s suskaidymas<\/h2>\n\n\n\n<p>Lenk\u0173 kalba, slav\u0173 kalba, yra ir sud\u0117tinga, ir naudinga besimokantiems kalb\u0173, ie\u0161kantiems unikalaus kalbinio nuotykio. Pasinerdami \u012f <a href=\"https:\/\/talkpal.ai\/lt\/ismok-lenku-kalba\/\">lenk\u0173 kalb\u0105<\/a>, atrasite \u012fsp\u016bding\u0105 istorij\u0105 ir kult\u016br\u0105, papildan\u010di\u0105 pa\u010dios kalbos turtingum\u0105. Nors lenk\u0173 kalbos <a href=\"https:\/\/talkpal.ai\/sq\/gramatika\/\">gramatika<\/a> gali atrodyti sud\u0117tinga, jos dekonstravimas \u012f valdomus elementus daro mokymosi proces\u0105 prieinamesn\u012f. \u0160io straipsnio tikslas \u2013 supa\u017eindinti jus su \u017eaviu lenk\u0173 kalbos gramatikos pasauliu ir pateikti patarim\u0173, kaip \u012fveikti jos sud\u0117tingum\u0105.<\/p>\n\n\n\n<h3 class=\"wp-block-heading\" id=\"h-1-noun-gender-and-cases\">1. Daiktavardis Lytis ir atvejai<\/h3>\n\n\n\n<p>Lenk\u0173 kalbos daiktavard\u017eiai turi gramatines lytis &#8211; vyri\u0161k\u0105j\u0105, moteri\u0161k\u0105j\u0105 ir gimin\u0119 &#8211; kurios turi \u012ftakos juos lydin\u010di\u0173 b\u016bdvard\u017ei\u0173, \u012fvard\u017ei\u0173 ir veiksma\u017eod\u017ei\u0173 formoms. Be to, lenk\u0173 kalboje yra septyni gramatiniai atvejai: nominacinis, kilminis, dative, akustinis, instrumentinis, lokacinis ir garsinis. Norint suprasti ir konstruoti tikslius lenki\u0161kus sakinius, labai svarbu susipa\u017einti su lyties ir atvej\u0173 sistema.<\/p>\n\n\n\n<h3 class=\"wp-block-heading\" id=\"h-2-verb-conjugation-person-tense-and-aspect\">2. Veiksma\u017eod\u017eio konjugacija: asmuo, \u012ftampa ir aspektas<\/h3>\n\n\n\n<p>Lenk\u0173 veiksma\u017eod\u017eiai turi b\u016bti konjuguoti pagal \u012ftamp\u0105, aspekt\u0105 ir asmen\u012f (pirm\u0105, antr\u0105 ar tre\u010di\u0105). Yra trys pagrindiniai laikai: dabartis, praeitis ir ateitis. Be to, lenk\u0173 veiksma\u017eod\u017eiai turi du aspektus: tobul\u0105 (u\u017ebaigtiems veiksmams) ir netobul\u0105 (vykdomiems ar \u012fprastai atliekamiems veiksmams). \u0160i\u0173 konjugacijos taisykli\u0173 \u012fvaldymas \u017eymiai pagerins j\u016bs\u0173 \u017eodinio bendravimo \u012fg\u016bd\u017eius lenk\u0173 kalba.<\/p>\n\n\n\n<h3 class=\"wp-block-heading\" id=\"h-3-adjectives-agreement-and-placement\">3. B\u016bdvard\u017eiai: susitarimas ir vieta<\/h3>\n\n\n\n<p>Lenki\u0161ki b\u016bdvard\u017eiai turi sutapti su daiktavard\u017eiu, kur\u012f jie modifikuoja d\u0117l lyties, skai\u010diaus ir atvejo. B\u016bdvard\u017eiai paprastai eina prie\u0161 daiktavard\u012f, suteikdami esmin\u012f apra\u0161om\u0105j\u012f sakinio kontekst\u0105.<\/p>\n\n\n\n<p>Pavyzd\u017eiai:<\/p>\n\n\n\n<p>&#8211; czerwona sukienka (raudona suknel\u0117)<\/p>\n\n\n\n<p>&#8211; pi\u0119kny ogr\u00f3d (gra\u017eus sodas)<\/p>\n\n\n\n<h3 class=\"wp-block-heading\" id=\"h-4-pronouns-types-and-uses\">4. \u012evard\u017eiai: tipai ir panaudojimas<\/h3>\n\n\n\n<p>Lenk\u0173 \u012fvard\u017eiai b\u016bna \u012fvairi\u0173 form\u0173, \u012fskaitant asmeninius, savininki\u0161kus, refleksyvius, demonstratyvius ir klausiamuosius \u012fvard\u017eius. Suprasdami, kaip ir kada naudoti \u0161iuos \u012fvard\u017eius, j\u016bs\u0173 lenk\u0173 kalbos gramatika taps tikslesn\u0117 ir pagerins bendruosius kalbos \u012fg\u016bd\u017eius.<\/p>\n\n\n\n<h3 class=\"wp-block-heading\" id=\"h-5-negation-conveying-the-opposite\">5. Neigimas: prie\u0161ingo perteikimas<\/h3>\n\n\n\n<p>Lenk\u0173 kalbos gramatikoje <a href=\"https:\/\/talkpal.ai\/lt\/grammar\/vokieciu-kalbos-gramatikos-neigimas\/\">neigimas<\/a> vartojamas prie\u0161 veiksma\u017eod\u017eius, b\u016bdvard\u017eius, prieveiksmius ar \u012fvard\u017eius pridedant \u017eod\u012f &#8222;nie&#8221;. Ta\u010diau specialios taisykl\u0117s taikomos paneigiant sakinius su daiktavard\u017eiais, kuriems gali prireikti papildomos prielinksnio ar kitokios daiktavard\u017eio formos. Pripa\u017eindami \u0161iuos neigimo modelius, gal\u0117site ai\u0161kiai perteikti savo numatyt\u0105 prasm\u0119 lenk\u0173 kalba.<\/p>\n\n\n\n<h3 class=\"wp-block-heading\" id=\"h-6-engage-with-the-language\">6. Bendraukite su kalba<\/h3>\n\n\n\n<p>Veiksmingiausias b\u016bdas suvokti ir internalizuoti lenk\u0173 kalbos gramatik\u0105 yra reguliariai bendrauti su kalba. Skaitydami lenk\u0173 literat\u016br\u0105, \u017ei\u016br\u0117dami lenk\u0173 filmus ar aktyviai bendraudami su gimt\u0105ja kalba, pasinerdami \u012f \u012fvairius kontekstus, sustiprinsite gramatikos supratim\u0105 ir i\u0161pl\u0117site \u017eodyn\u0105.<\/p>\n\n\n\n<h3 class=\"wp-block-heading\" id=\"h-conclusion\">I\u0161vada<\/h3>\n\n\n\n<p>Nors lenk\u0173 kalbos gramatika gali atrodyti paini, nuoseklus jos praktikavimas ir laipsni\u0161kas jos sprendimas pad\u0117s jums i\u0161mokti \u0161i\u0105 unikali\u0105 kalb\u0105. Priimkite i\u0161\u0161\u016bk\u012f prad\u0117dami savo lenk\u0173 kalbos kelion\u0119, ir netrukus pasteb\u0117site, kad u\u017etikrintai dekoduojate jos gramatikos subtilybes. S\u0117km\u0117s studijuojant ir m\u0117gaukit\u0117s tyrin\u0117dami lenk\u0173 kalbos gramatikos sluoksnius!<\/p>\n<\/div><\/div>\n\r\n<section class=\"learnNavigationSection\">\r\n            \r\n        <a href=\"https:\/\/talkpal.ai\/lt\/ismok-lenku-kalba\/\">\r\n            <div class=\"learnNavigationWrapper\">\r\n                <div class=\"learnNavigationContent\">\r\n                    <img decoding=\"async\" src=\"https:\/\/talkpal.ai\/wp-content\/uploads\/2024\/08\/Polish.jpg\" alt=\"Polish Flag\">\r\n                    <div>\r\n                        <h4>Apie lenk\u0173 kalbos mokym\u0105si<\/h4>\r\n                        <p>Su\u017einokite visk\u0105 apie lenk\u0173 kalbos gramatik\u0105.<\/p>\r\n                    <\/div>\r\n                <\/div>\r\n            <\/div>\r\n        <\/a>\r\n\r\n        \r\n        <a href=\"https:\/\/talkpal.ai\/lt\/lenku-kalbos-gramatikos-pratimai\/\">\r\n            <div class=\"learnNavigationWrapper\">\r\n                <div class=\"learnNavigationContent\">\r\n                    <img decoding=\"async\" src=\"https:\/\/talkpal.ai\/wp-content\/uploads\/2024\/08\/Polish.jpg\" alt=\"Polish Flag\">\r\n                    <div>\r\n                        <h4>Lenk\u0173 kalbos gramatikos pratimai<\/h4>\r\n                        <p>Praktikuokite lenk\u0173 kalbos gramatik\u0105.<\/p>\r\n                    <\/div>\r\n                <\/div>\r\n            <\/div>\r\n        <\/a>\r\n\r\n        \r\n        <a href=\"https:\/\/talkpal.ai\/vocabulary_language\/polish\/\">\r\n            <div class=\"learnNavigationWrapper\">\r\n                <div class=\"learnNavigationContent\">\r\n                    <img decoding=\"async\" src=\"https:\/\/talkpal.ai\/wp-content\/uploads\/2024\/08\/Polish.jpg\" alt=\"Polish Flag\">\r\n                    <div>\r\n                        <h4>Lenk\u0173 kalbos \u017eodynas<\/h4>\r\n                        <p>Prapl\u0117skite savo lenk\u0173 kalbos \u017eodyn\u0105.<\/p>\r\n                    <\/div>\r\n                <\/div>\r\n            <\/div>\r\n        <\/a>\r\n\r\n            <\/section>","protected":false},"excerpt":{"rendered":"<p>Lenk\u0173 kalbos gramatikos d\u0117lion\u0117s suskaidymas Lenk\u0173 kalba, slav\u0173 kalba, yra ir sud\u0117tinga, ir naudinga besimokantiems kalb\u0173, ie\u0161kantiems unikalaus kalbinio nuotykio. Pasinerdami \u012f lenk\u0173 kalb\u0105, atrasite \u012fsp\u016bding\u0105 istorij\u0105 ir kult\u016br\u0105, papildan\u010di\u0105 pa\u010dios kalbos turtingum\u0105. Nors lenk\u0173 kalbos gramatika gali atrodyti sud\u0117tinga, jos dekonstravimas \u012f valdomus elementus daro mokymosi proces\u0105 prieinamesn\u012f. \u0160io straipsnio tikslas \u2013 supa\u017eindinti jus [&hellip;]<\/p>\n","protected":false},"author":1,"featured_media":117760,"parent":0,"menu_order":0,"comment_status":"closed","ping_status":"closed","template":"LearningContentPage.php","meta":{"_acf_changed":false,"footnotes":""},"class_list":["post-149160","page","type-page","status-publish","has-post-thumbnail","hentry"],"acf":[],"yoast_head":"<!-- This site is optimized with the Yoast SEO Premium plugin v27.2 (Yoast SEO v27.2) - https:\/\/yoast.com\/product\/yoast-seo-premium-wordpress\/ -->\n<title>Lenk\u0173 kalbos gramatika - Talkpal<\/title>\n<meta name=\"description\" content=\"\u012evaldykite lenk\u0173 kalbos gramatik\u0105 naudodami interaktyvius pratimus, skirtus visiems mokymosi lygiams. Pagerinkite savo lenk\u0173 kalbos \u012fg\u016bd\u017eius!\" \/>\n<meta name=\"robots\" content=\"index, follow, max-snippet:-1, max-image-preview:large, max-video-preview:-1\" \/>\n<link rel=\"canonical\" href=\"https:\/\/talkpal.ai\/lt\/lenku-kalbos-gramatika\/\" \/>\n<meta property=\"og:locale\" content=\"lt_LT\" \/>\n<meta property=\"og:type\" content=\"article\" \/>\n<meta property=\"og:title\" content=\"Lenk\u0173 kalbos gramatika\" \/>\n<meta property=\"og:description\" content=\"Lenk\u0173 kalbos gramatikos d\u0117lion\u0117s suskaidymas Lenk\u0173 kalba, slav\u0173 kalba, yra ir sud\u0117tinga, ir naudinga besimokantiems kalb\u0173, ie\u0161kantiems unikalaus kalbinio\" \/>\n<meta property=\"og:url\" content=\"https:\/\/talkpal.ai\/lt\/lenku-kalbos-gramatika\/\" \/>\n<meta property=\"og:site_name\" content=\"Talkpal\" \/>\n<meta property=\"article:publisher\" content=\"https:\/\/www.facebook.com\/profile.php?id=100090733639311\" \/>\n<meta property=\"article:modified_time\" content=\"2025-12-17T17:15:37+00:00\" \/>\n<meta property=\"og:image\" content=\"https:\/\/talkpal.ai\/wp-content\/uploads\/2023\/05\/poland.png\" \/>\n\t<meta property=\"og:image:width\" content=\"512\" \/>\n\t<meta property=\"og:image:height\" content=\"512\" \/>\n\t<meta property=\"og:image:type\" content=\"image\/png\" \/>\n<meta name=\"twitter:card\" content=\"summary_large_image\" \/>\n<meta name=\"twitter:site\" content=\"@talkpalai\" \/>\n<meta name=\"twitter:label1\" content=\"Est. reading time\" \/>\n\t<meta name=\"twitter:data1\" content=\"2 minut\u0117s\" \/>\n<script type=\"application\/ld+json\" class=\"yoast-schema-graph\">{\"@context\":\"https:\/\/schema.org\",\"@graph\":[{\"@type\":\"WebPage\",\"@id\":\"https:\/\/talkpal.ai\/lt\/lenku-kalbos-gramatika\/\",\"url\":\"https:\/\/talkpal.ai\/lt\/lenku-kalbos-gramatika\/\",\"name\":\"Lenk\u0173 kalbos gramatika - Talkpal\",\"isPartOf\":{\"@id\":\"https:\/\/talkpal.ai\/lt\/#website\"},\"primaryImageOfPage\":{\"@id\":\"https:\/\/talkpal.ai\/lt\/lenku-kalbos-gramatika\/#primaryimage\"},\"image\":{\"@id\":\"https:\/\/talkpal.ai\/lt\/lenku-kalbos-gramatika\/#primaryimage\"},\"thumbnailUrl\":\"https:\/\/talkpal.ai\/wp-content\/uploads\/2023\/05\/poland.png\",\"datePublished\":\"2023-05-14T14:18:46+00:00\",\"dateModified\":\"2025-12-17T17:15:37+00:00\",\"description\":\"\u012evaldykite lenk\u0173 kalbos gramatik\u0105 naudodami interaktyvius pratimus, skirtus visiems mokymosi lygiams. Pagerinkite savo lenk\u0173 kalbos \u012fg\u016bd\u017eius!\",\"breadcrumb\":{\"@id\":\"https:\/\/talkpal.ai\/lt\/lenku-kalbos-gramatika\/#breadcrumb\"},\"inLanguage\":\"lt-LT\",\"potentialAction\":[{\"@type\":\"ReadAction\",\"target\":[\"https:\/\/talkpal.ai\/lt\/lenku-kalbos-gramatika\/\"]}]},{\"@type\":\"ImageObject\",\"inLanguage\":\"lt-LT\",\"@id\":\"https:\/\/talkpal.ai\/lt\/lenku-kalbos-gramatika\/#primaryimage\",\"url\":\"https:\/\/talkpal.ai\/wp-content\/uploads\/2023\/05\/poland.png\",\"contentUrl\":\"https:\/\/talkpal.ai\/wp-content\/uploads\/2023\/05\/poland.png\",\"width\":512,\"height\":512},{\"@type\":\"BreadcrumbList\",\"@id\":\"https:\/\/talkpal.ai\/lt\/lenku-kalbos-gramatika\/#breadcrumb\",\"itemListElement\":[{\"@type\":\"ListItem\",\"position\":1,\"name\":\"Homepage\",\"item\":\"https:\/\/talkpal.ai\/lt\/\"},{\"@type\":\"ListItem\",\"position\":2,\"name\":\"Lenk\u0173 kalbos gramatika\"}]},{\"@type\":\"WebSite\",\"@id\":\"https:\/\/talkpal.ai\/lt\/#website\",\"url\":\"https:\/\/talkpal.ai\/lt\/\",\"name\":\"Talkpal\",\"description\":\"AI Language Learning\",\"publisher\":{\"@id\":\"https:\/\/talkpal.ai\/lt\/#organization\"},\"alternateName\":\"Talkpal AI\",\"potentialAction\":[{\"@type\":\"SearchAction\",\"target\":{\"@type\":\"EntryPoint\",\"urlTemplate\":\"https:\/\/talkpal.ai\/lt\/?s={search_term_string}\"},\"query-input\":{\"@type\":\"PropertyValueSpecification\",\"valueRequired\":true,\"valueName\":\"search_term_string\"}}],\"inLanguage\":\"lt-LT\"},{\"@type\":\"Organization\",\"@id\":\"https:\/\/talkpal.ai\/lt\/#organization\",\"name\":\"Talkpal, Inc.\",\"alternateName\":\"Talkpal AI\",\"url\":\"https:\/\/talkpal.ai\/lt\/\",\"logo\":{\"@type\":\"ImageObject\",\"inLanguage\":\"lt-LT\",\"@id\":\"https:\/\/talkpal.ai\/lt\/#\/schema\/logo\/image\/\",\"url\":\"https:\/\/talkpal.ai\/wp-content\/uploads\/2024\/03\/Talkpal-Logo-Icon.png\",\"contentUrl\":\"https:\/\/talkpal.ai\/wp-content\/uploads\/2024\/03\/Talkpal-Logo-Icon.png\",\"width\":2880,\"height\":2880,\"caption\":\"Talkpal, Inc.\"},\"image\":{\"@id\":\"https:\/\/talkpal.ai\/lt\/#\/schema\/logo\/image\/\"},\"sameAs\":[\"https:\/\/www.facebook.com\/profile.php?id=100090733639311\",\"https:\/\/x.com\/talkpalai\",\"https:\/\/www.linkedin.com\/company\/talkpal\/\",\"https:\/\/www.youtube.com\/@TalkPal\/\",\"https:\/\/www.tiktok.com\/@talkpal\",\"https:\/\/www.instagram.com\/talkpal_ai\/\",\"https:\/\/www.crunchbase.com\/organization\/talkpal-9cde\",\"https:\/\/www.g2.com\/products\/talkpal-for-business\/\",\"https:\/\/www.trustpilot.com\/review\/talkpal.ai\",\"https:\/\/www.capterra.com\/p\/10006800\/TalkPal\/\"],\"description\":\"Talkpal is a language learning web and mobile education app, powered by the latest AI technologies, that provides engaging experiences to its customers in many different languages to help them improve their language skills. Users can chat about unlimited amount of topics with the app and use other modes to practice their language learning.\",\"email\":\"support@talkpal.ai\",\"legalName\":\"Talkpal, Inc.\",\"foundingDate\":\"2023-04-03\",\"duns\":\"118989042\",\"numberOfEmployees\":{\"@type\":\"QuantitativeValue\",\"minValue\":\"11\",\"maxValue\":\"50\"},\"publishingPrinciples\":\"https:\/\/talkpal.ai\/publishing-principles\/\",\"actionableFeedbackPolicy\":\"https:\/\/talkpal.ai\/actionable-feedback-policy\/\",\"correctionsPolicy\":\"https:\/\/talkpal.ai\/corrections-policy\/\",\"ethicsPolicy\":\"https:\/\/talkpal.ai\/ethics-policy\/\",\"diversityPolicy\":\"https:\/\/talkpal.ai\/diversity-policy\/\",\"diversityStaffingReport\":\"https:\/\/talkpal.ai\/diversity-policy\/\"}]}<\/script>\n<!-- \/ Yoast SEO Premium plugin. -->","yoast_head_json":{"title":"Lenk\u0173 kalbos gramatika - Talkpal","description":"\u012evaldykite lenk\u0173 kalbos gramatik\u0105 naudodami interaktyvius pratimus, skirtus visiems mokymosi lygiams. Pagerinkite savo lenk\u0173 kalbos \u012fg\u016bd\u017eius!","robots":{"index":"index","follow":"follow","max-snippet":"max-snippet:-1","max-image-preview":"max-image-preview:large","max-video-preview":"max-video-preview:-1"},"canonical":"https:\/\/talkpal.ai\/lt\/lenku-kalbos-gramatika\/","og_locale":"lt_LT","og_type":"article","og_title":"Lenk\u0173 kalbos gramatika","og_description":"Lenk\u0173 kalbos gramatikos d\u0117lion\u0117s suskaidymas Lenk\u0173 kalba, slav\u0173 kalba, yra ir sud\u0117tinga, ir naudinga besimokantiems kalb\u0173, ie\u0161kantiems unikalaus kalbinio","og_url":"https:\/\/talkpal.ai\/lt\/lenku-kalbos-gramatika\/","og_site_name":"Talkpal","article_publisher":"https:\/\/www.facebook.com\/profile.php?id=100090733639311","article_modified_time":"2025-12-17T17:15:37+00:00","og_image":[{"width":512,"height":512,"url":"https:\/\/talkpal.ai\/wp-content\/uploads\/2023\/05\/poland.png","type":"image\/png"}],"twitter_card":"summary_large_image","twitter_site":"@talkpalai","twitter_misc":{"Est. reading time":"2 minut\u0117s"},"schema":{"@context":"https:\/\/schema.org","@graph":[{"@type":"WebPage","@id":"https:\/\/talkpal.ai\/lt\/lenku-kalbos-gramatika\/","url":"https:\/\/talkpal.ai\/lt\/lenku-kalbos-gramatika\/","name":"Lenk\u0173 kalbos gramatika - Talkpal","isPartOf":{"@id":"https:\/\/talkpal.ai\/lt\/#website"},"primaryImageOfPage":{"@id":"https:\/\/talkpal.ai\/lt\/lenku-kalbos-gramatika\/#primaryimage"},"image":{"@id":"https:\/\/talkpal.ai\/lt\/lenku-kalbos-gramatika\/#primaryimage"},"thumbnailUrl":"https:\/\/talkpal.ai\/wp-content\/uploads\/2023\/05\/poland.png","datePublished":"2023-05-14T14:18:46+00:00","dateModified":"2025-12-17T17:15:37+00:00","description":"\u012evaldykite lenk\u0173 kalbos gramatik\u0105 naudodami interaktyvius pratimus, skirtus visiems mokymosi lygiams. Pagerinkite savo lenk\u0173 kalbos \u012fg\u016bd\u017eius!","breadcrumb":{"@id":"https:\/\/talkpal.ai\/lt\/lenku-kalbos-gramatika\/#breadcrumb"},"inLanguage":"lt-LT","potentialAction":[{"@type":"ReadAction","target":["https:\/\/talkpal.ai\/lt\/lenku-kalbos-gramatika\/"]}]},{"@type":"ImageObject","inLanguage":"lt-LT","@id":"https:\/\/talkpal.ai\/lt\/lenku-kalbos-gramatika\/#primaryimage","url":"https:\/\/talkpal.ai\/wp-content\/uploads\/2023\/05\/poland.png","contentUrl":"https:\/\/talkpal.ai\/wp-content\/uploads\/2023\/05\/poland.png","width":512,"height":512},{"@type":"BreadcrumbList","@id":"https:\/\/talkpal.ai\/lt\/lenku-kalbos-gramatika\/#breadcrumb","itemListElement":[{"@type":"ListItem","position":1,"name":"Homepage","item":"https:\/\/talkpal.ai\/lt\/"},{"@type":"ListItem","position":2,"name":"Lenk\u0173 kalbos gramatika"}]},{"@type":"WebSite","@id":"https:\/\/talkpal.ai\/lt\/#website","url":"https:\/\/talkpal.ai\/lt\/","name":"Talkpal","description":"AI Language Learning","publisher":{"@id":"https:\/\/talkpal.ai\/lt\/#organization"},"alternateName":"Talkpal AI","potentialAction":[{"@type":"SearchAction","target":{"@type":"EntryPoint","urlTemplate":"https:\/\/talkpal.ai\/lt\/?s={search_term_string}"},"query-input":{"@type":"PropertyValueSpecification","valueRequired":true,"valueName":"search_term_string"}}],"inLanguage":"lt-LT"},{"@type":"Organization","@id":"https:\/\/talkpal.ai\/lt\/#organization","name":"Talkpal, Inc.","alternateName":"Talkpal AI","url":"https:\/\/talkpal.ai\/lt\/","logo":{"@type":"ImageObject","inLanguage":"lt-LT","@id":"https:\/\/talkpal.ai\/lt\/#\/schema\/logo\/image\/","url":"https:\/\/talkpal.ai\/wp-content\/uploads\/2024\/03\/Talkpal-Logo-Icon.png","contentUrl":"https:\/\/talkpal.ai\/wp-content\/uploads\/2024\/03\/Talkpal-Logo-Icon.png","width":2880,"height":2880,"caption":"Talkpal, Inc."},"image":{"@id":"https:\/\/talkpal.ai\/lt\/#\/schema\/logo\/image\/"},"sameAs":["https:\/\/www.facebook.com\/profile.php?id=100090733639311","https:\/\/x.com\/talkpalai","https:\/\/www.linkedin.com\/company\/talkpal\/","https:\/\/www.youtube.com\/@TalkPal\/","https:\/\/www.tiktok.com\/@talkpal","https:\/\/www.instagram.com\/talkpal_ai\/","https:\/\/www.crunchbase.com\/organization\/talkpal-9cde","https:\/\/www.g2.com\/products\/talkpal-for-business\/","https:\/\/www.trustpilot.com\/review\/talkpal.ai","https:\/\/www.capterra.com\/p\/10006800\/TalkPal\/"],"description":"Talkpal is a language learning web and mobile education app, powered by the latest AI technologies, that provides engaging experiences to its customers in many different languages to help them improve their language skills. Users can chat about unlimited amount of topics with the app and use other modes to practice their language learning.","email":"support@talkpal.ai","legalName":"Talkpal, Inc.","foundingDate":"2023-04-03","duns":"118989042","numberOfEmployees":{"@type":"QuantitativeValue","minValue":"11","maxValue":"50"},"publishingPrinciples":"https:\/\/talkpal.ai\/publishing-principles\/","actionableFeedbackPolicy":"https:\/\/talkpal.ai\/actionable-feedback-policy\/","correctionsPolicy":"https:\/\/talkpal.ai\/corrections-policy\/","ethicsPolicy":"https:\/\/talkpal.ai\/ethics-policy\/","diversityPolicy":"https:\/\/talkpal.ai\/diversity-policy\/","diversityStaffingReport":"https:\/\/talkpal.ai\/diversity-policy\/"}]}},"_links":{"self":[{"href":"https:\/\/talkpal.ai\/lt\/wp-json\/wp\/v2\/pages\/149160","targetHints":{"allow":["GET"]}}],"collection":[{"href":"https:\/\/talkpal.ai\/lt\/wp-json\/wp\/v2\/pages"}],"about":[{"href":"https:\/\/talkpal.ai\/lt\/wp-json\/wp\/v2\/types\/page"}],"author":[{"embeddable":true,"href":"https:\/\/talkpal.ai\/lt\/wp-json\/wp\/v2\/users\/1"}],"replies":[{"embeddable":true,"href":"https:\/\/talkpal.ai\/lt\/wp-json\/wp\/v2\/comments?post=149160"}],"version-history":[{"count":0,"href":"https:\/\/talkpal.ai\/lt\/wp-json\/wp\/v2\/pages\/149160\/revisions"}],"wp:featuredmedia":[{"embeddable":true,"href":"https:\/\/talkpal.ai\/lt\/wp-json\/wp\/v2\/media\/117760"}],"wp:attachment":[{"href":"https:\/\/talkpal.ai\/lt\/wp-json\/wp\/v2\/media?parent=149160"}],"curies":[{"name":"wp","href":"https:\/\/api.w.org\/{rel}","templated":true}]}}