{"id":148929,"date":"2023-05-14T14:18:22","date_gmt":"2023-05-14T14:18:22","guid":{"rendered":"http:\/\/talkpal.ai\/persu-kalbos-gramatika\/"},"modified":"2025-12-12T10:33:38","modified_gmt":"2025-12-12T10:33:38","slug":"persu-kalbos-gramatika","status":"publish","type":"page","link":"https:\/\/talkpal.ai\/lt\/persu-kalbos-gramatika\/","title":{"rendered":"Pers\u0173 kalbos gramatika"},"content":{"rendered":"\r\n\r\n\r\n<section class=\"languageChallengeSection\">\r\n    <div class=\"languageInfoWrapper\">\r\n        \r\n        <h1>Pers\u0173 kalbos gramatika<\/h1>\r\n        <p>Domina <a href=\"https:\/\/talkpal.ai\/learn-persian\/\">pers\u0173<\/a> kalba? Susipa\u017einkite su <a href=\"https:\/\/talkpal.ai\/lt\/mokykites-persu-kalbos\/\">pers\u0173 kalbos<\/a> <a href=\"https:\/\/talkpal.ai\/sq\/gramatika\/\">gramatika<\/a>, gars\u0117jan\u010dia savo paprastumu &#8211; joje n\u0117ra daiktavard\u017ei\u0173 ly\u010di\u0173, paprastos veiksma\u017eod\u017ei\u0173 gal\u016bn\u0117s ir lanksti sakinio strukt\u016bra daro j\u0105 gaiviai prieinam\u0105. Prad\u0117kite <a href=\"https:\/\/talkpal.ai\/lt\/mokykites-persu-kalbos\/\">pers\u0173 kalbos<\/a> nuotyk\u012f jau \u0161iandien &#8211; \u012fvald\u0119 jos gramatik\u0105 atversite naujas bendravimo galimybes ir pasinersite \u012f turting\u0105 Irano ir kit\u0173 \u0161ali\u0173 poezij\u0105 bei kult\u016br\u0105!<\/p>\r\n\r\n                            <a class=\"getStartedHidden\" href=\"https:\/\/app.talkpal.ai\/lt\/signup?lng=\">Prad\u0117k<\/a>\r\n        \r\n    <\/div>\r\n\r\n    <figure>\r\n    <img decoding=\"async\" width=\"768\" height=\"768\" src=\"https:\/\/talkpal.ai\/wp-content\/uploads\/2023\/06\/persian-768x768.png\" class=\"languageImage no-lazy\" alt=\"Language learning to comprehend global news\" fetchpriority=\"high\" sizes=\"(max-width: 768px) 150px, 768px\" srcset=\"https:\/\/talkpal.ai\/wp-content\/uploads\/2023\/06\/persian-768x768.png 768w, https:\/\/talkpal.ai\/wp-content\/uploads\/2023\/06\/persian-300x300.png 300w\" \/>\r\n    \r\n\r\n    <\/figure>\r\n\r\n            <a class=\"getStartedVisible\" href=\"https:\/\/app.talkpal.ai\/lt\/signup?lng=\">Prad\u0117k<\/a>\r\n    \r\n<\/section>\r\n<section class=\"promotionalBanner\">\r\n    <p class=\"promotionalText\">Efektyviausias b\u016bdas mokytis <a href=\"https:\/\/talkpal.ai\/what-language-is-spoken-on-the-international-space-station\/\">kalbos<\/a><\/p>\r\n    <a class=\"promotionalLink\" href=\"https:\/\/app.talkpal.ai\/lt\/signup?lng=\">I\u0161bandykite Talkpal &#8221; nemokamai<\/a>\r\n<\/section>\n<div class=\"wp-block-group pageContainerStyle\"><div class=\"wp-block-group__inner-container is-layout-constrained wp-block-group-is-layout-constrained\">\n<h2 class=\"wp-block-heading\" id=\"h-mastering-persian-grammar-your-ultimate-guide\">Pers\u0173 kalbos gramatikos \u012fvaldymas: j\u016bs\u0173 galutinis vadovas<\/h2>\n\n\n\n<p>Salam, <a href=\"https:\/\/talkpal.ai\/talkpal-discount-for-language-enthusiasts\/\">kalbos entuziastai<\/a>! Ar esate pasireng\u0119s leistis \u012f kelion\u0119 \u012f pers\u0173 kalbos gramatikos pasaul\u012f? Atvykote \u012f tinkam\u0105 viet\u0105. \u0160is straipsnis, u\u017epildytas lengvai suprantama informacija ir pokalbio tonu, pad\u0117s jums per patraukli\u0105 pers\u0173 gramatikos srit\u012f. Netrukus gal\u0117site kurti sakinius ir prasmingai bendrauti su gimtakalbiais. Taigi, prad\u0117kime atskleisti pers\u0173 kalbos gramatikos paslaptis!<\/p>\n\n\n\n<p><strong>Bet pirmiausia, kod\u0117l pers\u0173 gramatika?<\/strong><\/p>\n\n\n\n<p>Jei mokot\u0117s pers\u0173 kalbos, norint skland\u017eiai kalb\u0117ti, skaityti ir ra\u0161yti, labai svarbu tur\u0117ti tvirtus gramatikos pagrindus. Nors <a href=\"https:\/\/talkpal.ai\/persian-grammar\/\">pers\u0173 kalbos gramatika<\/a> i\u0161 prad\u017ei\u0173 gali atrodyti sud\u0117tinga, ji <a href=\"https:\/\/talkpal.ai\/locations\/language-courses-in-tampa\/\">tampa<\/a> prieinamesn\u0117, kai j\u0105 suskaidote \u012f ma\u017eesnius, lengviau valdomus segmentus. Taigi, prad\u0117kime savo kelion\u0119 \u012f pers\u0173 kalbos gramatikos mokym\u0105si!<\/p>\n\n\n\n<h3 class=\"wp-block-heading\" id=\"h-1-nouns-gender-and-number\">1. Daiktavard\u017eiai, lytis ir skai\u010dius<\/h3>\n\n\n\n<p>Pers\u0173 kalboje daiktavard\u017eiai neturi gimin\u0117s, tod\u0117l ji yra paprastesn\u0117 nei daugelis kit\u0173 kalb\u0173. Daiktavard\u017ei\u0173 vienaskaitos forma i\u0161lieka ta pati, o daugiskaitos forma paprastai baigiasi &#8222;-\u0647\u0627&#8221; arba &#8222;-\u0627\u0646&#8221;. Pavyzd\u017eiui:<\/p>\n\n\n\n<p>&#8211; \u06a9\u062a\u0627\u0628 (ket\u0101b &#8211; knyga)<\/p>\n\n\n\n<p>&#8211; \u06a9\u062a\u0627\u0628\u0647\u0627 (ket\u0101b-h\u0101 &#8211; knygos)<\/p>\n\n\n\n<h3 class=\"wp-block-heading\" id=\"h-2-adjectives-agreement-and-definite-articles\">2. B\u016bdvard\u017eiai, susitarimas ir konkret\u016bs straipsniai<\/h3>\n\n\n\n<p>B\u016bdvard\u017eiai pers\u0173 kalboje paprastai eina po daiktavard\u017eio, kur\u012f jie kei\u010dia, ir neprivalo sutapti nei gimin\u0117s, nei skai\u010diaus at\u017evilgiu. Pavyzd\u017eiui:<\/p>\n\n\n\n<p><strong>&#8211; \u062e\u0627\u0646\u0647 \u0628\u0632\u0631\u06af (kh\u0101ne bozorg &#8211; didelis namas)<\/strong><\/p>\n\n\n\n<p><strong>&#8211; \u0645\u0646\u0632\u0644 \u06a9\u0648\u0686\u06a9 (manzel kuchak &#8211; ma\u017eas namas)<\/strong><\/p>\n\n\n\n<p>Pers\u0173 kalboje n\u0117ra apibr\u0117\u017eiamojo artikelio, ta\u010diau prie vienaskaitos \u017eod\u017ei\u0173 pridedama neapibr\u0117\u017eiamojo artikelio priesaga &#8222;-\u06cc&#8221; (i).<\/p>\n\n\n\n<h3 class=\"wp-block-heading\" id=\"h-3-verbs-tense-and-conjugation\">3. Veiksma\u017eod\u017eiai, laikas ir linksniavimas<\/h3>\n\n\n\n<p>Pers\u0173 veiksma\u017eod\u017eiai vaidina svarb\u0173 vaidmen\u012f gramatikoje ir yra b\u016btini sakiniams kurti. Kiekvienas veiksma\u017eodis turi \u0161akn\u012f, kuri derinama su \u012fvairiais prefiksais ir priesagomis, kad parodyt\u0173 \u012ftamp\u0105 ir susitarim\u0105 su dalyku.<\/p>\n\n\n\n<p>Trumpai ap\u017evelkime taisyklingus esamojo laiko veiksma\u017eod\u017eius:<\/p>\n\n\n\n<p><strong>&#8211; \u0645\u0646 \u0645\u06cc\u062e\u0648\u0627\u0646\u0645 (man mikh\u0101nam &#8211; A\u0161 perskai\u010diau)<\/strong><\/p>\n\n\n\n<p><strong>&#8211; \u062a\u0648 \u0645\u06cc\u062e\u0648\u0627\u0646\u06cc (to mikh\u0101ni &#8211; skaitai, neoficialu)<\/strong><\/p>\n\n\n\n<p><strong>&#8211; \u0627\u0648 \u0645\u06cc\u062e\u0648\u0627\u0646\u062f (u mikh\u0101nad &#8211; skaito)<\/strong><\/p>\n\n\n\n<p>Atminkite, kad tai tik prad\u017eia! Gilindamiesi \u012f pers\u0173 kalbos gramatik\u0105 susidursite su \u012fvairiais kitais laikais, netaisyklingais veiksma\u017eod\u017eiais ir \u012fmantryb\u0117mis.<\/p>\n\n\n\n<h3 class=\"wp-block-heading\" id=\"h-4-pronouns-prepositions-and-more\">4. \u012evard\u017eiai, prielinksniai ir dar daugiau!<\/h3>\n\n\n\n<p>Pers\u0173 kalbos gramatika apima ir kitus komponentus, tokius kaip \u012fvard\u017eiai (\u0645\u0646, \u062a\u0648, \u0627\u0648 ir kt.), prieveiksmiai (\u0628\u0647, \u0627\u0632, \u062f\u0631 ir kt.) ir idiomatiniai posakiai. Norint skland\u017eiai kalb\u0117ti pers\u0173 kalba, b\u016btina \u017eingsnis po \u017eingsnio \u012fvaldyti kiekvien\u0105 element\u0105.<\/p>\n\n\n\n<p>Apibendrinant galima pasakyti, kad pers\u0173 kalbos gramatikos \u012fvaldymas n\u0117ra trumpas kelias. Tam reikia atkaklumo, praktikos ir kantryb\u0117s. Ta\u010diau, perprat\u0119 jos subtilybes, b\u016bsite gerai pasireng\u0119 \u012fvertinti pokalbio pers\u0173 kalba niuansus, pa\u017einti turting\u0105 persi\u0161kai kalban\u010di\u0173 region\u0173 kult\u016br\u0105 ir istorij\u0105 bei dar labiau pamilti \u0161i\u0105 kalb\u0105. \u0645\u0648\u0641\u0642 \u0628\u0627\u0634\u06cc\u062f (movaffagh b\u0101shid &#8211; s\u0117km\u0117s)!<\/p>\n<\/div><\/div>\n\r\n<section class=\"learnNavigationSection\">\r\n            \r\n        <a href=\"https:\/\/talkpal.ai\/lt\/mokykites-persu-kalbos\/\">\r\n            <div class=\"learnNavigationWrapper\">\r\n                <div class=\"learnNavigationContent\">\r\n                    <img decoding=\"async\" src=\"https:\/\/talkpal.ai\/wp-content\/uploads\/2024\/08\/Persian.jpg\" alt=\"Persian Flag\">\r\n                    <div>\r\n                        <h4>Apie pers\u0173 kalbos mokym\u0105si<\/h4>\r\n                        <p>Su\u017einokite visk\u0105 apie pers\u0173 kalbos gramatik\u0105.<\/p>\r\n                    <\/div>\r\n                <\/div>\r\n            <\/div>\r\n        <\/a>\r\n\r\n        \r\n        <a href=\"https:\/\/talkpal.ai\/lt\/persu-kalbos-gramatikos-pratimai\/\">\r\n            <div class=\"learnNavigationWrapper\">\r\n                <div class=\"learnNavigationContent\">\r\n                    <img decoding=\"async\" src=\"https:\/\/talkpal.ai\/wp-content\/uploads\/2024\/08\/Persian.jpg\" alt=\"Persian Flag\">\r\n                    <div>\r\n                        <h4>Pers\u0173 kalbos gramatikos pratybos<\/h4>\r\n                        <p>Praktikuokite pers\u0173 kalbos gramatik\u0105.<\/p>\r\n                    <\/div>\r\n                <\/div>\r\n            <\/div>\r\n        <\/a>\r\n\r\n        \r\n        <a href=\"https:\/\/talkpal.ai\/vocabulary_language\/persian\/\">\r\n            <div class=\"learnNavigationWrapper\">\r\n                <div class=\"learnNavigationContent\">\r\n                    <img decoding=\"async\" src=\"https:\/\/talkpal.ai\/wp-content\/uploads\/2024\/08\/Persian.jpg\" alt=\"Persian Flag\">\r\n                    <div>\r\n                        <h4>Pers\u0173 kalbos \u017eodynas<\/h4>\r\n                        <p>Prapl\u0117skite savo pers\u0173 kalbos \u017eodyn\u0105.<\/p>\r\n                    <\/div>\r\n                <\/div>\r\n            <\/div>\r\n        <\/a>\r\n\r\n            <\/section>","protected":false},"excerpt":{"rendered":"<p>Pers\u0173 kalbos gramatikos \u012fvaldymas: j\u016bs\u0173 galutinis vadovas Salam, kalbos entuziastai! Ar esate pasireng\u0119s leistis \u012f kelion\u0119 \u012f pers\u0173 kalbos gramatikos pasaul\u012f? Atvykote \u012f tinkam\u0105 viet\u0105. \u0160is straipsnis, u\u017epildytas lengvai suprantama informacija ir pokalbio tonu, pad\u0117s jums per patraukli\u0105 pers\u0173 gramatikos srit\u012f. Netrukus gal\u0117site kurti sakinius ir prasmingai bendrauti su gimtakalbiais. Taigi, prad\u0117kime atskleisti pers\u0173 kalbos [&hellip;]<\/p>\n","protected":false},"author":1,"featured_media":117129,"parent":0,"menu_order":0,"comment_status":"closed","ping_status":"closed","template":"LearningContentPage.php","meta":{"_acf_changed":false,"footnotes":""},"class_list":["post-148929","page","type-page","status-publish","has-post-thumbnail","hentry"],"acf":[],"yoast_head":"<!-- This site is optimized with the Yoast SEO Premium plugin v27.2 (Yoast SEO v27.2) - https:\/\/yoast.com\/product\/yoast-seo-premium-wordpress\/ -->\n<title>Pers\u0173 kalbos gramatika - Talkpal<\/title>\n<meta name=\"description\" content=\"I\u0161nagrin\u0117kite pers\u0173 kalbos gramatikos subtilybes, kad geriau suprastum\u0117te pers\u0173 kalb\u0105 ir geriau ja kalb\u0117tum\u0117te.\" \/>\n<meta name=\"robots\" content=\"index, follow, max-snippet:-1, max-image-preview:large, max-video-preview:-1\" \/>\n<link rel=\"canonical\" href=\"https:\/\/talkpal.ai\/lt\/persu-kalbos-gramatika\/\" \/>\n<meta property=\"og:locale\" content=\"lt_LT\" \/>\n<meta property=\"og:type\" content=\"article\" \/>\n<meta property=\"og:title\" content=\"Pers\u0173 kalbos gramatika\" \/>\n<meta property=\"og:description\" content=\"Pers\u0173 kalbos gramatikos \u012fvaldymas: j\u016bs\u0173 galutinis vadovas Salam, kalbos entuziastai! Ar esate pasireng\u0119s leistis \u012f kelion\u0119 \u012f pers\u0173 kalbos gramatikos\" \/>\n<meta property=\"og:url\" content=\"https:\/\/talkpal.ai\/lt\/persu-kalbos-gramatika\/\" \/>\n<meta property=\"og:site_name\" content=\"Talkpal\" \/>\n<meta property=\"article:publisher\" content=\"https:\/\/www.facebook.com\/profile.php?id=100090733639311\" \/>\n<meta property=\"article:modified_time\" content=\"2025-12-12T10:33:38+00:00\" \/>\n<meta property=\"og:image\" content=\"https:\/\/talkpal.ai\/wp-content\/uploads\/2023\/05\/Persian-iran.png\" \/>\n\t<meta property=\"og:image:width\" content=\"512\" \/>\n\t<meta property=\"og:image:height\" content=\"512\" \/>\n\t<meta property=\"og:image:type\" content=\"image\/png\" \/>\n<meta name=\"twitter:card\" content=\"summary_large_image\" \/>\n<meta name=\"twitter:site\" content=\"@talkpalai\" \/>\n<meta name=\"twitter:label1\" content=\"Est. reading time\" \/>\n\t<meta name=\"twitter:data1\" content=\"2 minut\u0117s\" \/>\n<script type=\"application\/ld+json\" class=\"yoast-schema-graph\">{\"@context\":\"https:\/\/schema.org\",\"@graph\":[{\"@type\":\"WebPage\",\"@id\":\"https:\/\/talkpal.ai\/lt\/persu-kalbos-gramatika\/\",\"url\":\"https:\/\/talkpal.ai\/lt\/persu-kalbos-gramatika\/\",\"name\":\"Pers\u0173 kalbos gramatika - Talkpal\",\"isPartOf\":{\"@id\":\"https:\/\/talkpal.ai\/lt\/#website\"},\"primaryImageOfPage\":{\"@id\":\"https:\/\/talkpal.ai\/lt\/persu-kalbos-gramatika\/#primaryimage\"},\"image\":{\"@id\":\"https:\/\/talkpal.ai\/lt\/persu-kalbos-gramatika\/#primaryimage\"},\"thumbnailUrl\":\"https:\/\/talkpal.ai\/wp-content\/uploads\/2023\/05\/Persian-iran.png\",\"datePublished\":\"2023-05-14T14:18:22+00:00\",\"dateModified\":\"2025-12-12T10:33:38+00:00\",\"description\":\"I\u0161nagrin\u0117kite pers\u0173 kalbos gramatikos subtilybes, kad geriau suprastum\u0117te pers\u0173 kalb\u0105 ir geriau ja kalb\u0117tum\u0117te.\",\"breadcrumb\":{\"@id\":\"https:\/\/talkpal.ai\/lt\/persu-kalbos-gramatika\/#breadcrumb\"},\"inLanguage\":\"lt-LT\",\"potentialAction\":[{\"@type\":\"ReadAction\",\"target\":[\"https:\/\/talkpal.ai\/lt\/persu-kalbos-gramatika\/\"]}]},{\"@type\":\"ImageObject\",\"inLanguage\":\"lt-LT\",\"@id\":\"https:\/\/talkpal.ai\/lt\/persu-kalbos-gramatika\/#primaryimage\",\"url\":\"https:\/\/talkpal.ai\/wp-content\/uploads\/2023\/05\/Persian-iran.png\",\"contentUrl\":\"https:\/\/talkpal.ai\/wp-content\/uploads\/2023\/05\/Persian-iran.png\",\"width\":512,\"height\":512},{\"@type\":\"BreadcrumbList\",\"@id\":\"https:\/\/talkpal.ai\/lt\/persu-kalbos-gramatika\/#breadcrumb\",\"itemListElement\":[{\"@type\":\"ListItem\",\"position\":1,\"name\":\"Homepage\",\"item\":\"https:\/\/talkpal.ai\/lt\/\"},{\"@type\":\"ListItem\",\"position\":2,\"name\":\"Pers\u0173 kalbos gramatika\"}]},{\"@type\":\"WebSite\",\"@id\":\"https:\/\/talkpal.ai\/lt\/#website\",\"url\":\"https:\/\/talkpal.ai\/lt\/\",\"name\":\"Talkpal\",\"description\":\"AI Language Learning\",\"publisher\":{\"@id\":\"https:\/\/talkpal.ai\/lt\/#organization\"},\"alternateName\":\"Talkpal AI\",\"potentialAction\":[{\"@type\":\"SearchAction\",\"target\":{\"@type\":\"EntryPoint\",\"urlTemplate\":\"https:\/\/talkpal.ai\/lt\/?s={search_term_string}\"},\"query-input\":{\"@type\":\"PropertyValueSpecification\",\"valueRequired\":true,\"valueName\":\"search_term_string\"}}],\"inLanguage\":\"lt-LT\"},{\"@type\":\"Organization\",\"@id\":\"https:\/\/talkpal.ai\/lt\/#organization\",\"name\":\"Talkpal, Inc.\",\"alternateName\":\"Talkpal AI\",\"url\":\"https:\/\/talkpal.ai\/lt\/\",\"logo\":{\"@type\":\"ImageObject\",\"inLanguage\":\"lt-LT\",\"@id\":\"https:\/\/talkpal.ai\/lt\/#\/schema\/logo\/image\/\",\"url\":\"https:\/\/talkpal.ai\/wp-content\/uploads\/2024\/03\/Talkpal-Logo-Icon.png\",\"contentUrl\":\"https:\/\/talkpal.ai\/wp-content\/uploads\/2024\/03\/Talkpal-Logo-Icon.png\",\"width\":2880,\"height\":2880,\"caption\":\"Talkpal, Inc.\"},\"image\":{\"@id\":\"https:\/\/talkpal.ai\/lt\/#\/schema\/logo\/image\/\"},\"sameAs\":[\"https:\/\/www.facebook.com\/profile.php?id=100090733639311\",\"https:\/\/x.com\/talkpalai\",\"https:\/\/www.linkedin.com\/company\/talkpal\/\",\"https:\/\/www.youtube.com\/@TalkPal\/\",\"https:\/\/www.tiktok.com\/@talkpal\",\"https:\/\/www.instagram.com\/talkpal_ai\/\",\"https:\/\/www.crunchbase.com\/organization\/talkpal-9cde\",\"https:\/\/www.g2.com\/products\/talkpal-for-business\/\",\"https:\/\/www.trustpilot.com\/review\/talkpal.ai\",\"https:\/\/www.capterra.com\/p\/10006800\/TalkPal\/\"],\"description\":\"Talkpal is a language learning web and mobile education app, powered by the latest AI technologies, that provides engaging experiences to its customers in many different languages to help them improve their language skills. Users can chat about unlimited amount of topics with the app and use other modes to practice their language learning.\",\"email\":\"support@talkpal.ai\",\"legalName\":\"Talkpal, Inc.\",\"foundingDate\":\"2023-04-03\",\"duns\":\"118989042\",\"numberOfEmployees\":{\"@type\":\"QuantitativeValue\",\"minValue\":\"11\",\"maxValue\":\"50\"},\"publishingPrinciples\":\"https:\/\/talkpal.ai\/publishing-principles\/\",\"actionableFeedbackPolicy\":\"https:\/\/talkpal.ai\/actionable-feedback-policy\/\",\"correctionsPolicy\":\"https:\/\/talkpal.ai\/corrections-policy\/\",\"ethicsPolicy\":\"https:\/\/talkpal.ai\/ethics-policy\/\",\"diversityPolicy\":\"https:\/\/talkpal.ai\/diversity-policy\/\",\"diversityStaffingReport\":\"https:\/\/talkpal.ai\/diversity-policy\/\"}]}<\/script>\n<!-- \/ Yoast SEO Premium plugin. -->","yoast_head_json":{"title":"Pers\u0173 kalbos gramatika - Talkpal","description":"I\u0161nagrin\u0117kite pers\u0173 kalbos gramatikos subtilybes, kad geriau suprastum\u0117te pers\u0173 kalb\u0105 ir geriau ja kalb\u0117tum\u0117te.","robots":{"index":"index","follow":"follow","max-snippet":"max-snippet:-1","max-image-preview":"max-image-preview:large","max-video-preview":"max-video-preview:-1"},"canonical":"https:\/\/talkpal.ai\/lt\/persu-kalbos-gramatika\/","og_locale":"lt_LT","og_type":"article","og_title":"Pers\u0173 kalbos gramatika","og_description":"Pers\u0173 kalbos gramatikos \u012fvaldymas: j\u016bs\u0173 galutinis vadovas Salam, kalbos entuziastai! Ar esate pasireng\u0119s leistis \u012f kelion\u0119 \u012f pers\u0173 kalbos gramatikos","og_url":"https:\/\/talkpal.ai\/lt\/persu-kalbos-gramatika\/","og_site_name":"Talkpal","article_publisher":"https:\/\/www.facebook.com\/profile.php?id=100090733639311","article_modified_time":"2025-12-12T10:33:38+00:00","og_image":[{"width":512,"height":512,"url":"https:\/\/talkpal.ai\/wp-content\/uploads\/2023\/05\/Persian-iran.png","type":"image\/png"}],"twitter_card":"summary_large_image","twitter_site":"@talkpalai","twitter_misc":{"Est. reading time":"2 minut\u0117s"},"schema":{"@context":"https:\/\/schema.org","@graph":[{"@type":"WebPage","@id":"https:\/\/talkpal.ai\/lt\/persu-kalbos-gramatika\/","url":"https:\/\/talkpal.ai\/lt\/persu-kalbos-gramatika\/","name":"Pers\u0173 kalbos gramatika - Talkpal","isPartOf":{"@id":"https:\/\/talkpal.ai\/lt\/#website"},"primaryImageOfPage":{"@id":"https:\/\/talkpal.ai\/lt\/persu-kalbos-gramatika\/#primaryimage"},"image":{"@id":"https:\/\/talkpal.ai\/lt\/persu-kalbos-gramatika\/#primaryimage"},"thumbnailUrl":"https:\/\/talkpal.ai\/wp-content\/uploads\/2023\/05\/Persian-iran.png","datePublished":"2023-05-14T14:18:22+00:00","dateModified":"2025-12-12T10:33:38+00:00","description":"I\u0161nagrin\u0117kite pers\u0173 kalbos gramatikos subtilybes, kad geriau suprastum\u0117te pers\u0173 kalb\u0105 ir geriau ja kalb\u0117tum\u0117te.","breadcrumb":{"@id":"https:\/\/talkpal.ai\/lt\/persu-kalbos-gramatika\/#breadcrumb"},"inLanguage":"lt-LT","potentialAction":[{"@type":"ReadAction","target":["https:\/\/talkpal.ai\/lt\/persu-kalbos-gramatika\/"]}]},{"@type":"ImageObject","inLanguage":"lt-LT","@id":"https:\/\/talkpal.ai\/lt\/persu-kalbos-gramatika\/#primaryimage","url":"https:\/\/talkpal.ai\/wp-content\/uploads\/2023\/05\/Persian-iran.png","contentUrl":"https:\/\/talkpal.ai\/wp-content\/uploads\/2023\/05\/Persian-iran.png","width":512,"height":512},{"@type":"BreadcrumbList","@id":"https:\/\/talkpal.ai\/lt\/persu-kalbos-gramatika\/#breadcrumb","itemListElement":[{"@type":"ListItem","position":1,"name":"Homepage","item":"https:\/\/talkpal.ai\/lt\/"},{"@type":"ListItem","position":2,"name":"Pers\u0173 kalbos gramatika"}]},{"@type":"WebSite","@id":"https:\/\/talkpal.ai\/lt\/#website","url":"https:\/\/talkpal.ai\/lt\/","name":"Talkpal","description":"AI Language Learning","publisher":{"@id":"https:\/\/talkpal.ai\/lt\/#organization"},"alternateName":"Talkpal AI","potentialAction":[{"@type":"SearchAction","target":{"@type":"EntryPoint","urlTemplate":"https:\/\/talkpal.ai\/lt\/?s={search_term_string}"},"query-input":{"@type":"PropertyValueSpecification","valueRequired":true,"valueName":"search_term_string"}}],"inLanguage":"lt-LT"},{"@type":"Organization","@id":"https:\/\/talkpal.ai\/lt\/#organization","name":"Talkpal, Inc.","alternateName":"Talkpal AI","url":"https:\/\/talkpal.ai\/lt\/","logo":{"@type":"ImageObject","inLanguage":"lt-LT","@id":"https:\/\/talkpal.ai\/lt\/#\/schema\/logo\/image\/","url":"https:\/\/talkpal.ai\/wp-content\/uploads\/2024\/03\/Talkpal-Logo-Icon.png","contentUrl":"https:\/\/talkpal.ai\/wp-content\/uploads\/2024\/03\/Talkpal-Logo-Icon.png","width":2880,"height":2880,"caption":"Talkpal, Inc."},"image":{"@id":"https:\/\/talkpal.ai\/lt\/#\/schema\/logo\/image\/"},"sameAs":["https:\/\/www.facebook.com\/profile.php?id=100090733639311","https:\/\/x.com\/talkpalai","https:\/\/www.linkedin.com\/company\/talkpal\/","https:\/\/www.youtube.com\/@TalkPal\/","https:\/\/www.tiktok.com\/@talkpal","https:\/\/www.instagram.com\/talkpal_ai\/","https:\/\/www.crunchbase.com\/organization\/talkpal-9cde","https:\/\/www.g2.com\/products\/talkpal-for-business\/","https:\/\/www.trustpilot.com\/review\/talkpal.ai","https:\/\/www.capterra.com\/p\/10006800\/TalkPal\/"],"description":"Talkpal is a language learning web and mobile education app, powered by the latest AI technologies, that provides engaging experiences to its customers in many different languages to help them improve their language skills. Users can chat about unlimited amount of topics with the app and use other modes to practice their language learning.","email":"support@talkpal.ai","legalName":"Talkpal, Inc.","foundingDate":"2023-04-03","duns":"118989042","numberOfEmployees":{"@type":"QuantitativeValue","minValue":"11","maxValue":"50"},"publishingPrinciples":"https:\/\/talkpal.ai\/publishing-principles\/","actionableFeedbackPolicy":"https:\/\/talkpal.ai\/actionable-feedback-policy\/","correctionsPolicy":"https:\/\/talkpal.ai\/corrections-policy\/","ethicsPolicy":"https:\/\/talkpal.ai\/ethics-policy\/","diversityPolicy":"https:\/\/talkpal.ai\/diversity-policy\/","diversityStaffingReport":"https:\/\/talkpal.ai\/diversity-policy\/"}]}},"_links":{"self":[{"href":"https:\/\/talkpal.ai\/lt\/wp-json\/wp\/v2\/pages\/148929","targetHints":{"allow":["GET"]}}],"collection":[{"href":"https:\/\/talkpal.ai\/lt\/wp-json\/wp\/v2\/pages"}],"about":[{"href":"https:\/\/talkpal.ai\/lt\/wp-json\/wp\/v2\/types\/page"}],"author":[{"embeddable":true,"href":"https:\/\/talkpal.ai\/lt\/wp-json\/wp\/v2\/users\/1"}],"replies":[{"embeddable":true,"href":"https:\/\/talkpal.ai\/lt\/wp-json\/wp\/v2\/comments?post=148929"}],"version-history":[{"count":0,"href":"https:\/\/talkpal.ai\/lt\/wp-json\/wp\/v2\/pages\/148929\/revisions"}],"wp:featuredmedia":[{"embeddable":true,"href":"https:\/\/talkpal.ai\/lt\/wp-json\/wp\/v2\/media\/117129"}],"wp:attachment":[{"href":"https:\/\/talkpal.ai\/lt\/wp-json\/wp\/v2\/media?parent=148929"}],"curies":[{"name":"wp","href":"https:\/\/api.w.org\/{rel}","templated":true}]}}