{"id":148545,"date":"2023-05-14T14:13:06","date_gmt":"2023-05-14T14:13:06","guid":{"rendered":"http:\/\/talkpal.ai\/norvegu-kalbos-gramatika\/"},"modified":"2025-12-17T17:01:50","modified_gmt":"2025-12-17T17:01:50","slug":"norvegu-kalbos-gramatika","status":"publish","type":"page","link":"https:\/\/talkpal.ai\/lt\/norvegu-kalbos-gramatika\/","title":{"rendered":"Norveg\u0173 kalbos gramatika"},"content":{"rendered":"\r\n\r\n\r\n<section class=\"languageChallengeSection\">\r\n    <div class=\"languageInfoWrapper\">\r\n        \r\n        <h1>Norveg\u0173 kalbos gramatika<\/h1>\r\n        <p>Su\u017einokite <a href=\"https:\/\/talkpal.ai\/learn-norwegian\/\">norveg\u0173<\/a> <a href=\"https:\/\/talkpal.ai\/what-language-is-spoken-on-the-international-space-station\/\">kalbos<\/a> gramatikos pagrindus ir i\u0161mokite u\u017etikrintai bendrauti viena gra\u017eiausi\u0173 Skandinavijos kalb\u0173. <a href=\"https:\/\/talkpal.ai\/learn-norwegian\/\">Norveg\u0173<\/a> kalbos gramatikos supratimas atvers duris naujai kult\u016brinei patir\u010diai ir prasmingiems pokalbiams. Prad\u0117kite mokytis norveg\u0173 kalbos gramatikos \u0161iandien ir \u017eenkite pirm\u0105j\u012f \u017eingsn\u012f \u012f laisv\u0105 kalb\u0117jim\u0105!<\/p>\r\n\r\n                            <a class=\"getStartedHidden\" href=\"https:\/\/app.talkpal.ai\/lt\/signup?lng=\">Prad\u0117k<\/a>\r\n        \r\n    <\/div>\r\n\r\n    <figure>\r\n    <img decoding=\"async\" width=\"768\" height=\"768\" src=\"https:\/\/talkpal.ai\/wp-content\/uploads\/2023\/06\/norwegian-768x768.png\" class=\"languageImage no-lazy\" alt=\"Language learning for extensive vocabulary\" fetchpriority=\"high\" sizes=\"(max-width: 768px) 150px, 768px\" srcset=\"https:\/\/talkpal.ai\/wp-content\/uploads\/2023\/06\/norwegian-768x768.png 768w, https:\/\/talkpal.ai\/wp-content\/uploads\/2023\/06\/norwegian-300x300.png 300w\" \/>\r\n    \r\n\r\n    <\/figure>\r\n\r\n            <a class=\"getStartedVisible\" href=\"https:\/\/app.talkpal.ai\/lt\/signup?lng=\">Prad\u0117k<\/a>\r\n    \r\n<\/section>\r\n<section class=\"promotionalBanner\">\r\n    <p class=\"promotionalText\">Efektyviausias b\u016bdas mokytis kalbos<\/p>\r\n    <a class=\"promotionalLink\" href=\"https:\/\/app.talkpal.ai\/lt\/signup?lng=\">I\u0161bandykite Talkpal &#8221; nemokamai<\/a>\r\n<\/section>\n<div class=\"wp-block-group pageContainerStyle\"><div class=\"wp-block-group__inner-container is-layout-constrained wp-block-group-is-layout-constrained\">\n<h2 class=\"wp-block-heading\" id=\"h-dive-into-norwegian-grammar-a-comprehensive-guide\">Pasinerkite \u012f norveg\u0173 kalbos gramatik\u0105: i\u0161samus vadovas<\/h2>\n\n\n\n<p>Norveg\u0173 kalba, \u017eavi ir i\u0161rai\u0161kinga kalba, suteikia unikali\u0105 galimyb\u0119 besimokantiems kalb\u0173 tyrin\u0117ti turting\u0105 Norvegijos kult\u016brin\u012f ir istorin\u012f paveld\u0105. Geros naujienos yra <a href=\"https:\/\/talkpal.ai\/learn-thai\/\">tai<\/a>, kad <a href=\"https:\/\/talkpal.ai\/norwegian-grammar\/\">norveg\u0173 kalbos gramatika<\/a> turi tam tikr\u0173 pana\u0161um\u0173 su <a href=\"https:\/\/talkpal.ai\/learn-english-with-ai\/\">angl\u0173<\/a> kalba, tod\u0117l tai yra prieinama kalba, kuri\u0105 galima mokytis. \u0160is straipsnis pad\u0117s jums i\u0161siai\u0161kinti esminius norveg\u0173 kalbos gramatikos aspektus, u\u017etikrinant, kad sukursite tvirt\u0105 pagrind\u0105 ir u\u017etikrintai suprasite kalb\u0105.<\/p>\n\n\n\n<h3 class=\"wp-block-heading\" id=\"h-1-embracing-norwegian-nouns-and-articles\">1. Norveg\u0173 kalbos daiktavard\u017ei\u0173 ir straipsni\u0173 pri\u0117mimas<\/h3>\n\n\n\n<p>Norveg\u0173 daiktavard\u017eiai, kaip ir j\u0173 angli\u0161ki kolegos, atstovauja \u017emon\u0117ms, vietoms, daiktams ar id\u0117joms. Jie skirstomi \u012f tris lytis: vyri\u0161k\u0105, moteri\u0161k\u0105 ir neuterin\u0119. Daiktavard\u017eio lytis yra labai svarbi nustatant daiktavard\u017eio gal\u016bnes ir su kokiais straipsniais jis tur\u0117t\u0173 b\u016bti derinamas.<\/p>\n\n\n\n<p>Norveg\u0173 kalba yra dviej\u0173 tip\u0173 straipsniai: ai\u0161kus ir neribotas. Tam tikri straipsniai rodomi kaip priesagos daiktavard\u017ei\u0173 pabaigoje, o neapibr\u0117\u017eti straipsniai yra atskiri \u017eod\u017eiai, einantys prie\u0161 daiktavard\u017eius. Straipsniai turi atitikti daiktavard\u017eius pagal lyt\u012f ir skai\u010di\u0173.<\/p>\n\n\n\n<p><strong>&#8211; Baigiamieji straipsniai: -en (vyri\u0161kosios gimin\u0117s), -a (moteri\u0161kosios gimin\u0117s), -et (gimin\u0117s)<\/strong><\/p>\n\n\n\n<p><strong>&#8211; Neapibr\u0117\u017eiamieji straipsniai: en (vyri\u0161kosios gimin\u0117s), ei (moteri\u0161kosios gimin\u0117s), et (bevard\u0117s gimin\u0117s)<\/strong><\/p>\n\n\n\n<h3 class=\"wp-block-heading\" id=\"h-2-mastering-norwegian-verbs-conjugation-and-tenses\">2. Norveg\u0173 veiksma\u017eod\u017ei\u0173 \u012fsisavinimas: konjugacija ir laikai<\/h3>\n\n\n\n<p>Norveg\u0173 veiksma\u017eod\u017eiai yra gana lengva i\u0161mokti, nes jie turi ma\u017eiau konjugacij\u0173 nei daugelis kit\u0173 kalb\u0173. Veiksma\u017eod\u017eiai konjuguojami pagal \u012ftamp\u0105 ir nuotaik\u0105. Norveg\u0173 veiksma\u017eod\u017eiai pirmiausia skirstomi \u012f keturias grupes, kuri\u0173 kiekviena turi konjugacijos model\u012f. Ta\u010diau geros naujienos yra tai, kad, skirtingai nei daugelis kit\u0173 kalb\u0173, norveg\u0173 veiksma\u017eod\u017eiai nekei\u010dia savo formos pagal tem\u0105 ar skai\u010di\u0173.<\/p>\n\n\n\n<p>Norveg\u0173 kalba turi ma\u017eiau laik\u0173 nei angl\u0173 kalba, tik trys laikai: dabartin\u0117 \u012ftampa, praeities \u012ftampa ir praeities tobula \u012ftampa. Dabartin\u0117 \u012ftampa naudojama i\u0161reik\u0161ti dabartinius ir b\u016bsimus \u012fvykius, o praeities \u012ftampa rei\u0161kia u\u017ebaigtus veiksmus, o praeities tobula \u012ftampa rodo patirt\u012f ar b\u016bsenas, \u012fvykusias prie\u0161 tam tikr\u0105 praeities ta\u0161k\u0105.<\/p>\n\n\n\n<h3 class=\"wp-block-heading\" id=\"h-3-expressing-yourself-with-norwegian-adjectives-and-adverbs\">3. I\u0161reik\u0161ti save norvegi\u0161kais b\u016bdvard\u017eiais ir prieveiksmiais<\/h3>\n\n\n\n<p>B\u016bdvard\u017ei\u0173 naudojimas efektyviai padidina j\u016bs\u0173 geb\u0117jim\u0105 i\u0161reik\u0161ti save norveg\u0173 kalba. B\u016bdvard\u017eiai apib\u016bdina daiktavard\u017ei\u0173 savybes ar savybes ir turi sutikti su daiktavard\u017eiais lytimi ir skai\u010diumi. Norveg\u0173 kalboje b\u016bdvard\u017eiai paprastai b\u016bna prie\u0161 daiktavard\u012f, kur\u012f jie apib\u016bdina.<\/p>\n\n\n\n<p>Prieveiksmiai norveg\u0173 kalba modifikuoja veiksma\u017eod\u017eius, b\u016bdvard\u017eius ar kitus prieveiksmius. Jie perduoda informacij\u0105 apie tai, kaip, kada, kur ir kokiu mastu vyksta veiksmas. Skirtingai nuo b\u016bdvard\u017ei\u0173, prieveiksmiai i\u0161lieka tokie patys, nepriklausomai nuo apra\u0161om\u0173 daiktavard\u017ei\u0173 lyties ar skai\u010diaus.<\/p>\n\n\n\n<h3 class=\"wp-block-heading\" id=\"h-4-constructing-sentences-with-norwegian-pronouns-and-word-order\">4. Sakini\u0173 sudarymas su norveg\u0173 kalbos \u012fvard\u017eiais ir \u017eod\u017ei\u0173 tvarka<\/h3>\n\n\n\n<p>Norveg\u0173 \u012fvard\u017eiai pakei\u010dia daiktavard\u017eius ir paprastai sutinka su daiktavard\u017eiu, kur\u012f jie atstovauja lytimi, skai\u010diumi ir atveju. Norveg\u0173 kalboje yra \u012fvairi\u0173 r\u016b\u0161i\u0173 \u012fvard\u017ei\u0173, \u012fskaitant asmeninius, turiningus, demonstratyvius, refleksyvius, santykinius ir klausiamuosius \u012fvard\u017eius.<\/p>\n\n\n\n<p>Norveg\u0173 sakinio strukt\u016bra atitinka dalyko-veiksma\u017eod\u017eio-objekto (SVO) tvark\u0105, pana\u0161i\u0105 \u012f angl\u0173 kalb\u0105. Ta\u010diau jame taip pat naudojama veiksma\u017eod\u017eio sekund\u0117s (V2) taisykl\u0117, kurioje veiksma\u017eodis paprastai u\u017eima antr\u0105j\u0105 viet\u0105 pagrindiniuose sakiniuose. Norveg\u0173 kalbos \u017eod\u017ei\u0173 tvarkos supratimas ir praktikavimas yra b\u016btinas norint skland\u017eiai kalb\u0117ti kalba.<\/p>\n\n\n\n<h3 class=\"wp-block-heading\" id=\"h-conclusion\">I\u0161vada<\/h3>\n\n\n\n<p>Norveg\u0173 kalbos gramatikai i\u0161mokti reikia atsidavimo, praktikos ir atviro proto, kad gal\u0117tum\u0117te tyrin\u0117ti unikalias \u0161ios kalbos ypatybes. Nesvarbu, ar norite pasinerti \u012f Norvegijos kult\u016br\u0105, ar norite i\u0161mokti nauj\u0105 kalb\u0105, norveg\u0173 kalbos gramatikos \u017einios yra s\u0117kmingo bendravimo pagrindas. Gilindamiesi \u012f norveg\u0173 kalbos daiktavard\u017eius, veiksma\u017eod\u017eius, b\u016bdvard\u017eius ir \u017eod\u017ei\u0173 tvark\u0105, nepamir\u0161kite m\u0117gautis procesu ir branginti j\u016bs\u0173 laukian\u010di\u0105 turting\u0105 kalbin\u0119 patirt\u012f. <a href=\"https:\/\/talkpal.ai\/culture\/how-do-you-say-good-luck-with-that-in-norwegian\/\">Lykke til<\/a>!<\/p>\n<\/div><\/div>\n\r\n<section class=\"learnNavigationSection\">\r\n            \r\n        <a href=\"https:\/\/talkpal.ai\/lt\/ismok-norvegu-kalba\/\">\r\n            <div class=\"learnNavigationWrapper\">\r\n                <div class=\"learnNavigationContent\">\r\n                    <img decoding=\"async\" src=\"https:\/\/talkpal.ai\/wp-content\/uploads\/2024\/08\/Norwegian.jpg\" alt=\"Norwegian Flag\">\r\n                    <div>\r\n                        <h4>Apie norveg\u0173 kalbos mokym\u0105si<\/h4>\r\n                        <p>Su\u017einokite visk\u0105 apie norveg\u0173 kalbos gramatik\u0105.<\/p>\r\n                    <\/div>\r\n                <\/div>\r\n            <\/div>\r\n        <\/a>\r\n\r\n        \r\n        <a href=\"https:\/\/talkpal.ai\/lt\/norvegu-kalbos-gramatikos-pratimai\/\">\r\n            <div class=\"learnNavigationWrapper\">\r\n                <div class=\"learnNavigationContent\">\r\n                    <img decoding=\"async\" src=\"https:\/\/talkpal.ai\/wp-content\/uploads\/2024\/08\/Norwegian.jpg\" alt=\"Norwegian Flag\">\r\n                    <div>\r\n                        <h4>Norveg\u0173 kalbos gramatikos pratimai<\/h4>\r\n                        <p>Praktikuokite norveg\u0173 kalbos gramatik\u0105.<\/p>\r\n                    <\/div>\r\n                <\/div>\r\n            <\/div>\r\n        <\/a>\r\n\r\n        \r\n        <a href=\"https:\/\/talkpal.ai\/vocabulary_language\/norwegian\/\">\r\n            <div class=\"learnNavigationWrapper\">\r\n                <div class=\"learnNavigationContent\">\r\n                    <img decoding=\"async\" src=\"https:\/\/talkpal.ai\/wp-content\/uploads\/2024\/08\/Norwegian.jpg\" alt=\"Norwegian Flag\">\r\n                    <div>\r\n                        <h4>Norveg\u0173 kalbos \u017eodynas<\/h4>\r\n                        <p>Prapl\u0117skite savo norveg\u0173 kalbos \u017eodyn\u0105.<\/p>\r\n                    <\/div>\r\n                <\/div>\r\n            <\/div>\r\n        <\/a>\r\n\r\n            <\/section>","protected":false},"excerpt":{"rendered":"<p>Pasinerkite \u012f norveg\u0173 kalbos gramatik\u0105: i\u0161samus vadovas Norveg\u0173 kalba, \u017eavi ir i\u0161rai\u0161kinga kalba, suteikia unikali\u0105 galimyb\u0119 besimokantiems kalb\u0173 tyrin\u0117ti turting\u0105 Norvegijos kult\u016brin\u012f ir istorin\u012f paveld\u0105. Geros naujienos yra tai, kad norveg\u0173 kalbos gramatika turi tam tikr\u0173 pana\u0161um\u0173 su angl\u0173 kalba, tod\u0117l tai yra prieinama kalba, kuri\u0105 galima mokytis. \u0160is straipsnis pad\u0117s jums i\u0161siai\u0161kinti esminius norveg\u0173 [&hellip;]<\/p>\n","protected":false},"author":1,"featured_media":116866,"parent":0,"menu_order":0,"comment_status":"closed","ping_status":"closed","template":"LearningContentPage.php","meta":{"_acf_changed":false,"footnotes":""},"class_list":["post-148545","page","type-page","status-publish","has-post-thumbnail","hentry"],"acf":[],"yoast_head":"<!-- This site is optimized with the Yoast SEO Premium plugin v27.2 (Yoast SEO v27.2) - https:\/\/yoast.com\/product\/yoast-seo-premium-wordpress\/ -->\n<title>Norveg\u0173 kalbos gramatika - Talkpal<\/title>\n<meta name=\"description\" content=\"Susipa\u017einkite su norveg\u0173 kalbos gramatikos subtilyb\u0117mis ir pakelkite savo kalbos \u012fg\u016bd\u017eius \u012f auk\u0161tesn\u012f lyg\u012f.\" \/>\n<meta name=\"robots\" content=\"index, follow, max-snippet:-1, max-image-preview:large, max-video-preview:-1\" \/>\n<link rel=\"canonical\" href=\"https:\/\/talkpal.ai\/lt\/norvegu-kalbos-gramatika\/\" \/>\n<meta property=\"og:locale\" content=\"lt_LT\" \/>\n<meta property=\"og:type\" content=\"article\" \/>\n<meta property=\"og:title\" content=\"Norveg\u0173 kalbos gramatika\" \/>\n<meta property=\"og:description\" content=\"Pasinerkite \u012f norveg\u0173 kalbos gramatik\u0105: i\u0161samus vadovas Norveg\u0173 kalba, \u017eavi ir i\u0161rai\u0161kinga kalba, suteikia unikali\u0105 galimyb\u0119 besimokantiems kalb\u0173 tyrin\u0117ti\" \/>\n<meta property=\"og:url\" content=\"https:\/\/talkpal.ai\/lt\/norvegu-kalbos-gramatika\/\" \/>\n<meta property=\"og:site_name\" content=\"Talkpal\" \/>\n<meta property=\"article:publisher\" content=\"https:\/\/www.facebook.com\/profile.php?id=100090733639311\" \/>\n<meta property=\"article:modified_time\" content=\"2025-12-17T17:01:50+00:00\" \/>\n<meta property=\"og:image\" content=\"https:\/\/talkpal.ai\/wp-content\/uploads\/2023\/05\/norway.png\" \/>\n\t<meta property=\"og:image:width\" content=\"512\" \/>\n\t<meta property=\"og:image:height\" content=\"512\" \/>\n\t<meta property=\"og:image:type\" content=\"image\/png\" \/>\n<meta name=\"twitter:card\" content=\"summary_large_image\" \/>\n<meta name=\"twitter:site\" content=\"@talkpalai\" \/>\n<meta name=\"twitter:label1\" content=\"Est. reading time\" \/>\n\t<meta name=\"twitter:data1\" content=\"3 minut\u0117s\" \/>\n<script type=\"application\/ld+json\" class=\"yoast-schema-graph\">{\"@context\":\"https:\/\/schema.org\",\"@graph\":[{\"@type\":\"WebPage\",\"@id\":\"https:\/\/talkpal.ai\/lt\/norvegu-kalbos-gramatika\/\",\"url\":\"https:\/\/talkpal.ai\/lt\/norvegu-kalbos-gramatika\/\",\"name\":\"Norveg\u0173 kalbos gramatika - Talkpal\",\"isPartOf\":{\"@id\":\"https:\/\/talkpal.ai\/lt\/#website\"},\"primaryImageOfPage\":{\"@id\":\"https:\/\/talkpal.ai\/lt\/norvegu-kalbos-gramatika\/#primaryimage\"},\"image\":{\"@id\":\"https:\/\/talkpal.ai\/lt\/norvegu-kalbos-gramatika\/#primaryimage\"},\"thumbnailUrl\":\"https:\/\/talkpal.ai\/wp-content\/uploads\/2023\/05\/norway.png\",\"datePublished\":\"2023-05-14T14:13:06+00:00\",\"dateModified\":\"2025-12-17T17:01:50+00:00\",\"description\":\"Susipa\u017einkite su norveg\u0173 kalbos gramatikos subtilyb\u0117mis ir pakelkite savo kalbos \u012fg\u016bd\u017eius \u012f auk\u0161tesn\u012f lyg\u012f.\",\"breadcrumb\":{\"@id\":\"https:\/\/talkpal.ai\/lt\/norvegu-kalbos-gramatika\/#breadcrumb\"},\"inLanguage\":\"lt-LT\",\"potentialAction\":[{\"@type\":\"ReadAction\",\"target\":[\"https:\/\/talkpal.ai\/lt\/norvegu-kalbos-gramatika\/\"]}]},{\"@type\":\"ImageObject\",\"inLanguage\":\"lt-LT\",\"@id\":\"https:\/\/talkpal.ai\/lt\/norvegu-kalbos-gramatika\/#primaryimage\",\"url\":\"https:\/\/talkpal.ai\/wp-content\/uploads\/2023\/05\/norway.png\",\"contentUrl\":\"https:\/\/talkpal.ai\/wp-content\/uploads\/2023\/05\/norway.png\",\"width\":512,\"height\":512},{\"@type\":\"BreadcrumbList\",\"@id\":\"https:\/\/talkpal.ai\/lt\/norvegu-kalbos-gramatika\/#breadcrumb\",\"itemListElement\":[{\"@type\":\"ListItem\",\"position\":1,\"name\":\"Homepage\",\"item\":\"https:\/\/talkpal.ai\/lt\/\"},{\"@type\":\"ListItem\",\"position\":2,\"name\":\"Norveg\u0173 kalbos gramatika\"}]},{\"@type\":\"WebSite\",\"@id\":\"https:\/\/talkpal.ai\/lt\/#website\",\"url\":\"https:\/\/talkpal.ai\/lt\/\",\"name\":\"Talkpal\",\"description\":\"AI Language Learning\",\"publisher\":{\"@id\":\"https:\/\/talkpal.ai\/lt\/#organization\"},\"alternateName\":\"Talkpal AI\",\"potentialAction\":[{\"@type\":\"SearchAction\",\"target\":{\"@type\":\"EntryPoint\",\"urlTemplate\":\"https:\/\/talkpal.ai\/lt\/?s={search_term_string}\"},\"query-input\":{\"@type\":\"PropertyValueSpecification\",\"valueRequired\":true,\"valueName\":\"search_term_string\"}}],\"inLanguage\":\"lt-LT\"},{\"@type\":\"Organization\",\"@id\":\"https:\/\/talkpal.ai\/lt\/#organization\",\"name\":\"Talkpal, Inc.\",\"alternateName\":\"Talkpal AI\",\"url\":\"https:\/\/talkpal.ai\/lt\/\",\"logo\":{\"@type\":\"ImageObject\",\"inLanguage\":\"lt-LT\",\"@id\":\"https:\/\/talkpal.ai\/lt\/#\/schema\/logo\/image\/\",\"url\":\"https:\/\/talkpal.ai\/wp-content\/uploads\/2024\/03\/Talkpal-Logo-Icon.png\",\"contentUrl\":\"https:\/\/talkpal.ai\/wp-content\/uploads\/2024\/03\/Talkpal-Logo-Icon.png\",\"width\":2880,\"height\":2880,\"caption\":\"Talkpal, Inc.\"},\"image\":{\"@id\":\"https:\/\/talkpal.ai\/lt\/#\/schema\/logo\/image\/\"},\"sameAs\":[\"https:\/\/www.facebook.com\/profile.php?id=100090733639311\",\"https:\/\/x.com\/talkpalai\",\"https:\/\/www.linkedin.com\/company\/talkpal\/\",\"https:\/\/www.youtube.com\/@TalkPal\/\",\"https:\/\/www.tiktok.com\/@talkpal\",\"https:\/\/www.instagram.com\/talkpal_ai\/\",\"https:\/\/www.crunchbase.com\/organization\/talkpal-9cde\",\"https:\/\/www.g2.com\/products\/talkpal-for-business\/\",\"https:\/\/www.trustpilot.com\/review\/talkpal.ai\",\"https:\/\/www.capterra.com\/p\/10006800\/TalkPal\/\"],\"description\":\"Talkpal is a language learning web and mobile education app, powered by the latest AI technologies, that provides engaging experiences to its customers in many different languages to help them improve their language skills. Users can chat about unlimited amount of topics with the app and use other modes to practice their language learning.\",\"email\":\"support@talkpal.ai\",\"legalName\":\"Talkpal, Inc.\",\"foundingDate\":\"2023-04-03\",\"duns\":\"118989042\",\"numberOfEmployees\":{\"@type\":\"QuantitativeValue\",\"minValue\":\"11\",\"maxValue\":\"50\"},\"publishingPrinciples\":\"https:\/\/talkpal.ai\/publishing-principles\/\",\"actionableFeedbackPolicy\":\"https:\/\/talkpal.ai\/actionable-feedback-policy\/\",\"correctionsPolicy\":\"https:\/\/talkpal.ai\/corrections-policy\/\",\"ethicsPolicy\":\"https:\/\/talkpal.ai\/ethics-policy\/\",\"diversityPolicy\":\"https:\/\/talkpal.ai\/diversity-policy\/\",\"diversityStaffingReport\":\"https:\/\/talkpal.ai\/diversity-policy\/\"}]}<\/script>\n<!-- \/ Yoast SEO Premium plugin. -->","yoast_head_json":{"title":"Norveg\u0173 kalbos gramatika - Talkpal","description":"Susipa\u017einkite su norveg\u0173 kalbos gramatikos subtilyb\u0117mis ir pakelkite savo kalbos \u012fg\u016bd\u017eius \u012f auk\u0161tesn\u012f lyg\u012f.","robots":{"index":"index","follow":"follow","max-snippet":"max-snippet:-1","max-image-preview":"max-image-preview:large","max-video-preview":"max-video-preview:-1"},"canonical":"https:\/\/talkpal.ai\/lt\/norvegu-kalbos-gramatika\/","og_locale":"lt_LT","og_type":"article","og_title":"Norveg\u0173 kalbos gramatika","og_description":"Pasinerkite \u012f norveg\u0173 kalbos gramatik\u0105: i\u0161samus vadovas Norveg\u0173 kalba, \u017eavi ir i\u0161rai\u0161kinga kalba, suteikia unikali\u0105 galimyb\u0119 besimokantiems kalb\u0173 tyrin\u0117ti","og_url":"https:\/\/talkpal.ai\/lt\/norvegu-kalbos-gramatika\/","og_site_name":"Talkpal","article_publisher":"https:\/\/www.facebook.com\/profile.php?id=100090733639311","article_modified_time":"2025-12-17T17:01:50+00:00","og_image":[{"width":512,"height":512,"url":"https:\/\/talkpal.ai\/wp-content\/uploads\/2023\/05\/norway.png","type":"image\/png"}],"twitter_card":"summary_large_image","twitter_site":"@talkpalai","twitter_misc":{"Est. reading time":"3 minut\u0117s"},"schema":{"@context":"https:\/\/schema.org","@graph":[{"@type":"WebPage","@id":"https:\/\/talkpal.ai\/lt\/norvegu-kalbos-gramatika\/","url":"https:\/\/talkpal.ai\/lt\/norvegu-kalbos-gramatika\/","name":"Norveg\u0173 kalbos gramatika - Talkpal","isPartOf":{"@id":"https:\/\/talkpal.ai\/lt\/#website"},"primaryImageOfPage":{"@id":"https:\/\/talkpal.ai\/lt\/norvegu-kalbos-gramatika\/#primaryimage"},"image":{"@id":"https:\/\/talkpal.ai\/lt\/norvegu-kalbos-gramatika\/#primaryimage"},"thumbnailUrl":"https:\/\/talkpal.ai\/wp-content\/uploads\/2023\/05\/norway.png","datePublished":"2023-05-14T14:13:06+00:00","dateModified":"2025-12-17T17:01:50+00:00","description":"Susipa\u017einkite su norveg\u0173 kalbos gramatikos subtilyb\u0117mis ir pakelkite savo kalbos \u012fg\u016bd\u017eius \u012f auk\u0161tesn\u012f lyg\u012f.","breadcrumb":{"@id":"https:\/\/talkpal.ai\/lt\/norvegu-kalbos-gramatika\/#breadcrumb"},"inLanguage":"lt-LT","potentialAction":[{"@type":"ReadAction","target":["https:\/\/talkpal.ai\/lt\/norvegu-kalbos-gramatika\/"]}]},{"@type":"ImageObject","inLanguage":"lt-LT","@id":"https:\/\/talkpal.ai\/lt\/norvegu-kalbos-gramatika\/#primaryimage","url":"https:\/\/talkpal.ai\/wp-content\/uploads\/2023\/05\/norway.png","contentUrl":"https:\/\/talkpal.ai\/wp-content\/uploads\/2023\/05\/norway.png","width":512,"height":512},{"@type":"BreadcrumbList","@id":"https:\/\/talkpal.ai\/lt\/norvegu-kalbos-gramatika\/#breadcrumb","itemListElement":[{"@type":"ListItem","position":1,"name":"Homepage","item":"https:\/\/talkpal.ai\/lt\/"},{"@type":"ListItem","position":2,"name":"Norveg\u0173 kalbos gramatika"}]},{"@type":"WebSite","@id":"https:\/\/talkpal.ai\/lt\/#website","url":"https:\/\/talkpal.ai\/lt\/","name":"Talkpal","description":"AI Language Learning","publisher":{"@id":"https:\/\/talkpal.ai\/lt\/#organization"},"alternateName":"Talkpal AI","potentialAction":[{"@type":"SearchAction","target":{"@type":"EntryPoint","urlTemplate":"https:\/\/talkpal.ai\/lt\/?s={search_term_string}"},"query-input":{"@type":"PropertyValueSpecification","valueRequired":true,"valueName":"search_term_string"}}],"inLanguage":"lt-LT"},{"@type":"Organization","@id":"https:\/\/talkpal.ai\/lt\/#organization","name":"Talkpal, Inc.","alternateName":"Talkpal AI","url":"https:\/\/talkpal.ai\/lt\/","logo":{"@type":"ImageObject","inLanguage":"lt-LT","@id":"https:\/\/talkpal.ai\/lt\/#\/schema\/logo\/image\/","url":"https:\/\/talkpal.ai\/wp-content\/uploads\/2024\/03\/Talkpal-Logo-Icon.png","contentUrl":"https:\/\/talkpal.ai\/wp-content\/uploads\/2024\/03\/Talkpal-Logo-Icon.png","width":2880,"height":2880,"caption":"Talkpal, Inc."},"image":{"@id":"https:\/\/talkpal.ai\/lt\/#\/schema\/logo\/image\/"},"sameAs":["https:\/\/www.facebook.com\/profile.php?id=100090733639311","https:\/\/x.com\/talkpalai","https:\/\/www.linkedin.com\/company\/talkpal\/","https:\/\/www.youtube.com\/@TalkPal\/","https:\/\/www.tiktok.com\/@talkpal","https:\/\/www.instagram.com\/talkpal_ai\/","https:\/\/www.crunchbase.com\/organization\/talkpal-9cde","https:\/\/www.g2.com\/products\/talkpal-for-business\/","https:\/\/www.trustpilot.com\/review\/talkpal.ai","https:\/\/www.capterra.com\/p\/10006800\/TalkPal\/"],"description":"Talkpal is a language learning web and mobile education app, powered by the latest AI technologies, that provides engaging experiences to its customers in many different languages to help them improve their language skills. Users can chat about unlimited amount of topics with the app and use other modes to practice their language learning.","email":"support@talkpal.ai","legalName":"Talkpal, Inc.","foundingDate":"2023-04-03","duns":"118989042","numberOfEmployees":{"@type":"QuantitativeValue","minValue":"11","maxValue":"50"},"publishingPrinciples":"https:\/\/talkpal.ai\/publishing-principles\/","actionableFeedbackPolicy":"https:\/\/talkpal.ai\/actionable-feedback-policy\/","correctionsPolicy":"https:\/\/talkpal.ai\/corrections-policy\/","ethicsPolicy":"https:\/\/talkpal.ai\/ethics-policy\/","diversityPolicy":"https:\/\/talkpal.ai\/diversity-policy\/","diversityStaffingReport":"https:\/\/talkpal.ai\/diversity-policy\/"}]}},"_links":{"self":[{"href":"https:\/\/talkpal.ai\/lt\/wp-json\/wp\/v2\/pages\/148545","targetHints":{"allow":["GET"]}}],"collection":[{"href":"https:\/\/talkpal.ai\/lt\/wp-json\/wp\/v2\/pages"}],"about":[{"href":"https:\/\/talkpal.ai\/lt\/wp-json\/wp\/v2\/types\/page"}],"author":[{"embeddable":true,"href":"https:\/\/talkpal.ai\/lt\/wp-json\/wp\/v2\/users\/1"}],"replies":[{"embeddable":true,"href":"https:\/\/talkpal.ai\/lt\/wp-json\/wp\/v2\/comments?post=148545"}],"version-history":[{"count":0,"href":"https:\/\/talkpal.ai\/lt\/wp-json\/wp\/v2\/pages\/148545\/revisions"}],"wp:featuredmedia":[{"embeddable":true,"href":"https:\/\/talkpal.ai\/lt\/wp-json\/wp\/v2\/media\/116866"}],"wp:attachment":[{"href":"https:\/\/talkpal.ai\/lt\/wp-json\/wp\/v2\/media?parent=148545"}],"curies":[{"name":"wp","href":"https:\/\/api.w.org\/{rel}","templated":true}]}}