{"id":148206,"date":"2023-05-14T14:12:45","date_gmt":"2023-05-14T14:12:45","guid":{"rendered":"http:\/\/talkpal.ai\/nepalo-gramatika\/"},"modified":"2025-12-17T17:00:00","modified_gmt":"2025-12-17T17:00:00","slug":"nepalo-gramatika","status":"publish","type":"page","link":"https:\/\/talkpal.ai\/lt\/nepalo-gramatika\/","title":{"rendered":"Nepalo gramatika"},"content":{"rendered":"\r\n\r\n\r\n<section class=\"languageChallengeSection\">\r\n    <div class=\"languageInfoWrapper\">\r\n        \r\n        <h1>Nepalo gramatika<\/h1>\r\n        <p>Domina nepalie\u010di\u0173 kalba? Atraskite nepal\u0173 <a href=\"https:\/\/talkpal.ai\/what-language-is-spoken-on-the-international-space-station\/\">kalbos<\/a> gramatik\u0105, kurioje yra daiktavard\u017ei\u0173 gimin\u0117s, postpozicij\u0173 ir lanksti sakinio strukt\u016bra, tod\u0117l kalba yra i\u0161rai\u0161kinga ir \u012fdomi. Prad\u0117kite mokytis \u0161iandien &#8211; \u012fvald\u0119 nepal\u0173 kalbos gramatik\u0105 gal\u0117site prasmingai bendrauti ir susipa\u017einti su \u012fvairiomis <a href=\"https:\/\/talkpal.ai\/learn-nepali\/\">Nepalo<\/a> kult\u016bromis ir tradicijomis!<\/p>\r\n\r\n                            <a class=\"getStartedHidden\" href=\"https:\/\/app.talkpal.ai\/lt\/signup?lng=\">Prad\u0117k<\/a>\r\n        \r\n    <\/div>\r\n\r\n    <figure>\r\n    <img decoding=\"async\" width=\"768\" height=\"768\" src=\"https:\/\/talkpal.ai\/wp-content\/uploads\/2023\/06\/nepali-768x768.png\" class=\"languageImage no-lazy\" alt=\"Practical language learning for real-life application\" fetchpriority=\"high\" sizes=\"(max-width: 768px) 150px, 768px\" srcset=\"https:\/\/talkpal.ai\/wp-content\/uploads\/2023\/06\/nepali-768x768.png 768w, https:\/\/talkpal.ai\/wp-content\/uploads\/2023\/06\/nepali-300x300.png 300w\" \/>\r\n    \r\n\r\n    <\/figure>\r\n\r\n            <a class=\"getStartedVisible\" href=\"https:\/\/app.talkpal.ai\/lt\/signup?lng=\">Prad\u0117k<\/a>\r\n    \r\n<\/section>\r\n<section class=\"promotionalBanner\">\r\n    <p class=\"promotionalText\">Efektyviausias b\u016bdas mokytis kalbos<\/p>\r\n    <a class=\"promotionalLink\" href=\"https:\/\/app.talkpal.ai\/lt\/signup?lng=\">I\u0161bandykite Talkpal &#8221; nemokamai<\/a>\r\n<\/section>\n<div class=\"wp-block-group pageContainerStyle\"><div class=\"wp-block-group__inner-container is-layout-constrained wp-block-group-is-layout-constrained\">\n<h2 class=\"wp-block-heading\" id=\"h-delving-into-the-richness-of-nepali-grammar-an-insightful-guide\">Gilinimasis \u012f Nepalo gramatikos turtingum\u0105: \u012f\u017evalgus vadovas<\/h2>\n\n\n\n<p>Nepalie\u010di\u0173 kalba, indoarij\u0173 kalba, kuria kalba daugiau nei 25 milijonai \u017emoni\u0173 Nepale ir kaimyniniuose regionuose, yra puiki kalba, parodanti Piet\u0173 Azijos kult\u016brin\u012f turtingum\u0105 ir kalbin\u0119 \u012fvairov\u0119. Norint efektyviai bendrauti nepalie\u010di\u0173 kalba ir tikrai vertinti jo gro\u017e\u012f, reikia suprasti jo gramatik\u0105. \u0160iame straipsnyje ap\u017evelgsime esminius Nepalo gramatikos aspektus ir pasi\u016blysime praktini\u0173 patarim\u0173, kurie pad\u0117s \u012fvaldyti \u0161i\u0105 patraukli\u0105 kalb\u0105.<\/p>\n\n\n\n<h3 class=\"wp-block-heading\" id=\"h-key-aspects-of-nepali-grammar\">Pagrindiniai Nepalo gramatikos aspektai:<\/h3>\n\n\n\n<p>Nepalo <a href=\"https:\/\/talkpal.ai\/sq\/gramatika\/\">gramatika<\/a> i\u0161 prad\u017ei\u0173 gali pasirodyti sud\u0117tinga, ta\u010diau su laiku ir praktika galite <a href=\"https:\/\/talkpal.ai\/learn-thai\/\">tai<\/a> suprasti. \u0160tai keletas pagrindini\u0173 Nepalo gramatikos komponent\u0173, su kuriais reikia susipa\u017einti:<\/p>\n\n\n\n<p><strong>1. Daiktavard\u017eiai:<\/strong> Nepalo daiktavard\u017eiai neturi gramatin\u0117s lyties, tod\u0117l besimokantiesiems lengviau, nes nereikia \u012fsiminti kiekvieno daiktavard\u017eio lyties. Ta\u010diau daiktavard\u017eiai ra\u0161omi skai\u010diumi (vienaskaita ir daugiskaita) ir atveju (vardininkas, kilmininkas, dative ir kt.).<\/p>\n\n\n\n<p><strong>2. \u012evard\u017eiai: Asmeniniai \u012fvard\u017eiai<\/strong> Nepale turi tris formas: subjektyvi\u0105, objektyvi\u0105 ir savininki\u0161k\u0105. Jie sutinka su daiktavard\u017eiu, kur\u012f jie nurodo skai\u010diumi, bet ne lytimi. Taip pat yra \u012fvairi\u0173 \u012fvard\u017ei\u0173 ir veiksma\u017eod\u017ei\u0173 konjugacijos form\u0173, pagr\u012fst\u0173 formalumo lygiu (mandagus, pa\u017e\u012fstamas ar intymus).<\/p>\n\n\n\n<p><strong>3. Veiksma\u017eod\u017eiai: Nepalo veiksma\u017eod\u017eiai<\/strong> pasirenkami \u012ftemptai (dabar\u010diai, praei\u010diai ir atei\u010diai), nuotaikai (orientaciniam, imperatyviam ar subjunkciniam) ir aspektui (nuolatiniam, tobulam ar paprastam). Be to, veiksma\u017eod\u017ei\u0173 darybos modeliai skiriasi priklausomai nuo dalyko formalumo lygio.<\/p>\n\n\n\n<p>4. B\u016bdvard\u017eiai ir <strong>prieveiksmiai: B\u016bdvard\u017eiai<\/strong> nepalie\u010di\u0173 kalba paprastai eina po daiktavard\u017eio, kur\u012f jie modifikuoja, ir susitaria skai\u010diumi ir atveju. Prieveiksmiai gali b\u016bti naudojami papildomai informacijai pateikti ir paprastai nekei\u010dia j\u0173 formos.<\/p>\n\n\n\n<p>5. Sakinio strukt\u016bra: Tipi\u0161ka Nepalo <strong>sakinio strukt\u016bra<\/strong> atitinka dalyko-objekto-veiksma\u017eod\u017eio (SOV) tvark\u0105. Ta\u010diau \u017eod\u017ei\u0173 tvarka gali b\u016bti lanksti, atsi\u017evelgiant \u012f pabr\u0117\u017eim\u0105 ir kontekst\u0105.<\/p>\n\n\n\n<h3 class=\"wp-block-heading\" id=\"h-tips-for-learning-nepali-grammar\">Patarimai, kaip i\u0161mokti nepalie\u010di\u0173 gramatikos:<\/h3>\n\n\n\n<p>\u0160tai keletas veiksming\u0173 strategij\u0173, kaip padaryti j\u016bs\u0173 Nepalo gramatikos mokymosi kelion\u0119 sklandesn\u0119:<\/p>\n\n\n\n<p><strong>1. Prad\u0117kite nuo<\/strong> pagrind\u0173: Sutelkite d\u0117mes\u012f \u012f Nepalo gramatikos pagrind\u0173, toki\u0173 kaip daiktavard\u017ei\u0173 atvejai, \u012fvard\u017eiai ir veiksma\u017eod\u017ei\u0173 konjugacija, mokym\u0105si. Did\u0117jant j\u016bs\u0173 supratimui, palaipsniui \u012ftraukite sud\u0117tingesnes strukt\u016bras ir taisykles.<\/p>\n\n\n\n<p><strong>2. Reguliariai praktikuokite:<\/strong> Nuoseklumas yra labai svarbus mokantis naujos kalbos. Kiekvien\u0105 dien\u0105 ar savait\u0119 skirkite konkret\u0173 laik\u0105 gramatikos pratimams, skaitymui ir ra\u0161ymui nepalie\u010di\u0173 kalba.<\/p>\n\n\n\n<p><strong>3. Naudokite vietinius i\u0161teklius:<\/strong> Pasinerkite \u012f autenti\u0161k\u0105 Nepalo med\u017eiag\u0105, pvz., Literat\u016br\u0105, naujien\u0173 straipsnius ir podcast&#8217;us. <a href=\"https:\/\/talkpal.ai\/learn-thai\/\">Tai<\/a> ne tik pad\u0117s suprasti nepalie\u010di\u0173 kalbos gramatik\u0105 kontekste, bet ir pagerins bendrus kalbos \u012fg\u016bd\u017eius.<\/p>\n\n\n\n<p>4. Susisiekite su gimt\u0105ja kalba: \u012esitraukimas \u012f pokalbius <strong>su gimt\u0105ja<\/strong> nepalie\u010di\u0173 kalba leid\u017eia <a href=\"https:\/\/talkpal.ai\/grammar\/\">praktikuoti gramatik\u0105<\/a> realiose situacijose ir gauti verting\u0173 atsiliepim\u0173. Apsvarstykite galimyb\u0119 prisijungti prie kalb\u0173 main\u0173 grupi\u0173 ar internetini\u0173 forum\u0173, kad gal\u0117tum\u0117te susisiekti su nepalie\u010di\u0173 kalba kalban\u010diais asmenimis.<\/p>\n\n\n\n<p><strong>5. B\u016bkite kantr\u016bs ir atkakl\u016bs:<\/strong> Atminkite, kad naujos kalbos mokymasis reikalauja laiko, atkaklumo ir kantryb\u0117s. Priimkite i\u0161\u0161\u016bkius ir \u0161v\u0119skite savo pa\u017eang\u0105 kelyje.<\/p>\n\n\n\n<h3 class=\"wp-block-heading\" id=\"h-conclusion\">I\u0161vada:<\/h3>\n\n\n\n<p>Nepalo gramatika, pasi\u017eyminti unikaliomis savyb\u0117mis ir ry\u0161iais su indoarij\u0173 kalb\u0173 \u0161eima, si\u016blo \u012fdomi\u0105 kalbin\u0119 kelion\u0119. Suprasdami pagrindinius kalbos aspektus ir vadovaudamiesi m\u016bs\u0173 praktiniais patarimais, praminsite kalb\u0105 ir geriau suprasite nepal\u0173 kalb\u0105. Taigi, i\u0161dr\u012fskite su entuziazmu ir smalsumu ir priimkite kalbinius Nepalo lobius!<\/p>\n<\/div><\/div>\n\r\n<section class=\"learnNavigationSection\">\r\n            \r\n        <a href=\"https:\/\/talkpal.ai\/lt\/suzinokite-nepalieciu-kalba\/\">\r\n            <div class=\"learnNavigationWrapper\">\r\n                <div class=\"learnNavigationContent\">\r\n                    <img decoding=\"async\" src=\"https:\/\/talkpal.ai\/wp-content\/uploads\/2024\/08\/Nepali.jpg\" alt=\"Nepali Flag\">\r\n                    <div>\r\n                        <h4>Apie nepal\u0173 kalbos mokym\u0105si<\/h4>\r\n                        <p>Su\u017einokite visk\u0105 apie Nepalo gramatik\u0105.<\/p>\r\n                    <\/div>\r\n                <\/div>\r\n            <\/div>\r\n        <\/a>\r\n\r\n        \r\n        <a href=\"https:\/\/talkpal.ai\/lt\/nepalo-gramatikos-pratimai\/\">\r\n            <div class=\"learnNavigationWrapper\">\r\n                <div class=\"learnNavigationContent\">\r\n                    <img decoding=\"async\" src=\"https:\/\/talkpal.ai\/wp-content\/uploads\/2024\/08\/Nepali.jpg\" alt=\"Nepali Flag\">\r\n                    <div>\r\n                        <h4>Nepal\u0173 kalbos gramatikos pratimai<\/h4>\r\n                        <p>Praktikuokite Nepalo gramatik\u0105.<\/p>\r\n                    <\/div>\r\n                <\/div>\r\n            <\/div>\r\n        <\/a>\r\n\r\n        \r\n        <a href=\"https:\/\/talkpal.ai\/vocabulary_language\/nepali\/\">\r\n            <div class=\"learnNavigationWrapper\">\r\n                <div class=\"learnNavigationContent\">\r\n                    <img decoding=\"async\" src=\"https:\/\/talkpal.ai\/wp-content\/uploads\/2024\/08\/Nepali.jpg\" alt=\"Nepali Flag\">\r\n                    <div>\r\n                        <h4>Nepalo \u017eodynas<\/h4>\r\n                        <p>Prapl\u0117skite savo nepal\u0173 kalbos \u017eodyn\u0105.<\/p>\r\n                    <\/div>\r\n                <\/div>\r\n            <\/div>\r\n        <\/a>\r\n\r\n            <\/section>","protected":false},"excerpt":{"rendered":"<p>Gilinimasis \u012f Nepalo gramatikos turtingum\u0105: \u012f\u017evalgus vadovas Nepalie\u010di\u0173 kalba, indoarij\u0173 kalba, kuria kalba daugiau nei 25 milijonai \u017emoni\u0173 Nepale ir kaimyniniuose regionuose, yra puiki kalba, parodanti Piet\u0173 Azijos kult\u016brin\u012f turtingum\u0105 ir kalbin\u0119 \u012fvairov\u0119. Norint efektyviai bendrauti nepalie\u010di\u0173 kalba ir tikrai vertinti jo gro\u017e\u012f, reikia suprasti jo gramatik\u0105. \u0160iame straipsnyje ap\u017evelgsime esminius Nepalo gramatikos aspektus ir [&hellip;]<\/p>\n","protected":false},"author":1,"featured_media":116120,"parent":0,"menu_order":0,"comment_status":"closed","ping_status":"closed","template":"LearningContentPage.php","meta":{"_acf_changed":false,"footnotes":""},"class_list":["post-148206","page","type-page","status-publish","has-post-thumbnail","hentry"],"acf":[],"yoast_head":"<!-- This site is optimized with the Yoast SEO Premium plugin v27.2 (Yoast SEO v27.2) - https:\/\/yoast.com\/product\/yoast-seo-premium-wordpress\/ -->\n<title>Nepalo gramatika - Talkpal<\/title>\n<meta name=\"description\" content=\"Susipa\u017einkite su nepal\u0173 kalbos gramatika ir geriau supraskite kalb\u0105, naudodami ai\u0161kius ir glaustus paai\u0161kinimus.\" \/>\n<meta name=\"robots\" content=\"index, follow, max-snippet:-1, max-image-preview:large, max-video-preview:-1\" \/>\n<link rel=\"canonical\" href=\"https:\/\/talkpal.ai\/lt\/nepalo-gramatika\/\" \/>\n<meta property=\"og:locale\" content=\"lt_LT\" \/>\n<meta property=\"og:type\" content=\"article\" \/>\n<meta property=\"og:title\" content=\"Nepalo gramatika\" \/>\n<meta property=\"og:description\" content=\"Gilinimasis \u012f Nepalo gramatikos turtingum\u0105: \u012f\u017evalgus vadovas Nepalie\u010di\u0173 kalba, indoarij\u0173 kalba, kuria kalba daugiau nei 25 milijonai \u017emoni\u0173 Nepale ir\" \/>\n<meta property=\"og:url\" content=\"https:\/\/talkpal.ai\/lt\/nepalo-gramatika\/\" \/>\n<meta property=\"og:site_name\" content=\"Talkpal\" \/>\n<meta property=\"article:publisher\" content=\"https:\/\/www.facebook.com\/profile.php?id=100090733639311\" \/>\n<meta property=\"article:modified_time\" content=\"2025-12-17T17:00:00+00:00\" \/>\n<meta property=\"og:image\" content=\"https:\/\/talkpal.ai\/wp-content\/uploads\/2023\/05\/nepal.png\" \/>\n\t<meta property=\"og:image:width\" content=\"512\" \/>\n\t<meta property=\"og:image:height\" content=\"512\" \/>\n\t<meta property=\"og:image:type\" content=\"image\/png\" \/>\n<meta name=\"twitter:card\" content=\"summary_large_image\" \/>\n<meta name=\"twitter:site\" content=\"@talkpalai\" \/>\n<meta name=\"twitter:label1\" content=\"Est. reading time\" \/>\n\t<meta name=\"twitter:data1\" content=\"3 minut\u0117s\" \/>\n<script type=\"application\/ld+json\" class=\"yoast-schema-graph\">{\"@context\":\"https:\/\/schema.org\",\"@graph\":[{\"@type\":\"WebPage\",\"@id\":\"https:\/\/talkpal.ai\/lt\/nepalo-gramatika\/\",\"url\":\"https:\/\/talkpal.ai\/lt\/nepalo-gramatika\/\",\"name\":\"Nepalo gramatika - Talkpal\",\"isPartOf\":{\"@id\":\"https:\/\/talkpal.ai\/lt\/#website\"},\"primaryImageOfPage\":{\"@id\":\"https:\/\/talkpal.ai\/lt\/nepalo-gramatika\/#primaryimage\"},\"image\":{\"@id\":\"https:\/\/talkpal.ai\/lt\/nepalo-gramatika\/#primaryimage\"},\"thumbnailUrl\":\"https:\/\/talkpal.ai\/wp-content\/uploads\/2023\/05\/nepal.png\",\"datePublished\":\"2023-05-14T14:12:45+00:00\",\"dateModified\":\"2025-12-17T17:00:00+00:00\",\"description\":\"Susipa\u017einkite su nepal\u0173 kalbos gramatika ir geriau supraskite kalb\u0105, naudodami ai\u0161kius ir glaustus paai\u0161kinimus.\",\"breadcrumb\":{\"@id\":\"https:\/\/talkpal.ai\/lt\/nepalo-gramatika\/#breadcrumb\"},\"inLanguage\":\"lt-LT\",\"potentialAction\":[{\"@type\":\"ReadAction\",\"target\":[\"https:\/\/talkpal.ai\/lt\/nepalo-gramatika\/\"]}]},{\"@type\":\"ImageObject\",\"inLanguage\":\"lt-LT\",\"@id\":\"https:\/\/talkpal.ai\/lt\/nepalo-gramatika\/#primaryimage\",\"url\":\"https:\/\/talkpal.ai\/wp-content\/uploads\/2023\/05\/nepal.png\",\"contentUrl\":\"https:\/\/talkpal.ai\/wp-content\/uploads\/2023\/05\/nepal.png\",\"width\":512,\"height\":512},{\"@type\":\"BreadcrumbList\",\"@id\":\"https:\/\/talkpal.ai\/lt\/nepalo-gramatika\/#breadcrumb\",\"itemListElement\":[{\"@type\":\"ListItem\",\"position\":1,\"name\":\"Homepage\",\"item\":\"https:\/\/talkpal.ai\/lt\/\"},{\"@type\":\"ListItem\",\"position\":2,\"name\":\"Nepalo gramatika\"}]},{\"@type\":\"WebSite\",\"@id\":\"https:\/\/talkpal.ai\/lt\/#website\",\"url\":\"https:\/\/talkpal.ai\/lt\/\",\"name\":\"Talkpal\",\"description\":\"AI Language Learning\",\"publisher\":{\"@id\":\"https:\/\/talkpal.ai\/lt\/#organization\"},\"alternateName\":\"Talkpal AI\",\"potentialAction\":[{\"@type\":\"SearchAction\",\"target\":{\"@type\":\"EntryPoint\",\"urlTemplate\":\"https:\/\/talkpal.ai\/lt\/?s={search_term_string}\"},\"query-input\":{\"@type\":\"PropertyValueSpecification\",\"valueRequired\":true,\"valueName\":\"search_term_string\"}}],\"inLanguage\":\"lt-LT\"},{\"@type\":\"Organization\",\"@id\":\"https:\/\/talkpal.ai\/lt\/#organization\",\"name\":\"Talkpal, Inc.\",\"alternateName\":\"Talkpal AI\",\"url\":\"https:\/\/talkpal.ai\/lt\/\",\"logo\":{\"@type\":\"ImageObject\",\"inLanguage\":\"lt-LT\",\"@id\":\"https:\/\/talkpal.ai\/lt\/#\/schema\/logo\/image\/\",\"url\":\"https:\/\/talkpal.ai\/wp-content\/uploads\/2024\/03\/Talkpal-Logo-Icon.png\",\"contentUrl\":\"https:\/\/talkpal.ai\/wp-content\/uploads\/2024\/03\/Talkpal-Logo-Icon.png\",\"width\":2880,\"height\":2880,\"caption\":\"Talkpal, Inc.\"},\"image\":{\"@id\":\"https:\/\/talkpal.ai\/lt\/#\/schema\/logo\/image\/\"},\"sameAs\":[\"https:\/\/www.facebook.com\/profile.php?id=100090733639311\",\"https:\/\/x.com\/talkpalai\",\"https:\/\/www.linkedin.com\/company\/talkpal\/\",\"https:\/\/www.youtube.com\/@TalkPal\/\",\"https:\/\/www.tiktok.com\/@talkpal\",\"https:\/\/www.instagram.com\/talkpal_ai\/\",\"https:\/\/www.crunchbase.com\/organization\/talkpal-9cde\",\"https:\/\/www.g2.com\/products\/talkpal-for-business\/\",\"https:\/\/www.trustpilot.com\/review\/talkpal.ai\",\"https:\/\/www.capterra.com\/p\/10006800\/TalkPal\/\"],\"description\":\"Talkpal is a language learning web and mobile education app, powered by the latest AI technologies, that provides engaging experiences to its customers in many different languages to help them improve their language skills. Users can chat about unlimited amount of topics with the app and use other modes to practice their language learning.\",\"email\":\"support@talkpal.ai\",\"legalName\":\"Talkpal, Inc.\",\"foundingDate\":\"2023-04-03\",\"duns\":\"118989042\",\"numberOfEmployees\":{\"@type\":\"QuantitativeValue\",\"minValue\":\"11\",\"maxValue\":\"50\"},\"publishingPrinciples\":\"https:\/\/talkpal.ai\/publishing-principles\/\",\"actionableFeedbackPolicy\":\"https:\/\/talkpal.ai\/actionable-feedback-policy\/\",\"correctionsPolicy\":\"https:\/\/talkpal.ai\/corrections-policy\/\",\"ethicsPolicy\":\"https:\/\/talkpal.ai\/ethics-policy\/\",\"diversityPolicy\":\"https:\/\/talkpal.ai\/diversity-policy\/\",\"diversityStaffingReport\":\"https:\/\/talkpal.ai\/diversity-policy\/\"}]}<\/script>\n<!-- \/ Yoast SEO Premium plugin. -->","yoast_head_json":{"title":"Nepalo gramatika - Talkpal","description":"Susipa\u017einkite su nepal\u0173 kalbos gramatika ir geriau supraskite kalb\u0105, naudodami ai\u0161kius ir glaustus paai\u0161kinimus.","robots":{"index":"index","follow":"follow","max-snippet":"max-snippet:-1","max-image-preview":"max-image-preview:large","max-video-preview":"max-video-preview:-1"},"canonical":"https:\/\/talkpal.ai\/lt\/nepalo-gramatika\/","og_locale":"lt_LT","og_type":"article","og_title":"Nepalo gramatika","og_description":"Gilinimasis \u012f Nepalo gramatikos turtingum\u0105: \u012f\u017evalgus vadovas Nepalie\u010di\u0173 kalba, indoarij\u0173 kalba, kuria kalba daugiau nei 25 milijonai \u017emoni\u0173 Nepale ir","og_url":"https:\/\/talkpal.ai\/lt\/nepalo-gramatika\/","og_site_name":"Talkpal","article_publisher":"https:\/\/www.facebook.com\/profile.php?id=100090733639311","article_modified_time":"2025-12-17T17:00:00+00:00","og_image":[{"width":512,"height":512,"url":"https:\/\/talkpal.ai\/wp-content\/uploads\/2023\/05\/nepal.png","type":"image\/png"}],"twitter_card":"summary_large_image","twitter_site":"@talkpalai","twitter_misc":{"Est. reading time":"3 minut\u0117s"},"schema":{"@context":"https:\/\/schema.org","@graph":[{"@type":"WebPage","@id":"https:\/\/talkpal.ai\/lt\/nepalo-gramatika\/","url":"https:\/\/talkpal.ai\/lt\/nepalo-gramatika\/","name":"Nepalo gramatika - Talkpal","isPartOf":{"@id":"https:\/\/talkpal.ai\/lt\/#website"},"primaryImageOfPage":{"@id":"https:\/\/talkpal.ai\/lt\/nepalo-gramatika\/#primaryimage"},"image":{"@id":"https:\/\/talkpal.ai\/lt\/nepalo-gramatika\/#primaryimage"},"thumbnailUrl":"https:\/\/talkpal.ai\/wp-content\/uploads\/2023\/05\/nepal.png","datePublished":"2023-05-14T14:12:45+00:00","dateModified":"2025-12-17T17:00:00+00:00","description":"Susipa\u017einkite su nepal\u0173 kalbos gramatika ir geriau supraskite kalb\u0105, naudodami ai\u0161kius ir glaustus paai\u0161kinimus.","breadcrumb":{"@id":"https:\/\/talkpal.ai\/lt\/nepalo-gramatika\/#breadcrumb"},"inLanguage":"lt-LT","potentialAction":[{"@type":"ReadAction","target":["https:\/\/talkpal.ai\/lt\/nepalo-gramatika\/"]}]},{"@type":"ImageObject","inLanguage":"lt-LT","@id":"https:\/\/talkpal.ai\/lt\/nepalo-gramatika\/#primaryimage","url":"https:\/\/talkpal.ai\/wp-content\/uploads\/2023\/05\/nepal.png","contentUrl":"https:\/\/talkpal.ai\/wp-content\/uploads\/2023\/05\/nepal.png","width":512,"height":512},{"@type":"BreadcrumbList","@id":"https:\/\/talkpal.ai\/lt\/nepalo-gramatika\/#breadcrumb","itemListElement":[{"@type":"ListItem","position":1,"name":"Homepage","item":"https:\/\/talkpal.ai\/lt\/"},{"@type":"ListItem","position":2,"name":"Nepalo gramatika"}]},{"@type":"WebSite","@id":"https:\/\/talkpal.ai\/lt\/#website","url":"https:\/\/talkpal.ai\/lt\/","name":"Talkpal","description":"AI Language Learning","publisher":{"@id":"https:\/\/talkpal.ai\/lt\/#organization"},"alternateName":"Talkpal AI","potentialAction":[{"@type":"SearchAction","target":{"@type":"EntryPoint","urlTemplate":"https:\/\/talkpal.ai\/lt\/?s={search_term_string}"},"query-input":{"@type":"PropertyValueSpecification","valueRequired":true,"valueName":"search_term_string"}}],"inLanguage":"lt-LT"},{"@type":"Organization","@id":"https:\/\/talkpal.ai\/lt\/#organization","name":"Talkpal, Inc.","alternateName":"Talkpal AI","url":"https:\/\/talkpal.ai\/lt\/","logo":{"@type":"ImageObject","inLanguage":"lt-LT","@id":"https:\/\/talkpal.ai\/lt\/#\/schema\/logo\/image\/","url":"https:\/\/talkpal.ai\/wp-content\/uploads\/2024\/03\/Talkpal-Logo-Icon.png","contentUrl":"https:\/\/talkpal.ai\/wp-content\/uploads\/2024\/03\/Talkpal-Logo-Icon.png","width":2880,"height":2880,"caption":"Talkpal, Inc."},"image":{"@id":"https:\/\/talkpal.ai\/lt\/#\/schema\/logo\/image\/"},"sameAs":["https:\/\/www.facebook.com\/profile.php?id=100090733639311","https:\/\/x.com\/talkpalai","https:\/\/www.linkedin.com\/company\/talkpal\/","https:\/\/www.youtube.com\/@TalkPal\/","https:\/\/www.tiktok.com\/@talkpal","https:\/\/www.instagram.com\/talkpal_ai\/","https:\/\/www.crunchbase.com\/organization\/talkpal-9cde","https:\/\/www.g2.com\/products\/talkpal-for-business\/","https:\/\/www.trustpilot.com\/review\/talkpal.ai","https:\/\/www.capterra.com\/p\/10006800\/TalkPal\/"],"description":"Talkpal is a language learning web and mobile education app, powered by the latest AI technologies, that provides engaging experiences to its customers in many different languages to help them improve their language skills. Users can chat about unlimited amount of topics with the app and use other modes to practice their language learning.","email":"support@talkpal.ai","legalName":"Talkpal, Inc.","foundingDate":"2023-04-03","duns":"118989042","numberOfEmployees":{"@type":"QuantitativeValue","minValue":"11","maxValue":"50"},"publishingPrinciples":"https:\/\/talkpal.ai\/publishing-principles\/","actionableFeedbackPolicy":"https:\/\/talkpal.ai\/actionable-feedback-policy\/","correctionsPolicy":"https:\/\/talkpal.ai\/corrections-policy\/","ethicsPolicy":"https:\/\/talkpal.ai\/ethics-policy\/","diversityPolicy":"https:\/\/talkpal.ai\/diversity-policy\/","diversityStaffingReport":"https:\/\/talkpal.ai\/diversity-policy\/"}]}},"_links":{"self":[{"href":"https:\/\/talkpal.ai\/lt\/wp-json\/wp\/v2\/pages\/148206","targetHints":{"allow":["GET"]}}],"collection":[{"href":"https:\/\/talkpal.ai\/lt\/wp-json\/wp\/v2\/pages"}],"about":[{"href":"https:\/\/talkpal.ai\/lt\/wp-json\/wp\/v2\/types\/page"}],"author":[{"embeddable":true,"href":"https:\/\/talkpal.ai\/lt\/wp-json\/wp\/v2\/users\/1"}],"replies":[{"embeddable":true,"href":"https:\/\/talkpal.ai\/lt\/wp-json\/wp\/v2\/comments?post=148206"}],"version-history":[{"count":0,"href":"https:\/\/talkpal.ai\/lt\/wp-json\/wp\/v2\/pages\/148206\/revisions"}],"wp:featuredmedia":[{"embeddable":true,"href":"https:\/\/talkpal.ai\/lt\/wp-json\/wp\/v2\/media\/116120"}],"wp:attachment":[{"href":"https:\/\/talkpal.ai\/lt\/wp-json\/wp\/v2\/media?parent=148206"}],"curies":[{"name":"wp","href":"https:\/\/api.w.org\/{rel}","templated":true}]}}