{"id":147914,"date":"2023-05-14T14:12:25","date_gmt":"2023-05-14T14:12:25","guid":{"rendered":"http:\/\/talkpal.ai\/maoriu-gramatika\/"},"modified":"2025-12-17T16:44:08","modified_gmt":"2025-12-17T16:44:08","slug":"maoriu-gramatika","status":"publish","type":"page","link":"https:\/\/talkpal.ai\/lt\/maoriu-gramatika\/","title":{"rendered":"Maori\u0173 gramatika"},"content":{"rendered":"\r\n\r\n\r\n<section class=\"languageChallengeSection\">\r\n    <div class=\"languageInfoWrapper\">\r\n        \r\n        <h1>Maori\u0173 gramatika<\/h1>\r\n        <p>Norite i\u0161mokti <a href=\"https:\/\/talkpal.ai\/learn-maori\/\">maori\u0173<\/a> <a href=\"https:\/\/talkpal.ai\/what-language-is-spoken-on-the-international-space-station\/\">kalbos<\/a>? Susipa\u017einkite su maori\u0173 kalbos <a href=\"https:\/\/talkpal.ai\/sq\/gramatika\/\">gramatika<\/a>, gars\u0117jan\u010dia savo paprastumu, straipsni\u0173 vartojimu ir svarbiu dalely\u010di\u0173 vaidmeniu reik\u0161mei formuoti. Prad\u0117kite jau \u0161iandien &#8211; i\u0161mok\u0119 maori\u0173 kalbos gramatik\u0105 gal\u0117site giliau pa\u017einti turting\u0105 kalbos paveld\u0105 ir gyvybing\u0105 Naujosios Zelandijos Aotearoa kult\u016br\u0105!<\/p>\r\n\r\n                            <a class=\"getStartedHidden\" href=\"https:\/\/app.talkpal.ai\/lt\/signup?lng=\">Prad\u0117k<\/a>\r\n        \r\n    <\/div>\r\n\r\n    <figure>\r\n    <img decoding=\"async\" width=\"768\" height=\"768\" src=\"https:\/\/talkpal.ai\/wp-content\/uploads\/2023\/06\/maori-768x768.png\" class=\"languageImage no-lazy\" alt=\"Language learning for social and professional settings\" fetchpriority=\"high\" sizes=\"(max-width: 768px) 150px, 768px\" srcset=\"https:\/\/talkpal.ai\/wp-content\/uploads\/2023\/06\/maori-768x768.png 768w, https:\/\/talkpal.ai\/wp-content\/uploads\/2023\/06\/maori-300x300.png 300w\" \/>\r\n    \r\n\r\n    <\/figure>\r\n\r\n            <a class=\"getStartedVisible\" href=\"https:\/\/app.talkpal.ai\/lt\/signup?lng=\">Prad\u0117k<\/a>\r\n    \r\n<\/section>\r\n<section class=\"promotionalBanner\">\r\n    <p class=\"promotionalText\">Efektyviausias b\u016bdas mokytis kalbos<\/p>\r\n    <a class=\"promotionalLink\" href=\"https:\/\/app.talkpal.ai\/lt\/signup?lng=\">I\u0161bandykite Talkpal &#8221; nemokamai<\/a>\r\n<\/section>\n<div class=\"wp-block-group pageContainerStyle\"><div class=\"wp-block-group__inner-container is-layout-constrained wp-block-group-is-layout-constrained\">\n<h2 class=\"wp-block-heading\" id=\"h-maori-grammar-your-ticket-to-a-vibrant-bicultural-world\">Maori\u0173 gramatika: j\u016bs\u0173 bilietas \u012f energing\u0105 dvikult\u016br\u012f pasaul\u012f<\/h2>\n\n\n\n<p><a href=\"https:\/\/talkpal.ai\/culture\/how-do-you-say-lets-go-in-maori\/\">Kia ora<\/a>! Sveiki atvyk\u0119 \u012f nuostab\u0173 maori\u0173 kalbos pasaul\u012f. Naujosios Zelandijos vietin\u0117 kalba &#8211; maori\u0173 arba te reo maori\u0173 &#8211; suteikia unikali\u0105 galimyb\u0119 susipa\u017einti su sen\u0105ja kult\u016bra ir gyvybinga ja kalban\u010di\u0173j\u0173 bendruomene. Kaip ir bet kuri kita kalba, maori\u0173 kalbos gramatika gali atrodyti sud\u0117tinga, bet nesijaudinkite! \u0160is pradedantiesiems pritaikytas vadovas supaprastins pagrindinius maori\u0173 kalbos gramatikos komponentus, kad kelion\u0117 b\u016bt\u0173 vizualiai patraukli ir informatyvi.<\/p>\n\n\n\n<h3 class=\"wp-block-heading\" id=\"h-1-starting-with-the-basics-maori-alphabet-and-pronunciation\">1. Pradedant nuo pagrind\u0173: maori\u0173 ab\u0117c\u0117l\u0117 ir tarimas<\/h3>\n\n\n\n<p>Maoriai naudoja modifikuot\u0105 lotyni\u0161k\u0105 ra\u0161men\u012f, kur\u012f sudaro tik 15 raid\u017ei\u0173: penki balsiai (a, e, i, o ir tu) ir de\u0161imt priebalsi\u0173 (h, k, m, n, p, r, t, w, ng ir wh). Susipa\u017einkite su \u0161iomis raid\u0117mis ir j\u0173 skirtingais tarimais, nes jie padeda pagrind\u0105 visam v\u0117lesniam maori\u0173 kalbos gramatikos mokymuisi.<\/p>\n\n\n\n<h3 class=\"wp-block-heading\" id=\"h-2-exploring-maori-sentence-structure\">2. Maori\u0173 sakini\u0173 strukt\u016bros tyrin\u0117jimas<\/h3>\n\n\n\n<p>I\u0161 esm\u0117s maori\u0173 kalbos gramatika atitinka paprast\u0105 dalyko-veiksma\u017eod\u017eio (-objekto) strukt\u016br\u0105, o veiksma\u017eodis paprastai yra prie\u0161 subjekt\u0105. Ai\u0161kiausias b\u016bdas suprasti \u0161i\u0105 strukt\u016br\u0105 yra pamatyti j\u0105 veikiant:<\/p>\n\n\n\n<p><strong>Angl\u0173 kalba: Vaikas \u017eaid\u017eia.<\/strong><\/p>\n\n\n\n<p><strong>Maoriai: Kei te t\u0101karo te tamaiti.<\/strong><\/p>\n\n\n\n<p>Maori\u0173 kalboje veiksma\u017eod\u017eio laikas nurodomas dalelyt\u0117mis arba prie sakinio pridedant laiko rodikl\u012f.<\/p>\n\n\n\n<h3 class=\"wp-block-heading\" id=\"h-3-demystifying-particles-building-blocks-of-maori-grammar\">3. Demistifikuojan\u010dios dalel\u0117s: maori\u0173 gramatikos statybiniai blokai<\/h3>\n\n\n\n<p>Dalel\u0117s vaidina lemiam\u0105 vaidmen\u012f maori\u0173 gramatikoje, susiedamos \u017eod\u017eius ir frazes, kad sukurt\u0173 nuoseklius ir i\u0161rai\u0161kingus sakinius. Kaip pradedantysis, sutelkite d\u0117mes\u012f \u012f keli\u0173 esmini\u0173 daleli\u0173 supratim\u0105:<\/p>\n\n\n\n<p><strong>&#8211; Kia: vartojamas \u012fsakymams, pageidavimams ir veiksmo tikslui nurodyti.<\/strong><\/p>\n\n\n\n<p><strong>&#8211; Kei: vartojamas t\u0119stiniam laikui sudaryti.<\/strong><\/p>\n\n\n\n<p><strong>&#8211; Ko: vartojamas sakinio subjektui nurodyti.<\/strong><\/p>\n\n\n\n<h3 class=\"wp-block-heading\" id=\"h-4-getting-to-know-maori-pronouns\">4. Susipa\u017einimas su maori\u0173 \u012fvard\u017eiais<\/h3>\n\n\n\n<p>\u012evard\u017eiai maori\u0173 kalba pakei\u010dia daiktavard\u017eius ir padeda i\u0161laikyti j\u016bs\u0173 pokalbius nat\u016bralius ir skland\u017eius. Kaip pradedantysis, sutelkite d\u0117mes\u012f \u012f asmenini\u0173 ir savininki\u0161k\u0173 \u012fvard\u017ei\u0173 supratim\u0105:<\/p>\n\n\n\n<p>Asmeniniai \u012fvard\u017eiai: ahau (I), koe (tu, vienaskaita), ia (jis\/ji), t\u0101ua (mes, \u012fskaitant asmen\u012f, su kuriuo kalbama), m\u0101ua (mes, i\u0161skyrus asmen\u012f, su kuriuo kalbama), koutou (tu, daugiskaita), r\u0101tau (jie)<\/p>\n\n\n\n<p>Savybiniai \u012fvard\u017eiai: taku\/t\u014dku (mano), t\u014du (tavo, vienaskaita), t\u014dna (jo\/jos), t\u014d t\u0101ua (m\u016bs\u0173, \u012fskaitant kalb\u0117toj\u0105 ir klausytoj\u0105), t\u014d m\u0101ua (m\u016bs\u0173, kalb\u0117tojo ir ka\u017ekieno kito), t\u014d koutou (tavo, daugiskaita), t\u014d r\u0101tau (j\u0173)<\/p>\n\n\n\n<h3 class=\"wp-block-heading\" id=\"h-5-navigating-maori-nouns-and-adjectives\">5. Maori\u0173 kalbos daiktavard\u017ei\u0173 ir b\u016bdvard\u017ei\u0173 nar\u0161ymas<\/h3>\n\n\n\n<p>Maori\u0173 daiktavard\u017eiai ir b\u016bdvard\u017eiai atitinka paprastas gramatines taisykles, tod\u0117l pradedantiesiems lengva suprasti. B\u016bdvard\u017eiai paprastai eina po daiktavard\u017eio, kur\u012f apib\u016bdina, o daiktavard\u017ei\u0173 daugiskaitos atveju prie\u0161 daiktavard\u012f tiesiog pridedama dalelyt\u0117 &#8222;ng\u0101&#8221;. Pavyzd\u017eiui:<\/p>\n\n\n\n<p><strong>Te whare nui &#8211; &#8222;didysis namas&#8221;<\/strong><\/p>\n\n\n\n<p><strong>Ng\u0101 tamariki &#8211; &#8222;vaikai&#8221;<\/strong><\/p>\n\n\n\n<p>\u0160tai ir viskas! J\u016bs \u017eeng\u0117te pirmuosius \u017eingsnius, kad \u012fvaldytum\u0117te maori\u0173 gramatik\u0105 ir praturtintum\u0117te savo kelion\u0119 maori\u0173 kalba ir kult\u016bra. Atminkite, kad praktika, atkaklumas ir panardinimas yra b\u016btini s\u0117kmei, tod\u0117l bendraukite su gimt\u0105ja kalba, tyrin\u0117kite maori\u0173 tekstus ir stiprinkite savo kalbos pagrind\u0105. Kia kaha! (Eik stiprus!)<\/p>\n<\/div><\/div>\n\r\n<section class=\"learnNavigationSection\">\r\n            \r\n        <a href=\"https:\/\/talkpal.ai\/lt\/mokykis-maoriu-kalbos\/\">\r\n            <div class=\"learnNavigationWrapper\">\r\n                <div class=\"learnNavigationContent\">\r\n                    <img decoding=\"async\" src=\"https:\/\/talkpal.ai\/wp-content\/uploads\/2024\/08\/Maori.jpg\" alt=\"New Zealand Flag\">\r\n                    <div>\r\n                        <h4>Maori\u0173 gramatikos pamokos<\/h4>\r\n                        <p>Su\u017einokite visk\u0105 apie maori\u0173 gramatik\u0105.<\/p>\r\n                    <\/div>\r\n                <\/div>\r\n            <\/div>\r\n        <\/a>\r\n\r\n        \r\n        <a href=\"https:\/\/talkpal.ai\/lt\/maoriu-kalbos-gramatikos-pratimai\/\">\r\n            <div class=\"learnNavigationWrapper\">\r\n                <div class=\"learnNavigationContent\">\r\n                    <img decoding=\"async\" src=\"https:\/\/talkpal.ai\/wp-content\/uploads\/2024\/08\/Maori.jpg\" alt=\"New Zealand Flag\">\r\n                    <div>\r\n                        <h4>Maori\u0173 kalbos gramatikos pratybos<\/h4>\r\n                        <p>Praktikuokit\u0117s maori\u0173 kalbos gramatik\u0105.<\/p>\r\n                    <\/div>\r\n                <\/div>\r\n            <\/div>\r\n        <\/a>\r\n\r\n        \r\n        <a href=\"https:\/\/talkpal.ai\/vocabulary_language\/maori\/\">\r\n            <div class=\"learnNavigationWrapper\">\r\n                <div class=\"learnNavigationContent\">\r\n                    <img decoding=\"async\" src=\"https:\/\/talkpal.ai\/wp-content\/uploads\/2024\/08\/Maori.jpg\" alt=\"New Zealand Flag\">\r\n                    <div>\r\n                        <h4>Maori\u0173 kalbos \u017eodynas<\/h4>\r\n                        <p>Prapl\u0117skite savo maori\u0173 kalbos \u017eodyn\u0105.<\/p>\r\n                    <\/div>\r\n                <\/div>\r\n            <\/div>\r\n        <\/a>\r\n\r\n            <\/section>","protected":false},"excerpt":{"rendered":"<p>Maori\u0173 gramatika: j\u016bs\u0173 bilietas \u012f energing\u0105 dvikult\u016br\u012f pasaul\u012f Kia ora! Sveiki atvyk\u0119 \u012f nuostab\u0173 maori\u0173 kalbos pasaul\u012f. Naujosios Zelandijos vietin\u0117 kalba &#8211; maori\u0173 arba te reo maori\u0173 &#8211; suteikia unikali\u0105 galimyb\u0119 susipa\u017einti su sen\u0105ja kult\u016bra ir gyvybinga ja kalban\u010di\u0173j\u0173 bendruomene. Kaip ir bet kuri kita kalba, maori\u0173 kalbos gramatika gali atrodyti sud\u0117tinga, bet nesijaudinkite! \u0160is [&hellip;]<\/p>\n","protected":false},"author":1,"featured_media":116647,"parent":0,"menu_order":0,"comment_status":"closed","ping_status":"closed","template":"LearningContentPage.php","meta":{"_acf_changed":false,"footnotes":""},"class_list":["post-147914","page","type-page","status-publish","has-post-thumbnail","hentry"],"acf":[],"yoast_head":"<!-- This site is optimized with the Yoast SEO Premium plugin v27.2 (Yoast SEO v27.2) - https:\/\/yoast.com\/product\/yoast-seo-premium-wordpress\/ -->\n<title>Maori\u0173 gramatika - Talkpal<\/title>\n<meta name=\"description\" content=\"Susipa\u017einkite su maori\u0173 kalbos gramatikos pagrindais naudodamiesi m\u016bs\u0173 pradedan\u010di\u0173j\u0173 vadovu. Su\u017einokite 15 maori\u0173 kalbos raid\u017ei\u0173 ir pagrindines te reo taisykles.\" \/>\n<meta name=\"robots\" content=\"index, follow, max-snippet:-1, max-image-preview:large, max-video-preview:-1\" \/>\n<link rel=\"canonical\" href=\"https:\/\/talkpal.ai\/lt\/maoriu-gramatika\/\" \/>\n<meta property=\"og:locale\" content=\"lt_LT\" \/>\n<meta property=\"og:type\" content=\"article\" \/>\n<meta property=\"og:title\" content=\"Maori\u0173 gramatika\" \/>\n<meta property=\"og:description\" content=\"Maori\u0173 gramatika: j\u016bs\u0173 bilietas \u012f energing\u0105 dvikult\u016br\u012f pasaul\u012f Kia ora! Sveiki atvyk\u0119 \u012f nuostab\u0173 maori\u0173 kalbos pasaul\u012f. Naujosios Zelandijos vietin\u0117 kalba\" \/>\n<meta property=\"og:url\" content=\"https:\/\/talkpal.ai\/lt\/maoriu-gramatika\/\" \/>\n<meta property=\"og:site_name\" content=\"Talkpal\" \/>\n<meta property=\"article:publisher\" content=\"https:\/\/www.facebook.com\/profile.php?id=100090733639311\" \/>\n<meta property=\"article:modified_time\" content=\"2025-12-17T16:44:08+00:00\" \/>\n<meta property=\"og:image\" content=\"https:\/\/talkpal.ai\/wp-content\/uploads\/2023\/05\/Maori-new-zealand.png\" \/>\n\t<meta property=\"og:image:width\" content=\"512\" \/>\n\t<meta property=\"og:image:height\" content=\"512\" \/>\n\t<meta property=\"og:image:type\" content=\"image\/png\" \/>\n<meta name=\"twitter:card\" content=\"summary_large_image\" \/>\n<meta name=\"twitter:site\" content=\"@talkpalai\" \/>\n<meta name=\"twitter:label1\" content=\"Est. reading time\" \/>\n\t<meta name=\"twitter:data1\" content=\"2 minut\u0117s\" \/>\n<script type=\"application\/ld+json\" class=\"yoast-schema-graph\">{\"@context\":\"https:\/\/schema.org\",\"@graph\":[{\"@type\":\"WebPage\",\"@id\":\"https:\/\/talkpal.ai\/lt\/maoriu-gramatika\/\",\"url\":\"https:\/\/talkpal.ai\/lt\/maoriu-gramatika\/\",\"name\":\"Maori\u0173 gramatika - Talkpal\",\"isPartOf\":{\"@id\":\"https:\/\/talkpal.ai\/lt\/#website\"},\"primaryImageOfPage\":{\"@id\":\"https:\/\/talkpal.ai\/lt\/maoriu-gramatika\/#primaryimage\"},\"image\":{\"@id\":\"https:\/\/talkpal.ai\/lt\/maoriu-gramatika\/#primaryimage\"},\"thumbnailUrl\":\"https:\/\/talkpal.ai\/wp-content\/uploads\/2023\/05\/Maori-new-zealand.png\",\"datePublished\":\"2023-05-14T14:12:25+00:00\",\"dateModified\":\"2025-12-17T16:44:08+00:00\",\"description\":\"Susipa\u017einkite su maori\u0173 kalbos gramatikos pagrindais naudodamiesi m\u016bs\u0173 pradedan\u010di\u0173j\u0173 vadovu. Su\u017einokite 15 maori\u0173 kalbos raid\u017ei\u0173 ir pagrindines te reo taisykles.\",\"breadcrumb\":{\"@id\":\"https:\/\/talkpal.ai\/lt\/maoriu-gramatika\/#breadcrumb\"},\"inLanguage\":\"lt-LT\",\"potentialAction\":[{\"@type\":\"ReadAction\",\"target\":[\"https:\/\/talkpal.ai\/lt\/maoriu-gramatika\/\"]}]},{\"@type\":\"ImageObject\",\"inLanguage\":\"lt-LT\",\"@id\":\"https:\/\/talkpal.ai\/lt\/maoriu-gramatika\/#primaryimage\",\"url\":\"https:\/\/talkpal.ai\/wp-content\/uploads\/2023\/05\/Maori-new-zealand.png\",\"contentUrl\":\"https:\/\/talkpal.ai\/wp-content\/uploads\/2023\/05\/Maori-new-zealand.png\",\"width\":512,\"height\":512},{\"@type\":\"BreadcrumbList\",\"@id\":\"https:\/\/talkpal.ai\/lt\/maoriu-gramatika\/#breadcrumb\",\"itemListElement\":[{\"@type\":\"ListItem\",\"position\":1,\"name\":\"Homepage\",\"item\":\"https:\/\/talkpal.ai\/lt\/\"},{\"@type\":\"ListItem\",\"position\":2,\"name\":\"Maori\u0173 gramatika\"}]},{\"@type\":\"WebSite\",\"@id\":\"https:\/\/talkpal.ai\/lt\/#website\",\"url\":\"https:\/\/talkpal.ai\/lt\/\",\"name\":\"Talkpal\",\"description\":\"AI Language Learning\",\"publisher\":{\"@id\":\"https:\/\/talkpal.ai\/lt\/#organization\"},\"alternateName\":\"Talkpal AI\",\"potentialAction\":[{\"@type\":\"SearchAction\",\"target\":{\"@type\":\"EntryPoint\",\"urlTemplate\":\"https:\/\/talkpal.ai\/lt\/?s={search_term_string}\"},\"query-input\":{\"@type\":\"PropertyValueSpecification\",\"valueRequired\":true,\"valueName\":\"search_term_string\"}}],\"inLanguage\":\"lt-LT\"},{\"@type\":\"Organization\",\"@id\":\"https:\/\/talkpal.ai\/lt\/#organization\",\"name\":\"Talkpal, Inc.\",\"alternateName\":\"Talkpal AI\",\"url\":\"https:\/\/talkpal.ai\/lt\/\",\"logo\":{\"@type\":\"ImageObject\",\"inLanguage\":\"lt-LT\",\"@id\":\"https:\/\/talkpal.ai\/lt\/#\/schema\/logo\/image\/\",\"url\":\"https:\/\/talkpal.ai\/wp-content\/uploads\/2024\/03\/Talkpal-Logo-Icon.png\",\"contentUrl\":\"https:\/\/talkpal.ai\/wp-content\/uploads\/2024\/03\/Talkpal-Logo-Icon.png\",\"width\":2880,\"height\":2880,\"caption\":\"Talkpal, Inc.\"},\"image\":{\"@id\":\"https:\/\/talkpal.ai\/lt\/#\/schema\/logo\/image\/\"},\"sameAs\":[\"https:\/\/www.facebook.com\/profile.php?id=100090733639311\",\"https:\/\/x.com\/talkpalai\",\"https:\/\/www.linkedin.com\/company\/talkpal\/\",\"https:\/\/www.youtube.com\/@TalkPal\/\",\"https:\/\/www.tiktok.com\/@talkpal\",\"https:\/\/www.instagram.com\/talkpal_ai\/\",\"https:\/\/www.crunchbase.com\/organization\/talkpal-9cde\",\"https:\/\/www.g2.com\/products\/talkpal-for-business\/\",\"https:\/\/www.trustpilot.com\/review\/talkpal.ai\",\"https:\/\/www.capterra.com\/p\/10006800\/TalkPal\/\"],\"description\":\"Talkpal is a language learning web and mobile education app, powered by the latest AI technologies, that provides engaging experiences to its customers in many different languages to help them improve their language skills. Users can chat about unlimited amount of topics with the app and use other modes to practice their language learning.\",\"email\":\"support@talkpal.ai\",\"legalName\":\"Talkpal, Inc.\",\"foundingDate\":\"2023-04-03\",\"duns\":\"118989042\",\"numberOfEmployees\":{\"@type\":\"QuantitativeValue\",\"minValue\":\"11\",\"maxValue\":\"50\"},\"publishingPrinciples\":\"https:\/\/talkpal.ai\/publishing-principles\/\",\"actionableFeedbackPolicy\":\"https:\/\/talkpal.ai\/actionable-feedback-policy\/\",\"correctionsPolicy\":\"https:\/\/talkpal.ai\/corrections-policy\/\",\"ethicsPolicy\":\"https:\/\/talkpal.ai\/ethics-policy\/\",\"diversityPolicy\":\"https:\/\/talkpal.ai\/diversity-policy\/\",\"diversityStaffingReport\":\"https:\/\/talkpal.ai\/diversity-policy\/\"}]}<\/script>\n<!-- \/ Yoast SEO Premium plugin. -->","yoast_head_json":{"title":"Maori\u0173 gramatika - Talkpal","description":"Susipa\u017einkite su maori\u0173 kalbos gramatikos pagrindais naudodamiesi m\u016bs\u0173 pradedan\u010di\u0173j\u0173 vadovu. Su\u017einokite 15 maori\u0173 kalbos raid\u017ei\u0173 ir pagrindines te reo taisykles.","robots":{"index":"index","follow":"follow","max-snippet":"max-snippet:-1","max-image-preview":"max-image-preview:large","max-video-preview":"max-video-preview:-1"},"canonical":"https:\/\/talkpal.ai\/lt\/maoriu-gramatika\/","og_locale":"lt_LT","og_type":"article","og_title":"Maori\u0173 gramatika","og_description":"Maori\u0173 gramatika: j\u016bs\u0173 bilietas \u012f energing\u0105 dvikult\u016br\u012f pasaul\u012f Kia ora! Sveiki atvyk\u0119 \u012f nuostab\u0173 maori\u0173 kalbos pasaul\u012f. Naujosios Zelandijos vietin\u0117 kalba","og_url":"https:\/\/talkpal.ai\/lt\/maoriu-gramatika\/","og_site_name":"Talkpal","article_publisher":"https:\/\/www.facebook.com\/profile.php?id=100090733639311","article_modified_time":"2025-12-17T16:44:08+00:00","og_image":[{"width":512,"height":512,"url":"https:\/\/talkpal.ai\/wp-content\/uploads\/2023\/05\/Maori-new-zealand.png","type":"image\/png"}],"twitter_card":"summary_large_image","twitter_site":"@talkpalai","twitter_misc":{"Est. reading time":"2 minut\u0117s"},"schema":{"@context":"https:\/\/schema.org","@graph":[{"@type":"WebPage","@id":"https:\/\/talkpal.ai\/lt\/maoriu-gramatika\/","url":"https:\/\/talkpal.ai\/lt\/maoriu-gramatika\/","name":"Maori\u0173 gramatika - Talkpal","isPartOf":{"@id":"https:\/\/talkpal.ai\/lt\/#website"},"primaryImageOfPage":{"@id":"https:\/\/talkpal.ai\/lt\/maoriu-gramatika\/#primaryimage"},"image":{"@id":"https:\/\/talkpal.ai\/lt\/maoriu-gramatika\/#primaryimage"},"thumbnailUrl":"https:\/\/talkpal.ai\/wp-content\/uploads\/2023\/05\/Maori-new-zealand.png","datePublished":"2023-05-14T14:12:25+00:00","dateModified":"2025-12-17T16:44:08+00:00","description":"Susipa\u017einkite su maori\u0173 kalbos gramatikos pagrindais naudodamiesi m\u016bs\u0173 pradedan\u010di\u0173j\u0173 vadovu. Su\u017einokite 15 maori\u0173 kalbos raid\u017ei\u0173 ir pagrindines te reo taisykles.","breadcrumb":{"@id":"https:\/\/talkpal.ai\/lt\/maoriu-gramatika\/#breadcrumb"},"inLanguage":"lt-LT","potentialAction":[{"@type":"ReadAction","target":["https:\/\/talkpal.ai\/lt\/maoriu-gramatika\/"]}]},{"@type":"ImageObject","inLanguage":"lt-LT","@id":"https:\/\/talkpal.ai\/lt\/maoriu-gramatika\/#primaryimage","url":"https:\/\/talkpal.ai\/wp-content\/uploads\/2023\/05\/Maori-new-zealand.png","contentUrl":"https:\/\/talkpal.ai\/wp-content\/uploads\/2023\/05\/Maori-new-zealand.png","width":512,"height":512},{"@type":"BreadcrumbList","@id":"https:\/\/talkpal.ai\/lt\/maoriu-gramatika\/#breadcrumb","itemListElement":[{"@type":"ListItem","position":1,"name":"Homepage","item":"https:\/\/talkpal.ai\/lt\/"},{"@type":"ListItem","position":2,"name":"Maori\u0173 gramatika"}]},{"@type":"WebSite","@id":"https:\/\/talkpal.ai\/lt\/#website","url":"https:\/\/talkpal.ai\/lt\/","name":"Talkpal","description":"AI Language Learning","publisher":{"@id":"https:\/\/talkpal.ai\/lt\/#organization"},"alternateName":"Talkpal AI","potentialAction":[{"@type":"SearchAction","target":{"@type":"EntryPoint","urlTemplate":"https:\/\/talkpal.ai\/lt\/?s={search_term_string}"},"query-input":{"@type":"PropertyValueSpecification","valueRequired":true,"valueName":"search_term_string"}}],"inLanguage":"lt-LT"},{"@type":"Organization","@id":"https:\/\/talkpal.ai\/lt\/#organization","name":"Talkpal, Inc.","alternateName":"Talkpal AI","url":"https:\/\/talkpal.ai\/lt\/","logo":{"@type":"ImageObject","inLanguage":"lt-LT","@id":"https:\/\/talkpal.ai\/lt\/#\/schema\/logo\/image\/","url":"https:\/\/talkpal.ai\/wp-content\/uploads\/2024\/03\/Talkpal-Logo-Icon.png","contentUrl":"https:\/\/talkpal.ai\/wp-content\/uploads\/2024\/03\/Talkpal-Logo-Icon.png","width":2880,"height":2880,"caption":"Talkpal, Inc."},"image":{"@id":"https:\/\/talkpal.ai\/lt\/#\/schema\/logo\/image\/"},"sameAs":["https:\/\/www.facebook.com\/profile.php?id=100090733639311","https:\/\/x.com\/talkpalai","https:\/\/www.linkedin.com\/company\/talkpal\/","https:\/\/www.youtube.com\/@TalkPal\/","https:\/\/www.tiktok.com\/@talkpal","https:\/\/www.instagram.com\/talkpal_ai\/","https:\/\/www.crunchbase.com\/organization\/talkpal-9cde","https:\/\/www.g2.com\/products\/talkpal-for-business\/","https:\/\/www.trustpilot.com\/review\/talkpal.ai","https:\/\/www.capterra.com\/p\/10006800\/TalkPal\/"],"description":"Talkpal is a language learning web and mobile education app, powered by the latest AI technologies, that provides engaging experiences to its customers in many different languages to help them improve their language skills. Users can chat about unlimited amount of topics with the app and use other modes to practice their language learning.","email":"support@talkpal.ai","legalName":"Talkpal, Inc.","foundingDate":"2023-04-03","duns":"118989042","numberOfEmployees":{"@type":"QuantitativeValue","minValue":"11","maxValue":"50"},"publishingPrinciples":"https:\/\/talkpal.ai\/publishing-principles\/","actionableFeedbackPolicy":"https:\/\/talkpal.ai\/actionable-feedback-policy\/","correctionsPolicy":"https:\/\/talkpal.ai\/corrections-policy\/","ethicsPolicy":"https:\/\/talkpal.ai\/ethics-policy\/","diversityPolicy":"https:\/\/talkpal.ai\/diversity-policy\/","diversityStaffingReport":"https:\/\/talkpal.ai\/diversity-policy\/"}]}},"_links":{"self":[{"href":"https:\/\/talkpal.ai\/lt\/wp-json\/wp\/v2\/pages\/147914","targetHints":{"allow":["GET"]}}],"collection":[{"href":"https:\/\/talkpal.ai\/lt\/wp-json\/wp\/v2\/pages"}],"about":[{"href":"https:\/\/talkpal.ai\/lt\/wp-json\/wp\/v2\/types\/page"}],"author":[{"embeddable":true,"href":"https:\/\/talkpal.ai\/lt\/wp-json\/wp\/v2\/users\/1"}],"replies":[{"embeddable":true,"href":"https:\/\/talkpal.ai\/lt\/wp-json\/wp\/v2\/comments?post=147914"}],"version-history":[{"count":0,"href":"https:\/\/talkpal.ai\/lt\/wp-json\/wp\/v2\/pages\/147914\/revisions"}],"wp:featuredmedia":[{"embeddable":true,"href":"https:\/\/talkpal.ai\/lt\/wp-json\/wp\/v2\/media\/116647"}],"wp:attachment":[{"href":"https:\/\/talkpal.ai\/lt\/wp-json\/wp\/v2\/media?parent=147914"}],"curies":[{"name":"wp","href":"https:\/\/api.w.org\/{rel}","templated":true}]}}