{"id":1478451,"date":"2025-11-11T12:01:19","date_gmt":"2025-11-11T12:01:19","guid":{"rendered":"https:\/\/talkpal.ai\/albanu-kalbos-gramatika\/"},"modified":"2025-12-30T15:34:29","modified_gmt":"2025-12-30T15:34:29","slug":"albanu-kalbos-gramatika","status":"publish","type":"page","link":"https:\/\/talkpal.ai\/lt\/albanu-kalbos-gramatika\/","title":{"rendered":"Alban\u0173 kalbos gramatika"},"content":{"rendered":"\r\n\r\n\r\n<section class=\"languageChallengeSection\">\r\n    <div class=\"languageInfoWrapper\">\r\n        \r\n        <h1>Alban\u0173 kalbos gramatika<\/h1>\r\n        <p><a href=\"https:\/\/talkpal.ai\/learn-albanian\/\">Alban\u0173<\/a> <a href=\"https:\/\/talkpal.ai\/what-language-is-spoken-on-the-international-space-station\/\">kalbos<\/a> <a href=\"https:\/\/talkpal.ai\/sq\/gramatika\/\">gramatika<\/a> i\u0161 prad\u017ei\u0173 gali atrodyti sud\u0117tinga, ta\u010diau d\u0117l unikali\u0173 savybi\u0173 kalbos mokymasis yra naudinga. Tyrin\u0117dami jos ab\u0117c\u0117l\u0119, mutacijas ir gramatikos taisykles, susipa\u017einsite su turtinga lingvistine tradicija. Prad\u0117kite savo kelion\u0119 ir atraskite <a href=\"https:\/\/talkpal.ai\/lt\/mokytis-albanu-kalbos\/\">alban\u0173 kalbos<\/a> gro\u017e\u012f!<\/p>\r\n\r\n                            <a class=\"getStartedHidden\" href=\"https:\/\/app.talkpal.ai\/lt\/signup?lng=\">Prad\u0117k<\/a>\r\n        \r\n    <\/div>\r\n\r\n    <figure>\r\n    <img decoding=\"async\" width=\"768\" height=\"768\" src=\"https:\/\/talkpal.ai\/wp-content\/uploads\/2023\/06\/welsh-768x768.png\" class=\"languageImage no-lazy\" alt=\"Language learning for better cognitive abilities\" fetchpriority=\"high\" sizes=\"(max-width: 768px) 150px, 768px\" srcset=\"https:\/\/talkpal.ai\/wp-content\/uploads\/2023\/06\/welsh-768x768.png 768w, https:\/\/talkpal.ai\/wp-content\/uploads\/2023\/06\/welsh-300x300.png 300w\" \/>\r\n    \r\n\r\n    <\/figure>\r\n\r\n            <a class=\"getStartedVisible\" href=\"https:\/\/app.talkpal.ai\/lt\/signup?lng=\">Prad\u0117k<\/a>\r\n    \r\n<\/section><section class=\"promotionalBanner\">\r\n    <p class=\"promotionalText\">Efektyviausias b\u016bdas mokytis kalbos<\/p>\r\n    <a class=\"promotionalLink\" href=\"https:\/\/app.talkpal.ai\/lt\/signup?lng=\">I\u0161bandykite Talkpal &#8221; nemokamai<\/a>\r\n<\/section>\n<div class=\"wp-block-group pageContainerStyle\"><div class=\"wp-block-group__inner-container is-layout-constrained wp-block-group-is-layout-constrained\">\n<h2 class=\"wp-block-heading\" id=\"h-navigating-the-intricacies-of-albanian-grammar\">Nar\u0161ymas alban\u0173 gramatikos subtilyb\u0117se<\/h2>\n\n\n\n<p><a href=\"https:\/\/talkpal.ai\/lt\/mokytis-albanu-kalbos\/\">Alban\u0173 kalba<\/a>, indoeuropie\u010di\u0173 kalba, turinti savit\u0105 \u0161ak\u0105 ir gilias kult\u016brines \u0161aknis, si\u016blo nauding\u0105 kelion\u0119 besimokantiesiems, kuriuos traukia unikali gramatika ir garso sistema. Tyrin\u0117dami alban\u0173 kalb\u0105 i\u0161pl\u0117site savo kalbini\u0173 priemoni\u0173 rinkin\u012f ir u\u017emegzsite ry\u0161\u012f su Albanijos kult\u016bra ir platesniu albani\u0161kai kalban\u010diu pasauliu. <a href=\"https:\/\/talkpal.ai\/albanian-grammar\/\">Alban\u0173 kalbos gramatika<\/a> i\u0161 prad\u017ei\u0173 gali atrodyti sud\u0117tinga, ta\u010diau suskaid\u017eius j\u0105 \u012f pagrindines dalis, pa\u017eanga <a href=\"https:\/\/talkpal.ai\/locations\/language-courses-in-tampa\/\">tampa<\/a> paprasta. \u017demiau pateikiamas tikslingas pagrindini\u0173 dalyk\u0173 vadovas su patarimais, pad\u0117sian\u010diais juos \u012fvaldyti.<\/p>\n\n\n\n<h3 class=\"wp-block-heading\" id=\"h-1-albanian-alphabet-and-phonetics\">1. Alban\u0173 ab\u0117c\u0117l\u0117 ir fonetika<\/h3>\n\n\n\n<p>Alban\u0173 ab\u0117c\u0117l\u0119 sudaro 36 raid\u0117s, i\u0161 kuri\u0173 kelios ra\u0161omos kaip digrafai, bet skai\u010diuojamos kaip pavien\u0117s raid\u0117s, pvz., dh, gj, ll, nj, rr, sh, th, xh, zh. Jame taip pat naudojami \u00e7 ir \u00eb, o balsis y rei\u0161kia artim\u0105 priekin\u012f suapvalint\u0105 gars\u0105. Kontrastas tarp r ir rr yra reik\u0161mingas, o q ir gj yra gomurio stotel\u0117s, besiskirian\u010dios nuo k ir g. Susipa\u017einti su \u0161iais garsais ir raid\u0117mis garsiai skaitant ir klausantis praktikos yra pagrindinis pirmasis \u017eingsnis.<\/p>\n\n\n\n<h3 class=\"wp-block-heading\" id=\"h-2-definite-articles-and-linkers-a-distinctive-albanian-feature\">2. Apibr\u0117\u017etieji straipsniai ir nuorodos: skiriamasis alban\u0173 bruo\u017eas<\/h3>\n\n\n\n<p>Alban\u0173 kalbos skiriamasis \u017eenklas yra apibr\u0117\u017etasis straipsnis, kuris pridedamas prie daiktavard\u017ei\u0173 ir skiriasi pagal lyt\u012f ir skai\u010di\u0173. Kitas svarbus bruo\u017eas yra daiktavard\u017eio fraz\u0117s jungiamoji dalel\u0117, paprastai i arba e neapibr\u0117\u017etoje ir t\u00eb arba s\u00eb apibr\u0117\u017etajame ir atvejo kontekstuose, vartojama prie\u0161 b\u016bdvard\u017eius ir <a href=\"https:\/\/talkpal.ai\/locations\/language-courses-in-kai\/\">kai<\/a> kuriuos modifikatorius. Norint tiksliai bendrauti alban\u0173 kalba, labai svarbu suprasti, kada ir kaip atsiranda apibr\u0117\u017etumas ir nuoroda.<\/p>\n\n\n\n<h3 class=\"wp-block-heading\" id=\"h-3-nouns-and-pronouns-gender-and-cases\">3. Daiktavard\u017eiai ir \u012fvard\u017eiai: lytis ir atvejai<\/h3>\n\n\n\n<p>Alban\u0173 kalbos daiktavard\u017eiai turi gramatin\u0119 gimin\u0119 (vyri\u0161k\u0105j\u0105 arba moteri\u0161k\u0105j\u0105) ir turi skirtingus daugiskaitos formavimo modelius. Kalba \u017eymi atvej\u0173 ry\u0161ius daiktavard\u017eio fraz\u0117je, tradici\u0161kai penkis atvejus bendrin\u0117je kalboje. \u012evard\u017eiai apima asmenines, savininki\u0161kas, refleksines, demonstracines ir klausiam\u0105sias formas, taip pat objekt\u0173 klitik\u0105, kuri pridedama prie veiksma\u017eod\u017eio. Susipa\u017ein\u0119 su \u0161iais \u012fvard\u017eiais ir j\u0173 i\u0161d\u0117stymu \u017eymiai geriau suprasite alban\u0173 kalbos gramatik\u0105.<\/p>\n\n\n\n<h3 class=\"wp-block-heading\" id=\"h-4-verbs-structure-and-conjugation\">4. Veiksma\u017eod\u017eiai: strukt\u016bra ir konjugacija<\/h3>\n\n\n\n<p>Alban\u0173 veiksma\u017eod\u017eiai turi skirting\u0105 strukt\u016br\u0105 ir konjugacijos model\u012f, priklausomai nuo laiko, nuotaikos ir asmens. Esminiai laikai apima dabart\u012f, paprast\u0105 praeit\u012f, netobul\u0105 ir sud\u0117tin\u012f tobul\u0105, kartu su ateitimi, suformuota su do t\u00eb ir jungtiniu. Alban\u0173 kalba taip pat pla\u010diai vartoja jungtin\u012f \u017eod\u012f ir apima s\u0105lygines ir imperatyvias nuotaikas. I\u0161mok\u0119 bendr\u0173j\u0173 veiksma\u017eod\u017ei\u0173 konjugacijos taisykles, pagerinsite geb\u0117jim\u0105 efektyviai bendrauti alban\u0173 kalba.<\/p>\n\n\n\n<h3 class=\"wp-block-heading\" id=\"h-5-adjectives-agreement-and-placement\">5. B\u016bdvard\u017eiai: susitarimas ir vieta<\/h3>\n\n\n\n<p>Alban\u0173 gramatikoje b\u016bdvard\u017eiai paprastai eina po daiktavard\u017eio, kur\u012f jie modifikuoja, ir sutinka per susiejan\u010di\u0105 dalel\u0119, rodan\u010di\u0105 lyt\u012f ir skai\u010di\u0173. <a href=\"https:\/\/talkpal.ai\/locations\/language-courses-in-kai\/\">Kai<\/a> kurie b\u016bdvard\u017eiai turi netaisyklingus lyginamuosius ir superlatyvinius modelius, o lyginamieji da\u017enai naudoja m\u00eb plius b\u016bdvard\u012f, o superlatyvai prideda sutart\u0105 straipsn\u012f. Susitarimo ir i\u0161d\u0117stymo \u012fvaldymas padeda skamb\u0117ti nat\u016braliai.<\/p>\n\n\n\n<p><strong>Pavyzd\u017eiai:<\/strong><\/p>\n\n\n\n<p><strong>\u2013 Dashuri E Madhe (Didel\u0117 meil\u0117)<\/strong><\/p>\n\n\n\n<p><strong>\u2013 f\u00ebmij\u00eb t\u00eb vegj\u00ebl (ma\u017ei vaikai)<\/strong><\/p>\n\n\n\n<h3 class=\"wp-block-heading\" id=\"h-6-engaging-with-the-language\">6. \u012esitraukimas \u012f kalb\u0105<\/h3>\n\n\n\n<p>Veiksmingiausias b\u016bdas visi\u0161kai suprasti ir \u012fsisavinti alban\u0173 kalbos gramatik\u0105 yra nuoseklus \u012fsitraukimas \u012f kalb\u0105. Skaitydami alban\u0173 literat\u016br\u0105, \u017ei\u016br\u0117dami alban\u0173 filmus ar televizijos serialus, sekdami naujienas ir tinklalaides bei aktyviai bendraudami su gimtakalbiais, sustiprinsite gramatikos supratim\u0105 ir prapl\u0117site \u017eodyn\u0105.<\/p>\n\n\n\n<h3 class=\"wp-block-heading\" id=\"h-conclusion\">I\u0161vada<\/h3>\n\n\n\n<p>Nors alban\u0173 kalbos gramatika gali atrodyti sud\u0117tinga, galite \u012fgyti \u0161ios gra\u017eios kalbos \u012fg\u016bd\u017eius su atsidavimu, praktika ir entuziazmu. Sutelkdami d\u0117mes\u012f \u012f pagrindines taisykles ir bendraudami su kalba \u012fvairiuose kontekstuose, greitai pagerinsite savo <a href=\"https:\/\/talkpal.ai\/lt\/gramatika\/\">alban\u0173 kalbos gramatikos \u012fg\u016bd\u017eius<\/a>. Suksese su savo alban\u0173 kalbos kelione ir m\u0117gaukit\u0117s i\u0161rai\u0161kingu ir patraukliu alban\u0173 kalbos gramatikos pasauliu.<\/p>\n<\/div><\/div>\n\r\n<section class=\"learnNavigationSection\">\r\n            \r\n        <a href=\"https:\/\/talkpal.ai\/lt\/mokytis-albanu-kalbos\/\">\r\n            <div class=\"learnNavigationWrapper\">\r\n                <div class=\"learnNavigationContent\">\r\n                    <img decoding=\"async\" src=\"https:\/\/talkpal.ai\/wp-content\/uploads\/2025\/11\/Albanian.png\" alt=\"Albanian Flag\">\r\n                    <div>\r\n                        <h4>Apie alban\u0173 kalbos mokym\u0105si<\/h4>\r\n                        <p>Su\u017einokite visk\u0105 apie alban\u0173 kalbos gramatik\u0105.<\/p>\r\n                    <\/div>\r\n                <\/div>\r\n            <\/div>\r\n        <\/a>\r\n\r\n        \r\n        <a href=\"https:\/\/talkpal.ai\/lt\/albanu-kalbos-gramatikos-pratimai\/\">\r\n            <div class=\"learnNavigationWrapper\">\r\n                <div class=\"learnNavigationContent\">\r\n                    <img decoding=\"async\" src=\"https:\/\/talkpal.ai\/wp-content\/uploads\/2025\/11\/Albanian.png\" alt=\"Albanian Flag\">\r\n                    <div>\r\n                        <h4>Alban\u0173 kalbos gramatikos pratimas<\/h4>\r\n                        <p>Praktikuokite alban\u0173 kalbos gramatik\u0105.<\/p>\r\n                    <\/div>\r\n                <\/div>\r\n            <\/div>\r\n        <\/a>\r\n\r\n            <\/section>","protected":false},"excerpt":{"rendered":"<p>Nar\u0161ymas alban\u0173 gramatikos subtilyb\u0117se Alban\u0173 kalba, indoeuropie\u010di\u0173 kalba, turinti savit\u0105 \u0161ak\u0105 ir gilias kult\u016brines \u0161aknis, si\u016blo nauding\u0105 kelion\u0119 besimokantiesiems, kuriuos traukia unikali gramatika ir garso sistema. Tyrin\u0117dami alban\u0173 kalb\u0105 i\u0161pl\u0117site savo kalbini\u0173 priemoni\u0173 rinkin\u012f ir u\u017emegzsite ry\u0161\u012f su Albanijos kult\u016bra ir platesniu albani\u0161kai kalban\u010diu pasauliu. Alban\u0173 kalbos gramatika i\u0161 prad\u017ei\u0173 gali atrodyti sud\u0117tinga, ta\u010diau suskaid\u017eius [&hellip;]<\/p>\n","protected":false},"author":20,"featured_media":0,"parent":0,"menu_order":0,"comment_status":"closed","ping_status":"closed","template":"LearningContentPage.php","meta":{"_acf_changed":false,"footnotes":""},"class_list":["post-1478451","page","type-page","status-publish","hentry"],"acf":[],"yoast_head":"<!-- This site is optimized with the Yoast SEO Premium plugin v27.2 (Yoast SEO v27.2) - https:\/\/yoast.com\/product\/yoast-seo-premium-wordpress\/ -->\n<title>Alban\u0173 kalbos gramatika - Talkpal<\/title>\n<meta name=\"description\" content=\"\u012evaldykite alban\u0173 kalbos gramatikos pagrindus, \u012fskaitant bylas ir veiksma\u017eod\u017eius, naudodamiesi &quot;Talkpal&quot; interaktyviuoju AI kalbos mokymosi vadovu.\" \/>\n<meta name=\"robots\" content=\"index, follow, max-snippet:-1, max-image-preview:large, max-video-preview:-1\" \/>\n<link rel=\"canonical\" href=\"https:\/\/talkpal.ai\/lt\/albanu-kalbos-gramatika\/\" \/>\n<meta property=\"og:locale\" content=\"lt_LT\" \/>\n<meta property=\"og:type\" content=\"article\" \/>\n<meta property=\"og:title\" content=\"Alban\u0173 kalbos gramatika\" \/>\n<meta property=\"og:description\" content=\"Nar\u0161ymas alban\u0173 gramatikos subtilyb\u0117se Alban\u0173 kalba, indoeuropie\u010di\u0173 kalba, turinti savit\u0105 \u0161ak\u0105 ir gilias kult\u016brines \u0161aknis, si\u016blo nauding\u0105 kelion\u0119\" \/>\n<meta property=\"og:url\" content=\"https:\/\/talkpal.ai\/lt\/albanu-kalbos-gramatika\/\" \/>\n<meta property=\"og:site_name\" content=\"Talkpal\" \/>\n<meta property=\"article:publisher\" content=\"https:\/\/www.facebook.com\/profile.php?id=100090733639311\" \/>\n<meta property=\"article:modified_time\" content=\"2025-12-30T15:34:29+00:00\" \/>\n<meta property=\"og:image\" content=\"https:\/\/talkpal.ai\/wp-content\/uploads\/2025\/02\/Progress-tab-16_9.png\" \/>\n\t<meta property=\"og:image:width\" content=\"2880\" \/>\n\t<meta property=\"og:image:height\" content=\"1620\" \/>\n\t<meta property=\"og:image:type\" content=\"image\/png\" \/>\n<meta name=\"twitter:card\" content=\"summary_large_image\" \/>\n<meta name=\"twitter:site\" content=\"@talkpalai\" \/>\n<meta name=\"twitter:label1\" content=\"Est. reading time\" \/>\n\t<meta name=\"twitter:data1\" content=\"3 minut\u0117s\" \/>\n<script type=\"application\/ld+json\" class=\"yoast-schema-graph\">{\"@context\":\"https:\/\/schema.org\",\"@graph\":[{\"@type\":\"WebPage\",\"@id\":\"https:\/\/talkpal.ai\/lt\/albanu-kalbos-gramatika\/\",\"url\":\"https:\/\/talkpal.ai\/lt\/albanu-kalbos-gramatika\/\",\"name\":\"Alban\u0173 kalbos gramatika - Talkpal\",\"isPartOf\":{\"@id\":\"https:\/\/talkpal.ai\/lt\/#website\"},\"datePublished\":\"2025-11-11T12:01:19+00:00\",\"dateModified\":\"2025-12-30T15:34:29+00:00\",\"description\":\"\u012evaldykite alban\u0173 kalbos gramatikos pagrindus, \u012fskaitant bylas ir veiksma\u017eod\u017eius, naudodamiesi \\\"Talkpal\\\" interaktyviuoju AI kalbos mokymosi vadovu.\",\"breadcrumb\":{\"@id\":\"https:\/\/talkpal.ai\/lt\/albanu-kalbos-gramatika\/#breadcrumb\"},\"inLanguage\":\"lt-LT\",\"potentialAction\":[{\"@type\":\"ReadAction\",\"target\":[\"https:\/\/talkpal.ai\/lt\/albanu-kalbos-gramatika\/\"]}]},{\"@type\":\"BreadcrumbList\",\"@id\":\"https:\/\/talkpal.ai\/lt\/albanu-kalbos-gramatika\/#breadcrumb\",\"itemListElement\":[{\"@type\":\"ListItem\",\"position\":1,\"name\":\"Homepage\",\"item\":\"https:\/\/talkpal.ai\/lt\/\"},{\"@type\":\"ListItem\",\"position\":2,\"name\":\"Alban\u0173 kalbos gramatika\"}]},{\"@type\":\"WebSite\",\"@id\":\"https:\/\/talkpal.ai\/lt\/#website\",\"url\":\"https:\/\/talkpal.ai\/lt\/\",\"name\":\"Talkpal\",\"description\":\"AI Language Learning\",\"publisher\":{\"@id\":\"https:\/\/talkpal.ai\/lt\/#organization\"},\"alternateName\":\"Talkpal AI\",\"potentialAction\":[{\"@type\":\"SearchAction\",\"target\":{\"@type\":\"EntryPoint\",\"urlTemplate\":\"https:\/\/talkpal.ai\/lt\/?s={search_term_string}\"},\"query-input\":{\"@type\":\"PropertyValueSpecification\",\"valueRequired\":true,\"valueName\":\"search_term_string\"}}],\"inLanguage\":\"lt-LT\"},{\"@type\":\"Organization\",\"@id\":\"https:\/\/talkpal.ai\/lt\/#organization\",\"name\":\"Talkpal, Inc.\",\"alternateName\":\"Talkpal AI\",\"url\":\"https:\/\/talkpal.ai\/lt\/\",\"logo\":{\"@type\":\"ImageObject\",\"inLanguage\":\"lt-LT\",\"@id\":\"https:\/\/talkpal.ai\/lt\/#\/schema\/logo\/image\/\",\"url\":\"https:\/\/talkpal.ai\/wp-content\/uploads\/2024\/03\/Talkpal-Logo-Icon.png\",\"contentUrl\":\"https:\/\/talkpal.ai\/wp-content\/uploads\/2024\/03\/Talkpal-Logo-Icon.png\",\"width\":2880,\"height\":2880,\"caption\":\"Talkpal, Inc.\"},\"image\":{\"@id\":\"https:\/\/talkpal.ai\/lt\/#\/schema\/logo\/image\/\"},\"sameAs\":[\"https:\/\/www.facebook.com\/profile.php?id=100090733639311\",\"https:\/\/x.com\/talkpalai\",\"https:\/\/www.linkedin.com\/company\/talkpal\/\",\"https:\/\/www.youtube.com\/@TalkPal\/\",\"https:\/\/www.tiktok.com\/@talkpal\",\"https:\/\/www.instagram.com\/talkpal_ai\/\",\"https:\/\/www.crunchbase.com\/organization\/talkpal-9cde\",\"https:\/\/www.g2.com\/products\/talkpal-for-business\/\",\"https:\/\/www.trustpilot.com\/review\/talkpal.ai\",\"https:\/\/www.capterra.com\/p\/10006800\/TalkPal\/\"],\"description\":\"Talkpal is a language learning web and mobile education app, powered by the latest AI technologies, that provides engaging experiences to its customers in many different languages to help them improve their language skills. Users can chat about unlimited amount of topics with the app and use other modes to practice their language learning.\",\"email\":\"support@talkpal.ai\",\"legalName\":\"Talkpal, Inc.\",\"foundingDate\":\"2023-04-03\",\"duns\":\"118989042\",\"numberOfEmployees\":{\"@type\":\"QuantitativeValue\",\"minValue\":\"11\",\"maxValue\":\"50\"},\"publishingPrinciples\":\"https:\/\/talkpal.ai\/publishing-principles\/\",\"actionableFeedbackPolicy\":\"https:\/\/talkpal.ai\/actionable-feedback-policy\/\",\"correctionsPolicy\":\"https:\/\/talkpal.ai\/corrections-policy\/\",\"ethicsPolicy\":\"https:\/\/talkpal.ai\/ethics-policy\/\",\"diversityPolicy\":\"https:\/\/talkpal.ai\/diversity-policy\/\",\"diversityStaffingReport\":\"https:\/\/talkpal.ai\/diversity-policy\/\"}]}<\/script>\n<!-- \/ Yoast SEO Premium plugin. -->","yoast_head_json":{"title":"Alban\u0173 kalbos gramatika - Talkpal","description":"\u012evaldykite alban\u0173 kalbos gramatikos pagrindus, \u012fskaitant bylas ir veiksma\u017eod\u017eius, naudodamiesi \"Talkpal\" interaktyviuoju AI kalbos mokymosi vadovu.","robots":{"index":"index","follow":"follow","max-snippet":"max-snippet:-1","max-image-preview":"max-image-preview:large","max-video-preview":"max-video-preview:-1"},"canonical":"https:\/\/talkpal.ai\/lt\/albanu-kalbos-gramatika\/","og_locale":"lt_LT","og_type":"article","og_title":"Alban\u0173 kalbos gramatika","og_description":"Nar\u0161ymas alban\u0173 gramatikos subtilyb\u0117se Alban\u0173 kalba, indoeuropie\u010di\u0173 kalba, turinti savit\u0105 \u0161ak\u0105 ir gilias kult\u016brines \u0161aknis, si\u016blo nauding\u0105 kelion\u0119","og_url":"https:\/\/talkpal.ai\/lt\/albanu-kalbos-gramatika\/","og_site_name":"Talkpal","article_publisher":"https:\/\/www.facebook.com\/profile.php?id=100090733639311","article_modified_time":"2025-12-30T15:34:29+00:00","og_image":[{"width":2880,"height":1620,"url":"https:\/\/talkpal.ai\/wp-content\/uploads\/2025\/02\/Progress-tab-16_9.png","type":"image\/png"}],"twitter_card":"summary_large_image","twitter_site":"@talkpalai","twitter_misc":{"Est. reading time":"3 minut\u0117s"},"schema":{"@context":"https:\/\/schema.org","@graph":[{"@type":"WebPage","@id":"https:\/\/talkpal.ai\/lt\/albanu-kalbos-gramatika\/","url":"https:\/\/talkpal.ai\/lt\/albanu-kalbos-gramatika\/","name":"Alban\u0173 kalbos gramatika - Talkpal","isPartOf":{"@id":"https:\/\/talkpal.ai\/lt\/#website"},"datePublished":"2025-11-11T12:01:19+00:00","dateModified":"2025-12-30T15:34:29+00:00","description":"\u012evaldykite alban\u0173 kalbos gramatikos pagrindus, \u012fskaitant bylas ir veiksma\u017eod\u017eius, naudodamiesi \"Talkpal\" interaktyviuoju AI kalbos mokymosi vadovu.","breadcrumb":{"@id":"https:\/\/talkpal.ai\/lt\/albanu-kalbos-gramatika\/#breadcrumb"},"inLanguage":"lt-LT","potentialAction":[{"@type":"ReadAction","target":["https:\/\/talkpal.ai\/lt\/albanu-kalbos-gramatika\/"]}]},{"@type":"BreadcrumbList","@id":"https:\/\/talkpal.ai\/lt\/albanu-kalbos-gramatika\/#breadcrumb","itemListElement":[{"@type":"ListItem","position":1,"name":"Homepage","item":"https:\/\/talkpal.ai\/lt\/"},{"@type":"ListItem","position":2,"name":"Alban\u0173 kalbos gramatika"}]},{"@type":"WebSite","@id":"https:\/\/talkpal.ai\/lt\/#website","url":"https:\/\/talkpal.ai\/lt\/","name":"Talkpal","description":"AI Language Learning","publisher":{"@id":"https:\/\/talkpal.ai\/lt\/#organization"},"alternateName":"Talkpal AI","potentialAction":[{"@type":"SearchAction","target":{"@type":"EntryPoint","urlTemplate":"https:\/\/talkpal.ai\/lt\/?s={search_term_string}"},"query-input":{"@type":"PropertyValueSpecification","valueRequired":true,"valueName":"search_term_string"}}],"inLanguage":"lt-LT"},{"@type":"Organization","@id":"https:\/\/talkpal.ai\/lt\/#organization","name":"Talkpal, Inc.","alternateName":"Talkpal AI","url":"https:\/\/talkpal.ai\/lt\/","logo":{"@type":"ImageObject","inLanguage":"lt-LT","@id":"https:\/\/talkpal.ai\/lt\/#\/schema\/logo\/image\/","url":"https:\/\/talkpal.ai\/wp-content\/uploads\/2024\/03\/Talkpal-Logo-Icon.png","contentUrl":"https:\/\/talkpal.ai\/wp-content\/uploads\/2024\/03\/Talkpal-Logo-Icon.png","width":2880,"height":2880,"caption":"Talkpal, Inc."},"image":{"@id":"https:\/\/talkpal.ai\/lt\/#\/schema\/logo\/image\/"},"sameAs":["https:\/\/www.facebook.com\/profile.php?id=100090733639311","https:\/\/x.com\/talkpalai","https:\/\/www.linkedin.com\/company\/talkpal\/","https:\/\/www.youtube.com\/@TalkPal\/","https:\/\/www.tiktok.com\/@talkpal","https:\/\/www.instagram.com\/talkpal_ai\/","https:\/\/www.crunchbase.com\/organization\/talkpal-9cde","https:\/\/www.g2.com\/products\/talkpal-for-business\/","https:\/\/www.trustpilot.com\/review\/talkpal.ai","https:\/\/www.capterra.com\/p\/10006800\/TalkPal\/"],"description":"Talkpal is a language learning web and mobile education app, powered by the latest AI technologies, that provides engaging experiences to its customers in many different languages to help them improve their language skills. Users can chat about unlimited amount of topics with the app and use other modes to practice their language learning.","email":"support@talkpal.ai","legalName":"Talkpal, Inc.","foundingDate":"2023-04-03","duns":"118989042","numberOfEmployees":{"@type":"QuantitativeValue","minValue":"11","maxValue":"50"},"publishingPrinciples":"https:\/\/talkpal.ai\/publishing-principles\/","actionableFeedbackPolicy":"https:\/\/talkpal.ai\/actionable-feedback-policy\/","correctionsPolicy":"https:\/\/talkpal.ai\/corrections-policy\/","ethicsPolicy":"https:\/\/talkpal.ai\/ethics-policy\/","diversityPolicy":"https:\/\/talkpal.ai\/diversity-policy\/","diversityStaffingReport":"https:\/\/talkpal.ai\/diversity-policy\/"}]}},"_links":{"self":[{"href":"https:\/\/talkpal.ai\/lt\/wp-json\/wp\/v2\/pages\/1478451","targetHints":{"allow":["GET"]}}],"collection":[{"href":"https:\/\/talkpal.ai\/lt\/wp-json\/wp\/v2\/pages"}],"about":[{"href":"https:\/\/talkpal.ai\/lt\/wp-json\/wp\/v2\/types\/page"}],"author":[{"embeddable":true,"href":"https:\/\/talkpal.ai\/lt\/wp-json\/wp\/v2\/users\/20"}],"replies":[{"embeddable":true,"href":"https:\/\/talkpal.ai\/lt\/wp-json\/wp\/v2\/comments?post=1478451"}],"version-history":[{"count":0,"href":"https:\/\/talkpal.ai\/lt\/wp-json\/wp\/v2\/pages\/1478451\/revisions"}],"wp:attachment":[{"href":"https:\/\/talkpal.ai\/lt\/wp-json\/wp\/v2\/media?parent=1478451"}],"curies":[{"name":"wp","href":"https:\/\/api.w.org\/{rel}","templated":true}]}}