{"id":147616,"date":"2023-05-14T14:12:07","date_gmt":"2023-05-14T14:12:07","guid":{"rendered":"http:\/\/talkpal.ai\/maratu-gramatika\/"},"modified":"2025-12-12T10:52:58","modified_gmt":"2025-12-12T10:52:58","slug":"maratu-gramatika","status":"publish","type":"page","link":"https:\/\/talkpal.ai\/lt\/maratu-gramatika\/","title":{"rendered":"Marat\u0173 gramatika"},"content":{"rendered":"\r\n\r\n\r\n<section class=\"languageChallengeSection\">\r\n    <div class=\"languageInfoWrapper\">\r\n        \r\n        <h1>Marat\u0173 gramatika<\/h1>\r\n        <p>Domina marat\u0173 kalba? Pa\u017einkite marat\u0173 <a href=\"https:\/\/talkpal.ai\/what-language-is-spoken-on-the-international-space-station\/\">kalbos<\/a> gramatik\u0105, kurioje daiktavard\u017eiai, lanksti sakinio strukt\u016bra ir i\u0161rai\u0161kingi veiksma\u017eod\u017ei\u0173 junginiai sukuria gyv\u0105 ir dinami\u0161k\u0105 kalb\u0105. Prad\u0117kite mokymosi kelion\u0119 jau \u0161iandien &#8211; \u012fvald\u0119 marat\u0173 kalbos gramatik\u0105 gal\u0117site u\u017etikrintai bendrauti ir u\u017emegzti ry\u0161\u012f su turtingomis Mahara\u0161tros tradicijomis ir kult\u016bra!<\/p>\r\n\r\n                            <a class=\"getStartedHidden\" href=\"https:\/\/app.talkpal.ai\/lt\/signup?lng=\">Prad\u0117k<\/a>\r\n        \r\n    <\/div>\r\n\r\n    <figure>\r\n    <img decoding=\"async\" width=\"768\" height=\"768\" src=\"https:\/\/talkpal.ai\/wp-content\/uploads\/2023\/06\/marathi-768x768.png\" class=\"languageImage no-lazy\" alt=\"Fun ways to make language learning interesting\" fetchpriority=\"high\" sizes=\"(max-width: 768px) 150px, 768px\" srcset=\"https:\/\/talkpal.ai\/wp-content\/uploads\/2023\/06\/marathi-768x768.png 768w, https:\/\/talkpal.ai\/wp-content\/uploads\/2023\/06\/marathi-300x300.png 300w\" \/>\r\n    \r\n\r\n    <\/figure>\r\n\r\n            <a class=\"getStartedVisible\" href=\"https:\/\/app.talkpal.ai\/lt\/signup?lng=\">Prad\u0117k<\/a>\r\n    \r\n<\/section>\r\n<section class=\"promotionalBanner\">\r\n    <p class=\"promotionalText\">Efektyviausias b\u016bdas mokytis kalbos<\/p>\r\n    <a class=\"promotionalLink\" href=\"https:\/\/app.talkpal.ai\/lt\/signup?lng=\">I\u0161bandykite Talkpal &#8221; nemokamai<\/a>\r\n<\/section>\n<div class=\"wp-block-group pageContainerStyle\"><div class=\"wp-block-group__inner-container is-layout-constrained wp-block-group-is-layout-constrained\">\n<h2 class=\"wp-block-heading\" id=\"h-the-allure-of-marathi-grammar-unfolding-its-mysteries-and-intricacies\">Marat\u0173 gramatikos vilion\u0117: jos paslap\u010di\u0173 ir subtilybi\u0173 atskleidimas<\/h2>\n\n\n\n<p>Ar prisimenate gluminan\u010di\u0105 <a href=\"https:\/\/talkpal.ai\/learn-english-with-ai\/\">angl\u0173<\/a> kalbos gramatikos mokymosi kelion\u0119, kupin\u0105 sud\u0117ting\u0173 taisykli\u0173, i\u0161im\u010di\u0173 ir sud\u0117tingos terminologijos? Jei dabar ketinate mokytis marat\u0173 kalbos, pasiruo\u0161kite ne ma\u017eiau \u012fdomiam marat\u0173 kalbos gramatikos tyrin\u0117jimui.<\/p>\n\n\n\n<p>Marat\u0173 kalba, indoarij\u0173 kalba, kuria daugiausia kalbama Indijos Mahara\u0161tros valstijoje, gali pasigirti turtingomis tradicijomis ir unikaliomis kalbin\u0117mis savyb\u0117mis. Pasinerdami \u012f marat\u0173 gramatikos mistik\u0105, atskleisite \u012fsp\u016bding\u0105 jos ab\u0117c\u0117li\u0173 s\u0105veik\u0105, sud\u0117tingas taisykles ir kerin\u010di\u0105 fonetik\u0105. Taigi, atskleiskime marat\u0173 kalbos gramatikos \u017eaves\u012f kartu, po vien\u0105 ma\u017e\u0105 taisykl\u0119.<\/p>\n\n\n\n<p>Vienas i\u0161 ry\u0161kiausi\u0173 <strong>marat\u0173 gramatikos<\/strong> bruo\u017e\u0173 yra platus daiktavard\u017ei\u0173 vingi\u0173 naudojimas. \u0160ie vingiai da\u017enai padeda perteikti esminius gramatinius elementus, tokius kaip skai\u010dius, lytis ir atvejis. <a href=\"https:\/\/talkpal.ai\/learn-marathi\/\">Marathi<\/a> turi tris lytis \u2013 vyri\u0161k\u0105, moteri\u0161k\u0105 ir kastruot\u0105 \u2013 ir kiekviena lytis turi savit\u0105 vingio modeli\u0173 rinkin\u012f. Be to, kalba turi du skai\u010dius \u2013 vienaskaitos ir daugiskaitos \u2013 kurie padeda i\u0161reik\u0161ti daiktavard\u017eio kiek\u012f.<\/p>\n\n\n\n<p>Kitas <strong>unikalus marat\u0173 gramatikos bruo\u017eas<\/strong> yra <a href=\"https:\/\/talkpal.ai\/learn-thai\/\">tai<\/a>, kaip veiksma\u017eod\u017eiai konjuguoja, priklausomai nuo \u012ftampos. Sudarydami veiksma\u017eod\u017eius marat\u0173 kalba, turite atsi\u017evelgti ne tik \u012f veiksma\u017eod\u017eio laik\u0105, bet ir \u012f subjekto lyt\u012f bei skai\u010di\u0173. Marat\u0173 veiksma\u017eod\u017ei\u0173 formos apima dabartin\u0119 \u012ftamp\u0105, praeit\u012f ir b\u016bsim\u0105 \u012ftamp\u0105 kartu su imperatyvais ir subjunktyvais. \u0160ios pla\u010dios konjugacijos suteikia marat\u0173 gyl\u012f ir dinami\u0161kum\u0105, tod\u0117l tai tikrai \u017eavi kalba, kuri\u0105 reikia tyrin\u0117ti.<\/p>\n\n\n\n<p>Marat\u0173 kalba taip pat gerai \u017einoma d\u0117l savo <strong>\u012fvard\u017ei\u0173 \u012fvairov\u0117s<\/strong>. Marathi turi daugyb\u0119 asmenini\u0173, demonstratyvi\u0173, klausiam\u0173j\u0173 ir refleksyvi\u0173 \u012fvard\u017ei\u0173, kuri\u0173 kiekvienas ateina su atitinkamais deklaratyviais modeliais. I\u0161 prad\u017ei\u0173 tai gali atrodyti bauginanti, ta\u010diau gilindamiesi \u012f kalb\u0105 \u012fvertinsite neprilygstam\u0105 tikslum\u0105, kur\u012f si\u016blo marat\u0173 <a href=\"https:\/\/talkpal.ai\/sq\/gramatika\/\">gramatika<\/a>.<\/p>\n\n\n\n<p>Dar vienas intriguojantis marat\u0173 gramatikos aspektas yra <strong>\u017eod\u017ei\u0173 i\u0161d\u0117stymas sakinyje<\/strong>. \u017dod\u017ei\u0173 tvarka marat\u0173 kalba paprastai atitinka subjekto-objekto-veiksma\u017eod\u017eio (SOV) strukt\u016br\u0105, pana\u0161i\u0105 \u012f kitas indo-arij\u0173 kalbas. \u0160i strukt\u016bra paprastai pateikia veiksma\u017eod\u012f sakinio pabaigoje, o tai i\u0161 prad\u017ei\u0173 gali pasirodyti sud\u0117tinga anglakalbiams.<\/p>\n\n\n\n<p>Pasinerdami \u012f <strong>marat\u0173 fonetik\u0105<\/strong>, susidursite su u\u017eburian\u010diu gars\u0173 diapazonu, i\u0161reik\u0161tu per 16 balsi\u0173 (swar) ir 36 priebalsius (vyanjan). Devanagari ra\u0161tas, kuriuo ra\u0161oma marati kalba, suteikia \u0161iai ir taip \u017eaviai kalbai dar daugiau \u017eavesio.  <\/p>\n\n\n\n<p>Marathi gramatikos <a href=\"https:\/\/talkpal.ai\/lt\/mokymasis\/\">mokymasis<\/a> su daugybe taisykli\u0173 ir sud\u0117tingumo i\u0161 prad\u017ei\u0173 neabejotinai gali b\u016bti nelengva u\u017eduotis. Ta\u010diau \u0161is i\u0161\u0161\u016bkis taip pat yra tai, kas daro j\u012f i\u0161skirtinai stimuliuojant\u012f ir d\u017eiuginant\u012f. Pasinerdami \u012f kerint\u012f marat\u0173 gramatikos pasaul\u012f, atskleisite ne tik kalbos veikim\u0105, bet ir \u012fgysite gilesn\u012f supratim\u0105 apie kult\u016br\u0105, istorij\u0105 ir i\u0161mint\u012f, kuri\u0105 ji \u012fk\u016bnija.<\/p>\n\n\n\n<p>Taigi, kod\u0117l gi neprad\u0117jus \u0161io kalbinio nuotykio, kad i\u0161tirtum\u0117te viliojan\u010dias Marathi gramatikos gelmes ir atskleistum\u0117te daugyb\u0119 jos paslap\u010di\u0173 ir niuans\u0173, laukian\u010di\u0173, kol bus \u012fvaldyta? Mokymosi d\u017eiaugsmas ir malonumas suprasti marat\u0173 gramatikos subtilybes yra vos u\u017e keli\u0173 akimirk\u0173!<\/p>\n<\/div><\/div>\n\r\n<section class=\"learnNavigationSection\">\r\n            \r\n        <a href=\"https:\/\/talkpal.ai\/lt\/suzinokite-marathi\/\">\r\n            <div class=\"learnNavigationWrapper\">\r\n                <div class=\"learnNavigationContent\">\r\n                    <img decoding=\"async\" src=\"https:\/\/talkpal.ai\/wp-content\/uploads\/2023\/05\/Marathi-india.png\" alt=\"TalkPal Marathi Flag\">\r\n                    <div>\r\n                        <h4>Apie marat\u0173 kalbos mokym\u0105si<\/h4>\r\n                        <p>Su\u017einokite visk\u0105 apie marat\u0173 gramatik\u0105.<\/p>\r\n                    <\/div>\r\n                <\/div>\r\n            <\/div>\r\n        <\/a>\r\n\r\n        \r\n        <a href=\"https:\/\/talkpal.ai\/lt\/maratu-gramatikos-pratimai\/\">\r\n            <div class=\"learnNavigationWrapper\">\r\n                <div class=\"learnNavigationContent\">\r\n                    <img decoding=\"async\" src=\"https:\/\/talkpal.ai\/wp-content\/uploads\/2023\/05\/Marathi-india.png\" alt=\"TalkPal Marathi Flag\">\r\n                    <div>\r\n                        <h4>Marathi gramatikos pratimai<\/h4>\r\n                        <p>Praktikuokite marat\u0173 gramatik\u0105.<\/p>\r\n                    <\/div>\r\n                <\/div>\r\n            <\/div>\r\n        <\/a>\r\n\r\n        \r\n        <a href=\"https:\/\/talkpal.ai\/vocabulary_language\/marathi\/\">\r\n            <div class=\"learnNavigationWrapper\">\r\n                <div class=\"learnNavigationContent\">\r\n                    <img decoding=\"async\" src=\"https:\/\/talkpal.ai\/wp-content\/uploads\/2023\/05\/Marathi-india.png\" alt=\"TalkPal Marathi Flag\">\r\n                    <div>\r\n                        <h4>Marat\u0173 kalbos \u017eodynas<\/h4>\r\n                        <p>Prapl\u0117skite savo marat\u0173 kalbos \u017eodyn\u0105.<\/p>\r\n                    <\/div>\r\n                <\/div>\r\n            <\/div>\r\n        <\/a>\r\n\r\n            <\/section>","protected":false},"excerpt":{"rendered":"<p>Marat\u0173 gramatikos vilion\u0117: jos paslap\u010di\u0173 ir subtilybi\u0173 atskleidimas Ar prisimenate gluminan\u010di\u0105 angl\u0173 kalbos gramatikos mokymosi kelion\u0119, kupin\u0105 sud\u0117ting\u0173 taisykli\u0173, i\u0161im\u010di\u0173 ir sud\u0117tingos terminologijos? Jei dabar ketinate mokytis marat\u0173 kalbos, pasiruo\u0161kite ne ma\u017eiau \u012fdomiam marat\u0173 kalbos gramatikos tyrin\u0117jimui. Marat\u0173 kalba, indoarij\u0173 kalba, kuria daugiausia kalbama Indijos Mahara\u0161tros valstijoje, gali pasigirti turtingomis tradicijomis ir unikaliomis kalbin\u0117mis savyb\u0117mis. [&hellip;]<\/p>\n","protected":false},"author":1,"featured_media":116372,"parent":0,"menu_order":0,"comment_status":"closed","ping_status":"closed","template":"LearningContentPage.php","meta":{"_acf_changed":false,"footnotes":""},"class_list":["post-147616","page","type-page","status-publish","has-post-thumbnail","hentry"],"acf":[],"yoast_head":"<!-- This site is optimized with the Yoast SEO Premium plugin v27.2 (Yoast SEO v27.2) - https:\/\/yoast.com\/product\/yoast-seo-premium-wordpress\/ -->\n<title>Marat\u0173 gramatika - Talkpal<\/title>\n<meta name=\"description\" content=\"Mokydamiesi \u0161ios kalbos pa\u017einkite \u017eav\u0173 marati gramatikos pasaul\u012f ir su\u017einokite unikalias taisykles, fonetik\u0105 ir kir\u010diavim\u0105.\" \/>\n<meta name=\"robots\" content=\"index, follow, max-snippet:-1, max-image-preview:large, max-video-preview:-1\" \/>\n<link rel=\"canonical\" href=\"https:\/\/talkpal.ai\/lt\/maratu-gramatika\/\" \/>\n<meta property=\"og:locale\" content=\"lt_LT\" \/>\n<meta property=\"og:type\" content=\"article\" \/>\n<meta property=\"og:title\" content=\"Marat\u0173 gramatika\" \/>\n<meta property=\"og:description\" content=\"Marat\u0173 gramatikos vilion\u0117: jos paslap\u010di\u0173 ir subtilybi\u0173 atskleidimas Ar prisimenate gluminan\u010di\u0105 angl\u0173 kalbos gramatikos mokymosi kelion\u0119, kupin\u0105 sud\u0117ting\u0173\" \/>\n<meta property=\"og:url\" content=\"https:\/\/talkpal.ai\/lt\/maratu-gramatika\/\" \/>\n<meta property=\"og:site_name\" content=\"Talkpal\" \/>\n<meta property=\"article:publisher\" content=\"https:\/\/www.facebook.com\/profile.php?id=100090733639311\" \/>\n<meta property=\"article:modified_time\" content=\"2025-12-12T10:52:58+00:00\" \/>\n<meta property=\"og:image\" content=\"https:\/\/talkpal.ai\/wp-content\/uploads\/2023\/05\/Marathi-india.png\" \/>\n\t<meta property=\"og:image:width\" content=\"512\" \/>\n\t<meta property=\"og:image:height\" content=\"512\" \/>\n\t<meta property=\"og:image:type\" content=\"image\/png\" \/>\n<meta name=\"twitter:card\" content=\"summary_large_image\" \/>\n<meta name=\"twitter:site\" content=\"@talkpalai\" \/>\n<meta name=\"twitter:label1\" content=\"Est. reading time\" \/>\n\t<meta name=\"twitter:data1\" content=\"2 minut\u0117s\" \/>\n<script type=\"application\/ld+json\" class=\"yoast-schema-graph\">{\"@context\":\"https:\/\/schema.org\",\"@graph\":[{\"@type\":\"WebPage\",\"@id\":\"https:\/\/talkpal.ai\/lt\/maratu-gramatika\/\",\"url\":\"https:\/\/talkpal.ai\/lt\/maratu-gramatika\/\",\"name\":\"Marat\u0173 gramatika - Talkpal\",\"isPartOf\":{\"@id\":\"https:\/\/talkpal.ai\/lt\/#website\"},\"primaryImageOfPage\":{\"@id\":\"https:\/\/talkpal.ai\/lt\/maratu-gramatika\/#primaryimage\"},\"image\":{\"@id\":\"https:\/\/talkpal.ai\/lt\/maratu-gramatika\/#primaryimage\"},\"thumbnailUrl\":\"https:\/\/talkpal.ai\/wp-content\/uploads\/2023\/05\/Marathi-india.png\",\"datePublished\":\"2023-05-14T14:12:07+00:00\",\"dateModified\":\"2025-12-12T10:52:58+00:00\",\"description\":\"Mokydamiesi \u0161ios kalbos pa\u017einkite \u017eav\u0173 marati gramatikos pasaul\u012f ir su\u017einokite unikalias taisykles, fonetik\u0105 ir kir\u010diavim\u0105.\",\"breadcrumb\":{\"@id\":\"https:\/\/talkpal.ai\/lt\/maratu-gramatika\/#breadcrumb\"},\"inLanguage\":\"lt-LT\",\"potentialAction\":[{\"@type\":\"ReadAction\",\"target\":[\"https:\/\/talkpal.ai\/lt\/maratu-gramatika\/\"]}]},{\"@type\":\"ImageObject\",\"inLanguage\":\"lt-LT\",\"@id\":\"https:\/\/talkpal.ai\/lt\/maratu-gramatika\/#primaryimage\",\"url\":\"https:\/\/talkpal.ai\/wp-content\/uploads\/2023\/05\/Marathi-india.png\",\"contentUrl\":\"https:\/\/talkpal.ai\/wp-content\/uploads\/2023\/05\/Marathi-india.png\",\"width\":512,\"height\":512},{\"@type\":\"BreadcrumbList\",\"@id\":\"https:\/\/talkpal.ai\/lt\/maratu-gramatika\/#breadcrumb\",\"itemListElement\":[{\"@type\":\"ListItem\",\"position\":1,\"name\":\"Homepage\",\"item\":\"https:\/\/talkpal.ai\/lt\/\"},{\"@type\":\"ListItem\",\"position\":2,\"name\":\"Marat\u0173 gramatika\"}]},{\"@type\":\"WebSite\",\"@id\":\"https:\/\/talkpal.ai\/lt\/#website\",\"url\":\"https:\/\/talkpal.ai\/lt\/\",\"name\":\"Talkpal\",\"description\":\"AI Language Learning\",\"publisher\":{\"@id\":\"https:\/\/talkpal.ai\/lt\/#organization\"},\"alternateName\":\"Talkpal AI\",\"potentialAction\":[{\"@type\":\"SearchAction\",\"target\":{\"@type\":\"EntryPoint\",\"urlTemplate\":\"https:\/\/talkpal.ai\/lt\/?s={search_term_string}\"},\"query-input\":{\"@type\":\"PropertyValueSpecification\",\"valueRequired\":true,\"valueName\":\"search_term_string\"}}],\"inLanguage\":\"lt-LT\"},{\"@type\":\"Organization\",\"@id\":\"https:\/\/talkpal.ai\/lt\/#organization\",\"name\":\"Talkpal, Inc.\",\"alternateName\":\"Talkpal AI\",\"url\":\"https:\/\/talkpal.ai\/lt\/\",\"logo\":{\"@type\":\"ImageObject\",\"inLanguage\":\"lt-LT\",\"@id\":\"https:\/\/talkpal.ai\/lt\/#\/schema\/logo\/image\/\",\"url\":\"https:\/\/talkpal.ai\/wp-content\/uploads\/2024\/03\/Talkpal-Logo-Icon.png\",\"contentUrl\":\"https:\/\/talkpal.ai\/wp-content\/uploads\/2024\/03\/Talkpal-Logo-Icon.png\",\"width\":2880,\"height\":2880,\"caption\":\"Talkpal, Inc.\"},\"image\":{\"@id\":\"https:\/\/talkpal.ai\/lt\/#\/schema\/logo\/image\/\"},\"sameAs\":[\"https:\/\/www.facebook.com\/profile.php?id=100090733639311\",\"https:\/\/x.com\/talkpalai\",\"https:\/\/www.linkedin.com\/company\/talkpal\/\",\"https:\/\/www.youtube.com\/@TalkPal\/\",\"https:\/\/www.tiktok.com\/@talkpal\",\"https:\/\/www.instagram.com\/talkpal_ai\/\",\"https:\/\/www.crunchbase.com\/organization\/talkpal-9cde\",\"https:\/\/www.g2.com\/products\/talkpal-for-business\/\",\"https:\/\/www.trustpilot.com\/review\/talkpal.ai\",\"https:\/\/www.capterra.com\/p\/10006800\/TalkPal\/\"],\"description\":\"Talkpal is a language learning web and mobile education app, powered by the latest AI technologies, that provides engaging experiences to its customers in many different languages to help them improve their language skills. Users can chat about unlimited amount of topics with the app and use other modes to practice their language learning.\",\"email\":\"support@talkpal.ai\",\"legalName\":\"Talkpal, Inc.\",\"foundingDate\":\"2023-04-03\",\"duns\":\"118989042\",\"numberOfEmployees\":{\"@type\":\"QuantitativeValue\",\"minValue\":\"11\",\"maxValue\":\"50\"},\"publishingPrinciples\":\"https:\/\/talkpal.ai\/publishing-principles\/\",\"actionableFeedbackPolicy\":\"https:\/\/talkpal.ai\/actionable-feedback-policy\/\",\"correctionsPolicy\":\"https:\/\/talkpal.ai\/corrections-policy\/\",\"ethicsPolicy\":\"https:\/\/talkpal.ai\/ethics-policy\/\",\"diversityPolicy\":\"https:\/\/talkpal.ai\/diversity-policy\/\",\"diversityStaffingReport\":\"https:\/\/talkpal.ai\/diversity-policy\/\"}]}<\/script>\n<!-- \/ Yoast SEO Premium plugin. -->","yoast_head_json":{"title":"Marat\u0173 gramatika - Talkpal","description":"Mokydamiesi \u0161ios kalbos pa\u017einkite \u017eav\u0173 marati gramatikos pasaul\u012f ir su\u017einokite unikalias taisykles, fonetik\u0105 ir kir\u010diavim\u0105.","robots":{"index":"index","follow":"follow","max-snippet":"max-snippet:-1","max-image-preview":"max-image-preview:large","max-video-preview":"max-video-preview:-1"},"canonical":"https:\/\/talkpal.ai\/lt\/maratu-gramatika\/","og_locale":"lt_LT","og_type":"article","og_title":"Marat\u0173 gramatika","og_description":"Marat\u0173 gramatikos vilion\u0117: jos paslap\u010di\u0173 ir subtilybi\u0173 atskleidimas Ar prisimenate gluminan\u010di\u0105 angl\u0173 kalbos gramatikos mokymosi kelion\u0119, kupin\u0105 sud\u0117ting\u0173","og_url":"https:\/\/talkpal.ai\/lt\/maratu-gramatika\/","og_site_name":"Talkpal","article_publisher":"https:\/\/www.facebook.com\/profile.php?id=100090733639311","article_modified_time":"2025-12-12T10:52:58+00:00","og_image":[{"width":512,"height":512,"url":"https:\/\/talkpal.ai\/wp-content\/uploads\/2023\/05\/Marathi-india.png","type":"image\/png"}],"twitter_card":"summary_large_image","twitter_site":"@talkpalai","twitter_misc":{"Est. reading time":"2 minut\u0117s"},"schema":{"@context":"https:\/\/schema.org","@graph":[{"@type":"WebPage","@id":"https:\/\/talkpal.ai\/lt\/maratu-gramatika\/","url":"https:\/\/talkpal.ai\/lt\/maratu-gramatika\/","name":"Marat\u0173 gramatika - Talkpal","isPartOf":{"@id":"https:\/\/talkpal.ai\/lt\/#website"},"primaryImageOfPage":{"@id":"https:\/\/talkpal.ai\/lt\/maratu-gramatika\/#primaryimage"},"image":{"@id":"https:\/\/talkpal.ai\/lt\/maratu-gramatika\/#primaryimage"},"thumbnailUrl":"https:\/\/talkpal.ai\/wp-content\/uploads\/2023\/05\/Marathi-india.png","datePublished":"2023-05-14T14:12:07+00:00","dateModified":"2025-12-12T10:52:58+00:00","description":"Mokydamiesi \u0161ios kalbos pa\u017einkite \u017eav\u0173 marati gramatikos pasaul\u012f ir su\u017einokite unikalias taisykles, fonetik\u0105 ir kir\u010diavim\u0105.","breadcrumb":{"@id":"https:\/\/talkpal.ai\/lt\/maratu-gramatika\/#breadcrumb"},"inLanguage":"lt-LT","potentialAction":[{"@type":"ReadAction","target":["https:\/\/talkpal.ai\/lt\/maratu-gramatika\/"]}]},{"@type":"ImageObject","inLanguage":"lt-LT","@id":"https:\/\/talkpal.ai\/lt\/maratu-gramatika\/#primaryimage","url":"https:\/\/talkpal.ai\/wp-content\/uploads\/2023\/05\/Marathi-india.png","contentUrl":"https:\/\/talkpal.ai\/wp-content\/uploads\/2023\/05\/Marathi-india.png","width":512,"height":512},{"@type":"BreadcrumbList","@id":"https:\/\/talkpal.ai\/lt\/maratu-gramatika\/#breadcrumb","itemListElement":[{"@type":"ListItem","position":1,"name":"Homepage","item":"https:\/\/talkpal.ai\/lt\/"},{"@type":"ListItem","position":2,"name":"Marat\u0173 gramatika"}]},{"@type":"WebSite","@id":"https:\/\/talkpal.ai\/lt\/#website","url":"https:\/\/talkpal.ai\/lt\/","name":"Talkpal","description":"AI Language Learning","publisher":{"@id":"https:\/\/talkpal.ai\/lt\/#organization"},"alternateName":"Talkpal AI","potentialAction":[{"@type":"SearchAction","target":{"@type":"EntryPoint","urlTemplate":"https:\/\/talkpal.ai\/lt\/?s={search_term_string}"},"query-input":{"@type":"PropertyValueSpecification","valueRequired":true,"valueName":"search_term_string"}}],"inLanguage":"lt-LT"},{"@type":"Organization","@id":"https:\/\/talkpal.ai\/lt\/#organization","name":"Talkpal, Inc.","alternateName":"Talkpal AI","url":"https:\/\/talkpal.ai\/lt\/","logo":{"@type":"ImageObject","inLanguage":"lt-LT","@id":"https:\/\/talkpal.ai\/lt\/#\/schema\/logo\/image\/","url":"https:\/\/talkpal.ai\/wp-content\/uploads\/2024\/03\/Talkpal-Logo-Icon.png","contentUrl":"https:\/\/talkpal.ai\/wp-content\/uploads\/2024\/03\/Talkpal-Logo-Icon.png","width":2880,"height":2880,"caption":"Talkpal, Inc."},"image":{"@id":"https:\/\/talkpal.ai\/lt\/#\/schema\/logo\/image\/"},"sameAs":["https:\/\/www.facebook.com\/profile.php?id=100090733639311","https:\/\/x.com\/talkpalai","https:\/\/www.linkedin.com\/company\/talkpal\/","https:\/\/www.youtube.com\/@TalkPal\/","https:\/\/www.tiktok.com\/@talkpal","https:\/\/www.instagram.com\/talkpal_ai\/","https:\/\/www.crunchbase.com\/organization\/talkpal-9cde","https:\/\/www.g2.com\/products\/talkpal-for-business\/","https:\/\/www.trustpilot.com\/review\/talkpal.ai","https:\/\/www.capterra.com\/p\/10006800\/TalkPal\/"],"description":"Talkpal is a language learning web and mobile education app, powered by the latest AI technologies, that provides engaging experiences to its customers in many different languages to help them improve their language skills. Users can chat about unlimited amount of topics with the app and use other modes to practice their language learning.","email":"support@talkpal.ai","legalName":"Talkpal, Inc.","foundingDate":"2023-04-03","duns":"118989042","numberOfEmployees":{"@type":"QuantitativeValue","minValue":"11","maxValue":"50"},"publishingPrinciples":"https:\/\/talkpal.ai\/publishing-principles\/","actionableFeedbackPolicy":"https:\/\/talkpal.ai\/actionable-feedback-policy\/","correctionsPolicy":"https:\/\/talkpal.ai\/corrections-policy\/","ethicsPolicy":"https:\/\/talkpal.ai\/ethics-policy\/","diversityPolicy":"https:\/\/talkpal.ai\/diversity-policy\/","diversityStaffingReport":"https:\/\/talkpal.ai\/diversity-policy\/"}]}},"_links":{"self":[{"href":"https:\/\/talkpal.ai\/lt\/wp-json\/wp\/v2\/pages\/147616","targetHints":{"allow":["GET"]}}],"collection":[{"href":"https:\/\/talkpal.ai\/lt\/wp-json\/wp\/v2\/pages"}],"about":[{"href":"https:\/\/talkpal.ai\/lt\/wp-json\/wp\/v2\/types\/page"}],"author":[{"embeddable":true,"href":"https:\/\/talkpal.ai\/lt\/wp-json\/wp\/v2\/users\/1"}],"replies":[{"embeddable":true,"href":"https:\/\/talkpal.ai\/lt\/wp-json\/wp\/v2\/comments?post=147616"}],"version-history":[{"count":0,"href":"https:\/\/talkpal.ai\/lt\/wp-json\/wp\/v2\/pages\/147616\/revisions"}],"wp:featuredmedia":[{"embeddable":true,"href":"https:\/\/talkpal.ai\/lt\/wp-json\/wp\/v2\/media\/116372"}],"wp:attachment":[{"href":"https:\/\/talkpal.ai\/lt\/wp-json\/wp\/v2\/media?parent=147616"}],"curies":[{"name":"wp","href":"https:\/\/api.w.org\/{rel}","templated":true}]}}