{"id":147260,"date":"2023-05-14T14:11:47","date_gmt":"2023-05-14T14:11:47","guid":{"rendered":"http:\/\/talkpal.ai\/malaju-kalbos-gramatika\/"},"modified":"2025-12-17T16:40:51","modified_gmt":"2025-12-17T16:40:51","slug":"malaju-kalbos-gramatika","status":"publish","type":"page","link":"https:\/\/talkpal.ai\/lt\/malaju-kalbos-gramatika\/","title":{"rendered":"Malaj\u0173 kalbos gramatika"},"content":{"rendered":"\r\n\r\n\r\n<section class=\"languageChallengeSection\">\r\n    <div class=\"languageInfoWrapper\">\r\n        \r\n        <h1>Malaj\u0173 kalbos gramatika<\/h1>\r\n        <p>Smalsu mokytis <a href=\"https:\/\/talkpal.ai\/learn-malay\/\">malaj\u0173<\/a> <a href=\"https:\/\/talkpal.ai\/what-language-is-spoken-on-the-international-space-station\/\">kalbos<\/a>? Pasinerkite \u012f <a href=\"https:\/\/talkpal.ai\/learn-malay\/\">malaj\u0173<\/a> kalbos gramatik\u0105, kuri gars\u0117ja paprastomis taisykl\u0117mis, veiksma\u017eod\u017ei\u0173 linksniavimo tr\u016bkumu ir afiks\u0173 naudojimu prasmei sukurti. Prad\u0117kite jau \u0161iandien &#8211; i\u0161mok\u0119 malaj\u0173 kalbos gramatikos \u012fgysite pasitik\u0117jimo savimi, lengvai bendrausite ir gal\u0117site susipa\u017einti su \u012fvairiomis ir dinami\u0161komis Pietry\u010di\u0173 Azijos kult\u016bromis!<\/p>\r\n\r\n                            <a class=\"getStartedHidden\" href=\"https:\/\/app.talkpal.ai\/lt\/signup?lng=\">Prad\u0117k<\/a>\r\n        \r\n    <\/div>\r\n\r\n    <figure>\r\n    <img decoding=\"async\" width=\"768\" height=\"768\" src=\"https:\/\/talkpal.ai\/wp-content\/uploads\/2023\/06\/malay-768x768.png\" class=\"languageImage no-lazy\" alt=\"Language learning for personal accomplishments\" fetchpriority=\"high\" sizes=\"(max-width: 768px) 150px, 768px\" srcset=\"https:\/\/talkpal.ai\/wp-content\/uploads\/2023\/06\/malay-768x768.png 768w, https:\/\/talkpal.ai\/wp-content\/uploads\/2023\/06\/malay-300x300.png 300w\" \/>\r\n    \r\n\r\n    <\/figure>\r\n\r\n            <a class=\"getStartedVisible\" href=\"https:\/\/app.talkpal.ai\/lt\/signup?lng=\">Prad\u0117k<\/a>\r\n    \r\n<\/section>\r\n<section class=\"promotionalBanner\">\r\n    <p class=\"promotionalText\">Efektyviausias b\u016bdas mokytis kalbos<\/p>\r\n    <a class=\"promotionalLink\" href=\"https:\/\/app.talkpal.ai\/lt\/signup?lng=\">I\u0161bandykite Talkpal &#8221; nemokamai<\/a>\r\n<\/section>\n<div class=\"wp-block-group pageContainerStyle\"><div class=\"wp-block-group__inner-container is-layout-constrained wp-block-group-is-layout-constrained\">\n<h2 class=\"wp-block-heading\" id=\"h-malay-grammar-exploring-the-richness-of-bahasa-melayu\">Malaj\u0173 kalbos gramatika: Bahasa Melayu turtingumo tyrin\u0117jimas<\/h2>\n\n\n\n<p>Malaj\u0173 kalba, arba <a href=\"https:\/\/talkpal.ai\/ms\/belajar-bahasa-melayu\/\">Bahasa Melayu<\/a>, yra viena i\u0161 labiausiai paplitusi\u0173 kalb\u0173 pasaulyje, vienijanti \u012fvairias Malaizijos, Indonezijos, Brun\u0117jaus ir Singap\u016bro tautas. Prad\u0117j\u0119 mokytis malaj\u0173 kalbos, greitai atrasite jos gramatikos gro\u017e\u012f ir besiple\u010diant\u012f kalbin\u012f kra\u0161tovaizd\u012f. \u0160iuo straipsniu siekiama supa\u017eindinti jus su pagrindiniais malaj\u0173 kalbos gramatikos principais, padedan\u010diais geriau suprasti ir vertinti \u0161i\u0105 \u012fvairiapus\u0119 kalb\u0105.<\/p>\n\n\n\n<h3 class=\"wp-block-heading\" id=\"h-1-nouns-simplicity-rules\">1. Daiktavard\u017eiai \u2013 paprastumo taisykl\u0117s<\/h3>\n\n\n\n<p>Prie\u0161ingai nei kit\u0173 kalb\u0173, malaj\u0173 kalbos gramatikoje n\u0117ra daiktavard\u017ei\u0173 darybos ar gimin\u0117s klasifikacijos. Vietoj to, daiktavard\u017ei\u0173 vartojimas labai pabr\u0117\u017eia paprastum\u0105. Daugiskaitin\u0117s daiktavard\u017ei\u0173 formos sukuriamos jas tiesiog dubliuojant. Skamba lengvai, tiesa? Pavyzd\u017eiui, &#8222;obuolys&#8221; yra &#8222;buah epal&#8221;, tod\u0117l &#8222;obuoliai&#8221; <a href=\"https:\/\/talkpal.ai\/locations\/language-courses-in-tampa\/\">tampa<\/a> &#8222;buah-buah epal&#8221;. Galite atsisakyti dubliavimosi neoficialioje kalboje.<\/p>\n\n\n\n<h3 class=\"wp-block-heading\" id=\"h-2-adjectives-straightforward-descriptions\">2. B\u016bdvard\u017eiai \u2013 tiesmuki\u0161ki apib\u016bdinimai<\/h3>\n\n\n\n<p>Malaj\u0173 kalbos b\u016bdvard\u017eiai i\u0161lieka nepakit\u0119, nepriklausomai nuo daiktavard\u017eio, kur\u012f apib\u016bdina, tod\u0117l juos labai lengva vartoti &#8211; <a href=\"https:\/\/talkpal.ai\/learn-thai\/\">tai<\/a> dar vienas \u0161ios kalbos paprastumo \u012frodymas. B\u016bdvard\u017ei\u0173 i\u0161d\u0117stymas ateina po daiktavard\u017eio, sukuriant malon\u0173 sakini\u0173 sraut\u0105. Pavyzd\u017eiui, &#8222;didelis namas&#8221; yra &#8222;rumah besar&#8221;, kur &#8222;rumah&#8221; rei\u0161kia &#8222;namas&#8221;, o &#8222;besar&#8221; &#8211; &#8222;didelis&#8221;.<\/p>\n\n\n\n<h3 class=\"wp-block-heading\" id=\"h-3-verbs-the-magic-of-prefixes-and-suffixes\">3. Veiksma\u017eod\u017eiai \u2013 prie\u0161d\u0117li\u0173 ir priesag\u0173 magija<\/h3>\n\n\n\n<p>Malaj\u0173 kalbos veiksma\u017eod\u017eiai pasi\u017eymi \u012fvairiapusi\u0161kumu, kuris yra ir \u012fdomus, ir paprastas. Bahasa Melayu kalboje laikai n\u0117ra ai\u0161kiai i\u0161reik\u0161ti veiksma\u017eod\u017ei\u0173 formomis; vietoj to jie nurodomi per kontekst\u0105 arba laiko \u017eymeklius. Be to, malaj\u0173 kalba pla\u010diai naudoja prie\u0161d\u0117lius ir priesagas, kad i\u0161reik\u0161t\u0173 skirtingus veiksma\u017eod\u017ei\u0173 aspektus.<\/p>\n\n\n\n<p>Yra trys pagrindiniai prie\u0161d\u0117liai: &#8222;meN-&#8222;, &#8222;ber-&#8221; ir &#8222;ter-&#8222;. Prie\u0161d\u0117lio &#8222;meN-&#8221; paskirtis yra labai \u012fvairi, \u012fskaitant aktyvi\u0173j\u0173 veiksma\u017eod\u017ei\u0173 sudarym\u0105 ir prie\u017eastini\u0173 veiksm\u0173 \u017eym\u0117jim\u0105. Tuo tarpu &#8222;ber-&#8221; rei\u0161kia intranzityvinius veiksmus, o &#8222;ter-&#8221; &#8211; atsitiktinius \u012fvykius arba pasyvius veiksmus. Svarbu atkreipti d\u0117mes\u012f, kad kiekvienas prie\u0161d\u0117lis gali \u0161iek tiek pakeisti pagrindinio veiksma\u017eod\u017eio ra\u0161yb\u0105.<\/p>\n\n\n\n<p>Tokios priesagos, kaip &#8222;-kan&#8221; ir &#8222;-i&#8221;, padeda dar labiau sukonkretinti veiksma\u017eod\u012f, o infiksas &#8222;-el-&#8221; suteikia pagrindiniam veiksma\u017eod\u017eiui intensyvumo.<\/p>\n\n\n\n<h3 class=\"wp-block-heading\" id=\"h-4-prepositions-amp-particles-adding-flavor-to-sentences\">4. Prielinksniai ir dalel\u0117s &#8211; sakini\u0173 skonio prid\u0117jimas<\/h3>\n\n\n\n<p>Prielinksniai ir dalel\u0117s vaidina gyvybi\u0161kai svarb\u0173 vaidmen\u012f malaj\u0173 kalbos gramatikoje, veikdami kaip kalbiniai klijai ir suteikdami esmin\u012f kontekst\u0105. Prielinksniai, tokie kaip &#8222;di&#8221; (prie), &#8222;ke&#8221; (\u012f) ir &#8222;dari&#8221; (i\u0161), padeda nustatyti ry\u0161ius tarp \u017eod\u017ei\u0173. Kita vertus, dalelyt\u0117s, pavyzd\u017eiui, &#8222;lah&#8221;, &#8222;kah&#8221; ir &#8222;pun&#8221;, vartojamos sakiniams pabr\u0117\u017eti, emocijoms ir klausiamiesiems \u017eenklams prid\u0117ti.<\/p>\n\n\n\n<p>Pavyzd\u017eiui, sakinys &#8222;Kamu pergi sana&#8221;, rei\u0161kiantis &#8222;Tu eini ten&#8221;, tampa labiau pabr\u0117\u017etinas, jei pabaigoje pridedate &#8222;lah&#8221;: &#8222;Kamu pergi sana lah&#8221;. Dabar tai rei\u0161kia &#8222;Eikite ten (dabar)&#8221;.<\/p>\n\n\n\n<h3 class=\"wp-block-heading\" id=\"h-5-embracing-the-journey\">5. Kelion\u0117s apkabinimas<\/h3>\n\n\n\n<p>Nors <a href=\"https:\/\/talkpal.ai\/malay-grammar\/\">malaj\u0173 kalbos gramatika<\/a> gali atrodyti paprasta, palyginti su kitomis kalbomis, jos gro\u017eis slypi turtingume ir i\u0161rai\u0161k\u0173, pasiekiam\u0173 paprastomis taisykl\u0117mis, \u012fvairov\u0117je. Lengvas malaj\u0173 kalbos gramatikos mokymasis leis jums efektyviau \u012fsitraukti \u012f \u012fvair\u0173 malaj\u0173 kalba kalbant\u012f pasaul\u012f ir pasinerti \u012f jo unikali\u0105 kult\u016br\u0105.<\/p>\n\n\n\n<p>Prie\u0161 nerdami sta\u010dia galva \u012f Bahasa Melayu pasaul\u012f, atminkite, kad kelion\u0117 ne visada gali b\u016bti sklandi. B\u016bkite atviri, bendraukite su gimt\u0105ja kalba ir, svarbiausia, m\u0117gaukit\u0117s patirtimi atrandant \u0161ios gra\u017eios kalbos niuansus. Selamat belajar\u2013laimingas mokymasis!<\/p>\n<\/div><\/div>\n\r\n<section class=\"learnNavigationSection\">\r\n            \r\n        <a href=\"https:\/\/talkpal.ai\/lt\/mokykis-malaju-kalbos\/\">\r\n            <div class=\"learnNavigationWrapper\">\r\n                <div class=\"learnNavigationContent\">\r\n                    <img decoding=\"async\" src=\"https:\/\/talkpal.ai\/wp-content\/uploads\/2024\/08\/Malay.jpg\" alt=\"Malaysian Flag\">\r\n                    <div>\r\n                        <h4>Apie malaj\u0173 mokym\u0105si<\/h4>\r\n                        <p>Su\u017einokite visk\u0105 apie malaj\u0173 kalbos gramatik\u0105.<\/p>\r\n                    <\/div>\r\n                <\/div>\r\n            <\/div>\r\n        <\/a>\r\n\r\n        \r\n        <a href=\"https:\/\/talkpal.ai\/lt\/malaju-kalbos-gramatikos-pratimai\/\">\r\n            <div class=\"learnNavigationWrapper\">\r\n                <div class=\"learnNavigationContent\">\r\n                    <img decoding=\"async\" src=\"https:\/\/talkpal.ai\/wp-content\/uploads\/2024\/08\/Malay.jpg\" alt=\"Malaysian Flag\">\r\n                    <div>\r\n                        <h4>Malaj\u0173 kalbos gramatikos pratimai<\/h4>\r\n                        <p>Praktika malaj\u0173 kalbos gramatika<\/p>\r\n                    <\/div>\r\n                <\/div>\r\n            <\/div>\r\n        <\/a>\r\n\r\n        \r\n        <a href=\"https:\/\/talkpal.ai\/vocabulary_language\/malay\/\">\r\n            <div class=\"learnNavigationWrapper\">\r\n                <div class=\"learnNavigationContent\">\r\n                    <img decoding=\"async\" src=\"https:\/\/talkpal.ai\/wp-content\/uploads\/2024\/08\/Malay.jpg\" alt=\"Malaysian Flag\">\r\n                    <div>\r\n                        <h4>Malaj\u0173 kalbos \u017eodynas<\/h4>\r\n                        <p>Prapl\u0117skite savo malaj\u0173 kalbos \u017eodyn\u0105.<\/p>\r\n                    <\/div>\r\n                <\/div>\r\n            <\/div>\r\n        <\/a>\r\n\r\n            <\/section>","protected":false},"excerpt":{"rendered":"<p>Malaj\u0173 kalbos gramatika: Bahasa Melayu turtingumo tyrin\u0117jimas Malaj\u0173 kalba, arba Bahasa Melayu, yra viena i\u0161 labiausiai paplitusi\u0173 kalb\u0173 pasaulyje, vienijanti \u012fvairias Malaizijos, Indonezijos, Brun\u0117jaus ir Singap\u016bro tautas. Prad\u0117j\u0119 mokytis malaj\u0173 kalbos, greitai atrasite jos gramatikos gro\u017e\u012f ir besiple\u010diant\u012f kalbin\u012f kra\u0161tovaizd\u012f. \u0160iuo straipsniu siekiama supa\u017eindinti jus su pagrindiniais malaj\u0173 kalbos gramatikos principais, padedan\u010diais geriau suprasti ir [&hellip;]<\/p>\n","protected":false},"author":1,"featured_media":115814,"parent":0,"menu_order":0,"comment_status":"closed","ping_status":"closed","template":"LearningContentPage.php","meta":{"_acf_changed":false,"footnotes":""},"class_list":["post-147260","page","type-page","status-publish","has-post-thumbnail","hentry"],"acf":[],"yoast_head":"<!-- This site is optimized with the Yoast SEO Premium plugin v27.2 (Yoast SEO v27.2) - https:\/\/yoast.com\/product\/yoast-seo-premium-wordpress\/ -->\n<title>Malaj\u0173 kalbos gramatika - Talkpal<\/title>\n<meta name=\"description\" content=\"Susipa\u017einkite su malaj\u0173 kalbos gramatika ir su\u017einokite, kaip jos paprastumas gali pad\u0117ti geriau suprasti malaj\u0173 kalb\u0105.\" \/>\n<meta name=\"robots\" content=\"index, follow, max-snippet:-1, max-image-preview:large, max-video-preview:-1\" \/>\n<link rel=\"canonical\" href=\"https:\/\/talkpal.ai\/lt\/malaju-kalbos-gramatika\/\" \/>\n<meta property=\"og:locale\" content=\"lt_LT\" \/>\n<meta property=\"og:type\" content=\"article\" \/>\n<meta property=\"og:title\" content=\"Malaj\u0173 kalbos gramatika\" \/>\n<meta property=\"og:description\" content=\"Malaj\u0173 kalbos gramatika: Bahasa Melayu turtingumo tyrin\u0117jimas Malaj\u0173 kalba, arba Bahasa Melayu, yra viena i\u0161 labiausiai paplitusi\u0173 kalb\u0173 pasaulyje,\" \/>\n<meta property=\"og:url\" content=\"https:\/\/talkpal.ai\/lt\/malaju-kalbos-gramatika\/\" \/>\n<meta property=\"og:site_name\" content=\"Talkpal\" \/>\n<meta property=\"article:publisher\" content=\"https:\/\/www.facebook.com\/profile.php?id=100090733639311\" \/>\n<meta property=\"article:modified_time\" content=\"2025-12-17T16:40:51+00:00\" \/>\n<meta property=\"og:image\" content=\"https:\/\/talkpal.ai\/wp-content\/uploads\/2023\/05\/malaysia.png\" \/>\n\t<meta property=\"og:image:width\" content=\"512\" \/>\n\t<meta property=\"og:image:height\" content=\"512\" \/>\n\t<meta property=\"og:image:type\" content=\"image\/png\" \/>\n<meta name=\"twitter:card\" content=\"summary_large_image\" \/>\n<meta name=\"twitter:site\" content=\"@talkpalai\" \/>\n<meta name=\"twitter:label1\" content=\"Est. reading time\" \/>\n\t<meta name=\"twitter:data1\" content=\"3 minut\u0117s\" \/>\n<script type=\"application\/ld+json\" class=\"yoast-schema-graph\">{\"@context\":\"https:\/\/schema.org\",\"@graph\":[{\"@type\":\"WebPage\",\"@id\":\"https:\/\/talkpal.ai\/lt\/malaju-kalbos-gramatika\/\",\"url\":\"https:\/\/talkpal.ai\/lt\/malaju-kalbos-gramatika\/\",\"name\":\"Malaj\u0173 kalbos gramatika - Talkpal\",\"isPartOf\":{\"@id\":\"https:\/\/talkpal.ai\/lt\/#website\"},\"primaryImageOfPage\":{\"@id\":\"https:\/\/talkpal.ai\/lt\/malaju-kalbos-gramatika\/#primaryimage\"},\"image\":{\"@id\":\"https:\/\/talkpal.ai\/lt\/malaju-kalbos-gramatika\/#primaryimage\"},\"thumbnailUrl\":\"https:\/\/talkpal.ai\/wp-content\/uploads\/2023\/05\/malaysia.png\",\"datePublished\":\"2023-05-14T14:11:47+00:00\",\"dateModified\":\"2025-12-17T16:40:51+00:00\",\"description\":\"Susipa\u017einkite su malaj\u0173 kalbos gramatika ir su\u017einokite, kaip jos paprastumas gali pad\u0117ti geriau suprasti malaj\u0173 kalb\u0105.\",\"breadcrumb\":{\"@id\":\"https:\/\/talkpal.ai\/lt\/malaju-kalbos-gramatika\/#breadcrumb\"},\"inLanguage\":\"lt-LT\",\"potentialAction\":[{\"@type\":\"ReadAction\",\"target\":[\"https:\/\/talkpal.ai\/lt\/malaju-kalbos-gramatika\/\"]}]},{\"@type\":\"ImageObject\",\"inLanguage\":\"lt-LT\",\"@id\":\"https:\/\/talkpal.ai\/lt\/malaju-kalbos-gramatika\/#primaryimage\",\"url\":\"https:\/\/talkpal.ai\/wp-content\/uploads\/2023\/05\/malaysia.png\",\"contentUrl\":\"https:\/\/talkpal.ai\/wp-content\/uploads\/2023\/05\/malaysia.png\",\"width\":512,\"height\":512},{\"@type\":\"BreadcrumbList\",\"@id\":\"https:\/\/talkpal.ai\/lt\/malaju-kalbos-gramatika\/#breadcrumb\",\"itemListElement\":[{\"@type\":\"ListItem\",\"position\":1,\"name\":\"Homepage\",\"item\":\"https:\/\/talkpal.ai\/lt\/\"},{\"@type\":\"ListItem\",\"position\":2,\"name\":\"Malaj\u0173 kalbos gramatika\"}]},{\"@type\":\"WebSite\",\"@id\":\"https:\/\/talkpal.ai\/lt\/#website\",\"url\":\"https:\/\/talkpal.ai\/lt\/\",\"name\":\"Talkpal\",\"description\":\"AI Language Learning\",\"publisher\":{\"@id\":\"https:\/\/talkpal.ai\/lt\/#organization\"},\"alternateName\":\"Talkpal AI\",\"potentialAction\":[{\"@type\":\"SearchAction\",\"target\":{\"@type\":\"EntryPoint\",\"urlTemplate\":\"https:\/\/talkpal.ai\/lt\/?s={search_term_string}\"},\"query-input\":{\"@type\":\"PropertyValueSpecification\",\"valueRequired\":true,\"valueName\":\"search_term_string\"}}],\"inLanguage\":\"lt-LT\"},{\"@type\":\"Organization\",\"@id\":\"https:\/\/talkpal.ai\/lt\/#organization\",\"name\":\"Talkpal, Inc.\",\"alternateName\":\"Talkpal AI\",\"url\":\"https:\/\/talkpal.ai\/lt\/\",\"logo\":{\"@type\":\"ImageObject\",\"inLanguage\":\"lt-LT\",\"@id\":\"https:\/\/talkpal.ai\/lt\/#\/schema\/logo\/image\/\",\"url\":\"https:\/\/talkpal.ai\/wp-content\/uploads\/2024\/03\/Talkpal-Logo-Icon.png\",\"contentUrl\":\"https:\/\/talkpal.ai\/wp-content\/uploads\/2024\/03\/Talkpal-Logo-Icon.png\",\"width\":2880,\"height\":2880,\"caption\":\"Talkpal, Inc.\"},\"image\":{\"@id\":\"https:\/\/talkpal.ai\/lt\/#\/schema\/logo\/image\/\"},\"sameAs\":[\"https:\/\/www.facebook.com\/profile.php?id=100090733639311\",\"https:\/\/x.com\/talkpalai\",\"https:\/\/www.linkedin.com\/company\/talkpal\/\",\"https:\/\/www.youtube.com\/@TalkPal\/\",\"https:\/\/www.tiktok.com\/@talkpal\",\"https:\/\/www.instagram.com\/talkpal_ai\/\",\"https:\/\/www.crunchbase.com\/organization\/talkpal-9cde\",\"https:\/\/www.g2.com\/products\/talkpal-for-business\/\",\"https:\/\/www.trustpilot.com\/review\/talkpal.ai\",\"https:\/\/www.capterra.com\/p\/10006800\/TalkPal\/\"],\"description\":\"Talkpal is a language learning web and mobile education app, powered by the latest AI technologies, that provides engaging experiences to its customers in many different languages to help them improve their language skills. Users can chat about unlimited amount of topics with the app and use other modes to practice their language learning.\",\"email\":\"support@talkpal.ai\",\"legalName\":\"Talkpal, Inc.\",\"foundingDate\":\"2023-04-03\",\"duns\":\"118989042\",\"numberOfEmployees\":{\"@type\":\"QuantitativeValue\",\"minValue\":\"11\",\"maxValue\":\"50\"},\"publishingPrinciples\":\"https:\/\/talkpal.ai\/publishing-principles\/\",\"actionableFeedbackPolicy\":\"https:\/\/talkpal.ai\/actionable-feedback-policy\/\",\"correctionsPolicy\":\"https:\/\/talkpal.ai\/corrections-policy\/\",\"ethicsPolicy\":\"https:\/\/talkpal.ai\/ethics-policy\/\",\"diversityPolicy\":\"https:\/\/talkpal.ai\/diversity-policy\/\",\"diversityStaffingReport\":\"https:\/\/talkpal.ai\/diversity-policy\/\"}]}<\/script>\n<!-- \/ Yoast SEO Premium plugin. -->","yoast_head_json":{"title":"Malaj\u0173 kalbos gramatika - Talkpal","description":"Susipa\u017einkite su malaj\u0173 kalbos gramatika ir su\u017einokite, kaip jos paprastumas gali pad\u0117ti geriau suprasti malaj\u0173 kalb\u0105.","robots":{"index":"index","follow":"follow","max-snippet":"max-snippet:-1","max-image-preview":"max-image-preview:large","max-video-preview":"max-video-preview:-1"},"canonical":"https:\/\/talkpal.ai\/lt\/malaju-kalbos-gramatika\/","og_locale":"lt_LT","og_type":"article","og_title":"Malaj\u0173 kalbos gramatika","og_description":"Malaj\u0173 kalbos gramatika: Bahasa Melayu turtingumo tyrin\u0117jimas Malaj\u0173 kalba, arba Bahasa Melayu, yra viena i\u0161 labiausiai paplitusi\u0173 kalb\u0173 pasaulyje,","og_url":"https:\/\/talkpal.ai\/lt\/malaju-kalbos-gramatika\/","og_site_name":"Talkpal","article_publisher":"https:\/\/www.facebook.com\/profile.php?id=100090733639311","article_modified_time":"2025-12-17T16:40:51+00:00","og_image":[{"width":512,"height":512,"url":"https:\/\/talkpal.ai\/wp-content\/uploads\/2023\/05\/malaysia.png","type":"image\/png"}],"twitter_card":"summary_large_image","twitter_site":"@talkpalai","twitter_misc":{"Est. reading time":"3 minut\u0117s"},"schema":{"@context":"https:\/\/schema.org","@graph":[{"@type":"WebPage","@id":"https:\/\/talkpal.ai\/lt\/malaju-kalbos-gramatika\/","url":"https:\/\/talkpal.ai\/lt\/malaju-kalbos-gramatika\/","name":"Malaj\u0173 kalbos gramatika - Talkpal","isPartOf":{"@id":"https:\/\/talkpal.ai\/lt\/#website"},"primaryImageOfPage":{"@id":"https:\/\/talkpal.ai\/lt\/malaju-kalbos-gramatika\/#primaryimage"},"image":{"@id":"https:\/\/talkpal.ai\/lt\/malaju-kalbos-gramatika\/#primaryimage"},"thumbnailUrl":"https:\/\/talkpal.ai\/wp-content\/uploads\/2023\/05\/malaysia.png","datePublished":"2023-05-14T14:11:47+00:00","dateModified":"2025-12-17T16:40:51+00:00","description":"Susipa\u017einkite su malaj\u0173 kalbos gramatika ir su\u017einokite, kaip jos paprastumas gali pad\u0117ti geriau suprasti malaj\u0173 kalb\u0105.","breadcrumb":{"@id":"https:\/\/talkpal.ai\/lt\/malaju-kalbos-gramatika\/#breadcrumb"},"inLanguage":"lt-LT","potentialAction":[{"@type":"ReadAction","target":["https:\/\/talkpal.ai\/lt\/malaju-kalbos-gramatika\/"]}]},{"@type":"ImageObject","inLanguage":"lt-LT","@id":"https:\/\/talkpal.ai\/lt\/malaju-kalbos-gramatika\/#primaryimage","url":"https:\/\/talkpal.ai\/wp-content\/uploads\/2023\/05\/malaysia.png","contentUrl":"https:\/\/talkpal.ai\/wp-content\/uploads\/2023\/05\/malaysia.png","width":512,"height":512},{"@type":"BreadcrumbList","@id":"https:\/\/talkpal.ai\/lt\/malaju-kalbos-gramatika\/#breadcrumb","itemListElement":[{"@type":"ListItem","position":1,"name":"Homepage","item":"https:\/\/talkpal.ai\/lt\/"},{"@type":"ListItem","position":2,"name":"Malaj\u0173 kalbos gramatika"}]},{"@type":"WebSite","@id":"https:\/\/talkpal.ai\/lt\/#website","url":"https:\/\/talkpal.ai\/lt\/","name":"Talkpal","description":"AI Language Learning","publisher":{"@id":"https:\/\/talkpal.ai\/lt\/#organization"},"alternateName":"Talkpal AI","potentialAction":[{"@type":"SearchAction","target":{"@type":"EntryPoint","urlTemplate":"https:\/\/talkpal.ai\/lt\/?s={search_term_string}"},"query-input":{"@type":"PropertyValueSpecification","valueRequired":true,"valueName":"search_term_string"}}],"inLanguage":"lt-LT"},{"@type":"Organization","@id":"https:\/\/talkpal.ai\/lt\/#organization","name":"Talkpal, Inc.","alternateName":"Talkpal AI","url":"https:\/\/talkpal.ai\/lt\/","logo":{"@type":"ImageObject","inLanguage":"lt-LT","@id":"https:\/\/talkpal.ai\/lt\/#\/schema\/logo\/image\/","url":"https:\/\/talkpal.ai\/wp-content\/uploads\/2024\/03\/Talkpal-Logo-Icon.png","contentUrl":"https:\/\/talkpal.ai\/wp-content\/uploads\/2024\/03\/Talkpal-Logo-Icon.png","width":2880,"height":2880,"caption":"Talkpal, Inc."},"image":{"@id":"https:\/\/talkpal.ai\/lt\/#\/schema\/logo\/image\/"},"sameAs":["https:\/\/www.facebook.com\/profile.php?id=100090733639311","https:\/\/x.com\/talkpalai","https:\/\/www.linkedin.com\/company\/talkpal\/","https:\/\/www.youtube.com\/@TalkPal\/","https:\/\/www.tiktok.com\/@talkpal","https:\/\/www.instagram.com\/talkpal_ai\/","https:\/\/www.crunchbase.com\/organization\/talkpal-9cde","https:\/\/www.g2.com\/products\/talkpal-for-business\/","https:\/\/www.trustpilot.com\/review\/talkpal.ai","https:\/\/www.capterra.com\/p\/10006800\/TalkPal\/"],"description":"Talkpal is a language learning web and mobile education app, powered by the latest AI technologies, that provides engaging experiences to its customers in many different languages to help them improve their language skills. Users can chat about unlimited amount of topics with the app and use other modes to practice their language learning.","email":"support@talkpal.ai","legalName":"Talkpal, Inc.","foundingDate":"2023-04-03","duns":"118989042","numberOfEmployees":{"@type":"QuantitativeValue","minValue":"11","maxValue":"50"},"publishingPrinciples":"https:\/\/talkpal.ai\/publishing-principles\/","actionableFeedbackPolicy":"https:\/\/talkpal.ai\/actionable-feedback-policy\/","correctionsPolicy":"https:\/\/talkpal.ai\/corrections-policy\/","ethicsPolicy":"https:\/\/talkpal.ai\/ethics-policy\/","diversityPolicy":"https:\/\/talkpal.ai\/diversity-policy\/","diversityStaffingReport":"https:\/\/talkpal.ai\/diversity-policy\/"}]}},"_links":{"self":[{"href":"https:\/\/talkpal.ai\/lt\/wp-json\/wp\/v2\/pages\/147260","targetHints":{"allow":["GET"]}}],"collection":[{"href":"https:\/\/talkpal.ai\/lt\/wp-json\/wp\/v2\/pages"}],"about":[{"href":"https:\/\/talkpal.ai\/lt\/wp-json\/wp\/v2\/types\/page"}],"author":[{"embeddable":true,"href":"https:\/\/talkpal.ai\/lt\/wp-json\/wp\/v2\/users\/1"}],"replies":[{"embeddable":true,"href":"https:\/\/talkpal.ai\/lt\/wp-json\/wp\/v2\/comments?post=147260"}],"version-history":[{"count":0,"href":"https:\/\/talkpal.ai\/lt\/wp-json\/wp\/v2\/pages\/147260\/revisions"}],"wp:featuredmedia":[{"embeddable":true,"href":"https:\/\/talkpal.ai\/lt\/wp-json\/wp\/v2\/media\/115814"}],"wp:attachment":[{"href":"https:\/\/talkpal.ai\/lt\/wp-json\/wp\/v2\/media?parent=147260"}],"curies":[{"name":"wp","href":"https:\/\/api.w.org\/{rel}","templated":true}]}}