{"id":146961,"date":"2023-05-14T14:11:28","date_gmt":"2023-05-14T14:11:28","guid":{"rendered":"http:\/\/talkpal.ai\/makedonu-kalbos-gramatika\/"},"modified":"2025-12-17T16:38:45","modified_gmt":"2025-12-17T16:38:45","slug":"makedonu-kalbos-gramatika","status":"publish","type":"page","link":"https:\/\/talkpal.ai\/lt\/makedonu-kalbos-gramatika\/","title":{"rendered":"Makedon\u0173 kalbos gramatika"},"content":{"rendered":"\r\n\r\n\r\n<section class=\"languageChallengeSection\">\r\n    <div class=\"languageInfoWrapper\">\r\n        \r\n        <h1>Makedon\u0173 kalbos gramatika<\/h1>\r\n        <p>Pasinerkite \u012f \u012fdom\u0173 <a href=\"https:\/\/talkpal.ai\/learn-macedonian\/\">makedon\u0173<\/a> <a href=\"https:\/\/talkpal.ai\/what-language-is-spoken-on-the-international-space-station\/\">kalbos<\/a> gramatikos pasaul\u012f ir atskleiskite \u0161ios unikalios piet\u0173 slav\u0173 kalbos strukt\u016br\u0105. I\u0161mok\u0119 makedon\u0173 kalbos gramatikos pagrind\u0173, gal\u0117site dr\u0105siau bendrauti ir pa\u017einti turting\u0105 \u0160iaur\u0117s Makedonijos kult\u016br\u0105. Prad\u0117kite mokytis \u0161iandien ir \u017eenkite pirm\u0105j\u012f \u017eingsn\u012f \u012f makedon\u0173 kalbos mokym\u0105si!<\/p>\r\n\r\n                            <a class=\"getStartedHidden\" href=\"https:\/\/app.talkpal.ai\/lt\/signup?lng=\">Prad\u0117k<\/a>\r\n        \r\n    <\/div>\r\n\r\n    <figure>\r\n    <img decoding=\"async\" width=\"768\" height=\"768\" src=\"https:\/\/talkpal.ai\/wp-content\/uploads\/2023\/06\/macedonian-768x768.png\" class=\"languageImage no-lazy\" alt=\"Language learning through conversational practice\" fetchpriority=\"high\" sizes=\"(max-width: 768px) 150px, 768px\" srcset=\"https:\/\/talkpal.ai\/wp-content\/uploads\/2023\/06\/macedonian-768x768.png 768w, https:\/\/talkpal.ai\/wp-content\/uploads\/2023\/06\/macedonian-300x300.png 300w\" \/>\r\n    \r\n\r\n    <\/figure>\r\n\r\n            <a class=\"getStartedVisible\" href=\"https:\/\/app.talkpal.ai\/lt\/signup?lng=\">Prad\u0117k<\/a>\r\n    \r\n<\/section>\r\n<section class=\"promotionalBanner\">\r\n    <p class=\"promotionalText\">Efektyviausias b\u016bdas mokytis kalbos<\/p>\r\n    <a class=\"promotionalLink\" href=\"https:\/\/app.talkpal.ai\/lt\/signup?lng=\">I\u0161bandykite Talkpal &#8221; nemokamai<\/a>\r\n<\/section>\n<div class=\"wp-block-group pageContainerStyle\"><div class=\"wp-block-group__inner-container is-layout-constrained wp-block-group-is-layout-constrained\">\n<h2 class=\"wp-block-heading\" id=\"h-unraveling-the-mysteries-of-macedonian-grammar\">Makedon\u0173 gramatikos paslap\u010di\u0173 atskleidimas<\/h2>\n\n\n\n<p>Makedon\u0173 kalbos <a href=\"https:\/\/talkpal.ai\/sq\/gramatika\/\">gramatika<\/a> &#8211; sud\u0117tinga, bet prieinama, \u017eavi, bet grak\u0161ti, sud\u0117tinga, bet intriguojanti. Prad\u0117dami kelion\u0119 \u012f makedon\u0173 kalbos pasaul\u012f, galite pajusti jaudulio ir bauginimo mi\u0161in\u012f, <a href=\"https:\/\/talkpal.ai\/locations\/language-courses-in-kai\/\">kai<\/a> reikia i\u0161\u0161ifruoti jos gramatines m\u012fsles. Nebijokite, kar\u0161tas kalbos entuziastas! Esame \u010dia, kad pad\u0117tume jums \u0161iame lingvistiniame nuotykyje!<\/p>\n\n\n\n<p>\u0160iame patraukliame straipsnyje aptarsime esminius makedon\u0173 kalbos gramatikos aspektus, pateiksime \u012f\u017evalg\u0173, paai\u0161kinim\u0173 ir praktini\u0173 pavyzd\u017ei\u0173. Atskleisime, kad \u0161i \u017eavi Balkan\u0173 kalba yra prieinamesn\u0117, nei manote! Taigi prisisekite ir leiskite mums supaprastinti ir demistifikuoti makedon\u0173 kalbos gramatik\u0105 u\u017e jus.<\/p>\n\n\n\n<h3 class=\"wp-block-heading\" id=\"h-1-delightful-declensions-noun-cases-made-easy\">1. Puik\u016bs declensions: daiktavard\u017ei\u0173 atvejai padaryti lengvai<\/h3>\n\n\n\n<p>Kaip ir kitos slav\u0173 kalbos, makedon\u0173 kalba turi sud\u0117ting\u0105 daiktavard\u017ei\u0173 atvej\u0173 sistem\u0105, susidedan\u010di\u0105 i\u0161 trij\u0173 atvej\u0173: nominacinio, akustinio ir dative. Nors ir ma\u017eiau bauginantis nei kalbos, turin\u010dios daugiau atvej\u0173, \u0161i\u0173 niuans\u0173 \u012fsisavinimas yra b\u016btinas norint pasiekti sklandum\u0105. \u0160iais atvejais sakinyje daiktavard\u017eiams, \u012fvard\u017eiams ir b\u016bdvard\u017eiams priskiriami skirtingi vaidmenys. \u010cia yra trumpa ap\u017evalga:<\/p>\n\n\n\n<p><strong>&#8211; Nominatyvas: Sakinio subjektas<\/strong><\/p>\n\n\n\n<p><strong>&#8211; Kaltinamoji forma: Tiesioginis objektas arba veiksmo tikslas<\/strong><\/p>\n\n\n\n<p><strong>&#8211; Dativas: Netiesioginis objektas arba rodantis veiksmo krypt\u012f<\/strong><\/p>\n\n\n\n<p>Norint suprasti \u0161iuos atvejus, svarbiausia yra praktika. Laikui b\u0117gant ir veikiant kalbai, \u0161ie skirtumai taps antr\u0105ja prigimtimi.<\/p>\n\n\n\n<h3 class=\"wp-block-heading\" id=\"h-2-amiable-adjectives-agreement-is-everything\">2. Draugi\u0161ki b\u016bdvard\u017eiai: susitarimas yra viskas<\/h3>\n\n\n\n<p>B\u016bdvard\u017eiai makedon\u0173 gramatikoje yra giminingi konformistai. Jie sutinka su j\u0173 apra\u0161om\u0173 daiktavard\u017ei\u0173 lytimi, skai\u010diumi ir atveju. <a href=\"https:\/\/talkpal.ai\/learn-thai\/\">Tai<\/a> rei\u0161kia, kad kiekvien\u0105 b\u016bdvard\u017eio form\u0105 tur\u0117site pritaikyti prie daiktavard\u017eio savybi\u0173.<\/p>\n\n\n\n<p>Kad \u0161is procesas b\u016bt\u0173 sklandesnis, sutelkite d\u0117mes\u012f \u012f pagrindini\u0173 b\u016bdvard\u017ei\u0173 form\u0173 \u2013 vyri\u0161kos, moteri\u0161kos ir neuterin\u0117s \u2013 mokym\u0105si. Reguliariai praktikuojant, b\u016bdvard\u017ei\u0173 susitarimo procesas netrukus taps intuityvus.<\/p>\n\n\n\n<h3 class=\"wp-block-heading\" id=\"h-3-vigorous-verbs-conjugation-and-aspect-mastery\">3. Energingi veiksma\u017eod\u017eiai: konjugacija ir aspekt\u0173 \u012fvaldymas<\/h3>\n\n\n\n<p>Kaip ir kitose slav\u0173 kalbose, makedon\u0173 veiksma\u017eod\u017eiai labai skiriasi. Konjugacija priklauso nuo \u012ftampos, nuotaikos, asmens, skai\u010diaus ir, svarbiausia, aspekto.<\/p>\n\n\n\n<p>Makedon\u0173 veiksma\u017eod\u017eiai turi du aspektus: tobul\u0105 ir netobul\u0105. Tobuli veiksma\u017eod\u017eiai i\u0161rei\u0161kia vis\u0105 veiksm\u0105, o netobuli \u2013 vykstant\u012f ar pasikartojant\u012f veiksm\u0105. \u0160ios s\u0105vokos supratimas yra labai svarbus tobulinant savo gramatines \u017einias.<\/p>\n\n\n\n<h3 class=\"wp-block-heading\" id=\"h-4-pitch-perfect-particles-mastering-stress-and-intonation\">4. Tobulos dalel\u0117s: streso ir intonacijos \u012fvaldymas<\/h3>\n\n\n\n<p>Unikalus makedon\u0173 i\u0161\u0161\u016bkis besimokantiems kalb\u0173 yra \u012fvaldyti savit\u0105 \u017eingsnio-akcento sistem\u0105, kuri skiemenims priskiria stres\u0105 ir intonacij\u0105. \u0160i sistema gali tiesiogiai paveikti prasm\u0119 ir supratim\u0105.<\/p>\n\n\n\n<p>Nor\u0117dami tiksliai tarti ir ai\u0161kiai bendrauti, atkreipkite d\u0117mes\u012f \u012f gimtakalbi\u0173 makedon\u0173 kalbos intonacinius modelius. Kaip pradedantysis, jums gali b\u016bti sunku, ta\u010diau atminkite, kad praktika augina pasitik\u0117jim\u0105 savimi ir meistri\u0161kum\u0105.<\/p>\n\n\n\n<h3 class=\"wp-block-heading\" id=\"h-5-embrace-the-intricacies-persevere-and-prosper\">5. Priimkite sud\u0117tingum\u0105: atkakliai ir klest\u0117kite<\/h3>\n\n\n\n<p>Makedon\u0173 gramatika i\u0161 pirmo \u017evilgsnio gali atrodyti sud\u0117tinga, ta\u010diau atminkite, kad kantryb\u0117, praktika ir atkaklumas yra s\u0117km\u0117s paslaptys. Bendraukite su kalba skaitydami, ra\u0161ydami, klausydamiesi ir kalb\u0117dami. Priimkite i\u0161\u0161\u016bkius ir apdovanokite save pasitenkinimu pa\u017eanga.<\/p>\n\n\n\n<p>Taigi, ar esate pasireng\u0119s pasinerti \u012f u\u017eburian\u010di\u0105 Makedonijos gramatikos srit\u012f? Priimkite jos keistenybes ir sud\u0117tingum\u0105, m\u0117gaukit\u0117s subtilyb\u0117mis ir atminkite, kad su atsidavimu ir entuziazmu galite atrakinti tikr\u0105j\u012f makedon\u0173 kalbos gro\u017e\u012f. \u0421\u043e \u0441\u0440\u0435\u045c\u0430! (S\u0117km\u0117s!)<\/p>\n<\/div><\/div>\n\r\n<section class=\"learnNavigationSection\">\r\n            \r\n        <a href=\"https:\/\/talkpal.ai\/lt\/ismok-makedonu-kalba\/\">\r\n            <div class=\"learnNavigationWrapper\">\r\n                <div class=\"learnNavigationContent\">\r\n                    <img decoding=\"async\" src=\"https:\/\/talkpal.ai\/wp-content\/uploads\/2024\/08\/Macedonian.jpg\" alt=\"Macedonian Flag\">\r\n                    <div>\r\n                        <h4>Apie makedon\u0173 kalbos mokym\u0105si<\/h4>\r\n                        <p>Su\u017einokite visk\u0105 apie makedon\u0173 kalbos gramatik\u0105.<\/p>\r\n                    <\/div>\r\n                <\/div>\r\n            <\/div>\r\n        <\/a>\r\n\r\n        \r\n        <a href=\"https:\/\/talkpal.ai\/lt\/makedonu-gramatikos-pratimai\/\">\r\n            <div class=\"learnNavigationWrapper\">\r\n                <div class=\"learnNavigationContent\">\r\n                    <img decoding=\"async\" src=\"https:\/\/talkpal.ai\/wp-content\/uploads\/2024\/08\/Macedonian.jpg\" alt=\"Macedonian Flag\">\r\n                    <div>\r\n                        <h4>Makedon\u0173 kalbos gramatikos pratimai<\/h4>\r\n                        <p>Praktikuokite makedon\u0173 gramatik\u0105.<\/p>\r\n                    <\/div>\r\n                <\/div>\r\n            <\/div>\r\n        <\/a>\r\n\r\n        \r\n        <a href=\"https:\/\/talkpal.ai\/vocabulary_language\/macedonian\/\">\r\n            <div class=\"learnNavigationWrapper\">\r\n                <div class=\"learnNavigationContent\">\r\n                    <img decoding=\"async\" src=\"https:\/\/talkpal.ai\/wp-content\/uploads\/2024\/08\/Macedonian.jpg\" alt=\"Macedonian Flag\">\r\n                    <div>\r\n                        <h4>Makedon\u0173 kalbos \u017eodynas<\/h4>\r\n                        <p>Prapl\u0117skite savo makedon\u0173 kalbos \u017eodyn\u0105.<\/p>\r\n                    <\/div>\r\n                <\/div>\r\n            <\/div>\r\n        <\/a>\r\n\r\n            <\/section>","protected":false},"excerpt":{"rendered":"<p>Makedon\u0173 gramatikos paslap\u010di\u0173 atskleidimas Makedon\u0173 kalbos gramatika &#8211; sud\u0117tinga, bet prieinama, \u017eavi, bet grak\u0161ti, sud\u0117tinga, bet intriguojanti. Prad\u0117dami kelion\u0119 \u012f makedon\u0173 kalbos pasaul\u012f, galite pajusti jaudulio ir bauginimo mi\u0161in\u012f, kai reikia i\u0161\u0161ifruoti jos gramatines m\u012fsles. Nebijokite, kar\u0161tas kalbos entuziastas! Esame \u010dia, kad pad\u0117tume jums \u0161iame lingvistiniame nuotykyje! \u0160iame patraukliame straipsnyje aptarsime esminius makedon\u0173 kalbos gramatikos [&hellip;]<\/p>\n","protected":false},"author":1,"featured_media":115338,"parent":0,"menu_order":0,"comment_status":"closed","ping_status":"closed","template":"LearningContentPage.php","meta":{"_acf_changed":false,"footnotes":""},"class_list":["post-146961","page","type-page","status-publish","has-post-thumbnail","hentry"],"acf":[],"yoast_head":"<!-- This site is optimized with the Yoast SEO Premium plugin v27.2 (Yoast SEO v27.2) - https:\/\/yoast.com\/product\/yoast-seo-premium-wordpress\/ -->\n<title>Makedon\u0173 kalbos gramatika - Talkpal<\/title>\n<meta name=\"description\" content=\"\u012evaldykite makedon\u0173 kalbos gramatik\u0105 be vargo su Talkpal, savo dirbtinio intelekto valdomu kalbos korepetitoriumi. Pagerinkite savo makedon\u0173 kalbos gramatikos \u012fg\u016bd\u017eius!\" \/>\n<meta name=\"robots\" content=\"index, follow, max-snippet:-1, max-image-preview:large, max-video-preview:-1\" \/>\n<link rel=\"canonical\" href=\"https:\/\/talkpal.ai\/lt\/makedonu-kalbos-gramatika\/\" \/>\n<meta property=\"og:locale\" content=\"lt_LT\" \/>\n<meta property=\"og:type\" content=\"article\" \/>\n<meta property=\"og:title\" content=\"Makedon\u0173 kalbos gramatika\" \/>\n<meta property=\"og:description\" content=\"Makedon\u0173 gramatikos paslap\u010di\u0173 atskleidimas Makedon\u0173 kalbos gramatika - sud\u0117tinga, bet prieinama, \u017eavi, bet grak\u0161ti, sud\u0117tinga, bet intriguojanti.\" \/>\n<meta property=\"og:url\" content=\"https:\/\/talkpal.ai\/lt\/makedonu-kalbos-gramatika\/\" \/>\n<meta property=\"og:site_name\" content=\"Talkpal\" \/>\n<meta property=\"article:publisher\" content=\"https:\/\/www.facebook.com\/profile.php?id=100090733639311\" \/>\n<meta property=\"article:modified_time\" content=\"2025-12-17T16:38:45+00:00\" \/>\n<meta property=\"og:image\" content=\"https:\/\/talkpal.ai\/wp-content\/uploads\/2023\/05\/republic-of-macedonia.png\" \/>\n\t<meta property=\"og:image:width\" content=\"512\" \/>\n\t<meta property=\"og:image:height\" content=\"512\" \/>\n\t<meta property=\"og:image:type\" content=\"image\/png\" \/>\n<meta name=\"twitter:card\" content=\"summary_large_image\" \/>\n<meta name=\"twitter:site\" content=\"@talkpalai\" \/>\n<meta name=\"twitter:label1\" content=\"Est. reading time\" \/>\n\t<meta name=\"twitter:data1\" content=\"3 minut\u0117s\" \/>\n<script type=\"application\/ld+json\" class=\"yoast-schema-graph\">{\"@context\":\"https:\/\/schema.org\",\"@graph\":[{\"@type\":\"WebPage\",\"@id\":\"https:\/\/talkpal.ai\/lt\/makedonu-kalbos-gramatika\/\",\"url\":\"https:\/\/talkpal.ai\/lt\/makedonu-kalbos-gramatika\/\",\"name\":\"Makedon\u0173 kalbos gramatika - Talkpal\",\"isPartOf\":{\"@id\":\"https:\/\/talkpal.ai\/lt\/#website\"},\"primaryImageOfPage\":{\"@id\":\"https:\/\/talkpal.ai\/lt\/makedonu-kalbos-gramatika\/#primaryimage\"},\"image\":{\"@id\":\"https:\/\/talkpal.ai\/lt\/makedonu-kalbos-gramatika\/#primaryimage\"},\"thumbnailUrl\":\"https:\/\/talkpal.ai\/wp-content\/uploads\/2023\/05\/republic-of-macedonia.png\",\"datePublished\":\"2023-05-14T14:11:28+00:00\",\"dateModified\":\"2025-12-17T16:38:45+00:00\",\"description\":\"\u012evaldykite makedon\u0173 kalbos gramatik\u0105 be vargo su Talkpal, savo dirbtinio intelekto valdomu kalbos korepetitoriumi. Pagerinkite savo makedon\u0173 kalbos gramatikos \u012fg\u016bd\u017eius!\",\"breadcrumb\":{\"@id\":\"https:\/\/talkpal.ai\/lt\/makedonu-kalbos-gramatika\/#breadcrumb\"},\"inLanguage\":\"lt-LT\",\"potentialAction\":[{\"@type\":\"ReadAction\",\"target\":[\"https:\/\/talkpal.ai\/lt\/makedonu-kalbos-gramatika\/\"]}]},{\"@type\":\"ImageObject\",\"inLanguage\":\"lt-LT\",\"@id\":\"https:\/\/talkpal.ai\/lt\/makedonu-kalbos-gramatika\/#primaryimage\",\"url\":\"https:\/\/talkpal.ai\/wp-content\/uploads\/2023\/05\/republic-of-macedonia.png\",\"contentUrl\":\"https:\/\/talkpal.ai\/wp-content\/uploads\/2023\/05\/republic-of-macedonia.png\",\"width\":512,\"height\":512},{\"@type\":\"BreadcrumbList\",\"@id\":\"https:\/\/talkpal.ai\/lt\/makedonu-kalbos-gramatika\/#breadcrumb\",\"itemListElement\":[{\"@type\":\"ListItem\",\"position\":1,\"name\":\"Homepage\",\"item\":\"https:\/\/talkpal.ai\/lt\/\"},{\"@type\":\"ListItem\",\"position\":2,\"name\":\"Makedon\u0173 kalbos gramatika\"}]},{\"@type\":\"WebSite\",\"@id\":\"https:\/\/talkpal.ai\/lt\/#website\",\"url\":\"https:\/\/talkpal.ai\/lt\/\",\"name\":\"Talkpal\",\"description\":\"AI Language Learning\",\"publisher\":{\"@id\":\"https:\/\/talkpal.ai\/lt\/#organization\"},\"alternateName\":\"Talkpal AI\",\"potentialAction\":[{\"@type\":\"SearchAction\",\"target\":{\"@type\":\"EntryPoint\",\"urlTemplate\":\"https:\/\/talkpal.ai\/lt\/?s={search_term_string}\"},\"query-input\":{\"@type\":\"PropertyValueSpecification\",\"valueRequired\":true,\"valueName\":\"search_term_string\"}}],\"inLanguage\":\"lt-LT\"},{\"@type\":\"Organization\",\"@id\":\"https:\/\/talkpal.ai\/lt\/#organization\",\"name\":\"Talkpal, Inc.\",\"alternateName\":\"Talkpal AI\",\"url\":\"https:\/\/talkpal.ai\/lt\/\",\"logo\":{\"@type\":\"ImageObject\",\"inLanguage\":\"lt-LT\",\"@id\":\"https:\/\/talkpal.ai\/lt\/#\/schema\/logo\/image\/\",\"url\":\"https:\/\/talkpal.ai\/wp-content\/uploads\/2024\/03\/Talkpal-Logo-Icon.png\",\"contentUrl\":\"https:\/\/talkpal.ai\/wp-content\/uploads\/2024\/03\/Talkpal-Logo-Icon.png\",\"width\":2880,\"height\":2880,\"caption\":\"Talkpal, Inc.\"},\"image\":{\"@id\":\"https:\/\/talkpal.ai\/lt\/#\/schema\/logo\/image\/\"},\"sameAs\":[\"https:\/\/www.facebook.com\/profile.php?id=100090733639311\",\"https:\/\/x.com\/talkpalai\",\"https:\/\/www.linkedin.com\/company\/talkpal\/\",\"https:\/\/www.youtube.com\/@TalkPal\/\",\"https:\/\/www.tiktok.com\/@talkpal\",\"https:\/\/www.instagram.com\/talkpal_ai\/\",\"https:\/\/www.crunchbase.com\/organization\/talkpal-9cde\",\"https:\/\/www.g2.com\/products\/talkpal-for-business\/\",\"https:\/\/www.trustpilot.com\/review\/talkpal.ai\",\"https:\/\/www.capterra.com\/p\/10006800\/TalkPal\/\"],\"description\":\"Talkpal is a language learning web and mobile education app, powered by the latest AI technologies, that provides engaging experiences to its customers in many different languages to help them improve their language skills. Users can chat about unlimited amount of topics with the app and use other modes to practice their language learning.\",\"email\":\"support@talkpal.ai\",\"legalName\":\"Talkpal, Inc.\",\"foundingDate\":\"2023-04-03\",\"duns\":\"118989042\",\"numberOfEmployees\":{\"@type\":\"QuantitativeValue\",\"minValue\":\"11\",\"maxValue\":\"50\"},\"publishingPrinciples\":\"https:\/\/talkpal.ai\/publishing-principles\/\",\"actionableFeedbackPolicy\":\"https:\/\/talkpal.ai\/actionable-feedback-policy\/\",\"correctionsPolicy\":\"https:\/\/talkpal.ai\/corrections-policy\/\",\"ethicsPolicy\":\"https:\/\/talkpal.ai\/ethics-policy\/\",\"diversityPolicy\":\"https:\/\/talkpal.ai\/diversity-policy\/\",\"diversityStaffingReport\":\"https:\/\/talkpal.ai\/diversity-policy\/\"}]}<\/script>\n<!-- \/ Yoast SEO Premium plugin. -->","yoast_head_json":{"title":"Makedon\u0173 kalbos gramatika - Talkpal","description":"\u012evaldykite makedon\u0173 kalbos gramatik\u0105 be vargo su Talkpal, savo dirbtinio intelekto valdomu kalbos korepetitoriumi. Pagerinkite savo makedon\u0173 kalbos gramatikos \u012fg\u016bd\u017eius!","robots":{"index":"index","follow":"follow","max-snippet":"max-snippet:-1","max-image-preview":"max-image-preview:large","max-video-preview":"max-video-preview:-1"},"canonical":"https:\/\/talkpal.ai\/lt\/makedonu-kalbos-gramatika\/","og_locale":"lt_LT","og_type":"article","og_title":"Makedon\u0173 kalbos gramatika","og_description":"Makedon\u0173 gramatikos paslap\u010di\u0173 atskleidimas Makedon\u0173 kalbos gramatika - sud\u0117tinga, bet prieinama, \u017eavi, bet grak\u0161ti, sud\u0117tinga, bet intriguojanti.","og_url":"https:\/\/talkpal.ai\/lt\/makedonu-kalbos-gramatika\/","og_site_name":"Talkpal","article_publisher":"https:\/\/www.facebook.com\/profile.php?id=100090733639311","article_modified_time":"2025-12-17T16:38:45+00:00","og_image":[{"width":512,"height":512,"url":"https:\/\/talkpal.ai\/wp-content\/uploads\/2023\/05\/republic-of-macedonia.png","type":"image\/png"}],"twitter_card":"summary_large_image","twitter_site":"@talkpalai","twitter_misc":{"Est. reading time":"3 minut\u0117s"},"schema":{"@context":"https:\/\/schema.org","@graph":[{"@type":"WebPage","@id":"https:\/\/talkpal.ai\/lt\/makedonu-kalbos-gramatika\/","url":"https:\/\/talkpal.ai\/lt\/makedonu-kalbos-gramatika\/","name":"Makedon\u0173 kalbos gramatika - Talkpal","isPartOf":{"@id":"https:\/\/talkpal.ai\/lt\/#website"},"primaryImageOfPage":{"@id":"https:\/\/talkpal.ai\/lt\/makedonu-kalbos-gramatika\/#primaryimage"},"image":{"@id":"https:\/\/talkpal.ai\/lt\/makedonu-kalbos-gramatika\/#primaryimage"},"thumbnailUrl":"https:\/\/talkpal.ai\/wp-content\/uploads\/2023\/05\/republic-of-macedonia.png","datePublished":"2023-05-14T14:11:28+00:00","dateModified":"2025-12-17T16:38:45+00:00","description":"\u012evaldykite makedon\u0173 kalbos gramatik\u0105 be vargo su Talkpal, savo dirbtinio intelekto valdomu kalbos korepetitoriumi. Pagerinkite savo makedon\u0173 kalbos gramatikos \u012fg\u016bd\u017eius!","breadcrumb":{"@id":"https:\/\/talkpal.ai\/lt\/makedonu-kalbos-gramatika\/#breadcrumb"},"inLanguage":"lt-LT","potentialAction":[{"@type":"ReadAction","target":["https:\/\/talkpal.ai\/lt\/makedonu-kalbos-gramatika\/"]}]},{"@type":"ImageObject","inLanguage":"lt-LT","@id":"https:\/\/talkpal.ai\/lt\/makedonu-kalbos-gramatika\/#primaryimage","url":"https:\/\/talkpal.ai\/wp-content\/uploads\/2023\/05\/republic-of-macedonia.png","contentUrl":"https:\/\/talkpal.ai\/wp-content\/uploads\/2023\/05\/republic-of-macedonia.png","width":512,"height":512},{"@type":"BreadcrumbList","@id":"https:\/\/talkpal.ai\/lt\/makedonu-kalbos-gramatika\/#breadcrumb","itemListElement":[{"@type":"ListItem","position":1,"name":"Homepage","item":"https:\/\/talkpal.ai\/lt\/"},{"@type":"ListItem","position":2,"name":"Makedon\u0173 kalbos gramatika"}]},{"@type":"WebSite","@id":"https:\/\/talkpal.ai\/lt\/#website","url":"https:\/\/talkpal.ai\/lt\/","name":"Talkpal","description":"AI Language Learning","publisher":{"@id":"https:\/\/talkpal.ai\/lt\/#organization"},"alternateName":"Talkpal AI","potentialAction":[{"@type":"SearchAction","target":{"@type":"EntryPoint","urlTemplate":"https:\/\/talkpal.ai\/lt\/?s={search_term_string}"},"query-input":{"@type":"PropertyValueSpecification","valueRequired":true,"valueName":"search_term_string"}}],"inLanguage":"lt-LT"},{"@type":"Organization","@id":"https:\/\/talkpal.ai\/lt\/#organization","name":"Talkpal, Inc.","alternateName":"Talkpal AI","url":"https:\/\/talkpal.ai\/lt\/","logo":{"@type":"ImageObject","inLanguage":"lt-LT","@id":"https:\/\/talkpal.ai\/lt\/#\/schema\/logo\/image\/","url":"https:\/\/talkpal.ai\/wp-content\/uploads\/2024\/03\/Talkpal-Logo-Icon.png","contentUrl":"https:\/\/talkpal.ai\/wp-content\/uploads\/2024\/03\/Talkpal-Logo-Icon.png","width":2880,"height":2880,"caption":"Talkpal, Inc."},"image":{"@id":"https:\/\/talkpal.ai\/lt\/#\/schema\/logo\/image\/"},"sameAs":["https:\/\/www.facebook.com\/profile.php?id=100090733639311","https:\/\/x.com\/talkpalai","https:\/\/www.linkedin.com\/company\/talkpal\/","https:\/\/www.youtube.com\/@TalkPal\/","https:\/\/www.tiktok.com\/@talkpal","https:\/\/www.instagram.com\/talkpal_ai\/","https:\/\/www.crunchbase.com\/organization\/talkpal-9cde","https:\/\/www.g2.com\/products\/talkpal-for-business\/","https:\/\/www.trustpilot.com\/review\/talkpal.ai","https:\/\/www.capterra.com\/p\/10006800\/TalkPal\/"],"description":"Talkpal is a language learning web and mobile education app, powered by the latest AI technologies, that provides engaging experiences to its customers in many different languages to help them improve their language skills. Users can chat about unlimited amount of topics with the app and use other modes to practice their language learning.","email":"support@talkpal.ai","legalName":"Talkpal, Inc.","foundingDate":"2023-04-03","duns":"118989042","numberOfEmployees":{"@type":"QuantitativeValue","minValue":"11","maxValue":"50"},"publishingPrinciples":"https:\/\/talkpal.ai\/publishing-principles\/","actionableFeedbackPolicy":"https:\/\/talkpal.ai\/actionable-feedback-policy\/","correctionsPolicy":"https:\/\/talkpal.ai\/corrections-policy\/","ethicsPolicy":"https:\/\/talkpal.ai\/ethics-policy\/","diversityPolicy":"https:\/\/talkpal.ai\/diversity-policy\/","diversityStaffingReport":"https:\/\/talkpal.ai\/diversity-policy\/"}]}},"_links":{"self":[{"href":"https:\/\/talkpal.ai\/lt\/wp-json\/wp\/v2\/pages\/146961","targetHints":{"allow":["GET"]}}],"collection":[{"href":"https:\/\/talkpal.ai\/lt\/wp-json\/wp\/v2\/pages"}],"about":[{"href":"https:\/\/talkpal.ai\/lt\/wp-json\/wp\/v2\/types\/page"}],"author":[{"embeddable":true,"href":"https:\/\/talkpal.ai\/lt\/wp-json\/wp\/v2\/users\/1"}],"replies":[{"embeddable":true,"href":"https:\/\/talkpal.ai\/lt\/wp-json\/wp\/v2\/comments?post=146961"}],"version-history":[{"count":0,"href":"https:\/\/talkpal.ai\/lt\/wp-json\/wp\/v2\/pages\/146961\/revisions"}],"wp:featuredmedia":[{"embeddable":true,"href":"https:\/\/talkpal.ai\/lt\/wp-json\/wp\/v2\/media\/115338"}],"wp:attachment":[{"href":"https:\/\/talkpal.ai\/lt\/wp-json\/wp\/v2\/media?parent=146961"}],"curies":[{"name":"wp","href":"https:\/\/api.w.org\/{rel}","templated":true}]}}