{"id":1469265,"date":"2025-11-12T11:25:16","date_gmt":"2025-11-12T11:25:16","guid":{"rendered":"https:\/\/talkpal.ai\/khmeru-gramatika\/"},"modified":"2025-12-30T14:41:15","modified_gmt":"2025-12-30T14:41:15","slug":"khmeru-gramatika","status":"publish","type":"page","link":"https:\/\/talkpal.ai\/lt\/khmeru-gramatika\/","title":{"rendered":"Khmer\u0173 gramatika"},"content":{"rendered":"\r\n\r\n\r\n<section class=\"languageChallengeSection\">\r\n    <div class=\"languageInfoWrapper\">\r\n        \r\n        <h1>Khmer\u0173 gramatika<\/h1>\r\n        <p><a href=\"https:\/\/talkpal.ai\/learn-khmer\/\">Khmer\u0173<\/a> gramatika i\u0161 prad\u017ei\u0173 gali atrodyti sud\u0117tinga, ta\u010diau d\u0117l unikali\u0173 savybi\u0173 <a href=\"https:\/\/talkpal.ai\/lt\/kaip-ismokti-kalba-per-talkpal-chat\/\">kalbos mokymasis<\/a> yra naudinga. Tyrin\u0117dami jos ab\u0117c\u0117l\u0119, mutacijas ir gramatikos taisykles, susipa\u017einsite su turtinga lingvistine tradicija. Prad\u0117kite savo kelion\u0119 ir atraskite khmer\u0173 gro\u017e\u012f!<\/p>\r\n\r\n                            <a class=\"getStartedHidden\" href=\"https:\/\/app.talkpal.ai\/lt\/signup?lng=\">Prad\u0117k<\/a>\r\n        \r\n    <\/div>\r\n\r\n    <figure>\r\n    <img decoding=\"async\" width=\"768\" height=\"768\" src=\"https:\/\/talkpal.ai\/wp-content\/uploads\/2023\/06\/welsh-768x768.png\" class=\"languageImage no-lazy\" alt=\"Language learning for better cognitive abilities\" fetchpriority=\"high\" sizes=\"(max-width: 768px) 150px, 768px\" srcset=\"https:\/\/talkpal.ai\/wp-content\/uploads\/2023\/06\/welsh-768x768.png 768w, https:\/\/talkpal.ai\/wp-content\/uploads\/2023\/06\/welsh-300x300.png 300w\" \/>\r\n    \r\n\r\n    <\/figure>\r\n\r\n            <a class=\"getStartedVisible\" href=\"https:\/\/app.talkpal.ai\/lt\/signup?lng=\">Prad\u0117k<\/a>\r\n    \r\n<\/section><section class=\"promotionalBanner\">\r\n    <p class=\"promotionalText\">Efektyviausias b\u016bdas mokytis <a href=\"https:\/\/talkpal.ai\/what-language-is-spoken-on-the-international-space-station\/\">kalbos<\/a><\/p>\r\n    <a class=\"promotionalLink\" href=\"https:\/\/app.talkpal.ai\/lt\/signup?lng=\">I\u0161bandykite Talkpal &#8221; nemokamai<\/a>\r\n<\/section>\n<div class=\"wp-block-group pageContainerStyle\"><div class=\"wp-block-group__inner-container is-layout-constrained wp-block-group-is-layout-constrained\">\n<h2 class=\"wp-block-heading\" id=\"h-navigating-the-intricacies-of-khmer-grammar\">Nar\u0161ymas khmer\u0173 gramatikos subtilyb\u0117se<\/h2>\n\n\n\n<p><a href=\"https:\/\/talkpal.ai\/lt\/mokytis-khmeru\/\">Khmer\u0173<\/a>, nacionalin\u0117 Kambod\u017eos kalba ir pagrindin\u0117 austroazijos kalba, turinti gilias literat\u016brines tradicijas, si\u016blo \u012fdomi\u0105 kalbin\u0119 patirt\u012f tiems, kurie nori tyrin\u0117ti unikali\u0105 gramatikos sistem\u0105. \u012e\u017eeng\u0119 \u012f khmer\u0173 karalyst\u0119 ne tik praturtinsite savo kalbin\u012f repertuar\u0105, bet ir leisit\u0117s \u012f \u012fsp\u016bding\u0105 kult\u016brin\u0119 kelion\u0119. Nors <a href=\"https:\/\/talkpal.ai\/khmer-grammar\/\">khmer\u0173 gramatika<\/a> i\u0161 prad\u017ei\u0173 gali atrodyti nepa\u017e\u012fstama, suskaid\u017eius j\u0105 \u012f pagrindinius komponentus, kalbos mokymasis <a href=\"https:\/\/talkpal.ai\/locations\/language-courses-in-tampa\/\">tampa<\/a> prieinamesnis. \u0160iame straipsnyje i\u0161nagrin\u0117sime patraukl\u0173 khmer\u0173 gramatikos pasaul\u012f ir pateiksime patarim\u0173, kaip \u012fvaldyti jo sud\u0117tingum\u0105.<\/p>\n\n\n\n<h3 class=\"wp-block-heading\" id=\"h-1-khmer-alphabet-and-phonetics\">1. Khmer\u0173 ab\u0117c\u0117l\u0117 ir fonetika<\/h3>\n\n\n\n<p>Khmer\u0173 ra\u0161ymo sistema yra abugida, kuri\u0105 sudaro 33 priebalsiai, 23 priklausomi balsiai ir 12 nepriklausom\u0173 balsi\u0173. Priebalsiai yra dviej\u0173 serij\u0173, turin\u010di\u0173 \u012ftakos balsi\u0173 kokybei, o balsi\u0173 simboliai kei\u010dia savo tarim\u0105 priklausomai nuo priebalsi\u0173 serijos. Norint i\u0161mokti khmer\u0173 gramatikos, labai svarbu susipa\u017einti su \u0161iuo i\u0161skirtiniu ra\u0161tu praktikuojant skaitym\u0105 ir ra\u0161ym\u0105 khmer\u0173 kalba.<\/p>\n\n\n\n<h3 class=\"wp-block-heading\" id=\"h-2-consonant-series-a-peculiar-khmer-feature\">2. Priebalsi\u0173 serija: savoti\u0161kas khmer\u0173 bruo\u017eas<\/h3>\n\n\n\n<p>Vienas ry\u0161kiausi\u0173 khmer\u0173 kalbos aspekt\u0173 yra dvi priebalsi\u0173 serijos, da\u017enai vadinamos registrais, kurios daro \u012ftak\u0105 priklausom\u0173 balsi\u0173 tarimui. D\u0117l A serijos ir O serijos priebalsi\u0173 tas pats balsio simbolis skaitomas skirtingai. Norint tiksliai tarti ir ra\u0161yti khmer\u0173 kalba, labai svarbu suprasti, kaip veikia \u0161ios serijos kartu su \u012fprastais diakritiniais \u017eenklais.<\/p>\n\n\n\n<h3 class=\"wp-block-heading\" id=\"h-3-nouns-and-pronouns-gender-and-cases\">3. Daiktavard\u017eiai ir \u012fvard\u017eiai: lytis ir atvejai<\/h3>\n\n\n\n<p>Khmer\u0173 daiktavard\u017eiai neturi gramatin\u0117s lyties ir nelinksniuoja \u012f atvej\u012f. Pliuralizmas da\u017enai nurodomas kontekstu, dubliavimu arba tokiais \u017eod\u017eiais kaip \u1785\u17d2\u179a\u17be\u1793. Khmer\u0173 kalbos \u012fvard\u017eiai apima asmenines, savininki\u0161kas, refleksines, demonstracines ir klausiam\u0105sias formas, kurios skiriasi priklausomai nuo mandagumo ir socialinio konteksto. Susipa\u017ein\u0119 su \u0161iais \u012fvard\u017eiais ir dalel\u0117mis, tokiomis kaip \u179a\u1794\u179f\u17cb tur\u0117jimui, \u017eymiai pagerinsite khmer\u0173 gramatikos supratim\u0105.<\/p>\n\n\n\n<h3 class=\"wp-block-heading\" id=\"h-4-verbs-structure-and-conjugation\">4. Veiksma\u017eod\u017eiai: strukt\u016bra ir konjugacija<\/h3>\n\n\n\n<p>Khmer\u0173 veiksma\u017eod\u017eiai nekonjuguoja laiko, asmens ar skai\u010diaus. Vietoj to, laikas ir aspektas i\u0161rei\u0161kiami dalel\u0117mis ir prieveiksmiais, tokiais kaip \u1780\u17c6\u1796\u17bb\u1784 progresyviai, \u1794\u17b6\u1793 u\u017ebaigtai praei\u010diai ir \u1793\u17b9\u1784 atei\u010diai. Nuotaik\u0105 galima nurodyti tokiais \u017eod\u017eiais kaip \u179f\u17bc\u1798 arba \u1785\u17bc\u179a mandagiems imperatyvams ir \u1780\u17bb\u17c6 draudimams. I\u0161mok\u0119 \u0161i\u0173 daleli\u0173 ir \u012fprast\u0173 serijini\u0173 veiksma\u017eod\u017ei\u0173 konstrukcij\u0173, pagerinsite j\u016bs\u0173 geb\u0117jim\u0105 efektyviai bendrauti khmer\u0173 kalba.<\/p>\n\n\n\n<h3 class=\"wp-block-heading\" id=\"h-5-adjectives-agreement-and-placement\">5. B\u016bdvard\u017eiai: susitarimas ir vieta<\/h3>\n\n\n\n<p>Khmer\u0173 gramatikoje b\u016bdvard\u017eiai paprastai seka daiktavard\u012f, kur\u012f jie kei\u010dia, ir nesutaria d\u0117l skai\u010diaus ar lyties. Lyginamieji ir superlatyvai formuojami analiti\u0161kai, da\u017enai palyginimui naudojant \u1787\u17b6\u1784, o superlatyvais \u2013 \u1787\u17b6\u1784\u1782\u17c1 arba \u1794\u17c6\u1795\u17bb\u178f.<\/p>\n\n\n\n<p><strong>Pavyzd\u017eiai:<\/strong><\/p>\n\n\n\n<p><strong>\u2013 \u179f\u17c1\u1785\u1780\u17d2\u178f\u17b8\u179f\u17d2\u179a\u17a1\u17b6\u1789\u17cb \u1792\u17c6 (Did\u017eioji meil\u0117)<\/strong><\/p>\n\n\n\n<p><strong>\u2013 \u1780\u17bc\u1793\u1780\u17d2\u1798\u17c1\u1784 \u178f\u17bc\u1785 (ma\u017ei vaikai)<\/strong><\/p>\n\n\n\n<h3 class=\"wp-block-heading\" id=\"h-6-engaging-with-the-language\">6. \u012esitraukimas \u012f kalb\u0105<\/h3>\n\n\n\n<p>Veiksmingiausias b\u016bdas visi\u0161kai suprasti ir \u012fsisavinti khmer\u0173 gramatik\u0105 yra nuosekliai bendrauti su kalba. Skaitydami khmer\u0173 literat\u016br\u0105, \u017ei\u016br\u0117dami khmer\u0173 filmus ar televizijos serialus, klausydamiesi khmer\u0173 muzikos ir aktyviai bendraudami su gimtakalbiais, sustiprinsite gramatikos supratim\u0105 ir prapl\u0117site \u017eodyn\u0105.<\/p>\n\n\n\n<h3 class=\"wp-block-heading\" id=\"h-conclusion\">I\u0161vada<\/h3>\n\n\n\n<p>Nors khmer\u0173 gramatika gali atrodyti sud\u0117tinga, \u0161i\u0105 gra\u017ei\u0105 kalb\u0105 galite \u012fgyti su atsidavimu, praktika ir entuziazmu. Sutelkdami d\u0117mes\u012f \u012f pagrindines taisykles ir bendraudami su kalba \u012fvairiuose kontekstuose, greitai pagerinsite savo khmer\u0173 <a href=\"https:\/\/talkpal.ai\/lt\/gramatika\/\">gramatikos \u012fg\u016bd\u017eius<\/a>. S\u0117km\u0117s khmer\u0173 kalbos kelion\u0117je ir m\u0117gaukit\u0117s m\u012fslingu, bet \u017eavingu khmer\u0173 gramatikos pasauliu!<\/p>\n<\/div><\/div>\n\r\n<section class=\"learnNavigationSection\">\r\n            \r\n        <a href=\"https:\/\/talkpal.ai\/lt\/mokytis-khmeru\/\">\r\n            <div class=\"learnNavigationWrapper\">\r\n                <div class=\"learnNavigationContent\">\r\n                    <img decoding=\"async\" src=\"https:\/\/talkpal.ai\/wp-content\/uploads\/2025\/11\/Khmer.png\" alt=\"Cambodian Flag\">\r\n                    <div>\r\n                        <h4>Apie khmer\u0173 mokym\u0105si<\/h4>\r\n                        <p>Su\u017einokite visk\u0105 apie khmer\u0173 gramatik\u0105.<\/p>\r\n                    <\/div>\r\n                <\/div>\r\n            <\/div>\r\n        <\/a>\r\n\r\n        \r\n        <a href=\"https:\/\/talkpal.ai\/lt\/khmeru-gramatikos-pratimai\/\">\r\n            <div class=\"learnNavigationWrapper\">\r\n                <div class=\"learnNavigationContent\">\r\n                    <img decoding=\"async\" src=\"https:\/\/talkpal.ai\/wp-content\/uploads\/2025\/11\/Khmer.png\" alt=\"Cambodian Flag\">\r\n                    <div>\r\n                        <h4>Khmer\u0173 gramatikos pratimas<\/h4>\r\n                        <p>Praktikuokite khmer\u0173 gramatik\u0105.<\/p>\r\n                    <\/div>\r\n                <\/div>\r\n            <\/div>\r\n        <\/a>\r\n\r\n            <\/section>","protected":false},"excerpt":{"rendered":"<p>Nar\u0161ymas khmer\u0173 gramatikos subtilyb\u0117se Khmer\u0173, nacionalin\u0117 Kambod\u017eos kalba ir pagrindin\u0117 austroazijos kalba, turinti gilias literat\u016brines tradicijas, si\u016blo \u012fdomi\u0105 kalbin\u0119 patirt\u012f tiems, kurie nori tyrin\u0117ti unikali\u0105 gramatikos sistem\u0105. \u012e\u017eeng\u0119 \u012f khmer\u0173 karalyst\u0119 ne tik praturtinsite savo kalbin\u012f repertuar\u0105, bet ir leisit\u0117s \u012f \u012fsp\u016bding\u0105 kult\u016brin\u0119 kelion\u0119. Nors khmer\u0173 gramatika i\u0161 prad\u017ei\u0173 gali atrodyti nepa\u017e\u012fstama, suskaid\u017eius j\u0105 \u012f [&hellip;]<\/p>\n","protected":false},"author":20,"featured_media":0,"parent":0,"menu_order":0,"comment_status":"closed","ping_status":"closed","template":"LearningContentPage.php","meta":{"_acf_changed":false,"footnotes":""},"class_list":["post-1469265","page","type-page","status-publish","hentry"],"acf":[],"yoast_head":"<!-- This site is optimized with the Yoast SEO Premium plugin v27.2 (Yoast SEO v27.2) - https:\/\/yoast.com\/product\/yoast-seo-premium-wordpress\/ -->\n<title>Khmer\u0173 gramatika - Talkpal<\/title>\n<meta name=\"description\" content=\"I\u0161mokite khmer\u0173 gramatikos pagrindus, \u012fskaitant ab\u0117c\u0117l\u0119, fonetik\u0105 ir sakinio strukt\u016br\u0105, naudodamiesi m\u016bs\u0173 i\u0161samiu kalbos mokymosi vadovu.\" \/>\n<meta name=\"robots\" content=\"index, follow, max-snippet:-1, max-image-preview:large, max-video-preview:-1\" \/>\n<link rel=\"canonical\" href=\"https:\/\/talkpal.ai\/lt\/khmeru-gramatika\/\" \/>\n<meta property=\"og:locale\" content=\"lt_LT\" \/>\n<meta property=\"og:type\" content=\"article\" \/>\n<meta property=\"og:title\" content=\"Khmer\u0173 gramatika\" \/>\n<meta property=\"og:description\" content=\"Nar\u0161ymas khmer\u0173 gramatikos subtilyb\u0117se Khmer\u0173, nacionalin\u0117 Kambod\u017eos kalba ir pagrindin\u0117 austroazijos kalba, turinti gilias literat\u016brines tradicijas,\" \/>\n<meta property=\"og:url\" content=\"https:\/\/talkpal.ai\/lt\/khmeru-gramatika\/\" \/>\n<meta property=\"og:site_name\" content=\"Talkpal\" \/>\n<meta property=\"article:publisher\" content=\"https:\/\/www.facebook.com\/profile.php?id=100090733639311\" \/>\n<meta property=\"article:modified_time\" content=\"2025-12-30T14:41:15+00:00\" \/>\n<meta property=\"og:image\" content=\"https:\/\/talkpal.ai\/wp-content\/uploads\/2025\/02\/Progress-tab-16_9.png\" \/>\n\t<meta property=\"og:image:width\" content=\"2880\" \/>\n\t<meta property=\"og:image:height\" content=\"1620\" \/>\n\t<meta property=\"og:image:type\" content=\"image\/png\" \/>\n<meta name=\"twitter:card\" content=\"summary_large_image\" \/>\n<meta name=\"twitter:site\" content=\"@talkpalai\" \/>\n<meta name=\"twitter:label1\" content=\"Est. reading time\" \/>\n\t<meta name=\"twitter:data1\" content=\"2 minut\u0117s\" \/>\n<script type=\"application\/ld+json\" class=\"yoast-schema-graph\">{\"@context\":\"https:\/\/schema.org\",\"@graph\":[{\"@type\":\"WebPage\",\"@id\":\"https:\/\/talkpal.ai\/lt\/khmeru-gramatika\/\",\"url\":\"https:\/\/talkpal.ai\/lt\/khmeru-gramatika\/\",\"name\":\"Khmer\u0173 gramatika - Talkpal\",\"isPartOf\":{\"@id\":\"https:\/\/talkpal.ai\/lt\/#website\"},\"datePublished\":\"2025-11-12T11:25:16+00:00\",\"dateModified\":\"2025-12-30T14:41:15+00:00\",\"description\":\"I\u0161mokite khmer\u0173 gramatikos pagrindus, \u012fskaitant ab\u0117c\u0117l\u0119, fonetik\u0105 ir sakinio strukt\u016br\u0105, naudodamiesi m\u016bs\u0173 i\u0161samiu kalbos mokymosi vadovu.\",\"breadcrumb\":{\"@id\":\"https:\/\/talkpal.ai\/lt\/khmeru-gramatika\/#breadcrumb\"},\"inLanguage\":\"lt-LT\",\"potentialAction\":[{\"@type\":\"ReadAction\",\"target\":[\"https:\/\/talkpal.ai\/lt\/khmeru-gramatika\/\"]}]},{\"@type\":\"BreadcrumbList\",\"@id\":\"https:\/\/talkpal.ai\/lt\/khmeru-gramatika\/#breadcrumb\",\"itemListElement\":[{\"@type\":\"ListItem\",\"position\":1,\"name\":\"Homepage\",\"item\":\"https:\/\/talkpal.ai\/lt\/\"},{\"@type\":\"ListItem\",\"position\":2,\"name\":\"Khmer\u0173 gramatika\"}]},{\"@type\":\"WebSite\",\"@id\":\"https:\/\/talkpal.ai\/lt\/#website\",\"url\":\"https:\/\/talkpal.ai\/lt\/\",\"name\":\"Talkpal\",\"description\":\"AI Language Learning\",\"publisher\":{\"@id\":\"https:\/\/talkpal.ai\/lt\/#organization\"},\"alternateName\":\"Talkpal AI\",\"potentialAction\":[{\"@type\":\"SearchAction\",\"target\":{\"@type\":\"EntryPoint\",\"urlTemplate\":\"https:\/\/talkpal.ai\/lt\/?s={search_term_string}\"},\"query-input\":{\"@type\":\"PropertyValueSpecification\",\"valueRequired\":true,\"valueName\":\"search_term_string\"}}],\"inLanguage\":\"lt-LT\"},{\"@type\":\"Organization\",\"@id\":\"https:\/\/talkpal.ai\/lt\/#organization\",\"name\":\"Talkpal, Inc.\",\"alternateName\":\"Talkpal AI\",\"url\":\"https:\/\/talkpal.ai\/lt\/\",\"logo\":{\"@type\":\"ImageObject\",\"inLanguage\":\"lt-LT\",\"@id\":\"https:\/\/talkpal.ai\/lt\/#\/schema\/logo\/image\/\",\"url\":\"https:\/\/talkpal.ai\/wp-content\/uploads\/2024\/03\/Talkpal-Logo-Icon.png\",\"contentUrl\":\"https:\/\/talkpal.ai\/wp-content\/uploads\/2024\/03\/Talkpal-Logo-Icon.png\",\"width\":2880,\"height\":2880,\"caption\":\"Talkpal, Inc.\"},\"image\":{\"@id\":\"https:\/\/talkpal.ai\/lt\/#\/schema\/logo\/image\/\"},\"sameAs\":[\"https:\/\/www.facebook.com\/profile.php?id=100090733639311\",\"https:\/\/x.com\/talkpalai\",\"https:\/\/www.linkedin.com\/company\/talkpal\/\",\"https:\/\/www.youtube.com\/@TalkPal\/\",\"https:\/\/www.tiktok.com\/@talkpal\",\"https:\/\/www.instagram.com\/talkpal_ai\/\",\"https:\/\/www.crunchbase.com\/organization\/talkpal-9cde\",\"https:\/\/www.g2.com\/products\/talkpal-for-business\/\",\"https:\/\/www.trustpilot.com\/review\/talkpal.ai\",\"https:\/\/www.capterra.com\/p\/10006800\/TalkPal\/\"],\"description\":\"Talkpal is a language learning web and mobile education app, powered by the latest AI technologies, that provides engaging experiences to its customers in many different languages to help them improve their language skills. Users can chat about unlimited amount of topics with the app and use other modes to practice their language learning.\",\"email\":\"support@talkpal.ai\",\"legalName\":\"Talkpal, Inc.\",\"foundingDate\":\"2023-04-03\",\"duns\":\"118989042\",\"numberOfEmployees\":{\"@type\":\"QuantitativeValue\",\"minValue\":\"11\",\"maxValue\":\"50\"},\"publishingPrinciples\":\"https:\/\/talkpal.ai\/publishing-principles\/\",\"actionableFeedbackPolicy\":\"https:\/\/talkpal.ai\/actionable-feedback-policy\/\",\"correctionsPolicy\":\"https:\/\/talkpal.ai\/corrections-policy\/\",\"ethicsPolicy\":\"https:\/\/talkpal.ai\/ethics-policy\/\",\"diversityPolicy\":\"https:\/\/talkpal.ai\/diversity-policy\/\",\"diversityStaffingReport\":\"https:\/\/talkpal.ai\/diversity-policy\/\"}]}<\/script>\n<!-- \/ Yoast SEO Premium plugin. -->","yoast_head_json":{"title":"Khmer\u0173 gramatika - Talkpal","description":"I\u0161mokite khmer\u0173 gramatikos pagrindus, \u012fskaitant ab\u0117c\u0117l\u0119, fonetik\u0105 ir sakinio strukt\u016br\u0105, naudodamiesi m\u016bs\u0173 i\u0161samiu kalbos mokymosi vadovu.","robots":{"index":"index","follow":"follow","max-snippet":"max-snippet:-1","max-image-preview":"max-image-preview:large","max-video-preview":"max-video-preview:-1"},"canonical":"https:\/\/talkpal.ai\/lt\/khmeru-gramatika\/","og_locale":"lt_LT","og_type":"article","og_title":"Khmer\u0173 gramatika","og_description":"Nar\u0161ymas khmer\u0173 gramatikos subtilyb\u0117se Khmer\u0173, nacionalin\u0117 Kambod\u017eos kalba ir pagrindin\u0117 austroazijos kalba, turinti gilias literat\u016brines tradicijas,","og_url":"https:\/\/talkpal.ai\/lt\/khmeru-gramatika\/","og_site_name":"Talkpal","article_publisher":"https:\/\/www.facebook.com\/profile.php?id=100090733639311","article_modified_time":"2025-12-30T14:41:15+00:00","og_image":[{"width":2880,"height":1620,"url":"https:\/\/talkpal.ai\/wp-content\/uploads\/2025\/02\/Progress-tab-16_9.png","type":"image\/png"}],"twitter_card":"summary_large_image","twitter_site":"@talkpalai","twitter_misc":{"Est. reading time":"2 minut\u0117s"},"schema":{"@context":"https:\/\/schema.org","@graph":[{"@type":"WebPage","@id":"https:\/\/talkpal.ai\/lt\/khmeru-gramatika\/","url":"https:\/\/talkpal.ai\/lt\/khmeru-gramatika\/","name":"Khmer\u0173 gramatika - Talkpal","isPartOf":{"@id":"https:\/\/talkpal.ai\/lt\/#website"},"datePublished":"2025-11-12T11:25:16+00:00","dateModified":"2025-12-30T14:41:15+00:00","description":"I\u0161mokite khmer\u0173 gramatikos pagrindus, \u012fskaitant ab\u0117c\u0117l\u0119, fonetik\u0105 ir sakinio strukt\u016br\u0105, naudodamiesi m\u016bs\u0173 i\u0161samiu kalbos mokymosi vadovu.","breadcrumb":{"@id":"https:\/\/talkpal.ai\/lt\/khmeru-gramatika\/#breadcrumb"},"inLanguage":"lt-LT","potentialAction":[{"@type":"ReadAction","target":["https:\/\/talkpal.ai\/lt\/khmeru-gramatika\/"]}]},{"@type":"BreadcrumbList","@id":"https:\/\/talkpal.ai\/lt\/khmeru-gramatika\/#breadcrumb","itemListElement":[{"@type":"ListItem","position":1,"name":"Homepage","item":"https:\/\/talkpal.ai\/lt\/"},{"@type":"ListItem","position":2,"name":"Khmer\u0173 gramatika"}]},{"@type":"WebSite","@id":"https:\/\/talkpal.ai\/lt\/#website","url":"https:\/\/talkpal.ai\/lt\/","name":"Talkpal","description":"AI Language Learning","publisher":{"@id":"https:\/\/talkpal.ai\/lt\/#organization"},"alternateName":"Talkpal AI","potentialAction":[{"@type":"SearchAction","target":{"@type":"EntryPoint","urlTemplate":"https:\/\/talkpal.ai\/lt\/?s={search_term_string}"},"query-input":{"@type":"PropertyValueSpecification","valueRequired":true,"valueName":"search_term_string"}}],"inLanguage":"lt-LT"},{"@type":"Organization","@id":"https:\/\/talkpal.ai\/lt\/#organization","name":"Talkpal, Inc.","alternateName":"Talkpal AI","url":"https:\/\/talkpal.ai\/lt\/","logo":{"@type":"ImageObject","inLanguage":"lt-LT","@id":"https:\/\/talkpal.ai\/lt\/#\/schema\/logo\/image\/","url":"https:\/\/talkpal.ai\/wp-content\/uploads\/2024\/03\/Talkpal-Logo-Icon.png","contentUrl":"https:\/\/talkpal.ai\/wp-content\/uploads\/2024\/03\/Talkpal-Logo-Icon.png","width":2880,"height":2880,"caption":"Talkpal, Inc."},"image":{"@id":"https:\/\/talkpal.ai\/lt\/#\/schema\/logo\/image\/"},"sameAs":["https:\/\/www.facebook.com\/profile.php?id=100090733639311","https:\/\/x.com\/talkpalai","https:\/\/www.linkedin.com\/company\/talkpal\/","https:\/\/www.youtube.com\/@TalkPal\/","https:\/\/www.tiktok.com\/@talkpal","https:\/\/www.instagram.com\/talkpal_ai\/","https:\/\/www.crunchbase.com\/organization\/talkpal-9cde","https:\/\/www.g2.com\/products\/talkpal-for-business\/","https:\/\/www.trustpilot.com\/review\/talkpal.ai","https:\/\/www.capterra.com\/p\/10006800\/TalkPal\/"],"description":"Talkpal is a language learning web and mobile education app, powered by the latest AI technologies, that provides engaging experiences to its customers in many different languages to help them improve their language skills. Users can chat about unlimited amount of topics with the app and use other modes to practice their language learning.","email":"support@talkpal.ai","legalName":"Talkpal, Inc.","foundingDate":"2023-04-03","duns":"118989042","numberOfEmployees":{"@type":"QuantitativeValue","minValue":"11","maxValue":"50"},"publishingPrinciples":"https:\/\/talkpal.ai\/publishing-principles\/","actionableFeedbackPolicy":"https:\/\/talkpal.ai\/actionable-feedback-policy\/","correctionsPolicy":"https:\/\/talkpal.ai\/corrections-policy\/","ethicsPolicy":"https:\/\/talkpal.ai\/ethics-policy\/","diversityPolicy":"https:\/\/talkpal.ai\/diversity-policy\/","diversityStaffingReport":"https:\/\/talkpal.ai\/diversity-policy\/"}]}},"_links":{"self":[{"href":"https:\/\/talkpal.ai\/lt\/wp-json\/wp\/v2\/pages\/1469265","targetHints":{"allow":["GET"]}}],"collection":[{"href":"https:\/\/talkpal.ai\/lt\/wp-json\/wp\/v2\/pages"}],"about":[{"href":"https:\/\/talkpal.ai\/lt\/wp-json\/wp\/v2\/types\/page"}],"author":[{"embeddable":true,"href":"https:\/\/talkpal.ai\/lt\/wp-json\/wp\/v2\/users\/20"}],"replies":[{"embeddable":true,"href":"https:\/\/talkpal.ai\/lt\/wp-json\/wp\/v2\/comments?post=1469265"}],"version-history":[{"count":0,"href":"https:\/\/talkpal.ai\/lt\/wp-json\/wp\/v2\/pages\/1469265\/revisions"}],"wp:attachment":[{"href":"https:\/\/talkpal.ai\/lt\/wp-json\/wp\/v2\/media?parent=1469265"}],"curies":[{"name":"wp","href":"https:\/\/api.w.org\/{rel}","templated":true}]}}