{"id":1469166,"date":"2025-11-12T09:53:34","date_gmt":"2025-11-12T09:53:34","guid":{"rendered":"https:\/\/talkpal.ai\/airiu-gramatikos-pratimai\/"},"modified":"2025-12-30T14:59:11","modified_gmt":"2025-12-30T14:59:11","slug":"airiu-gramatikos-pratimai","status":"publish","type":"page","link":"https:\/\/talkpal.ai\/lt\/airiu-gramatikos-pratimai\/","title":{"rendered":"Airi\u0173 gramatikos pratimai"},"content":{"rendered":"\r\n\r\n\r\n<section class=\"languageChallengeSection\">\r\n    <div class=\"languageInfoWrapper\">\r\n        \r\n        <h1>Airi\u0173 gramatikos pratimai<\/h1>\r\n        <p>Pasiruo\u0161\u0119 pasinerti \u012f <a href=\"https:\/\/talkpal.ai\/learn-irish\/\">airi\u0173<\/a> <a href=\"https:\/\/talkpal.ai\/what-language-is-spoken-on-the-international-space-station\/\">kalbos<\/a> gramatik\u0105? I\u0161mok\u0119 kelis pagrindinius dalykus, gal\u0117site patogiai \u012fvaldyti \u0161i\u0105 unikali\u0105 ir gra\u017ei\u0105 kalb\u0105. I\u0161bandykite \u0161iuos pratimus, kad sustiprintum\u0117te pasitik\u0117jim\u0105 savimi ir smagiai praleistum\u0117te laik\u0105!<\/p>\r\n\r\n                            <a class=\"getStartedHidden\" href=\"https:\/\/app.talkpal.ai\/lt\/signup?lng=\">Prad\u0117k<\/a>\r\n        \r\n    <\/div>\r\n\r\n    <figure>\r\n    <img decoding=\"async\" width=\"768\" height=\"768\" src=\"https:\/\/talkpal.ai\/wp-content\/uploads\/2023\/06\/welsh-768x768.png\" class=\"languageImage no-lazy\" alt=\"Language learning for better cognitive abilities\" fetchpriority=\"high\" sizes=\"(max-width: 768px) 150px, 768px\" srcset=\"https:\/\/talkpal.ai\/wp-content\/uploads\/2023\/06\/welsh-768x768.png 768w, https:\/\/talkpal.ai\/wp-content\/uploads\/2023\/06\/welsh-300x300.png 300w\" \/>\r\n    \r\n\r\n    <\/figure>\r\n\r\n            <a class=\"getStartedVisible\" href=\"https:\/\/app.talkpal.ai\/lt\/signup?lng=\">Prad\u0117k<\/a>\r\n    \r\n<\/section><section class=\"promotionalBanner\">\r\n    <p class=\"promotionalText\">Efektyviausias b\u016bdas mokytis kalbos<\/p>\r\n    <a class=\"promotionalLink\" href=\"https:\/\/app.talkpal.ai\/lt\/signup?lng=\">I\u0161bandykite Talkpal &#8221; nemokamai<\/a>\r\n<\/section>\n<div class=\"wp-block-group pageContainerStyle\"><div class=\"wp-block-group__inner-container is-layout-constrained wp-block-group-is-layout-constrained\">\n<h2 class=\"wp-block-heading\" id=\"h-irish-grammar-topics\">Airi\u0173 gramatikos temos<\/h2>\n\n\n\n<p><a href=\"https:\/\/talkpal.ai\/lt\/didziausios-klaidos-kuriu-reikia-vengti-mokantis-naujos-kalbos\/\">Naujos kalbos mokymasis<\/a> gali b\u016bti sud\u0117tingas, bet naudingas darbas. Airi\u0173 kalba, kelt\u0173 kalba, kuria daugiausia kalbama Airijoje, n\u0117ra i\u0161imtis. D\u0117l unikali\u0173 savybi\u0173 ir strukt\u016br\u0173 <a href=\"https:\/\/talkpal.ai\/lt\/talkpal-svietimui\/\">airi\u0173 kalbos mokymasis<\/a> reikalauja sistemingo po\u017ei\u016brio \u012f sud\u0117tingos gramatikos supratim\u0105. \u0160iame vadove logi\u0161ka <a href=\"https:\/\/talkpal.ai\/lt\/ai-pokalbiu-robotas-kalbu-mokymuisi\/\">kalbos mokymosi<\/a> seka apib\u016bdinamos pagrindin\u0117s <a href=\"https:\/\/talkpal.ai\/lt\/airiu-gramatika\/\">airi\u0173 kalbos gramatikos<\/a> sritys, pradedant nuo pagrind\u0173, toki\u0173 kaip daiktavard\u017eiai ir straipsniai, ir pereinant prie sud\u0117tingesni\u0173 sri\u010di\u0173, toki\u0173 kaip laikai ir sakini\u0173 konstrukcija.<\/p>\n\n\n\n<h3 class=\"wp-block-heading\" id=\"h-1-nouns\">1. Daiktavard\u017eiai:<\/h3>\n\n\n\n<p>Prad\u0117kite savo <a href=\"https:\/\/talkpal.ai\/lt\/mokytis-airiu-kalbos\/\">airi\u0173 kalbos<\/a> kelion\u0119 mokydamiesi daiktavard\u017ei\u0173. <a href=\"https:\/\/talkpal.ai\/learn-thai\/\">Tai<\/a> apima daiktavard\u017ei\u0173 lyties, bendrini\u0173 ir tikrini\u0173 daiktavard\u017ei\u0173, j\u0173 daugiskaitos form\u0173 supratim\u0105 ir <a href=\"https:\/\/talkpal.ai\/learn-thai\/\">tai<\/a>, kaip atvejai veikia formas ir mutacijas.<\/p>\n\n\n\n<h3 class=\"wp-block-heading\" id=\"h-2-articles\">2. Straipsniai:<\/h3>\n\n\n\n<p>Straipsniai airi\u0173 kalba vartojami kitaip nei <a href=\"https:\/\/talkpal.ai\/ai-english-speaking-practice\/\">angl\u0173 kalba<\/a>. Airi\u0173 kalba turi apibr\u0117\u017et\u0105j\u012f straipsn\u012f an ir na, bet ne neapibr\u0117\u017et\u0105j\u012f straipsn\u012f, tod\u0117l labai svarbu \u012fsisavinti j\u0173 formas ir poveik\u012f mutacijoms.<\/p>\n\n\n\n<h3 class=\"wp-block-heading\" id=\"h-3-adjectives\">3. B\u016bdvard\u017eiai:<\/h3>\n\n\n\n<p>B\u016bdvard\u017eiai airi\u0173 kalboje paprastai eina po daiktavard\u017ei\u0173, kurie skiriasi nuo <a href=\"https:\/\/talkpal.ai\/learn-english-with-ai\/\">angl\u0173<\/a> kalbos. Taip pat tur\u0117site su\u017einoti apie pradines mutacijas, tokias kaip lenicija ir eklips\u0117, ir kaip sudaryti lyginamuosius ir superlatyvus su n\u00edos ir is.<\/p>\n\n\n\n<h3 class=\"wp-block-heading\" id=\"h-4-pronouns-determiners\">4. \u012evard\u017eiai\/determinantai:<\/h3>\n\n\n\n<p>\u012evard\u017eiai ir determinantai yra b\u016btini airi\u0173 kalboje; Jie pakei\u010dia daiktavard\u017eius ir pateikia informacij\u0105 apie kiek\u012f, tur\u0117jim\u0105 ir kt. I\u0161mokite asmeninius \u012fvard\u017eius, savininki\u0161kus veiksnius, tokius kaip mo do \u00e1r bhur a, kurie sukelia mutacijas, ir demonstratyvus, tokius kaip seo ir nuod\u0117m\u0117.<\/p>\n\n\n\n<h3 class=\"wp-block-heading\" id=\"h-5-verbs\">5. Veiksma\u017eod\u017eiai:<\/h3>\n\n\n\n<p>Airi\u0173 veiksma\u017eod\u017eiai turi skirtingas formas, priklausomai nuo laiko, nuotaikos ir asmens. Prad\u0117kite nuo dabarties ir veiksma\u017eod\u017eio b\u00ed, tada palaipsniui tyrin\u0117kite praeit\u012f ir b\u016bsim\u0105j\u012f laik\u0105 kartu su pagrindiniais netaisyklingais veiksma\u017eod\u017eiais ir copula yra.<\/p>\n\n\n\n<h3 class=\"wp-block-heading\" id=\"h-6-tenses\">6. Laikai:<\/h3>\n\n\n\n<p>\u012evald\u0119 veiksma\u017eod\u017eio formas, gilinkit\u0117s \u012f airi\u0173 laikus. Tai apima skirtum\u0173 tarp dabartinio \u012fprasto, praeities, ateities ir s\u0105lyginio supratim\u0105 ir tai, kaip jie naudojami skirtinguose kontekstuose su b\u00ed ir kopula.<\/p>\n\n\n\n<h3 class=\"wp-block-heading\" id=\"h-7-tense-comparison\">7. \u012etemptas palyginimas:<\/h3>\n\n\n\n<p>Laik\u0173 palyginimas airi\u0173 kalba padeda suprasti \u012fvyki\u0173 sek\u0105. Palyginus t\u0105 pat\u012f veiksma\u017eod\u012f \u012fvairiais laikais, geriau suprasite airi\u0173 kalbos vartojim\u0105 ir aspekt\u0105.<\/p>\n\n\n\n<h3 class=\"wp-block-heading\" id=\"h-8-progressive\">8. Progresyvus:<\/h3>\n\n\n\n<p>Airi\u0173 kalba progresyvus vartojamas vykstantiems veiksmams i\u0161reik\u0161ti. Jis sudarytas su veiksma\u017eod\u017eiu b\u00ed, po kurio seka ag ir \u017eodinis daiktavardis, pavyzd\u017eiui, T\u00e1 m\u00e9 ag l\u00e9amh.<\/p>\n\n\n\n<h3 class=\"wp-block-heading\" id=\"h-9-perfect-progressive\">9. Tobulas progresyvus:<\/h3>\n\n\n\n<p>Tai naudojama veiksmams, kurie buvo vykdomi iki tam tikro momento, i\u0161reik\u0161ti. Airi\u0173 kalboje jis paprastai i\u0161rei\u0161kiamas b\u00ed plus tar \u00e9is a bheith ag ir \u017eodiniu daiktavard\u017eiu arba laiko i\u0161rai\u0161komis trukmei.<\/p>\n\n\n\n<h3 class=\"wp-block-heading\" id=\"h-10-conditionals\">10. S\u0105lygos:<\/h3>\n\n\n\n<p>S\u0105lygos i\u0161rei\u0161kia hipotetines situacijas ir galimas j\u0173 pasekmes. Jie yra svarbi airi\u0173 gramatikos dalis ir naudoja modelius su m\u00e1 realioms s\u0105lygoms ir d\u00e1 su s\u0105lyginiu hipotetin\u0117ms.<\/p>\n\n\n\n<h3 class=\"wp-block-heading\" id=\"h-11-adverbs\">11. Prieveiksmiai:<\/h3>\n\n\n\n<p>Airi\u0173 kalbos prieveiksmiai kei\u010dia veiksma\u017eod\u017eius, b\u016bdvard\u017eius ar kitus prieveiksmius. Jie apima formas, padarytas su eiti prie\u0161 b\u016bdvard\u017eius, taip pat daug nustatyt\u0173 b\u016bdo, vietos, laiko ir laipsnio prieveiksmi\u0173.<\/p>\n\n\n\n<h3 class=\"wp-block-heading\" id=\"h-12-prepositions\">12. Prielinksniai:<\/h3>\n\n\n\n<p>Prielinksniai susieja \u017eod\u017eius ir frazes. Airi\u0173 kalba naudoja prielinksnius \u012fvard\u017eius, tokius kaip agam agat aige, kad i\u0161reik\u0161t\u0173 nuosavyb\u0117s, laiko, vietos ir kt. santykius.<\/p>\n\n\n\n<h3 class=\"wp-block-heading\" id=\"h-13-sentences\">13. Sakiniai:<\/h3>\n\n\n\n<p>Galiausiai praktikuokite sakini\u0173 konstravim\u0105. Tai apims airi\u0173 kalbos \u017eod\u017ei\u0173 tvarkos VSO, mutacij\u0173 trigeri\u0173 ir b\u00ed bei kopulos naudojim\u0105 kontekste, taip u\u017etikrinant visapusi\u0161k\u0105 airi\u0173 kalbos supratim\u0105.<\/p>\n<\/div><\/div>\n\r\n<section class=\"learnNavigationSection\">\r\n            \r\n        <a href=\"https:\/\/talkpal.ai\/lt\/mokytis-airiu-kalbos\/\">\r\n            <div class=\"learnNavigationWrapper\">\r\n                <div class=\"learnNavigationContent\">\r\n                    <img decoding=\"async\" src=\"https:\/\/talkpal.ai\/wp-content\/uploads\/2025\/11\/Irish.png\" alt=\"Irish Flag\">\r\n                    <div>\r\n                        <h4>Apie airi\u0173 mokym\u0105si<\/h4>\r\n                        <p>Su\u017einokite visk\u0105 apie airi\u0173 kalbos gramatik\u0105.<\/p>\r\n                    <\/div>\r\n                <\/div>\r\n            <\/div>\r\n        <\/a>\r\n\r\n        \r\n        <a href=\"https:\/\/talkpal.ai\/lt\/airiu-gramatika\/\">\r\n            <div class=\"learnNavigationWrapper\">\r\n                <div class=\"learnNavigationContent\">\r\n                    <img decoding=\"async\" src=\"https:\/\/talkpal.ai\/wp-content\/uploads\/2025\/11\/Irish.png\" alt=\"Irish Flag\">\r\n                    <div>\r\n                        <h4>Airi\u0173 gramatikos pamokos<\/h4>\r\n                        <p>Praktikuokite airi\u0173 gramatik\u0105.<\/p>\r\n                    <\/div>\r\n                <\/div>\r\n            <\/div>\r\n        <\/a>\r\n\r\n            <\/section>","protected":false},"excerpt":{"rendered":"<p>Airi\u0173 gramatikos temos Naujos kalbos mokymasis gali b\u016bti sud\u0117tingas, bet naudingas darbas. Airi\u0173 kalba, kelt\u0173 kalba, kuria daugiausia kalbama Airijoje, n\u0117ra i\u0161imtis. D\u0117l unikali\u0173 savybi\u0173 ir strukt\u016br\u0173 airi\u0173 kalbos mokymasis reikalauja sistemingo po\u017ei\u016brio \u012f sud\u0117tingos gramatikos supratim\u0105. \u0160iame vadove logi\u0161ka kalbos mokymosi seka apib\u016bdinamos pagrindin\u0117s airi\u0173 kalbos gramatikos sritys, pradedant nuo pagrind\u0173, toki\u0173 kaip daiktavard\u017eiai [&hellip;]<\/p>\n","protected":false},"author":20,"featured_media":0,"parent":0,"menu_order":0,"comment_status":"closed","ping_status":"closed","template":"LearningContentPage.php","meta":{"_acf_changed":false,"footnotes":""},"class_list":["post-1469166","page","type-page","status-publish","hentry"],"acf":[],"yoast_head":"<!-- This site is optimized with the Yoast SEO Premium plugin v27.2 (Yoast SEO v27.2) - https:\/\/yoast.com\/product\/yoast-seo-premium-wordpress\/ -->\n<title>Airi\u0173 gramatikos pratimai - Talkpal<\/title>\n<meta name=\"description\" content=\"\u012evaldykite airi\u0173 kalbos gramatik\u0105 naudodami interaktyvius pratimus, kurie pad\u0117s sustiprinti pasitik\u0117jim\u0105 savimi ir grei\u010diau i\u0161mokti kalb\u0105.\" \/>\n<meta name=\"robots\" content=\"index, follow, max-snippet:-1, max-image-preview:large, max-video-preview:-1\" \/>\n<link rel=\"canonical\" href=\"https:\/\/talkpal.ai\/lt\/airiu-gramatikos-pratimai\/\" \/>\n<meta property=\"og:locale\" content=\"lt_LT\" \/>\n<meta property=\"og:type\" content=\"article\" \/>\n<meta property=\"og:title\" content=\"Airi\u0173 gramatikos pratimai\" \/>\n<meta property=\"og:description\" content=\"Airi\u0173 gramatikos temos Naujos kalbos mokymasis gali b\u016bti sud\u0117tingas, bet naudingas darbas. Airi\u0173 kalba, kelt\u0173 kalba, kuria daugiausia kalbama Airijoje,\" \/>\n<meta property=\"og:url\" content=\"https:\/\/talkpal.ai\/lt\/airiu-gramatikos-pratimai\/\" \/>\n<meta property=\"og:site_name\" content=\"Talkpal\" \/>\n<meta property=\"article:publisher\" content=\"https:\/\/www.facebook.com\/profile.php?id=100090733639311\" \/>\n<meta property=\"article:modified_time\" content=\"2025-12-30T14:59:11+00:00\" \/>\n<meta property=\"og:image\" content=\"https:\/\/talkpal.ai\/wp-content\/uploads\/2025\/02\/Progress-tab-16_9.png\" \/>\n\t<meta property=\"og:image:width\" content=\"2880\" \/>\n\t<meta property=\"og:image:height\" content=\"1620\" \/>\n\t<meta property=\"og:image:type\" content=\"image\/png\" \/>\n<meta name=\"twitter:card\" content=\"summary_large_image\" \/>\n<meta name=\"twitter:site\" content=\"@talkpalai\" \/>\n<meta name=\"twitter:label1\" content=\"Est. reading time\" \/>\n\t<meta name=\"twitter:data1\" content=\"3 minut\u0117s\" \/>\n<script type=\"application\/ld+json\" class=\"yoast-schema-graph\">{\"@context\":\"https:\/\/schema.org\",\"@graph\":[{\"@type\":\"WebPage\",\"@id\":\"https:\/\/talkpal.ai\/lt\/airiu-gramatikos-pratimai\/\",\"url\":\"https:\/\/talkpal.ai\/lt\/airiu-gramatikos-pratimai\/\",\"name\":\"Airi\u0173 gramatikos pratimai - Talkpal\",\"isPartOf\":{\"@id\":\"https:\/\/talkpal.ai\/lt\/#website\"},\"datePublished\":\"2025-11-12T09:53:34+00:00\",\"dateModified\":\"2025-12-30T14:59:11+00:00\",\"description\":\"\u012evaldykite airi\u0173 kalbos gramatik\u0105 naudodami interaktyvius pratimus, kurie pad\u0117s sustiprinti pasitik\u0117jim\u0105 savimi ir grei\u010diau i\u0161mokti kalb\u0105.\",\"breadcrumb\":{\"@id\":\"https:\/\/talkpal.ai\/lt\/airiu-gramatikos-pratimai\/#breadcrumb\"},\"inLanguage\":\"lt-LT\",\"potentialAction\":[{\"@type\":\"ReadAction\",\"target\":[\"https:\/\/talkpal.ai\/lt\/airiu-gramatikos-pratimai\/\"]}]},{\"@type\":\"BreadcrumbList\",\"@id\":\"https:\/\/talkpal.ai\/lt\/airiu-gramatikos-pratimai\/#breadcrumb\",\"itemListElement\":[{\"@type\":\"ListItem\",\"position\":1,\"name\":\"Homepage\",\"item\":\"https:\/\/talkpal.ai\/lt\/\"},{\"@type\":\"ListItem\",\"position\":2,\"name\":\"Airi\u0173 gramatikos pratimai\"}]},{\"@type\":\"WebSite\",\"@id\":\"https:\/\/talkpal.ai\/lt\/#website\",\"url\":\"https:\/\/talkpal.ai\/lt\/\",\"name\":\"Talkpal\",\"description\":\"AI Language Learning\",\"publisher\":{\"@id\":\"https:\/\/talkpal.ai\/lt\/#organization\"},\"alternateName\":\"Talkpal AI\",\"potentialAction\":[{\"@type\":\"SearchAction\",\"target\":{\"@type\":\"EntryPoint\",\"urlTemplate\":\"https:\/\/talkpal.ai\/lt\/?s={search_term_string}\"},\"query-input\":{\"@type\":\"PropertyValueSpecification\",\"valueRequired\":true,\"valueName\":\"search_term_string\"}}],\"inLanguage\":\"lt-LT\"},{\"@type\":\"Organization\",\"@id\":\"https:\/\/talkpal.ai\/lt\/#organization\",\"name\":\"Talkpal, Inc.\",\"alternateName\":\"Talkpal AI\",\"url\":\"https:\/\/talkpal.ai\/lt\/\",\"logo\":{\"@type\":\"ImageObject\",\"inLanguage\":\"lt-LT\",\"@id\":\"https:\/\/talkpal.ai\/lt\/#\/schema\/logo\/image\/\",\"url\":\"https:\/\/talkpal.ai\/wp-content\/uploads\/2024\/03\/Talkpal-Logo-Icon.png\",\"contentUrl\":\"https:\/\/talkpal.ai\/wp-content\/uploads\/2024\/03\/Talkpal-Logo-Icon.png\",\"width\":2880,\"height\":2880,\"caption\":\"Talkpal, Inc.\"},\"image\":{\"@id\":\"https:\/\/talkpal.ai\/lt\/#\/schema\/logo\/image\/\"},\"sameAs\":[\"https:\/\/www.facebook.com\/profile.php?id=100090733639311\",\"https:\/\/x.com\/talkpalai\",\"https:\/\/www.linkedin.com\/company\/talkpal\/\",\"https:\/\/www.youtube.com\/@TalkPal\/\",\"https:\/\/www.tiktok.com\/@talkpal\",\"https:\/\/www.instagram.com\/talkpal_ai\/\",\"https:\/\/www.crunchbase.com\/organization\/talkpal-9cde\",\"https:\/\/www.g2.com\/products\/talkpal-for-business\/\",\"https:\/\/www.trustpilot.com\/review\/talkpal.ai\",\"https:\/\/www.capterra.com\/p\/10006800\/TalkPal\/\"],\"description\":\"Talkpal is a language learning web and mobile education app, powered by the latest AI technologies, that provides engaging experiences to its customers in many different languages to help them improve their language skills. Users can chat about unlimited amount of topics with the app and use other modes to practice their language learning.\",\"email\":\"support@talkpal.ai\",\"legalName\":\"Talkpal, Inc.\",\"foundingDate\":\"2023-04-03\",\"duns\":\"118989042\",\"numberOfEmployees\":{\"@type\":\"QuantitativeValue\",\"minValue\":\"11\",\"maxValue\":\"50\"},\"publishingPrinciples\":\"https:\/\/talkpal.ai\/publishing-principles\/\",\"actionableFeedbackPolicy\":\"https:\/\/talkpal.ai\/actionable-feedback-policy\/\",\"correctionsPolicy\":\"https:\/\/talkpal.ai\/corrections-policy\/\",\"ethicsPolicy\":\"https:\/\/talkpal.ai\/ethics-policy\/\",\"diversityPolicy\":\"https:\/\/talkpal.ai\/diversity-policy\/\",\"diversityStaffingReport\":\"https:\/\/talkpal.ai\/diversity-policy\/\"}]}<\/script>\n<!-- \/ Yoast SEO Premium plugin. -->","yoast_head_json":{"title":"Airi\u0173 gramatikos pratimai - Talkpal","description":"\u012evaldykite airi\u0173 kalbos gramatik\u0105 naudodami interaktyvius pratimus, kurie pad\u0117s sustiprinti pasitik\u0117jim\u0105 savimi ir grei\u010diau i\u0161mokti kalb\u0105.","robots":{"index":"index","follow":"follow","max-snippet":"max-snippet:-1","max-image-preview":"max-image-preview:large","max-video-preview":"max-video-preview:-1"},"canonical":"https:\/\/talkpal.ai\/lt\/airiu-gramatikos-pratimai\/","og_locale":"lt_LT","og_type":"article","og_title":"Airi\u0173 gramatikos pratimai","og_description":"Airi\u0173 gramatikos temos Naujos kalbos mokymasis gali b\u016bti sud\u0117tingas, bet naudingas darbas. Airi\u0173 kalba, kelt\u0173 kalba, kuria daugiausia kalbama Airijoje,","og_url":"https:\/\/talkpal.ai\/lt\/airiu-gramatikos-pratimai\/","og_site_name":"Talkpal","article_publisher":"https:\/\/www.facebook.com\/profile.php?id=100090733639311","article_modified_time":"2025-12-30T14:59:11+00:00","og_image":[{"width":2880,"height":1620,"url":"https:\/\/talkpal.ai\/wp-content\/uploads\/2025\/02\/Progress-tab-16_9.png","type":"image\/png"}],"twitter_card":"summary_large_image","twitter_site":"@talkpalai","twitter_misc":{"Est. reading time":"3 minut\u0117s"},"schema":{"@context":"https:\/\/schema.org","@graph":[{"@type":"WebPage","@id":"https:\/\/talkpal.ai\/lt\/airiu-gramatikos-pratimai\/","url":"https:\/\/talkpal.ai\/lt\/airiu-gramatikos-pratimai\/","name":"Airi\u0173 gramatikos pratimai - Talkpal","isPartOf":{"@id":"https:\/\/talkpal.ai\/lt\/#website"},"datePublished":"2025-11-12T09:53:34+00:00","dateModified":"2025-12-30T14:59:11+00:00","description":"\u012evaldykite airi\u0173 kalbos gramatik\u0105 naudodami interaktyvius pratimus, kurie pad\u0117s sustiprinti pasitik\u0117jim\u0105 savimi ir grei\u010diau i\u0161mokti kalb\u0105.","breadcrumb":{"@id":"https:\/\/talkpal.ai\/lt\/airiu-gramatikos-pratimai\/#breadcrumb"},"inLanguage":"lt-LT","potentialAction":[{"@type":"ReadAction","target":["https:\/\/talkpal.ai\/lt\/airiu-gramatikos-pratimai\/"]}]},{"@type":"BreadcrumbList","@id":"https:\/\/talkpal.ai\/lt\/airiu-gramatikos-pratimai\/#breadcrumb","itemListElement":[{"@type":"ListItem","position":1,"name":"Homepage","item":"https:\/\/talkpal.ai\/lt\/"},{"@type":"ListItem","position":2,"name":"Airi\u0173 gramatikos pratimai"}]},{"@type":"WebSite","@id":"https:\/\/talkpal.ai\/lt\/#website","url":"https:\/\/talkpal.ai\/lt\/","name":"Talkpal","description":"AI Language Learning","publisher":{"@id":"https:\/\/talkpal.ai\/lt\/#organization"},"alternateName":"Talkpal AI","potentialAction":[{"@type":"SearchAction","target":{"@type":"EntryPoint","urlTemplate":"https:\/\/talkpal.ai\/lt\/?s={search_term_string}"},"query-input":{"@type":"PropertyValueSpecification","valueRequired":true,"valueName":"search_term_string"}}],"inLanguage":"lt-LT"},{"@type":"Organization","@id":"https:\/\/talkpal.ai\/lt\/#organization","name":"Talkpal, Inc.","alternateName":"Talkpal AI","url":"https:\/\/talkpal.ai\/lt\/","logo":{"@type":"ImageObject","inLanguage":"lt-LT","@id":"https:\/\/talkpal.ai\/lt\/#\/schema\/logo\/image\/","url":"https:\/\/talkpal.ai\/wp-content\/uploads\/2024\/03\/Talkpal-Logo-Icon.png","contentUrl":"https:\/\/talkpal.ai\/wp-content\/uploads\/2024\/03\/Talkpal-Logo-Icon.png","width":2880,"height":2880,"caption":"Talkpal, Inc."},"image":{"@id":"https:\/\/talkpal.ai\/lt\/#\/schema\/logo\/image\/"},"sameAs":["https:\/\/www.facebook.com\/profile.php?id=100090733639311","https:\/\/x.com\/talkpalai","https:\/\/www.linkedin.com\/company\/talkpal\/","https:\/\/www.youtube.com\/@TalkPal\/","https:\/\/www.tiktok.com\/@talkpal","https:\/\/www.instagram.com\/talkpal_ai\/","https:\/\/www.crunchbase.com\/organization\/talkpal-9cde","https:\/\/www.g2.com\/products\/talkpal-for-business\/","https:\/\/www.trustpilot.com\/review\/talkpal.ai","https:\/\/www.capterra.com\/p\/10006800\/TalkPal\/"],"description":"Talkpal is a language learning web and mobile education app, powered by the latest AI technologies, that provides engaging experiences to its customers in many different languages to help them improve their language skills. Users can chat about unlimited amount of topics with the app and use other modes to practice their language learning.","email":"support@talkpal.ai","legalName":"Talkpal, Inc.","foundingDate":"2023-04-03","duns":"118989042","numberOfEmployees":{"@type":"QuantitativeValue","minValue":"11","maxValue":"50"},"publishingPrinciples":"https:\/\/talkpal.ai\/publishing-principles\/","actionableFeedbackPolicy":"https:\/\/talkpal.ai\/actionable-feedback-policy\/","correctionsPolicy":"https:\/\/talkpal.ai\/corrections-policy\/","ethicsPolicy":"https:\/\/talkpal.ai\/ethics-policy\/","diversityPolicy":"https:\/\/talkpal.ai\/diversity-policy\/","diversityStaffingReport":"https:\/\/talkpal.ai\/diversity-policy\/"}]}},"_links":{"self":[{"href":"https:\/\/talkpal.ai\/lt\/wp-json\/wp\/v2\/pages\/1469166","targetHints":{"allow":["GET"]}}],"collection":[{"href":"https:\/\/talkpal.ai\/lt\/wp-json\/wp\/v2\/pages"}],"about":[{"href":"https:\/\/talkpal.ai\/lt\/wp-json\/wp\/v2\/types\/page"}],"author":[{"embeddable":true,"href":"https:\/\/talkpal.ai\/lt\/wp-json\/wp\/v2\/users\/20"}],"replies":[{"embeddable":true,"href":"https:\/\/talkpal.ai\/lt\/wp-json\/wp\/v2\/comments?post=1469166"}],"version-history":[{"count":0,"href":"https:\/\/talkpal.ai\/lt\/wp-json\/wp\/v2\/pages\/1469166\/revisions"}],"wp:attachment":[{"href":"https:\/\/talkpal.ai\/lt\/wp-json\/wp\/v2\/media?parent=1469166"}],"curies":[{"name":"wp","href":"https:\/\/api.w.org\/{rel}","templated":true}]}}